{"id":9677,"date":"2022-11-25T11:33:30","date_gmt":"2022-11-25T10:33:30","guid":{"rendered":"https:\/\/rackbeat.com\/?page_id=9677"},"modified":"2024-11-08T14:31:56","modified_gmt":"2024-11-08T12:31:56","slug":"bli-en-certifierad-rackbeat-partner","status":"publish","type":"page","link":"https:\/\/rackbeat.com\/sv\/bli-en-certifierad-rackbeat-partner\/","title":{"rendered":"Bli en certifierad Rackbeat-partner"},"content":{"rendered":"<p>N\u00e4r du har slutf\u00f6rt Rackbeats onlinecertifiering blir du en officiell partner till Rackbeat. Detta inneb\u00e4r att du kan ge r\u00e5d till f\u00f6retagare och lagerf\u00f6retag om digitaliseringen av deras befintliga installation. F\u00f6rutom att uppgradera dina r\u00e5dgivningsf\u00f6rm\u00e5gor f\u00e5r du f\u00f6ljande:<\/p>\n<ul>\n<li><em>En \u00f6kad synlighet<\/em>. Du f\u00e5r m\u00f6jlighet att marknadsf\u00f6ras via v\u00e5r certifierade partnerlista.<\/li>\n<li><em>En st\u00f6rre attraktionskraft<\/em>. D\u00e5 du kan visa att du har uppgraderat din kompetens och har en st\u00f6rre verktygsl\u00e5da att guida med kommer du att v\u00e4cka intresset fr\u00e5n befintliga och nya kunder.<\/li>\n<li><em>En m\u00f6jlighet att ut\u00f6ka din aff\u00e4rsmodell<\/em>. Du kommer att kunna ta p\u00e5 dig implementeringsuppgifter i form av onboarding av dina kunder till Rackbeats lagerhanteringssystem.<\/li>\n<\/ul>\n<p>&nbsp;<\/p>\n<h2><strong>Vad \u00e4r syftet med din certifiering?<\/strong><\/h2>\n<p><b>\u00a0<\/b><\/p>\n<p><b>1. St\u00f6rre kunskap om systemet<\/b><\/p>\n<ul>\n<li><b><\/b><span style=\"font-weight: 400;\">F\u00f6r dig som vill ha en informativ certifiering d\u00e4r du f\u00e5r \u00f6kad kunskap om Rackbeat. <\/span><\/li>\n<li><span style=\"font-weight: 400;\">Perfekt f\u00f6r dig som vill ha en flexibel inl\u00e4rningsupplevelse som ger dig b\u00e4ttre m\u00f6jligheter att v\u00e4gleda dina lagerh\u00e5llande kunder.<\/span><\/li>\n<\/ul>\n<p>&nbsp;<\/p>\n<p><b>2. F\u00e5 kompetens att hj\u00e4lpa kunder ig\u00e5ng med Rackbeat<\/b><b><br \/>\n<\/b><\/p>\n<ul>\n<li><span style=\"font-weight: 400;\">F\u00f6r dig som vill ha en mer utbildande approach, s\u00e5 att du kan tr\u00e4na kunder i systemet och hj\u00e4lpa dem komma ig\u00e5ng. <\/span><\/li>\n<li><span style=\"font-weight: 400;\">Perfekt f\u00f6r dig som vill ha djupare insikt och praktisk erfarenhet av Rackbeat. <\/span><\/li>\n<li><span style=\"font-weight: 400;\">H\u00e4r kommer du att ha m\u00f6jlighet att f\u00e5 antingen onlineundervisning eller fysisk utbildning med en Rackbeat-expert.<\/span><\/li>\n<\/ul>\n<p>&nbsp;<\/p>\n<h2><strong>S\u00e5 blir man en Rackbeat-certifierad partner<\/strong><\/h2>\n<p>&nbsp;<\/p>\n<p><span style=\"font-weight: 400;\">Du b\u00f6rjar med att fylla i kontaktformul\u00e4ret. Om du v\u00e4ljer syfte 1 kommer du d\u00e4refter att f\u00e5 en l\u00e4nk till utbildningsmaterialet, som best\u00e5r av videor med en total varaktighet p\u00e5 5 timmar. Videorna \u00e4r on-demand.<\/span><\/p>\n<p><span style=\"font-weight: 400;\">F\u00f6r att framg\u00e5ngsrikt genomf\u00f6ra certifieringen m\u00e5ste du l\u00f6sa 3 uppgifter med 10-15 fr\u00e5gor i varje uppgift.<\/span><\/p>\n<p><span style=\"font-weight: 400;\">Du beh\u00f6ver inte titta p\u00e5 utbildningsmaterialet och l\u00f6sa uppgifterna direkt, d\u00e5 du har 7 dagar p\u00e5 dig att genomf\u00f6ra certifieringen.<\/span><\/p>\n<p><span style=\"font-weight: 400;\">Om du v\u00e4ljer syfte 2 kommer vi att kontakta dig s\u00e5 att vi kan prata om hur du f\u00f6redrar att f\u00e5 din utbildning.<\/span><\/p>\n","protected":false},"excerpt":{"rendered":"<p>N\u00e4r du har slutf\u00f6rt Rackbeats onlinecertifiering blir du en officiell partner till Rackbeat. Detta inneb\u00e4r att du kan ge r\u00e5d till f\u00f6retagare och lagerf\u00f6retag om digitaliseringen av deras befintliga installation. F\u00f6rutom att uppgradera dina r\u00e5dgivningsf\u00f6rm\u00e5gor f\u00e5r du f\u00f6ljande: En \u00f6kad synlighet. Du f\u00e5r m\u00f6jlighet att marknadsf\u00f6ras via v\u00e5r certifierade partnerlista. En st\u00f6rre attraktionskraft. D\u00e5 du [&hellip;]<\/p>\n","protected":false},"author":2,"featured_media":0,"parent":0,"menu_order":0,"comment_status":"closed","ping_status":"closed","template":"page-templates\/partnership-contact.php","meta":{"content-type":"","inline_featured_image":false,"footnotes":""},"class_list":["post-9677","page","type-page","status-publish","hentry"],"yoast_head":"<!-- This site is optimized with the Yoast SEO Premium plugin v20.0 (Yoast SEO v25.9) - https:\/\/yoast.com\/wordpress\/plugins\/seo\/ -->\n<title>Bli en certifierad Rackbeat-partner | Rackbeat<\/title>\n<meta name=\"description\" content=\"Du blir en officiell partner till Rackbeat. Detta inneb\u00e4r att du kan ge r\u00e5d till f\u00f6retagare och lagerf\u00f6retag om digitaliseringen av deras befintliga installation.\" \/>\n<meta name=\"robots\" content=\"index, follow, max-snippet:-1, max-image-preview:large, max-video-preview:-1\" \/>\n<link rel=\"canonical\" href=\"https:\/\/rackbeat.com\/sv\/bli-en-certifierad-rackbeat-partner\/\" \/>\n<meta property=\"og:locale\" content=\"sv_SE\" \/>\n<meta property=\"og:type\" content=\"article\" \/>\n<meta property=\"og:title\" content=\"Bli en certifierad Rackbeat-partner\" \/>\n<meta property=\"og:description\" content=\"Du blir en officiell partner till Rackbeat. Detta inneb\u00e4r att du kan ge r\u00e5d till f\u00f6retagare och lagerf\u00f6retag om digitaliseringen av deras befintliga installation.\" \/>\n<meta property=\"og:url\" content=\"https:\/\/rackbeat.com\/sv\/bli-en-certifierad-rackbeat-partner\/\" \/>\n<meta property=\"og:site_name\" content=\"Rackbeat\" \/>\n<meta property=\"article:modified_time\" content=\"2024-11-08T12:31:56+00:00\" \/>\n<meta name=\"twitter:card\" content=\"summary_large_image\" \/>\n<meta name=\"twitter:label1\" content=\"Ber\u00e4knad l\u00e4stid\" \/>\n\t<meta name=\"twitter:data1\" content=\"2 minuter\" \/>\n<script type=\"application\/ld+json\" class=\"yoast-schema-graph\">{\"@context\":\"https:\/\/schema.org\",\"@graph\":[{\"@type\":\"WebPage\",\"@id\":\"https:\/\/rackbeat.com\/sv\/bli-en-certifierad-rackbeat-partner\/\",\"url\":\"https:\/\/rackbeat.com\/sv\/bli-en-certifierad-rackbeat-partner\/\",\"name\":\"Bli en certifierad Rackbeat-partner | Rackbeat\",\"isPartOf\":{\"@id\":\"https:\/\/rackbeat.com\/sv\/#website\"},\"datePublished\":\"2022-11-25T10:33:30+00:00\",\"dateModified\":\"2024-11-08T12:31:56+00:00\",\"description\":\"Du blir en officiell partner till Rackbeat. Detta inneb\u00e4r att du kan ge r\u00e5d till f\u00f6retagare och lagerf\u00f6retag om digitaliseringen av deras befintliga installation.\",\"breadcrumb\":{\"@id\":\"https:\/\/rackbeat.com\/sv\/bli-en-certifierad-rackbeat-partner\/#breadcrumb\"},\"inLanguage\":\"sv-SE\",\"potentialAction\":[{\"@type\":\"ReadAction\",\"target\":[\"https:\/\/rackbeat.com\/sv\/bli-en-certifierad-rackbeat-partner\/\"]}]},{\"@type\":\"BreadcrumbList\",\"@id\":\"https:\/\/rackbeat.com\/sv\/bli-en-certifierad-rackbeat-partner\/#breadcrumb\",\"itemListElement\":[{\"@type\":\"ListItem\",\"position\":1,\"name\":\"Framsida\",\"item\":\"https:\/\/rackbeat.com\/sv\/\"},{\"@type\":\"ListItem\",\"position\":2,\"name\":\"Bli en certifierad Rackbeat-partner\"}]},{\"@type\":\"WebSite\",\"@id\":\"https:\/\/rackbeat.com\/sv\/#website\",\"url\":\"https:\/\/rackbeat.com\/sv\/\",\"name\":\"Rackbeat\",\"description\":\"Effektiv lagerstyring\",\"publisher\":{\"@id\":\"https:\/\/rackbeat.com\/sv\/#organization\"},\"potentialAction\":[{\"@type\":\"SearchAction\",\"target\":{\"@type\":\"EntryPoint\",\"urlTemplate\":\"https:\/\/rackbeat.com\/sv\/?s={search_term_string}\"},\"query-input\":{\"@type\":\"PropertyValueSpecification\",\"valueRequired\":true,\"valueName\":\"search_term_string\"}}],\"inLanguage\":\"sv-SE\"},{\"@type\":\"Organization\",\"@id\":\"https:\/\/rackbeat.com\/sv\/#organization\",\"name\":\"Rackbeat\",\"url\":\"https:\/\/rackbeat.com\/sv\/\",\"logo\":{\"@type\":\"ImageObject\",\"inLanguage\":\"sv-SE\",\"@id\":\"https:\/\/rackbeat.com\/sv\/#\/schema\/logo\/image\/\",\"url\":\"\",\"contentUrl\":\"\",\"caption\":\"Rackbeat\"},\"image\":{\"@id\":\"https:\/\/rackbeat.com\/sv\/#\/schema\/logo\/image\/\"}}]}<\/script>\n<!-- \/ Yoast SEO Premium plugin. -->","yoast_head_json":{"title":"Bli en certifierad Rackbeat-partner | Rackbeat","description":"Du blir en officiell partner till Rackbeat. Detta inneb\u00e4r att du kan ge r\u00e5d till f\u00f6retagare och lagerf\u00f6retag om digitaliseringen av deras befintliga installation.","robots":{"index":"index","follow":"follow","max-snippet":"max-snippet:-1","max-image-preview":"max-image-preview:large","max-video-preview":"max-video-preview:-1"},"canonical":"https:\/\/rackbeat.com\/sv\/bli-en-certifierad-rackbeat-partner\/","og_locale":"sv_SE","og_type":"article","og_title":"Bli en certifierad Rackbeat-partner","og_description":"Du blir en officiell partner till Rackbeat. Detta inneb\u00e4r att du kan ge r\u00e5d till f\u00f6retagare och lagerf\u00f6retag om digitaliseringen av deras befintliga installation.","og_url":"https:\/\/rackbeat.com\/sv\/bli-en-certifierad-rackbeat-partner\/","og_site_name":"Rackbeat","article_modified_time":"2024-11-08T12:31:56+00:00","twitter_card":"summary_large_image","twitter_misc":{"Ber\u00e4knad l\u00e4stid":"2 minuter"},"schema":{"@context":"https:\/\/schema.org","@graph":[{"@type":"WebPage","@id":"https:\/\/rackbeat.com\/sv\/bli-en-certifierad-rackbeat-partner\/","url":"https:\/\/rackbeat.com\/sv\/bli-en-certifierad-rackbeat-partner\/","name":"Bli en certifierad Rackbeat-partner | Rackbeat","isPartOf":{"@id":"https:\/\/rackbeat.com\/sv\/#website"},"datePublished":"2022-11-25T10:33:30+00:00","dateModified":"2024-11-08T12:31:56+00:00","description":"Du blir en officiell partner till Rackbeat. Detta inneb\u00e4r att du kan ge r\u00e5d till f\u00f6retagare och lagerf\u00f6retag om digitaliseringen av deras befintliga installation.","breadcrumb":{"@id":"https:\/\/rackbeat.com\/sv\/bli-en-certifierad-rackbeat-partner\/#breadcrumb"},"inLanguage":"sv-SE","potentialAction":[{"@type":"ReadAction","target":["https:\/\/rackbeat.com\/sv\/bli-en-certifierad-rackbeat-partner\/"]}]},{"@type":"BreadcrumbList","@id":"https:\/\/rackbeat.com\/sv\/bli-en-certifierad-rackbeat-partner\/#breadcrumb","itemListElement":[{"@type":"ListItem","position":1,"name":"Framsida","item":"https:\/\/rackbeat.com\/sv\/"},{"@type":"ListItem","position":2,"name":"Bli en certifierad Rackbeat-partner"}]},{"@type":"WebSite","@id":"https:\/\/rackbeat.com\/sv\/#website","url":"https:\/\/rackbeat.com\/sv\/","name":"Rackbeat","description":"Effektiv lagerstyring","publisher":{"@id":"https:\/\/rackbeat.com\/sv\/#organization"},"potentialAction":[{"@type":"SearchAction","target":{"@type":"EntryPoint","urlTemplate":"https:\/\/rackbeat.com\/sv\/?s={search_term_string}"},"query-input":{"@type":"PropertyValueSpecification","valueRequired":true,"valueName":"search_term_string"}}],"inLanguage":"sv-SE"},{"@type":"Organization","@id":"https:\/\/rackbeat.com\/sv\/#organization","name":"Rackbeat","url":"https:\/\/rackbeat.com\/sv\/","logo":{"@type":"ImageObject","inLanguage":"sv-SE","@id":"https:\/\/rackbeat.com\/sv\/#\/schema\/logo\/image\/","url":"","contentUrl":"","caption":"Rackbeat"},"image":{"@id":"https:\/\/rackbeat.com\/sv\/#\/schema\/logo\/image\/"}}]}},"ACF":{"video_embed":"","phone_number":"+46 406 820 366 ","email":"partner@rackbeat.com","address":"Lindhagensgatan 94, 112 18 Stockholm","working_days":"M\u00e5ndag - Fredag","working_hours":"09:00 - 15:00","contact_form_shortcode":"[hubspot type=\"form\" portal=\"20251362\" id=\"75a1652b-57ab-49d1-9830-9e6c412e993e\"]","slider_title":"Nuvarande partners","image_boxes_slider":[{"image":"https:\/\/rackbeat.com\/wp-content\/uploads\/2022\/02\/24-7-office-logo-11-e1648555774986.png","link":"https:\/\/24sevenofficeus.com\/"},{"image":"https:\/\/rackbeat.com\/wp-content\/uploads\/2022\/03\/Tripletex-logo-transparent-1.png","link":"https:\/\/www.tripletex.no\/"},{"image":"https:\/\/rackbeat.com\/wp-content\/uploads\/2022\/04\/pwc.png","link":"https:\/\/www.pwc.dk\/"},{"image":"https:\/\/rackbeat.com\/wp-content\/uploads\/2022\/12\/Addvant_logo-01.png","link":"https:\/\/addvant.no\/"},{"image":"https:\/\/rackbeat.com\/wp-content\/uploads\/2022\/02\/e-conomic_primary_logo_pos_rgb.png","link":"https:\/\/www.e-conomic.dk\/"},{"image":"https:\/\/rackbeat.com\/wp-content\/uploads\/2022\/02\/dinero-logo.png","link":"https:\/\/dinero.dk\/"}],"custom_head_script":"","image_content":false,"contact_form_title":"","contact_image":false},"_links":{"self":[{"href":"https:\/\/rackbeat.com\/sv\/wp-json\/wp\/v2\/pages\/9677","targetHints":{"allow":["GET"]}}],"collection":[{"href":"https:\/\/rackbeat.com\/sv\/wp-json\/wp\/v2\/pages"}],"about":[{"href":"https:\/\/rackbeat.com\/sv\/wp-json\/wp\/v2\/types\/page"}],"author":[{"embeddable":true,"href":"https:\/\/rackbeat.com\/sv\/wp-json\/wp\/v2\/users\/2"}],"replies":[{"embeddable":true,"href":"https:\/\/rackbeat.com\/sv\/wp-json\/wp\/v2\/comments?post=9677"}],"version-history":[{"count":17,"href":"https:\/\/rackbeat.com\/sv\/wp-json\/wp\/v2\/pages\/9677\/revisions"}],"predecessor-version":[{"id":27019,"href":"https:\/\/rackbeat.com\/sv\/wp-json\/wp\/v2\/pages\/9677\/revisions\/27019"}],"wp:attachment":[{"href":"https:\/\/rackbeat.com\/sv\/wp-json\/wp\/v2\/media?parent=9677"}],"curies":[{"name":"wp","href":"https:\/\/api.w.org\/{rel}","templated":true}]}}