{"id":8888,"date":"2022-10-19T09:36:58","date_gmt":"2022-10-19T08:36:58","guid":{"rendered":"https:\/\/rackbeat.com\/?page_id=8888"},"modified":"2025-02-04T14:03:54","modified_gmt":"2025-02-04T12:03:54","slug":"iex","status":"publish","type":"page","link":"https:\/\/rackbeat.com\/sv\/iex\/","title":{"rendered":"IEX"},"content":{"rendered":"","protected":false},"excerpt":{"rendered":"","protected":false},"author":2,"featured_media":0,"parent":0,"menu_order":0,"comment_status":"closed","ping_status":"closed","template":"page-templates\/ecommerce.php","meta":{"content-type":"","inline_featured_image":false,"footnotes":""},"class_list":["post-8888","page","type-page","status-publish","hentry"],"yoast_head":"<!-- This site is optimized with the Yoast SEO Premium plugin v20.0 (Yoast SEO v25.9) - https:\/\/yoast.com\/wordpress\/plugins\/seo\/ -->\n<title>IEX | Automatisk integration | Rackbeat<\/title>\n<meta name=\"description\" content=\"Du kan skapa en smidig anslutning mellan webshopen, kassasystemen, lagret och dina konton genom att integrera IEX &amp; Rackbeat.\" \/>\n<meta name=\"robots\" content=\"index, follow, max-snippet:-1, max-image-preview:large, max-video-preview:-1\" \/>\n<link rel=\"canonical\" href=\"https:\/\/rackbeat.com\/sv\/iex\/\" \/>\n<meta property=\"og:locale\" content=\"sv_SE\" \/>\n<meta property=\"og:type\" content=\"article\" \/>\n<meta property=\"og:title\" content=\"IEX\" \/>\n<meta property=\"og:description\" content=\"Du kan skapa en smidig anslutning mellan webshopen, kassasystemen, lagret och dina konton genom att integrera IEX &amp; Rackbeat.\" \/>\n<meta property=\"og:url\" content=\"https:\/\/rackbeat.com\/sv\/iex\/\" \/>\n<meta property=\"og:site_name\" content=\"Rackbeat\" \/>\n<meta property=\"article:modified_time\" content=\"2025-02-04T12:03:54+00:00\" \/>\n<meta name=\"twitter:card\" content=\"summary_large_image\" \/>\n<script type=\"application\/ld+json\" class=\"yoast-schema-graph\">{\"@context\":\"https:\/\/schema.org\",\"@graph\":[{\"@type\":\"WebPage\",\"@id\":\"https:\/\/rackbeat.com\/sv\/iex\/\",\"url\":\"https:\/\/rackbeat.com\/sv\/iex\/\",\"name\":\"IEX | Automatisk integration | Rackbeat\",\"isPartOf\":{\"@id\":\"https:\/\/rackbeat.com\/sv\/#website\"},\"datePublished\":\"2022-10-19T08:36:58+00:00\",\"dateModified\":\"2025-02-04T12:03:54+00:00\",\"description\":\"Du kan skapa en smidig anslutning mellan webshopen, kassasystemen, lagret och dina konton genom att integrera IEX & Rackbeat.\",\"breadcrumb\":{\"@id\":\"https:\/\/rackbeat.com\/sv\/iex\/#breadcrumb\"},\"inLanguage\":\"sv-SE\",\"potentialAction\":[{\"@type\":\"ReadAction\",\"target\":[\"https:\/\/rackbeat.com\/sv\/iex\/\"]}]},{\"@type\":\"BreadcrumbList\",\"@id\":\"https:\/\/rackbeat.com\/sv\/iex\/#breadcrumb\",\"itemListElement\":[{\"@type\":\"ListItem\",\"position\":1,\"name\":\"Framsida\",\"item\":\"https:\/\/rackbeat.com\/sv\/\"},{\"@type\":\"ListItem\",\"position\":2,\"name\":\"IEX\"}]},{\"@type\":\"WebSite\",\"@id\":\"https:\/\/rackbeat.com\/sv\/#website\",\"url\":\"https:\/\/rackbeat.com\/sv\/\",\"name\":\"Rackbeat\",\"description\":\"Effektiv lagerstyring\",\"publisher\":{\"@id\":\"https:\/\/rackbeat.com\/sv\/#organization\"},\"potentialAction\":[{\"@type\":\"SearchAction\",\"target\":{\"@type\":\"EntryPoint\",\"urlTemplate\":\"https:\/\/rackbeat.com\/sv\/?s={search_term_string}\"},\"query-input\":{\"@type\":\"PropertyValueSpecification\",\"valueRequired\":true,\"valueName\":\"search_term_string\"}}],\"inLanguage\":\"sv-SE\"},{\"@type\":\"Organization\",\"@id\":\"https:\/\/rackbeat.com\/sv\/#organization\",\"name\":\"Rackbeat\",\"url\":\"https:\/\/rackbeat.com\/sv\/\",\"logo\":{\"@type\":\"ImageObject\",\"inLanguage\":\"sv-SE\",\"@id\":\"https:\/\/rackbeat.com\/sv\/#\/schema\/logo\/image\/\",\"url\":\"\",\"contentUrl\":\"\",\"caption\":\"Rackbeat\"},\"image\":{\"@id\":\"https:\/\/rackbeat.com\/sv\/#\/schema\/logo\/image\/\"}}]}<\/script>\n<!-- \/ Yoast SEO Premium plugin. -->","yoast_head_json":{"title":"IEX | Automatisk integration | Rackbeat","description":"Du kan skapa en smidig anslutning mellan webshopen, kassasystemen, lagret och dina konton genom att integrera IEX & Rackbeat.","robots":{"index":"index","follow":"follow","max-snippet":"max-snippet:-1","max-image-preview":"max-image-preview:large","max-video-preview":"max-video-preview:-1"},"canonical":"https:\/\/rackbeat.com\/sv\/iex\/","og_locale":"sv_SE","og_type":"article","og_title":"IEX","og_description":"Du kan skapa en smidig anslutning mellan webshopen, kassasystemen, lagret och dina konton genom att integrera IEX & Rackbeat.","og_url":"https:\/\/rackbeat.com\/sv\/iex\/","og_site_name":"Rackbeat","article_modified_time":"2025-02-04T12:03:54+00:00","twitter_card":"summary_large_image","schema":{"@context":"https:\/\/schema.org","@graph":[{"@type":"WebPage","@id":"https:\/\/rackbeat.com\/sv\/iex\/","url":"https:\/\/rackbeat.com\/sv\/iex\/","name":"IEX | Automatisk integration | Rackbeat","isPartOf":{"@id":"https:\/\/rackbeat.com\/sv\/#website"},"datePublished":"2022-10-19T08:36:58+00:00","dateModified":"2025-02-04T12:03:54+00:00","description":"Du kan skapa en smidig anslutning mellan webshopen, kassasystemen, lagret och dina konton genom att integrera IEX & Rackbeat.","breadcrumb":{"@id":"https:\/\/rackbeat.com\/sv\/iex\/#breadcrumb"},"inLanguage":"sv-SE","potentialAction":[{"@type":"ReadAction","target":["https:\/\/rackbeat.com\/sv\/iex\/"]}]},{"@type":"BreadcrumbList","@id":"https:\/\/rackbeat.com\/sv\/iex\/#breadcrumb","itemListElement":[{"@type":"ListItem","position":1,"name":"Framsida","item":"https:\/\/rackbeat.com\/sv\/"},{"@type":"ListItem","position":2,"name":"IEX"}]},{"@type":"WebSite","@id":"https:\/\/rackbeat.com\/sv\/#website","url":"https:\/\/rackbeat.com\/sv\/","name":"Rackbeat","description":"Effektiv lagerstyring","publisher":{"@id":"https:\/\/rackbeat.com\/sv\/#organization"},"potentialAction":[{"@type":"SearchAction","target":{"@type":"EntryPoint","urlTemplate":"https:\/\/rackbeat.com\/sv\/?s={search_term_string}"},"query-input":{"@type":"PropertyValueSpecification","valueRequired":true,"valueName":"search_term_string"}}],"inLanguage":"sv-SE"},{"@type":"Organization","@id":"https:\/\/rackbeat.com\/sv\/#organization","name":"Rackbeat","url":"https:\/\/rackbeat.com\/sv\/","logo":{"@type":"ImageObject","inLanguage":"sv-SE","@id":"https:\/\/rackbeat.com\/sv\/#\/schema\/logo\/image\/","url":"","contentUrl":"","caption":"Rackbeat"},"image":{"@id":"https:\/\/rackbeat.com\/sv\/#\/schema\/logo\/image\/"}}]}},"ACF":{"custom_head_script":"","hero_title":"Integrera din lagerhantering med IEX","hero_image":"https:\/\/rackbeat.com\/wp-content\/uploads\/2022\/10\/IEX-RB-Grafik.png","hero_sub_title":"","hero_additional_paragraph":"<p>Du kan skapa en smidig anslutning mellan webshopen, kassasystemen, lagret och dina konton genom att integrera IEX &amp; Rackbeat. IEX &amp; Rackbeat bygger en bro mellan de fyra komponenterna s\u00e5 att deras data kan prata med varandra och samlas p\u00e5 ett st\u00e4lle.<\/p>\n<p>Det sparar dig mycket tid, svett och pengar eftersom du slipper det manuella arbete d\u00e5 best\u00e4llningar, ekonomi och lager samverkar automatiskt. IEX tar hand om uppl\u00e4gget s\u00e5 att din lagerhantering kan flyta med snabb hastighet i ett enkelt och effektivt fl\u00f6de.<\/p>\n<p><em>Integrationen \u00e4r byggd av IEX<\/em>.<\/p>\n\n\t\t<!--HubSpot Call-to-Action Code -->\n\t\t<span class=\"hs-cta-wrapper\" id=\"hs-cta-wrapper-8c854d09-1141-4ed2-b8e8-9c8e61529daa\">\n\t\t<span class=\"hs-cta-node hs-cta-8c854d09-1141-4ed2-b8e8-9c8e61529daa\" id=\"8c854d09-1141-4ed2-b8e8-9c8e61529daa\">\n\t\t<!--[if lte IE 8]>\n\t\t<div id=\"hs-cta-ie-element\"><\/div>\n\t\t<![endif]-->\n\t\t<a href=\"https:\/\/cta-redirect.hubspot.com\/cta\/redirect\/20251362\/8c854d09-1141-4ed2-b8e8-9c8e61529daa\" >\n\t\t<img class=\"hs-cta-img\" id=\"hs-cta-img-8c854d09-1141-4ed2-b8e8-9c8e61529daa\" style=\"border-width:0px;\" src=\"https:\/\/no-cache.hubspot.com\/cta\/default\/20251362\/8c854d09-1141-4ed2-b8e8-9c8e61529daa.png\"  alt=\"New call-to-action\"\/>\n\t\t<\/a>\n\t\t<\/span>\n\t\t<script charset=\"utf-8\" src=\"\/\/js.hubspot.com\/cta\/current.js\"><\/script>\n\t\t<script>\n\t\thbspt.cta.load(20251362, '8c854d09-1141-4ed2-b8e8-9c8e61529daa', {});\n\t\t<\/script>\n\t\t<\/span>\n\t\t<!-- end HubSpot Call-to-Action Code -->\n\t\t\n<p>&nbsp;<\/p>\n","hero_button_text":"","hero_button_url":"","show_slider":false,"intro_title":"","intro_content":"<h2>F\u00e5 din webbutik att samarbeta med lagret<\/h2>\n<p>Nu kan du synkronisera din webbutiks drift och lagerhantering med Rackbeat, s\u00e5 att ditt lager alltid \u00e4r uppdaterat och harmoniserat med din f\u00f6rs\u00e4ljning. \u00d6verf\u00f6ringen av best\u00e4llningar och uppdateringarna av lagerstatus sker helt automatiskt, vilket sparar tid och energi p\u00e5 manuellt arbete. IEX s\u00e4tter allt i r\u00f6relse, s\u00e5 att du snabbt kan komma ig\u00e5ng med ett sj\u00e4lvstyrande lager.<\/p>\n<p><strong>Optimera din webbutiks arbetsfl\u00f6de och s\u00e4kra en korrekt redovisning.<br \/>\n<\/strong><\/p>\n<p>Om din webbutiks lager \u00e4r ur fas, kan du med Rackbeats integration f\u00e5 lagret att flyta i en effektiv och enkel str\u00f6m. Du kommer ocks\u00e5 att ha avancerade anpassningsalternativ till hands, som kan formas enligt ditt aff\u00e4rsbehov. Dessutom kan Rackbeats lagerhanteringssystem integreras med din bokf\u00f6ring, s\u00e5 att de alltid talar samma spr\u00e5k.<\/p>\n<p><strong>Hur hj\u00e4lper det mitt f\u00f6retag?<\/strong><\/p>\n<p>En kund uppt\u00e4cker att dina varor kan uppfylla deras behov och best\u00e4mmer sig f\u00f6r att l\u00e4gga en best\u00e4llning eller l\u00e4gga varan disken, i din butik.<\/p>\n<p>Meddelandet om att en best\u00e4llning har lagts, antingen fr\u00e5n din webbshop eller din fysiska butik, skickas blixtsnabbt till Rackbeat som f\u00e5r en lagerf\u00f6rflyttning p\u00e5 de s\u00e5lda varorna. Din lagerr\u00e4kning bibeh\u00e5lls allts\u00e5 i Rackbeat, vilket ger ett tydligt besked om varulagret till webbshoppen. Ditt bokf\u00f6ringssystem f\u00e5r samtidigt de goda nyheterna, varefter det skapar en faktura s\u00e5 att bokf\u00f6ringen \u00e4r under kontroll.<\/p>\n<p>Vad IEX-integrationen s\u00e4kerst\u00e4ller i denna process \u00e4r att Rackbeat pratar med dina andra ledningssystem, till exempel redovisningssystemet. D\u00e4rf\u00f6r beh\u00f6ver du aldrig oroa dig f\u00f6r om hanteringen av din fakturering, bokf\u00f6ring och lagerhantering spelar efter samma melodi.<\/p>\n","short_description_heading":"","short_description_content":"<h3><strong>Rackbeat &amp; IEX ger dig full kontroll \u00f6ver orderfl\u00f6det och lagerbeholdningen, eftersom du f\u00e5r:<\/strong><\/h3>\n","image_boxes":[{"image":"https:\/\/rackbeat.com\/wp-content\/uploads\/2023\/12\/IEXIkon-1.svg","title":"<b>Best\u00e4ll i dina best\u00e4llningar<\/b>","content":"<p>Det \u00e4r best\u00e4llningarna som ger dig s\u00e5sen p\u00e5 tallriken. D\u00e4rf\u00f6r m\u00e5ste du ha en tydlig \u00f6verblick \u00f6ver de best\u00e4llningar din verksamhet har i omlopp. Med IEX-integrationen kommer du att vara med under resan.<\/p>\n"},{"image":"https:\/\/rackbeat.com\/wp-content\/uploads\/2023\/12\/IEXIkon-2.svg","title":"<b>Orderstatus uppdateras<\/b>","content":"<p>S\u00e5 fort best\u00e4llningen har packats och \u00e4r p\u00e5 v\u00e4g att l\u00e4mna lagret f\u00e5r din webshop en uppdaterad orderstatus.\t\t\t\t\t\t<\/p>\n"},{"image":"https:\/\/rackbeat.com\/wp-content\/uploads\/2023\/12\/IEXIkon-3.svg","title":"<b>Systematisera din lagerstatus<\/b>","content":"<p>Underh\u00e5llet av ditt lager hanteras i lagersystemet. H\u00e4rifr\u00e5n kommer du alltid att meddelas, s\u00e5 att kunden inte g\u00e5r f\u00f6rg\u00e4ves p\u00e5 grund av tomma hyllor.<\/p>\n"},{"image":"https:\/\/rackbeat.com\/wp-content\/uploads\/2023\/12\/LP-IEXIkon-4.svg","title":"<b>Rackbeats din webbshop<\/b>","content":"<p>N\u00e4r ett k\u00f6p g\u00f6rs i din webshop kommer Rackbeat att skriva ner lagerm\u00e4ngden. Du f\u00e5r d\u00e5 besked om lagret b\u00f6rjar tunnas ut, s\u00e5 att din webshop kan fyllas p\u00e5.<\/p>\n"}],"content_boxes_subtitle":"","content_boxes_title":"Automatisera webbshop, kassasystem, lager och redovisning","content_boxes_content":"<p>Synkronisera webbshop, kassasystem, bokf\u00f6ring, lagerhantering m.m. med IEX. Ditt lager \u00e4r allts\u00e5 alltid uppdaterat och i harmoni med din f\u00f6rs\u00e4ljning. \u00d6verf\u00f6ringen av best\u00e4llningar och lagerstatus flyter helt av sig sj\u00e4lv, vilket sparar dig oceaner av tid av manuellt arbete.<\/p>\n<p><strong>Skicka dina best\u00e4llningar s\u00e4kert<\/strong><br \/>\nN\u00e4r best\u00e4llningen l\u00e4mnar ditt lager f\u00f6r att \u00e5ka hem till sin \u00e4gare f\u00e5r du en uppdaterad orderstatus p\u00e5 din webshop. P\u00e5 s\u00e5 s\u00e4tt tappar du aldrig kontakten med det viktigaste: kundens varor.<\/p>\n<p><strong>Lagret uppdaterar statusen till dig<\/strong><br \/>\nN\u00e4r dina varor har flugit fr\u00e5n boet kan du se till att du aldrig blir kvar med tomma hyllor. Lagerhanteringssystemet \u00e4r alltid p\u00e5 jobbet, eftersom det har en intensiv 24-timmarsstatus, och ger dig ett tydligt besked n\u00e4r lagret beh\u00f6ver fyllas p\u00e5.<\/p>\n<p><strong>F\u00e5 en ny faktura fr\u00e5n ditt ekonomisystem<\/strong><br \/>\nS\u00e5 fort best\u00e4llningen har g\u00e5tt igenom, varorna har landat och pengarna har kommit in kommer du direkt att kunna f\u00e5 en faktura fr\u00e5n de bokf\u00f6ringssystem du anv\u00e4nder i Rackbeat. P\u00e5 s\u00e5 s\u00e4tt \u00e4r din lagerhantering och ekonomi alltid i symbios.<\/p>\n","content_boxes_image":"https:\/\/rackbeat.com\/wp-content\/uploads\/2023\/12\/GrafikTrio-IEX-Dansk.svg","second_content_boxes_subtitle":"","second_content_boxes_title":"IEX kopplar Rackbeat till dina favoritprogram","second_content_boxes_content":"<p><strong>Oavsett<\/strong> vilka bokf\u00f6ringsprogram, webbshoppar eller POS du anv\u00e4nder i ditt f\u00f6retag kan de enkelt integreras av IEX. P\u00e5 s\u00e5 s\u00e4tt kan du f\u00e5 all information och data du beh\u00f6ver p\u00e5 ett st\u00e4lle.<\/p>\n<p><strong>Vad<\/strong> h\u00e4nder om jag beh\u00f6ver mer avancerade inst\u00e4llningar? \u00c4ven om IEX kan g\u00f6ra en setup som \u00e4r v\u00e4ldigt enkel, kommer du samtidigt att ha alternativ f\u00f6r att f\u00e5 mer komplicerade inst\u00e4llningar kopplade. Dessa kan formas efter ditt f\u00f6retags behov, storlek och struktur.<\/p>\n<p><strong>Vill<\/strong> du l\u00e4mna \u00f6ver driften av dina system till dina anst\u00e4llda? D\u00e5 kan IEX hj\u00e4lpa dig p\u00e5 v\u00e4gen att bli expert p\u00e5 hela setupen f\u00f6r integrationen av ditt f\u00f6retags ledningssystem.<\/p>\n<p><strong>IEX<\/strong> kan d\u00e4rmed s\u00e4kerst\u00e4lla att du inte bara f\u00e5r ett rej\u00e4lt f\u00e5gelperspektiv \u00f6ver hela ditt f\u00f6retags viktigaste processer, siffror och information. Dina medarbetare kommer ocks\u00e5 att kunna p\u00e5ta sig ansvar.<\/p>\n<p><strong>Hj\u00e4lpmedlen<\/strong> f\u00f6r dig och ditt f\u00f6retag finns till hands. Du kan alltid ringa eller skriva till IEX f\u00f6r att f\u00e5 veta mer om hur alla dina styrsystem kan spela i harmoni. F\u00f6rutom att du alltid kan skicka ut en n\u00f6jd kund fr\u00e5n din butik s\u00e5 sparar du mycket tid, pengar och stressfaktorer n\u00e4r du varit i kontakt med IEX.<\/p>\n\n\t\t<!--HubSpot Call-to-Action Code -->\n\t\t<span class=\"hs-cta-wrapper\" id=\"hs-cta-wrapper-8c854d09-1141-4ed2-b8e8-9c8e61529daa\">\n\t\t<span class=\"hs-cta-node hs-cta-8c854d09-1141-4ed2-b8e8-9c8e61529daa\" id=\"8c854d09-1141-4ed2-b8e8-9c8e61529daa\">\n\t\t<!--[if lte IE 8]>\n\t\t<div id=\"hs-cta-ie-element\"><\/div>\n\t\t<![endif]-->\n\t\t<a href=\"https:\/\/cta-redirect.hubspot.com\/cta\/redirect\/20251362\/8c854d09-1141-4ed2-b8e8-9c8e61529daa\" >\n\t\t<img class=\"hs-cta-img\" id=\"hs-cta-img-8c854d09-1141-4ed2-b8e8-9c8e61529daa\" style=\"border-width:0px;\" src=\"https:\/\/no-cache.hubspot.com\/cta\/default\/20251362\/8c854d09-1141-4ed2-b8e8-9c8e61529daa.png\"  alt=\"New call-to-action\"\/>\n\t\t<\/a>\n\t\t<\/span>\n\t\t<script charset=\"utf-8\" src=\"\/\/js.hubspot.com\/cta\/current.js\"><\/script>\n\t\t<script>\n\t\thbspt.cta.load(20251362, '8c854d09-1141-4ed2-b8e8-9c8e61529daa', {});\n\t\t<\/script>\n\t\t<\/span>\n\t\t<!-- end HubSpot Call-to-Action Code -->\n\t\t\n","second_content_boxes_image":"https:\/\/rackbeat.com\/wp-content\/uploads\/2024\/10\/IEX-Side.jpg","outro_title":"","outro_content":"","testimonials":""},"_links":{"self":[{"href":"https:\/\/rackbeat.com\/sv\/wp-json\/wp\/v2\/pages\/8888","targetHints":{"allow":["GET"]}}],"collection":[{"href":"https:\/\/rackbeat.com\/sv\/wp-json\/wp\/v2\/pages"}],"about":[{"href":"https:\/\/rackbeat.com\/sv\/wp-json\/wp\/v2\/types\/page"}],"author":[{"embeddable":true,"href":"https:\/\/rackbeat.com\/sv\/wp-json\/wp\/v2\/users\/2"}],"replies":[{"embeddable":true,"href":"https:\/\/rackbeat.com\/sv\/wp-json\/wp\/v2\/comments?post=8888"}],"version-history":[{"count":21,"href":"https:\/\/rackbeat.com\/sv\/wp-json\/wp\/v2\/pages\/8888\/revisions"}],"predecessor-version":[{"id":29316,"href":"https:\/\/rackbeat.com\/sv\/wp-json\/wp\/v2\/pages\/8888\/revisions\/29316"}],"wp:attachment":[{"href":"https:\/\/rackbeat.com\/sv\/wp-json\/wp\/v2\/media?parent=8888"}],"curies":[{"name":"wp","href":"https:\/\/api.w.org\/{rel}","templated":true}]}}