{"id":8635,"date":"2022-11-30T14:13:12","date_gmt":"2022-11-30T13:13:12","guid":{"rendered":"https:\/\/rackbeat.com\/?page_id=8635"},"modified":"2022-11-30T14:13:12","modified_gmt":"2022-11-30T13:13:12","slug":"gratis-guide-till-ditt-val-av-lagerhanteringssystem","status":"publish","type":"page","link":"https:\/\/rackbeat.com\/sv\/gratis-guide-till-ditt-val-av-lagerhanteringssystem\/","title":{"rendered":"Gratis guide till ditt val av lagerhanteringssystem"},"content":{"rendered":"<p>Om du vill ha en fullst\u00e4ndig \u00f6verblick \u00f6ver ditt lager, s\u00e4kra din f\u00f6rs\u00f6rjningskedja och kontrollera ditt orderfl\u00f6de \u00e4r det viktigt att v\u00e4lja r\u00e4tt l\u00f6sning f\u00f6r din lagerhantering.<\/p>\n<p>Men innan du b\u00f6rjar ringa runt till olika leverant\u00f6rer s\u00e5 \u00e4r det en bra id\u00e9 att ta reda p\u00e5 dina specifika behov.<\/p>\n<p>D\u00e4rf\u00f6r kommer du i denna guide att tas igenom steg-f\u00f6r-steg de \u00f6verv\u00e4ganden du b\u00f6r ha i \u00e5tanke s\u00e5 att du kan v\u00e4lja det optimala lagerhanteringssystemet f\u00f6r dig.<\/p>\n<p>&nbsp;<\/p>\n<h6><strong>Hitta l\u00f6sningen f\u00f6r <em>dina<\/em> behov<\/strong><\/h6>\n<p>&nbsp;<\/p>\n<p>N\u00e4r du har l\u00e4st klart guiden kommer du bl.a. att kunna svara p\u00e5 f\u00f6ljande fr\u00e5gor:<\/p>\n<p>&nbsp;<\/p>\n<ul>\n<li>Vilka \u00e4r de viktigaste kraven du M\u00c5STE st\u00e4lla i f\u00f6rh\u00e5llande till din produkthantering i just din bransch och f\u00f6r dina kundtyper?<\/li>\n<li>Hur passar ett lagerhanteringssystem in i din nuvarande installation?<\/li>\n<li>Hur kan ditt val framtidss\u00e4kras s\u00e5 att du f\u00e5r ett digitalt setup som kan m\u00f6ta dina framtida ambitioner?<\/li>\n<\/ul>\n","protected":false},"excerpt":{"rendered":"<p>Om du vill ha en fullst\u00e4ndig \u00f6verblick \u00f6ver ditt lager, s\u00e4kra din f\u00f6rs\u00f6rjningskedja och kontrollera ditt orderfl\u00f6de \u00e4r det viktigt att v\u00e4lja r\u00e4tt l\u00f6sning f\u00f6r din lagerhantering. Men innan du b\u00f6rjar ringa runt till olika leverant\u00f6rer s\u00e5 \u00e4r det en bra id\u00e9 att ta reda p\u00e5 dina specifika behov. D\u00e4rf\u00f6r kommer du i denna guide [&hellip;]<\/p>\n","protected":false},"author":2,"featured_media":0,"parent":0,"menu_order":0,"comment_status":"closed","ping_status":"closed","template":"page-templates\/contact-page-new.php","meta":{"content-type":"","inline_featured_image":false,"footnotes":""},"class_list":["post-8635","page","type-page","status-publish","hentry"],"yoast_head":"<!-- This site is optimized with the Yoast SEO Premium plugin v20.0 (Yoast SEO v25.9) - https:\/\/yoast.com\/wordpress\/plugins\/seo\/ -->\n<title>Gratis guide till ditt val av lagerhanteringssystem | Rackbeat<\/title>\n<meta name=\"description\" content=\"Om ditt f\u00f6retag ska konkurrera med de andra leverant\u00f6rerna p\u00e5 marknaden och m\u00f6ta era kunders efterfr\u00e5gan \u00e4r det viktigt att v\u00e4lja r\u00e4tt l\u00f6sning f\u00f6r lagerhantering.\" \/>\n<meta name=\"robots\" content=\"index, follow, max-snippet:-1, max-image-preview:large, max-video-preview:-1\" \/>\n<link rel=\"canonical\" href=\"https:\/\/rackbeat.com\/sv\/gratis-guide-till-ditt-val-av-lagerhanteringssystem\/\" \/>\n<meta property=\"og:locale\" content=\"sv_SE\" \/>\n<meta property=\"og:type\" content=\"article\" \/>\n<meta property=\"og:title\" content=\"Gratis guide till ditt val av lagerhanteringssystem\" \/>\n<meta property=\"og:description\" content=\"Om ditt f\u00f6retag ska konkurrera med de andra leverant\u00f6rerna p\u00e5 marknaden och m\u00f6ta era kunders efterfr\u00e5gan \u00e4r det viktigt att v\u00e4lja r\u00e4tt l\u00f6sning f\u00f6r lagerhantering.\" \/>\n<meta property=\"og:url\" content=\"https:\/\/rackbeat.com\/sv\/gratis-guide-till-ditt-val-av-lagerhanteringssystem\/\" \/>\n<meta property=\"og:site_name\" content=\"Rackbeat\" \/>\n<meta name=\"twitter:card\" content=\"summary_large_image\" \/>\n<meta name=\"twitter:label1\" content=\"Ber\u00e4knad l\u00e4stid\" \/>\n\t<meta name=\"twitter:data1\" content=\"1 minut\" \/>\n<script type=\"application\/ld+json\" class=\"yoast-schema-graph\">{\"@context\":\"https:\/\/schema.org\",\"@graph\":[{\"@type\":\"WebPage\",\"@id\":\"https:\/\/rackbeat.com\/sv\/gratis-guide-till-ditt-val-av-lagerhanteringssystem\/\",\"url\":\"https:\/\/rackbeat.com\/sv\/gratis-guide-till-ditt-val-av-lagerhanteringssystem\/\",\"name\":\"Gratis guide till ditt val av lagerhanteringssystem | Rackbeat\",\"isPartOf\":{\"@id\":\"https:\/\/rackbeat.com\/sv\/#website\"},\"datePublished\":\"2022-11-30T13:13:12+00:00\",\"description\":\"Om ditt f\u00f6retag ska konkurrera med de andra leverant\u00f6rerna p\u00e5 marknaden och m\u00f6ta era kunders efterfr\u00e5gan \u00e4r det viktigt att v\u00e4lja r\u00e4tt l\u00f6sning f\u00f6r lagerhantering.\",\"breadcrumb\":{\"@id\":\"https:\/\/rackbeat.com\/sv\/gratis-guide-till-ditt-val-av-lagerhanteringssystem\/#breadcrumb\"},\"inLanguage\":\"sv-SE\",\"potentialAction\":[{\"@type\":\"ReadAction\",\"target\":[\"https:\/\/rackbeat.com\/sv\/gratis-guide-till-ditt-val-av-lagerhanteringssystem\/\"]}]},{\"@type\":\"BreadcrumbList\",\"@id\":\"https:\/\/rackbeat.com\/sv\/gratis-guide-till-ditt-val-av-lagerhanteringssystem\/#breadcrumb\",\"itemListElement\":[{\"@type\":\"ListItem\",\"position\":1,\"name\":\"Framsida\",\"item\":\"https:\/\/rackbeat.com\/sv\/\"},{\"@type\":\"ListItem\",\"position\":2,\"name\":\"Gratis guide till ditt val av lagerhanteringssystem\"}]},{\"@type\":\"WebSite\",\"@id\":\"https:\/\/rackbeat.com\/sv\/#website\",\"url\":\"https:\/\/rackbeat.com\/sv\/\",\"name\":\"Rackbeat\",\"description\":\"Effektiv lagerstyring\",\"publisher\":{\"@id\":\"https:\/\/rackbeat.com\/sv\/#organization\"},\"potentialAction\":[{\"@type\":\"SearchAction\",\"target\":{\"@type\":\"EntryPoint\",\"urlTemplate\":\"https:\/\/rackbeat.com\/sv\/?s={search_term_string}\"},\"query-input\":{\"@type\":\"PropertyValueSpecification\",\"valueRequired\":true,\"valueName\":\"search_term_string\"}}],\"inLanguage\":\"sv-SE\"},{\"@type\":\"Organization\",\"@id\":\"https:\/\/rackbeat.com\/sv\/#organization\",\"name\":\"Rackbeat\",\"url\":\"https:\/\/rackbeat.com\/sv\/\",\"logo\":{\"@type\":\"ImageObject\",\"inLanguage\":\"sv-SE\",\"@id\":\"https:\/\/rackbeat.com\/sv\/#\/schema\/logo\/image\/\",\"url\":\"\",\"contentUrl\":\"\",\"caption\":\"Rackbeat\"},\"image\":{\"@id\":\"https:\/\/rackbeat.com\/sv\/#\/schema\/logo\/image\/\"}}]}<\/script>\n<!-- \/ Yoast SEO Premium plugin. -->","yoast_head_json":{"title":"Gratis guide till ditt val av lagerhanteringssystem | Rackbeat","description":"Om ditt f\u00f6retag ska konkurrera med de andra leverant\u00f6rerna p\u00e5 marknaden och m\u00f6ta era kunders efterfr\u00e5gan \u00e4r det viktigt att v\u00e4lja r\u00e4tt l\u00f6sning f\u00f6r lagerhantering.","robots":{"index":"index","follow":"follow","max-snippet":"max-snippet:-1","max-image-preview":"max-image-preview:large","max-video-preview":"max-video-preview:-1"},"canonical":"https:\/\/rackbeat.com\/sv\/gratis-guide-till-ditt-val-av-lagerhanteringssystem\/","og_locale":"sv_SE","og_type":"article","og_title":"Gratis guide till ditt val av lagerhanteringssystem","og_description":"Om ditt f\u00f6retag ska konkurrera med de andra leverant\u00f6rerna p\u00e5 marknaden och m\u00f6ta era kunders efterfr\u00e5gan \u00e4r det viktigt att v\u00e4lja r\u00e4tt l\u00f6sning f\u00f6r lagerhantering.","og_url":"https:\/\/rackbeat.com\/sv\/gratis-guide-till-ditt-val-av-lagerhanteringssystem\/","og_site_name":"Rackbeat","twitter_card":"summary_large_image","twitter_misc":{"Ber\u00e4knad l\u00e4stid":"1 minut"},"schema":{"@context":"https:\/\/schema.org","@graph":[{"@type":"WebPage","@id":"https:\/\/rackbeat.com\/sv\/gratis-guide-till-ditt-val-av-lagerhanteringssystem\/","url":"https:\/\/rackbeat.com\/sv\/gratis-guide-till-ditt-val-av-lagerhanteringssystem\/","name":"Gratis guide till ditt val av lagerhanteringssystem | Rackbeat","isPartOf":{"@id":"https:\/\/rackbeat.com\/sv\/#website"},"datePublished":"2022-11-30T13:13:12+00:00","description":"Om ditt f\u00f6retag ska konkurrera med de andra leverant\u00f6rerna p\u00e5 marknaden och m\u00f6ta era kunders efterfr\u00e5gan \u00e4r det viktigt att v\u00e4lja r\u00e4tt l\u00f6sning f\u00f6r lagerhantering.","breadcrumb":{"@id":"https:\/\/rackbeat.com\/sv\/gratis-guide-till-ditt-val-av-lagerhanteringssystem\/#breadcrumb"},"inLanguage":"sv-SE","potentialAction":[{"@type":"ReadAction","target":["https:\/\/rackbeat.com\/sv\/gratis-guide-till-ditt-val-av-lagerhanteringssystem\/"]}]},{"@type":"BreadcrumbList","@id":"https:\/\/rackbeat.com\/sv\/gratis-guide-till-ditt-val-av-lagerhanteringssystem\/#breadcrumb","itemListElement":[{"@type":"ListItem","position":1,"name":"Framsida","item":"https:\/\/rackbeat.com\/sv\/"},{"@type":"ListItem","position":2,"name":"Gratis guide till ditt val av lagerhanteringssystem"}]},{"@type":"WebSite","@id":"https:\/\/rackbeat.com\/sv\/#website","url":"https:\/\/rackbeat.com\/sv\/","name":"Rackbeat","description":"Effektiv lagerstyring","publisher":{"@id":"https:\/\/rackbeat.com\/sv\/#organization"},"potentialAction":[{"@type":"SearchAction","target":{"@type":"EntryPoint","urlTemplate":"https:\/\/rackbeat.com\/sv\/?s={search_term_string}"},"query-input":{"@type":"PropertyValueSpecification","valueRequired":true,"valueName":"search_term_string"}}],"inLanguage":"sv-SE"},{"@type":"Organization","@id":"https:\/\/rackbeat.com\/sv\/#organization","name":"Rackbeat","url":"https:\/\/rackbeat.com\/sv\/","logo":{"@type":"ImageObject","inLanguage":"sv-SE","@id":"https:\/\/rackbeat.com\/sv\/#\/schema\/logo\/image\/","url":"","contentUrl":"","caption":"Rackbeat"},"image":{"@id":"https:\/\/rackbeat.com\/sv\/#\/schema\/logo\/image\/"}}]}},"ACF":{"custom_head_script":"","image":"https:\/\/rackbeat.com\/wp-content\/uploads\/2022\/10\/Whitepaper-Mockup-Svensk.png","contact_form_shortcode":"[hubspot type=\"form\" portal=\"20251362\" id=\"421ebcaa-a2a4-4ee4-8407-89588a05c238\"]","video":"<iframe title=\"V\u00e4lj r\u00e4tt lagerhanteringssystem\" width=\"640\" height=\"360\" src=\"https:\/\/www.youtube.com\/embed\/x-0YCm1X_U4?feature=oembed\" frameborder=\"0\" allow=\"accelerometer; autoplay; clipboard-write; encrypted-media; gyroscope; picture-in-picture; web-share\" referrerpolicy=\"strict-origin-when-cross-origin\" allowfullscreen><\/iframe>"},"_links":{"self":[{"href":"https:\/\/rackbeat.com\/sv\/wp-json\/wp\/v2\/pages\/8635","targetHints":{"allow":["GET"]}}],"collection":[{"href":"https:\/\/rackbeat.com\/sv\/wp-json\/wp\/v2\/pages"}],"about":[{"href":"https:\/\/rackbeat.com\/sv\/wp-json\/wp\/v2\/types\/page"}],"author":[{"embeddable":true,"href":"https:\/\/rackbeat.com\/sv\/wp-json\/wp\/v2\/users\/2"}],"replies":[{"embeddable":true,"href":"https:\/\/rackbeat.com\/sv\/wp-json\/wp\/v2\/comments?post=8635"}],"version-history":[{"count":9,"href":"https:\/\/rackbeat.com\/sv\/wp-json\/wp\/v2\/pages\/8635\/revisions"}],"predecessor-version":[{"id":9126,"href":"https:\/\/rackbeat.com\/sv\/wp-json\/wp\/v2\/pages\/8635\/revisions\/9126"}],"wp:attachment":[{"href":"https:\/\/rackbeat.com\/sv\/wp-json\/wp\/v2\/media?parent=8635"}],"curies":[{"name":"wp","href":"https:\/\/api.w.org\/{rel}","templated":true}]}}