{"id":7426,"date":"2022-06-30T09:44:13","date_gmt":"2022-06-30T09:44:13","guid":{"rendered":"https:\/\/rackbeat.com\/?page_id=7426"},"modified":"2023-10-25T10:14:30","modified_gmt":"2023-10-25T09:14:30","slug":"hantering-av-serienummer","status":"publish","type":"page","link":"https:\/\/rackbeat.com\/sv\/hantering-av-serienummer\/","title":{"rendered":"Hantering av serienummer"},"content":{"rendered":"","protected":false},"excerpt":{"rendered":"","protected":false},"author":2,"featured_media":0,"parent":0,"menu_order":0,"comment_status":"closed","ping_status":"closed","template":"page-templates\/prices-subscription.php","meta":{"content-type":"","inline_featured_image":false,"footnotes":""},"class_list":["post-7426","page","type-page","status-publish","hentry"],"yoast_head":"<!-- This site is optimized with the Yoast SEO Premium plugin v20.0 (Yoast SEO v25.9) - https:\/\/yoast.com\/wordpress\/plugins\/seo\/ -->\n<title>Hantering av serienummer | F\u00e5 b\u00e4ttre sp\u00e5rning | Rackbeat<\/title>\n<meta name=\"description\" content=\"G\u00f6r arbetet med att hantera gods mycket enklare med v\u00e5r modul f\u00f6r hantering av serienummer. Unik sp\u00e5rning ger dig full \u00f6verblick.\" \/>\n<meta name=\"robots\" content=\"index, follow, max-snippet:-1, max-image-preview:large, max-video-preview:-1\" \/>\n<link rel=\"canonical\" href=\"https:\/\/rackbeat.com\/sv\/hantering-av-serienummer\/\" \/>\n<meta property=\"og:locale\" content=\"sv_SE\" \/>\n<meta property=\"og:type\" content=\"article\" \/>\n<meta property=\"og:title\" content=\"Hantering av serienummer\" \/>\n<meta property=\"og:description\" content=\"G\u00f6r arbetet med att hantera gods mycket enklare med v\u00e5r modul f\u00f6r hantering av serienummer. Unik sp\u00e5rning ger dig full \u00f6verblick.\" \/>\n<meta property=\"og:url\" content=\"https:\/\/rackbeat.com\/sv\/hantering-av-serienummer\/\" \/>\n<meta property=\"og:site_name\" content=\"Rackbeat\" \/>\n<meta property=\"article:modified_time\" content=\"2023-10-25T09:14:30+00:00\" \/>\n<meta name=\"twitter:card\" content=\"summary_large_image\" \/>\n<script type=\"application\/ld+json\" class=\"yoast-schema-graph\">{\"@context\":\"https:\/\/schema.org\",\"@graph\":[{\"@type\":\"WebPage\",\"@id\":\"https:\/\/rackbeat.com\/sv\/hantering-av-serienummer\/\",\"url\":\"https:\/\/rackbeat.com\/sv\/hantering-av-serienummer\/\",\"name\":\"Hantering av serienummer | F\u00e5 b\u00e4ttre sp\u00e5rning | Rackbeat\",\"isPartOf\":{\"@id\":\"https:\/\/rackbeat.com\/sv\/#website\"},\"datePublished\":\"2022-06-30T09:44:13+00:00\",\"dateModified\":\"2023-10-25T09:14:30+00:00\",\"description\":\"G\u00f6r arbetet med att hantera gods mycket enklare med v\u00e5r modul f\u00f6r hantering av serienummer. Unik sp\u00e5rning ger dig full \u00f6verblick.\",\"breadcrumb\":{\"@id\":\"https:\/\/rackbeat.com\/sv\/hantering-av-serienummer\/#breadcrumb\"},\"inLanguage\":\"sv-SE\",\"potentialAction\":[{\"@type\":\"ReadAction\",\"target\":[\"https:\/\/rackbeat.com\/sv\/hantering-av-serienummer\/\"]}]},{\"@type\":\"BreadcrumbList\",\"@id\":\"https:\/\/rackbeat.com\/sv\/hantering-av-serienummer\/#breadcrumb\",\"itemListElement\":[{\"@type\":\"ListItem\",\"position\":1,\"name\":\"Framsida\",\"item\":\"https:\/\/rackbeat.com\/sv\/\"},{\"@type\":\"ListItem\",\"position\":2,\"name\":\"Hantering av serienummer\"}]},{\"@type\":\"WebSite\",\"@id\":\"https:\/\/rackbeat.com\/sv\/#website\",\"url\":\"https:\/\/rackbeat.com\/sv\/\",\"name\":\"Rackbeat\",\"description\":\"Effektiv lagerstyring\",\"publisher\":{\"@id\":\"https:\/\/rackbeat.com\/sv\/#organization\"},\"potentialAction\":[{\"@type\":\"SearchAction\",\"target\":{\"@type\":\"EntryPoint\",\"urlTemplate\":\"https:\/\/rackbeat.com\/sv\/?s={search_term_string}\"},\"query-input\":{\"@type\":\"PropertyValueSpecification\",\"valueRequired\":true,\"valueName\":\"search_term_string\"}}],\"inLanguage\":\"sv-SE\"},{\"@type\":\"Organization\",\"@id\":\"https:\/\/rackbeat.com\/sv\/#organization\",\"name\":\"Rackbeat\",\"url\":\"https:\/\/rackbeat.com\/sv\/\",\"logo\":{\"@type\":\"ImageObject\",\"inLanguage\":\"sv-SE\",\"@id\":\"https:\/\/rackbeat.com\/sv\/#\/schema\/logo\/image\/\",\"url\":\"\",\"contentUrl\":\"\",\"caption\":\"Rackbeat\"},\"image\":{\"@id\":\"https:\/\/rackbeat.com\/sv\/#\/schema\/logo\/image\/\"}}]}<\/script>\n<!-- \/ Yoast SEO Premium plugin. -->","yoast_head_json":{"title":"Hantering av serienummer | F\u00e5 b\u00e4ttre sp\u00e5rning | Rackbeat","description":"G\u00f6r arbetet med att hantera gods mycket enklare med v\u00e5r modul f\u00f6r hantering av serienummer. Unik sp\u00e5rning ger dig full \u00f6verblick.","robots":{"index":"index","follow":"follow","max-snippet":"max-snippet:-1","max-image-preview":"max-image-preview:large","max-video-preview":"max-video-preview:-1"},"canonical":"https:\/\/rackbeat.com\/sv\/hantering-av-serienummer\/","og_locale":"sv_SE","og_type":"article","og_title":"Hantering av serienummer","og_description":"G\u00f6r arbetet med att hantera gods mycket enklare med v\u00e5r modul f\u00f6r hantering av serienummer. Unik sp\u00e5rning ger dig full \u00f6verblick.","og_url":"https:\/\/rackbeat.com\/sv\/hantering-av-serienummer\/","og_site_name":"Rackbeat","article_modified_time":"2023-10-25T09:14:30+00:00","twitter_card":"summary_large_image","schema":{"@context":"https:\/\/schema.org","@graph":[{"@type":"WebPage","@id":"https:\/\/rackbeat.com\/sv\/hantering-av-serienummer\/","url":"https:\/\/rackbeat.com\/sv\/hantering-av-serienummer\/","name":"Hantering av serienummer | F\u00e5 b\u00e4ttre sp\u00e5rning | Rackbeat","isPartOf":{"@id":"https:\/\/rackbeat.com\/sv\/#website"},"datePublished":"2022-06-30T09:44:13+00:00","dateModified":"2023-10-25T09:14:30+00:00","description":"G\u00f6r arbetet med att hantera gods mycket enklare med v\u00e5r modul f\u00f6r hantering av serienummer. Unik sp\u00e5rning ger dig full \u00f6verblick.","breadcrumb":{"@id":"https:\/\/rackbeat.com\/sv\/hantering-av-serienummer\/#breadcrumb"},"inLanguage":"sv-SE","potentialAction":[{"@type":"ReadAction","target":["https:\/\/rackbeat.com\/sv\/hantering-av-serienummer\/"]}]},{"@type":"BreadcrumbList","@id":"https:\/\/rackbeat.com\/sv\/hantering-av-serienummer\/#breadcrumb","itemListElement":[{"@type":"ListItem","position":1,"name":"Framsida","item":"https:\/\/rackbeat.com\/sv\/"},{"@type":"ListItem","position":2,"name":"Hantering av serienummer"}]},{"@type":"WebSite","@id":"https:\/\/rackbeat.com\/sv\/#website","url":"https:\/\/rackbeat.com\/sv\/","name":"Rackbeat","description":"Effektiv lagerstyring","publisher":{"@id":"https:\/\/rackbeat.com\/sv\/#organization"},"potentialAction":[{"@type":"SearchAction","target":{"@type":"EntryPoint","urlTemplate":"https:\/\/rackbeat.com\/sv\/?s={search_term_string}"},"query-input":{"@type":"PropertyValueSpecification","valueRequired":true,"valueName":"search_term_string"}}],"inLanguage":"sv-SE"},{"@type":"Organization","@id":"https:\/\/rackbeat.com\/sv\/#organization","name":"Rackbeat","url":"https:\/\/rackbeat.com\/sv\/","logo":{"@type":"ImageObject","inLanguage":"sv-SE","@id":"https:\/\/rackbeat.com\/sv\/#\/schema\/logo\/image\/","url":"","contentUrl":"","caption":"Rackbeat"},"image":{"@id":"https:\/\/rackbeat.com\/sv\/#\/schema\/logo\/image\/"}}]}},"ACF":{"hero_title":"F\u00e5 tillg\u00e5ng till hantering av serienummer","hero_content_title":"Beh\u00f6ver du kunna sp\u00e5ra dina produkter exakt?","hero_content_para":"<p>Ta din lagerhantering till n\u00e4sta niv\u00e5 med v\u00e5ra till\u00e4gg f\u00f6r hantering av serienummer. F\u00f6renkla godshanteringen och spara resurser.<\/p>\n<p>Nedan kan du l\u00e4sa mer om vilka funktioner du kan komma \u00e5t med v\u00e5ra till\u00e4gg f\u00f6r hantering av serienummer och hur till\u00e4ggsmodulen kan hj\u00e4lpa till att optimera din lagerhantering.<\/p>\n<p>Du kan n\u00e4r som helst k\u00f6pa v\u00e5ra till\u00e4gg f\u00f6r hantering av serienummer f\u00f6r ditt premiumabonnemang<\/p>\n<p>L\u00e4s mer om hur du kommer ig\u00e5ng med hantering av serienummer <a href=\"https:\/\/helpdesk.rackbeat.com\/knowledge\/add-on-serial-numbers\">h\u00e4r<\/a>.<\/p>\n<p>&nbsp;<\/p>\n<h4><strong>S\u00e5 h\u00e4r provar du till\u00e4ggsmodulen<\/strong><\/h4>\n<p>&nbsp;<\/p>\n<p>N\u00e4r du klickar p\u00e5 &#8221;Prova systemet&#8221; m\u00e5ste du f\u00f6rst skapa en inloggning, varefter du kommer att f\u00e5 ett avtalsnummer. Detta ger dig tillg\u00e5ng till hela systemet &#8211; och inte till ett specifikt till\u00e4ggsmodul fr\u00e5n start.<\/p>\n<p>F\u00f6r att f\u00e5 tillg\u00e5ng till till\u00e4ggsmodulen, h\u00e5ller du musen \u00f6ver ditt anv\u00e4ndarnamn l\u00e4ngst upp till h\u00f6ger och g\u00e5r till &#8221;Anv\u00e4ndarinst\u00e4llningar.&#8221; Tryck sedan p\u00e5 &#8221;Till\u00e4ggsmoduler&#8221; till v\u00e4nster. H\u00e4r inne har du m\u00f6jligheten att installera till\u00e4ggsmodulen.<\/p>\n<p><strong>OBS<\/strong>: Om du redan har en aktiv Rackbeat-anv\u00e4ndare och vill prova till\u00e4ggsmodulen, m\u00e5ste du skapa en ny gratis anv\u00e4ndare. Om du f\u00f6ljer instruktionerna ovan med ditt befintliga konto kommer du att registreras som en aktiv betalande anv\u00e4ndare.<\/p>\n<p>Om du \u00e4r os\u00e4ker p\u00e5 hur du installerar till\u00e4ggsmodulen eller anpassar den till dina arbetsfl\u00f6den kan du alltid kontakta en av v\u00e5ra lagerexperter, som kommer att guida dig genom Rackbeat.<\/p>\n<p><!--HubSpot Call-to-Action Code --><span id=\"hs-cta-wrapper-0cd25088-0a47-40ce-ba82-7f836c846020\" class=\"hs-cta-wrapper\"><span id=\"hs-cta-0cd25088-0a47-40ce-ba82-7f836c846020\" class=\"hs-cta-node hs-cta-0cd25088-0a47-40ce-ba82-7f836c846020\"><!-- [if lte IE 8]>\n\n\n<div id=\"hs-cta-ie-element\"><\/div>\n\n\n<![endif]--><a href=\"https:\/\/cta-redirect.hubspot.com\/cta\/redirect\/20251362\/0cd25088-0a47-40ce-ba82-7f836c846020\"><img decoding=\"async\" id=\"hs-cta-img-0cd25088-0a47-40ce-ba82-7f836c846020\" class=\"hs-cta-img\" style=\"border-width: 0px;\" src=\"https:\/\/no-cache.hubspot.com\/cta\/default\/20251362\/0cd25088-0a47-40ce-ba82-7f836c846020.png\" alt=\"Boka en demo\" \/><\/a><\/span><script charset=\"utf-8\" src=\"https:\/\/js.hscta.net\/cta\/current.js\"><\/script><script type=\"text\/javascript\"> hbspt.cta.load(20251362, '0cd25088-0a47-40ce-ba82-7f836c846020', {\"useNewLoader\":\"true\",\"region\":\"na1\"}); <\/script><\/span><!-- end HubSpot Call-to-Action Code --><\/p>\n","hero_content_quote":"","hero_packages":[{"title":"Hantering av serienummer","price":"299 SEK","description":"Per m\u00e5nad. Per anv\u00e4ndare","ribbon":"","ribbon_bg_color":"#3498db","ribbon_font_color":"#FFFFFF","features":"<p>Sp\u00e5rning av varje produkt<\/p>\n<p>Sp\u00e5rbarhet av k\u00f6p\/f\u00f6rs\u00e4ljning<\/p>\n<p>Hantera vilka unika produkter som kunden har k\u00f6pt<\/p>\n<p>Hantera garantier<\/p>\n","feature_repeater":[{"text":"Sp\u00e5rning av varje produkt","tooltip_text":""},{"text":"Sp\u00e5rbarhet av k\u00f6p\/f\u00f6rs\u00e4ljning","tooltip_text":""},{"text":"Hantera vilka unika produkter som kunden har k\u00f6pt","tooltip_text":""},{"text":"Hantera garantier","tooltip_text":""}],"button_label":"Prova systemet","button_link":"https:\/\/app.rackbeat.com\/register?locale=sv","button_color":"blue"}],"extra_content_title_subscription":"","additional_content_editor_subscription":"<div class=\"col\">\n<p><strong>Sp\u00e5rning av varje produkt<\/strong><\/p>\n<p>F\u00e5 en \u00f6verblick \u00f6ver varje produkt och var den finns. Du kan se vilka serienummer du har i lager och p\u00e5 varje faktura kommer serienumren f\u00f6r de s\u00e5lda varorna att synas.<\/p>\n<p><strong>Sp\u00e5rbarhet av ink\u00f6p\/f\u00f6rs\u00e4ljning<\/strong><\/p>\n<p>Serienummer f\u00f6r de s\u00e5lda artiklarna kommer att synas p\u00e5 varje faktura. Du kommer \u00e4ven att kunna koppla k\u00f6pta varor till leverant\u00f6rsfakturan.<\/p>\n<p><strong>Hantera vilka unika produkter kunden har k\u00f6pt<\/strong><\/p>\n<p>Genom att hantera de unika produkterna efter serienummer, blir sp\u00e5rningen mer exakt och garantier kan enkelt hanteras.<\/p>\n<p><strong>Hantera garantier<\/strong><\/p>\n<p>N\u00e4r en vara s\u00e4ljs kommer serienumret att registreras p\u00e5 fakturan. En faktura med ett specifikt serienummer kan l\u00e4tt hittas och hj\u00e4lper dig att h\u00e5lla reda p\u00e5 giltiga garantier.<\/p>\n<\/div>\n","custom_head_script":""},"_links":{"self":[{"href":"https:\/\/rackbeat.com\/sv\/wp-json\/wp\/v2\/pages\/7426","targetHints":{"allow":["GET"]}}],"collection":[{"href":"https:\/\/rackbeat.com\/sv\/wp-json\/wp\/v2\/pages"}],"about":[{"href":"https:\/\/rackbeat.com\/sv\/wp-json\/wp\/v2\/types\/page"}],"author":[{"embeddable":true,"href":"https:\/\/rackbeat.com\/sv\/wp-json\/wp\/v2\/users\/2"}],"replies":[{"embeddable":true,"href":"https:\/\/rackbeat.com\/sv\/wp-json\/wp\/v2\/comments?post=7426"}],"version-history":[{"count":9,"href":"https:\/\/rackbeat.com\/sv\/wp-json\/wp\/v2\/pages\/7426\/revisions"}],"predecessor-version":[{"id":17062,"href":"https:\/\/rackbeat.com\/sv\/wp-json\/wp\/v2\/pages\/7426\/revisions\/17062"}],"wp:attachment":[{"href":"https:\/\/rackbeat.com\/sv\/wp-json\/wp\/v2\/media?parent=7426"}],"curies":[{"name":"wp","href":"https:\/\/api.w.org\/{rel}","templated":true}]}}