{"id":7422,"date":"2022-06-30T09:42:12","date_gmt":"2022-06-30T09:42:12","guid":{"rendered":"https:\/\/rackbeat.com\/?page_id=7422"},"modified":"2023-10-25T10:15:44","modified_gmt":"2023-10-25T09:15:44","slug":"mobilanvandare","status":"publish","type":"page","link":"https:\/\/rackbeat.com\/sv\/mobilanvandare\/","title":{"rendered":"Mobilanv\u00e4ndare"},"content":{"rendered":"","protected":false},"excerpt":{"rendered":"","protected":false},"author":2,"featured_media":0,"parent":0,"menu_order":0,"comment_status":"closed","ping_status":"closed","template":"page-templates\/prices-subscription.php","meta":{"content-type":"","inline_featured_image":false,"footnotes":""},"class_list":["post-7422","page","type-page","status-publish","hentry"],"yoast_head":"<!-- This site is optimized with the Yoast SEO Premium plugin v20.0 (Yoast SEO v25.9) - https:\/\/yoast.com\/wordpress\/plugins\/seo\/ -->\n<title>Mobilanv\u00e4ndare | G\u00f6r det l\u00e4tt f\u00f6r dina lageranst\u00e4llda | Rackbeat<\/title>\n<meta name=\"description\" content=\"V\u00e5r till\u00e4ggsmodul f\u00f6r lageranv\u00e4ndare \u00e4r en enkel metod f\u00f6r att minska fel, spara tid och underl\u00e4tta vardagen f\u00f6r lager- och logistikanst\u00e4llda.\" \/>\n<meta name=\"robots\" content=\"index, follow, max-snippet:-1, max-image-preview:large, max-video-preview:-1\" \/>\n<link rel=\"canonical\" href=\"https:\/\/rackbeat.com\/sv\/mobilanvandare\/\" \/>\n<meta property=\"og:locale\" content=\"sv_SE\" \/>\n<meta property=\"og:type\" content=\"article\" \/>\n<meta property=\"og:title\" content=\"Mobilanv\u00e4ndare\" \/>\n<meta property=\"og:description\" content=\"V\u00e5r till\u00e4ggsmodul f\u00f6r lageranv\u00e4ndare \u00e4r en enkel metod f\u00f6r att minska fel, spara tid och underl\u00e4tta vardagen f\u00f6r lager- och logistikanst\u00e4llda.\" \/>\n<meta property=\"og:url\" content=\"https:\/\/rackbeat.com\/sv\/mobilanvandare\/\" \/>\n<meta property=\"og:site_name\" content=\"Rackbeat\" \/>\n<meta property=\"article:modified_time\" content=\"2023-10-25T09:15:44+00:00\" \/>\n<meta name=\"twitter:card\" content=\"summary_large_image\" \/>\n<script type=\"application\/ld+json\" class=\"yoast-schema-graph\">{\"@context\":\"https:\/\/schema.org\",\"@graph\":[{\"@type\":\"WebPage\",\"@id\":\"https:\/\/rackbeat.com\/sv\/mobilanvandare\/\",\"url\":\"https:\/\/rackbeat.com\/sv\/mobilanvandare\/\",\"name\":\"Mobilanv\u00e4ndare | G\u00f6r det l\u00e4tt f\u00f6r dina lageranst\u00e4llda | Rackbeat\",\"isPartOf\":{\"@id\":\"https:\/\/rackbeat.com\/sv\/#website\"},\"datePublished\":\"2022-06-30T09:42:12+00:00\",\"dateModified\":\"2023-10-25T09:15:44+00:00\",\"description\":\"V\u00e5r till\u00e4ggsmodul f\u00f6r lageranv\u00e4ndare \u00e4r en enkel metod f\u00f6r att minska fel, spara tid och underl\u00e4tta vardagen f\u00f6r lager- och logistikanst\u00e4llda.\",\"breadcrumb\":{\"@id\":\"https:\/\/rackbeat.com\/sv\/mobilanvandare\/#breadcrumb\"},\"inLanguage\":\"sv-SE\",\"potentialAction\":[{\"@type\":\"ReadAction\",\"target\":[\"https:\/\/rackbeat.com\/sv\/mobilanvandare\/\"]}]},{\"@type\":\"BreadcrumbList\",\"@id\":\"https:\/\/rackbeat.com\/sv\/mobilanvandare\/#breadcrumb\",\"itemListElement\":[{\"@type\":\"ListItem\",\"position\":1,\"name\":\"Framsida\",\"item\":\"https:\/\/rackbeat.com\/sv\/\"},{\"@type\":\"ListItem\",\"position\":2,\"name\":\"Mobilanv\u00e4ndare\"}]},{\"@type\":\"WebSite\",\"@id\":\"https:\/\/rackbeat.com\/sv\/#website\",\"url\":\"https:\/\/rackbeat.com\/sv\/\",\"name\":\"Rackbeat\",\"description\":\"Effektiv lagerstyring\",\"publisher\":{\"@id\":\"https:\/\/rackbeat.com\/sv\/#organization\"},\"potentialAction\":[{\"@type\":\"SearchAction\",\"target\":{\"@type\":\"EntryPoint\",\"urlTemplate\":\"https:\/\/rackbeat.com\/sv\/?s={search_term_string}\"},\"query-input\":{\"@type\":\"PropertyValueSpecification\",\"valueRequired\":true,\"valueName\":\"search_term_string\"}}],\"inLanguage\":\"sv-SE\"},{\"@type\":\"Organization\",\"@id\":\"https:\/\/rackbeat.com\/sv\/#organization\",\"name\":\"Rackbeat\",\"url\":\"https:\/\/rackbeat.com\/sv\/\",\"logo\":{\"@type\":\"ImageObject\",\"inLanguage\":\"sv-SE\",\"@id\":\"https:\/\/rackbeat.com\/sv\/#\/schema\/logo\/image\/\",\"url\":\"\",\"contentUrl\":\"\",\"caption\":\"Rackbeat\"},\"image\":{\"@id\":\"https:\/\/rackbeat.com\/sv\/#\/schema\/logo\/image\/\"}}]}<\/script>\n<!-- \/ Yoast SEO Premium plugin. -->","yoast_head_json":{"title":"Mobilanv\u00e4ndare | G\u00f6r det l\u00e4tt f\u00f6r dina lageranst\u00e4llda | Rackbeat","description":"V\u00e5r till\u00e4ggsmodul f\u00f6r lageranv\u00e4ndare \u00e4r en enkel metod f\u00f6r att minska fel, spara tid och underl\u00e4tta vardagen f\u00f6r lager- och logistikanst\u00e4llda.","robots":{"index":"index","follow":"follow","max-snippet":"max-snippet:-1","max-image-preview":"max-image-preview:large","max-video-preview":"max-video-preview:-1"},"canonical":"https:\/\/rackbeat.com\/sv\/mobilanvandare\/","og_locale":"sv_SE","og_type":"article","og_title":"Mobilanv\u00e4ndare","og_description":"V\u00e5r till\u00e4ggsmodul f\u00f6r lageranv\u00e4ndare \u00e4r en enkel metod f\u00f6r att minska fel, spara tid och underl\u00e4tta vardagen f\u00f6r lager- och logistikanst\u00e4llda.","og_url":"https:\/\/rackbeat.com\/sv\/mobilanvandare\/","og_site_name":"Rackbeat","article_modified_time":"2023-10-25T09:15:44+00:00","twitter_card":"summary_large_image","schema":{"@context":"https:\/\/schema.org","@graph":[{"@type":"WebPage","@id":"https:\/\/rackbeat.com\/sv\/mobilanvandare\/","url":"https:\/\/rackbeat.com\/sv\/mobilanvandare\/","name":"Mobilanv\u00e4ndare | G\u00f6r det l\u00e4tt f\u00f6r dina lageranst\u00e4llda | Rackbeat","isPartOf":{"@id":"https:\/\/rackbeat.com\/sv\/#website"},"datePublished":"2022-06-30T09:42:12+00:00","dateModified":"2023-10-25T09:15:44+00:00","description":"V\u00e5r till\u00e4ggsmodul f\u00f6r lageranv\u00e4ndare \u00e4r en enkel metod f\u00f6r att minska fel, spara tid och underl\u00e4tta vardagen f\u00f6r lager- och logistikanst\u00e4llda.","breadcrumb":{"@id":"https:\/\/rackbeat.com\/sv\/mobilanvandare\/#breadcrumb"},"inLanguage":"sv-SE","potentialAction":[{"@type":"ReadAction","target":["https:\/\/rackbeat.com\/sv\/mobilanvandare\/"]}]},{"@type":"BreadcrumbList","@id":"https:\/\/rackbeat.com\/sv\/mobilanvandare\/#breadcrumb","itemListElement":[{"@type":"ListItem","position":1,"name":"Framsida","item":"https:\/\/rackbeat.com\/sv\/"},{"@type":"ListItem","position":2,"name":"Mobilanv\u00e4ndare"}]},{"@type":"WebSite","@id":"https:\/\/rackbeat.com\/sv\/#website","url":"https:\/\/rackbeat.com\/sv\/","name":"Rackbeat","description":"Effektiv lagerstyring","publisher":{"@id":"https:\/\/rackbeat.com\/sv\/#organization"},"potentialAction":[{"@type":"SearchAction","target":{"@type":"EntryPoint","urlTemplate":"https:\/\/rackbeat.com\/sv\/?s={search_term_string}"},"query-input":{"@type":"PropertyValueSpecification","valueRequired":true,"valueName":"search_term_string"}}],"inLanguage":"sv-SE"},{"@type":"Organization","@id":"https:\/\/rackbeat.com\/sv\/#organization","name":"Rackbeat","url":"https:\/\/rackbeat.com\/sv\/","logo":{"@type":"ImageObject","inLanguage":"sv-SE","@id":"https:\/\/rackbeat.com\/sv\/#\/schema\/logo\/image\/","url":"","contentUrl":"","caption":"Rackbeat"},"image":{"@id":"https:\/\/rackbeat.com\/sv\/#\/schema\/logo\/image\/"}}]}},"ACF":{"hero_title":"G\u00f6r ditt lager mer mobilt","hero_content_title":"Effektivisera arbetsfl\u00f6det med Rackbeats mobilapp","hero_content_para":"<p>P\u00e5 <a href=\"https:\/\/rackbeat.com\/sv\/vad-ar-en-inventering-och-hur-bokfors-den\/\">ditt varulager<\/a> har lagerpersonalen inte n\u00f6dv\u00e4ndigtvis samma behov av funktionalitet som lagerchefen, vilket \u00e4r anledningen till att vi har utvecklat ett till\u00e4ggsmodul specifikt f\u00f6r lagerpersonalens arbetsfl\u00f6den.<\/p>\n<p>Lageranv\u00e4ndaren ger dig n\u00e4mligen tillg\u00e5ng till Rackbeats mobilapp, s\u00e5 det blir enklare b\u00e5de f\u00f6r iPhone- och Android-anv\u00e4ndare att h\u00e5lla koll p\u00e5 lagret. Med en enkel klick p\u00e5 Rackbeat-ikonen p\u00e5 din telefon kan du plocka, packa och registrera varor, g\u00f6ra lagerinventering samt utf\u00f6ra lagerjusteringar, s\u00e5 att lagerarbete och -administration kan g\u00f6ras medan du \u00e4r p\u00e5 spr\u00e5ng.<\/p>\n<p>Appen uppdateras kontinuerligt och s\u00e4kerst\u00e4ller en problemfri integration med administrationen, s\u00e5 du kan s\u00e4ga adj\u00f6 till manuella, pappersbaserade lagerprocedurer och s\u00e4ga hej till en smidig, digital arbetsprocess.<\/p>\n<p><strong>Du har ocks\u00e5 tillg\u00e5ng till mobilappen med Premium-paketet &#8211; det vill s\u00e4ga 1 mobilanv\u00e4ndare per Premium-anv\u00e4ndare.<\/strong> Om du loggar in med samma anv\u00e4ndare p\u00e5 tv\u00e5 enheter, kommer en av enheterna att f\u00f6rlora tillg\u00e5ngen. S\u00e5 om flera medarbetare beh\u00f6ver tillg\u00e5ng till en mobilanv\u00e4ndare eller om Rackbeat-applikationen ska anv\u00e4ndas samtidigt med mobilappen, m\u00e5ste du antingen k\u00f6pa en extra premium-anv\u00e4ndare (799 SEK\/m\u00e5n) eller en mobilanv\u00e4ndare (399 SEK\/m\u00e5n).<\/p>\n<p>Du kan ladda ner appen fr\u00e5n App Store om du har en iPhone, och fr\u00e5n Google Play om du har en Android-telefon.<\/p>\n<p><a href=\"https:\/\/apps.apple.com\/dk\/app\/rackbeat\/id6445913515\"><img loading=\"lazy\" decoding=\"async\" class=\"alignleft wp-image-16610\" src=\"https:\/\/rackbeat.com\/wp-content\/uploads\/2023\/10\/App-Store-Button-transparent-300x98.png\" alt=\"\" width=\"155\" height=\"51\" srcset=\"https:\/\/rackbeat.com\/wp-content\/uploads\/2023\/10\/App-Store-Button-transparent-300x98.png 300w, https:\/\/rackbeat.com\/wp-content\/uploads\/2023\/10\/App-Store-Button-transparent-1024x336.png 1024w, https:\/\/rackbeat.com\/wp-content\/uploads\/2023\/10\/App-Store-Button-transparent-768x252.png 768w, https:\/\/rackbeat.com\/wp-content\/uploads\/2023\/10\/App-Store-Button-transparent-1536x504.png 1536w, https:\/\/rackbeat.com\/wp-content\/uploads\/2023\/10\/App-Store-Button-transparent-2048x672.png 2048w\" sizes=\"auto, (max-width: 155px) 100vw, 155px\" \/><\/a><a href=\"https:\/\/play.google.com\/store\/search?q=rackbeat&amp;c=apps&amp;pli=1\"><img loading=\"lazy\" decoding=\"async\" class=\"wp-image-16614 aligncenter\" src=\"https:\/\/rackbeat.com\/wp-content\/uploads\/2023\/10\/google-play-store-300x87.png\" alt=\"\" width=\"176\" height=\"51\" srcset=\"https:\/\/rackbeat.com\/wp-content\/uploads\/2023\/10\/google-play-store-300x87.png 300w, https:\/\/rackbeat.com\/wp-content\/uploads\/2023\/10\/google-play-store-1024x297.png 1024w, https:\/\/rackbeat.com\/wp-content\/uploads\/2023\/10\/google-play-store-768x223.png 768w, https:\/\/rackbeat.com\/wp-content\/uploads\/2023\/10\/google-play-store-1536x446.png 1536w, https:\/\/rackbeat.com\/wp-content\/uploads\/2023\/10\/google-play-store-2048x594.png 2048w\" sizes=\"auto, (max-width: 176px) 100vw, 176px\" \/><\/a><\/p>\n<p>Du kan n\u00e4r som helst k\u00f6pa en mobilanv\u00e4ndare, oavsett om du har en grundl\u00e4ggande eller premium-prenumeration.<\/p>\n<p>&nbsp;<\/p>\n<h4><strong>S\u00e5 h\u00e4r provar du till\u00e4ggsmodulen<\/strong><\/h4>\n<p>&nbsp;<\/p>\n<p>N\u00e4r du klickar p\u00e5 &#8221;Prova systemet&#8221; m\u00e5ste du f\u00f6rst skapa en inloggning, varefter du kommer att f\u00e5 ett avtalsnummer. Detta ger dig tillg\u00e5ng till hela systemet &#8211; och inte till ett specifikt till\u00e4ggsmodul fr\u00e5n start.<\/p>\n<p>F\u00f6r att f\u00e5 tillg\u00e5ng till till\u00e4ggsmodulen, h\u00e5ller du musen \u00f6ver ditt anv\u00e4ndarnamn l\u00e4ngst upp till h\u00f6ger och g\u00e5r till &#8221;Anv\u00e4ndarinst\u00e4llningar.&#8221; Tryck sedan p\u00e5 &#8221;Till\u00e4ggsmoduler&#8221; till v\u00e4nster. H\u00e4r inne har du m\u00f6jligheten att installera till\u00e4ggsmodulen.<\/p>\n<p><strong>OBS<\/strong>: Om du redan har en aktiv Rackbeat-anv\u00e4ndare och vill prova till\u00e4ggsmodulen, m\u00e5ste du skapa en ny gratis anv\u00e4ndare. Om du f\u00f6ljer instruktionerna ovan med ditt befintliga konto kommer du att registreras som en aktiv betalande anv\u00e4ndare.<\/p>\n<p>Om du \u00e4r os\u00e4ker p\u00e5 hur du installerar till\u00e4ggsmodulen eller anpassar den till dina arbetsfl\u00f6den kan du alltid kontakta en av v\u00e5ra lagerexperter, som kommer att guida dig genom Rackbeat.<\/p>\n<p>&nbsp;<br \/>\n<!--HubSpot Call-to-Action Code --><span class=\"hs-cta-wrapper\" id=\"hs-cta-wrapper-0cd25088-0a47-40ce-ba82-7f836c846020\"><span class=\"hs-cta-node hs-cta-0cd25088-0a47-40ce-ba82-7f836c846020\" id=\"hs-cta-0cd25088-0a47-40ce-ba82-7f836c846020\"><!--[if lte IE 8]>\n\n<div id=\"hs-cta-ie-element\"><\/div>\n\n<![endif]--><a href=\"https:\/\/cta-redirect.hubspot.com\/cta\/redirect\/20251362\/0cd25088-0a47-40ce-ba82-7f836c846020\" ><img decoding=\"async\" class=\"hs-cta-img\" id=\"hs-cta-img-0cd25088-0a47-40ce-ba82-7f836c846020\" style=\"border-width:0px;\" src=\"https:\/\/no-cache.hubspot.com\/cta\/default\/20251362\/0cd25088-0a47-40ce-ba82-7f836c846020.png\"  alt=\"Boka en demo\"\/><\/a><\/span><script charset=\"utf-8\" src=\"https:\/\/js.hscta.net\/cta\/current.js\"><\/script><script type=\"text\/javascript\"> hbspt.cta.load(20251362, '0cd25088-0a47-40ce-ba82-7f836c846020', {\"useNewLoader\":\"true\",\"region\":\"na1\"}); <\/script><\/span><!-- end HubSpot Call-to-Action Code --><\/p>\n","hero_content_quote":"","hero_packages":[{"title":"Mobilanv\u00e4ndare","price":"399 SEK","description":"Per m\u00e5nad. Per anv\u00e4ndare ","ribbon":"","ribbon_bg_color":"#3498db","ribbon_font_color":"#FFFFFF","features":"<p>Till\u00e4gg till Basic och premium<\/p>\n<p>Mobilt och scannerv\u00e4nligt gr\u00e4nssnitt<\/p>\n<p>Enkel streckkodsskanning och lagerr\u00e4kning<\/p>\n<p>Ta emot och skicka best\u00e4llningar<\/p>\n<p>Lagerjusteringar<\/p>\n","feature_repeater":[{"text":"Till\u00e4gg till Basic och premium","tooltip_text":""},{"text":"Mobilt och scannerv\u00e4nligt gr\u00e4nssnitt","tooltip_text":""},{"text":"Enkel streckkodsskanning och lagerr\u00e4kning","tooltip_text":""},{"text":"Ta emot och skicka best\u00e4llningar","tooltip_text":""},{"text":"Lagerjusteringar","tooltip_text":""},{"text":"Tillg\u00e5ng till mobilappen","tooltip_text":""}],"button_label":"Prova systemet","button_link":"https:\/\/app.rackbeat.com\/register?locale=sv","button_color":"blue"}],"extra_content_title_subscription":"","additional_content_editor_subscription":"<p><strong>Effektiv plockning och packning<\/strong><br \/>\nDu kan enkelt och snabbt plocka och packa best\u00e4llningarna fr\u00e5n lagret direkt p\u00e5 din smartphone under fliken &#8221;Plocka och packa.&#8221; Plocklistorna och f\u00f6ljesedlarna finns d\u00e4rf\u00f6r n\u00e4ra till hands, s\u00e5 att du inte beh\u00f6ver spendera tid p\u00e5 att g\u00e5 fram och tillbaka mellan den b\u00e4rbara datorn och lagerhyllan. N\u00e4r hela ordern \u00e4r plockad och packad, kommer orderns status automatiskt att uppdateras i Rackbeat, s\u00e5 att den \u00e4r redo f\u00f6r s\u00e4ndning.<\/p>\n<p><strong>Snabb lagerinventering och justeringar<\/strong><br \/>\nMed mobilappen kan du eller dina medarbetare r\u00e4kna eller justera lagret direkt fr\u00e5n smartphonen under flikarna &#8221;Inventering&#8221; och &#8221;Justeringar.&#8221; Det g\u00f6r det enkelt att skapa en \u00f6versikt \u00f6ver de varor som f\u00f6retaget har i lager. Med en direkt anslutning till er Rackbeat-\u00f6verenskommelse kommer informationen automatiskt att vara tillg\u00e4nglig i den samlade lager\u00f6versikten.<\/p>\n<p><strong>Full kontroll \u00f6ver varumottagningar och best\u00e4llningar<\/strong><br \/>\nDu kan ocks\u00e5 enkelt registrera dina varumottagningar fr\u00e5n mobilen s\u00e5 snart l\u00e5dorna eller pallarna med varor levereras till dig, under fliken &#8221;Mottag.&#8221; Du f\u00e5r ocks\u00e5 en mycket \u00f6versk\u00e5dlig \u00f6versikt \u00f6ver dina best\u00e4llningsordrar, leverant\u00f6rer och \u00f6nskade leveransdatum.<\/p>\n","custom_head_script":""},"_links":{"self":[{"href":"https:\/\/rackbeat.com\/sv\/wp-json\/wp\/v2\/pages\/7422","targetHints":{"allow":["GET"]}}],"collection":[{"href":"https:\/\/rackbeat.com\/sv\/wp-json\/wp\/v2\/pages"}],"about":[{"href":"https:\/\/rackbeat.com\/sv\/wp-json\/wp\/v2\/types\/page"}],"author":[{"embeddable":true,"href":"https:\/\/rackbeat.com\/sv\/wp-json\/wp\/v2\/users\/2"}],"replies":[{"embeddable":true,"href":"https:\/\/rackbeat.com\/sv\/wp-json\/wp\/v2\/comments?post=7422"}],"version-history":[{"count":15,"href":"https:\/\/rackbeat.com\/sv\/wp-json\/wp\/v2\/pages\/7422\/revisions"}],"predecessor-version":[{"id":17063,"href":"https:\/\/rackbeat.com\/sv\/wp-json\/wp\/v2\/pages\/7422\/revisions\/17063"}],"wp:attachment":[{"href":"https:\/\/rackbeat.com\/sv\/wp-json\/wp\/v2\/media?parent=7422"}],"curies":[{"name":"wp","href":"https:\/\/api.w.org\/{rel}","templated":true}]}}