{"id":7417,"date":"2022-06-30T09:39:50","date_gmt":"2022-06-30T09:39:50","guid":{"rendered":"https:\/\/rackbeat.com\/?page_id=7417"},"modified":"2023-10-25T10:12:52","modified_gmt":"2023-10-25T09:12:52","slug":"batchhantering","status":"publish","type":"page","link":"https:\/\/rackbeat.com\/sv\/batchhantering\/","title":{"rendered":"Batchhantering"},"content":{"rendered":"","protected":false},"excerpt":{"rendered":"","protected":false},"author":2,"featured_media":0,"parent":0,"menu_order":0,"comment_status":"closed","ping_status":"closed","template":"page-templates\/prices-subscription.php","meta":{"content-type":"","inline_featured_image":false,"footnotes":""},"class_list":["post-7417","page","type-page","status-publish","hentry"],"yoast_head":"<!-- This site is optimized with the Yoast SEO Premium plugin v20.0 (Yoast SEO v25.9) - https:\/\/yoast.com\/wordpress\/plugins\/seo\/ -->\n<title>Batchhantering | Batchsp\u00e5rning och utg\u00e5ngsdatum | Rackbeat<\/title>\n<meta name=\"description\" content=\"Batchhantering l\u00e5ter dig kontrollera artiklars h\u00e5llbarhet, vilka partier i ditt lager som ska s\u00e4ljas f\u00f6rst.\" \/>\n<meta name=\"robots\" content=\"index, follow, max-snippet:-1, max-image-preview:large, max-video-preview:-1\" \/>\n<link rel=\"canonical\" href=\"https:\/\/rackbeat.com\/sv\/batchhantering\/\" \/>\n<meta property=\"og:locale\" content=\"sv_SE\" \/>\n<meta property=\"og:type\" content=\"article\" \/>\n<meta property=\"og:title\" content=\"Batchhantering\" \/>\n<meta property=\"og:description\" content=\"Batchhantering l\u00e5ter dig kontrollera artiklars h\u00e5llbarhet, vilka partier i ditt lager som ska s\u00e4ljas f\u00f6rst.\" \/>\n<meta property=\"og:url\" content=\"https:\/\/rackbeat.com\/sv\/batchhantering\/\" \/>\n<meta property=\"og:site_name\" content=\"Rackbeat\" \/>\n<meta property=\"article:modified_time\" content=\"2023-10-25T09:12:52+00:00\" \/>\n<meta name=\"twitter:card\" content=\"summary_large_image\" \/>\n<script type=\"application\/ld+json\" class=\"yoast-schema-graph\">{\"@context\":\"https:\/\/schema.org\",\"@graph\":[{\"@type\":\"WebPage\",\"@id\":\"https:\/\/rackbeat.com\/sv\/batchhantering\/\",\"url\":\"https:\/\/rackbeat.com\/sv\/batchhantering\/\",\"name\":\"Batchhantering | Batchsp\u00e5rning och utg\u00e5ngsdatum | Rackbeat\",\"isPartOf\":{\"@id\":\"https:\/\/rackbeat.com\/sv\/#website\"},\"datePublished\":\"2022-06-30T09:39:50+00:00\",\"dateModified\":\"2023-10-25T09:12:52+00:00\",\"description\":\"Batchhantering l\u00e5ter dig kontrollera artiklars h\u00e5llbarhet, vilka partier i ditt lager som ska s\u00e4ljas f\u00f6rst.\",\"breadcrumb\":{\"@id\":\"https:\/\/rackbeat.com\/sv\/batchhantering\/#breadcrumb\"},\"inLanguage\":\"sv-SE\",\"potentialAction\":[{\"@type\":\"ReadAction\",\"target\":[\"https:\/\/rackbeat.com\/sv\/batchhantering\/\"]}]},{\"@type\":\"BreadcrumbList\",\"@id\":\"https:\/\/rackbeat.com\/sv\/batchhantering\/#breadcrumb\",\"itemListElement\":[{\"@type\":\"ListItem\",\"position\":1,\"name\":\"Framsida\",\"item\":\"https:\/\/rackbeat.com\/sv\/\"},{\"@type\":\"ListItem\",\"position\":2,\"name\":\"Batchhantering\"}]},{\"@type\":\"WebSite\",\"@id\":\"https:\/\/rackbeat.com\/sv\/#website\",\"url\":\"https:\/\/rackbeat.com\/sv\/\",\"name\":\"Rackbeat\",\"description\":\"Effektiv lagerstyring\",\"publisher\":{\"@id\":\"https:\/\/rackbeat.com\/sv\/#organization\"},\"potentialAction\":[{\"@type\":\"SearchAction\",\"target\":{\"@type\":\"EntryPoint\",\"urlTemplate\":\"https:\/\/rackbeat.com\/sv\/?s={search_term_string}\"},\"query-input\":{\"@type\":\"PropertyValueSpecification\",\"valueRequired\":true,\"valueName\":\"search_term_string\"}}],\"inLanguage\":\"sv-SE\"},{\"@type\":\"Organization\",\"@id\":\"https:\/\/rackbeat.com\/sv\/#organization\",\"name\":\"Rackbeat\",\"url\":\"https:\/\/rackbeat.com\/sv\/\",\"logo\":{\"@type\":\"ImageObject\",\"inLanguage\":\"sv-SE\",\"@id\":\"https:\/\/rackbeat.com\/sv\/#\/schema\/logo\/image\/\",\"url\":\"\",\"contentUrl\":\"\",\"caption\":\"Rackbeat\"},\"image\":{\"@id\":\"https:\/\/rackbeat.com\/sv\/#\/schema\/logo\/image\/\"}}]}<\/script>\n<!-- \/ Yoast SEO Premium plugin. -->","yoast_head_json":{"title":"Batchhantering | Batchsp\u00e5rning och utg\u00e5ngsdatum | Rackbeat","description":"Batchhantering l\u00e5ter dig kontrollera artiklars h\u00e5llbarhet, vilka partier i ditt lager som ska s\u00e4ljas f\u00f6rst.","robots":{"index":"index","follow":"follow","max-snippet":"max-snippet:-1","max-image-preview":"max-image-preview:large","max-video-preview":"max-video-preview:-1"},"canonical":"https:\/\/rackbeat.com\/sv\/batchhantering\/","og_locale":"sv_SE","og_type":"article","og_title":"Batchhantering","og_description":"Batchhantering l\u00e5ter dig kontrollera artiklars h\u00e5llbarhet, vilka partier i ditt lager som ska s\u00e4ljas f\u00f6rst.","og_url":"https:\/\/rackbeat.com\/sv\/batchhantering\/","og_site_name":"Rackbeat","article_modified_time":"2023-10-25T09:12:52+00:00","twitter_card":"summary_large_image","schema":{"@context":"https:\/\/schema.org","@graph":[{"@type":"WebPage","@id":"https:\/\/rackbeat.com\/sv\/batchhantering\/","url":"https:\/\/rackbeat.com\/sv\/batchhantering\/","name":"Batchhantering | Batchsp\u00e5rning och utg\u00e5ngsdatum | Rackbeat","isPartOf":{"@id":"https:\/\/rackbeat.com\/sv\/#website"},"datePublished":"2022-06-30T09:39:50+00:00","dateModified":"2023-10-25T09:12:52+00:00","description":"Batchhantering l\u00e5ter dig kontrollera artiklars h\u00e5llbarhet, vilka partier i ditt lager som ska s\u00e4ljas f\u00f6rst.","breadcrumb":{"@id":"https:\/\/rackbeat.com\/sv\/batchhantering\/#breadcrumb"},"inLanguage":"sv-SE","potentialAction":[{"@type":"ReadAction","target":["https:\/\/rackbeat.com\/sv\/batchhantering\/"]}]},{"@type":"BreadcrumbList","@id":"https:\/\/rackbeat.com\/sv\/batchhantering\/#breadcrumb","itemListElement":[{"@type":"ListItem","position":1,"name":"Framsida","item":"https:\/\/rackbeat.com\/sv\/"},{"@type":"ListItem","position":2,"name":"Batchhantering"}]},{"@type":"WebSite","@id":"https:\/\/rackbeat.com\/sv\/#website","url":"https:\/\/rackbeat.com\/sv\/","name":"Rackbeat","description":"Effektiv lagerstyring","publisher":{"@id":"https:\/\/rackbeat.com\/sv\/#organization"},"potentialAction":[{"@type":"SearchAction","target":{"@type":"EntryPoint","urlTemplate":"https:\/\/rackbeat.com\/sv\/?s={search_term_string}"},"query-input":{"@type":"PropertyValueSpecification","valueRequired":true,"valueName":"search_term_string"}}],"inLanguage":"sv-SE"},{"@type":"Organization","@id":"https:\/\/rackbeat.com\/sv\/#organization","name":"Rackbeat","url":"https:\/\/rackbeat.com\/sv\/","logo":{"@type":"ImageObject","inLanguage":"sv-SE","@id":"https:\/\/rackbeat.com\/sv\/#\/schema\/logo\/image\/","url":"","contentUrl":"","caption":"Rackbeat"},"image":{"@id":"https:\/\/rackbeat.com\/sv\/#\/schema\/logo\/image\/"}}]}},"ACF":{"hero_title":"F\u00e5 tillg\u00e5ng till batchhantering","hero_content_title":"Sp\u00e5rning \u00f6ver k\u00f6p, f\u00f6rs\u00e4ljning och ditt lager","hero_content_para":"<p>Uppn\u00e5 fullst\u00e4ndig sp\u00e5rbarhet fr\u00e5n ink\u00f6p av r\u00e5varor till produktion och f\u00f6rs\u00e4ljning.<\/p>\n<p>Batchhantering \u00e4r mycket effektivt n\u00e4r du s\u00e4ljer vidare varor som har k\u00f6pts med ett batchnummer, eller om du producerar batcher sj\u00e4lv.<\/p>\n<p>Du kan n\u00e4r som helst k\u00f6pa batchkontroll f\u00f6r ditt abonnemang.<\/p>\n<h4><strong>S\u00e5 h\u00e4r provar du till\u00e4ggsmodulen<\/strong><\/h4>\n<p>&nbsp;<\/p>\n<p>N\u00e4r du klickar p\u00e5 &#8221;Prova systemet&#8221; m\u00e5ste du f\u00f6rst skapa en inloggning, varefter du kommer att f\u00e5 ett avtalsnummer. Detta ger dig tillg\u00e5ng till hela systemet &#8211; och inte till ett specifikt till\u00e4ggsmodul fr\u00e5n start.<\/p>\n<p>F\u00f6r att f\u00e5 tillg\u00e5ng till till\u00e4ggsmodulen, h\u00e5ller du musen \u00f6ver ditt anv\u00e4ndarnamn l\u00e4ngst upp till h\u00f6ger och g\u00e5r till &#8221;Anv\u00e4ndarinst\u00e4llningar.&#8221; Tryck sedan p\u00e5 &#8221;Till\u00e4ggsmoduler&#8221; till v\u00e4nster. H\u00e4r inne har du m\u00f6jligheten att installera till\u00e4ggsmodulen.<\/p>\n<p><strong>OBS:<\/strong> Om du redan har en aktiv Rackbeat-anv\u00e4ndare och vill prova till\u00e4ggsmodulen, m\u00e5ste du skapa en ny gratis anv\u00e4ndare. Om du f\u00f6ljer instruktionerna ovan med ditt befintliga konto kommer du att registreras som en aktiv betalande anv\u00e4ndare.<\/p>\n<p>Om du \u00e4r os\u00e4ker p\u00e5 hur du installerar till\u00e4ggsmodulen eller anpassar den till dina arbetsfl\u00f6den kan du alltid kontakta en av v\u00e5ra lagerexperter, som kommer att guida dig genom Rackbeat.<\/p>\n<p>&nbsp;<\/p>\n<p><!--HubSpot Call-to-Action Code --><span id=\"hs-cta-wrapper-0cd25088-0a47-40ce-ba82-7f836c846020\" class=\"hs-cta-wrapper\"><span id=\"hs-cta-0cd25088-0a47-40ce-ba82-7f836c846020\" class=\"hs-cta-node hs-cta-0cd25088-0a47-40ce-ba82-7f836c846020\"><!-- [if lte IE 8]>\n\n\n<div id=\"hs-cta-ie-element\"><\/div>\n\n\n<![endif]--><a href=\"https:\/\/cta-redirect.hubspot.com\/cta\/redirect\/20251362\/0cd25088-0a47-40ce-ba82-7f836c846020\"><img decoding=\"async\" id=\"hs-cta-img-0cd25088-0a47-40ce-ba82-7f836c846020\" class=\"hs-cta-img\" style=\"border-width: 0px;\" src=\"https:\/\/no-cache.hubspot.com\/cta\/default\/20251362\/0cd25088-0a47-40ce-ba82-7f836c846020.png\" alt=\"Boka en demo\" \/><\/a><\/span><script charset=\"utf-8\" src=\"https:\/\/js.hscta.net\/cta\/current.js\"><\/script><script type=\"text\/javascript\"> hbspt.cta.load(20251362, '0cd25088-0a47-40ce-ba82-7f836c846020', {\"useNewLoader\":\"true\",\"region\":\"na1\"}); <\/script><\/span><!-- end HubSpot Call-to-Action Code --><\/p>\n","hero_content_quote":"Du kan n\u00e4r som helst k\u00f6pa batchkontroll f\u00f6r ditt abonnemang","hero_packages":[{"title":"Batchhantering","price":"599 SEK","description":"Per m\u00e5nad. Per anv\u00e4ndare","ribbon":"","ribbon_bg_color":"#3498db","ribbon_font_color":"#FFFFFF","features":"<p>Serienummer batchkontroll<\/p>\n<p>Alternativ att koppla batchkontroll till Produktion<\/p>\n<p>Batchsp\u00e5rning fr\u00e5n ink\u00f6p<\/p>\n<p>Batchsp\u00e5rning av kundorder<\/p>\n<p>Anpassat f\u00f6rfallodatum\/f\u00f6rfallodag till en vald batch<\/p>\n","feature_repeater":[{"text":"Serienummer batchkontroll","tooltip_text":""},{"text":"Alternativ att koppla batchkontroll till Produktion","tooltip_text":""},{"text":"Batchsp\u00e5rning fr\u00e5n ink\u00f6p","tooltip_text":""},{"text":"Batchsp\u00e5rning av kundorder","tooltip_text":""},{"text":"Anpassat f\u00f6rfallodatum\/f\u00f6rfallodag till en vald batch","tooltip_text":""}],"button_label":"Prova systemet","button_link":"https:\/\/app.rackbeat.com\/register?locale=sv","button_color":"blue"}],"extra_content_title_subscription":"","additional_content_editor_subscription":"<p><strong>Uppn\u00e5 fullst\u00e4ndig sp\u00e5rbarhet<\/strong><\/p>\n<p>vilket g\u00f6r det enkelt att hitta produkter fr\u00e5n en specifik batch ifall du beh\u00f6ver \u00e5terkalla vissa produkter. Om du f\u00e5r problem med vissa produkter g\u00f6r systemet det enkelt att identifiera leverant\u00f6ren av dessa varor.<\/p>\n<p>Sluta anv\u00e4nda on\u00f6diga tidssp\u00e5rningsprodukter eller partier. Rackbeat g\u00f6r det hela enkelt och ger dig m\u00f6jlighet att reagera snabbare p\u00e5 problem.<\/p>\n<p>Batchhantering passar s\u00e4rskilt bra f\u00f6r f\u00f6retag som arbetar med livsmedel, medicin eller andra produkter med kort utg\u00e5ngsdatum.<\/p>\n<p>L\u00e4s mer om hur du kommer ig\u00e5ng med batchhantering <a href=\"https:\/\/helpdesk.rackbeat.com\/knowledge\/add-on-batch\">h\u00e4r<\/a>.<\/p>\n","custom_head_script":""},"_links":{"self":[{"href":"https:\/\/rackbeat.com\/sv\/wp-json\/wp\/v2\/pages\/7417","targetHints":{"allow":["GET"]}}],"collection":[{"href":"https:\/\/rackbeat.com\/sv\/wp-json\/wp\/v2\/pages"}],"about":[{"href":"https:\/\/rackbeat.com\/sv\/wp-json\/wp\/v2\/types\/page"}],"author":[{"embeddable":true,"href":"https:\/\/rackbeat.com\/sv\/wp-json\/wp\/v2\/users\/2"}],"replies":[{"embeddable":true,"href":"https:\/\/rackbeat.com\/sv\/wp-json\/wp\/v2\/comments?post=7417"}],"version-history":[{"count":10,"href":"https:\/\/rackbeat.com\/sv\/wp-json\/wp\/v2\/pages\/7417\/revisions"}],"predecessor-version":[{"id":17059,"href":"https:\/\/rackbeat.com\/sv\/wp-json\/wp\/v2\/pages\/7417\/revisions\/17059"}],"wp:attachment":[{"href":"https:\/\/rackbeat.com\/sv\/wp-json\/wp\/v2\/media?parent=7417"}],"curies":[{"name":"wp","href":"https:\/\/api.w.org\/{rel}","templated":true}]}}