{"id":7414,"date":"2022-06-30T09:37:05","date_gmt":"2022-06-30T09:37:05","guid":{"rendered":"https:\/\/rackbeat.com\/?page_id=7414"},"modified":"2025-11-04T14:34:18","modified_gmt":"2025-11-04T12:34:18","slug":"b2b-modul","status":"publish","type":"page","link":"https:\/\/rackbeat.com\/sv\/b2b-modul\/","title":{"rendered":"B2B-modul"},"content":{"rendered":"","protected":false},"excerpt":{"rendered":"","protected":false},"author":2,"featured_media":0,"parent":0,"menu_order":0,"comment_status":"closed","ping_status":"closed","template":"page-templates\/prices-subscription.php","meta":{"content-type":"","inline_featured_image":false,"footnotes":""},"class_list":["post-7414","page","type-page","status-publish","hentry"],"yoast_head":"<!-- This site is optimized with the Yoast SEO Premium plugin v20.0 (Yoast SEO v25.9) - https:\/\/yoast.com\/wordpress\/plugins\/seo\/ -->\n<title>B2B-modul | webbshopen f\u00f6r dina B2B-kunder | Rackbeat<\/title>\n<meta name=\"description\" content=\"I till\u00e4ggsmodulen B2B f\u00e5r du tillg\u00e5ng till funktioner som minskar kostnaderna, genererar merf\u00f6rs\u00e4ljning och f\u00f6rb\u00e4ttrar servicen f\u00f6r dina kunder.\" \/>\n<meta name=\"robots\" content=\"index, follow, max-snippet:-1, max-image-preview:large, max-video-preview:-1\" \/>\n<link rel=\"canonical\" href=\"https:\/\/rackbeat.com\/sv\/b2b-modul\/\" \/>\n<meta property=\"og:locale\" content=\"sv_SE\" \/>\n<meta property=\"og:type\" content=\"article\" \/>\n<meta property=\"og:title\" content=\"B2B-modul\" \/>\n<meta property=\"og:description\" content=\"I till\u00e4ggsmodulen B2B f\u00e5r du tillg\u00e5ng till funktioner som minskar kostnaderna, genererar merf\u00f6rs\u00e4ljning och f\u00f6rb\u00e4ttrar servicen f\u00f6r dina kunder.\" \/>\n<meta property=\"og:url\" content=\"https:\/\/rackbeat.com\/sv\/b2b-modul\/\" \/>\n<meta property=\"og:site_name\" content=\"Rackbeat\" \/>\n<meta property=\"article:modified_time\" content=\"2025-11-04T12:34:18+00:00\" \/>\n<meta name=\"twitter:card\" content=\"summary_large_image\" \/>\n<script type=\"application\/ld+json\" class=\"yoast-schema-graph\">{\"@context\":\"https:\/\/schema.org\",\"@graph\":[{\"@type\":\"WebPage\",\"@id\":\"https:\/\/rackbeat.com\/sv\/b2b-modul\/\",\"url\":\"https:\/\/rackbeat.com\/sv\/b2b-modul\/\",\"name\":\"B2B-modul | webbshopen f\u00f6r dina B2B-kunder | Rackbeat\",\"isPartOf\":{\"@id\":\"https:\/\/rackbeat.com\/sv\/#website\"},\"datePublished\":\"2022-06-30T09:37:05+00:00\",\"dateModified\":\"2025-11-04T12:34:18+00:00\",\"description\":\"I till\u00e4ggsmodulen B2B f\u00e5r du tillg\u00e5ng till funktioner som minskar kostnaderna, genererar merf\u00f6rs\u00e4ljning och f\u00f6rb\u00e4ttrar servicen f\u00f6r dina kunder.\",\"breadcrumb\":{\"@id\":\"https:\/\/rackbeat.com\/sv\/b2b-modul\/#breadcrumb\"},\"inLanguage\":\"sv-SE\",\"potentialAction\":[{\"@type\":\"ReadAction\",\"target\":[\"https:\/\/rackbeat.com\/sv\/b2b-modul\/\"]}]},{\"@type\":\"BreadcrumbList\",\"@id\":\"https:\/\/rackbeat.com\/sv\/b2b-modul\/#breadcrumb\",\"itemListElement\":[{\"@type\":\"ListItem\",\"position\":1,\"name\":\"Framsida\",\"item\":\"https:\/\/rackbeat.com\/sv\/\"},{\"@type\":\"ListItem\",\"position\":2,\"name\":\"B2B-modul\"}]},{\"@type\":\"WebSite\",\"@id\":\"https:\/\/rackbeat.com\/sv\/#website\",\"url\":\"https:\/\/rackbeat.com\/sv\/\",\"name\":\"Rackbeat\",\"description\":\"Effektiv lagerstyring\",\"publisher\":{\"@id\":\"https:\/\/rackbeat.com\/sv\/#organization\"},\"potentialAction\":[{\"@type\":\"SearchAction\",\"target\":{\"@type\":\"EntryPoint\",\"urlTemplate\":\"https:\/\/rackbeat.com\/sv\/?s={search_term_string}\"},\"query-input\":{\"@type\":\"PropertyValueSpecification\",\"valueRequired\":true,\"valueName\":\"search_term_string\"}}],\"inLanguage\":\"sv-SE\"},{\"@type\":\"Organization\",\"@id\":\"https:\/\/rackbeat.com\/sv\/#organization\",\"name\":\"Rackbeat\",\"url\":\"https:\/\/rackbeat.com\/sv\/\",\"logo\":{\"@type\":\"ImageObject\",\"inLanguage\":\"sv-SE\",\"@id\":\"https:\/\/rackbeat.com\/sv\/#\/schema\/logo\/image\/\",\"url\":\"\",\"contentUrl\":\"\",\"caption\":\"Rackbeat\"},\"image\":{\"@id\":\"https:\/\/rackbeat.com\/sv\/#\/schema\/logo\/image\/\"}}]}<\/script>\n<!-- \/ Yoast SEO Premium plugin. -->","yoast_head_json":{"title":"B2B-modul | webbshopen f\u00f6r dina B2B-kunder | Rackbeat","description":"I till\u00e4ggsmodulen B2B f\u00e5r du tillg\u00e5ng till funktioner som minskar kostnaderna, genererar merf\u00f6rs\u00e4ljning och f\u00f6rb\u00e4ttrar servicen f\u00f6r dina kunder.","robots":{"index":"index","follow":"follow","max-snippet":"max-snippet:-1","max-image-preview":"max-image-preview:large","max-video-preview":"max-video-preview:-1"},"canonical":"https:\/\/rackbeat.com\/sv\/b2b-modul\/","og_locale":"sv_SE","og_type":"article","og_title":"B2B-modul","og_description":"I till\u00e4ggsmodulen B2B f\u00e5r du tillg\u00e5ng till funktioner som minskar kostnaderna, genererar merf\u00f6rs\u00e4ljning och f\u00f6rb\u00e4ttrar servicen f\u00f6r dina kunder.","og_url":"https:\/\/rackbeat.com\/sv\/b2b-modul\/","og_site_name":"Rackbeat","article_modified_time":"2025-11-04T12:34:18+00:00","twitter_card":"summary_large_image","schema":{"@context":"https:\/\/schema.org","@graph":[{"@type":"WebPage","@id":"https:\/\/rackbeat.com\/sv\/b2b-modul\/","url":"https:\/\/rackbeat.com\/sv\/b2b-modul\/","name":"B2B-modul | webbshopen f\u00f6r dina B2B-kunder | Rackbeat","isPartOf":{"@id":"https:\/\/rackbeat.com\/sv\/#website"},"datePublished":"2022-06-30T09:37:05+00:00","dateModified":"2025-11-04T12:34:18+00:00","description":"I till\u00e4ggsmodulen B2B f\u00e5r du tillg\u00e5ng till funktioner som minskar kostnaderna, genererar merf\u00f6rs\u00e4ljning och f\u00f6rb\u00e4ttrar servicen f\u00f6r dina kunder.","breadcrumb":{"@id":"https:\/\/rackbeat.com\/sv\/b2b-modul\/#breadcrumb"},"inLanguage":"sv-SE","potentialAction":[{"@type":"ReadAction","target":["https:\/\/rackbeat.com\/sv\/b2b-modul\/"]}]},{"@type":"BreadcrumbList","@id":"https:\/\/rackbeat.com\/sv\/b2b-modul\/#breadcrumb","itemListElement":[{"@type":"ListItem","position":1,"name":"Framsida","item":"https:\/\/rackbeat.com\/sv\/"},{"@type":"ListItem","position":2,"name":"B2B-modul"}]},{"@type":"WebSite","@id":"https:\/\/rackbeat.com\/sv\/#website","url":"https:\/\/rackbeat.com\/sv\/","name":"Rackbeat","description":"Effektiv lagerstyring","publisher":{"@id":"https:\/\/rackbeat.com\/sv\/#organization"},"potentialAction":[{"@type":"SearchAction","target":{"@type":"EntryPoint","urlTemplate":"https:\/\/rackbeat.com\/sv\/?s={search_term_string}"},"query-input":{"@type":"PropertyValueSpecification","valueRequired":true,"valueName":"search_term_string"}}],"inLanguage":"sv-SE"},{"@type":"Organization","@id":"https:\/\/rackbeat.com\/sv\/#organization","name":"Rackbeat","url":"https:\/\/rackbeat.com\/sv\/","logo":{"@type":"ImageObject","inLanguage":"sv-SE","@id":"https:\/\/rackbeat.com\/sv\/#\/schema\/logo\/image\/","url":"","contentUrl":"","caption":"Rackbeat"},"image":{"@id":"https:\/\/rackbeat.com\/sv\/#\/schema\/logo\/image\/"}}]}},"ACF":{"hero_title":"F\u00e5 tillg\u00e5ng till v\u00e5r B2B-modul","hero_content_title":"Ge dina kunder m\u00f6jlighet att handla hos dig lika enkelt som i en webbshop","hero_content_para":"<p>Vi har tagit fram ett till\u00e4gg som kommer att \u00f6ka f\u00f6rdelarna med lagerhantering f\u00f6r f\u00f6retag som arbetar\u00a0<a href=\"https:\/\/rackbeat.com\/sv\/grossist\/\">B2B<\/a>.<\/p>\n<p>Du f\u00e5r tillg\u00e5ng till funktioner som minskar kostnaderna, \u00f6kar f\u00f6rs\u00e4ljningen och f\u00f6rb\u00e4ttrar servicen.<\/p>\n<p>Du kan k\u00f6pa B2B-modulen n\u00e4r som helst, oavsett om du har ett bas- eller premiumabonnemang<\/p>\n<p>Du kan l\u00e4sa mer om hur du kommer ig\u00e5ng med en till\u00e4ggsmodul <a href=\"https:\/\/helpdesk.rackbeat.com\/knowledge\/getting-started#add-ons\">h\u00e4r<\/a>.<\/p>\n<p>&nbsp;<\/p>\n<h4><strong>S\u00e5 h\u00e4r provar du till\u00e4ggsmodulen<\/strong><\/h4>\n<p>&nbsp;<\/p>\n<p>N\u00e4r du klickar p\u00e5 &#8221;Prova systemet &#8221; m\u00e5ste du f\u00f6rst skapa en inloggning, varefter du kommer att f\u00e5 ett avtalsnummer. Detta ger dig tillg\u00e5ng till hela systemet &#8211; och inte till ett specifikt till\u00e4ggsmodul fr\u00e5n start.<\/p>\n<p>F\u00f6r att f\u00e5 tillg\u00e5ng till till\u00e4ggsmodulen, h\u00e5ller du musen \u00f6ver ditt anv\u00e4ndarnamn l\u00e4ngst upp till h\u00f6ger och g\u00e5r till &#8221;Anv\u00e4ndarinst\u00e4llningar.&#8221; Tryck sedan p\u00e5 &#8221;Till\u00e4ggsmoduler&#8221; till v\u00e4nster. H\u00e4r inne har du m\u00f6jligheten att installera till\u00e4ggsmodulen.<\/p>\n<p><strong>OBS:<\/strong> Om du redan har en aktiv Rackbeat-anv\u00e4ndare och vill prova till\u00e4ggsmodulen, m\u00e5ste du skapa en ny gratis anv\u00e4ndare. Om du f\u00f6ljer instruktionerna ovan med ditt befintliga konto kommer du att registreras som en aktiv betalande anv\u00e4ndare.<\/p>\n<p>Om du \u00e4r os\u00e4ker p\u00e5 hur du installerar till\u00e4ggsmodulen eller anpassar den till dina arbetsfl\u00f6den kan du alltid kontakta en av v\u00e5ra lagerexperter, som kommer att guida dig genom Rackbeat.<\/p>\n<p><!--HubSpot Call-to-Action Code --><span id=\"hs-cta-wrapper-0cd25088-0a47-40ce-ba82-7f836c846020\" class=\"hs-cta-wrapper\"><span id=\"hs-cta-0cd25088-0a47-40ce-ba82-7f836c846020\" class=\"hs-cta-node hs-cta-0cd25088-0a47-40ce-ba82-7f836c846020\"><!-- [if lte IE 8]>\n\n\n<div id=\"hs-cta-ie-element\"><\/div>\n\n\n<![endif]--><a href=\"https:\/\/cta-redirect.hubspot.com\/cta\/redirect\/20251362\/0cd25088-0a47-40ce-ba82-7f836c846020\"><img decoding=\"async\" id=\"hs-cta-img-0cd25088-0a47-40ce-ba82-7f836c846020\" class=\"hs-cta-img\" style=\"border-width: 0px;\" src=\"https:\/\/no-cache.hubspot.com\/cta\/default\/20251362\/0cd25088-0a47-40ce-ba82-7f836c846020.png\" alt=\"Boka en demo\" \/><\/a><\/span><script charset=\"utf-8\" src=\"https:\/\/js.hscta.net\/cta\/current.js\"><\/script><script type=\"text\/javascript\"> hbspt.cta.load(20251362, '0cd25088-0a47-40ce-ba82-7f836c846020', {\"useNewLoader\":\"true\",\"region\":\"na1\"}); <\/script><\/span><!-- end HubSpot Call-to-Action Code --><\/p>\n","hero_content_quote":"","hero_packages":[{"title":"B2B-modul","price":"","description":"","ribbon":"","ribbon_bg_color":"#3498db","ribbon_font_color":"#FFFFFF","features":"<p>Direkt orderkommunikation<\/p>\n<p>Aviseringar skickade direkt till ansvarig s\u00e4ljare<\/p>\n<p>Kunden kan se ditt lager<\/p>\n<p>ENKEL orderhantering<\/p>\n","feature_repeater":[{"text":"Direkt orderkommunikation","tooltip_text":""},{"text":"Aviseringar skickade direkt till ansvarig s\u00e4ljare","tooltip_text":""},{"text":"Kunden kan se ditt lager","tooltip_text":""},{"text":"ENKEL orderhantering","tooltip_text":""}],"button_label":"Prova systemet ","button_link":"https:\/\/app.rackbeat.com\/register?locale=sv","button_color":"blue"}],"extra_content_title_subscription":"","additional_content_editor_subscription":"<p><strong>Direkt orderkommunikation<\/strong><\/p>\n<p>Undvik kommunikation \u00f6ver plattformar, missf\u00f6rst\u00e5nd och f\u00f6rvirring ang\u00e5ende best\u00e4llningen. Alla inblandade parter kommer att ha tillg\u00e5ng till den information som beh\u00f6vs.<\/p>\n<p><strong>Meddelanden skickas direkt till ansvarig s\u00e4ljare<\/strong><\/p>\n<p>Snabba svar p\u00e5 till\u00e4gg eller \u00e4ndringar \u00e4r m\u00f6jliga.<\/p>\n<p><strong>L\u00e5t kunden se ditt lager<\/strong><\/p>\n<p>Spara tid genom att g\u00f6ra det enkelt f\u00f6r dina kunder att utv\u00e4rdera om en n\u00f6dv\u00e4ndig leverans \u00e4r m\u00f6jlig. G\u00f6r beslutet att g\u00f6ra en best\u00e4llning l\u00e4ttare.<\/p>\n<p><strong>Orderhantering har aldrig varit enklare<\/strong><\/p>\n","custom_head_script":""},"_links":{"self":[{"href":"https:\/\/rackbeat.com\/sv\/wp-json\/wp\/v2\/pages\/7414","targetHints":{"allow":["GET"]}}],"collection":[{"href":"https:\/\/rackbeat.com\/sv\/wp-json\/wp\/v2\/pages"}],"about":[{"href":"https:\/\/rackbeat.com\/sv\/wp-json\/wp\/v2\/types\/page"}],"author":[{"embeddable":true,"href":"https:\/\/rackbeat.com\/sv\/wp-json\/wp\/v2\/users\/2"}],"replies":[{"embeddable":true,"href":"https:\/\/rackbeat.com\/sv\/wp-json\/wp\/v2\/comments?post=7414"}],"version-history":[{"count":10,"href":"https:\/\/rackbeat.com\/sv\/wp-json\/wp\/v2\/pages\/7414\/revisions"}],"predecessor-version":[{"id":35034,"href":"https:\/\/rackbeat.com\/sv\/wp-json\/wp\/v2\/pages\/7414\/revisions\/35034"}],"wp:attachment":[{"href":"https:\/\/rackbeat.com\/sv\/wp-json\/wp\/v2\/media?parent=7414"}],"curies":[{"name":"wp","href":"https:\/\/api.w.org\/{rel}","templated":true}]}}