{"id":34798,"date":"2025-10-30T10:03:37","date_gmt":"2025-10-30T08:03:37","guid":{"rendered":"https:\/\/rackbeat.com\/?page_id=34798"},"modified":"2026-01-06T13:38:47","modified_gmt":"2026-01-06T11:38:47","slug":"handskanner","status":"publish","type":"page","link":"https:\/\/rackbeat.com\/sv\/handskanner\/","title":{"rendered":"Handskanner"},"content":{"rendered":"","protected":false},"excerpt":{"rendered":"","protected":false},"author":2,"featured_media":0,"parent":0,"menu_order":0,"comment_status":"closed","ping_status":"closed","template":"page-templates\/dynamic-template.php","meta":{"content-type":"","inline_featured_image":false,"footnotes":""},"class_list":["post-34798","page","type-page","status-publish","hentry"],"yoast_head":"<!-- This site is optimized with the Yoast SEO Premium plugin v20.0 (Yoast SEO v25.9) - https:\/\/yoast.com\/wordpress\/plugins\/seo\/ -->\n<title>Handskanner | Rackbeat<\/title>\n<meta name=\"description\" content=\"Optimera lagerarbetet med Rackbeat-handskannern. Skanna varor i realtid, minska fel och koppla samman kontor och lager f\u00f6r snabbare fl\u00f6den.\" \/>\n<meta name=\"robots\" content=\"index, follow, max-snippet:-1, max-image-preview:large, max-video-preview:-1\" \/>\n<link rel=\"canonical\" href=\"https:\/\/rackbeat.com\/sv\/handskanner\/\" \/>\n<meta property=\"og:locale\" content=\"sv_SE\" \/>\n<meta property=\"og:type\" content=\"article\" \/>\n<meta property=\"og:title\" content=\"Handskanner\" \/>\n<meta property=\"og:description\" content=\"Optimera lagerarbetet med Rackbeat-handskannern. Skanna varor i realtid, minska fel och koppla samman kontor och lager f\u00f6r snabbare fl\u00f6den.\" \/>\n<meta property=\"og:url\" content=\"https:\/\/rackbeat.com\/sv\/handskanner\/\" \/>\n<meta property=\"og:site_name\" content=\"Rackbeat\" \/>\n<meta property=\"article:modified_time\" content=\"2026-01-06T11:38:47+00:00\" \/>\n<meta name=\"twitter:card\" content=\"summary_large_image\" \/>\n<script type=\"application\/ld+json\" class=\"yoast-schema-graph\">{\"@context\":\"https:\/\/schema.org\",\"@graph\":[{\"@type\":\"WebPage\",\"@id\":\"https:\/\/rackbeat.com\/sv\/handskanner\/\",\"url\":\"https:\/\/rackbeat.com\/sv\/handskanner\/\",\"name\":\"Handskanner | Rackbeat\",\"isPartOf\":{\"@id\":\"https:\/\/rackbeat.com\/sv\/#website\"},\"datePublished\":\"2025-10-30T08:03:37+00:00\",\"dateModified\":\"2026-01-06T11:38:47+00:00\",\"description\":\"Optimera lagerarbetet med Rackbeat-handskannern. Skanna varor i realtid, minska fel och koppla samman kontor och lager f\u00f6r snabbare fl\u00f6den.\",\"breadcrumb\":{\"@id\":\"https:\/\/rackbeat.com\/sv\/handskanner\/#breadcrumb\"},\"inLanguage\":\"sv-SE\",\"potentialAction\":[{\"@type\":\"ReadAction\",\"target\":[\"https:\/\/rackbeat.com\/sv\/handskanner\/\"]}]},{\"@type\":\"BreadcrumbList\",\"@id\":\"https:\/\/rackbeat.com\/sv\/handskanner\/#breadcrumb\",\"itemListElement\":[{\"@type\":\"ListItem\",\"position\":1,\"name\":\"Framsida\",\"item\":\"https:\/\/rackbeat.com\/sv\/\"},{\"@type\":\"ListItem\",\"position\":2,\"name\":\"Handskanner\"}]},{\"@type\":\"WebSite\",\"@id\":\"https:\/\/rackbeat.com\/sv\/#website\",\"url\":\"https:\/\/rackbeat.com\/sv\/\",\"name\":\"Rackbeat\",\"description\":\"Effektiv lagerstyring\",\"publisher\":{\"@id\":\"https:\/\/rackbeat.com\/sv\/#organization\"},\"potentialAction\":[{\"@type\":\"SearchAction\",\"target\":{\"@type\":\"EntryPoint\",\"urlTemplate\":\"https:\/\/rackbeat.com\/sv\/?s={search_term_string}\"},\"query-input\":{\"@type\":\"PropertyValueSpecification\",\"valueRequired\":true,\"valueName\":\"search_term_string\"}}],\"inLanguage\":\"sv-SE\"},{\"@type\":\"Organization\",\"@id\":\"https:\/\/rackbeat.com\/sv\/#organization\",\"name\":\"Rackbeat\",\"url\":\"https:\/\/rackbeat.com\/sv\/\",\"logo\":{\"@type\":\"ImageObject\",\"inLanguage\":\"sv-SE\",\"@id\":\"https:\/\/rackbeat.com\/sv\/#\/schema\/logo\/image\/\",\"url\":\"\",\"contentUrl\":\"\",\"caption\":\"Rackbeat\"},\"image\":{\"@id\":\"https:\/\/rackbeat.com\/sv\/#\/schema\/logo\/image\/\"}}]}<\/script>\n<!-- \/ Yoast SEO Premium plugin. -->","yoast_head_json":{"title":"Handskanner | Rackbeat","description":"Optimera lagerarbetet med Rackbeat-handskannern. Skanna varor i realtid, minska fel och koppla samman kontor och lager f\u00f6r snabbare fl\u00f6den.","robots":{"index":"index","follow":"follow","max-snippet":"max-snippet:-1","max-image-preview":"max-image-preview:large","max-video-preview":"max-video-preview:-1"},"canonical":"https:\/\/rackbeat.com\/sv\/handskanner\/","og_locale":"sv_SE","og_type":"article","og_title":"Handskanner","og_description":"Optimera lagerarbetet med Rackbeat-handskannern. Skanna varor i realtid, minska fel och koppla samman kontor och lager f\u00f6r snabbare fl\u00f6den.","og_url":"https:\/\/rackbeat.com\/sv\/handskanner\/","og_site_name":"Rackbeat","article_modified_time":"2026-01-06T11:38:47+00:00","twitter_card":"summary_large_image","schema":{"@context":"https:\/\/schema.org","@graph":[{"@type":"WebPage","@id":"https:\/\/rackbeat.com\/sv\/handskanner\/","url":"https:\/\/rackbeat.com\/sv\/handskanner\/","name":"Handskanner | Rackbeat","isPartOf":{"@id":"https:\/\/rackbeat.com\/sv\/#website"},"datePublished":"2025-10-30T08:03:37+00:00","dateModified":"2026-01-06T11:38:47+00:00","description":"Optimera lagerarbetet med Rackbeat-handskannern. Skanna varor i realtid, minska fel och koppla samman kontor och lager f\u00f6r snabbare fl\u00f6den.","breadcrumb":{"@id":"https:\/\/rackbeat.com\/sv\/handskanner\/#breadcrumb"},"inLanguage":"sv-SE","potentialAction":[{"@type":"ReadAction","target":["https:\/\/rackbeat.com\/sv\/handskanner\/"]}]},{"@type":"BreadcrumbList","@id":"https:\/\/rackbeat.com\/sv\/handskanner\/#breadcrumb","itemListElement":[{"@type":"ListItem","position":1,"name":"Framsida","item":"https:\/\/rackbeat.com\/sv\/"},{"@type":"ListItem","position":2,"name":"Handskanner"}]},{"@type":"WebSite","@id":"https:\/\/rackbeat.com\/sv\/#website","url":"https:\/\/rackbeat.com\/sv\/","name":"Rackbeat","description":"Effektiv lagerstyring","publisher":{"@id":"https:\/\/rackbeat.com\/sv\/#organization"},"potentialAction":[{"@type":"SearchAction","target":{"@type":"EntryPoint","urlTemplate":"https:\/\/rackbeat.com\/sv\/?s={search_term_string}"},"query-input":{"@type":"PropertyValueSpecification","valueRequired":true,"valueName":"search_term_string"}}],"inLanguage":"sv-SE"},{"@type":"Organization","@id":"https:\/\/rackbeat.com\/sv\/#organization","name":"Rackbeat","url":"https:\/\/rackbeat.com\/sv\/","logo":{"@type":"ImageObject","inLanguage":"sv-SE","@id":"https:\/\/rackbeat.com\/sv\/#\/schema\/logo\/image\/","url":"","contentUrl":"","caption":"Rackbeat"},"image":{"@id":"https:\/\/rackbeat.com\/sv\/#\/schema\/logo\/image\/"}}]}},"ACF":{"custom_content_script":"","custom_head_script":"","dynamic_sections":[{"acf_fc_layout":"text_image_section","image":false,"image_video":"<p><iframe loading=\"lazy\" title=\"From Office to Warehouse: Launching Rackbeat\u2019s Warehouse Scanner!\" width=\"640\" height=\"360\" src=\"https:\/\/www.youtube.com\/embed\/fG75cqvU-3s?feature=oembed\" frameborder=\"0\" allow=\"accelerometer; autoplay; clipboard-write; encrypted-media; gyroscope; picture-in-picture; web-share\" referrerpolicy=\"strict-origin-when-cross-origin\" allowfullscreen><\/iframe><\/p>\n","title_type":"h1","section_title":"Rackbeat Handskanner - F\u00f6rbindelsen mellan kontor och lager","section_content":"<p>Rackbeat-handskannern kopplar samman kontoret och lagret i realtid och ser till att varje registrering uppdateras omedelbart i ditt lagersystem. Den \u00e4r idealisk f\u00f6r f\u00f6retag med flera medarbetare, h\u00f6g ordervolym, stort produktsortiment eller komplex lagerhantering.<\/p>\n<p>&nbsp;<\/p>\n<ul class=\"list-container checkmark-list list-container list-container-book-demo\">\n<li class=\"list-item\">Skanna med RFID- och streckkodsteknik<\/li>\n<li class=\"list-item\">Robust design f\u00f6r kr\u00e4vande lagerf\u00f6rh\u00e5llanden<\/li>\n<li class=\"list-item\">Effektiv plockning, exakt inventering och snabb skapning av kreditfakturor<\/li>\n<\/ul>\n<p>&nbsp;<\/p>\n<p>Klicka p\u00e5 \u201dBli uppringd\u201d f\u00f6r att ha ett kort samtal med en produktspecialist och ta reda p\u00e5 om skannern \u00e4r r\u00e4tt l\u00f6sning f\u00f6r ditt f\u00f6retag.<\/p>\n<p>&nbsp;<\/p>\n","button_text":"Bli uppringd","button_url":"https:\/\/share.hsforms.com\/15AV6qNnXQQKr6U0wzHr4Kgc221u"},{"acf_fc_layout":"short_description","align_introduction_text":"center","section_background_color":"#f3f4f5","short_description_heading":"Allt du beh\u00f6ver - direkt till hands","short_description_content":"","image_boxes":[{"image":"https:\/\/rackbeat.com\/wp-content\/uploads\/2025\/10\/PlockPpack_Sv.png","title":"<p style=\"text-align: center;\">F\u00f6lj dina plockrutter, skanna varorna och skicka f\u00f6rs\u00e4ljningsordrar i ett smidigt fl\u00f6de.<\/p>\n"},{"image":"https:\/\/rackbeat.com\/wp-content\/uploads\/2025\/10\/Inleverans_Sv.png","title":"<p style=\"text-align: center;\">Registrera inkommande varor p\u00e5 n\u00e5gra sekunder.<\/p>\n"},{"image":"https:\/\/rackbeat.com\/wp-content\/uploads\/2025\/10\/Lagerinventering_Sv.png","title":"<p style=\"text-align: center;\">Utf\u00f6r snabbare, oftare och mer noggranna inventeringar &#8211; och flytta varor direkt.<\/p>\n"},{"image":"https:\/\/rackbeat.com\/wp-content\/uploads\/2025\/10\/BatchSerienummer_SV.png","title":"<p style=\"text-align: center;\">Hantera och sp\u00e5ra batch- eller serienummer enkelt f\u00f6r exakt lagerkontroll.<\/p>\n"}]},{"acf_fc_layout":"text_image_section","image":false,"image_video":"<p><img loading=\"lazy\" decoding=\"async\" class=\"size-large wp-image-34762 alignleft\" src=\"https:\/\/rackbeat.com\/wp-content\/uploads\/2025\/10\/ScannerPage-3-1024x840.png\" alt=\"\" width=\"640\" height=\"525\" srcset=\"https:\/\/rackbeat.com\/wp-content\/uploads\/2025\/10\/ScannerPage-3-1024x840.png 1024w, https:\/\/rackbeat.com\/wp-content\/uploads\/2025\/10\/ScannerPage-3-300x246.png 300w, https:\/\/rackbeat.com\/wp-content\/uploads\/2025\/10\/ScannerPage-3-768x630.png 768w, https:\/\/rackbeat.com\/wp-content\/uploads\/2025\/10\/ScannerPage-3.png 1500w\" sizes=\"auto, (max-width: 640px) 100vw, 640px\" \/><\/p>\n","title_type":"h1","section_title":"Hands\u00adkannern f\u00f6r smartare lager","section_content":"<p>Vi har utvecklat v\u00e5r handskanner f\u00f6r snabbfotade lager d\u00e4r precision, effektivitet och samarbete \u00e4r avg\u00f6rande.<\/p>\n<p>&nbsp;<\/p>\n<p>Den \u00e4r s\u00e4rskilt v\u00e4rdefull om du:<\/p>\n<p>&nbsp;<\/p>\n<ul class=\"list-container checkmark-list list-container list-container-book-demo\">\n<li class=\"list-item\">Har flera medarbetare som samarbetar mellan avdelningar kring order- och varur\u00f6relser<\/li>\n<li class=\"list-item\">Har en viss komplexitet i lagerdriften \u2013 till exempel behov av plockrutter eller batch-\/serienummerhantering<\/li>\n<li class=\"list-item\">Hanterar en stor volym av varor eller ordrar<\/li>\n<\/ul>\n<p>&nbsp;<\/p>\n","button_text":"","button_url":""},{"acf_fc_layout":"image_text_section","section_title":"L\u00e4gg till handskannern i ditt Rackbeat-paket","section_content":"<p>Rackbeat-handskannern \u00e4r fullt integrerad i systemet och kopplar samman lagergolvet direkt med kontoret \u2013 helt utan kr\u00e5ngliga tredjepartsl\u00f6sningar.<\/p>\n<p>Skannern \u00e4r nu en fast del av v\u00e5ra prisplaner, s\u00e5 att du alltid kan v\u00e4lja den l\u00f6sning som passar dina behov. Du kan l\u00e4gga till skannern i <strong>Premium-planen<\/strong> eller f\u00e5 den inkluderad i <strong>Premium+<\/strong>, s\u00e5 att ditt lagerarbete blir snabbare, enklare och mer exakt.<\/p>\n","image":"https:\/\/rackbeat.com\/wp-content\/uploads\/2025\/10\/ScannerPage-1.png","button_text":"Se prisplaner","button_url":"https:\/\/rackbeat.com\/sv\/prenumerationer\/"},{"acf_fc_layout":"accordion_section","image":false,"title_type":"h1","section_title":"","section_content":"","button_text":"","button_url":"","accordion_color":"#e5d2b1","text_color":"#14143f","accordion_repeater":[{"question":"Lagersystem med handskanner","singledouble_block":true,"answer":"<p>Att anv\u00e4nda skannrar i ditt lagersystem kan avsev\u00e4rt f\u00f6rb\u00e4ttra b\u00e5de effektiviteten och noggrannheten i lagerhanteringen.<br \/>\nF\u00f6r att s\u00e4kerst\u00e4lla att lagerdata uppdateras korrekt och i realtid \u00e4r det dock viktigt att skannern antingen \u00e4r integrerad med ett lagerhanteringssystem eller att systemet \u00e4r installerat direkt p\u00e5 enheten.<\/p>\n<p>&nbsp;<\/p>\n<p>Det \u00e4r precis vad du f\u00e5r med Rackbeat!<\/p>\n<p>&nbsp;<\/p>\n<p>Detta s\u00e4kerst\u00e4ller att varumottagning, plockning och andra lageraktiviteter omedelbart uppdateras och synkroniseras i ditt system. En skanner utan systemintegration kan leda till manuella steg och fel, medan en integrerad l\u00f6sning garanterar smidiga och snabba uppdateringar av lagersaldot.<\/p>\n<p>&nbsp;<\/p>\n<p>&nbsp;<\/p>\n","right_answer":""},{"question":"Varf\u00f6r investera i en handskanner?","singledouble_block":true,"answer":"<p>Att investera i h\u00e5rdvara f\u00f6r lagerhantering kan vid f\u00f6rsta anblicken verka som en betydande kostnad \u2013 men f\u00f6rdelarna \u00e4r b\u00e5de stora och p\u00e5tagliga:<\/p>\n<p>&nbsp;<\/p>\n<p><strong>1. \u00d6kad effektivitet<\/strong>: Automatiserade l\u00f6sningar som RFID och streckkodsskannrar minskar tiden som l\u00e4ggs p\u00e5 manuella uppgifter och frig\u00f6r resurser till viktigare omr\u00e5den.<\/p>\n<p>&nbsp;<\/p>\n<p><strong>2. Noggrannhet och precision<\/strong>: Minska risken f\u00f6r fel med exakta skanningar och realtidsdata som s\u00e4kerst\u00e4ller korrekta lagersaldon och orderhantering.<\/p>\n<p>&nbsp;<\/p>\n<p><strong>3. Skalbarhet<\/strong>: N\u00e4r ditt f\u00f6retag v\u00e4xer kan r\u00e4tt h\u00e5rdvara enkelt skalas upp och anpassas till \u00f6kade behov utan att kompromissa med effektiviteten.<\/p>\n<p>&nbsp;<\/p>\n","right_answer":""},{"question":"N\u00e4r \u00e4r det r\u00e4tt tid att implementera en handskanner?","singledouble_block":true,"answer":"<p>\u00c4ven om v\u00e5r mobilapp erbjuder stor flexibilitet och enkel \u00e5tkomst, finns det situationer d\u00e4r en dedikerad handskanner \u00e4r den optimala l\u00f6sningen:<\/p>\n<p>&nbsp;<\/p>\n<p><strong>H\u00f6g volym<\/strong>: Om ditt f\u00f6retag hanterar ett stort antal dagliga ordrar kan skannern klara arbetsbelastningen mer effektivt \u00e4n en mobilapp.<\/p>\n<p>&nbsp;<\/p>\n<p><strong>Komplex lagerhantering<\/strong>: Har du avancerade behov f\u00f6r sp\u00e5rning och hantering av batch- eller serienummer? D\u00e5 ger handskannern den n\u00f6dv\u00e4ndiga funktionaliteten.<\/p>\n<p>&nbsp;<\/p>\n<p><strong>Kr\u00e4vande milj\u00f6er<\/strong>: I lager med begr\u00e4nsad internet\u00e5tkomst eller behov av l\u00e5ngdistansskanning \u00e4r skannern en mer tillf\u00f6rlitlig l\u00f6sning.<\/p>\n<p>&nbsp;<\/p>\n","right_answer":""}]},{"acf_fc_layout":"short_description","align_introduction_text":"left","section_background_color":"","short_description_heading":"Redo att optimera ditt lagerarbete?","short_description_content":"<p>L\u00e5t oss visa hur Rackbeat-handskannern kan g\u00f6ra verklig skillnad i din vardag. Boka en kostnadsfri demonstration \u2013 vi g\u00e5r igenom dina behov och visar hur skannern kan spara tid, minska fel och ge dig full \u00f6verblick direkt i Rackbeat.<\/p>\n<p>&nbsp;<\/p>\n<p>&nbsp;<\/p>\n<p><!--HubSpot Call-to-Action Code --><span id=\"hs-cta-wrapper-33b8e462-9fd8-433e-8737-c62113647224\" class=\"hs-cta-wrapper\"><span id=\"hs-cta-33b8e462-9fd8-433e-8737-c62113647224\" class=\"hs-cta-node hs-cta-33b8e462-9fd8-433e-8737-c62113647224\"><!-- [if lte IE 8]>\n\n\n<div id=\"hs-cta-ie-element\"><\/div>\n\n\n<![endif]--><strong><a href=\"https:\/\/cta-redirect.hubspot.com\/cta\/redirect\/20251362\/33b8e462-9fd8-433e-8737-c62113647224\"><img decoding=\"async\" id=\"hs-cta-img-33b8e462-9fd8-433e-8737-c62113647224\" class=\"hs-cta-img\" style=\"border-width: 0px;\" src=\"https:\/\/no-cache.hubspot.com\/cta\/default\/20251362\/33b8e462-9fd8-433e-8737-c62113647224.png\" alt=\"Boka en presentation\" \/><\/a><\/strong><\/span><script charset=\"utf-8\" src=\"https:\/\/js.hscta.net\/cta\/current.js\"><\/script><script type=\"text\/javascript\"> hbspt.cta.load(20251362, '33b8e462-9fd8-433e-8737-c62113647224', {\"useNewLoader\":\"true\",\"region\":\"na1\"}); <\/script><\/span><!-- end HubSpot Call-to-Action Code --><\/p>\n","image_boxes":false}]},"_links":{"self":[{"href":"https:\/\/rackbeat.com\/sv\/wp-json\/wp\/v2\/pages\/34798","targetHints":{"allow":["GET"]}}],"collection":[{"href":"https:\/\/rackbeat.com\/sv\/wp-json\/wp\/v2\/pages"}],"about":[{"href":"https:\/\/rackbeat.com\/sv\/wp-json\/wp\/v2\/types\/page"}],"author":[{"embeddable":true,"href":"https:\/\/rackbeat.com\/sv\/wp-json\/wp\/v2\/users\/2"}],"replies":[{"embeddable":true,"href":"https:\/\/rackbeat.com\/sv\/wp-json\/wp\/v2\/comments?post=34798"}],"version-history":[{"count":15,"href":"https:\/\/rackbeat.com\/sv\/wp-json\/wp\/v2\/pages\/34798\/revisions"}],"predecessor-version":[{"id":35968,"href":"https:\/\/rackbeat.com\/sv\/wp-json\/wp\/v2\/pages\/34798\/revisions\/35968"}],"wp:attachment":[{"href":"https:\/\/rackbeat.com\/sv\/wp-json\/wp\/v2\/media?parent=34798"}],"curies":[{"name":"wp","href":"https:\/\/api.w.org\/{rel}","templated":true}]}}