{"id":27837,"date":"2024-12-05T09:32:45","date_gmt":"2024-12-05T07:32:45","guid":{"rendered":"https:\/\/rackbeat.com\/?page_id=27837"},"modified":"2024-12-05T09:32:45","modified_gmt":"2024-12-05T07:32:45","slug":"hantverkare","status":"publish","type":"page","link":"https:\/\/rackbeat.com\/sv\/hantverkare\/","title":{"rendered":"Hantverkare"},"content":{"rendered":"","protected":false},"excerpt":{"rendered":"","protected":false},"author":2,"featured_media":0,"parent":0,"menu_order":0,"comment_status":"closed","ping_status":"closed","template":"page-templates\/dynamic-template.php","meta":{"content-type":"","inline_featured_image":false,"footnotes":""},"class_list":["post-27837","page","type-page","status-publish","hentry"],"yoast_head":"<!-- This site is optimized with the Yoast SEO Premium plugin v20.0 (Yoast SEO v25.9) - https:\/\/yoast.com\/wordpress\/plugins\/seo\/ -->\n<title>Hantverkare | Rackbeat<\/title>\n<meta name=\"description\" content=\"Optimera din hantverkarverksamhet genom att integrera Rackbeats lagersystem med Ordrestyrning. F\u00e5 kontroll \u00f6ver dina material, minska svinn och se exakt var dina varor finns \u2013 fr\u00e5n huvudlagret till varje enskild bil. Integration med Ordrestyrning s\u00e4kerst\u00e4ller smidig hantering av ink\u00f6p och fakturering, medan Rackbeat tar hand om lagerhanteringen.\" \/>\n<meta name=\"robots\" content=\"index, follow, max-snippet:-1, max-image-preview:large, max-video-preview:-1\" \/>\n<link rel=\"canonical\" href=\"https:\/\/rackbeat.com\/sv\/hantverkare\/\" \/>\n<meta property=\"og:locale\" content=\"sv_SE\" \/>\n<meta property=\"og:type\" content=\"article\" \/>\n<meta property=\"og:title\" content=\"Hantverkare\" \/>\n<meta property=\"og:description\" content=\"Optimera din hantverkarverksamhet genom att integrera Rackbeats lagersystem med Ordrestyrning. F\u00e5 kontroll \u00f6ver dina material, minska svinn och se exakt var dina varor finns \u2013 fr\u00e5n huvudlagret till varje enskild bil. Integration med Ordrestyrning s\u00e4kerst\u00e4ller smidig hantering av ink\u00f6p och fakturering, medan Rackbeat tar hand om lagerhanteringen.\" \/>\n<meta property=\"og:url\" content=\"https:\/\/rackbeat.com\/sv\/hantverkare\/\" \/>\n<meta property=\"og:site_name\" content=\"Rackbeat\" \/>\n<meta name=\"twitter:card\" content=\"summary_large_image\" \/>\n<script type=\"application\/ld+json\" class=\"yoast-schema-graph\">{\"@context\":\"https:\/\/schema.org\",\"@graph\":[{\"@type\":\"WebPage\",\"@id\":\"https:\/\/rackbeat.com\/sv\/hantverkare\/\",\"url\":\"https:\/\/rackbeat.com\/sv\/hantverkare\/\",\"name\":\"Hantverkare | Rackbeat\",\"isPartOf\":{\"@id\":\"https:\/\/rackbeat.com\/sv\/#website\"},\"datePublished\":\"2024-12-05T07:32:45+00:00\",\"description\":\"Optimera din hantverkarverksamhet genom att integrera Rackbeats lagersystem med Ordrestyrning. F\u00e5 kontroll \u00f6ver dina material, minska svinn och se exakt var dina varor finns \u2013 fr\u00e5n huvudlagret till varje enskild bil. Integration med Ordrestyrning s\u00e4kerst\u00e4ller smidig hantering av ink\u00f6p och fakturering, medan Rackbeat tar hand om lagerhanteringen.\",\"breadcrumb\":{\"@id\":\"https:\/\/rackbeat.com\/sv\/hantverkare\/#breadcrumb\"},\"inLanguage\":\"sv-SE\",\"potentialAction\":[{\"@type\":\"ReadAction\",\"target\":[\"https:\/\/rackbeat.com\/sv\/hantverkare\/\"]}]},{\"@type\":\"BreadcrumbList\",\"@id\":\"https:\/\/rackbeat.com\/sv\/hantverkare\/#breadcrumb\",\"itemListElement\":[{\"@type\":\"ListItem\",\"position\":1,\"name\":\"Framsida\",\"item\":\"https:\/\/rackbeat.com\/sv\/\"},{\"@type\":\"ListItem\",\"position\":2,\"name\":\"Hantverkare\"}]},{\"@type\":\"WebSite\",\"@id\":\"https:\/\/rackbeat.com\/sv\/#website\",\"url\":\"https:\/\/rackbeat.com\/sv\/\",\"name\":\"Rackbeat\",\"description\":\"Effektiv lagerstyring\",\"publisher\":{\"@id\":\"https:\/\/rackbeat.com\/sv\/#organization\"},\"potentialAction\":[{\"@type\":\"SearchAction\",\"target\":{\"@type\":\"EntryPoint\",\"urlTemplate\":\"https:\/\/rackbeat.com\/sv\/?s={search_term_string}\"},\"query-input\":{\"@type\":\"PropertyValueSpecification\",\"valueRequired\":true,\"valueName\":\"search_term_string\"}}],\"inLanguage\":\"sv-SE\"},{\"@type\":\"Organization\",\"@id\":\"https:\/\/rackbeat.com\/sv\/#organization\",\"name\":\"Rackbeat\",\"url\":\"https:\/\/rackbeat.com\/sv\/\",\"logo\":{\"@type\":\"ImageObject\",\"inLanguage\":\"sv-SE\",\"@id\":\"https:\/\/rackbeat.com\/sv\/#\/schema\/logo\/image\/\",\"url\":\"\",\"contentUrl\":\"\",\"caption\":\"Rackbeat\"},\"image\":{\"@id\":\"https:\/\/rackbeat.com\/sv\/#\/schema\/logo\/image\/\"}}]}<\/script>\n<!-- \/ Yoast SEO Premium plugin. -->","yoast_head_json":{"title":"Hantverkare | Rackbeat","description":"Optimera din hantverkarverksamhet genom att integrera Rackbeats lagersystem med Ordrestyrning. F\u00e5 kontroll \u00f6ver dina material, minska svinn och se exakt var dina varor finns \u2013 fr\u00e5n huvudlagret till varje enskild bil. Integration med Ordrestyrning s\u00e4kerst\u00e4ller smidig hantering av ink\u00f6p och fakturering, medan Rackbeat tar hand om lagerhanteringen.","robots":{"index":"index","follow":"follow","max-snippet":"max-snippet:-1","max-image-preview":"max-image-preview:large","max-video-preview":"max-video-preview:-1"},"canonical":"https:\/\/rackbeat.com\/sv\/hantverkare\/","og_locale":"sv_SE","og_type":"article","og_title":"Hantverkare","og_description":"Optimera din hantverkarverksamhet genom att integrera Rackbeats lagersystem med Ordrestyrning. F\u00e5 kontroll \u00f6ver dina material, minska svinn och se exakt var dina varor finns \u2013 fr\u00e5n huvudlagret till varje enskild bil. Integration med Ordrestyrning s\u00e4kerst\u00e4ller smidig hantering av ink\u00f6p och fakturering, medan Rackbeat tar hand om lagerhanteringen.","og_url":"https:\/\/rackbeat.com\/sv\/hantverkare\/","og_site_name":"Rackbeat","twitter_card":"summary_large_image","schema":{"@context":"https:\/\/schema.org","@graph":[{"@type":"WebPage","@id":"https:\/\/rackbeat.com\/sv\/hantverkare\/","url":"https:\/\/rackbeat.com\/sv\/hantverkare\/","name":"Hantverkare | Rackbeat","isPartOf":{"@id":"https:\/\/rackbeat.com\/sv\/#website"},"datePublished":"2024-12-05T07:32:45+00:00","description":"Optimera din hantverkarverksamhet genom att integrera Rackbeats lagersystem med Ordrestyrning. F\u00e5 kontroll \u00f6ver dina material, minska svinn och se exakt var dina varor finns \u2013 fr\u00e5n huvudlagret till varje enskild bil. Integration med Ordrestyrning s\u00e4kerst\u00e4ller smidig hantering av ink\u00f6p och fakturering, medan Rackbeat tar hand om lagerhanteringen.","breadcrumb":{"@id":"https:\/\/rackbeat.com\/sv\/hantverkare\/#breadcrumb"},"inLanguage":"sv-SE","potentialAction":[{"@type":"ReadAction","target":["https:\/\/rackbeat.com\/sv\/hantverkare\/"]}]},{"@type":"BreadcrumbList","@id":"https:\/\/rackbeat.com\/sv\/hantverkare\/#breadcrumb","itemListElement":[{"@type":"ListItem","position":1,"name":"Framsida","item":"https:\/\/rackbeat.com\/sv\/"},{"@type":"ListItem","position":2,"name":"Hantverkare"}]},{"@type":"WebSite","@id":"https:\/\/rackbeat.com\/sv\/#website","url":"https:\/\/rackbeat.com\/sv\/","name":"Rackbeat","description":"Effektiv lagerstyring","publisher":{"@id":"https:\/\/rackbeat.com\/sv\/#organization"},"potentialAction":[{"@type":"SearchAction","target":{"@type":"EntryPoint","urlTemplate":"https:\/\/rackbeat.com\/sv\/?s={search_term_string}"},"query-input":{"@type":"PropertyValueSpecification","valueRequired":true,"valueName":"search_term_string"}}],"inLanguage":"sv-SE"},{"@type":"Organization","@id":"https:\/\/rackbeat.com\/sv\/#organization","name":"Rackbeat","url":"https:\/\/rackbeat.com\/sv\/","logo":{"@type":"ImageObject","inLanguage":"sv-SE","@id":"https:\/\/rackbeat.com\/sv\/#\/schema\/logo\/image\/","url":"","contentUrl":"","caption":"Rackbeat"},"image":{"@id":"https:\/\/rackbeat.com\/sv\/#\/schema\/logo\/image\/"}}]}},"ACF":{"custom_content_script":"","custom_head_script":"","dynamic_sections":[{"acf_fc_layout":"text_image_section","image":"https:\/\/rackbeat.com\/wp-content\/uploads\/2024\/12\/Ha\u030andvaerker-RB.jpg","image_video":"","title_type":"h1","section_title":"Lagerhantering f\u00f6r hantverkare","section_content":"<p><span style=\"font-weight: 400;\">Saknar du ett verktyg som bygger en bro mellan dina material, lagret och arbetsuppgifterna ute p\u00e5 f\u00e4ltet? Rackbeat \u00e4r ett anv\u00e4ndarv\u00e4nligt lagerhanteringssystem som integreras s\u00f6ml\u00f6st med Ordrestyrning f\u00f6r att ge dig full \u00f6versikt \u00f6ver ditt lager \u2013 \u00e4nda ner till varje enskild bil. Det inneb\u00e4r att du alltid kan h\u00e5lla koll p\u00e5 svinn, materialf\u00f6rbrukning och varur\u00f6relser, medan Ordrestyrning f\u00f6rblir din prim\u00e4ra plattform f\u00f6r projektstyrning.<\/span><\/p>\n<p>&nbsp;<\/p>\n<p><span style=\"font-weight: 400;\">Med Rackbeat som partner till Ordrestyrning vet du alltid vad du har och var det finns. Det g\u00f6r det enkelt att s\u00f6ka efter en vara och se dess plats och tillg\u00e4nglighet, s\u00e5 du slipper on\u00f6diga resor f\u00f6r att k\u00f6pa in nytt.<\/span><\/p>\n<p>&nbsp;<\/p>\n<p><!--HubSpot Call-to-Action Code --><span id=\"hs-cta-wrapper-0c345cc0-0a02-4bc8-8019-eeec025f4acc\" class=\"hs-cta-wrapper\"><span id=\"hs-cta-0c345cc0-0a02-4bc8-8019-eeec025f4acc\" class=\"hs-cta-node hs-cta-0c345cc0-0a02-4bc8-8019-eeec025f4acc\"><!-- [if lte IE 8]>\n\n\n<div id=\"hs-cta-ie-element\"><\/div>\n\n\n<![endif]--><a href=\"https:\/\/cta-redirect.hubspot.com\/cta\/redirect\/20251362\/0c345cc0-0a02-4bc8-8019-eeec025f4acc\"><img decoding=\"async\" id=\"hs-cta-img-0c345cc0-0a02-4bc8-8019-eeec025f4acc\" class=\"hs-cta-img\" style=\"border-width: 0px;\" src=\"https:\/\/no-cache.hubspot.com\/cta\/default\/20251362\/0c345cc0-0a02-4bc8-8019-eeec025f4acc.png\" alt=\"PROVA GRATIS\" \/><\/a><\/span><script charset=\"utf-8\" src=\"https:\/\/js.hscta.net\/cta\/current.js\"><\/script><script type=\"text\/javascript\"> hbspt.cta.load(20251362, '0c345cc0-0a02-4bc8-8019-eeec025f4acc', {\"useNewLoader\":\"true\",\"region\":\"na1\"}); <\/script><\/span><!-- end HubSpot Call-to-Action Code --><\/p>\n","button_text":"","button_url":""},{"acf_fc_layout":"image_textboxes_section","align_introduction_text":false,"section_title":"Effektiv lagerhantering: Hantverkarens komplement till projektstyrningen","section_description":"<p><span style=\"font-weight: 400;\">Effektiv lagerhantering \u00e4r viktigt f\u00f6r alla i hantverkarbranschen som vill leverera b\u00e4sta m\u00f6jliga service, h\u00e5lla arbetsfl\u00f6det ig\u00e5ng och f\u00e5 b\u00e4ttre insikter om sin verksamhet. V\u00e4gen dit handlar om att ha bra kontroll \u00f6ver varur\u00f6relserna. Rackbeat fokuserar p\u00e5 dina varor och ger dig verktyg som hj\u00e4lper dig med:<\/span><\/p>\n","textboxes":[{"title":"Kontroll \u00f6ver dina lagerv\u00e4rden","content":"<p>N\u00e4r ink\u00f6p och materialf\u00f6rbrukning registreras i Ordrestyrning uppdateras lagerstatusen automatiskt i Rackbeat. I Rackbeat kan du skapa lagerplatser \u00e4nda ner till varje enskild servicebil, s\u00e5 att du enkelt kan kontrollera lagerv\u00e4rden f\u00f6r varje plats och skapa rapporter. Detta s\u00e4kerst\u00e4ller att du alltid vet hur mycket kapital som \u00e4r bundet till varje bil.<\/p>\n","image":"https:\/\/rackbeat.com\/wp-content\/uploads\/2024\/12\/Ordrestyring-RB-Grafik-1.png"},{"title":"H\u00e5ll koll p\u00e5 svinnet","content":"<p><span style=\"font-weight: 400;\">Svinn \u00e4r sv\u00e5rt att undvika p\u00e5 en byggarbetsplats eller n\u00e4r material transporteras till och fr\u00e5n kund. Med Rackbeat kan du d\u00e4remot h\u00e5lla koll p\u00e5 hur mycket svinn som uppst\u00e5r och var det kommer ifr\u00e5n. Du kan registrera allt f\u00f6rlorat material genom lagerjusteringar i systemet, s\u00e5 att du f\u00e5r full \u00f6versikt \u00f6ver orsakerna till \u00f6kad materialf\u00f6rbrukning i samband med arbetsuppgifter.<\/span><\/p>\n","image":"https:\/\/rackbeat.com\/wp-content\/uploads\/2024\/03\/Grafik-blog-Indkoeb.png"},{"title":"Full \u00f6versikt \u00f6ver material i bilarna","content":"<p><span style=\"font-weight: 400;\">Rackbeats lagerhanteringsfunktion g\u00f6r det m\u00f6jligt att skapa s\u00e5 m\u00e5nga lagerplatser som du beh\u00f6ver. Material kan f\u00f6rvaras b\u00e5de p\u00e5 ett huvudlager och i underlagringsplatser, som exempelvis en bil p\u00e5 v\u00e4g till en kund. Detta ger dig en fullst\u00e4ndig \u00f6versikt \u00f6ver hur mycket material som finns kvar p\u00e5 olika platser, s\u00e5 att du kan best\u00e4lla nytt material i tid eller flytta varor fr\u00e5n huvudlagret till bilen.<\/span><\/p>\n","image":"https:\/\/rackbeat.com\/wp-content\/uploads\/2024\/12\/Ha\u030anvaerkerBil.svg"},{"title":"Enkel varuflyttning","content":"<p><a href=\"https:\/\/rackbeat.com\/sv\/mobilanvandare\/\"><span style=\"color: #609ed3;\">Rackbeats mobilapp<\/span><\/a> g\u00f6r det enkelt f\u00f6r tekniker att hantera lagerf\u00f6rflyttningar direkt fr\u00e5n f\u00e4ltet. Flytta varor fr\u00e5n huvudlagret till en bil eller mellan bilar med n\u00e5gra f\u00e5 klick \u2013 snabbt, anv\u00e4ndarv\u00e4nligt och alltid uppdaterat i realtid. Det sparar tid och ser till att du alltid har r\u00e4tt material till hands, oavsett vart arbetet tar dig.<\/p>\n","image":"https:\/\/rackbeat.com\/wp-content\/uploads\/2024\/11\/Mobil-Grafik-Web-NySvensk.png"}]},{"acf_fc_layout":"image_text_section","section_title":"Ordrestyrning och Rackbeat \u2013 Den kompletta l\u00f6sningen f\u00f6r hantverkare","section_content":"<p><span style=\"font-weight: 400;\">Optimera din hantverkarverksamhet med den perfekta kombinationen av lager\u00f6versikt och projektstyrning. Genom att komplettera Ordrestyrning med Rackbeat f\u00e5r du en komplett l\u00f6sning som t\u00e4cker de viktigaste delarna av din verksamhet. Rackbeat ser till att du alltid har koll p\u00e5 lagerv\u00e4rden och lagerplatser, medan Ordrestyrning hanterar ink\u00f6p, kund\u00e4renden och fakturering.<\/span><\/p>\n<p><span style=\"font-weight: 400;\">Det inneb\u00e4r att du kan fokusera p\u00e5 dina arbetsuppgifter utan att oroa dig f\u00f6r lagret, materialet eller projektstyrningen. Med Rackbeat och Ordrestyrning f\u00e5r du allt du beh\u00f6ver f\u00f6r att leverera effektivt och smidigt hantverk till dina kunder.<\/span><\/p>\n","image":"https:\/\/rackbeat.com\/wp-content\/uploads\/2024\/12\/Lars-Ha\u030andvaerk-1.jpg","button_text":"L\u00e4s mer om integrationen","button_url":"https:\/\/rackbeat.com\/sv\/integrationer\/ordrestyring\/"},{"acf_fc_layout":"short_description","align_introduction_text":false,"section_background_color":"#dbdbdd","short_description_heading":"Hur kan Rackbeat optimera din hantverkarverksamhet?","short_description_content":"<p>&nbsp;<\/p>\n<p><span style=\"font-weight: 400;\">Ingen hantverkare \u00e4r den andra lik \u2013 och inte heller deras arbetsfl\u00f6den. Du kanske arbetar med m\u00e5nga eller f\u00e5 lagerplatser, har material spritt i bilar och p\u00e5 byggarbetsplatser, eller anv\u00e4nder specifika system f\u00f6r att hantera ink\u00f6p och fakturor.<\/span><\/p>\n<p><span style=\"font-weight: 400;\">Vi vill g\u00e4rna h\u00f6ra om dina specifika behov och f\u00f6rklara hur v\u00e5r lagerl\u00f6sning kan hj\u00e4lpa dig. L\u00e5t oss ta ett kostnadsfritt samtal om din nuvarande upps\u00e4ttning och dina utmaningar, s\u00e5 kan vi tillsammans hitta ett s\u00e4tt som g\u00f6r din vardag enklare.<\/span><\/p>\n<p>&nbsp;<\/p>\n<p><!--HubSpot Call-to-Action Code --><span id=\"hs-cta-wrapper-06794f57-5faa-48dd-8bb3-f03e8c14953d\" class=\"hs-cta-wrapper\"><span id=\"hs-cta-06794f57-5faa-48dd-8bb3-f03e8c14953d\" class=\"hs-cta-node hs-cta-06794f57-5faa-48dd-8bb3-f03e8c14953d\"><!-- [if lte IE 8]>\n\n\n<div id=\"hs-cta-ie-element\"><\/div>\n\n\n<![endif]--><a href=\"https:\/\/cta-redirect.hubspot.com\/cta\/redirect\/20251362\/06794f57-5faa-48dd-8bb3-f03e8c14953d\" target=\"_blank\" rel=\"noopener\"><img decoding=\"async\" id=\"hs-cta-img-06794f57-5faa-48dd-8bb3-f03e8c14953d\" class=\"hs-cta-img\" style=\"border-width: 0px;\" src=\"https:\/\/no-cache.hubspot.com\/cta\/default\/20251362\/06794f57-5faa-48dd-8bb3-f03e8c14953d.png\" alt=\"Bli uppringd\" \/><\/a><\/span><script charset=\"utf-8\" src=\"https:\/\/js.hscta.net\/cta\/current.js\"><\/script><script type=\"text\/javascript\"> hbspt.cta.load(20251362, '06794f57-5faa-48dd-8bb3-f03e8c14953d', {\"useNewLoader\":\"true\",\"region\":\"na1\"}); <\/script><\/span><!-- end HubSpot Call-to-Action Code --><\/p>\n","image_boxes":false},{"acf_fc_layout":"integrations","title":""}]},"_links":{"self":[{"href":"https:\/\/rackbeat.com\/sv\/wp-json\/wp\/v2\/pages\/27837","targetHints":{"allow":["GET"]}}],"collection":[{"href":"https:\/\/rackbeat.com\/sv\/wp-json\/wp\/v2\/pages"}],"about":[{"href":"https:\/\/rackbeat.com\/sv\/wp-json\/wp\/v2\/types\/page"}],"author":[{"embeddable":true,"href":"https:\/\/rackbeat.com\/sv\/wp-json\/wp\/v2\/users\/2"}],"replies":[{"embeddable":true,"href":"https:\/\/rackbeat.com\/sv\/wp-json\/wp\/v2\/comments?post=27837"}],"version-history":[{"count":8,"href":"https:\/\/rackbeat.com\/sv\/wp-json\/wp\/v2\/pages\/27837\/revisions"}],"predecessor-version":[{"id":27846,"href":"https:\/\/rackbeat.com\/sv\/wp-json\/wp\/v2\/pages\/27837\/revisions\/27846"}],"wp:attachment":[{"href":"https:\/\/rackbeat.com\/sv\/wp-json\/wp\/v2\/media?parent=27837"}],"curies":[{"name":"wp","href":"https:\/\/api.w.org\/{rel}","templated":true}]}}