{"id":25039,"date":"2024-08-13T15:38:33","date_gmt":"2024-08-13T13:38:33","guid":{"rendered":"https:\/\/rackbeat.com\/?page_id=25039"},"modified":"2024-08-13T15:38:33","modified_gmt":"2024-08-13T13:38:33","slug":"detaljhandel","status":"publish","type":"page","link":"https:\/\/rackbeat.com\/sv\/detaljhandel\/","title":{"rendered":"Detaljhandel"},"content":{"rendered":"","protected":false},"excerpt":{"rendered":"","protected":false},"author":2,"featured_media":0,"parent":0,"menu_order":0,"comment_status":"closed","ping_status":"closed","template":"page-templates\/dynamic-template.php","meta":{"content-type":"","inline_featured_image":false,"footnotes":""},"class_list":["post-25039","page","type-page","status-publish","hentry"],"yoast_head":"<!-- This site is optimized with the Yoast SEO Premium plugin v20.0 (Yoast SEO v25.9) - https:\/\/yoast.com\/wordpress\/plugins\/seo\/ -->\n<title>Detaljhandel | Rackbeat<\/title>\n<meta name=\"robots\" content=\"index, follow, max-snippet:-1, max-image-preview:large, max-video-preview:-1\" \/>\n<link rel=\"canonical\" href=\"https:\/\/rackbeat.com\/sv\/detaljhandel\/\" \/>\n<meta property=\"og:locale\" content=\"sv_SE\" \/>\n<meta property=\"og:type\" content=\"article\" \/>\n<meta property=\"og:title\" content=\"Detaljhandel\" \/>\n<meta property=\"og:url\" content=\"https:\/\/rackbeat.com\/sv\/detaljhandel\/\" \/>\n<meta property=\"og:site_name\" content=\"Rackbeat\" \/>\n<meta name=\"twitter:card\" content=\"summary_large_image\" \/>\n<script type=\"application\/ld+json\" class=\"yoast-schema-graph\">{\"@context\":\"https:\/\/schema.org\",\"@graph\":[{\"@type\":\"WebPage\",\"@id\":\"https:\/\/rackbeat.com\/sv\/detaljhandel\/\",\"url\":\"https:\/\/rackbeat.com\/sv\/detaljhandel\/\",\"name\":\"Detaljhandel | Rackbeat\",\"isPartOf\":{\"@id\":\"https:\/\/rackbeat.com\/sv\/#website\"},\"datePublished\":\"2024-08-13T13:38:33+00:00\",\"breadcrumb\":{\"@id\":\"https:\/\/rackbeat.com\/sv\/detaljhandel\/#breadcrumb\"},\"inLanguage\":\"sv-SE\",\"potentialAction\":[{\"@type\":\"ReadAction\",\"target\":[\"https:\/\/rackbeat.com\/sv\/detaljhandel\/\"]}]},{\"@type\":\"BreadcrumbList\",\"@id\":\"https:\/\/rackbeat.com\/sv\/detaljhandel\/#breadcrumb\",\"itemListElement\":[{\"@type\":\"ListItem\",\"position\":1,\"name\":\"Framsida\",\"item\":\"https:\/\/rackbeat.com\/sv\/\"},{\"@type\":\"ListItem\",\"position\":2,\"name\":\"Detaljhandel\"}]},{\"@type\":\"WebSite\",\"@id\":\"https:\/\/rackbeat.com\/sv\/#website\",\"url\":\"https:\/\/rackbeat.com\/sv\/\",\"name\":\"Rackbeat\",\"description\":\"Effektiv lagerstyring\",\"publisher\":{\"@id\":\"https:\/\/rackbeat.com\/sv\/#organization\"},\"potentialAction\":[{\"@type\":\"SearchAction\",\"target\":{\"@type\":\"EntryPoint\",\"urlTemplate\":\"https:\/\/rackbeat.com\/sv\/?s={search_term_string}\"},\"query-input\":{\"@type\":\"PropertyValueSpecification\",\"valueRequired\":true,\"valueName\":\"search_term_string\"}}],\"inLanguage\":\"sv-SE\"},{\"@type\":\"Organization\",\"@id\":\"https:\/\/rackbeat.com\/sv\/#organization\",\"name\":\"Rackbeat\",\"url\":\"https:\/\/rackbeat.com\/sv\/\",\"logo\":{\"@type\":\"ImageObject\",\"inLanguage\":\"sv-SE\",\"@id\":\"https:\/\/rackbeat.com\/sv\/#\/schema\/logo\/image\/\",\"url\":\"\",\"contentUrl\":\"\",\"caption\":\"Rackbeat\"},\"image\":{\"@id\":\"https:\/\/rackbeat.com\/sv\/#\/schema\/logo\/image\/\"}}]}<\/script>\n<!-- \/ Yoast SEO Premium plugin. -->","yoast_head_json":{"title":"Detaljhandel | Rackbeat","robots":{"index":"index","follow":"follow","max-snippet":"max-snippet:-1","max-image-preview":"max-image-preview:large","max-video-preview":"max-video-preview:-1"},"canonical":"https:\/\/rackbeat.com\/sv\/detaljhandel\/","og_locale":"sv_SE","og_type":"article","og_title":"Detaljhandel","og_url":"https:\/\/rackbeat.com\/sv\/detaljhandel\/","og_site_name":"Rackbeat","twitter_card":"summary_large_image","schema":{"@context":"https:\/\/schema.org","@graph":[{"@type":"WebPage","@id":"https:\/\/rackbeat.com\/sv\/detaljhandel\/","url":"https:\/\/rackbeat.com\/sv\/detaljhandel\/","name":"Detaljhandel | Rackbeat","isPartOf":{"@id":"https:\/\/rackbeat.com\/sv\/#website"},"datePublished":"2024-08-13T13:38:33+00:00","breadcrumb":{"@id":"https:\/\/rackbeat.com\/sv\/detaljhandel\/#breadcrumb"},"inLanguage":"sv-SE","potentialAction":[{"@type":"ReadAction","target":["https:\/\/rackbeat.com\/sv\/detaljhandel\/"]}]},{"@type":"BreadcrumbList","@id":"https:\/\/rackbeat.com\/sv\/detaljhandel\/#breadcrumb","itemListElement":[{"@type":"ListItem","position":1,"name":"Framsida","item":"https:\/\/rackbeat.com\/sv\/"},{"@type":"ListItem","position":2,"name":"Detaljhandel"}]},{"@type":"WebSite","@id":"https:\/\/rackbeat.com\/sv\/#website","url":"https:\/\/rackbeat.com\/sv\/","name":"Rackbeat","description":"Effektiv lagerstyring","publisher":{"@id":"https:\/\/rackbeat.com\/sv\/#organization"},"potentialAction":[{"@type":"SearchAction","target":{"@type":"EntryPoint","urlTemplate":"https:\/\/rackbeat.com\/sv\/?s={search_term_string}"},"query-input":{"@type":"PropertyValueSpecification","valueRequired":true,"valueName":"search_term_string"}}],"inLanguage":"sv-SE"},{"@type":"Organization","@id":"https:\/\/rackbeat.com\/sv\/#organization","name":"Rackbeat","url":"https:\/\/rackbeat.com\/sv\/","logo":{"@type":"ImageObject","inLanguage":"sv-SE","@id":"https:\/\/rackbeat.com\/sv\/#\/schema\/logo\/image\/","url":"","contentUrl":"","caption":"Rackbeat"},"image":{"@id":"https:\/\/rackbeat.com\/sv\/#\/schema\/logo\/image\/"}}]}},"ACF":{"custom_content_script":"","custom_head_script":"","dynamic_sections":[{"acf_fc_layout":"text_image_section","image":"https:\/\/rackbeat.com\/wp-content\/uploads\/2024\/08\/AlmDetail-Hero-svensk.png","image_video":"","title_type":"h1","section_title":"Effektiv lagerhantering f\u00f6r detaljhandel","section_content":"<p><span style=\"font-weight: 400;\">Rackbeat erbjuder en skr\u00e4ddarsydd lagerhanteringsl\u00f6sning som g\u00f6r det enkelt f\u00f6r din detaljhandel att automatisera processer, optimera lagerhanteringen och f\u00e5 en klar \u00f6verblick \u00f6ver ink\u00f6p och f\u00f6rs\u00e4ljning.\u00a0<\/span><\/p>\n<p><span style=\"font-weight: 400;\">Oavsett om du enbart driver en fysisk butik med POS eller \u00e4ven har en webbutik, hj\u00e4lper Rackbeat detaljhandelsbranschen att effektivisera dina arbetsprocesser och spara v\u00e4rdefull tid.\u00a0<\/span><\/p>\n<p><span style=\"font-weight: 400;\">Du kan med f\u00f6rdel provk\u00f6ra v\u00e5rt lagersystem helt gratis i 14 dagar f\u00f6r att f\u00e5 en k\u00e4nsla f\u00f6r hur dina arbetsfl\u00f6den kommer att f\u00f6rb\u00e4ttras med dedikerad lagerhantering.<\/span><\/p>\n<p>&nbsp;<\/p>\n<p><!--HubSpot Call-to-Action Code --><span id=\"hs-cta-wrapper-0c345cc0-0a02-4bc8-8019-eeec025f4acc\" class=\"hs-cta-wrapper\"><span id=\"hs-cta-0c345cc0-0a02-4bc8-8019-eeec025f4acc\" class=\"hs-cta-node hs-cta-0c345cc0-0a02-4bc8-8019-eeec025f4acc\"><!-- [if lte IE 8]>\n\n\n<div id=\"hs-cta-ie-element\"><\/div>\n\n\n<![endif]--><a href=\"https:\/\/cta-redirect.hubspot.com\/cta\/redirect\/20251362\/0c345cc0-0a02-4bc8-8019-eeec025f4acc\"><img decoding=\"async\" id=\"hs-cta-img-0c345cc0-0a02-4bc8-8019-eeec025f4acc\" class=\"hs-cta-img\" style=\"border-width: 0px;\" src=\"https:\/\/no-cache.hubspot.com\/cta\/default\/20251362\/0c345cc0-0a02-4bc8-8019-eeec025f4acc.png\" alt=\"PROVA GRATIS\" \/><\/a><\/span><script charset=\"utf-8\" src=\"https:\/\/js.hscta.net\/cta\/current.js\"><\/script><script type=\"text\/javascript\"> hbspt.cta.load(20251362, '0c345cc0-0a02-4bc8-8019-eeec025f4acc', {\"useNewLoader\":\"true\",\"region\":\"na1\"}); <\/script><\/span><!-- end HubSpot Call-to-Action Code --><\/p>\n","button_text":"","button_url":""},{"acf_fc_layout":"image_textboxes_section","align_introduction_text":false,"section_title":"Optimera din detaljhandel med Rackbeat","section_description":"<p><span style=\"font-weight: 400;\">Rackbeat \u00e4r skapat f\u00f6r att lyfta din detaljhandelsverksamhet. V\u00e5r plattform tar bort en massa manuellt arbete f\u00f6rknippat med din lagerhantering, st\u00e4rker din lagerekonomi och ger dig en omfattande \u00f6verblick \u00f6ver din f\u00f6rs\u00e4ljning. Konkret betyder det att vi:<\/span><\/p>\n","textboxes":[{"title":"Automatiserar din lagerhantering ","content":"<p><span style=\"font-weight: 400;\">Varje g\u00e5ng du registrerar ett ink\u00f6p, en f\u00f6rs\u00e4ljning eller g\u00f6r en lagerjustering kommer ditt varuantal automatiskt att justeras i din produkt\u00f6versikt. Det inneb\u00e4r att du f\u00e5r full insikt i ditt lager, s\u00e5 att du undviker att s\u00e4lja varor du inte har p\u00e5 lager eller inte kan f\u00e5 hem i tid. Dessutom kommer ditt lagerv\u00e4rde ocks\u00e5 att uppdateras automatiskt, vilket g\u00f6r att du alltid kan h\u00e5lla koll p\u00e5 att du inte binder f\u00f6r mycket pengar i ditt lager.<\/span><\/p>\n","image":"https:\/\/rackbeat.com\/wp-content\/uploads\/2023\/11\/Genbestillingspa\u030amindelser-1.svg"},{"title":"S\u00e4kerst\u00e4ller att du kan forts\u00e4tta tj\u00e4na pengar p\u00e5 dina varor ","content":"<p><span style=\"font-weight: 400;\">Du kan k\u00f6pa och l\u00e4gga nya varor till lager samt h\u00e5lla \u00f6versikt \u00f6ver utvecklingen i kostpriserna direkt fr\u00e5n Rackbeat. Det vill s\u00e4ga: om kostpriset, eller ink\u00f6pspriset, f\u00f6r en viss produkt stiger, har du m\u00f6jlighet att reagera p\u00e5 detta och justera ditt f\u00f6rs\u00e4ljningspris. P\u00e5 s\u00e5 s\u00e4tt kan du forts\u00e4tta tj\u00e4na pengar p\u00e5 dina produkter n\u00e4r dina leverant\u00f6rer h\u00f6jer priserna lite.<\/span><\/p>\n","image":"https:\/\/rackbeat.com\/wp-content\/uploads\/2024\/01\/Regnskab.svg"},{"title":"Samlar dina f\u00f6rs\u00e4ljningskanaler ","content":"<p><span style=\"font-weight: 400;\">Med Rackbeat samlas alla dina f\u00f6rs\u00e4ljningsorder i en integrerad order\u00f6versikt, vilket ger dig en tydlig \u00f6verblick \u00f6ver alla dina f\u00f6rs\u00e4ljningsaktiviteter. Oavsett om ordern kommer fr\u00e5n en webbutik, ett POS-system eller \u00e4r manuellt skapad, s\u00e4kerst\u00e4ller Rackbeats <\/span><span style=\"text-decoration: underline;\"><a href=\"https:\/\/rackbeat.com\/sv\/orderhantering\/\"><span style=\"font-weight: 400;\"><span style=\"color: #609ed3; text-decoration: underline;\">orderhantering <\/span><\/span><\/a><\/span><span style=\"font-weight: 400;\">realtidsuppdatering av dina orderdata. Detta eliminerar f\u00f6rvirring och s\u00e4kerst\u00e4ller att kunderna f\u00e5r sina best\u00e4llningar i tid.<\/span><\/p>\n","image":"https:\/\/rackbeat.com\/wp-content\/uploads\/2024\/03\/Ordrestyring-Hero-3.png"},{"title":"Ger dig \u00f6verblick \u00f6ver dina lagringsplatser ","content":"<p><span style=\"font-weight: 400;\">Med Rackbeat kan du skapa och hantera ett obegr\u00e4nsat antal lagringsplatser och underplatser som hyllor, st\u00e4ll och rader. Du kan ocks\u00e5 skapa transportplatser f\u00f6r att h\u00e5lla koll p\u00e5 tillf\u00e4lliga placeringar under orderhanteringen. Detta g\u00f6r det m\u00f6jligt att f\u00f6lja p\u00e5g\u00e5ende order och registrera varuf\u00f6rflyttningar mellan interna lagringsplatser. Samtidigt kan du k\u00f6pa in till den specifika platsen, s\u00e5 att du kan plocka och packa dina order fr\u00e5n den enskilda platsen. Dessutom kan du dra detaljerade rapporter f\u00f6r varje plats, vilket s\u00e4kerst\u00e4ller att du har full \u00f6verblick \u00f6ver dina lagerbeh\u00e5llningar och r\u00f6relser.<\/span><\/p>\n","image":"https:\/\/rackbeat.com\/wp-content\/uploads\/2024\/07\/Detail-Lokationer-1.svg"}]},{"acf_fc_layout":"image_text_section","section_title":"Extra funktioner som g\u00f6r skillnad f\u00f6r din detaljhandel","section_content":"<p><span style=\"font-weight: 400;\">F\u00f6rutom de grundl\u00e4ggande lagerhanteringsfunktionerna erbjuder Rackbeat en rad extra funktioner som kan g\u00f6ra stor skillnad f\u00f6r din detaljhandel. Serienummerstyring g\u00f6r det m\u00f6jligt att kontrollera garantier samt sp\u00e5ra varor med elektroniska komponenter. Batchhantering s\u00e4kerst\u00e4ller b\u00e4ttre kontroll \u00f6ver varupartier och produkters livsl\u00e4ngd med hj\u00e4lp av sp\u00e5rningsm\u00f6jligheter med batchnummer \u2013 n\u00e5got som \u00e4r s\u00e4rskilt relevant om du s\u00e4ljer varor med utg\u00e5ngsdatum.<\/span><\/p>\n<p><span style=\"font-weight: 400;\">Dessutom kan du optimera ditt lagerarbete med v\u00e5r anv\u00e4ndarv\u00e4nliga mobilapp, som ger dig m\u00f6jlighet att plocka, packa och registrera varor direkt fr\u00e5n din smartphone, tillg\u00e4nglig f\u00f6r b\u00e5de Android och iOS. F\u00f6r en full \u00f6versikt \u00f6ver alla funktioner, bes\u00f6k v\u00e5r funktionssida och se hur Rackbeat kan f\u00f6rb\u00e4ttra din lagerhantering.<\/span><\/p>\n","image":"https:\/\/rackbeat.com\/wp-content\/uploads\/2024\/02\/Lagerstyringsside-e1710510594114.jpg","button_text":"Se Rackbeats funktioner","button_url":"https:\/\/rackbeat.com\/sv\/funktioner\/"},{"acf_fc_layout":"short_description","align_introduction_text":false,"section_background_color":"","short_description_heading":"F\u00e5 en gratis presentation skr\u00e4ddarsydd f\u00f6r din detaljhandel","short_description_content":"<p>&nbsp;<\/p>\n<p><span style=\"font-weight: 400;\">\u00c4r du nyfiken p\u00e5 hur Rackbeat kan optimera din detaljhandel? V\u00e5ra specialister \u00e4r redo att visa dig hur v\u00e5rt system kan skr\u00e4ddarsys till just din aff\u00e4rs behov.\u00a0<\/span><\/p>\n<p><span style=\"font-weight: 400;\">Vi erbjuder en gratis presentation d\u00e4r vi g\u00e5r igenom de m\u00e5nga m\u00f6jligheterna och f\u00f6rdelarna Rackbeat ger till din detaljhandel.\u00a0<\/span><\/p>\n<p><span style=\"font-weight: 400;\">Oavsett om det handlar om lagerhantering, orderhantering eller integration med dina befintliga system, s\u00e5 har vi l\u00f6sningen. Boka en gratis presentation med en av v\u00e5ra specialister och upplev hur Rackbeat kan f\u00f6renkla och f\u00f6rb\u00e4ttra dina arbetsfl\u00f6den.<\/span><\/p>\n<p>&nbsp;<\/p>\n<p><!--HubSpot Call-to-Action Code --><span id=\"hs-cta-wrapper-0cd25088-0a47-40ce-ba82-7f836c846020\" class=\"hs-cta-wrapper\"><span id=\"hs-cta-0cd25088-0a47-40ce-ba82-7f836c846020\" class=\"hs-cta-node hs-cta-0cd25088-0a47-40ce-ba82-7f836c846020\"><!-- [if lte IE 8]>\n\n\n<div id=\"hs-cta-ie-element\"><\/div>\n\n\n<![endif]--><a href=\"https:\/\/cta-redirect.hubspot.com\/cta\/redirect\/20251362\/0cd25088-0a47-40ce-ba82-7f836c846020\"><img decoding=\"async\" id=\"hs-cta-img-0cd25088-0a47-40ce-ba82-7f836c846020\" class=\"hs-cta-img\" style=\"border-width: 0px;\" src=\"https:\/\/no-cache.hubspot.com\/cta\/default\/20251362\/0cd25088-0a47-40ce-ba82-7f836c846020.png\" alt=\"Boka en demo\" \/><\/a><\/span><script charset=\"utf-8\" src=\"https:\/\/js.hscta.net\/cta\/current.js\"><\/script><script type=\"text\/javascript\"> hbspt.cta.load(20251362, '0cd25088-0a47-40ce-ba82-7f836c846020', {\"useNewLoader\":\"true\",\"region\":\"na1\"}); <\/script><\/span><!-- end HubSpot Call-to-Action Code --><\/p>\n","image_boxes":false},{"acf_fc_layout":"integrations","title":""}]},"_links":{"self":[{"href":"https:\/\/rackbeat.com\/sv\/wp-json\/wp\/v2\/pages\/25039","targetHints":{"allow":["GET"]}}],"collection":[{"href":"https:\/\/rackbeat.com\/sv\/wp-json\/wp\/v2\/pages"}],"about":[{"href":"https:\/\/rackbeat.com\/sv\/wp-json\/wp\/v2\/types\/page"}],"author":[{"embeddable":true,"href":"https:\/\/rackbeat.com\/sv\/wp-json\/wp\/v2\/users\/2"}],"replies":[{"embeddable":true,"href":"https:\/\/rackbeat.com\/sv\/wp-json\/wp\/v2\/comments?post=25039"}],"version-history":[{"count":14,"href":"https:\/\/rackbeat.com\/sv\/wp-json\/wp\/v2\/pages\/25039\/revisions"}],"predecessor-version":[{"id":25063,"href":"https:\/\/rackbeat.com\/sv\/wp-json\/wp\/v2\/pages\/25039\/revisions\/25063"}],"wp:attachment":[{"href":"https:\/\/rackbeat.com\/sv\/wp-json\/wp\/v2\/media?parent=25039"}],"curies":[{"name":"wp","href":"https:\/\/api.w.org\/{rel}","templated":true}]}}