{"id":22454,"date":"2024-03-27T08:22:54","date_gmt":"2024-03-27T07:22:54","guid":{"rendered":"https:\/\/rackbeat.com\/?page_id=22454"},"modified":"2024-10-28T16:35:59","modified_gmt":"2024-10-28T14:35:59","slug":"produktionsledning","status":"publish","type":"page","link":"https:\/\/rackbeat.com\/sv\/produktionsledning\/","title":{"rendered":"Produktionsledning"},"content":{"rendered":"","protected":false},"excerpt":{"rendered":"","protected":false},"author":2,"featured_media":0,"parent":0,"menu_order":0,"comment_status":"closed","ping_status":"closed","template":"page-templates\/dynamic-template.php","meta":{"content-type":"","inline_featured_image":false,"footnotes":""},"class_list":["post-22454","page","type-page","status-publish","hentry"],"yoast_head":"<!-- This site is optimized with the Yoast SEO Premium plugin v20.0 (Yoast SEO v25.9) - https:\/\/yoast.com\/wordpress\/plugins\/seo\/ -->\n<title>Produktionsstyrning f\u00f6r lagerdrivna f\u00f6retag | Rackbeat<\/title>\n<meta name=\"description\" content=\"F\u00e5 full \u00f6versikt \u00f6ver din produktion med Rackbeats lagersystem. Du samlar ink\u00f6p, r\u00e5material, produktionsinformation och f\u00f6rs\u00e4ljning.\" \/>\n<meta name=\"robots\" content=\"index, follow, max-snippet:-1, max-image-preview:large, max-video-preview:-1\" \/>\n<link rel=\"canonical\" href=\"https:\/\/rackbeat.com\/sv\/produktionsledning\/\" \/>\n<meta property=\"og:locale\" content=\"sv_SE\" \/>\n<meta property=\"og:type\" content=\"article\" \/>\n<meta property=\"og:title\" content=\"Produktionsledning\" \/>\n<meta property=\"og:description\" content=\"F\u00e5 full \u00f6versikt \u00f6ver din produktion med Rackbeats lagersystem. Du samlar ink\u00f6p, r\u00e5material, produktionsinformation och f\u00f6rs\u00e4ljning.\" \/>\n<meta property=\"og:url\" content=\"https:\/\/rackbeat.com\/sv\/produktionsledning\/\" \/>\n<meta property=\"og:site_name\" content=\"Rackbeat\" \/>\n<meta property=\"article:modified_time\" content=\"2024-10-28T14:35:59+00:00\" \/>\n<meta name=\"twitter:card\" content=\"summary_large_image\" \/>\n<script type=\"application\/ld+json\" class=\"yoast-schema-graph\">{\"@context\":\"https:\/\/schema.org\",\"@graph\":[{\"@type\":\"WebPage\",\"@id\":\"https:\/\/rackbeat.com\/sv\/produktionsledning\/\",\"url\":\"https:\/\/rackbeat.com\/sv\/produktionsledning\/\",\"name\":\"Produktionsstyrning f\u00f6r lagerdrivna f\u00f6retag | Rackbeat\",\"isPartOf\":{\"@id\":\"https:\/\/rackbeat.com\/sv\/#website\"},\"datePublished\":\"2024-03-27T07:22:54+00:00\",\"dateModified\":\"2024-10-28T14:35:59+00:00\",\"description\":\"F\u00e5 full \u00f6versikt \u00f6ver din produktion med Rackbeats lagersystem. Du samlar ink\u00f6p, r\u00e5material, produktionsinformation och f\u00f6rs\u00e4ljning.\",\"breadcrumb\":{\"@id\":\"https:\/\/rackbeat.com\/sv\/produktionsledning\/#breadcrumb\"},\"inLanguage\":\"sv-SE\",\"potentialAction\":[{\"@type\":\"ReadAction\",\"target\":[\"https:\/\/rackbeat.com\/sv\/produktionsledning\/\"]}]},{\"@type\":\"BreadcrumbList\",\"@id\":\"https:\/\/rackbeat.com\/sv\/produktionsledning\/#breadcrumb\",\"itemListElement\":[{\"@type\":\"ListItem\",\"position\":1,\"name\":\"Framsida\",\"item\":\"https:\/\/rackbeat.com\/sv\/\"},{\"@type\":\"ListItem\",\"position\":2,\"name\":\"Produktionsledning\"}]},{\"@type\":\"WebSite\",\"@id\":\"https:\/\/rackbeat.com\/sv\/#website\",\"url\":\"https:\/\/rackbeat.com\/sv\/\",\"name\":\"Rackbeat\",\"description\":\"Effektiv lagerstyring\",\"publisher\":{\"@id\":\"https:\/\/rackbeat.com\/sv\/#organization\"},\"potentialAction\":[{\"@type\":\"SearchAction\",\"target\":{\"@type\":\"EntryPoint\",\"urlTemplate\":\"https:\/\/rackbeat.com\/sv\/?s={search_term_string}\"},\"query-input\":{\"@type\":\"PropertyValueSpecification\",\"valueRequired\":true,\"valueName\":\"search_term_string\"}}],\"inLanguage\":\"sv-SE\"},{\"@type\":\"Organization\",\"@id\":\"https:\/\/rackbeat.com\/sv\/#organization\",\"name\":\"Rackbeat\",\"url\":\"https:\/\/rackbeat.com\/sv\/\",\"logo\":{\"@type\":\"ImageObject\",\"inLanguage\":\"sv-SE\",\"@id\":\"https:\/\/rackbeat.com\/sv\/#\/schema\/logo\/image\/\",\"url\":\"\",\"contentUrl\":\"\",\"caption\":\"Rackbeat\"},\"image\":{\"@id\":\"https:\/\/rackbeat.com\/sv\/#\/schema\/logo\/image\/\"}}]}<\/script>\n<!-- \/ Yoast SEO Premium plugin. -->","yoast_head_json":{"title":"Produktionsstyrning f\u00f6r lagerdrivna f\u00f6retag | Rackbeat","description":"F\u00e5 full \u00f6versikt \u00f6ver din produktion med Rackbeats lagersystem. Du samlar ink\u00f6p, r\u00e5material, produktionsinformation och f\u00f6rs\u00e4ljning.","robots":{"index":"index","follow":"follow","max-snippet":"max-snippet:-1","max-image-preview":"max-image-preview:large","max-video-preview":"max-video-preview:-1"},"canonical":"https:\/\/rackbeat.com\/sv\/produktionsledning\/","og_locale":"sv_SE","og_type":"article","og_title":"Produktionsledning","og_description":"F\u00e5 full \u00f6versikt \u00f6ver din produktion med Rackbeats lagersystem. Du samlar ink\u00f6p, r\u00e5material, produktionsinformation och f\u00f6rs\u00e4ljning.","og_url":"https:\/\/rackbeat.com\/sv\/produktionsledning\/","og_site_name":"Rackbeat","article_modified_time":"2024-10-28T14:35:59+00:00","twitter_card":"summary_large_image","schema":{"@context":"https:\/\/schema.org","@graph":[{"@type":"WebPage","@id":"https:\/\/rackbeat.com\/sv\/produktionsledning\/","url":"https:\/\/rackbeat.com\/sv\/produktionsledning\/","name":"Produktionsstyrning f\u00f6r lagerdrivna f\u00f6retag | Rackbeat","isPartOf":{"@id":"https:\/\/rackbeat.com\/sv\/#website"},"datePublished":"2024-03-27T07:22:54+00:00","dateModified":"2024-10-28T14:35:59+00:00","description":"F\u00e5 full \u00f6versikt \u00f6ver din produktion med Rackbeats lagersystem. Du samlar ink\u00f6p, r\u00e5material, produktionsinformation och f\u00f6rs\u00e4ljning.","breadcrumb":{"@id":"https:\/\/rackbeat.com\/sv\/produktionsledning\/#breadcrumb"},"inLanguage":"sv-SE","potentialAction":[{"@type":"ReadAction","target":["https:\/\/rackbeat.com\/sv\/produktionsledning\/"]}]},{"@type":"BreadcrumbList","@id":"https:\/\/rackbeat.com\/sv\/produktionsledning\/#breadcrumb","itemListElement":[{"@type":"ListItem","position":1,"name":"Framsida","item":"https:\/\/rackbeat.com\/sv\/"},{"@type":"ListItem","position":2,"name":"Produktionsledning"}]},{"@type":"WebSite","@id":"https:\/\/rackbeat.com\/sv\/#website","url":"https:\/\/rackbeat.com\/sv\/","name":"Rackbeat","description":"Effektiv lagerstyring","publisher":{"@id":"https:\/\/rackbeat.com\/sv\/#organization"},"potentialAction":[{"@type":"SearchAction","target":{"@type":"EntryPoint","urlTemplate":"https:\/\/rackbeat.com\/sv\/?s={search_term_string}"},"query-input":{"@type":"PropertyValueSpecification","valueRequired":true,"valueName":"search_term_string"}}],"inLanguage":"sv-SE"},{"@type":"Organization","@id":"https:\/\/rackbeat.com\/sv\/#organization","name":"Rackbeat","url":"https:\/\/rackbeat.com\/sv\/","logo":{"@type":"ImageObject","inLanguage":"sv-SE","@id":"https:\/\/rackbeat.com\/sv\/#\/schema\/logo\/image\/","url":"","contentUrl":"","caption":"Rackbeat"},"image":{"@id":"https:\/\/rackbeat.com\/sv\/#\/schema\/logo\/image\/"}}]}},"ACF":{"custom_content_script":"","custom_head_script":"","dynamic_sections":[{"acf_fc_layout":"text_image_section","image":"https:\/\/rackbeat.com\/wp-content\/uploads\/2024\/03\/Produktionsstyring-Hero.svg","image_video":"","title_type":"h1","section_title":"Digital produktionsledning f\u00f6r lagerdrivna f\u00f6retag","section_content":"<p><span style=\"font-weight: 400;\">Om ditt f\u00f6retag tillverkar f\u00e4rdigvaror beh\u00f6ver ni knyta skorna och h\u00e5lla huvudet kallt fr\u00e5n best\u00e4llningen av r\u00e5material till att ni skickar iv\u00e4g f\u00f6rs\u00e4ljningsordern. Din produktion kan n\u00e4mligen st\u00f6ta p\u00e5 m\u00e5nga hinder l\u00e4ngs v\u00e4gen. Om det inte finns en solid str\u00f6mlinjeformning mellan ink\u00f6p, lagerh\u00e5llning, sammanst\u00e4llningen av r\u00e5material och genomf\u00f6randet av produktionsordrar, kommer ni att st\u00f6ta p\u00e5 produktionsstopp och leveransf\u00f6rseningar. D\u00e4rf\u00f6r \u00e4r effektiv p<\/span><span style=\"font-weight: 400;\">roduktionsledning <\/span><span style=\"font-weight: 400;\">avg\u00f6rande f\u00f6r din verksamhet.<\/span><\/p>\n<p>&nbsp;<\/p>\n<p><span style=\"font-weight: 400;\">Rackbeats digitala lagersystem ger dig en <\/span><span style=\"font-weight: 400;\">produktionsledning<\/span><span style=\"font-weight: 400;\"> som samlar alla delar i din produktion. V\u00e5r <\/span><span style=\"font-weight: 400;\">produktionsledning<\/span><span style=\"font-weight: 400;\"> inneh\u00e5ller n\u00e4mligen m\u00f6jligheten att skapa stycklistor, tillg\u00e5 \u00f6versikter \u00f6ver dina produktionsordrar, f\u00e5 direkta uppdateringar om lagerh\u00e5llningen av r\u00e5material och mycket mer. Du kan testa v\u00e5r <\/span><span style=\"font-weight: 400;\">produktionsledning <\/span><span style=\"font-weight: 400;\">helt gratis i 14 dagar utan bindning.<\/span><\/p>\n<p>&nbsp;<\/p>\n<p><!--HubSpot Call-to-Action Code --><span class=\"hs-cta-wrapper\" id=\"hs-cta-wrapper-33b8e462-9fd8-433e-8737-c62113647224\"><span class=\"hs-cta-node hs-cta-33b8e462-9fd8-433e-8737-c62113647224\" id=\"hs-cta-33b8e462-9fd8-433e-8737-c62113647224\"><!--[if lte IE 8]>\n\n<div id=\"hs-cta-ie-element\"><\/div>\n\n<![endif]--><a href=\"https:\/\/cta-redirect.hubspot.com\/cta\/redirect\/20251362\/33b8e462-9fd8-433e-8737-c62113647224\" ><img decoding=\"async\" class=\"hs-cta-img\" id=\"hs-cta-img-33b8e462-9fd8-433e-8737-c62113647224\" style=\"border-width:0px;\" src=\"https:\/\/no-cache.hubspot.com\/cta\/default\/20251362\/33b8e462-9fd8-433e-8737-c62113647224.png\"  alt=\"Boka en presentation\"\/><\/a><\/span><script charset=\"utf-8\" src=\"https:\/\/js.hscta.net\/cta\/current.js\"><\/script><script type=\"text\/javascript\"> hbspt.cta.load(20251362, '33b8e462-9fd8-433e-8737-c62113647224', {\"useNewLoader\":\"true\",\"region\":\"na1\"}); <\/script><\/span><!-- end HubSpot Call-to-Action Code --><\/p>\n","button_text":"","button_url":""},{"acf_fc_layout":"image_textboxes_section","align_introduction_text":false,"section_title":"Rackbeats lagerhanteringssystem ger dig nyckelfunktionerna f\u00f6r effektiv produktionsledning","section_description":"<p><span style=\"font-weight: 400;\">Med Rackbeats <\/span><span style=\"font-weight: 400;\">p<\/span><span style=\"font-weight: 400;\">roduktionsledning<\/span><span style=\"font-weight: 400;\"> h\u00e5ller du tempot och takten fr\u00e5n start till m\u00e5l. Vi tror n\u00e4mligen att en effektiv produktionsstyrning kan t\u00e4cka flera faser av produktionen: planeringen, tillverkningen, orderhanteringen och \u00e5terkallningen av r\u00e5material. Och i alla fyra faserna har v\u00e5rt lagersystem <span style=\"color: #609ed3;\"><a style=\"color: #609ed3;\" href=\"https:\/\/rackbeat.com\/sv\/funktioner\/\">skr\u00e4ddarsydda funktioner<\/a><\/span> klara f\u00f6r dig, s\u00e5 du inte beh\u00f6ver oroa dig f<span style=\"color: #609ed3;\"><a style=\"color: #609ed3;\" href=\"https:\/\/rackbeat.com\/sv\/vad-kan-rackbeat-gora-for-min-produktion\/\">\u00f6r produktionsstopp<\/a><\/span> eller besvikna kunder. S\u00e5 h\u00e4r kan det se ut:<\/span><\/p>\n","textboxes":[{"title":"I planeringsfasen","content":"<p><span style=\"font-weight: 400;\">Hj\u00e4lper Rackbeat dig att s\u00e4kerst\u00e4lla att du har tillr\u00e4ckligt med r\u00e5material redo f\u00f6r att starta tillverkningen av f\u00e4rdigvaror. Du f\u00e5r n\u00e4mligen din <span style=\"color: #609ed3;\"><a style=\"color: #609ed3;\" href=\"https:\/\/rackbeat.com\/sv\/product_features\/realtidsuppdatering-av-lager\/\">\u00f6versikt \u00f6ver lagerh\u00e5llningen uppdaterad automatiskt<\/a><\/span> varje g\u00e5ng en f\u00f6rs\u00e4ljning registreras. Samtidigt har du m\u00f6jlighet att koppla en minimilagerh\u00e5llning f\u00f6r dina r\u00e5material, s\u00e5 systemet meddelar dig n\u00e4r det \u00e4r dags att <span style=\"color: #609ed3;\"><a style=\"color: #609ed3;\" href=\"https:\/\/rackbeat.com\/sv\/product_features\/paaminnelser-om-nybestallning\/\">best\u00e4lla nya varor<\/a><\/span>. Och du kan g\u00f6ra en <span style=\"color: #609ed3;\"><a style=\"color: #609ed3;\" href=\"https:\/\/rackbeat.com\/sv\/product_features\/bestall-varor-med-inkopshantering\/\">best\u00e4llning hos din leverant\u00f6r<\/a><\/span> direkt fr\u00e5n Rackbeats ink\u00f6psflik.<\/span><\/p>\n","image":"https:\/\/rackbeat.com\/wp-content\/uploads\/2023\/12\/Engros-2-Svensk.png"},{"title":"Under tillverkningen","content":"<p><span style=\"font-weight: 400;\">Rackbeat ger dig direkt tillg\u00e5ng till recepten f\u00f6r dina f\u00e4rdigvaror genom m\u00f6jligheten att skapa <span style=\"color: #609ed3;\"><a style=\"color: #609ed3;\" href=\"https:\/\/rackbeat.com\/sv\/product_features\/stycklistor-paketartikel\/\">stycklistor<\/a><\/span>, vilket bidrar till en effektivare och mer str\u00f6mlinjeformad produktionsprocess. En stycklista inneh\u00e5ller n\u00e4mligen en \u00f6versikt \u00f6ver alla delkomponenter du beh\u00f6ver, statusen p\u00e5 deras lagerh\u00e5llning, den totala och enskilda komponents kostnad, enheternas vikt, storlek och placering. D\u00e4rmed har alla relevanta medarbetare tillg\u00e5ng till de v\u00e4sentliga uppgifterna f\u00f6r att tillverkningsfasen ska kunna genomf\u00f6ras effektivt.<\/span><\/p>\n","image":"https:\/\/rackbeat.com\/wp-content\/uploads\/2023\/12\/Engros-4.svg"},{"title":"Under tillverkningen","content":"<p><span style=\"font-weight: 400;\">Kan du st\u00f6ta p\u00e5 att delkomponenter g\u00e5r s\u00f6nder eller att r\u00e5materialens datum l\u00f6per ut. Detta beh\u00f6ver snabbt uppdateras, s\u00e5 att lagerh\u00e5llningen och bokf\u00f6ringen \u00e4r korrekt. H\u00e4r kan Rackbeat effektivisera registreringen av f\u00f6rlusten n\u00e4r det g\u00e4ller enkelt spill. Enkelt spill avser den oavsiktliga f\u00f6rbrukningen av material som best\u00e5r av hela enheter eller antal. Det kan till exempel vara ett hjul eller ett cykelstyre. Arbetar du med mer komplicerat spill, det vill s\u00e4ga f\u00f6rlust i liter, centimeter, gram osv., rekommenderas att du anv\u00e4nder en formel i ett kalkylblad f\u00f6r att ber\u00e4kna f\u00f6rlusten.<\/span><\/p>\n","image":"https:\/\/rackbeat.com\/wp-content\/uploads\/2024\/03\/KaldTilbage-Mockup-Sek.png"},{"title":"N\u00e4r en order ska hanteras","content":"<p><span style=\"font-weight: 400;\">S\u00e5 snart en best\u00e4llning fr\u00e5n en kund registreras manuellt eller automatiskt, \u00e4r det dags att b\u00f6rja bearbeta produktionsordern. H\u00e4r ger Rackbeat dig <span style=\"color: #609ed3;\"><a style=\"color: #609ed3;\" href=\"https:\/\/rackbeat.com\/sv\/product_features\/fullstandig-produktionsoversikt\/\">full \u00f6versikt \u00f6ver alla p\u00e5g\u00e5ende och avslutade produktionsordrar<\/a><\/span> &#8211; med ordernummer, stycklistor, kunder, medarbetaren som ansvarar f\u00f6r produktionen samt status p\u00e5 produktionen. Du kommer ocks\u00e5 att kunna g\u00f6ra ett ink\u00f6p fr\u00e5n din produktions\u00f6versikt, om det saknas r\u00e5material, och du kan <span style=\"color: #609ed3;\"><a style=\"color: #609ed3;\" href=\"https:\/\/rackbeat.com\/sv\/product_features\/skapa-skicka-och-overvaka-forsaljningsorder\/\">plocka, packa, fakturera och skicka ordern med n\u00e5gra f\u00e5 klick<\/a><\/span>.<\/span><\/p>\n","image":"https:\/\/rackbeat.com\/wp-content\/uploads\/2023\/12\/Webshop-Svensk-3.png"},{"title":"Om en order ska \u00e5terkallas","content":"<p><span style=\"font-weight: 400;\">Du kan st\u00f6ta p\u00e5 att fel uppt\u00e4cks p\u00e5 r\u00e5materialen &#8211; efter att en kund har tagit emot en f\u00e4rdigvara fr\u00e5n ditt f\u00f6retag. H\u00e4r beh\u00f6ver du snabbt kunna sp\u00e5ra var de enskilda r\u00e5materialen fr\u00e5n felaktiga varupartier befinner sig. H\u00e4r ger Rackbeats <span style=\"color: #609ed3;\"><a style=\"color: #609ed3;\" href=\"https:\/\/rackbeat.com\/sv\/product_features\/batchhantering\/\">batch<\/a><\/span>&#8211; eller <span style=\"color: #609ed3;\"><a style=\"color: #609ed3;\" href=\"https:\/\/rackbeat.com\/sv\/product_features\/serienummerstyring\/\">serienummerhantering<\/a><\/span>, som du n\u00e5r i &#8221;rapporteringsfliken&#8221; under respektive Batchkontroll och Serienummer, dig sp\u00e5rbarhet p\u00e5 dina r\u00e5material.<\/span><\/p>\n<p><span style=\"font-weight: 400;\">Du kan n\u00e4mligen se n\u00e4r du har tagit emot en batch, hur m\u00e5nga produktioner r\u00e5material fr\u00e5n en given batch har ing\u00e5tt i, samt vem som har tagit emot varor fr\u00e5n en batch.<\/span><\/p>\n<p><span style=\"font-weight: 400;\">D\u00e4rmed t\u00e4cker Rackbeats produktionsstyrning dig hela v\u00e4gen fr\u00e5n planeringen av produktionen till en eventuell \u00e5terkallelse av dina produktionsordrar.<\/span><\/p>\n","image":"https:\/\/rackbeat.com\/wp-content\/uploads\/2024\/03\/Batchstyring-Grafik-e1730297488145.png"}]},{"acf_fc_layout":"short_description","align_introduction_text":false,"section_background_color":"","short_description_heading":"D\u00e4rf\u00f6r b\u00f6r du anv\u00e4nda ett lagersystem f\u00f6r din produktionsplanering","short_description_content":"<p>&nbsp;<\/p>\n<p>Om du v\u00e4ljer att samla hela ditt produktionsfl\u00f6de i ett lagerhanteringssystem ist\u00e4llet f\u00f6r kalkylblad, optimerar du utf\u00f6randetiden i din produktion. Det inneb\u00e4r att du snabbare kan identifiera avvikelser och f\u00f6rdr\u00f6jningar i produktionen, vilket g\u00f6r att du undviker att sm\u00e5 fel blir mycket kostsamma.<\/p>\n<p>&nbsp;<\/p>\n<p>N\u00e4r du alltid har en uppdaterad \u00f6versikt \u00f6ver dina produktioner kommer du aldrig att producera mer \u00e4n det som beh\u00f6vs. Samtidigt kommer du att meddelas varje g\u00e5ng du beh\u00f6ver producera nya f\u00e4rdigvaror. Om det l\u00e4ggs en order som inkluderar en vara som f\u00f6r n\u00e4rvarande inte finns i lager, meddelar Rackbeat att ett ink\u00f6p \u00e4r n\u00f6dv\u00e4ndig f\u00f6r att uppfylla ordern.\u00a0<strong>Det finns s\u00e5ledes m\u00e5nga f\u00f6rdelar med att v\u00e4lja ett lagersystem ist\u00e4llet f\u00f6r ett kalkylblad f\u00f6r din produktion, s\u00e5som<\/strong>:<\/p>\n","image_boxes":[{"image":"https:\/\/rackbeat.com\/wp-content\/uploads\/2024\/02\/NumbersGraphics-1-New.svg","title":"<p>Besparingar p\u00e5 arbetstimmar som anv\u00e4nds f\u00f6r att underh\u00e5lla kalkylarket, eftersom ett lagersystem automatiserar registreringen av dina varur\u00f6relser<\/p>\n"},{"image":"https:\/\/rackbeat.com\/wp-content\/uploads\/2024\/02\/NumbersGraphics-2-new.svg","title":"<p>Effekktivisering av produktionen, eftersom relevanta medarbetare kan f\u00e5 en \u00f6vergripande \u00f6versikt \u00f6ver produktionen och slipper k\u00e4mpa med kalkylarksformler<\/p>\n"},{"image":"https:\/\/rackbeat.com\/wp-content\/uploads\/2024\/02\/NumbersGraphics-3-new.svg","title":"<p>Hj\u00e4lp att ta reda p\u00e5 hur du f\u00e5r mest ut av produktionskapaciteten, eftersom du kan generera historiska rapporter om f\u00f6rs\u00e4ljning, produktionsorder och ink\u00f6p<\/p>\n"},{"image":"https:\/\/rackbeat.com\/wp-content\/uploads\/2024\/02\/NumbersGraphics-4-new.svg","title":"<p>M\u00f6jlighet att integrera produktionen med lagret, frakten, redovisningssystemet, webbutiken osv., s\u00e5 att du inte beh\u00f6ver g\u00f6ra dubbel- eller trippelarbete f\u00f6r att uppdatera alla dina system<\/p>\n"}]},{"acf_fc_layout":"text_image_section","image":false,"image_video":"","title_type":"h1","section_title":"L\u00e5t oss prata om ditt produktionsf\u00f6retag ","section_content":"<p><span style=\"font-weight: 400;\">Om du skulle vilja veta hur Rackbeats produktionsstyrning kan hj\u00e4lpa just ditt f\u00f6retag, uppmanar vi dig att boka en presentation av lagersystemet med en av v\u00e5ra produktspecialister. Alla arbetsprocesser \u00e4r unika, och vi vill g\u00e4rna f\u00f6rklara och visa dig var vi kan hj\u00e4lpa dig att st\u00e4rka din produktion.<\/span><\/p>\n<p>&nbsp;<\/p>\n<p><!--HubSpot Call-to-Action Code --><span id=\"hs-cta-wrapper-0cd25088-0a47-40ce-ba82-7f836c846020\" class=\"hs-cta-wrapper\"><span id=\"hs-cta-0cd25088-0a47-40ce-ba82-7f836c846020\" class=\"hs-cta-node hs-cta-0cd25088-0a47-40ce-ba82-7f836c846020\"><!-- [if lte IE 8]>\n\n\n<div id=\"hs-cta-ie-element\"><\/div>\n\n\n<![endif]--><a href=\"https:\/\/cta-redirect.hubspot.com\/cta\/redirect\/20251362\/0cd25088-0a47-40ce-ba82-7f836c846020\"><img decoding=\"async\" id=\"hs-cta-img-0cd25088-0a47-40ce-ba82-7f836c846020\" class=\"hs-cta-img\" style=\"border-width: 0px;\" src=\"https:\/\/no-cache.hubspot.com\/cta\/default\/20251362\/0cd25088-0a47-40ce-ba82-7f836c846020.png\" alt=\"Boka en demo\" \/><\/a><\/span><script charset=\"utf-8\" src=\"https:\/\/js.hscta.net\/cta\/current.js\"><\/script><script type=\"text\/javascript\"> hbspt.cta.load(20251362, '0cd25088-0a47-40ce-ba82-7f836c846020', {\"useNewLoader\":\"true\",\"region\":\"na1\"}); <\/script><\/span><!-- end HubSpot Call-to-Action Code --><\/p>\n","button_text":"","button_url":""},{"acf_fc_layout":"integrations","title":""}]},"_links":{"self":[{"href":"https:\/\/rackbeat.com\/sv\/wp-json\/wp\/v2\/pages\/22454","targetHints":{"allow":["GET"]}}],"collection":[{"href":"https:\/\/rackbeat.com\/sv\/wp-json\/wp\/v2\/pages"}],"about":[{"href":"https:\/\/rackbeat.com\/sv\/wp-json\/wp\/v2\/types\/page"}],"author":[{"embeddable":true,"href":"https:\/\/rackbeat.com\/sv\/wp-json\/wp\/v2\/users\/2"}],"replies":[{"embeddable":true,"href":"https:\/\/rackbeat.com\/sv\/wp-json\/wp\/v2\/comments?post=22454"}],"version-history":[{"count":8,"href":"https:\/\/rackbeat.com\/sv\/wp-json\/wp\/v2\/pages\/22454\/revisions"}],"predecessor-version":[{"id":26686,"href":"https:\/\/rackbeat.com\/sv\/wp-json\/wp\/v2\/pages\/22454\/revisions\/26686"}],"wp:attachment":[{"href":"https:\/\/rackbeat.com\/sv\/wp-json\/wp\/v2\/media?parent=22454"}],"curies":[{"name":"wp","href":"https:\/\/api.w.org\/{rel}","templated":true}]}}