{"id":22439,"date":"2024-03-21T12:41:47","date_gmt":"2024-03-21T11:41:47","guid":{"rendered":"https:\/\/rackbeat.com\/?page_id=22439"},"modified":"2026-01-06T13:31:49","modified_gmt":"2026-01-06T11:31:49","slug":"inkopshantering","status":"publish","type":"page","link":"https:\/\/rackbeat.com\/sv\/inkopshantering\/","title":{"rendered":"Ink\u00f6pshantering"},"content":{"rendered":"","protected":false},"excerpt":{"rendered":"","protected":false},"author":2,"featured_media":0,"parent":0,"menu_order":0,"comment_status":"closed","ping_status":"closed","template":"page-templates\/dynamic-template.php","meta":{"content-type":"","inline_featured_image":false,"footnotes":""},"class_list":["post-22439","page","type-page","status-publish","hentry"],"yoast_head":"<!-- This site is optimized with the Yoast SEO Premium plugin v20.0 (Yoast SEO v25.9) - https:\/\/yoast.com\/wordpress\/plugins\/seo\/ -->\n<title>Effektiv ink\u00f6pshantering f\u00f6r lagerdrivna f\u00f6retag | Rackbeat<\/title>\n<meta name=\"description\" content=\"Rackbeats ink\u00f6pshantering ger dig m\u00f6jligheten att omedelbart best\u00e4lla varor, \u00f6versikt \u00f6ver leverant\u00f6rerna och rekommendationer f\u00f6r ombest\u00e4llning. Prova Rackbeat gratis i 14 dagar.\" \/>\n<meta name=\"robots\" content=\"index, follow, max-snippet:-1, max-image-preview:large, max-video-preview:-1\" \/>\n<link rel=\"canonical\" href=\"https:\/\/rackbeat.com\/sv\/inkopshantering\/\" \/>\n<meta property=\"og:locale\" content=\"sv_SE\" \/>\n<meta property=\"og:type\" content=\"article\" \/>\n<meta property=\"og:title\" content=\"Ink\u00f6pshantering\" \/>\n<meta property=\"og:description\" content=\"Rackbeats ink\u00f6pshantering ger dig m\u00f6jligheten att omedelbart best\u00e4lla varor, \u00f6versikt \u00f6ver leverant\u00f6rerna och rekommendationer f\u00f6r ombest\u00e4llning. Prova Rackbeat gratis i 14 dagar.\" \/>\n<meta property=\"og:url\" content=\"https:\/\/rackbeat.com\/sv\/inkopshantering\/\" \/>\n<meta property=\"og:site_name\" content=\"Rackbeat\" \/>\n<meta property=\"article:modified_time\" content=\"2026-01-06T11:31:49+00:00\" \/>\n<meta name=\"twitter:card\" content=\"summary_large_image\" \/>\n<script type=\"application\/ld+json\" class=\"yoast-schema-graph\">{\"@context\":\"https:\/\/schema.org\",\"@graph\":[{\"@type\":\"WebPage\",\"@id\":\"https:\/\/rackbeat.com\/sv\/inkopshantering\/\",\"url\":\"https:\/\/rackbeat.com\/sv\/inkopshantering\/\",\"name\":\"Effektiv ink\u00f6pshantering f\u00f6r lagerdrivna f\u00f6retag | Rackbeat\",\"isPartOf\":{\"@id\":\"https:\/\/rackbeat.com\/sv\/#website\"},\"datePublished\":\"2024-03-21T11:41:47+00:00\",\"dateModified\":\"2026-01-06T11:31:49+00:00\",\"description\":\"Rackbeats ink\u00f6pshantering ger dig m\u00f6jligheten att omedelbart best\u00e4lla varor, \u00f6versikt \u00f6ver leverant\u00f6rerna och rekommendationer f\u00f6r ombest\u00e4llning. Prova Rackbeat gratis i 14 dagar.\",\"breadcrumb\":{\"@id\":\"https:\/\/rackbeat.com\/sv\/inkopshantering\/#breadcrumb\"},\"inLanguage\":\"sv-SE\",\"potentialAction\":[{\"@type\":\"ReadAction\",\"target\":[\"https:\/\/rackbeat.com\/sv\/inkopshantering\/\"]}]},{\"@type\":\"BreadcrumbList\",\"@id\":\"https:\/\/rackbeat.com\/sv\/inkopshantering\/#breadcrumb\",\"itemListElement\":[{\"@type\":\"ListItem\",\"position\":1,\"name\":\"Framsida\",\"item\":\"https:\/\/rackbeat.com\/sv\/\"},{\"@type\":\"ListItem\",\"position\":2,\"name\":\"Ink\u00f6pshantering\"}]},{\"@type\":\"WebSite\",\"@id\":\"https:\/\/rackbeat.com\/sv\/#website\",\"url\":\"https:\/\/rackbeat.com\/sv\/\",\"name\":\"Rackbeat\",\"description\":\"Effektiv lagerstyring\",\"publisher\":{\"@id\":\"https:\/\/rackbeat.com\/sv\/#organization\"},\"potentialAction\":[{\"@type\":\"SearchAction\",\"target\":{\"@type\":\"EntryPoint\",\"urlTemplate\":\"https:\/\/rackbeat.com\/sv\/?s={search_term_string}\"},\"query-input\":{\"@type\":\"PropertyValueSpecification\",\"valueRequired\":true,\"valueName\":\"search_term_string\"}}],\"inLanguage\":\"sv-SE\"},{\"@type\":\"Organization\",\"@id\":\"https:\/\/rackbeat.com\/sv\/#organization\",\"name\":\"Rackbeat\",\"url\":\"https:\/\/rackbeat.com\/sv\/\",\"logo\":{\"@type\":\"ImageObject\",\"inLanguage\":\"sv-SE\",\"@id\":\"https:\/\/rackbeat.com\/sv\/#\/schema\/logo\/image\/\",\"url\":\"\",\"contentUrl\":\"\",\"caption\":\"Rackbeat\"},\"image\":{\"@id\":\"https:\/\/rackbeat.com\/sv\/#\/schema\/logo\/image\/\"}}]}<\/script>\n<!-- \/ Yoast SEO Premium plugin. -->","yoast_head_json":{"title":"Effektiv ink\u00f6pshantering f\u00f6r lagerdrivna f\u00f6retag | Rackbeat","description":"Rackbeats ink\u00f6pshantering ger dig m\u00f6jligheten att omedelbart best\u00e4lla varor, \u00f6versikt \u00f6ver leverant\u00f6rerna och rekommendationer f\u00f6r ombest\u00e4llning. Prova Rackbeat gratis i 14 dagar.","robots":{"index":"index","follow":"follow","max-snippet":"max-snippet:-1","max-image-preview":"max-image-preview:large","max-video-preview":"max-video-preview:-1"},"canonical":"https:\/\/rackbeat.com\/sv\/inkopshantering\/","og_locale":"sv_SE","og_type":"article","og_title":"Ink\u00f6pshantering","og_description":"Rackbeats ink\u00f6pshantering ger dig m\u00f6jligheten att omedelbart best\u00e4lla varor, \u00f6versikt \u00f6ver leverant\u00f6rerna och rekommendationer f\u00f6r ombest\u00e4llning. Prova Rackbeat gratis i 14 dagar.","og_url":"https:\/\/rackbeat.com\/sv\/inkopshantering\/","og_site_name":"Rackbeat","article_modified_time":"2026-01-06T11:31:49+00:00","twitter_card":"summary_large_image","schema":{"@context":"https:\/\/schema.org","@graph":[{"@type":"WebPage","@id":"https:\/\/rackbeat.com\/sv\/inkopshantering\/","url":"https:\/\/rackbeat.com\/sv\/inkopshantering\/","name":"Effektiv ink\u00f6pshantering f\u00f6r lagerdrivna f\u00f6retag | Rackbeat","isPartOf":{"@id":"https:\/\/rackbeat.com\/sv\/#website"},"datePublished":"2024-03-21T11:41:47+00:00","dateModified":"2026-01-06T11:31:49+00:00","description":"Rackbeats ink\u00f6pshantering ger dig m\u00f6jligheten att omedelbart best\u00e4lla varor, \u00f6versikt \u00f6ver leverant\u00f6rerna och rekommendationer f\u00f6r ombest\u00e4llning. Prova Rackbeat gratis i 14 dagar.","breadcrumb":{"@id":"https:\/\/rackbeat.com\/sv\/inkopshantering\/#breadcrumb"},"inLanguage":"sv-SE","potentialAction":[{"@type":"ReadAction","target":["https:\/\/rackbeat.com\/sv\/inkopshantering\/"]}]},{"@type":"BreadcrumbList","@id":"https:\/\/rackbeat.com\/sv\/inkopshantering\/#breadcrumb","itemListElement":[{"@type":"ListItem","position":1,"name":"Framsida","item":"https:\/\/rackbeat.com\/sv\/"},{"@type":"ListItem","position":2,"name":"Ink\u00f6pshantering"}]},{"@type":"WebSite","@id":"https:\/\/rackbeat.com\/sv\/#website","url":"https:\/\/rackbeat.com\/sv\/","name":"Rackbeat","description":"Effektiv lagerstyring","publisher":{"@id":"https:\/\/rackbeat.com\/sv\/#organization"},"potentialAction":[{"@type":"SearchAction","target":{"@type":"EntryPoint","urlTemplate":"https:\/\/rackbeat.com\/sv\/?s={search_term_string}"},"query-input":{"@type":"PropertyValueSpecification","valueRequired":true,"valueName":"search_term_string"}}],"inLanguage":"sv-SE"},{"@type":"Organization","@id":"https:\/\/rackbeat.com\/sv\/#organization","name":"Rackbeat","url":"https:\/\/rackbeat.com\/sv\/","logo":{"@type":"ImageObject","inLanguage":"sv-SE","@id":"https:\/\/rackbeat.com\/sv\/#\/schema\/logo\/image\/","url":"","contentUrl":"","caption":"Rackbeat"},"image":{"@id":"https:\/\/rackbeat.com\/sv\/#\/schema\/logo\/image\/"}}]}},"ACF":{"custom_content_script":"","custom_head_script":"","dynamic_sections":[{"acf_fc_layout":"text_image_section","image":"https:\/\/rackbeat.com\/wp-content\/uploads\/2024\/03\/Indkoebsstyring-Hero.svg","image_video":"","title_type":"h1","section_title":"Rackbeats ink\u00f6pshantering f\u00f6r lagerdrivna f\u00f6retag","section_content":"<p><span style=\"font-weight: 400;\">En str\u00f6mlinjeformad ink\u00f6psstyrning \u00e4r avg\u00f6rande f\u00f6r lagerdrivna f\u00f6retag som vill optimera sin verksamhet. Genom att ha en effektiv ink\u00f6psstyrning tillsammans med din lager\u00f6versikt kan du spara mycket pengar, tid och resurser. Med Rackbeats digitala ink\u00f6psstyrning f\u00e5r du alltid en uppdaterad status p\u00e5 ditt varulager, s\u00e5 n\u00e4r du g\u00f6r dina ink\u00f6p kommer du varken att best\u00e4lla f\u00f6r lite eller f\u00f6r mycket.<\/span><\/p>\n<p>&nbsp;<\/p>\n<p><span style=\"font-weight: 400;\">Samtidigt ger Rackbeats <\/span><b>ink\u00f6pshantering <\/b><span style=\"font-weight: 400;\">dig enorm flexibilitet. Du kan n\u00e4mligen b\u00e5de best\u00e4lla varor direkt fr\u00e5n dina leverant\u00f6rer eller bara registrera dina ink\u00f6p i systemet. Rackbeat st\u00f6der d\u00e4rmed en str\u00f6mlinjeformad leveranskedja och s\u00e4kerst\u00e4ller att f\u00f6retagets f\u00f6rs\u00e4ljningsorder k\u00f6rs st\u00f6rningsfritt, eftersom du aldrig kommer att sakna n\u00f6dv\u00e4ndiga varor.<\/span><\/p>\n<p>&nbsp;<\/p>\n<p><!--HubSpot Call-to-Action Code --><span id=\"hs-cta-wrapper-33b8e462-9fd8-433e-8737-c62113647224\" class=\"hs-cta-wrapper\"><span id=\"hs-cta-33b8e462-9fd8-433e-8737-c62113647224\" class=\"hs-cta-node hs-cta-33b8e462-9fd8-433e-8737-c62113647224\"><!-- [if lte IE 8]>\n\n\n<div id=\"hs-cta-ie-element\"><\/div>\n\n\n<![endif]--><a href=\"https:\/\/cta-redirect.hubspot.com\/cta\/redirect\/20251362\/33b8e462-9fd8-433e-8737-c62113647224\"><img decoding=\"async\" id=\"hs-cta-img-33b8e462-9fd8-433e-8737-c62113647224\" class=\"hs-cta-img\" style=\"border-width: 0px;\" src=\"https:\/\/no-cache.hubspot.com\/cta\/default\/20251362\/33b8e462-9fd8-433e-8737-c62113647224.png\" alt=\"Boka en presentation\" \/><\/a><\/span><script charset=\"utf-8\" src=\"https:\/\/js.hscta.net\/cta\/current.js\"><\/script><script type=\"text\/javascript\"> hbspt.cta.load(20251362, '33b8e462-9fd8-433e-8737-c62113647224', {\"useNewLoader\":\"true\",\"region\":\"na1\"}); <\/script><\/span><!-- end HubSpot Call-to-Action Code --><\/p>\n","button_text":"","button_url":""},{"acf_fc_layout":"image_textboxes_section","align_introduction_text":"left","section_title":"Rackbeats ink\u00f6pshantering levererar varan ","section_description":"<p><span style=\"font-weight: 400;\">Rackbeats digitala lagerhanteringssystem ger dig den mest effektiva <\/span>ink\u00f6pshanteringen <span style=\"font-weight: 400;\">p\u00e5 marknaden. Du f\u00e5r ett system som automatiserar dina ink\u00f6p, h\u00e5ller kontakten med leverant\u00f6rerna och ger dig en \u00f6verblick \u00f6ver dina ink\u00f6psorder, s\u00e5 att du alltid \u00e4r redo f\u00f6r f\u00f6rs\u00e4ljning. Med Rackbeats <\/span>ink\u00f6pshantering <span style=\"font-weight: 400;\">f\u00e5r du rent konkret:<\/span><\/p>\n","textboxes":[{"title":"Flexibel varubest\u00e4llning och m\u00f6jligheten att registrera varumottagningar","content":"<p><span style=\"font-weight: 400;\">Du kan enkelt och snabbt g\u00f6ra dina ink\u00f6p i Rackbeats ink\u00f6psflik. H\u00e4r best\u00e4ller du antingen direkt fr\u00e5n din leverant\u00f6r eller skapar dina redan gjorda ink\u00f6psorder, s\u00e5 att ditt varulager kan uppdateras. Faktiskt kan du best\u00e4lla varor fr\u00e5n flera st\u00e4llen i systemet: bland annat fr\u00e5n produktsidan och ombest\u00e4llnings\u00f6versikten, s\u00e5 att du inte beh\u00f6ver avbryta ditt arbetsfl\u00f6de. Det \u00e4r ocks\u00e5 h\u00e4r du kan registrera dina varumottagningar s\u00e5 snart din best\u00e4llning har kommit.<\/span><\/p>\n","image":"https:\/\/rackbeat.com\/wp-content\/uploads\/2024\/03\/Indkoebsstyring-menupunkter-Sek.png"},{"title":"Full \u00f6versikt \u00f6ver samtliga ink\u00f6psorder","content":"<p><span style=\"font-weight: 400;\">Under ink\u00f6psfliken hittar du en fr\u00e4sch och finjusterad instrumentpanel, d\u00e4r all din viktigaste ink\u00f6psinformation kommer att visas under &#8221;Best\u00e4llning.&#8221; H\u00e4r kommer du att kunna f\u00e5 svar p\u00e5 m\u00e5nga fr\u00e5gor om dina ink\u00f6psorder, s\u00e5som: Har ink\u00f6pet fakturerats? Har du mottagit och bokf\u00f6rt dem? Vad \u00e4r kostnaderna? Vilken valuta har handlats i? Har varorna kvalitetss\u00e4krats vid mottagningen? Du kan sj\u00e4lv v\u00e4lja vilken information du vill visa, eftersom alla v\u00e5ra <span style=\"color: #609ed3;\"><a style=\"color: #609ed3;\" href=\"https:\/\/rackbeat.com\/sv\/product_features\/anpassade-oversikter\/\">\u00f6versikter \u00e4r anpassningsbara<\/a><\/span>.<\/span><\/p>\n","image":"https:\/\/rackbeat.com\/wp-content\/uploads\/2024\/02\/IndkoebsstyringBestillinger-SEK.png"},{"title":"Leverant\u00f6rshantering","content":"<p><span style=\"font-weight: 400;\">N\u00e4r du har skapat dina olika leverant\u00f6rsgrupper, om du till exempel handlar med b\u00e5de svenska och utl\u00e4ndska leverant\u00f6rer &#8211; och d\u00e4rmed olika valutor, kan du registrera dina leverant\u00f6rer och f\u00e5 tillg\u00e5ng till dem i en \u00f6versk\u00e5dlig \u00f6versikt. H\u00e4r har du samlat de viktigaste leverant\u00f6rsuppgifterna &#8211; inklusive deras organisationsnummer, e-post, telefon, land, etc. P\u00e5 varje enskild leverant\u00f6rs sida hittar du sedan deras varukatalog, adresser samt kopplar anteckningar, etc.<\/span><\/p>\n","image":"https:\/\/rackbeat.com\/wp-content\/uploads\/2024\/03\/Leverandoerer-Grafik2-SEK.png"},{"title":"Nybest\u00e4llningsp\u00e5minnelser","content":"<p><span style=\"font-weight: 400;\">N\u00e4r du registrerar en vara i Rackbeat, har du m\u00f6jlighet att ange ett minimilager f\u00f6r den aktuella produkten. I det \u00f6gonblick varan n\u00e5r minimilagret, och s\u00e5ledes har s\u00e5lts i en m\u00e4ngd som kr\u00e4ver p\u00e5fyllning, kommer du att f\u00e5 en p\u00e5minnelse fr\u00e5n systemet om att du beh\u00f6ver g\u00f6ra ink\u00f6p. Du f\u00e5r <span style=\"color: #609ed3;\"><a style=\"color: #609ed3;\" href=\"https:\/\/rackbeat.com\/sv\/product_features\/paaminnelser-om-nybestallning\/\">nybest\u00e4llningsp\u00e5minnelserna<\/a> <\/span>p\u00e5 din Rackbeat-startsida &#8211; men du kan ocks\u00e5 ombest\u00e4lla varor fr\u00e5n dina ombest\u00e4llningsrapporter.<\/span><\/p>\n","image":"https:\/\/rackbeat.com\/wp-content\/uploads\/2024\/02\/Genbestillingspa\u030amindelser-SEK.png"}]},{"acf_fc_layout":"cta_section","cta_image":"https:\/\/rackbeat.com\/wp-content\/uploads\/2024\/03\/Indkoebsstyring-FinalSection-Grafik-Sek.png","cta_content":"<h2><span style=\"color: #14143f;\"><b>Vilka andra funktioner kan Rackbeat erbjuda dig?<\/b><\/span><\/h2>\n<p><span style=\"color: #14143f;\"><span style=\"font-weight: 400;\">Ut\u00f6ver <\/span><b>ink\u00f6pshanteringen <\/b><span style=\"font-weight: 400;\">erbjuder Rackbeats lagerhanteringssystem en hel massa andra funktioner som kan optimera din lagerverksamhet och effektivisera din aff\u00e4rsverksamhet. Du f\u00e5r naturligtvis k\u00e4rnfunktionerna inom lagerhantering s\u00e5som: realtidsuppdateringar p\u00e5 varulagret, m\u00f6jligheten att skapa lagerplatser, registrering av varumottagningar, varur\u00e4kning och mycket mer.<\/span><\/span><\/p>\n<p><span style=\"font-weight: 400; color: #14143f;\">Men samtidigt f\u00e5r du ocks\u00e5 en massa andra funktioner som kan hj\u00e4lpa ditt lagerdrivna f\u00f6retag. Saknar lagermedarbetaren ett effektivt verktyg p\u00e5 golvet? Prova v\u00e5r mobilapp. Skulle orderhanteringen kunna beh\u00f6va en energiboost? Ta en titt p\u00e5 v\u00e5rt f\u00f6rs\u00e4ljningsorderfl\u00f6de. Eller saknar du n\u00e5gra funktioner f\u00f6r produktionen? Hoppa d\u00e5 f\u00f6rbi v\u00e5ra stycklistor och produktions\u00f6versikt. Du kan ocks\u00e5 f\u00e5 en fullst\u00e4ndig \u00f6versikt \u00f6ver Rackbeats funktioner.<\/span><\/p>\n","cta_button_text":"Se Rackbeats funktioner","cta_button_link":"https:\/\/rackbeat.com\/sv\/funktioner\/","background_color":"#8ba2b6"},{"acf_fc_layout":"short_description","align_introduction_text":"left","section_background_color":"","short_description_heading":"Prova Rackbeats ink\u00f6pshantering helt gratis","short_description_content":"<p><span style=\"font-weight: 400;\">Du kan testk\u00f6ra Rackbeats <\/span><b>ink\u00f6pshantering <\/b><span style=\"font-weight: 400;\">och alla de andra funktionerna i 14 dagar &#8211; helt gratis. N\u00e4r du registrerar dig rekommenderar vi att du markerar rutan f\u00f6r &#8221;Skapa med demodata.&#8221; D\u00e5 beh\u00f6ver du inte spendera tid p\u00e5 att skapa dina egna produkter, leverant\u00f6rer, f\u00f6rs\u00e4ljningsorder etc., utan kan bara fokusera p\u00e5 att utforska systemets m\u00f6jligheter.<\/span><\/p>\n<p><!--HubSpot Call-to-Action Code --><span id=\"hs-cta-wrapper-0c345cc0-0a02-4bc8-8019-eeec025f4acc\" class=\"hs-cta-wrapper\"><span id=\"hs-cta-0c345cc0-0a02-4bc8-8019-eeec025f4acc\" class=\"hs-cta-node hs-cta-0c345cc0-0a02-4bc8-8019-eeec025f4acc\"><!-- [if lte IE 8]>\n\n\n<div id=\"hs-cta-ie-element\"><\/div>\n\n\n<![endif]--><a href=\"https:\/\/cta-redirect.hubspot.com\/cta\/redirect\/20251362\/0c345cc0-0a02-4bc8-8019-eeec025f4acc\"><img decoding=\"async\" id=\"hs-cta-img-0c345cc0-0a02-4bc8-8019-eeec025f4acc\" class=\"hs-cta-img\" style=\"border-width: 0px;\" src=\"https:\/\/no-cache.hubspot.com\/cta\/default\/20251362\/0c345cc0-0a02-4bc8-8019-eeec025f4acc.png\" alt=\"PROVA GRATIS\" \/><\/a><\/span><script charset=\"utf-8\" src=\"https:\/\/js.hscta.net\/cta\/current.js\"><\/script><script type=\"text\/javascript\"> hbspt.cta.load(20251362, '0c345cc0-0a02-4bc8-8019-eeec025f4acc', {\"useNewLoader\":\"true\",\"region\":\"na1\"}); <\/script><\/span><!-- end HubSpot Call-to-Action Code --><\/p>\n","image_boxes":false}]},"_links":{"self":[{"href":"https:\/\/rackbeat.com\/sv\/wp-json\/wp\/v2\/pages\/22439","targetHints":{"allow":["GET"]}}],"collection":[{"href":"https:\/\/rackbeat.com\/sv\/wp-json\/wp\/v2\/pages"}],"about":[{"href":"https:\/\/rackbeat.com\/sv\/wp-json\/wp\/v2\/types\/page"}],"author":[{"embeddable":true,"href":"https:\/\/rackbeat.com\/sv\/wp-json\/wp\/v2\/users\/2"}],"replies":[{"embeddable":true,"href":"https:\/\/rackbeat.com\/sv\/wp-json\/wp\/v2\/comments?post=22439"}],"version-history":[{"count":7,"href":"https:\/\/rackbeat.com\/sv\/wp-json\/wp\/v2\/pages\/22439\/revisions"}],"predecessor-version":[{"id":26691,"href":"https:\/\/rackbeat.com\/sv\/wp-json\/wp\/v2\/pages\/22439\/revisions\/26691"}],"wp:attachment":[{"href":"https:\/\/rackbeat.com\/sv\/wp-json\/wp\/v2\/media?parent=22439"}],"curies":[{"name":"wp","href":"https:\/\/api.w.org\/{rel}","templated":true}]}}