{"id":21868,"date":"2024-03-14T12:26:53","date_gmt":"2024-03-14T11:26:53","guid":{"rendered":"https:\/\/rackbeat.com\/?page_id=21868"},"modified":"2024-10-28T16:36:32","modified_gmt":"2024-10-28T14:36:32","slug":"orderhantering","status":"publish","type":"page","link":"https:\/\/rackbeat.com\/sv\/orderhantering\/","title":{"rendered":"Orderhantering"},"content":{"rendered":"","protected":false},"excerpt":{"rendered":"","protected":false},"author":2,"featured_media":0,"parent":0,"menu_order":0,"comment_status":"closed","ping_status":"closed","template":"page-templates\/dynamic-template.php","meta":{"content-type":"","inline_featured_image":false,"footnotes":""},"class_list":["post-21868","page","type-page","status-publish","hentry"],"yoast_head":"<!-- This site is optimized with the Yoast SEO Premium plugin v20.0 (Yoast SEO v25.9) - https:\/\/yoast.com\/wordpress\/plugins\/seo\/ -->\n<title>Effektiv orderhantering f\u00f6r lagerdrivna f\u00f6retag | Rackbeat<\/title>\n<meta name=\"description\" content=\"Rackbeats lagersystem ger dig orderhantering, s\u00e5 du har full kontroll \u00f6ver f\u00f6rs\u00e4ljningsordern fr\u00e5n det att du best\u00e4ller varan till den skickas till kunden. Prova gratis i 14 dagar.\" \/>\n<meta name=\"robots\" content=\"index, follow, max-snippet:-1, max-image-preview:large, max-video-preview:-1\" \/>\n<link rel=\"canonical\" href=\"https:\/\/rackbeat.com\/sv\/orderhantering\/\" \/>\n<meta property=\"og:locale\" content=\"sv_SE\" \/>\n<meta property=\"og:type\" content=\"article\" \/>\n<meta property=\"og:title\" content=\"Orderhantering\" \/>\n<meta property=\"og:description\" content=\"Rackbeats lagersystem ger dig orderhantering, s\u00e5 du har full kontroll \u00f6ver f\u00f6rs\u00e4ljningsordern fr\u00e5n det att du best\u00e4ller varan till den skickas till kunden. Prova gratis i 14 dagar.\" \/>\n<meta property=\"og:url\" content=\"https:\/\/rackbeat.com\/sv\/orderhantering\/\" \/>\n<meta property=\"og:site_name\" content=\"Rackbeat\" \/>\n<meta property=\"article:modified_time\" content=\"2024-10-28T14:36:32+00:00\" \/>\n<meta name=\"twitter:card\" content=\"summary_large_image\" \/>\n<script type=\"application\/ld+json\" class=\"yoast-schema-graph\">{\"@context\":\"https:\/\/schema.org\",\"@graph\":[{\"@type\":\"WebPage\",\"@id\":\"https:\/\/rackbeat.com\/sv\/orderhantering\/\",\"url\":\"https:\/\/rackbeat.com\/sv\/orderhantering\/\",\"name\":\"Effektiv orderhantering f\u00f6r lagerdrivna f\u00f6retag | Rackbeat\",\"isPartOf\":{\"@id\":\"https:\/\/rackbeat.com\/sv\/#website\"},\"datePublished\":\"2024-03-14T11:26:53+00:00\",\"dateModified\":\"2024-10-28T14:36:32+00:00\",\"description\":\"Rackbeats lagersystem ger dig orderhantering, s\u00e5 du har full kontroll \u00f6ver f\u00f6rs\u00e4ljningsordern fr\u00e5n det att du best\u00e4ller varan till den skickas till kunden. Prova gratis i 14 dagar.\",\"breadcrumb\":{\"@id\":\"https:\/\/rackbeat.com\/sv\/orderhantering\/#breadcrumb\"},\"inLanguage\":\"sv-SE\",\"potentialAction\":[{\"@type\":\"ReadAction\",\"target\":[\"https:\/\/rackbeat.com\/sv\/orderhantering\/\"]}]},{\"@type\":\"BreadcrumbList\",\"@id\":\"https:\/\/rackbeat.com\/sv\/orderhantering\/#breadcrumb\",\"itemListElement\":[{\"@type\":\"ListItem\",\"position\":1,\"name\":\"Framsida\",\"item\":\"https:\/\/rackbeat.com\/sv\/\"},{\"@type\":\"ListItem\",\"position\":2,\"name\":\"Orderhantering\"}]},{\"@type\":\"WebSite\",\"@id\":\"https:\/\/rackbeat.com\/sv\/#website\",\"url\":\"https:\/\/rackbeat.com\/sv\/\",\"name\":\"Rackbeat\",\"description\":\"Effektiv lagerstyring\",\"publisher\":{\"@id\":\"https:\/\/rackbeat.com\/sv\/#organization\"},\"potentialAction\":[{\"@type\":\"SearchAction\",\"target\":{\"@type\":\"EntryPoint\",\"urlTemplate\":\"https:\/\/rackbeat.com\/sv\/?s={search_term_string}\"},\"query-input\":{\"@type\":\"PropertyValueSpecification\",\"valueRequired\":true,\"valueName\":\"search_term_string\"}}],\"inLanguage\":\"sv-SE\"},{\"@type\":\"Organization\",\"@id\":\"https:\/\/rackbeat.com\/sv\/#organization\",\"name\":\"Rackbeat\",\"url\":\"https:\/\/rackbeat.com\/sv\/\",\"logo\":{\"@type\":\"ImageObject\",\"inLanguage\":\"sv-SE\",\"@id\":\"https:\/\/rackbeat.com\/sv\/#\/schema\/logo\/image\/\",\"url\":\"\",\"contentUrl\":\"\",\"caption\":\"Rackbeat\"},\"image\":{\"@id\":\"https:\/\/rackbeat.com\/sv\/#\/schema\/logo\/image\/\"}}]}<\/script>\n<!-- \/ Yoast SEO Premium plugin. -->","yoast_head_json":{"title":"Effektiv orderhantering f\u00f6r lagerdrivna f\u00f6retag | Rackbeat","description":"Rackbeats lagersystem ger dig orderhantering, s\u00e5 du har full kontroll \u00f6ver f\u00f6rs\u00e4ljningsordern fr\u00e5n det att du best\u00e4ller varan till den skickas till kunden. Prova gratis i 14 dagar.","robots":{"index":"index","follow":"follow","max-snippet":"max-snippet:-1","max-image-preview":"max-image-preview:large","max-video-preview":"max-video-preview:-1"},"canonical":"https:\/\/rackbeat.com\/sv\/orderhantering\/","og_locale":"sv_SE","og_type":"article","og_title":"Orderhantering","og_description":"Rackbeats lagersystem ger dig orderhantering, s\u00e5 du har full kontroll \u00f6ver f\u00f6rs\u00e4ljningsordern fr\u00e5n det att du best\u00e4ller varan till den skickas till kunden. Prova gratis i 14 dagar.","og_url":"https:\/\/rackbeat.com\/sv\/orderhantering\/","og_site_name":"Rackbeat","article_modified_time":"2024-10-28T14:36:32+00:00","twitter_card":"summary_large_image","schema":{"@context":"https:\/\/schema.org","@graph":[{"@type":"WebPage","@id":"https:\/\/rackbeat.com\/sv\/orderhantering\/","url":"https:\/\/rackbeat.com\/sv\/orderhantering\/","name":"Effektiv orderhantering f\u00f6r lagerdrivna f\u00f6retag | Rackbeat","isPartOf":{"@id":"https:\/\/rackbeat.com\/sv\/#website"},"datePublished":"2024-03-14T11:26:53+00:00","dateModified":"2024-10-28T14:36:32+00:00","description":"Rackbeats lagersystem ger dig orderhantering, s\u00e5 du har full kontroll \u00f6ver f\u00f6rs\u00e4ljningsordern fr\u00e5n det att du best\u00e4ller varan till den skickas till kunden. Prova gratis i 14 dagar.","breadcrumb":{"@id":"https:\/\/rackbeat.com\/sv\/orderhantering\/#breadcrumb"},"inLanguage":"sv-SE","potentialAction":[{"@type":"ReadAction","target":["https:\/\/rackbeat.com\/sv\/orderhantering\/"]}]},{"@type":"BreadcrumbList","@id":"https:\/\/rackbeat.com\/sv\/orderhantering\/#breadcrumb","itemListElement":[{"@type":"ListItem","position":1,"name":"Framsida","item":"https:\/\/rackbeat.com\/sv\/"},{"@type":"ListItem","position":2,"name":"Orderhantering"}]},{"@type":"WebSite","@id":"https:\/\/rackbeat.com\/sv\/#website","url":"https:\/\/rackbeat.com\/sv\/","name":"Rackbeat","description":"Effektiv lagerstyring","publisher":{"@id":"https:\/\/rackbeat.com\/sv\/#organization"},"potentialAction":[{"@type":"SearchAction","target":{"@type":"EntryPoint","urlTemplate":"https:\/\/rackbeat.com\/sv\/?s={search_term_string}"},"query-input":{"@type":"PropertyValueSpecification","valueRequired":true,"valueName":"search_term_string"}}],"inLanguage":"sv-SE"},{"@type":"Organization","@id":"https:\/\/rackbeat.com\/sv\/#organization","name":"Rackbeat","url":"https:\/\/rackbeat.com\/sv\/","logo":{"@type":"ImageObject","inLanguage":"sv-SE","@id":"https:\/\/rackbeat.com\/sv\/#\/schema\/logo\/image\/","url":"","contentUrl":"","caption":"Rackbeat"},"image":{"@id":"https:\/\/rackbeat.com\/sv\/#\/schema\/logo\/image\/"}}]}},"ACF":{"custom_content_script":"","custom_head_script":"","dynamic_sections":[{"acf_fc_layout":"text_image_section","image":"https:\/\/rackbeat.com\/wp-content\/uploads\/2024\/03\/Ordrestyring-Hero-SEK.png","image_video":"","title_type":"h1","section_title":"Rackbeats orderhantering f\u00f6r f\u00f6retag som vill effektivisera sina f\u00f6rs\u00e4ljningsorder","section_content":"<p><span style=\"font-weight: 400;\">Oavsett om du s\u00e4ljer direkt till slutkunden via webbshop eller POS, \u00e4r ett grossistf\u00f6retag som s\u00e4ljer B2B eller producerar egna produkter, utg\u00f6r dina f\u00f6rs\u00e4ljningsorder k\u00e4rnan i verksamheten. D\u00e4rf\u00f6r beh\u00f6ver du en effektiv och \u00f6versk\u00e5dlig orderhantering. Om du f\u00f6rlorar koordinaterna f\u00f6r dina orderfl\u00f6den, dvs. ink\u00f6p, f\u00f6rs\u00e4ljning och leveranser, kan kundn\u00f6jdheten, lagret och ekonomin hamna i fara. Det undviker du med Rackbeats molnbaserade orderhantering.<\/span><\/p>\n<p>&nbsp;<\/p>\n<p><span style=\"font-weight: 400;\">Ta steget direkt genom att boka en demo, s\u00e5 du kan f\u00e5 svar p\u00e5 alla dina fr\u00e5gor och se en presentation av hur Rackbeat fungerar i praktiken. Du kan ocks\u00e5 skapa ett gratis demokonto f\u00f6r att sj\u00e4lv prova p\u00e5 systemet.<\/span><\/p>\n<p>&nbsp;<\/p>\n<p><!--HubSpot Call-to-Action Code --><span class=\"hs-cta-wrapper\" id=\"hs-cta-wrapper-33b8e462-9fd8-433e-8737-c62113647224\"><span class=\"hs-cta-node hs-cta-33b8e462-9fd8-433e-8737-c62113647224\" id=\"hs-cta-33b8e462-9fd8-433e-8737-c62113647224\"><!--[if lte IE 8]>\n\n<div id=\"hs-cta-ie-element\"><\/div>\n\n<![endif]--><a href=\"https:\/\/cta-redirect.hubspot.com\/cta\/redirect\/20251362\/33b8e462-9fd8-433e-8737-c62113647224\" ><img decoding=\"async\" class=\"hs-cta-img\" id=\"hs-cta-img-33b8e462-9fd8-433e-8737-c62113647224\" style=\"border-width:0px;\" src=\"https:\/\/no-cache.hubspot.com\/cta\/default\/20251362\/33b8e462-9fd8-433e-8737-c62113647224.png\"  alt=\"Boka en presentation\"\/><\/a><\/span><script charset=\"utf-8\" src=\"https:\/\/js.hscta.net\/cta\/current.js\"><\/script><script type=\"text\/javascript\"> hbspt.cta.load(20251362, '33b8e462-9fd8-433e-8737-c62113647224', {\"useNewLoader\":\"true\",\"region\":\"na1\"}); <\/script><\/span><!-- end HubSpot Call-to-Action Code --><\/p>\n","button_text":"","button_url":""},{"acf_fc_layout":"list","title":"Orderhantering: Optimera dina ink\u00f6p och f\u00f6rs\u00e4ljningar","description":"<p><span style=\"font-weight: 400;\">Oavsett om en order kommer droppande in genom webbshoppen eller om du registrerar den sj\u00e4lv, s\u00e5 \u00e4r orderhantering en central process i ditt f\u00f6retag. Orderhantering refererar till den totala proceduren som involverar mottagande av leverant\u00f6rsorder och bearbetning av f\u00f6rs\u00e4ljningsorder till kunder.<\/span><\/p>\n<p>&nbsp;<\/p>\n<p><span style=\"font-weight: 400;\">Mer specifikt inkluderar orderhantering flera viktiga steg, s\u00e5som orderregistrering, lagerkontroll, plockning och packning, frakt och leverans, samt efterf\u00f6ljande fakturering och betalningshantering. Genom att optimera processen f\u00f6r orderhantering kan f\u00f6retag minska fel och f\u00f6rseningar samt \u00f6ka den totala operativa effektiviteten.<\/span><\/p>\n<p>&nbsp;<\/p>\n<p><span style=\"font-weight: 400;\">S\u00e5 n\u00e4r du implementerar effektiv orderhantering f\u00e5r du:<\/span><\/p>\n","list_repeater":false,"form_or_image":true,"form_shortcode":"","html_code":"","image":false},{"acf_fc_layout":"short_description","align_introduction_text":false,"section_background_color":"","short_description_heading":"","short_description_content":"","image_boxes":[{"image":"https:\/\/rackbeat.com\/wp-content\/uploads\/2023\/12\/NumbersGraphics-RB-1.svg","title":"<p>En n\u00e4rmare anslutning till leverant\u00f6rerna<\/p>\n"},{"image":"https:\/\/rackbeat.com\/wp-content\/uploads\/2023\/12\/NumbersGraphics-RB-2.svg","title":"<p>Tidiga ink\u00f6p av nya varor<\/p>\n"},{"image":"https:\/\/rackbeat.com\/wp-content\/uploads\/2023\/12\/NumbersGraphics-RB-3.svg","title":"<p>Strukturerad orderbehandling<\/p>\n"},{"image":"https:\/\/rackbeat.com\/wp-content\/uploads\/2023\/12\/NumbersGraphics-RB-4.svg","title":"<p>God kundkontakt<\/p>\n"}]},{"acf_fc_layout":"image_textboxes_section","align_introduction_text":false,"section_title":"Digital och anv\u00e4ndarv\u00e4nlig orderhantering f\u00f6r lagerdrivna f\u00f6retag","section_description":"<p><span style=\"font-weight: 400;\">Rackbeats molnbaserade lagerhanteringssystem ser till att du kan f\u00f6lja dina f\u00f6rs\u00e4ljningsorder hela v\u00e4gen fr\u00e5n best\u00e4llning av varor till de plockas, packas och skickas till kunden. Det g\u00f6r vi framf\u00f6r allt genom att ge dig en samlad \u00f6verblick \u00f6ver f\u00f6rs\u00e4ljningsorder och funktioner som effektiviserar din f\u00f6rs\u00e4ljning. Mer konkret f\u00e5r du:<\/span><\/p>\n","textboxes":[{"title":"Kontroll \u00f6ver dina ink\u00f6p och valet mellan flera leverant\u00f6rer ","content":"<p><span style=\"font-weight: 400;\">Ingen f\u00f6rs\u00e4ljning utan varor. Rackbeats ink\u00f6psstyrning med tillh\u00f6rande p\u00e5minnelser om ombest\u00e4llning ser till att du kan best\u00e4lla hem varor i god tid, i r\u00e4tt m\u00e4ngder. Du f\u00e5r ocks\u00e5 en \u00f6versikt \u00f6ver dina leverant\u00f6rer samt dina leverant\u00f6rsfakturor, s\u00e5 att du har allt klart n\u00e4r du ska skapa en f\u00f6rs\u00e4ljningsorder.<\/span><\/p>\n","image":"https:\/\/rackbeat.com\/wp-content\/uploads\/2024\/03\/Leverandoerer-Grafik2-SEK.png"},{"title":"En komplett \u00f6versikt \u00f6ver f\u00f6rs\u00e4ljningsorder ","content":"<p><span style=\"font-weight: 400;\">Du f\u00e5r full kontroll \u00f6ver din orderhantering, eftersom Rackbeat ger dig en anv\u00e4ndarv\u00e4nlig \u00f6versikt \u00f6ver f\u00f6rs\u00e4ljningsorder, som du sj\u00e4lv kan anpassa efter dina arbetsprocesser. H\u00e4r kan du bland annat se status p\u00e5 order, fakturering, leverans och vilka kunder som har best\u00e4llt dem. Du kan ocks\u00e5 v\u00e4lja att skapa dina f\u00f6rs\u00e4ljningsorder manuellt. Men om du har din webbshop kopplad till Rackbeat, kommer kundernas best\u00e4llningar automatiskt att registreras samtidigt som varorna dras fr\u00e5n ditt lager.<\/span><\/p>\n","image":"https:\/\/rackbeat.com\/wp-content\/uploads\/2024\/03\/OrdrerManuelt-Grafik3-SEK.png"},{"title":"Plocka, packa och skicka dina f\u00f6rs\u00e4ljningsorder ","content":"<p><span style=\"font-weight: 400;\">S\u00e5 snart du har s\u00e4kerst\u00e4llt att varorna finns i lager, kan du b\u00f6rja behandla din f\u00f6rs\u00e4ljningsorder. Du b\u00f6rjar d\u00e5 med att skapa en fraktsedel f\u00f6r f\u00f6rs\u00e4ljningsordern, innan plockarbetet kan starta. H\u00e4r kan du sedan ladda ner en plocklista som ger en \u00f6verblick \u00f6ver antal och placering av varorna. N\u00e4r varorna \u00e4r framme och packade, klickar du p\u00e5 &#8221;plockat&#8221; f\u00f6r de enskilda varulinjerna. Slutligen har du m\u00f6jlighet att b\u00e5de skicka en fysisk, utskriven f\u00f6ljesedel och en digital version till kundens e-post.<\/span><\/p>\n","image":"https:\/\/rackbeat.com\/wp-content\/uploads\/2024\/01\/PlukPak.svg"},{"title":"M\u00f6jligheten att konvertera accepterade offerter till order ","content":"<p><span style=\"font-weight: 400;\">Vi hj\u00e4lper dig ocks\u00e5 att knuffa lite p\u00e5 din merf\u00f6rs\u00e4ljning. Du kan n\u00e4mligen skicka ut offerter till dina kunder i Rackbeat, vilket kan vara en bra id\u00e9 om du har kunder som redan k\u00f6per stora partier hos dig. D\u00e4refter kommer du att kunna se n\u00e4r erbjudandena tas emot av kunderna. Om erbjudandet accepteras skapas automatiskt en order eller en faktura &#8211; beroende p\u00e5 hur du f\u00f6redrar att arbeta.<\/span><\/p>\n","image":"https:\/\/rackbeat.com\/wp-content\/uploads\/2024\/03\/Ordrestyring-Tilbud-Grafik4-SEK.png"}]},{"acf_fc_layout":"cta_section","cta_image":"https:\/\/rackbeat.com\/wp-content\/uploads\/2024\/03\/Ordrestyring-Finalsection-grafik-3.svg","cta_content":"<h2><span style=\"color: #14143f;\">Beh\u00f6ver du \u00e4nnu mer orderhantering? Anslut ditt lagersystem med ett fraktsystem via Rackbeats integrationer\u00a0<\/span><\/h2>\n<p><span style=\"font-weight: 400; color: #14143f;\">Vi kan faktiskt hj\u00e4lpa dig att f\u00f6lja dina order \u00e4nnu l\u00e4ngre \u00e4n till din lageradress. F\u00f6r Rackbeat kan kommunicera med m\u00e5nga fraktsystem, bland annat Shipmondo och Webshipper, eftersom v\u00e5rt system har ett \u00f6ppet API, vilket inneb\u00e4r att det kan integreras med de flesta system.<\/span><\/p>\n<p><span style=\"font-weight: 400; color: #14143f;\">D\u00e4rmed kan du skriva ut fraktetiketter, boka frakt och ta emot sp\u00e5rningsinformation, s\u00e5 att du \u00e4r med p\u00e5 hela resan fr\u00e5n ink\u00f6p av varorna till att f\u00f6rs\u00e4ljningsorderna levereras till kundens d\u00f6rr.<\/span><\/p>\n","cta_button_text":"L\u00e4s mer om v\u00e5ra integrationer","cta_button_link":"https:\/\/rackbeat.com\/sv\/integrationer\/","background_color":"#dbdbbe"},{"acf_fc_layout":"short_description","align_introduction_text":false,"section_background_color":"","short_description_heading":"Prova Rackbeats orderhantering helt gratis","short_description_content":"<p>&nbsp;<\/p>\n<p><span style=\"font-weight: 400;\">Du kan prova Rackbeat i 14 dagar helt gratis och utan f\u00f6rpliktelser. Vi rekommenderar att du markerar rutan f\u00f6r &#8221;Skapa med demodata&#8221; n\u00e4r du skapar ditt konto. P\u00e5 s\u00e5 s\u00e4tt beh\u00f6ver du inte spendera tid p\u00e5 att skapa dina egna produkter, leverant\u00f6rer, f\u00f6rs\u00e4ljningsorder, fakturor osv., utan kan bara l\u00e4ra k\u00e4nna systemet b\u00e4ttre.<\/span><\/p>\n<p>&nbsp;<\/p>\n<p><!--HubSpot Call-to-Action Code --><span id=\"hs-cta-wrapper-0c345cc0-0a02-4bc8-8019-eeec025f4acc\" class=\"hs-cta-wrapper\"><span id=\"hs-cta-0c345cc0-0a02-4bc8-8019-eeec025f4acc\" class=\"hs-cta-node hs-cta-0c345cc0-0a02-4bc8-8019-eeec025f4acc\"><!-- [if lte IE 8]>\n\n\n<div id=\"hs-cta-ie-element\"><\/div>\n\n\n<![endif]--><a href=\"https:\/\/cta-redirect.hubspot.com\/cta\/redirect\/20251362\/0c345cc0-0a02-4bc8-8019-eeec025f4acc\"><img decoding=\"async\" id=\"hs-cta-img-0c345cc0-0a02-4bc8-8019-eeec025f4acc\" class=\"hs-cta-img\" style=\"border-width: 0px;\" src=\"https:\/\/no-cache.hubspot.com\/cta\/default\/20251362\/0c345cc0-0a02-4bc8-8019-eeec025f4acc.png\" alt=\"PROVA GRATIS\" \/><\/a><\/span><script charset=\"utf-8\" src=\"https:\/\/js.hscta.net\/cta\/current.js\"><\/script><script type=\"text\/javascript\"> hbspt.cta.load(20251362, '0c345cc0-0a02-4bc8-8019-eeec025f4acc', {\"useNewLoader\":\"true\",\"region\":\"na1\"}); <\/script><\/span><!-- end HubSpot Call-to-Action Code --><\/p>\n","image_boxes":false}]},"_links":{"self":[{"href":"https:\/\/rackbeat.com\/sv\/wp-json\/wp\/v2\/pages\/21868","targetHints":{"allow":["GET"]}}],"collection":[{"href":"https:\/\/rackbeat.com\/sv\/wp-json\/wp\/v2\/pages"}],"about":[{"href":"https:\/\/rackbeat.com\/sv\/wp-json\/wp\/v2\/types\/page"}],"author":[{"embeddable":true,"href":"https:\/\/rackbeat.com\/sv\/wp-json\/wp\/v2\/users\/2"}],"replies":[{"embeddable":true,"href":"https:\/\/rackbeat.com\/sv\/wp-json\/wp\/v2\/comments?post=21868"}],"version-history":[{"count":13,"href":"https:\/\/rackbeat.com\/sv\/wp-json\/wp\/v2\/pages\/21868\/revisions"}],"predecessor-version":[{"id":26688,"href":"https:\/\/rackbeat.com\/sv\/wp-json\/wp\/v2\/pages\/21868\/revisions\/26688"}],"wp:attachment":[{"href":"https:\/\/rackbeat.com\/sv\/wp-json\/wp\/v2\/media?parent=21868"}],"curies":[{"name":"wp","href":"https:\/\/api.w.org\/{rel}","templated":true}]}}