{"id":21661,"date":"2024-03-07T11:48:51","date_gmt":"2024-03-07T10:48:51","guid":{"rendered":"https:\/\/rackbeat.com\/glossaries\/"},"modified":"2024-04-15T18:05:05","modified_gmt":"2024-04-15T17:05:05","slug":"ordbok","status":"publish","type":"page","link":"https:\/\/rackbeat.com\/sv\/ordbok\/","title":{"rendered":"Ordbok"},"content":{"rendered":"","protected":false},"excerpt":{"rendered":"","protected":false},"author":1,"featured_media":0,"parent":0,"menu_order":0,"comment_status":"closed","ping_status":"closed","template":"page-templates\/glossaries.php","meta":{"content-type":"","inline_featured_image":false,"footnotes":""},"class_list":["post-21661","page","type-page","status-publish","hentry"],"yoast_head":"<!-- This site is optimized with the Yoast SEO Premium plugin v20.0 (Yoast SEO v25.9) - https:\/\/yoast.com\/wordpress\/plugins\/seo\/ -->\n<title>Rackbeats ordbok | Rackbeat<\/title>\n<meta name=\"description\" content=\"Rackbeats omfattande ordbok: Din ultimata resurs f\u00f6r att f\u00f6rst\u00e5 begrepp inom lagerhantering. F\u00e5 tydliga definitioner och insikter i allt relaterat till lagret.\" \/>\n<meta name=\"robots\" content=\"index, follow, max-snippet:-1, max-image-preview:large, max-video-preview:-1\" \/>\n<link rel=\"canonical\" href=\"https:\/\/rackbeat.com\/sv\/ordbok\/\" \/>\n<meta property=\"og:locale\" content=\"sv_SE\" \/>\n<meta property=\"og:type\" content=\"article\" \/>\n<meta property=\"og:title\" content=\"Ordbok\" \/>\n<meta property=\"og:description\" content=\"Rackbeats omfattande ordbok: Din ultimata resurs f\u00f6r att f\u00f6rst\u00e5 begrepp inom lagerhantering. F\u00e5 tydliga definitioner och insikter i allt relaterat till lagret.\" \/>\n<meta property=\"og:url\" content=\"https:\/\/rackbeat.com\/sv\/ordbok\/\" \/>\n<meta property=\"og:site_name\" content=\"Rackbeat\" \/>\n<meta property=\"article:modified_time\" content=\"2024-04-15T17:05:05+00:00\" \/>\n<meta name=\"twitter:card\" content=\"summary_large_image\" \/>\n<script type=\"application\/ld+json\" class=\"yoast-schema-graph\">{\"@context\":\"https:\/\/schema.org\",\"@graph\":[{\"@type\":\"WebPage\",\"@id\":\"https:\/\/rackbeat.com\/sv\/ordbok\/\",\"url\":\"https:\/\/rackbeat.com\/sv\/ordbok\/\",\"name\":\"Rackbeats ordbok | Rackbeat\",\"isPartOf\":{\"@id\":\"https:\/\/rackbeat.com\/sv\/#website\"},\"datePublished\":\"2024-03-07T10:48:51+00:00\",\"dateModified\":\"2024-04-15T17:05:05+00:00\",\"description\":\"Rackbeats omfattande ordbok: Din ultimata resurs f\u00f6r att f\u00f6rst\u00e5 begrepp inom lagerhantering. F\u00e5 tydliga definitioner och insikter i allt relaterat till lagret.\",\"breadcrumb\":{\"@id\":\"https:\/\/rackbeat.com\/sv\/ordbok\/#breadcrumb\"},\"inLanguage\":\"sv-SE\",\"potentialAction\":[{\"@type\":\"ReadAction\",\"target\":[\"https:\/\/rackbeat.com\/sv\/ordbok\/\"]}]},{\"@type\":\"BreadcrumbList\",\"@id\":\"https:\/\/rackbeat.com\/sv\/ordbok\/#breadcrumb\",\"itemListElement\":[{\"@type\":\"ListItem\",\"position\":1,\"name\":\"Framsida\",\"item\":\"https:\/\/rackbeat.com\/sv\/\"},{\"@type\":\"ListItem\",\"position\":2,\"name\":\"Ordbok\"}]},{\"@type\":\"WebSite\",\"@id\":\"https:\/\/rackbeat.com\/sv\/#website\",\"url\":\"https:\/\/rackbeat.com\/sv\/\",\"name\":\"Rackbeat\",\"description\":\"Effektiv lagerstyring\",\"publisher\":{\"@id\":\"https:\/\/rackbeat.com\/sv\/#organization\"},\"potentialAction\":[{\"@type\":\"SearchAction\",\"target\":{\"@type\":\"EntryPoint\",\"urlTemplate\":\"https:\/\/rackbeat.com\/sv\/?s={search_term_string}\"},\"query-input\":{\"@type\":\"PropertyValueSpecification\",\"valueRequired\":true,\"valueName\":\"search_term_string\"}}],\"inLanguage\":\"sv-SE\"},{\"@type\":\"Organization\",\"@id\":\"https:\/\/rackbeat.com\/sv\/#organization\",\"name\":\"Rackbeat\",\"url\":\"https:\/\/rackbeat.com\/sv\/\",\"logo\":{\"@type\":\"ImageObject\",\"inLanguage\":\"sv-SE\",\"@id\":\"https:\/\/rackbeat.com\/sv\/#\/schema\/logo\/image\/\",\"url\":\"\",\"contentUrl\":\"\",\"caption\":\"Rackbeat\"},\"image\":{\"@id\":\"https:\/\/rackbeat.com\/sv\/#\/schema\/logo\/image\/\"}}]}<\/script>\n<!-- \/ Yoast SEO Premium plugin. -->","yoast_head_json":{"title":"Rackbeats ordbok | Rackbeat","description":"Rackbeats omfattande ordbok: Din ultimata resurs f\u00f6r att f\u00f6rst\u00e5 begrepp inom lagerhantering. F\u00e5 tydliga definitioner och insikter i allt relaterat till lagret.","robots":{"index":"index","follow":"follow","max-snippet":"max-snippet:-1","max-image-preview":"max-image-preview:large","max-video-preview":"max-video-preview:-1"},"canonical":"https:\/\/rackbeat.com\/sv\/ordbok\/","og_locale":"sv_SE","og_type":"article","og_title":"Ordbok","og_description":"Rackbeats omfattande ordbok: Din ultimata resurs f\u00f6r att f\u00f6rst\u00e5 begrepp inom lagerhantering. F\u00e5 tydliga definitioner och insikter i allt relaterat till lagret.","og_url":"https:\/\/rackbeat.com\/sv\/ordbok\/","og_site_name":"Rackbeat","article_modified_time":"2024-04-15T17:05:05+00:00","twitter_card":"summary_large_image","schema":{"@context":"https:\/\/schema.org","@graph":[{"@type":"WebPage","@id":"https:\/\/rackbeat.com\/sv\/ordbok\/","url":"https:\/\/rackbeat.com\/sv\/ordbok\/","name":"Rackbeats ordbok | Rackbeat","isPartOf":{"@id":"https:\/\/rackbeat.com\/sv\/#website"},"datePublished":"2024-03-07T10:48:51+00:00","dateModified":"2024-04-15T17:05:05+00:00","description":"Rackbeats omfattande ordbok: Din ultimata resurs f\u00f6r att f\u00f6rst\u00e5 begrepp inom lagerhantering. F\u00e5 tydliga definitioner och insikter i allt relaterat till lagret.","breadcrumb":{"@id":"https:\/\/rackbeat.com\/sv\/ordbok\/#breadcrumb"},"inLanguage":"sv-SE","potentialAction":[{"@type":"ReadAction","target":["https:\/\/rackbeat.com\/sv\/ordbok\/"]}]},{"@type":"BreadcrumbList","@id":"https:\/\/rackbeat.com\/sv\/ordbok\/#breadcrumb","itemListElement":[{"@type":"ListItem","position":1,"name":"Framsida","item":"https:\/\/rackbeat.com\/sv\/"},{"@type":"ListItem","position":2,"name":"Ordbok"}]},{"@type":"WebSite","@id":"https:\/\/rackbeat.com\/sv\/#website","url":"https:\/\/rackbeat.com\/sv\/","name":"Rackbeat","description":"Effektiv lagerstyring","publisher":{"@id":"https:\/\/rackbeat.com\/sv\/#organization"},"potentialAction":[{"@type":"SearchAction","target":{"@type":"EntryPoint","urlTemplate":"https:\/\/rackbeat.com\/sv\/?s={search_term_string}"},"query-input":{"@type":"PropertyValueSpecification","valueRequired":true,"valueName":"search_term_string"}}],"inLanguage":"sv-SE"},{"@type":"Organization","@id":"https:\/\/rackbeat.com\/sv\/#organization","name":"Rackbeat","url":"https:\/\/rackbeat.com\/sv\/","logo":{"@type":"ImageObject","inLanguage":"sv-SE","@id":"https:\/\/rackbeat.com\/sv\/#\/schema\/logo\/image\/","url":"","contentUrl":"","caption":"Rackbeat"},"image":{"@id":"https:\/\/rackbeat.com\/sv\/#\/schema\/logo\/image\/"}}]}},"ACF":{"custom_content_script":"","title":"Rackbeats lagerhanteringsordbok","description":"Det kan vara sv\u00e5rt att navigera bland alla lagerhanteringstermer, orderhanteringsgloser och varufraser. D\u00e4rf\u00f6r har vi skapat en ordbok d\u00e4r du kan f\u00e5 f\u00f6rklarat vad allt betyder.","custom_head_script":""},"_links":{"self":[{"href":"https:\/\/rackbeat.com\/sv\/wp-json\/wp\/v2\/pages\/21661","targetHints":{"allow":["GET"]}}],"collection":[{"href":"https:\/\/rackbeat.com\/sv\/wp-json\/wp\/v2\/pages"}],"about":[{"href":"https:\/\/rackbeat.com\/sv\/wp-json\/wp\/v2\/types\/page"}],"author":[{"embeddable":true,"href":"https:\/\/rackbeat.com\/sv\/wp-json\/wp\/v2\/users\/1"}],"replies":[{"embeddable":true,"href":"https:\/\/rackbeat.com\/sv\/wp-json\/wp\/v2\/comments?post=21661"}],"version-history":[{"count":6,"href":"https:\/\/rackbeat.com\/sv\/wp-json\/wp\/v2\/pages\/21661\/revisions"}],"predecessor-version":[{"id":23159,"href":"https:\/\/rackbeat.com\/sv\/wp-json\/wp\/v2\/pages\/21661\/revisions\/23159"}],"wp:attachment":[{"href":"https:\/\/rackbeat.com\/sv\/wp-json\/wp\/v2\/media?parent=21661"}],"curies":[{"name":"wp","href":"https:\/\/api.w.org\/{rel}","templated":true}]}}