{"id":20932,"date":"2024-02-01T14:05:51","date_gmt":"2024-02-01T13:05:51","guid":{"rendered":"https:\/\/rackbeat.com\/?page_id=20932"},"modified":"2025-01-17T14:48:41","modified_gmt":"2025-01-17T12:48:41","slug":"integrationer","status":"publish","type":"page","link":"https:\/\/rackbeat.com\/sv\/integrationer\/","title":{"rendered":"Integrationer"},"content":{"rendered":"","protected":false},"excerpt":{"rendered":"","protected":false},"author":2,"featured_media":0,"parent":0,"menu_order":0,"comment_status":"closed","ping_status":"closed","template":"page-templates\/dynamic-template.php","meta":{"content-type":"","inline_featured_image":false,"footnotes":""},"class_list":["post-20932","page","type-page","status-publish","hentry"],"yoast_head":"<!-- This site is optimized with the Yoast SEO Premium plugin v20.0 (Yoast SEO v25.9) - https:\/\/yoast.com\/wordpress\/plugins\/seo\/ -->\n<title>Integrationer | Rackbeat<\/title>\n<meta name=\"description\" content=\"Skr\u00e4ddarsy din programvara f\u00f6r lagerhantering efter dina behov med Rackbeat. Molnbaserad lagerhantering som l\u00e4nkar till appar och integrationer du redan anv\u00e4nder.\" \/>\n<meta name=\"robots\" content=\"index, follow, max-snippet:-1, max-image-preview:large, max-video-preview:-1\" \/>\n<link rel=\"canonical\" href=\"https:\/\/rackbeat.com\/sv\/integrationer\/\" \/>\n<meta property=\"og:locale\" content=\"sv_SE\" \/>\n<meta property=\"og:type\" content=\"article\" \/>\n<meta property=\"og:title\" content=\"Integrationer\" \/>\n<meta property=\"og:description\" content=\"Skr\u00e4ddarsy din programvara f\u00f6r lagerhantering efter dina behov med Rackbeat. Molnbaserad lagerhantering som l\u00e4nkar till appar och integrationer du redan anv\u00e4nder.\" \/>\n<meta property=\"og:url\" content=\"https:\/\/rackbeat.com\/sv\/integrationer\/\" \/>\n<meta property=\"og:site_name\" content=\"Rackbeat\" \/>\n<meta property=\"article:modified_time\" content=\"2025-01-17T12:48:41+00:00\" \/>\n<meta name=\"twitter:card\" content=\"summary_large_image\" \/>\n<script type=\"application\/ld+json\" class=\"yoast-schema-graph\">{\"@context\":\"https:\/\/schema.org\",\"@graph\":[{\"@type\":\"WebPage\",\"@id\":\"https:\/\/rackbeat.com\/sv\/integrationer\/\",\"url\":\"https:\/\/rackbeat.com\/sv\/integrationer\/\",\"name\":\"Integrationer | Rackbeat\",\"isPartOf\":{\"@id\":\"https:\/\/rackbeat.com\/sv\/#website\"},\"datePublished\":\"2024-02-01T13:05:51+00:00\",\"dateModified\":\"2025-01-17T12:48:41+00:00\",\"description\":\"Skr\u00e4ddarsy din programvara f\u00f6r lagerhantering efter dina behov med Rackbeat. Molnbaserad lagerhantering som l\u00e4nkar till appar och integrationer du redan anv\u00e4nder.\",\"breadcrumb\":{\"@id\":\"https:\/\/rackbeat.com\/sv\/integrationer\/#breadcrumb\"},\"inLanguage\":\"sv-SE\",\"potentialAction\":[{\"@type\":\"ReadAction\",\"target\":[\"https:\/\/rackbeat.com\/sv\/integrationer\/\"]}]},{\"@type\":\"BreadcrumbList\",\"@id\":\"https:\/\/rackbeat.com\/sv\/integrationer\/#breadcrumb\",\"itemListElement\":[{\"@type\":\"ListItem\",\"position\":1,\"name\":\"Framsida\",\"item\":\"https:\/\/rackbeat.com\/sv\/\"},{\"@type\":\"ListItem\",\"position\":2,\"name\":\"Integrationer\"}]},{\"@type\":\"WebSite\",\"@id\":\"https:\/\/rackbeat.com\/sv\/#website\",\"url\":\"https:\/\/rackbeat.com\/sv\/\",\"name\":\"Rackbeat\",\"description\":\"Effektiv lagerstyring\",\"publisher\":{\"@id\":\"https:\/\/rackbeat.com\/sv\/#organization\"},\"potentialAction\":[{\"@type\":\"SearchAction\",\"target\":{\"@type\":\"EntryPoint\",\"urlTemplate\":\"https:\/\/rackbeat.com\/sv\/?s={search_term_string}\"},\"query-input\":{\"@type\":\"PropertyValueSpecification\",\"valueRequired\":true,\"valueName\":\"search_term_string\"}}],\"inLanguage\":\"sv-SE\"},{\"@type\":\"Organization\",\"@id\":\"https:\/\/rackbeat.com\/sv\/#organization\",\"name\":\"Rackbeat\",\"url\":\"https:\/\/rackbeat.com\/sv\/\",\"logo\":{\"@type\":\"ImageObject\",\"inLanguage\":\"sv-SE\",\"@id\":\"https:\/\/rackbeat.com\/sv\/#\/schema\/logo\/image\/\",\"url\":\"\",\"contentUrl\":\"\",\"caption\":\"Rackbeat\"},\"image\":{\"@id\":\"https:\/\/rackbeat.com\/sv\/#\/schema\/logo\/image\/\"}}]}<\/script>\n<!-- \/ Yoast SEO Premium plugin. -->","yoast_head_json":{"title":"Integrationer | Rackbeat","description":"Skr\u00e4ddarsy din programvara f\u00f6r lagerhantering efter dina behov med Rackbeat. Molnbaserad lagerhantering som l\u00e4nkar till appar och integrationer du redan anv\u00e4nder.","robots":{"index":"index","follow":"follow","max-snippet":"max-snippet:-1","max-image-preview":"max-image-preview:large","max-video-preview":"max-video-preview:-1"},"canonical":"https:\/\/rackbeat.com\/sv\/integrationer\/","og_locale":"sv_SE","og_type":"article","og_title":"Integrationer","og_description":"Skr\u00e4ddarsy din programvara f\u00f6r lagerhantering efter dina behov med Rackbeat. Molnbaserad lagerhantering som l\u00e4nkar till appar och integrationer du redan anv\u00e4nder.","og_url":"https:\/\/rackbeat.com\/sv\/integrationer\/","og_site_name":"Rackbeat","article_modified_time":"2025-01-17T12:48:41+00:00","twitter_card":"summary_large_image","schema":{"@context":"https:\/\/schema.org","@graph":[{"@type":"WebPage","@id":"https:\/\/rackbeat.com\/sv\/integrationer\/","url":"https:\/\/rackbeat.com\/sv\/integrationer\/","name":"Integrationer | Rackbeat","isPartOf":{"@id":"https:\/\/rackbeat.com\/sv\/#website"},"datePublished":"2024-02-01T13:05:51+00:00","dateModified":"2025-01-17T12:48:41+00:00","description":"Skr\u00e4ddarsy din programvara f\u00f6r lagerhantering efter dina behov med Rackbeat. Molnbaserad lagerhantering som l\u00e4nkar till appar och integrationer du redan anv\u00e4nder.","breadcrumb":{"@id":"https:\/\/rackbeat.com\/sv\/integrationer\/#breadcrumb"},"inLanguage":"sv-SE","potentialAction":[{"@type":"ReadAction","target":["https:\/\/rackbeat.com\/sv\/integrationer\/"]}]},{"@type":"BreadcrumbList","@id":"https:\/\/rackbeat.com\/sv\/integrationer\/#breadcrumb","itemListElement":[{"@type":"ListItem","position":1,"name":"Framsida","item":"https:\/\/rackbeat.com\/sv\/"},{"@type":"ListItem","position":2,"name":"Integrationer"}]},{"@type":"WebSite","@id":"https:\/\/rackbeat.com\/sv\/#website","url":"https:\/\/rackbeat.com\/sv\/","name":"Rackbeat","description":"Effektiv lagerstyring","publisher":{"@id":"https:\/\/rackbeat.com\/sv\/#organization"},"potentialAction":[{"@type":"SearchAction","target":{"@type":"EntryPoint","urlTemplate":"https:\/\/rackbeat.com\/sv\/?s={search_term_string}"},"query-input":{"@type":"PropertyValueSpecification","valueRequired":true,"valueName":"search_term_string"}}],"inLanguage":"sv-SE"},{"@type":"Organization","@id":"https:\/\/rackbeat.com\/sv\/#organization","name":"Rackbeat","url":"https:\/\/rackbeat.com\/sv\/","logo":{"@type":"ImageObject","inLanguage":"sv-SE","@id":"https:\/\/rackbeat.com\/sv\/#\/schema\/logo\/image\/","url":"","contentUrl":"","caption":"Rackbeat"},"image":{"@id":"https:\/\/rackbeat.com\/sv\/#\/schema\/logo\/image\/"}}]}},"ACF":{"custom_content_script":"","custom_head_script":"","dynamic_sections":[{"acf_fc_layout":"text_image_section","image":"https:\/\/rackbeat.com\/wp-content\/uploads\/2024\/02\/Integrationer-Hero-Svensk.png","image_video":"","title_type":"h1","section_title":"Ett lagerhanteringssystem som kan kopplas till din upps\u00e4ttning","section_content":"<p><span style=\"font-weight: 400;\">Rackbeats lagerhanteringssystem erbjuder dig en skalbar och flexibel plattform som kan anpassas exakt efter dina behov. Du kan n\u00e4mligen koppla ihop dina befintliga system, s\u00e5som bokf\u00f6ringssystemet eller webbshoppen, med v\u00e5rt lagersystem s\u00e5 att dina arbetsprocesser f\u00f6rb\u00e4ttras ist\u00e4llet f\u00f6r att f\u00f6r\u00e4ndras.<\/span><\/p>\n<p>&nbsp;<\/p>\n\n\t\t<!--HubSpot Call-to-Action Code -->\n\t\t<span class=\"hs-cta-wrapper\" id=\"hs-cta-wrapper-324cad89-0949-467f-bce5-9ae48fa3611e\">\n\t\t<span class=\"hs-cta-node hs-cta-324cad89-0949-467f-bce5-9ae48fa3611e\" id=\"324cad89-0949-467f-bce5-9ae48fa3611e\">\n\t\t<!--[if lte IE 8]>\n\t\t<div id=\"hs-cta-ie-element\"><\/div>\n\t\t<![endif]-->\n\t\t<a href=\"https:\/\/cta-redirect.hubspot.com\/cta\/redirect\/20251362\/324cad89-0949-467f-bce5-9ae48fa3611e\" >\n\t\t<img class=\"hs-cta-img\" id=\"hs-cta-img-324cad89-0949-467f-bce5-9ae48fa3611e\" style=\"border-width:0px;\" src=\"https:\/\/no-cache.hubspot.com\/cta\/default\/20251362\/324cad89-0949-467f-bce5-9ae48fa3611e.png\"  alt=\"New call-to-action\"\/>\n\t\t<\/a>\n\t\t<\/span>\n\t\t<script charset=\"utf-8\" src=\"\/\/js.hubspot.com\/cta\/current.js\"><\/script>\n\t\t<script>\n\t\thbspt.cta.load(20251362, '324cad89-0949-467f-bce5-9ae48fa3611e', {});\n\t\t<\/script>\n\t\t<\/span>\n\t\t<!-- end HubSpot Call-to-Action Code -->\n\t\t\n","button_text":"","button_url":""},{"acf_fc_layout":"list","title":"Se vilka system som kan samarbeta med Rackbeat","description":"<p><span style=\"font-weight: 400;\">Nedan hittar du en \u00f6versikt \u00f6ver system som Rackbeat kan integreras med. F\u00f6r att g\u00f6ra det enkelt f\u00f6r dig att hitta relevanta l\u00f6sningar har vi delat in integrationspartnerna i kategorier, som till exempel bokf\u00f6ringsprogram, webbutiker, frakt och systemintegration.<\/span><\/p>\n<p>&nbsp;<\/p>\n<p><span style=\"font-weight: 400;\">Integrationspartner med en<\/span><b> $-symbol <\/b><span style=\"font-weight: 400;\">i h\u00f6rnet anger att integrationen tillhandah\u00e5lls av en tredje part. N\u00e4r en tredje part hanterar integrationen kan det tillkomma en extra kostnad som fastst\u00e4lls av leverant\u00f6ren.<\/span><\/p>\n<p>&nbsp;<\/p>\n<p><span style=\"font-weight: 400;\">Utforska kategorierna och hitta den l\u00f6sning som passar dina behov:<\/span><\/p>\n","list_repeater":false,"form_or_image":true,"form_shortcode":"","html_code":"","image":false},{"acf_fc_layout":"integrations_grid"},{"acf_fc_layout":"headline_text_cta_section","outro_title":"Kunde du inte hitta ditt system p\u00e5 listan?","outro_content":"<p>Om du inte kan hitta ditt nuvarande system p\u00e5 v\u00e5r integrationslista, uppmanar vi dig att kontakta oss via v\u00e5r e-post <span style=\"color: #609ed3;\"><a style=\"color: #609ed3;\" href=\"mailto:partner@rackbeat.com\">h\u00e4r<\/a><\/span>, s\u00e5 att vi kan diskutera dina behov och tillsammans hitta r\u00e4tt l\u00f6sning. <span style=\"font-weight: 400;\">Eftersom Rackbeat \u00e4r skapat med ett <\/span><span style=\"color: #609ed3;\"><a style=\"color: #609ed3;\" href=\"https:\/\/rackbeat.com\/sv\/glossaries\/oppet-api\/\"><span style=\"font-weight: 400;\">\u00f6ppet API<\/span><\/a><\/span><span style=\"font-weight: 400;\">, kan det integreras med de flesta system. Om det inte skulle vara m\u00f6jligt med din specifika programvara, kan vi \u00e4ven hj\u00e4lpa dig att hitta ett l\u00e4mpligt alternativ.<\/span><\/p>\n"},{"acf_fc_layout":"image_text_section","section_title":"Vilka f\u00f6rdelar finns det med att bygga en bro mellan Rackbeat och dina andra system?","section_content":"<p><span style=\"font-weight: 400;\">Likt hur varje medarbetares unika styrkor bidrar till teamets framg\u00e5ng, erbjuder varje system distinkta egenskaper som \u00e4r avg\u00f6rande f\u00f6r din verksamhets framg\u00e5ng<\/span><span style=\"font-weight: 400;\">. D\u00e4rf\u00f6r l\u00f6nar det sig inte i l\u00e4ngden att n\u00f6ja sig med en applikation som har en k\u00e4rnkompetens och en rad extra funktioner, som endast t\u00e4cker deras arbetsomr\u00e5den halvt s\u00e5 bra som specialiserade system, om din verksamhet ska n\u00e5 sin fulla potential.<\/span><\/p>\n<p><span style=\"font-weight: 400;\">Genom att skapa en s\u00f6ml\u00f6s integration mellan system som var och ett hanterar sina uppgifter till perfektion, kan du s\u00e4kerst\u00e4lla h\u00f6gsta kvalitet i dina arbetsprocesser utan att g\u00f6ra avkall p\u00e5 effektivitet.<\/span><\/p>\n","image":"https:\/\/rackbeat.com\/wp-content\/uploads\/2024\/10\/RB-Integration-Grafik-1.png","button_text":"L\u00e4s mer om f\u00f6rdelarna med en Rackbeat-anslutning","button_url":"https:\/\/rackbeat.com\/sv\/product_features\/koppla-samman-dina-applikationer-med-rackbeat\/"},{"acf_fc_layout":"short_description","align_introduction_text":false,"section_background_color":"#dbdbdd","short_description_heading":"Hj\u00e4lp oss att g\u00f6ra v\u00e5ra kunder klokare om integrationen","short_description_content":"<p>Har du redan byggt en integration till Rackbeat och vill d\u00e4rf\u00f6r visas h\u00e4r p\u00e5 integreringssidan? V\u00e4nligen fyll i v\u00e5rt formul\u00e4r med information om ditt f\u00f6retag och integrationen. P\u00e5 s\u00e5 s\u00e4tt kan framtida kunder l\u00e4sa om alla f\u00f6rdelarna med v\u00e5rt samarbete.<\/p>\n<p>&nbsp;<\/p>\n<p><!--HubSpot Call-to-Action Code --><span id=\"hs-cta-wrapper-7d7dfdb5-d4fb-4b71-a9cd-f58258699986\" class=\"hs-cta-wrapper\"><span id=\"hs-cta-7d7dfdb5-d4fb-4b71-a9cd-f58258699986\" class=\"hs-cta-node hs-cta-7d7dfdb5-d4fb-4b71-a9cd-f58258699986\"><!-- [if lte IE 8]>\n\n\n<div id=\"hs-cta-ie-element\"><\/div>\n\n\n<![endif]--><a href=\"https:\/\/cta-redirect.hubspot.com\/cta\/redirect\/20251362\/7d7dfdb5-d4fb-4b71-a9cd-f58258699986\" target=\"_blank\" rel=\"noopener\"><img decoding=\"async\" id=\"hs-cta-img-7d7dfdb5-d4fb-4b71-a9cd-f58258699986\" class=\"hs-cta-img\" style=\"border-width: 0px;\" src=\"https:\/\/no-cache.hubspot.com\/cta\/default\/20251362\/7d7dfdb5-d4fb-4b71-a9cd-f58258699986.png\" alt=\"Fyll i formul\u00e4ret\" \/><\/a><\/span><script charset=\"utf-8\" src=\"https:\/\/js.hscta.net\/cta\/current.js\"><\/script><script type=\"text\/javascript\"> hbspt.cta.load(20251362, '7d7dfdb5-d4fb-4b71-a9cd-f58258699986', {\"useNewLoader\":\"true\",\"region\":\"na1\"}); <\/script><\/span><!-- end HubSpot Call-to-Action Code --><\/p>\n","image_boxes":false}]},"_links":{"self":[{"href":"https:\/\/rackbeat.com\/sv\/wp-json\/wp\/v2\/pages\/20932","targetHints":{"allow":["GET"]}}],"collection":[{"href":"https:\/\/rackbeat.com\/sv\/wp-json\/wp\/v2\/pages"}],"about":[{"href":"https:\/\/rackbeat.com\/sv\/wp-json\/wp\/v2\/types\/page"}],"author":[{"embeddable":true,"href":"https:\/\/rackbeat.com\/sv\/wp-json\/wp\/v2\/users\/2"}],"replies":[{"embeddable":true,"href":"https:\/\/rackbeat.com\/sv\/wp-json\/wp\/v2\/comments?post=20932"}],"version-history":[{"count":13,"href":"https:\/\/rackbeat.com\/sv\/wp-json\/wp\/v2\/pages\/20932\/revisions"}],"predecessor-version":[{"id":28564,"href":"https:\/\/rackbeat.com\/sv\/wp-json\/wp\/v2\/pages\/20932\/revisions\/28564"}],"wp:attachment":[{"href":"https:\/\/rackbeat.com\/sv\/wp-json\/wp\/v2\/media?parent=20932"}],"curies":[{"name":"wp","href":"https:\/\/api.w.org\/{rel}","templated":true}]}}