{"id":19589,"date":"2023-12-07T11:03:26","date_gmt":"2023-12-07T10:03:26","guid":{"rendered":"https:\/\/rackbeat.com\/?page_id=19589"},"modified":"2024-01-19T14:57:02","modified_gmt":"2024-01-19T13:57:02","slug":"grossist","status":"publish","type":"page","link":"https:\/\/rackbeat.com\/sv\/grossist\/","title":{"rendered":"Grossist"},"content":{"rendered":"","protected":false},"excerpt":{"rendered":"","protected":false},"author":2,"featured_media":0,"parent":0,"menu_order":0,"comment_status":"closed","ping_status":"closed","template":"page-templates\/dynamic-template.php","meta":{"content-type":"","inline_featured_image":false,"footnotes":""},"class_list":["post-19589","page","type-page","status-publish","hentry"],"yoast_head":"<!-- This site is optimized with the Yoast SEO Premium plugin v20.0 (Yoast SEO v25.9) - https:\/\/yoast.com\/wordpress\/plugins\/seo\/ -->\n<title>Lagerhantering f\u00f6r grossistf\u00f6retag | Fr\u00e5n f\u00f6rs\u00e4ljningsorder till fakturering<\/title>\n<meta name=\"description\" content=\"Identifiera dina b\u00e4st och s\u00e4mst s\u00e5lda produkter med en 360 graders \u00f6versikt \u00f6ver hela ditt utbud \u2013 fr\u00e5n ink\u00f6p och f\u00f6rs\u00e4ljning, till leverans till din kund.\" \/>\n<meta name=\"robots\" content=\"index, follow, max-snippet:-1, max-image-preview:large, max-video-preview:-1\" \/>\n<link rel=\"canonical\" href=\"https:\/\/rackbeat.com\/sv\/grossist\/\" \/>\n<meta property=\"og:locale\" content=\"sv_SE\" \/>\n<meta property=\"og:type\" content=\"article\" \/>\n<meta property=\"og:title\" content=\"Grossist\" \/>\n<meta property=\"og:description\" content=\"Identifiera dina b\u00e4st och s\u00e4mst s\u00e5lda produkter med en 360 graders \u00f6versikt \u00f6ver hela ditt utbud \u2013 fr\u00e5n ink\u00f6p och f\u00f6rs\u00e4ljning, till leverans till din kund.\" \/>\n<meta property=\"og:url\" content=\"https:\/\/rackbeat.com\/sv\/grossist\/\" \/>\n<meta property=\"og:site_name\" content=\"Rackbeat\" \/>\n<meta property=\"article:modified_time\" content=\"2024-01-19T13:57:02+00:00\" \/>\n<meta name=\"twitter:card\" content=\"summary_large_image\" \/>\n<script type=\"application\/ld+json\" class=\"yoast-schema-graph\">{\"@context\":\"https:\/\/schema.org\",\"@graph\":[{\"@type\":\"WebPage\",\"@id\":\"https:\/\/rackbeat.com\/sv\/grossist\/\",\"url\":\"https:\/\/rackbeat.com\/sv\/grossist\/\",\"name\":\"Lagerhantering f\u00f6r grossistf\u00f6retag | Fr\u00e5n f\u00f6rs\u00e4ljningsorder till fakturering\",\"isPartOf\":{\"@id\":\"https:\/\/rackbeat.com\/sv\/#website\"},\"datePublished\":\"2023-12-07T10:03:26+00:00\",\"dateModified\":\"2024-01-19T13:57:02+00:00\",\"description\":\"Identifiera dina b\u00e4st och s\u00e4mst s\u00e5lda produkter med en 360 graders \u00f6versikt \u00f6ver hela ditt utbud \u2013 fr\u00e5n ink\u00f6p och f\u00f6rs\u00e4ljning, till leverans till din kund.\",\"breadcrumb\":{\"@id\":\"https:\/\/rackbeat.com\/sv\/grossist\/#breadcrumb\"},\"inLanguage\":\"sv-SE\",\"potentialAction\":[{\"@type\":\"ReadAction\",\"target\":[\"https:\/\/rackbeat.com\/sv\/grossist\/\"]}]},{\"@type\":\"BreadcrumbList\",\"@id\":\"https:\/\/rackbeat.com\/sv\/grossist\/#breadcrumb\",\"itemListElement\":[{\"@type\":\"ListItem\",\"position\":1,\"name\":\"Framsida\",\"item\":\"https:\/\/rackbeat.com\/sv\/\"},{\"@type\":\"ListItem\",\"position\":2,\"name\":\"Grossist\"}]},{\"@type\":\"WebSite\",\"@id\":\"https:\/\/rackbeat.com\/sv\/#website\",\"url\":\"https:\/\/rackbeat.com\/sv\/\",\"name\":\"Rackbeat\",\"description\":\"Effektiv lagerstyring\",\"publisher\":{\"@id\":\"https:\/\/rackbeat.com\/sv\/#organization\"},\"potentialAction\":[{\"@type\":\"SearchAction\",\"target\":{\"@type\":\"EntryPoint\",\"urlTemplate\":\"https:\/\/rackbeat.com\/sv\/?s={search_term_string}\"},\"query-input\":{\"@type\":\"PropertyValueSpecification\",\"valueRequired\":true,\"valueName\":\"search_term_string\"}}],\"inLanguage\":\"sv-SE\"},{\"@type\":\"Organization\",\"@id\":\"https:\/\/rackbeat.com\/sv\/#organization\",\"name\":\"Rackbeat\",\"url\":\"https:\/\/rackbeat.com\/sv\/\",\"logo\":{\"@type\":\"ImageObject\",\"inLanguage\":\"sv-SE\",\"@id\":\"https:\/\/rackbeat.com\/sv\/#\/schema\/logo\/image\/\",\"url\":\"\",\"contentUrl\":\"\",\"caption\":\"Rackbeat\"},\"image\":{\"@id\":\"https:\/\/rackbeat.com\/sv\/#\/schema\/logo\/image\/\"}}]}<\/script>\n<!-- \/ Yoast SEO Premium plugin. -->","yoast_head_json":{"title":"Lagerhantering f\u00f6r grossistf\u00f6retag | Fr\u00e5n f\u00f6rs\u00e4ljningsorder till fakturering","description":"Identifiera dina b\u00e4st och s\u00e4mst s\u00e5lda produkter med en 360 graders \u00f6versikt \u00f6ver hela ditt utbud \u2013 fr\u00e5n ink\u00f6p och f\u00f6rs\u00e4ljning, till leverans till din kund.","robots":{"index":"index","follow":"follow","max-snippet":"max-snippet:-1","max-image-preview":"max-image-preview:large","max-video-preview":"max-video-preview:-1"},"canonical":"https:\/\/rackbeat.com\/sv\/grossist\/","og_locale":"sv_SE","og_type":"article","og_title":"Grossist","og_description":"Identifiera dina b\u00e4st och s\u00e4mst s\u00e5lda produkter med en 360 graders \u00f6versikt \u00f6ver hela ditt utbud \u2013 fr\u00e5n ink\u00f6p och f\u00f6rs\u00e4ljning, till leverans till din kund.","og_url":"https:\/\/rackbeat.com\/sv\/grossist\/","og_site_name":"Rackbeat","article_modified_time":"2024-01-19T13:57:02+00:00","twitter_card":"summary_large_image","schema":{"@context":"https:\/\/schema.org","@graph":[{"@type":"WebPage","@id":"https:\/\/rackbeat.com\/sv\/grossist\/","url":"https:\/\/rackbeat.com\/sv\/grossist\/","name":"Lagerhantering f\u00f6r grossistf\u00f6retag | Fr\u00e5n f\u00f6rs\u00e4ljningsorder till fakturering","isPartOf":{"@id":"https:\/\/rackbeat.com\/sv\/#website"},"datePublished":"2023-12-07T10:03:26+00:00","dateModified":"2024-01-19T13:57:02+00:00","description":"Identifiera dina b\u00e4st och s\u00e4mst s\u00e5lda produkter med en 360 graders \u00f6versikt \u00f6ver hela ditt utbud \u2013 fr\u00e5n ink\u00f6p och f\u00f6rs\u00e4ljning, till leverans till din kund.","breadcrumb":{"@id":"https:\/\/rackbeat.com\/sv\/grossist\/#breadcrumb"},"inLanguage":"sv-SE","potentialAction":[{"@type":"ReadAction","target":["https:\/\/rackbeat.com\/sv\/grossist\/"]}]},{"@type":"BreadcrumbList","@id":"https:\/\/rackbeat.com\/sv\/grossist\/#breadcrumb","itemListElement":[{"@type":"ListItem","position":1,"name":"Framsida","item":"https:\/\/rackbeat.com\/sv\/"},{"@type":"ListItem","position":2,"name":"Grossist"}]},{"@type":"WebSite","@id":"https:\/\/rackbeat.com\/sv\/#website","url":"https:\/\/rackbeat.com\/sv\/","name":"Rackbeat","description":"Effektiv lagerstyring","publisher":{"@id":"https:\/\/rackbeat.com\/sv\/#organization"},"potentialAction":[{"@type":"SearchAction","target":{"@type":"EntryPoint","urlTemplate":"https:\/\/rackbeat.com\/sv\/?s={search_term_string}"},"query-input":{"@type":"PropertyValueSpecification","valueRequired":true,"valueName":"search_term_string"}}],"inLanguage":"sv-SE"},{"@type":"Organization","@id":"https:\/\/rackbeat.com\/sv\/#organization","name":"Rackbeat","url":"https:\/\/rackbeat.com\/sv\/","logo":{"@type":"ImageObject","inLanguage":"sv-SE","@id":"https:\/\/rackbeat.com\/sv\/#\/schema\/logo\/image\/","url":"","contentUrl":"","caption":"Rackbeat"},"image":{"@id":"https:\/\/rackbeat.com\/sv\/#\/schema\/logo\/image\/"}}]}},"ACF":{"custom_content_script":"","custom_head_script":"","dynamic_sections":[{"acf_fc_layout":"text_image_section","image":"https:\/\/rackbeat.com\/wp-content\/uploads\/2023\/11\/Engros-4-3.png","image_video":"","title_type":"h1","section_title":"Lagerhantering f\u00f6r grossistf\u00f6retag","section_content":"<p>F\u00e5 en omfattande \u00f6versikt \u00f6ver din inventering i realtid och f\u00f6lj dina produktr\u00f6relser fr\u00e5n det \u00f6gonblick att du g\u00f6r ett ink\u00f6p och registrerar mottagandet av varor, till att du skapar en f\u00f6rs\u00e4ljningsorder som levereras till kunden.<\/p>\n<p>&nbsp;<\/p>\n<p>Med Rackbeats lagerhantering f\u00f6r grossistf\u00f6retag f\u00e5r du all den funktionalitet du beh\u00f6ver p\u00e5 en anv\u00e4ndarv\u00e4nlig plattform: plocka, packa, fakturera och skicka i ett arbetsfl\u00f6de, f\u00e5 rekommendationer f\u00f6r ombest\u00e4llningar, koppla ditt lager till redovisningen, frakt och webbutiken, dra rapporter om f\u00f6rs\u00e4ljningar och mycket mer.<\/p>\n<p>&nbsp;<\/p>\n<p><!--HubSpot Call-to-Action Code --><span id=\"hs-cta-wrapper-0c345cc0-0a02-4bc8-8019-eeec025f4acc\" class=\"hs-cta-wrapper\"><span id=\"hs-cta-0c345cc0-0a02-4bc8-8019-eeec025f4acc\" class=\"hs-cta-node hs-cta-0c345cc0-0a02-4bc8-8019-eeec025f4acc\"><!-- [if lte IE 8]>\n\n\n<div id=\"hs-cta-ie-element\"><\/div>\n\n\n<![endif]--><a href=\"https:\/\/cta-redirect.hubspot.com\/cta\/redirect\/20251362\/0c345cc0-0a02-4bc8-8019-eeec025f4acc\"><img decoding=\"async\" id=\"hs-cta-img-0c345cc0-0a02-4bc8-8019-eeec025f4acc\" class=\"hs-cta-img\" style=\"border-width: 0px;\" src=\"https:\/\/no-cache.hubspot.com\/cta\/default\/20251362\/0c345cc0-0a02-4bc8-8019-eeec025f4acc.png\" alt=\"PROVA GRATIS\" \/><\/a><\/span><script charset=\"utf-8\" src=\"https:\/\/js.hscta.net\/cta\/current.js\"><\/script><script type=\"text\/javascript\"> hbspt.cta.load(20251362, '0c345cc0-0a02-4bc8-8019-eeec025f4acc', {\"useNewLoader\":\"true\",\"region\":\"na1\"}); <\/script><\/span><!-- end HubSpot Call-to-Action Code --><\/p>\n","button_text":"","button_url":""},{"acf_fc_layout":"image_textboxes_section","align_introduction_text":false,"section_title":"Sammankoppla ink\u00f6pen, lagret och f\u00f6rs\u00e4ljningsordrarna i ett enda lagersystem.","section_description":"<p>Om du s\u00f6ker mer kontroll, organisering och sammanst\u00e4llning i din verksamhet erbjuder Rackbeats lagerhanteringssystem precis det du beh\u00f6ver. V\u00e5rt system automatiserar m\u00e5nga processer relaterade till ditt lager, effektiviserar hanteringen av dina order och ger dig \u00f6verblick \u00f6ver dina produktr\u00f6relser. Mer specifikt f\u00e5r du bland annat:<\/p>\n","textboxes":[{"title":"Uppdateringar i realtid p\u00e5 lager","content":"<p><span style=\"font-weight: 400;\">Din lagerniv\u00e5 uppdateras automatiskt s\u00e5 snart ett ink\u00f6p eller en f\u00f6rs\u00e4ljning registreras. I produkt\u00f6versikten kan du se antalet varor i lager, ing\u00e5ende i en p\u00e5g\u00e5ende order, tillg\u00e4ngliga och best\u00e4llda. Justeringar kan ocks\u00e5 g\u00f6ras omedelbart om varor f\u00f6rloras, f\u00f6rsvinner eller l\u00f6per ut.<\/span><\/p>\n","image":"https:\/\/rackbeat.com\/wp-content\/uploads\/2023\/12\/Engros-2-Svensk.png"},{"title":"Innkj\u00f8psh\u00e5ndtering med leverand\u00f8roversikt","content":"<p><span style=\"font-weight: 400;\">G\u00f6r alla dina ink\u00f6p och registrera varumottagningar i Rackbeat med v\u00e5r ink\u00f6pshantering. Det ger ocks\u00e5 en fullst\u00e4ndig \u00f6versikt \u00f6ver dina leverant\u00f6rer, inklusive deras CVR-nummer, valuta, momsomr\u00e5de osv. Du kan kommunicera med din leverant\u00f6r och l\u00e4gga en best\u00e4llning direkt fr\u00e5n systemet.<\/span><\/p>\n","image":"https:\/\/rackbeat.com\/wp-content\/uploads\/2023\/12\/Engros-3-Svensk.png"},{"title":" 360-graders perspektiv \u00f6ver dina f\u00f6rs\u00e4ljningsordrar:","content":"<p><span style=\"font-weight: 400;\">Du har m\u00f6jlighet att hantera dina f\u00f6rs\u00e4ljningsordrar fr\u00e5n leverant\u00f6ren till din kund. N\u00e4r du har best\u00e4llt varor kan du omedelbart skicka en offert till din kund eller skapa en f\u00f6rs\u00e4ljningsorder. Samtidigt kan du b\u00f6rja plocka, packa och skicka en faktura. Du kan alltid f\u00f6lja statusen f\u00f6r alla order i order\u00f6versikten.<\/span><\/p>\n","image":"https:\/\/rackbeat.com\/wp-content\/uploads\/2023\/12\/Engros-4.svg"},{"title":"M\u00f6jlighet till mobil lagerhantering:","content":"<p><span style=\"font-weight: 400;\">Om du eller dina medarbetare vill optimera lagerdriften och orderhanteringen ytterligare, kommer v\u00e5r mobilapp att \u00f6ka farten. Med den kan du registrera varumottagningar, plocka, packa och skicka ordrar, inventera, justera antal varor etc., direkt fr\u00e5n lagret.<\/span> L\u00e4s mer om v\u00e5r app <a href=\"https:\/\/rackbeat.com\/sv\/mobilanvandare\/\">h\u00e4r<\/a>.<\/p>\n","image":"https:\/\/rackbeat.com\/wp-content\/uploads\/2023\/11\/Frontpage-Mobil-2.png"},{"title":"Best\u00e4llningar direkt i systemet med B2B till\u00e4gg","content":"<p>Med v\u00e5rt <a href=\"https:\/\/rackbeat.com\/sv\/b2b-modul\/\">B2B till\u00e4gg<\/a> kan du skapa anv\u00e4ndarkonton till alla (eller bara ett f\u00e5tal) av dina kunder. P\u00e5 s\u00e5 s\u00e4tt kan de komma \u00e5t din portal och se hur mycket de kan k\u00f6pa, deras priser och kommunicera direkt med den s\u00e4ljare som \u00e4r kopplad till best\u00e4llningen.<\/p>\n","image":"https:\/\/rackbeat.com\/wp-content\/uploads\/2023\/12\/Engros-5-All.png"}]},{"acf_fc_layout":"short_description","align_introduction_text":false,"section_background_color":"","short_description_heading":"Hur st\u00e4rker Rackbeat just din verksamhet? L\u00e5t oss visa det med en presentation","short_description_content":"<p>Inga f\u00f6retag \u00e4r identiska. Oavsett om du arbetar med flera lagringsplatser, har ett specifikt frakt- eller redovisningssystem som beh\u00f6ver samspela med lagret eller jonglerar med olika valutor, kommer vi att skr\u00e4ddarsy Rackbeat f\u00f6r dina arbetsfl\u00f6den f\u00f6r att optimera din verksamhet ist\u00e4llet f\u00f6r att f\u00f6r\u00e4ndra den. Se sj\u00e4lv hur v\u00e5rt system passar in i ditt dagliga arbete med en gratis presentation.<\/p>\n<p>&nbsp;<\/p>\n<p><!--HubSpot Call-to-Action Code --><span id=\"hs-cta-wrapper-33b8e462-9fd8-433e-8737-c62113647224\" class=\"hs-cta-wrapper\"><span id=\"hs-cta-33b8e462-9fd8-433e-8737-c62113647224\" class=\"hs-cta-node hs-cta-33b8e462-9fd8-433e-8737-c62113647224\"><!-- [if lte IE 8]>\n\n\n<div id=\"hs-cta-ie-element\"><\/div>\n\n\n<![endif]--><a href=\"https:\/\/cta-redirect.hubspot.com\/cta\/redirect\/20251362\/33b8e462-9fd8-433e-8737-c62113647224\"><img decoding=\"async\" id=\"hs-cta-img-33b8e462-9fd8-433e-8737-c62113647224\" class=\"hs-cta-img\" style=\"border-width: 0px;\" src=\"https:\/\/no-cache.hubspot.com\/cta\/default\/20251362\/33b8e462-9fd8-433e-8737-c62113647224.png\" alt=\"Boka en presentation\" \/><\/a><\/span><script charset=\"utf-8\" src=\"https:\/\/js.hscta.net\/cta\/current.js\"><\/script><script type=\"text\/javascript\"> hbspt.cta.load(20251362, '33b8e462-9fd8-433e-8737-c62113647224', {\"useNewLoader\":\"true\",\"region\":\"na1\"}); <\/script><\/span><!-- end HubSpot Call-to-Action Code --><\/p>\n","image_boxes":false},{"acf_fc_layout":"text_image_section","image":"https:\/\/rackbeat.com\/wp-content\/uploads\/2023\/01\/BananaCase-01.png","image_video":"","title_type":"h1","section_title":"Minska arbetet och \u00f6ka farten i din orderhantering som Banana CPH","section_content":"<p>&#8221;Den nyckelfunktion vi beh\u00f6ver \u00e4r egentligen orderhantering. Rackbeat ger helt enkelt en mycket b\u00e4ttre \u00f6verblick \u00e4n vi har upplevt tidigare med andra. Det kr\u00e4vs mycket f\u00e4rre steg f\u00f6r att slutf\u00f6ra en s\u00e5dan ordercykel. Det \u00e4r mycket mindre arbete med att hantera order med Rackbeat \u00e4n det var tidigare.&#8221; <strong>&#8211; Thomas Barton, COO hos Banana CPH.<\/strong><\/p>\n<p>&nbsp;<\/p>\n<p>&nbsp;<\/p>\n","button_text":"L\u00e4s hela historien","button_url":"https:\/\/rackbeat.com\/sv\/kundstories\/banana-cph\/"},{"acf_fc_layout":"integrations","title":""}]},"_links":{"self":[{"href":"https:\/\/rackbeat.com\/sv\/wp-json\/wp\/v2\/pages\/19589","targetHints":{"allow":["GET"]}}],"collection":[{"href":"https:\/\/rackbeat.com\/sv\/wp-json\/wp\/v2\/pages"}],"about":[{"href":"https:\/\/rackbeat.com\/sv\/wp-json\/wp\/v2\/types\/page"}],"author":[{"embeddable":true,"href":"https:\/\/rackbeat.com\/sv\/wp-json\/wp\/v2\/users\/2"}],"replies":[{"embeddable":true,"href":"https:\/\/rackbeat.com\/sv\/wp-json\/wp\/v2\/comments?post=19589"}],"version-history":[{"count":13,"href":"https:\/\/rackbeat.com\/sv\/wp-json\/wp\/v2\/pages\/19589\/revisions"}],"predecessor-version":[{"id":20716,"href":"https:\/\/rackbeat.com\/sv\/wp-json\/wp\/v2\/pages\/19589\/revisions\/20716"}],"wp:attachment":[{"href":"https:\/\/rackbeat.com\/sv\/wp-json\/wp\/v2\/media?parent=19589"}],"curies":[{"name":"wp","href":"https:\/\/api.w.org\/{rel}","templated":true}]}}