{"id":19194,"date":"2023-12-05T13:16:44","date_gmt":"2023-12-05T12:16:44","guid":{"rendered":"https:\/\/rackbeat.com\/?page_id=19194"},"modified":"2023-12-08T13:58:36","modified_gmt":"2023-12-08T12:58:36","slug":"produktion","status":"publish","type":"page","link":"https:\/\/rackbeat.com\/sv\/produktion\/","title":{"rendered":"Produktion"},"content":{"rendered":"","protected":false},"excerpt":{"rendered":"","protected":false},"author":2,"featured_media":0,"parent":0,"menu_order":0,"comment_status":"closed","ping_status":"closed","template":"page-templates\/dynamic-template.php","meta":{"content-type":"","inline_featured_image":false,"footnotes":""},"class_list":["post-19194","page","type-page","status-publish","hentry"],"yoast_head":"<!-- This site is optimized with the Yoast SEO Premium plugin v20.0 (Yoast SEO v25.9) - https:\/\/yoast.com\/wordpress\/plugins\/seo\/ -->\n<title>Skapa effektivt fl\u00f6de f\u00f6r din produktion med lagerhantering | Rackbeat<\/title>\n<meta name=\"description\" content=\"F\u00e5 \u00f6verblick \u00f6ver f\u00f6retagets produktion med Rackbeats programvara f\u00f6r produktionsstyrning. L\u00e4s mer om produktionsplanering och -styrning h\u00e4r.\" \/>\n<meta name=\"robots\" content=\"index, follow, max-snippet:-1, max-image-preview:large, max-video-preview:-1\" \/>\n<link rel=\"canonical\" href=\"https:\/\/rackbeat.com\/sv\/produktion\/\" \/>\n<meta property=\"og:locale\" content=\"sv_SE\" \/>\n<meta property=\"og:type\" content=\"article\" \/>\n<meta property=\"og:title\" content=\"Produktion\" \/>\n<meta property=\"og:description\" content=\"F\u00e5 \u00f6verblick \u00f6ver f\u00f6retagets produktion med Rackbeats programvara f\u00f6r produktionsstyrning. L\u00e4s mer om produktionsplanering och -styrning h\u00e4r.\" \/>\n<meta property=\"og:url\" content=\"https:\/\/rackbeat.com\/sv\/produktion\/\" \/>\n<meta property=\"og:site_name\" content=\"Rackbeat\" \/>\n<meta property=\"article:modified_time\" content=\"2023-12-08T12:58:36+00:00\" \/>\n<meta name=\"twitter:card\" content=\"summary_large_image\" \/>\n<script type=\"application\/ld+json\" class=\"yoast-schema-graph\">{\"@context\":\"https:\/\/schema.org\",\"@graph\":[{\"@type\":\"WebPage\",\"@id\":\"https:\/\/rackbeat.com\/sv\/produktion\/\",\"url\":\"https:\/\/rackbeat.com\/sv\/produktion\/\",\"name\":\"Skapa effektivt fl\u00f6de f\u00f6r din produktion med lagerhantering | Rackbeat\",\"isPartOf\":{\"@id\":\"https:\/\/rackbeat.com\/sv\/#website\"},\"datePublished\":\"2023-12-05T12:16:44+00:00\",\"dateModified\":\"2023-12-08T12:58:36+00:00\",\"description\":\"F\u00e5 \u00f6verblick \u00f6ver f\u00f6retagets produktion med Rackbeats programvara f\u00f6r produktionsstyrning. L\u00e4s mer om produktionsplanering och -styrning h\u00e4r.\",\"breadcrumb\":{\"@id\":\"https:\/\/rackbeat.com\/sv\/produktion\/#breadcrumb\"},\"inLanguage\":\"sv-SE\",\"potentialAction\":[{\"@type\":\"ReadAction\",\"target\":[\"https:\/\/rackbeat.com\/sv\/produktion\/\"]}]},{\"@type\":\"BreadcrumbList\",\"@id\":\"https:\/\/rackbeat.com\/sv\/produktion\/#breadcrumb\",\"itemListElement\":[{\"@type\":\"ListItem\",\"position\":1,\"name\":\"Framsida\",\"item\":\"https:\/\/rackbeat.com\/sv\/\"},{\"@type\":\"ListItem\",\"position\":2,\"name\":\"Produktion\"}]},{\"@type\":\"WebSite\",\"@id\":\"https:\/\/rackbeat.com\/sv\/#website\",\"url\":\"https:\/\/rackbeat.com\/sv\/\",\"name\":\"Rackbeat\",\"description\":\"Effektiv lagerstyring\",\"publisher\":{\"@id\":\"https:\/\/rackbeat.com\/sv\/#organization\"},\"potentialAction\":[{\"@type\":\"SearchAction\",\"target\":{\"@type\":\"EntryPoint\",\"urlTemplate\":\"https:\/\/rackbeat.com\/sv\/?s={search_term_string}\"},\"query-input\":{\"@type\":\"PropertyValueSpecification\",\"valueRequired\":true,\"valueName\":\"search_term_string\"}}],\"inLanguage\":\"sv-SE\"},{\"@type\":\"Organization\",\"@id\":\"https:\/\/rackbeat.com\/sv\/#organization\",\"name\":\"Rackbeat\",\"url\":\"https:\/\/rackbeat.com\/sv\/\",\"logo\":{\"@type\":\"ImageObject\",\"inLanguage\":\"sv-SE\",\"@id\":\"https:\/\/rackbeat.com\/sv\/#\/schema\/logo\/image\/\",\"url\":\"\",\"contentUrl\":\"\",\"caption\":\"Rackbeat\"},\"image\":{\"@id\":\"https:\/\/rackbeat.com\/sv\/#\/schema\/logo\/image\/\"}}]}<\/script>\n<!-- \/ Yoast SEO Premium plugin. -->","yoast_head_json":{"title":"Skapa effektivt fl\u00f6de f\u00f6r din produktion med lagerhantering | Rackbeat","description":"F\u00e5 \u00f6verblick \u00f6ver f\u00f6retagets produktion med Rackbeats programvara f\u00f6r produktionsstyrning. L\u00e4s mer om produktionsplanering och -styrning h\u00e4r.","robots":{"index":"index","follow":"follow","max-snippet":"max-snippet:-1","max-image-preview":"max-image-preview:large","max-video-preview":"max-video-preview:-1"},"canonical":"https:\/\/rackbeat.com\/sv\/produktion\/","og_locale":"sv_SE","og_type":"article","og_title":"Produktion","og_description":"F\u00e5 \u00f6verblick \u00f6ver f\u00f6retagets produktion med Rackbeats programvara f\u00f6r produktionsstyrning. L\u00e4s mer om produktionsplanering och -styrning h\u00e4r.","og_url":"https:\/\/rackbeat.com\/sv\/produktion\/","og_site_name":"Rackbeat","article_modified_time":"2023-12-08T12:58:36+00:00","twitter_card":"summary_large_image","schema":{"@context":"https:\/\/schema.org","@graph":[{"@type":"WebPage","@id":"https:\/\/rackbeat.com\/sv\/produktion\/","url":"https:\/\/rackbeat.com\/sv\/produktion\/","name":"Skapa effektivt fl\u00f6de f\u00f6r din produktion med lagerhantering | Rackbeat","isPartOf":{"@id":"https:\/\/rackbeat.com\/sv\/#website"},"datePublished":"2023-12-05T12:16:44+00:00","dateModified":"2023-12-08T12:58:36+00:00","description":"F\u00e5 \u00f6verblick \u00f6ver f\u00f6retagets produktion med Rackbeats programvara f\u00f6r produktionsstyrning. L\u00e4s mer om produktionsplanering och -styrning h\u00e4r.","breadcrumb":{"@id":"https:\/\/rackbeat.com\/sv\/produktion\/#breadcrumb"},"inLanguage":"sv-SE","potentialAction":[{"@type":"ReadAction","target":["https:\/\/rackbeat.com\/sv\/produktion\/"]}]},{"@type":"BreadcrumbList","@id":"https:\/\/rackbeat.com\/sv\/produktion\/#breadcrumb","itemListElement":[{"@type":"ListItem","position":1,"name":"Framsida","item":"https:\/\/rackbeat.com\/sv\/"},{"@type":"ListItem","position":2,"name":"Produktion"}]},{"@type":"WebSite","@id":"https:\/\/rackbeat.com\/sv\/#website","url":"https:\/\/rackbeat.com\/sv\/","name":"Rackbeat","description":"Effektiv lagerstyring","publisher":{"@id":"https:\/\/rackbeat.com\/sv\/#organization"},"potentialAction":[{"@type":"SearchAction","target":{"@type":"EntryPoint","urlTemplate":"https:\/\/rackbeat.com\/sv\/?s={search_term_string}"},"query-input":{"@type":"PropertyValueSpecification","valueRequired":true,"valueName":"search_term_string"}}],"inLanguage":"sv-SE"},{"@type":"Organization","@id":"https:\/\/rackbeat.com\/sv\/#organization","name":"Rackbeat","url":"https:\/\/rackbeat.com\/sv\/","logo":{"@type":"ImageObject","inLanguage":"sv-SE","@id":"https:\/\/rackbeat.com\/sv\/#\/schema\/logo\/image\/","url":"","contentUrl":"","caption":"Rackbeat"},"image":{"@id":"https:\/\/rackbeat.com\/sv\/#\/schema\/logo\/image\/"}}]}},"ACF":{"custom_content_script":"","custom_head_script":"","dynamic_sections":[{"acf_fc_layout":"text_image_section","image":"https:\/\/rackbeat.com\/wp-content\/uploads\/2023\/11\/Engros-1-1.png","image_video":"","title_type":"h1","section_title":"Lagerhantering f\u00f6r produktion","section_content":"<p>Har du digitala ambitioner f\u00f6r ditt f\u00f6retag eller saknar du ett b\u00e4ttre samarbete mellan lager och produktion? D\u00e5 hj\u00e4lper Rackbeats lagerhanteringsprogram dig att effektivisera anv\u00e4ndningen av dina resurser \u2013 inklusive personal, tid och material \u2013 s\u00e5 att din produktion g\u00e5r s\u00e5 smidigt som m\u00f6jligt.<\/p>\n<p>&nbsp;<\/p>\n<p>Du f\u00e5r ett stadigt grepp om alla aktiviteter som p\u00e5verkar framst\u00e4llningen av den f\u00e4rdiga varan. D\u00e4ribland best\u00e4llningen, mottagningen, monteringen och leveransen av dina produkter. Rackbeat g\u00e5r d\u00e4rmed in och anpassar produktionsprocessen och s\u00e4kerst\u00e4ller att din produktion koordineras med f\u00f6rs\u00e4ljningen och din lagerdrift.<\/p>\n<p>&nbsp;<\/p>\n<p><!--HubSpot Call-to-Action Code --><span id=\"hs-cta-wrapper-0c345cc0-0a02-4bc8-8019-eeec025f4acc\" class=\"hs-cta-wrapper\"><span id=\"hs-cta-0c345cc0-0a02-4bc8-8019-eeec025f4acc\" class=\"hs-cta-node hs-cta-0c345cc0-0a02-4bc8-8019-eeec025f4acc\"><!-- [if lte IE 8]>\n\n\n<div id=\"hs-cta-ie-element\"><\/div>\n\n\n<![endif]--><a href=\"https:\/\/cta-redirect.hubspot.com\/cta\/redirect\/20251362\/0c345cc0-0a02-4bc8-8019-eeec025f4acc\"><img decoding=\"async\" id=\"hs-cta-img-0c345cc0-0a02-4bc8-8019-eeec025f4acc\" class=\"hs-cta-img\" style=\"border-width: 0px;\" src=\"https:\/\/no-cache.hubspot.com\/cta\/default\/20251362\/0c345cc0-0a02-4bc8-8019-eeec025f4acc.png\" alt=\"PROVA GRATIS\" \/><\/a><\/span><script charset=\"utf-8\" src=\"https:\/\/js.hscta.net\/cta\/current.js\"><\/script><script type=\"text\/javascript\"> hbspt.cta.load(20251362, '0c345cc0-0a02-4bc8-8019-eeec025f4acc', {\"useNewLoader\":\"true\",\"region\":\"na1\"}); <\/script><\/span><!-- end HubSpot Call-to-Action Code --><\/p>\n","button_text":"","button_url":""},{"acf_fc_layout":"image_textboxes_section","align_introduction_text":false,"section_title":"Ge produktionen en skjuts med Rackbeats lagersystem","section_description":"<p>Det finns m\u00e5nga sm\u00e5 processer som m\u00e5ste samverka f\u00f6r att din kund ska kunna f\u00e5 sin best\u00e4llning i tid och f\u00f6r att hjulen i produktionen ska rulla. N\u00e5gra av dessa processer handlar om att ha koll p\u00e5 ditt varufl\u00f6de, s\u00e5 att det finns tillr\u00e4ckligt med varor f\u00f6r att starta en ny produktion. Andra beror p\u00e5 att ha den detaljerade \u00f6verblicken \u00f6ver dina produktionsordrar och de material som ing\u00e5r. Rackbeat samlar dina processer d\u00e4r du f\u00e5r:<\/p>\n","textboxes":[{"title":"Uppdateringar av lagerbeholdningen i realtid","content":"<p>F\u00f6r att undvika produktionsstopp \u00e4r det ett m\u00e5ste att alltid kunna f\u00e5 en \u00f6gonblicksbild av din lagerbeholdning, s\u00e5 att du kan f\u00f6rs\u00e4kra dig om att du har tillr\u00e4ckligt med varor f\u00f6r att starta produktion. Rackbeat uppdaterar din lagerbeholdning varje g\u00e5ng du registrerar en varumottagning eller g\u00f6r en f\u00f6rs\u00e4ljning &#8211; och du kan till och med f\u00e5 p\u00e5minnelser om nybest\u00e4llning n\u00e4r den minsta gr\u00e4nsen f\u00f6r en specifik vara \u00e4r n\u00e5dd.<\/p>\n","image":"https:\/\/rackbeat.com\/wp-content\/uploads\/2023\/12\/Produktion-2-Svensk.png"},{"title":"Full produktions\u00f6versikt","content":"<p>Du kan alltid f\u00e5 tillg\u00e5ng till b\u00e5de avslutade och p\u00e5g\u00e5ende produktionsordrar \u2013 oavsett om du \u00e4r p\u00e5 lagret, \u00e4r p\u00e5 spr\u00e5ng eller sitter p\u00e5 kontoret. Inne i produktions\u00f6versikten kan du s\u00e5ledes f\u00e5 koll p\u00e5 ordernummer, produkter, kunder, den anst\u00e4llde som ansvarar f\u00f6r produktionen, produktionsstatusen och f\u00f6rv\u00e4ntad leveransdatum. Om det saknas n\u00e5gra produkter till en specifik order kan du g\u00f6ra en ink\u00f6psorder direkt.<\/p>\n<p>&nbsp;<\/p>\n","image":"https:\/\/rackbeat.com\/wp-content\/uploads\/2023\/12\/Produktion-3-Svensk.png"},{"title":"Stycklistor (varusamlingar)","content":"<p>De flesta produktioner av f\u00e4rdigvaror best\u00e5r av en samling delkomponenter \u2013 och dem kan du h\u00e5lla koll p\u00e5 i Rackbeat, eftersom du har m\u00f6jlighet att skapa stycklistor. Om du till exempel ska montera en cykel kan du skapa en stycklista med alla produkter som ing\u00e5r i produktionen: styret, hjulen, kedjan, pedalerna etc. Du kan samtidigt se hur m\u00e5nga som finns i lager och p\u00e5 order, samt f\u00f6rs\u00e4ljningspriset, kostnadspriset m.m.<\/p>\n","image":"https:\/\/rackbeat.com\/wp-content\/uploads\/2023\/12\/Produktion-4-Svensk.png"}]},{"acf_fc_layout":"short_description","align_introduction_text":false,"section_background_color":"","short_description_heading":"D\u00e4rf\u00f6r b\u00f6r du anv\u00e4nda ett lagersystem f\u00f6r din produktionsplanering.","short_description_content":"<p>&nbsp;<\/p>\n<p>Om du v\u00e4ljer att samla hela ditt produktionsfl\u00f6de i ett lagerhanteringssystem ist\u00e4llet f\u00f6r kalkylblad, optimerar du utf\u00f6randetiden i din produktion. Det inneb\u00e4r att du snabbare kan identifiera avvikelser och f\u00f6rdr\u00f6jningar i produktionen, vilket g\u00f6r att du undviker att sm\u00e5 fel blir mycket kostsamma.<\/p>\n<p>&nbsp;<\/p>\n<p>&nbsp;<\/p>\n<p>N\u00e4r du alltid har en uppdaterad \u00f6versikt \u00f6ver dina produktioner kommer du aldrig att producera mer \u00e4n det som beh\u00f6vs. Samtidigt kommer du att meddelas varje g\u00e5ng du beh\u00f6ver producera nya f\u00e4rdigvaror. Om det l\u00e4ggs en order som inkluderar en vara som f\u00f6r n\u00e4rvarande inte finns i lager, meddelar Rackbeat att ett ink\u00f6p \u00e4r n\u00f6dv\u00e4ndig f\u00f6r att uppfylla ordern. <strong>Det finns s\u00e5ledes m\u00e5nga f\u00f6rdelar med att v\u00e4lja ett lagersystem ist\u00e4llet f\u00f6r ett kalkylblad f\u00f6r din produktion, s\u00e5som<\/strong>:<\/p>\n","image_boxes":[{"image":"https:\/\/rackbeat.com\/wp-content\/uploads\/2023\/12\/NumbersGraphics-RB-1.svg","title":"<p>Besparingar p\u00e5 arbetstimmar som anv\u00e4nds f\u00f6r att underh\u00e5lla kalkylarket, eftersom ett lagersystem automatiserar registreringen av dina varur\u00f6relser<\/p>\n"},{"image":"https:\/\/rackbeat.com\/wp-content\/uploads\/2023\/12\/NumbersGraphics-RB-2.svg","title":"<p>Effekktivisering av produktionen, eftersom relevanta medarbetare kan f\u00e5 en \u00f6vergripande \u00f6versikt \u00f6ver produktionen och slipper k\u00e4mpa med kalkylarksformler<\/p>\n"},{"image":"https:\/\/rackbeat.com\/wp-content\/uploads\/2023\/12\/NumbersGraphics-RB-3.svg","title":"<p>Hj\u00e4lp att ta reda p\u00e5 hur du f\u00e5r mest ut av produktionskapaciteten, eftersom du kan generera historiska rapporter om f\u00f6rs\u00e4ljning, produktionsorder och ink\u00f6p<\/p>\n"},{"image":"https:\/\/rackbeat.com\/wp-content\/uploads\/2023\/12\/NumbersGraphics-RB-4.svg","title":"<p>M\u00f6jlighet att integrera produktionen med lagret, frakten, redovisningssystemet, webbutiken osv., s\u00e5 att du inte beh\u00f6ver g\u00f6ra dubbel- eller trippelarbete f\u00f6r att uppdatera alla dina system<\/p>\n"}]},{"acf_fc_layout":"text_image_section","image":false,"image_video":"","title_type":"h1","section_title":"Saknar du \u00f6verblick \u00f6ver din produktion? Det g\u00f6r inte l\u00e4ngre Lars","section_content":"<p>&#8221;Vi s\u00e4ljer inget som inte \u00e4r skapat i Rackbeat. Alls. F\u00f6r d\u00e5 kan du alltid g\u00e5 tillbaka och se vad kunden fick f\u00f6r ett halvt \u00e5r sedan. Vad betalade han f\u00f6r det, vilka var m\u00e5len?<\/p>\n<p>&nbsp;<\/p>\n<p>Inne i Rackbeat skapar jag n\u00e5got som kallas en produktionsorder. Och den beskriver exakt vad jag har s\u00e5lt och leveransdatumen f\u00f6r ordren. Alla fakturor g\u00f6rs i Rackbeat, och alla f\u00e4rdigvarulager hanteras ocks\u00e5 i Rackbeat.&#8221;<strong> &#8211; Lars Ingemann fr\u00e5n HC Betonelementer.<\/strong><\/p>\n<p>&nbsp;<\/p>\n","button_text":"L\u00e4s hela historien","button_url":"https:\/\/rackbeat.com\/sv\/kundstories\/hc-betonelementer\/"},{"acf_fc_layout":"cta_section","cta_image":"https:\/\/rackbeat.com\/wp-content\/uploads\/2023\/12\/Webshop-All-6.svg","cta_content":"<h2><span style=\"color: #14143f;\">Hur kan Rackbeat specifikt f\u00f6rb\u00e4ttra din produktion?<\/span><\/h2>\n<p><span style=\"color: #14143f;\">Inga f\u00f6retag \u00e4r likadana. F\u00f6r vissa \u00e4r det v\u00e4sentligt att kunna sp\u00e5ra enskilda varor som ing\u00e5r i produktionen &#8211; som till exempel batcher eller serienummer. Andra beh\u00f6ver absolut anv\u00e4nda sig av stycklistor eller produktmontage f\u00f6r att optimera produktionen.<\/span><\/p>\n<p><span style=\"color: #14143f;\">D\u00e4rf\u00f6r rekommenderar vi att du har en informell konversation med en av v\u00e5ra produktspecialister s\u00e5 att vi kan skr\u00e4ddarsy din produktionsstyrning efter dina behov. Efter det kommer du att f\u00e5 en online-presentation av Rackbeat baserat p\u00e5 er korta diskussion.<\/span><\/p>\n","cta_button_text":"Boka en gratis demo","cta_button_link":"https:\/\/rackbeat.com\/sv\/boka-en-demo\/","background_color":"#dbdbdd"},{"acf_fc_layout":"integrations","title":""}]},"_links":{"self":[{"href":"https:\/\/rackbeat.com\/sv\/wp-json\/wp\/v2\/pages\/19194","targetHints":{"allow":["GET"]}}],"collection":[{"href":"https:\/\/rackbeat.com\/sv\/wp-json\/wp\/v2\/pages"}],"about":[{"href":"https:\/\/rackbeat.com\/sv\/wp-json\/wp\/v2\/types\/page"}],"author":[{"embeddable":true,"href":"https:\/\/rackbeat.com\/sv\/wp-json\/wp\/v2\/users\/2"}],"replies":[{"embeddable":true,"href":"https:\/\/rackbeat.com\/sv\/wp-json\/wp\/v2\/comments?post=19194"}],"version-history":[{"count":13,"href":"https:\/\/rackbeat.com\/sv\/wp-json\/wp\/v2\/pages\/19194\/revisions"}],"predecessor-version":[{"id":19671,"href":"https:\/\/rackbeat.com\/sv\/wp-json\/wp\/v2\/pages\/19194\/revisions\/19671"}],"wp:attachment":[{"href":"https:\/\/rackbeat.com\/sv\/wp-json\/wp\/v2\/media?parent=19194"}],"curies":[{"name":"wp","href":"https:\/\/api.w.org\/{rel}","templated":true}]}}