{"id":19018,"date":"2023-12-04T11:08:55","date_gmt":"2023-12-04T10:08:55","guid":{"rendered":"https:\/\/rackbeat.com\/?page_id=19018"},"modified":"2025-04-28T09:57:43","modified_gmt":"2025-04-28T07:57:43","slug":"webbutik","status":"publish","type":"page","link":"https:\/\/rackbeat.com\/sv\/webbutik\/","title":{"rendered":"Webbutik"},"content":{"rendered":"","protected":false},"excerpt":{"rendered":"","protected":false},"author":2,"featured_media":0,"parent":0,"menu_order":0,"comment_status":"closed","ping_status":"closed","template":"page-templates\/dynamic-template.php","meta":{"content-type":"","inline_featured_image":false,"footnotes":""},"class_list":["post-19018","page","type-page","status-publish","hentry"],"yoast_head":"<!-- This site is optimized with the Yoast SEO Premium plugin v20.0 (Yoast SEO v25.9) - https:\/\/yoast.com\/wordpress\/plugins\/seo\/ -->\n<title>Enkel och effektiv lagerhantering f\u00f6r webbbutik | Rackbeat<\/title>\n<meta name=\"description\" content=\"Rackbeats molnbaserade lagerhantering f\u00f6r webbbutik \u00e4r en effektiv, anv\u00e4ndarv\u00e4nlig plattform, som ger dig full kontroll \u00f6ver ditt lager.\" \/>\n<meta name=\"robots\" content=\"index, follow, max-snippet:-1, max-image-preview:large, max-video-preview:-1\" \/>\n<link rel=\"canonical\" href=\"https:\/\/rackbeat.com\/sv\/webbutik\/\" \/>\n<meta property=\"og:locale\" content=\"sv_SE\" \/>\n<meta property=\"og:type\" content=\"article\" \/>\n<meta property=\"og:title\" content=\"Webbutik\" \/>\n<meta property=\"og:description\" content=\"Rackbeats molnbaserade lagerhantering f\u00f6r webbbutik \u00e4r en effektiv, anv\u00e4ndarv\u00e4nlig plattform, som ger dig full kontroll \u00f6ver ditt lager.\" \/>\n<meta property=\"og:url\" content=\"https:\/\/rackbeat.com\/sv\/webbutik\/\" \/>\n<meta property=\"og:site_name\" content=\"Rackbeat\" \/>\n<meta property=\"article:modified_time\" content=\"2025-04-28T07:57:43+00:00\" \/>\n<meta name=\"twitter:card\" content=\"summary_large_image\" \/>\n<script type=\"application\/ld+json\" class=\"yoast-schema-graph\">{\"@context\":\"https:\/\/schema.org\",\"@graph\":[{\"@type\":\"WebPage\",\"@id\":\"https:\/\/rackbeat.com\/sv\/webbutik\/\",\"url\":\"https:\/\/rackbeat.com\/sv\/webbutik\/\",\"name\":\"Enkel och effektiv lagerhantering f\u00f6r webbbutik | Rackbeat\",\"isPartOf\":{\"@id\":\"https:\/\/rackbeat.com\/sv\/#website\"},\"datePublished\":\"2023-12-04T10:08:55+00:00\",\"dateModified\":\"2025-04-28T07:57:43+00:00\",\"description\":\"Rackbeats molnbaserade lagerhantering f\u00f6r webbbutik \u00e4r en effektiv, anv\u00e4ndarv\u00e4nlig plattform, som ger dig full kontroll \u00f6ver ditt lager.\",\"breadcrumb\":{\"@id\":\"https:\/\/rackbeat.com\/sv\/webbutik\/#breadcrumb\"},\"inLanguage\":\"sv-SE\",\"potentialAction\":[{\"@type\":\"ReadAction\",\"target\":[\"https:\/\/rackbeat.com\/sv\/webbutik\/\"]}]},{\"@type\":\"BreadcrumbList\",\"@id\":\"https:\/\/rackbeat.com\/sv\/webbutik\/#breadcrumb\",\"itemListElement\":[{\"@type\":\"ListItem\",\"position\":1,\"name\":\"Framsida\",\"item\":\"https:\/\/rackbeat.com\/sv\/\"},{\"@type\":\"ListItem\",\"position\":2,\"name\":\"Webbutik\"}]},{\"@type\":\"WebSite\",\"@id\":\"https:\/\/rackbeat.com\/sv\/#website\",\"url\":\"https:\/\/rackbeat.com\/sv\/\",\"name\":\"Rackbeat\",\"description\":\"Effektiv lagerstyring\",\"publisher\":{\"@id\":\"https:\/\/rackbeat.com\/sv\/#organization\"},\"potentialAction\":[{\"@type\":\"SearchAction\",\"target\":{\"@type\":\"EntryPoint\",\"urlTemplate\":\"https:\/\/rackbeat.com\/sv\/?s={search_term_string}\"},\"query-input\":{\"@type\":\"PropertyValueSpecification\",\"valueRequired\":true,\"valueName\":\"search_term_string\"}}],\"inLanguage\":\"sv-SE\"},{\"@type\":\"Organization\",\"@id\":\"https:\/\/rackbeat.com\/sv\/#organization\",\"name\":\"Rackbeat\",\"url\":\"https:\/\/rackbeat.com\/sv\/\",\"logo\":{\"@type\":\"ImageObject\",\"inLanguage\":\"sv-SE\",\"@id\":\"https:\/\/rackbeat.com\/sv\/#\/schema\/logo\/image\/\",\"url\":\"\",\"contentUrl\":\"\",\"caption\":\"Rackbeat\"},\"image\":{\"@id\":\"https:\/\/rackbeat.com\/sv\/#\/schema\/logo\/image\/\"}}]}<\/script>\n<!-- \/ Yoast SEO Premium plugin. -->","yoast_head_json":{"title":"Enkel och effektiv lagerhantering f\u00f6r webbbutik | Rackbeat","description":"Rackbeats molnbaserade lagerhantering f\u00f6r webbbutik \u00e4r en effektiv, anv\u00e4ndarv\u00e4nlig plattform, som ger dig full kontroll \u00f6ver ditt lager.","robots":{"index":"index","follow":"follow","max-snippet":"max-snippet:-1","max-image-preview":"max-image-preview:large","max-video-preview":"max-video-preview:-1"},"canonical":"https:\/\/rackbeat.com\/sv\/webbutik\/","og_locale":"sv_SE","og_type":"article","og_title":"Webbutik","og_description":"Rackbeats molnbaserade lagerhantering f\u00f6r webbbutik \u00e4r en effektiv, anv\u00e4ndarv\u00e4nlig plattform, som ger dig full kontroll \u00f6ver ditt lager.","og_url":"https:\/\/rackbeat.com\/sv\/webbutik\/","og_site_name":"Rackbeat","article_modified_time":"2025-04-28T07:57:43+00:00","twitter_card":"summary_large_image","schema":{"@context":"https:\/\/schema.org","@graph":[{"@type":"WebPage","@id":"https:\/\/rackbeat.com\/sv\/webbutik\/","url":"https:\/\/rackbeat.com\/sv\/webbutik\/","name":"Enkel och effektiv lagerhantering f\u00f6r webbbutik | Rackbeat","isPartOf":{"@id":"https:\/\/rackbeat.com\/sv\/#website"},"datePublished":"2023-12-04T10:08:55+00:00","dateModified":"2025-04-28T07:57:43+00:00","description":"Rackbeats molnbaserade lagerhantering f\u00f6r webbbutik \u00e4r en effektiv, anv\u00e4ndarv\u00e4nlig plattform, som ger dig full kontroll \u00f6ver ditt lager.","breadcrumb":{"@id":"https:\/\/rackbeat.com\/sv\/webbutik\/#breadcrumb"},"inLanguage":"sv-SE","potentialAction":[{"@type":"ReadAction","target":["https:\/\/rackbeat.com\/sv\/webbutik\/"]}]},{"@type":"BreadcrumbList","@id":"https:\/\/rackbeat.com\/sv\/webbutik\/#breadcrumb","itemListElement":[{"@type":"ListItem","position":1,"name":"Framsida","item":"https:\/\/rackbeat.com\/sv\/"},{"@type":"ListItem","position":2,"name":"Webbutik"}]},{"@type":"WebSite","@id":"https:\/\/rackbeat.com\/sv\/#website","url":"https:\/\/rackbeat.com\/sv\/","name":"Rackbeat","description":"Effektiv lagerstyring","publisher":{"@id":"https:\/\/rackbeat.com\/sv\/#organization"},"potentialAction":[{"@type":"SearchAction","target":{"@type":"EntryPoint","urlTemplate":"https:\/\/rackbeat.com\/sv\/?s={search_term_string}"},"query-input":{"@type":"PropertyValueSpecification","valueRequired":true,"valueName":"search_term_string"}}],"inLanguage":"sv-SE"},{"@type":"Organization","@id":"https:\/\/rackbeat.com\/sv\/#organization","name":"Rackbeat","url":"https:\/\/rackbeat.com\/sv\/","logo":{"@type":"ImageObject","inLanguage":"sv-SE","@id":"https:\/\/rackbeat.com\/sv\/#\/schema\/logo\/image\/","url":"","contentUrl":"","caption":"Rackbeat"},"image":{"@id":"https:\/\/rackbeat.com\/sv\/#\/schema\/logo\/image\/"}}]}},"ACF":{"custom_content_script":"","custom_head_script":"","dynamic_sections":[{"acf_fc_layout":"text_image_section","image":"https:\/\/rackbeat.com\/wp-content\/uploads\/2025\/04\/DigitaltLager.jpeg","image_video":"","title_type":"h1","section_title":"Upplev f\u00f6rdelarna med effektiv lagerhantering f\u00f6r din webbutik","section_content":"<p>Rackbeats molnbaserade lagerhanteringssystem ger din webbutik en plattform som s\u00e4kerst\u00e4ller att du alltid har varor redo f\u00f6r dina digitala bes\u00f6kare. Du f\u00e5r tillg\u00e5ng till din lagerdata i realtid och en direkt koppling mellan lagret och webbutiken, vilket g\u00f6r att du alltid kan ligga steget f\u00f6re n\u00e4r det g\u00e4ller ombest\u00e4llning av varor och statusen f\u00f6r dina f\u00f6rs\u00e4ljningsorder.<\/p>\n<p>&nbsp;<\/p>\n<p><strong>Du kan prova Rackbeat gratis i 14 dagar utan bindning<\/strong> och se hur v\u00e5rt system kan optimera lagerdriften och f\u00f6rs\u00e4ljningen f\u00f6r ditt f\u00f6retag.<\/p>\n<p>&nbsp;<\/p>\n<p>&nbsp;<\/p>\n<p><!--HubSpot Call-to-Action Code --><span id=\"hs-cta-wrapper-0c345cc0-0a02-4bc8-8019-eeec025f4acc\" class=\"hs-cta-wrapper\"><span id=\"hs-cta-0c345cc0-0a02-4bc8-8019-eeec025f4acc\" class=\"hs-cta-node hs-cta-0c345cc0-0a02-4bc8-8019-eeec025f4acc\"><!-- [if lte IE 8]>\n\n\n<div id=\"hs-cta-ie-element\"><\/div>\n\n\n<![endif]--><a href=\"https:\/\/cta-redirect.hubspot.com\/cta\/redirect\/20251362\/0c345cc0-0a02-4bc8-8019-eeec025f4acc\"><img decoding=\"async\" id=\"hs-cta-img-0c345cc0-0a02-4bc8-8019-eeec025f4acc\" class=\"hs-cta-img\" style=\"border-width: 0px;\" src=\"https:\/\/no-cache.hubspot.com\/cta\/default\/20251362\/0c345cc0-0a02-4bc8-8019-eeec025f4acc.png\" alt=\"PROVA GRATIS\" \/><\/a><\/span><script charset=\"utf-8\" src=\"https:\/\/js.hscta.net\/cta\/current.js\"><\/script><script type=\"text\/javascript\"> hbspt.cta.load(20251362, '0c345cc0-0a02-4bc8-8019-eeec025f4acc', {\"useNewLoader\":\"true\",\"region\":\"na1\"}); <\/script><\/span><!-- end HubSpot Call-to-Action Code --><\/p>\n","button_text":"","button_url":""},{"acf_fc_layout":"image_textboxes_section","align_introduction_text":"center","section_title":"Anslut ditt lager och din webbutik med Rackbeat","section_description":"<p>N\u00e4r du driver en webbutik \u00e4r det avg\u00f6rande att de varor som anges som tillg\u00e4ngliga online speglar den faktiska lagerniv\u00e5n. Samtidigt \u00e4r det viktigt att ha en omfattande \u00f6versikt \u00f6ver alla f\u00f6rs\u00e4ljningsorder som behandlas p\u00e5 lagret. Det s\u00e4kerst\u00e4ller att du alltid har m\u00f6jlighet att best\u00e4lla nya varor och d\u00e4rmed m\u00f6ta efterfr\u00e5gan. Detta ser Rackbeat till n\u00e4r vi ger dig:<\/p>\n","textboxes":[{"title":"Realtidssynkronisering av ditt lager","content":"<p>Vi synkroniserar din webbutik och ditt lager, s\u00e5 att du alltid har \u00f6verblick \u00f6ver statusen f\u00f6r dina produktgrupper, f\u00f6rs\u00e4ljnings- och ink\u00f6pspriser, produkter som ing\u00e5r i p\u00e5g\u00e5ende order, best\u00e4llda varor, etc. Men mest av allt: Din webbutik kommer att kunna uppdateras i realtid med antalet varor som faktiskt \u00e4r tillg\u00e4ngliga f\u00f6r nya f\u00f6rs\u00e4ljningsorder (det vill s\u00e4ga minus de produkter som ing\u00e5r i p\u00e5g\u00e5ende order).<\/p>\n<p>&nbsp;<\/p>\n","image":"https:\/\/rackbeat.com\/wp-content\/uploads\/2023\/12\/Webshop-Svensk-2.png"},{"title":"Central punkt f\u00f6r dina f\u00f6rs\u00e4ljningsordrar","content":"<p>S\u00e5 snart en kund g\u00f6r en best\u00e4llning i webbutiken kommer best\u00e4llningen att \u00f6verf\u00f6ras till Rackbeat. H\u00e4r har du en \u00f6versikt \u00f6ver alla tidigare och p\u00e5g\u00e5ende f\u00f6rs\u00e4ljningsordrar med ordernummer, kundinformation, status f\u00f6r bokf\u00f6ring, leverans, fakturering, leveransdatum och belopp. <span style=\"text-decoration: underline;\"><span style=\"color: #609ed3; text-decoration: underline;\"><a style=\"color: #609ed3; text-decoration: underline;\" href=\"https:\/\/rackbeat.com\/sv\/integrationer\/\">H\u00e4r<\/a> <\/span><\/span>kan du se vilka webbutiker Rackbeat kan integreras med.<\/p>\n","image":"https:\/\/rackbeat.com\/wp-content\/uploads\/2023\/12\/Webshop-Svensk-3.png"},{"title":"M\u00f6jlighet att genomf\u00f6ra hela orderhanteringen","content":"<p>Du kan sj\u00e4lvklart v\u00e4lja att behandla dina f\u00f6rs\u00e4ljningsordrar direkt fr\u00e5n webbutiken om det \u00e4r det du \u00e4r van vid. Du kan anv\u00e4nda Rackbeats \u00f6versikt \u00f6ver ordrar f\u00f6r att se din orderhistorik, s\u00f6ka efter specifika ordernummer eller filtrera p\u00e5 en specifik kund. Alternativt kan du plocka, packa och fakturera dina order direkt fr\u00e5n Rackbeat, eftersom vi ger dig en komplett paket inom orderhantering.<\/p>\n","image":"https:\/\/rackbeat.com\/wp-content\/uploads\/2023\/11\/Engros-4-3.png"},{"title":"Problemfritt samarbete med marknadens ledande e-handelsleverant\u00f6rer","content":"<p><span style=\"font-weight: 400;\">Rackbeat samarbetar s\u00f6ml\u00f6st med de mest anv\u00e4nda e-handelsleverant\u00f6rerna, s\u00e5 att din lagerhantering alltid \u00e4r uppdaterad och synkroniserad i realtid. N\u00e4r en kund l\u00e4gger en best\u00e4llning \u00f6verf\u00f6rs datan automatiskt till Rackbeat, d\u00e4r du kan hantera plock, pack och fakturering \u2013 helt utan manuella steg.<\/span><\/p>\n<p>&nbsp;<\/p>\n<p>Se alla v\u00e5ra webshop-integrationer <span style=\"color: #609ed3;\"><a style=\"color: #609ed3;\" href=\"https:\/\/rackbeat.com\/sv\/webbutik\/\">h\u00e4r<\/a><\/span>.<\/p>\n","image":"https:\/\/rackbeat.com\/wp-content\/uploads\/2024\/02\/Grafik-5-blog-webshop.png"}]},{"acf_fc_layout":"image_text_section","section_title":"H\u00e5ll kontakten med ditt lager genom hela s\u00e4lj- och ink\u00f6psfl\u00f6det","section_content":"<p>Nu kan du vinka adj\u00f6 till magk\u00e4nslorna, gissningsarbetet och kalkylbladen.<\/p>\n<p>F\u00f6r med Rackbeat kan du basera din ink\u00f6pspolicy p\u00e5 anpassade f\u00f6rs\u00e4ljningsrapporter och din aktuella lagerh\u00e5llning, s\u00e5 att du har en optimal beslutsgrund som kan f\u00f6rb\u00e4ttra ditt f\u00f6retag.<\/p>\n<p>Du kan faktiskt f\u00e5 tillg\u00e5ng till lagret i realtid med direkta uppdateringar om varur\u00f6relser, f\u00e5 rekommendationer om ombest\u00e4llningar n\u00e4r lagerniv\u00e5n \u00e4r l\u00e5g och dra historiska rapporter om ink\u00f6p och f\u00f6rs\u00e4ljning.<\/p>\n<p>P\u00e5 s\u00e5 s\u00e4tt g\u00f6r vi ditt f\u00f6retag mer datadrivet och redo f\u00f6r f\u00f6r\u00e4ndringar, eftersom du inte beh\u00f6ver f\u00f6rlita dig p\u00e5 manuell lagerhantering eller antaganden om hur f\u00f6rs\u00e4ljning, lagerh\u00e5llning och ink\u00f6p har sett ut.<\/p>\n<p><!-- end HubSpot Call-to-Action Code --><\/p>\n","image":"https:\/\/rackbeat.com\/wp-content\/uploads\/2023\/12\/Webshop-Svensk-5.png","button_text":"Prova WMS f\u00f6r e-handel - gratis provperiod","button_url":"https:\/\/app.rackbeat.com\/freetrial?locale=sv&hsCtaTracking=89d0973a-fe69-4b23-99ad-c9308d2e29a7%7C6f76aae5-177e-4ea8-95a3-51d45d8273fa"},{"acf_fc_layout":"text_image_section","image":"https:\/\/rackbeat.com\/wp-content\/uploads\/2023\/03\/DelSouxCover-01.png","image_video":"","title_type":"h1","section_title":"G\u00f6r Rackbeat till din medlare, precis som DelsouX","section_content":"<p>&#8221;Det fantastiska med Rackbeat \u00e4r: vi har en webbutik, vi har v\u00e5rt lager och vi har ett redovisningssystem. Rackbeat sitter mitt emellan och \u00e4r en bra medlare. Det g\u00f6r v\u00e5rt arbete mycket intuitivt och enkelt eftersom det kommunicerar med de andra programmen och eliminerar behovet av manuella transaktioner. Och det sparar oss mycket tid.&#8221;\u00a0<strong>-Qais,DelsouX.<\/strong><\/p>\n<p>&nbsp;<\/p>\n<p>&nbsp;<\/p>\n","button_text":"L\u00e4s hela historien","button_url":"https:\/\/rackbeat.com\/sv\/kundstories\/delsoux\/"},{"acf_fc_layout":"cta_section","cta_image":"https:\/\/rackbeat.com\/wp-content\/uploads\/2023\/12\/Webshop-All-6.svg","cta_content":"<h2><span style=\"color: #14143f;\">Se hur Rackbeat passar ihop med din webbutik<\/span><\/h2>\n<p><span style=\"color: #14143f;\">Med Rackbeat f\u00e5r du skr\u00e4ddarsydd lagerhantering f\u00f6r ditt f\u00f6retags specifika behov.<\/span><\/p>\n<p><span style=\"color: #14143f;\">Vi erbjuder en rad funktioner som kan anpassas f\u00f6r olika arbetsfl\u00f6den, och Rackbeat kan anslutas till de mest anv\u00e4nda systemen inom ekonomi, POS, frakt och webbutiksdrift.<\/span><\/p>\n<p><span style=\"color: #14143f;\">Vill du se hur mycket enklare dina arbetsfl\u00f6den blir n\u00e4r Rackbeat integreras med din setup? F\u00e5 en gratis presentation av Rackbeat fr\u00e5n en av v\u00e5ra produktextperter \u2013 naturligtvis med ditt f\u00f6retag i centrum.<\/span><\/p>\n","cta_button_text":"Boka en gratis demo","cta_button_link":"https:\/\/rackbeat.com\/sv\/boka-en-demo\/","background_color":"#dbdbdd"},{"acf_fc_layout":"integrations","title":""}]},"_links":{"self":[{"href":"https:\/\/rackbeat.com\/sv\/wp-json\/wp\/v2\/pages\/19018","targetHints":{"allow":["GET"]}}],"collection":[{"href":"https:\/\/rackbeat.com\/sv\/wp-json\/wp\/v2\/pages"}],"about":[{"href":"https:\/\/rackbeat.com\/sv\/wp-json\/wp\/v2\/types\/page"}],"author":[{"embeddable":true,"href":"https:\/\/rackbeat.com\/sv\/wp-json\/wp\/v2\/users\/2"}],"replies":[{"embeddable":true,"href":"https:\/\/rackbeat.com\/sv\/wp-json\/wp\/v2\/comments?post=19018"}],"version-history":[{"count":19,"href":"https:\/\/rackbeat.com\/sv\/wp-json\/wp\/v2\/pages\/19018\/revisions"}],"predecessor-version":[{"id":30758,"href":"https:\/\/rackbeat.com\/sv\/wp-json\/wp\/v2\/pages\/19018\/revisions\/30758"}],"wp:attachment":[{"href":"https:\/\/rackbeat.com\/sv\/wp-json\/wp\/v2\/media?parent=19018"}],"curies":[{"name":"wp","href":"https:\/\/api.w.org\/{rel}","templated":true}]}}