{"id":1800,"date":"2022-03-21T12:16:47","date_gmt":"2022-03-21T12:16:47","guid":{"rendered":"https:\/\/rackbeat.digitalpresent.mk\/partnership-contact\/"},"modified":"2024-12-13T14:32:01","modified_gmt":"2024-12-13T12:32:01","slug":"partnerskap","status":"publish","type":"page","link":"https:\/\/rackbeat.com\/sv\/partnerskap\/","title":{"rendered":"Bli en Rackbeat-partner och ge dina kunder en framtidss\u00e4ker och flexibel lagerl\u00f6sning"},"content":{"rendered":"<p>\u00c4r du digital konsult, revisor eller bokf\u00f6rare f\u00e5r du en unik m\u00f6jlighet att \u00f6ka din kompetens inom lager och logistik, s\u00e5 att du kan bli \u00e4nnu mer v\u00e4rdefull f\u00f6r dina kunder. N\u00e4r du blir en Rackbeat-partner surfar du p\u00e5 den digitala v\u00e5gen, eftersom du \u00e4r den expert som sm\u00e5 och medelstora f\u00f6retag letar efter idag.<\/p>\n<p>Med Rackbeats datadrivna och molnbaserade lagringsl\u00f6sning f\u00e5r dina kunder:<\/p>\n<ul>\n<li><em>En effektiv och framtidss\u00e4ker hantering av deras lager och logistik<\/em>, d\u00e5 alla deras viktigaste nyckeltal och prognoser uppdateras i realtid och lagras s\u00e4kert uppe i det digitala molnet.<\/li>\n<li><em>Den flexibla f\u00f6rvaringsl\u00f6sningen<\/em>. Med v\u00e5ra prenumerationer och till\u00e4ggsmoduler kan vi skr\u00e4ddarsy systemet efter kundens arbetsfl\u00f6den. Dina kunder kan alltid k\u00f6pa fler moduler n\u00e4r deras verksamhet v\u00e4xer. Samtidigt kan Rackbeat integreras med de flesta hanteringsprogram, t.ex. kundens webbshop, POS eller sitt ekonomisystem, eftersom det \u00e4r ett \u00f6ppet API.<\/li>\n<li><em>Den fullst\u00e4ndiga \u00f6versikten \u00f6ver deras ink\u00f6p, f\u00f6rs\u00e4ljning och lager<\/em> till hands. P\u00e5 detta s\u00e4tt kan dina kunder st\u00e4ndigt st\u00f6dja efterfr\u00e5gan och undvika h\u00f6ga lagerniv\u00e5er och d\u00e4rmed \u00f6ka sin tillv\u00e4xt.<\/li>\n<\/ul>\n<p>&nbsp;<\/p>\n<h2>Ta Rackbeats certifiering och bli lagerexpert p\u00e5 en vecka<\/h2>\n<p>&nbsp;<\/p>\n<p>Om du vill f\u00f6rdjupa dig i partnerskapet med Rackbeat kan du ta v\u00e5r Rackbeat-certifiering. Certifieringen \u00e4r klar inom en vecka, och n\u00e4r du har slutf\u00f6rt den kan du kalla dig en Rackbeat-expert.<\/p>\n<p>Du kommer dock alltid att ha tillg\u00e5ng till v\u00e5r stora bakkatalog fylld med information om v\u00e5rt lagerhanteringssystem. S\u00e5 \u00e4ven om du tar v\u00e5r certifiering kommer du aldrig att l\u00e4mnas ensam med fr\u00e5gor, eftersom du alltid kan dra nytta av v\u00e5r kunskap.<\/p>\n<p>Om du k\u00e4nner dig helt skicklig i Rackbeat efter certifieringen kan du ocks\u00e5 v\u00e4lja att ansvara f\u00f6r onboarding av dina egna kunder s\u00e5 att de kan b\u00f6rja anv\u00e4nda Rackbeat direkt.<\/p>\n<p>&nbsp;<\/p>\n\n\t\t<!--HubSpot Call-to-Action Code -->\n\t\t<span class=\"hs-cta-wrapper\" id=\"hs-cta-wrapper-d67c23f1-3bc3-4ba1-8373-05ee7bc0399a\">\n\t\t<span class=\"hs-cta-node hs-cta-d67c23f1-3bc3-4ba1-8373-05ee7bc0399a\" id=\"d67c23f1-3bc3-4ba1-8373-05ee7bc0399a\">\n\t\t<!--[if lte IE 8]>\n\t\t<div id=\"hs-cta-ie-element\"><\/div>\n\t\t<![endif]-->\n\t\t<a href=\"https:\/\/cta-redirect.hubspot.com\/cta\/redirect\/20251362\/d67c23f1-3bc3-4ba1-8373-05ee7bc0399a\" >\n\t\t<img decoding=\"async\" class=\"hs-cta-img\" id=\"hs-cta-img-d67c23f1-3bc3-4ba1-8373-05ee7bc0399a\" style=\"border-width:0px;\" src=\"https:\/\/no-cache.hubspot.com\/cta\/default\/20251362\/d67c23f1-3bc3-4ba1-8373-05ee7bc0399a.png\"  alt=\"New call-to-action\"\/>\n\t\t<\/a>\n\t\t<\/span>\n\t\t<script charset=\"utf-8\" src=\"\/\/js.hubspot.com\/cta\/current.js\"><\/script>\n\t\t<script>\n\t\thbspt.cta.load(20251362, 'd67c23f1-3bc3-4ba1-8373-05ee7bc0399a', {});\n\t\t<\/script>\n\t\t<\/span>\n\t\t<!-- end HubSpot Call-to-Action Code -->\n\t\t\n","protected":false},"excerpt":{"rendered":"<p>\u00c4r du digital konsult, revisor eller bokf\u00f6rare f\u00e5r du en unik m\u00f6jlighet att \u00f6ka din kompetens inom lager och logistik, s\u00e5 att du kan bli \u00e4nnu mer v\u00e4rdefull f\u00f6r dina kunder. N\u00e4r du blir en Rackbeat-partner surfar du p\u00e5 den digitala v\u00e5gen, eftersom du \u00e4r den expert som sm\u00e5 och medelstora f\u00f6retag letar efter idag. [&hellip;]<\/p>\n","protected":false},"author":1,"featured_media":0,"parent":0,"menu_order":0,"comment_status":"closed","ping_status":"closed","template":"page-templates\/partnership-contact.php","meta":{"content-type":"","inline_featured_image":false,"footnotes":""},"class_list":["post-1800","page","type-page","status-publish","hentry"],"yoast_head":"<!-- This site is optimized with the Yoast SEO Premium plugin v20.0 (Yoast SEO v25.9) - https:\/\/yoast.com\/wordpress\/plugins\/seo\/ -->\n<title>Intresserad av et Bli en Rackbeat-partner och ge dina kunder en framtidss\u00e4ker och flexibel lagerl\u00f6sning? | Rackbeat<\/title>\n<meta name=\"description\" content=\"Vi g\u00f6r det enkelt att identifiera, ber\u00e4kna och kommunicera obligatorisk information \u00f6ver plattformar. Underh\u00e5ll och st\u00e4rk dina kundrelationer med Rackbeat\" \/>\n<meta name=\"robots\" content=\"index, follow, max-snippet:-1, max-image-preview:large, max-video-preview:-1\" \/>\n<link rel=\"canonical\" href=\"https:\/\/rackbeat.com\/sv\/partnerskap\/\" \/>\n<meta property=\"og:locale\" content=\"sv_SE\" \/>\n<meta property=\"og:type\" content=\"article\" \/>\n<meta property=\"og:title\" content=\"Bli en Rackbeat-partner och ge dina kunder en framtidss\u00e4ker och flexibel lagerl\u00f6sning\" \/>\n<meta property=\"og:description\" content=\"Vi g\u00f6r det enkelt att identifiera, ber\u00e4kna och kommunicera obligatorisk information \u00f6ver plattformar. Underh\u00e5ll och st\u00e4rk dina kundrelationer med Rackbeat\" \/>\n<meta property=\"og:url\" content=\"https:\/\/rackbeat.com\/sv\/partnerskap\/\" \/>\n<meta property=\"og:site_name\" content=\"Rackbeat\" \/>\n<meta property=\"article:modified_time\" content=\"2024-12-13T12:32:01+00:00\" \/>\n<meta name=\"twitter:card\" content=\"summary_large_image\" \/>\n<meta name=\"twitter:label1\" content=\"Ber\u00e4knad l\u00e4stid\" \/>\n\t<meta name=\"twitter:data1\" content=\"2 minuter\" \/>\n<script type=\"application\/ld+json\" class=\"yoast-schema-graph\">{\"@context\":\"https:\/\/schema.org\",\"@graph\":[{\"@type\":\"WebPage\",\"@id\":\"https:\/\/rackbeat.com\/sv\/partnerskap\/\",\"url\":\"https:\/\/rackbeat.com\/sv\/partnerskap\/\",\"name\":\"Intresserad av et Bli en Rackbeat-partner och ge dina kunder en framtidss\u00e4ker och flexibel lagerl\u00f6sning? | Rackbeat\",\"isPartOf\":{\"@id\":\"https:\/\/rackbeat.com\/sv\/#website\"},\"datePublished\":\"2022-03-21T12:16:47+00:00\",\"dateModified\":\"2024-12-13T12:32:01+00:00\",\"description\":\"Vi g\u00f6r det enkelt att identifiera, ber\u00e4kna och kommunicera obligatorisk information \u00f6ver plattformar. Underh\u00e5ll och st\u00e4rk dina kundrelationer med Rackbeat\",\"breadcrumb\":{\"@id\":\"https:\/\/rackbeat.com\/sv\/partnerskap\/#breadcrumb\"},\"inLanguage\":\"sv-SE\",\"potentialAction\":[{\"@type\":\"ReadAction\",\"target\":[\"https:\/\/rackbeat.com\/sv\/partnerskap\/\"]}]},{\"@type\":\"BreadcrumbList\",\"@id\":\"https:\/\/rackbeat.com\/sv\/partnerskap\/#breadcrumb\",\"itemListElement\":[{\"@type\":\"ListItem\",\"position\":1,\"name\":\"Framsida\",\"item\":\"https:\/\/rackbeat.com\/sv\/\"},{\"@type\":\"ListItem\",\"position\":2,\"name\":\"Bli en Rackbeat-partner och ge dina kunder en framtidss\u00e4ker och flexibel lagerl\u00f6sning\"}]},{\"@type\":\"WebSite\",\"@id\":\"https:\/\/rackbeat.com\/sv\/#website\",\"url\":\"https:\/\/rackbeat.com\/sv\/\",\"name\":\"Rackbeat\",\"description\":\"Effektiv lagerstyring\",\"publisher\":{\"@id\":\"https:\/\/rackbeat.com\/sv\/#organization\"},\"potentialAction\":[{\"@type\":\"SearchAction\",\"target\":{\"@type\":\"EntryPoint\",\"urlTemplate\":\"https:\/\/rackbeat.com\/sv\/?s={search_term_string}\"},\"query-input\":{\"@type\":\"PropertyValueSpecification\",\"valueRequired\":true,\"valueName\":\"search_term_string\"}}],\"inLanguage\":\"sv-SE\"},{\"@type\":\"Organization\",\"@id\":\"https:\/\/rackbeat.com\/sv\/#organization\",\"name\":\"Rackbeat\",\"url\":\"https:\/\/rackbeat.com\/sv\/\",\"logo\":{\"@type\":\"ImageObject\",\"inLanguage\":\"sv-SE\",\"@id\":\"https:\/\/rackbeat.com\/sv\/#\/schema\/logo\/image\/\",\"url\":\"\",\"contentUrl\":\"\",\"caption\":\"Rackbeat\"},\"image\":{\"@id\":\"https:\/\/rackbeat.com\/sv\/#\/schema\/logo\/image\/\"}}]}<\/script>\n<!-- \/ Yoast SEO Premium plugin. -->","yoast_head_json":{"title":"Intresserad av et Bli en Rackbeat-partner och ge dina kunder en framtidss\u00e4ker och flexibel lagerl\u00f6sning? | Rackbeat","description":"Vi g\u00f6r det enkelt att identifiera, ber\u00e4kna och kommunicera obligatorisk information \u00f6ver plattformar. Underh\u00e5ll och st\u00e4rk dina kundrelationer med Rackbeat","robots":{"index":"index","follow":"follow","max-snippet":"max-snippet:-1","max-image-preview":"max-image-preview:large","max-video-preview":"max-video-preview:-1"},"canonical":"https:\/\/rackbeat.com\/sv\/partnerskap\/","og_locale":"sv_SE","og_type":"article","og_title":"Bli en Rackbeat-partner och ge dina kunder en framtidss\u00e4ker och flexibel lagerl\u00f6sning","og_description":"Vi g\u00f6r det enkelt att identifiera, ber\u00e4kna och kommunicera obligatorisk information \u00f6ver plattformar. Underh\u00e5ll och st\u00e4rk dina kundrelationer med Rackbeat","og_url":"https:\/\/rackbeat.com\/sv\/partnerskap\/","og_site_name":"Rackbeat","article_modified_time":"2024-12-13T12:32:01+00:00","twitter_card":"summary_large_image","twitter_misc":{"Ber\u00e4knad l\u00e4stid":"2 minuter"},"schema":{"@context":"https:\/\/schema.org","@graph":[{"@type":"WebPage","@id":"https:\/\/rackbeat.com\/sv\/partnerskap\/","url":"https:\/\/rackbeat.com\/sv\/partnerskap\/","name":"Intresserad av et Bli en Rackbeat-partner och ge dina kunder en framtidss\u00e4ker och flexibel lagerl\u00f6sning? | Rackbeat","isPartOf":{"@id":"https:\/\/rackbeat.com\/sv\/#website"},"datePublished":"2022-03-21T12:16:47+00:00","dateModified":"2024-12-13T12:32:01+00:00","description":"Vi g\u00f6r det enkelt att identifiera, ber\u00e4kna och kommunicera obligatorisk information \u00f6ver plattformar. Underh\u00e5ll och st\u00e4rk dina kundrelationer med Rackbeat","breadcrumb":{"@id":"https:\/\/rackbeat.com\/sv\/partnerskap\/#breadcrumb"},"inLanguage":"sv-SE","potentialAction":[{"@type":"ReadAction","target":["https:\/\/rackbeat.com\/sv\/partnerskap\/"]}]},{"@type":"BreadcrumbList","@id":"https:\/\/rackbeat.com\/sv\/partnerskap\/#breadcrumb","itemListElement":[{"@type":"ListItem","position":1,"name":"Framsida","item":"https:\/\/rackbeat.com\/sv\/"},{"@type":"ListItem","position":2,"name":"Bli en Rackbeat-partner och ge dina kunder en framtidss\u00e4ker och flexibel lagerl\u00f6sning"}]},{"@type":"WebSite","@id":"https:\/\/rackbeat.com\/sv\/#website","url":"https:\/\/rackbeat.com\/sv\/","name":"Rackbeat","description":"Effektiv lagerstyring","publisher":{"@id":"https:\/\/rackbeat.com\/sv\/#organization"},"potentialAction":[{"@type":"SearchAction","target":{"@type":"EntryPoint","urlTemplate":"https:\/\/rackbeat.com\/sv\/?s={search_term_string}"},"query-input":{"@type":"PropertyValueSpecification","valueRequired":true,"valueName":"search_term_string"}}],"inLanguage":"sv-SE"},{"@type":"Organization","@id":"https:\/\/rackbeat.com\/sv\/#organization","name":"Rackbeat","url":"https:\/\/rackbeat.com\/sv\/","logo":{"@type":"ImageObject","inLanguage":"sv-SE","@id":"https:\/\/rackbeat.com\/sv\/#\/schema\/logo\/image\/","url":"","contentUrl":"","caption":"Rackbeat"},"image":{"@id":"https:\/\/rackbeat.com\/sv\/#\/schema\/logo\/image\/"}}]}},"ACF":{"video_embed":"","phone_number":"+46 406 820 366 ","email":"partner@rackbeat.com","address":"Lindhagensgatan 94, 112 18 Stockholm","working_days":"M\u00e5ndag - Fredag","working_hours":"09:00 - 15:00","contact_form_shortcode":"[hubspot type=\"form\" portal=\"20251362\" id=\"59134d6a-1a2e-4d18-94ee-85011077801f\"]","slider_title":"Nuvarande partners","image_boxes_slider":[{"image":"https:\/\/rackbeat.com\/wp-content\/uploads\/2022\/03\/Tripletex-logo-transparent-1.png","link":"https:\/\/www.tripletex.no\/"},{"image":"https:\/\/rackbeat.com\/wp-content\/uploads\/2022\/04\/pwc.png","link":"https:\/\/www.pwc.dk\/"},{"image":"https:\/\/rackbeat.com\/wp-content\/uploads\/2022\/02\/e-conomic_primary_logo_pos_rgb.png","link":"https:\/\/www.e-conomic.dk\/"},{"image":"https:\/\/rackbeat.com\/wp-content\/uploads\/2022\/02\/dinero-logo.png","link":"https:\/\/dinero.dk\/"},{"image":"https:\/\/rackbeat.com\/wp-content\/uploads\/2022\/12\/Addvant_logo-01.png","link":"https:\/\/addvant.no\/"},{"image":"https:\/\/rackbeat.com\/wp-content\/uploads\/2022\/04\/Logo-CMYK-1.png","link":"https:\/\/cereda.dk\/"},{"image":"https:\/\/rackbeat.com\/wp-content\/uploads\/2022\/04\/Foreningen-danske-revisorer-logo.png","link":"https:\/\/fdr.dk\/"},{"image":"https:\/\/rackbeat.com\/wp-content\/uploads\/2022\/04\/ekontoret.png","link":"https:\/\/www.ekontoret.dk\/"},{"image":"https:\/\/rackbeat.com\/wp-content\/uploads\/2022\/02\/Shopbox-logo1-e1648555715565.png","link":"https:\/\/shopbox.com\/"},{"image":"https:\/\/rackbeat.com\/wp-content\/uploads\/2022\/02\/CUSTOMER1ST_LOGO_RGB_BLAA.png","link":"https:\/\/c1st.com\/"},{"image":"https:\/\/rackbeat.com\/wp-content\/uploads\/2022\/04\/digitalist_logo3.png","link":"https:\/\/digitalist.dk\/"},{"image":"https:\/\/rackbeat.com\/wp-content\/uploads\/2022\/02\/Ordrestyring_logo_black_large-1.png","link":"https:\/\/ordrestyring.dk\/"}],"custom_head_script":"","image_content":false,"contact_form_title":"Kontakta oss nu och bli Rackbeat-partner idag","contact_image":false},"_links":{"self":[{"href":"https:\/\/rackbeat.com\/sv\/wp-json\/wp\/v2\/pages\/1800","targetHints":{"allow":["GET"]}}],"collection":[{"href":"https:\/\/rackbeat.com\/sv\/wp-json\/wp\/v2\/pages"}],"about":[{"href":"https:\/\/rackbeat.com\/sv\/wp-json\/wp\/v2\/types\/page"}],"author":[{"embeddable":true,"href":"https:\/\/rackbeat.com\/sv\/wp-json\/wp\/v2\/users\/1"}],"replies":[{"embeddable":true,"href":"https:\/\/rackbeat.com\/sv\/wp-json\/wp\/v2\/comments?post=1800"}],"version-history":[{"count":19,"href":"https:\/\/rackbeat.com\/sv\/wp-json\/wp\/v2\/pages\/1800\/revisions"}],"predecessor-version":[{"id":27970,"href":"https:\/\/rackbeat.com\/sv\/wp-json\/wp\/v2\/pages\/1800\/revisions\/27970"}],"wp:attachment":[{"href":"https:\/\/rackbeat.com\/sv\/wp-json\/wp\/v2\/media?parent=1800"}],"curies":[{"name":"wp","href":"https:\/\/api.w.org\/{rel}","templated":true}]}}