{"id":13855,"date":"2023-06-01T14:28:40","date_gmt":"2023-06-01T13:28:40","guid":{"rendered":"https:\/\/rackbeat.com\/changelog\/"},"modified":"2024-05-01T14:28:22","modified_gmt":"2024-05-01T13:28:22","slug":"changelogs","status":"publish","type":"page","link":"https:\/\/rackbeat.com\/sv\/changelogs\/","title":{"rendered":"Systemuppdateringar"},"content":{"rendered":"","protected":false},"excerpt":{"rendered":"","protected":false},"author":1,"featured_media":0,"parent":0,"menu_order":0,"comment_status":"closed","ping_status":"closed","template":"page-templates\/changelog.php","meta":{"content-type":"","inline_featured_image":false,"footnotes":""},"class_list":["post-13855","page","type-page","status-publish","hentry"],"yoast_head":"<!-- This site is optimized with the Yoast SEO Premium plugin v20.0 (Yoast SEO v25.9) - https:\/\/yoast.com\/wordpress\/plugins\/seo\/ -->\n<title>Systemuppdateringar | Rackbeat<\/title>\n<meta name=\"description\" content=\"Hitta de senaste uppdateringarna och senaste funktionerna i lagerhanteringssystemet Rackbeat p\u00e5 den h\u00e4r sidan. Sidan uppdateras varje m\u00e5nad.\" \/>\n<meta name=\"robots\" content=\"index, follow, max-snippet:-1, max-image-preview:large, max-video-preview:-1\" \/>\n<link rel=\"canonical\" href=\"https:\/\/rackbeat.com\/sv\/changelogs\/\" \/>\n<meta property=\"og:locale\" content=\"sv_SE\" \/>\n<meta property=\"og:type\" content=\"article\" \/>\n<meta property=\"og:title\" content=\"Systemuppdateringar\" \/>\n<meta property=\"og:description\" content=\"Hitta de senaste uppdateringarna och senaste funktionerna i lagerhanteringssystemet Rackbeat p\u00e5 den h\u00e4r sidan. Sidan uppdateras varje m\u00e5nad.\" \/>\n<meta property=\"og:url\" content=\"https:\/\/rackbeat.com\/sv\/changelogs\/\" \/>\n<meta property=\"og:site_name\" content=\"Rackbeat\" \/>\n<meta property=\"article:modified_time\" content=\"2024-05-01T13:28:22+00:00\" \/>\n<meta name=\"twitter:card\" content=\"summary_large_image\" \/>\n<script type=\"application\/ld+json\" class=\"yoast-schema-graph\">{\"@context\":\"https:\/\/schema.org\",\"@graph\":[{\"@type\":\"WebPage\",\"@id\":\"https:\/\/rackbeat.com\/sv\/changelogs\/\",\"url\":\"https:\/\/rackbeat.com\/sv\/changelogs\/\",\"name\":\"Systemuppdateringar | Rackbeat\",\"isPartOf\":{\"@id\":\"https:\/\/rackbeat.com\/sv\/#website\"},\"datePublished\":\"2023-06-01T13:28:40+00:00\",\"dateModified\":\"2024-05-01T13:28:22+00:00\",\"description\":\"Hitta de senaste uppdateringarna och senaste funktionerna i lagerhanteringssystemet Rackbeat p\u00e5 den h\u00e4r sidan. Sidan uppdateras varje m\u00e5nad.\",\"breadcrumb\":{\"@id\":\"https:\/\/rackbeat.com\/sv\/changelogs\/#breadcrumb\"},\"inLanguage\":\"sv-SE\",\"potentialAction\":[{\"@type\":\"ReadAction\",\"target\":[\"https:\/\/rackbeat.com\/sv\/changelogs\/\"]}]},{\"@type\":\"BreadcrumbList\",\"@id\":\"https:\/\/rackbeat.com\/sv\/changelogs\/#breadcrumb\",\"itemListElement\":[{\"@type\":\"ListItem\",\"position\":1,\"name\":\"Framsida\",\"item\":\"https:\/\/rackbeat.com\/sv\/\"},{\"@type\":\"ListItem\",\"position\":2,\"name\":\"Systemuppdateringar\"}]},{\"@type\":\"WebSite\",\"@id\":\"https:\/\/rackbeat.com\/sv\/#website\",\"url\":\"https:\/\/rackbeat.com\/sv\/\",\"name\":\"Rackbeat\",\"description\":\"Effektiv lagerstyring\",\"publisher\":{\"@id\":\"https:\/\/rackbeat.com\/sv\/#organization\"},\"potentialAction\":[{\"@type\":\"SearchAction\",\"target\":{\"@type\":\"EntryPoint\",\"urlTemplate\":\"https:\/\/rackbeat.com\/sv\/?s={search_term_string}\"},\"query-input\":{\"@type\":\"PropertyValueSpecification\",\"valueRequired\":true,\"valueName\":\"search_term_string\"}}],\"inLanguage\":\"sv-SE\"},{\"@type\":\"Organization\",\"@id\":\"https:\/\/rackbeat.com\/sv\/#organization\",\"name\":\"Rackbeat\",\"url\":\"https:\/\/rackbeat.com\/sv\/\",\"logo\":{\"@type\":\"ImageObject\",\"inLanguage\":\"sv-SE\",\"@id\":\"https:\/\/rackbeat.com\/sv\/#\/schema\/logo\/image\/\",\"url\":\"\",\"contentUrl\":\"\",\"caption\":\"Rackbeat\"},\"image\":{\"@id\":\"https:\/\/rackbeat.com\/sv\/#\/schema\/logo\/image\/\"}}]}<\/script>\n<!-- \/ Yoast SEO Premium plugin. -->","yoast_head_json":{"title":"Systemuppdateringar | Rackbeat","description":"Hitta de senaste uppdateringarna och senaste funktionerna i lagerhanteringssystemet Rackbeat p\u00e5 den h\u00e4r sidan. Sidan uppdateras varje m\u00e5nad.","robots":{"index":"index","follow":"follow","max-snippet":"max-snippet:-1","max-image-preview":"max-image-preview:large","max-video-preview":"max-video-preview:-1"},"canonical":"https:\/\/rackbeat.com\/sv\/changelogs\/","og_locale":"sv_SE","og_type":"article","og_title":"Systemuppdateringar","og_description":"Hitta de senaste uppdateringarna och senaste funktionerna i lagerhanteringssystemet Rackbeat p\u00e5 den h\u00e4r sidan. Sidan uppdateras varje m\u00e5nad.","og_url":"https:\/\/rackbeat.com\/sv\/changelogs\/","og_site_name":"Rackbeat","article_modified_time":"2024-05-01T13:28:22+00:00","twitter_card":"summary_large_image","schema":{"@context":"https:\/\/schema.org","@graph":[{"@type":"WebPage","@id":"https:\/\/rackbeat.com\/sv\/changelogs\/","url":"https:\/\/rackbeat.com\/sv\/changelogs\/","name":"Systemuppdateringar | Rackbeat","isPartOf":{"@id":"https:\/\/rackbeat.com\/sv\/#website"},"datePublished":"2023-06-01T13:28:40+00:00","dateModified":"2024-05-01T13:28:22+00:00","description":"Hitta de senaste uppdateringarna och senaste funktionerna i lagerhanteringssystemet Rackbeat p\u00e5 den h\u00e4r sidan. Sidan uppdateras varje m\u00e5nad.","breadcrumb":{"@id":"https:\/\/rackbeat.com\/sv\/changelogs\/#breadcrumb"},"inLanguage":"sv-SE","potentialAction":[{"@type":"ReadAction","target":["https:\/\/rackbeat.com\/sv\/changelogs\/"]}]},{"@type":"BreadcrumbList","@id":"https:\/\/rackbeat.com\/sv\/changelogs\/#breadcrumb","itemListElement":[{"@type":"ListItem","position":1,"name":"Framsida","item":"https:\/\/rackbeat.com\/sv\/"},{"@type":"ListItem","position":2,"name":"Systemuppdateringar"}]},{"@type":"WebSite","@id":"https:\/\/rackbeat.com\/sv\/#website","url":"https:\/\/rackbeat.com\/sv\/","name":"Rackbeat","description":"Effektiv lagerstyring","publisher":{"@id":"https:\/\/rackbeat.com\/sv\/#organization"},"potentialAction":[{"@type":"SearchAction","target":{"@type":"EntryPoint","urlTemplate":"https:\/\/rackbeat.com\/sv\/?s={search_term_string}"},"query-input":{"@type":"PropertyValueSpecification","valueRequired":true,"valueName":"search_term_string"}}],"inLanguage":"sv-SE"},{"@type":"Organization","@id":"https:\/\/rackbeat.com\/sv\/#organization","name":"Rackbeat","url":"https:\/\/rackbeat.com\/sv\/","logo":{"@type":"ImageObject","inLanguage":"sv-SE","@id":"https:\/\/rackbeat.com\/sv\/#\/schema\/logo\/image\/","url":"","contentUrl":"","caption":"Rackbeat"},"image":{"@id":"https:\/\/rackbeat.com\/sv\/#\/schema\/logo\/image\/"}}]}},"ACF":{"hero_title":"Systemuppdateringar ","hero_subheading":"<p>P\u00e5 den h\u00e4r sidan kan du kontinuerligt h\u00e5lla reda p\u00e5 vilka nya uppdateringar och funktioner som kommer att finnas tillg\u00e4ngliga f\u00f6r dig i Rackbeat. Nyheterna kommer att sl\u00e4ppas varje m\u00e5nad. Du kan vara med och forma utvecklingen i Rackbeat genom att komma med f\u00f6rslag till systemf\u00f6rb\u00e4ttringar <span style=\"text-decoration: underline;\"><a href=\"https:\/\/rackbeat.frill.co\/b\/j0xoew0q\/feature-ideas?status=status_248jrkwz\">h\u00e4r<\/a><\/span>, d\u00e4r du \u00e4ven kan h\u00e5lla koll p\u00e5 vad som \u00e4r godk\u00e4nt f\u00f6r implementering.<\/p>\n","slides":[{"title":"Ny transaktionsrapport - h\u00e5ll koll p\u00e5 lagerfl\u00f6den och lagerkostnader","description":"Under rapportfliken hittar du nu \"Auditing\" l\u00e4ngst ner. Med denna nya funktion kan du massfiltrera dina lagerjusteringar och lagerfl\u00f6den. ","image":"https:\/\/rackbeat.com\/wp-content\/uploads\/2023\/06\/Transaktion-SE.svg"},{"title":"Se om en f\u00f6rs\u00e4ljningsorder har konverterats till en ink\u00f6psorder","description":"Nu kan du se best\u00e4llningsnumret f\u00f6r dina ink\u00f6p som h\u00f6r till en specifik f\u00f6rs\u00e4ljningsorder i din order\u00f6versikt. Om en kund har lagt en order d\u00e4r du beh\u00f6ver best\u00e4lla varorna f\u00f6rst, \u00e4r det f\u00f6rdelaktigt att kunna komma \u00e5t ditt ink\u00f6p direkt fr\u00e5n kundens order.\r\n","image":"https:\/\/rackbeat.com\/wp-content\/uploads\/2023\/07\/Salgsordrer-Bestillinger-SE.svg"},{"title":"L\u00e4gg till textrader i offerter, f\u00f6rs\u00e4ljningsorder, fakturor, etc.","description":"Du kan l\u00e4gga till textrader i alla dina offerter, f\u00f6rs\u00e4ljningsorder, f\u00f6rs\u00e4ljningsfakturor, ink\u00f6psorder och leverant\u00f6rsfakturor.","image":"https:\/\/rackbeat.com\/wp-content\/uploads\/2023\/07\/TekstLinjer-SE.svg"},{"title":"Samling av dina mejl med ny Mail Logg","description":"Nu har du en samlingspunkt f\u00f6r alla dina mejl som skickats fr\u00e5n Rackbeat. Mail-loggen finns genom att g\u00e5 till Inst\u00e4llningar -> System -> Maillogg.\r\n","image":"https:\/\/rackbeat.com\/wp-content\/uploads\/2023\/07\/MailLog-SE-2.svg"},{"title":"L\u00e4gg till flera f\u00f6rs\u00e4ljningsorder p\u00e5 samma faktura","description":"Vi har nu gjort det m\u00f6jligt f\u00f6r dig att kombinera flera order till en och samma faktura och kund. Informationen om order och datum f\u00f6r leverans kommer automatiskt att framg\u00e5 p\u00e5 den nya fakturan som textrader.","image":"https:\/\/rackbeat.com\/wp-content\/uploads\/2023\/08\/FlereOrdrerFaktura-Svensk.png"},{"title":"Du kan nu ta bort produkter utan r\u00f6relser fr\u00e5n din r\u00e4kningsrapport (Inventering)","description":"Om du beh\u00f6ver g\u00f6ra en r\u00e4kningsrapport kan det vara mycket praktiskt att exkludera produkter utan n\u00e5gra transaktioner \u00f6ver l\u00e4ngre perioder. \r\n","image":"https:\/\/rackbeat.com\/wp-content\/uploads\/2023\/12\/Vareoptaelling-Svensk.png"}],"title_two":"Letar du efter n\u00e5got speciellt?","subheading_two":"Kontakta oss s\u00e5 att vi kan prata mer om dina behov.","button_label_two":"Kontakta oss","button_link_two":"https:\/\/rackbeat.com\/sv\/kontakta-oss\/","custom_head_script":"","title_one":"Alla uppdateringar:"},"_links":{"self":[{"href":"https:\/\/rackbeat.com\/sv\/wp-json\/wp\/v2\/pages\/13855","targetHints":{"allow":["GET"]}}],"collection":[{"href":"https:\/\/rackbeat.com\/sv\/wp-json\/wp\/v2\/pages"}],"about":[{"href":"https:\/\/rackbeat.com\/sv\/wp-json\/wp\/v2\/types\/page"}],"author":[{"embeddable":true,"href":"https:\/\/rackbeat.com\/sv\/wp-json\/wp\/v2\/users\/1"}],"replies":[{"embeddable":true,"href":"https:\/\/rackbeat.com\/sv\/wp-json\/wp\/v2\/comments?post=13855"}],"version-history":[{"count":21,"href":"https:\/\/rackbeat.com\/sv\/wp-json\/wp\/v2\/pages\/13855\/revisions"}],"predecessor-version":[{"id":23515,"href":"https:\/\/rackbeat.com\/sv\/wp-json\/wp\/v2\/pages\/13855\/revisions\/23515"}],"wp:attachment":[{"href":"https:\/\/rackbeat.com\/sv\/wp-json\/wp\/v2\/media?parent=13855"}],"curies":[{"name":"wp","href":"https:\/\/api.w.org\/{rel}","templated":true}]}}