{"id":13403,"date":"2023-04-26T09:50:56","date_gmt":"2023-04-26T08:50:56","guid":{"rendered":"https:\/\/rackbeat.com\/about-us-new\/"},"modified":"2023-06-30T08:27:49","modified_gmt":"2023-06-30T07:27:49","slug":"vem-ar-rackbeat","status":"publish","type":"page","link":"https:\/\/rackbeat.com\/sv\/vem-ar-rackbeat\/","title":{"rendered":"Vem \u00e4r Rackbeat"},"content":{"rendered":"","protected":false},"excerpt":{"rendered":"","protected":false},"author":1,"featured_media":0,"parent":0,"menu_order":0,"comment_status":"closed","ping_status":"closed","template":"page-templates\/about-us-new.php","meta":{"content-type":"","inline_featured_image":false,"footnotes":""},"class_list":["post-13403","page","type-page","status-publish","hentry"],"yoast_head":"<!-- This site is optimized with the Yoast SEO Premium plugin v20.0 (Yoast SEO v25.9) - https:\/\/yoast.com\/wordpress\/plugins\/seo\/ -->\n<title>Vem \u00e4r Rackbeat | Vi g\u00f6r din lagerhantering enklare | Rackbeat<\/title>\n<meta name=\"description\" content=\"Rackbeat tillhandah\u00e5ller ett anv\u00e4ndarv\u00e4nligt lagerhanteringssystem f\u00f6r f\u00f6retag med \u00f6nskan att automatisera f\u00f6rflyttning av varor och lagerverksamhet\" \/>\n<meta name=\"robots\" content=\"index, follow, max-snippet:-1, max-image-preview:large, max-video-preview:-1\" \/>\n<link rel=\"canonical\" href=\"https:\/\/rackbeat.com\/sv\/vem-ar-rackbeat\/\" \/>\n<meta property=\"og:locale\" content=\"sv_SE\" \/>\n<meta property=\"og:type\" content=\"article\" \/>\n<meta property=\"og:title\" content=\"Vem \u00e4r Rackbeat\" \/>\n<meta property=\"og:description\" content=\"Rackbeat tillhandah\u00e5ller ett anv\u00e4ndarv\u00e4nligt lagerhanteringssystem f\u00f6r f\u00f6retag med \u00f6nskan att automatisera f\u00f6rflyttning av varor och lagerverksamhet\" \/>\n<meta property=\"og:url\" content=\"https:\/\/rackbeat.com\/sv\/vem-ar-rackbeat\/\" \/>\n<meta property=\"og:site_name\" content=\"Rackbeat\" \/>\n<meta property=\"article:modified_time\" content=\"2023-06-30T07:27:49+00:00\" \/>\n<meta name=\"twitter:card\" content=\"summary_large_image\" \/>\n<script type=\"application\/ld+json\" class=\"yoast-schema-graph\">{\"@context\":\"https:\/\/schema.org\",\"@graph\":[{\"@type\":\"WebPage\",\"@id\":\"https:\/\/rackbeat.com\/sv\/vem-ar-rackbeat\/\",\"url\":\"https:\/\/rackbeat.com\/sv\/vem-ar-rackbeat\/\",\"name\":\"Vem \u00e4r Rackbeat | Vi g\u00f6r din lagerhantering enklare | Rackbeat\",\"isPartOf\":{\"@id\":\"https:\/\/rackbeat.com\/sv\/#website\"},\"datePublished\":\"2023-04-26T08:50:56+00:00\",\"dateModified\":\"2023-06-30T07:27:49+00:00\",\"description\":\"Rackbeat tillhandah\u00e5ller ett anv\u00e4ndarv\u00e4nligt lagerhanteringssystem f\u00f6r f\u00f6retag med \u00f6nskan att automatisera f\u00f6rflyttning av varor och lagerverksamhet\",\"breadcrumb\":{\"@id\":\"https:\/\/rackbeat.com\/sv\/vem-ar-rackbeat\/#breadcrumb\"},\"inLanguage\":\"sv-SE\",\"potentialAction\":[{\"@type\":\"ReadAction\",\"target\":[\"https:\/\/rackbeat.com\/sv\/vem-ar-rackbeat\/\"]}]},{\"@type\":\"BreadcrumbList\",\"@id\":\"https:\/\/rackbeat.com\/sv\/vem-ar-rackbeat\/#breadcrumb\",\"itemListElement\":[{\"@type\":\"ListItem\",\"position\":1,\"name\":\"Framsida\",\"item\":\"https:\/\/rackbeat.com\/sv\/\"},{\"@type\":\"ListItem\",\"position\":2,\"name\":\"Vem \u00e4r Rackbeat\"}]},{\"@type\":\"WebSite\",\"@id\":\"https:\/\/rackbeat.com\/sv\/#website\",\"url\":\"https:\/\/rackbeat.com\/sv\/\",\"name\":\"Rackbeat\",\"description\":\"Effektiv lagerstyring\",\"publisher\":{\"@id\":\"https:\/\/rackbeat.com\/sv\/#organization\"},\"potentialAction\":[{\"@type\":\"SearchAction\",\"target\":{\"@type\":\"EntryPoint\",\"urlTemplate\":\"https:\/\/rackbeat.com\/sv\/?s={search_term_string}\"},\"query-input\":{\"@type\":\"PropertyValueSpecification\",\"valueRequired\":true,\"valueName\":\"search_term_string\"}}],\"inLanguage\":\"sv-SE\"},{\"@type\":\"Organization\",\"@id\":\"https:\/\/rackbeat.com\/sv\/#organization\",\"name\":\"Rackbeat\",\"url\":\"https:\/\/rackbeat.com\/sv\/\",\"logo\":{\"@type\":\"ImageObject\",\"inLanguage\":\"sv-SE\",\"@id\":\"https:\/\/rackbeat.com\/sv\/#\/schema\/logo\/image\/\",\"url\":\"\",\"contentUrl\":\"\",\"caption\":\"Rackbeat\"},\"image\":{\"@id\":\"https:\/\/rackbeat.com\/sv\/#\/schema\/logo\/image\/\"}}]}<\/script>\n<!-- \/ Yoast SEO Premium plugin. -->","yoast_head_json":{"title":"Vem \u00e4r Rackbeat | Vi g\u00f6r din lagerhantering enklare | Rackbeat","description":"Rackbeat tillhandah\u00e5ller ett anv\u00e4ndarv\u00e4nligt lagerhanteringssystem f\u00f6r f\u00f6retag med \u00f6nskan att automatisera f\u00f6rflyttning av varor och lagerverksamhet","robots":{"index":"index","follow":"follow","max-snippet":"max-snippet:-1","max-image-preview":"max-image-preview:large","max-video-preview":"max-video-preview:-1"},"canonical":"https:\/\/rackbeat.com\/sv\/vem-ar-rackbeat\/","og_locale":"sv_SE","og_type":"article","og_title":"Vem \u00e4r Rackbeat","og_description":"Rackbeat tillhandah\u00e5ller ett anv\u00e4ndarv\u00e4nligt lagerhanteringssystem f\u00f6r f\u00f6retag med \u00f6nskan att automatisera f\u00f6rflyttning av varor och lagerverksamhet","og_url":"https:\/\/rackbeat.com\/sv\/vem-ar-rackbeat\/","og_site_name":"Rackbeat","article_modified_time":"2023-06-30T07:27:49+00:00","twitter_card":"summary_large_image","schema":{"@context":"https:\/\/schema.org","@graph":[{"@type":"WebPage","@id":"https:\/\/rackbeat.com\/sv\/vem-ar-rackbeat\/","url":"https:\/\/rackbeat.com\/sv\/vem-ar-rackbeat\/","name":"Vem \u00e4r Rackbeat | Vi g\u00f6r din lagerhantering enklare | Rackbeat","isPartOf":{"@id":"https:\/\/rackbeat.com\/sv\/#website"},"datePublished":"2023-04-26T08:50:56+00:00","dateModified":"2023-06-30T07:27:49+00:00","description":"Rackbeat tillhandah\u00e5ller ett anv\u00e4ndarv\u00e4nligt lagerhanteringssystem f\u00f6r f\u00f6retag med \u00f6nskan att automatisera f\u00f6rflyttning av varor och lagerverksamhet","breadcrumb":{"@id":"https:\/\/rackbeat.com\/sv\/vem-ar-rackbeat\/#breadcrumb"},"inLanguage":"sv-SE","potentialAction":[{"@type":"ReadAction","target":["https:\/\/rackbeat.com\/sv\/vem-ar-rackbeat\/"]}]},{"@type":"BreadcrumbList","@id":"https:\/\/rackbeat.com\/sv\/vem-ar-rackbeat\/#breadcrumb","itemListElement":[{"@type":"ListItem","position":1,"name":"Framsida","item":"https:\/\/rackbeat.com\/sv\/"},{"@type":"ListItem","position":2,"name":"Vem \u00e4r Rackbeat"}]},{"@type":"WebSite","@id":"https:\/\/rackbeat.com\/sv\/#website","url":"https:\/\/rackbeat.com\/sv\/","name":"Rackbeat","description":"Effektiv lagerstyring","publisher":{"@id":"https:\/\/rackbeat.com\/sv\/#organization"},"potentialAction":[{"@type":"SearchAction","target":{"@type":"EntryPoint","urlTemplate":"https:\/\/rackbeat.com\/sv\/?s={search_term_string}"},"query-input":{"@type":"PropertyValueSpecification","valueRequired":true,"valueName":"search_term_string"}}],"inLanguage":"sv-SE"},{"@type":"Organization","@id":"https:\/\/rackbeat.com\/sv\/#organization","name":"Rackbeat","url":"https:\/\/rackbeat.com\/sv\/","logo":{"@type":"ImageObject","inLanguage":"sv-SE","@id":"https:\/\/rackbeat.com\/sv\/#\/schema\/logo\/image\/","url":"","contentUrl":"","caption":"Rackbeat"},"image":{"@id":"https:\/\/rackbeat.com\/sv\/#\/schema\/logo\/image\/"}}]}},"ACF":{"title_one":"V\u00e5r vision och mission","description_one":"<p><em>Rackbeats mission \u00e4r att g\u00f6ra styrningen av hela f\u00f6rs\u00f6rjningskedjan <strong>enkel<\/strong>, <strong>digital<\/strong> och <strong>demokratisk<\/strong> f\u00f6r sm\u00e5 och medelstora f\u00f6retag.<\/em><\/p>\n<p>&nbsp;<\/p>\n<p><em>Rackbeats vision \u00e4r att skapa <strong>framtidens f\u00f6rs\u00f6rjningskedjestyrning<\/strong> genom <strong>effektiv teknologi<\/strong>.<\/em><\/p>\n<p>&nbsp;<\/p>\n<p>Rackbeat \u00e4r ett <a href=\"https:\/\/rackbeat.com\/sv\/vad-ar-lagerhantering-och-varfor-ar-det-viktigt\/\">Warehouse Management System (WMS)<\/a> som \u00e4r byggt f\u00f6r att automatisera, f\u00f6renkla och digitalisera \u00f6verv\u00e4ldigande f\u00f6rs\u00f6rjningskedje-processer som f\u00f6retag upplever p\u00e5 grund av f\u00f6r\u00e5ldrad programvara och icke-optimerade arbetsfl\u00f6den.<\/p>\n","image_one":"https:\/\/rackbeat.com\/wp-content\/uploads\/2023\/04\/AboutUs-MissionTarget-01.png","timeline_repeater":[{"year":"2017","text":"Rackbeat skapas av de fyra grundarna, varav tre har bakgrund i Visma.\r\n"},{"year":"2018","text":"De fyra grundarna bos\u00e4tter sig i Nyhavn.\r\n"},{"year":"2019","text":"De f\u00f6rsta kunderna g\u00e5r live med Rackbeat."},{"year":"2020","text":"Hypertillv\u00e4xt p\u00e5 kundbasen, med flera norska och svenska kunder."},{"year":"2021","text":"Tillv\u00e4xten forts\u00e4tter och Visma f\u00f6rv\u00e4rvar Rackbeat.\r\n"},{"year":"2022","text":"Norska och svenska anst\u00e4llda kommer ombord."},{"year":"2023","text":"Rackbeat flyttar till Carlsberg Byen med 2492 kunder och 47 anst\u00e4llda."}],"description_two":"<h2>Ber\u00e4ttelsen om Rackbeat<\/h2>\n<p><em>&#8211; Fr\u00e5n r\u00e5 aff\u00e4rsid\u00e9 till f\u00e4rdig lagerhanteringsl\u00f6sning<\/em><\/p>\n<p><strong>H\u00e5r i soppan<\/strong><\/p>\n<p>Allt b\u00f6rjade \u00e5r 2017 n\u00e4r tre av de fyra Rackbeat-grundarna, Morten, Christian, Lasse och Steen, satt och \u00e5t lunch i Vismas kafeteria. Samtalet runt bordet var som vanligt pr\u00e4glat av en ih\u00e4rdig frustration \u00f6ver att det saknades n\u00e5got p\u00e5 menyn som kunde g\u00f6ra det mer hanterbart att driva lager och ha koll p\u00e5 f\u00f6rs\u00f6rjningskedjan f\u00f6r mindre f\u00f6retag.<\/p>\n<p>Det borde helt enkelt finnas ett lagerhanteringssystem som sm\u00e5 och medelstora f\u00f6retagare hade tid, r\u00e5d och resurser att arbeta med, s\u00e5 att de kunde konkurrera med de stora akt\u00f6rerna p\u00e5 marknaden. Lyckligtvis var de pigga och alerta. De fick n\u00e4mligen aptit p\u00e5 mer \u00e4n bara kantinbekymmer och omsatte snart id\u00e9n till handling.<\/p>\n<p><strong>Som sill i en tunna i Havnegade<br \/>\n<\/strong><\/p>\n<p>\u00c5r 2018 satt de runt ett bord i en l\u00e4genhet vid Nyhavn med en lagerhanteringsprogramvara p\u00e5 g\u00e5ng. H\u00e4r finslipade de systemet och blev snart redo att lansera produkten. Fr\u00e5n 2019, n\u00e4r de f\u00f6rsta kunderna tittade in i butiken, till 2021, fick de en hyper-tillv\u00e4xt av kundbasen.<\/p>\n<p>Det finns till och med en del f\u00f6retagare med orealiserade lagerhanteringsbehov med utl\u00e4ndsk adress &#8211; s\u00e4rskilt bosatta i Norge och Sverige. Och med kundtillv\u00e4xten blir utrymmet runt matbordet i Nyhavn tr\u00e5ngt n\u00e4r m\u00e5nga nya medarbetare ansluter sig.<br \/>\nRackbeat internationaliseras ocks\u00e5 &#8211; med anst\u00e4llda fr\u00e5n b\u00e5de Norge och Sverige \u00e5r 2022, samt fler utvecklare med s\u00e4te i Portugal och Makedonien. Man var redo f\u00f6r \u00e4nnu mer.<\/p>\n<p><strong>Visma ville \u00e4ta med oss<br \/>\n<\/strong><\/p>\n<p>H\u00e4r b\u00f6rjar Visma kunna k\u00e4nna doften fr\u00e5n det goda bageriet och k\u00f6per sig in i \u00e4garkretsen. I slutet av 2021, medan man alltmer upplever hur perfekt Rackbeat passar in i Vismas \u00f6vriga produktportf\u00f6lj, erbjuder Visma att f\u00f6rv\u00e4rva Rackbeat.<\/p>\n<p>Det tackas ja till och champagnekorkarna flyger. I januari 2023 byts Havnegade ut mot Vismas adress p\u00e5 G\u00e6rtorvet i den stora Carlsberg-staden, d\u00e4r Rackbeat befinner sig idag.<\/p>\n<p><strong>Aff\u00e4rsframg\u00e5ng med smak f\u00f6r mer<\/strong><\/p>\n<p>P\u00e5 ett s\u00e4tt \u00e4r historien om de fyra Rackbeat-grundarna en 360-graders framg\u00e5ngssaga. De har tagit en id\u00e9, skapad i Vismas kafeteria, omvandlat den till en verklig lagerhanteringsprogramvara p\u00e5 Havnegade och sitter nu, \u00e5terigen, i Vismas kafeteria med \u00f6ver 1100 kunder och 43 anst\u00e4llda.<\/p>\n<p><span style=\"font-weight: 400;\">Men trots framg\u00e5ngen \u00e4r historien inte alls \u00f6ver \u00e4nnu. Varken den danska eller internationella marknaden \u00e4r m\u00e4ttad av lagerdrivna f\u00f6retag som beh\u00f6ver f\u00e5 ordning p\u00e5 lagerhanteringen och f\u00f6rs\u00f6rjningskedjan. Och kanske kan det komma fler bra id\u00e9er fr\u00e5n samtalen runt middagsbordet?<\/span><\/p>\n<p>&nbsp;<\/p>\n<p>&nbsp;<\/p>\n<p>&nbsp;<\/p>\n","description_three":"<h2>Rackbeats lagerhanteringssystem ger dig \u00f6verblick, tid och effektivitet av din verksamhet<\/h2>\n<p>&nbsp;<\/p>\n<p>Rackbeat \u00e4r ett molnbaserat lagerhanteringssystem som \u00e4r utformat f\u00f6r att ge sm\u00e5 och medelstora lagerdrivna f\u00f6retag en komplett \u00f6versikt \u00f6ver lagerbest\u00e5ndet och alla varufl\u00f6den i ett anv\u00e4ndarv\u00e4nligt system. Du f\u00e5r till och med samma funktionsm\u00f6jligheter som st\u00f6rre och dyrare system. Det betyder att du aldrig beh\u00f6ver f\u00f6rlora p\u00e5 utrustningen n\u00e4r du ska konkurrera mot st\u00f6rre spelare p\u00e5 marknaden.<\/p>\n<p>&nbsp;<\/p>\n<p>Du f\u00e5r ocks\u00e5 ett system som sparar dig mycket tid. Rackbeat automatiserar dina arbetsprocesser s\u00e5 att du inte beh\u00f6ver sl\u00f6sa resurser p\u00e5 l\u00e5ngsamma manuella processer eller f\u00f6r\u00e5ldrade arbetsverktyg. Tidskr\u00e4vande uppgifter som lokaliseringsmaterial, r\u00e4kning, fakturering, etc. kan enkelt hanteras med n\u00e5gra klick.<\/p>\n<p>&nbsp;<\/p>\n<p>Rackbeat \u00e4r ocks\u00e5 byggt p\u00e5 ett \u00f6ppet API. Det betyder att du kan integrera ditt lagerhanteringssystem med de flesta andra system. Till exempel kan du koppla ditt lager till din webbshop p\u00e5 Shopify eller ekonomisystemet p\u00e5 e-conomic s\u00e5 att du aldrig beh\u00f6ver fungera som mellanhand f\u00f6r programvara som inte talar samma spr\u00e5k.<\/p>\n<p>&nbsp;<\/p>\n<p><b>Hur Rackbeat st\u00e4rker din verksamhet<\/b><\/p>\n<p>&nbsp;<\/p>\n<p>Om du vill ta en djupare titt p\u00e5 varf\u00f6r Rackbeat \u00e4r r\u00e4tt programvara f\u00f6r att hantera ditt lager och dina varur\u00f6relser, klicka <a href=\"https:\/\/rackbeat.com\/sv\/varfor-rackbeat\/\">h\u00e4r<\/a>.<\/p>\n<p>&nbsp;<\/p>\n<p>Du kan ocks\u00e5 h\u00f6ra vilka f\u00f6rdelar Rackbeat har gett andra f\u00f6retag inom din bransch <a href=\"https:\/\/rackbeat.com\/sv\/kundstories\/\">h\u00e4r<\/a>.<\/p>\n<p>&nbsp;<\/p>\n<p>Vill du ha den senaste informationen om Rackbeat, prenumerera p\u00e5 v\u00e5rt m\u00e5natliga nyhetsbrev <a href=\"https:\/\/rackbeat.com\/sv\/nyhetsbrev\/\">h\u00e4r<\/a>.<\/p>\n<p>&nbsp;<\/p>\n<p>&nbsp;<\/p>\n","title_four":"Rackbeat-teamet","description_four":"<p>Vill du veta mer om m\u00e4nniskorna bakom f\u00f6retaget? Eller \u00e4r du intresserad av att bli en del av Team Rackbeat? Klicka <a href=\"https:\/\/rackbeat.teamtailor.com\/people\">h\u00e4r<\/a>.<\/p>\n","image_four":"https:\/\/rackbeat.com\/wp-content\/uploads\/2023\/06\/IMG_1464.png","custom_head_script":""},"_links":{"self":[{"href":"https:\/\/rackbeat.com\/sv\/wp-json\/wp\/v2\/pages\/13403","targetHints":{"allow":["GET"]}}],"collection":[{"href":"https:\/\/rackbeat.com\/sv\/wp-json\/wp\/v2\/pages"}],"about":[{"href":"https:\/\/rackbeat.com\/sv\/wp-json\/wp\/v2\/types\/page"}],"author":[{"embeddable":true,"href":"https:\/\/rackbeat.com\/sv\/wp-json\/wp\/v2\/users\/1"}],"replies":[{"embeddable":true,"href":"https:\/\/rackbeat.com\/sv\/wp-json\/wp\/v2\/comments?post=13403"}],"version-history":[{"count":26,"href":"https:\/\/rackbeat.com\/sv\/wp-json\/wp\/v2\/pages\/13403\/revisions"}],"predecessor-version":[{"id":14751,"href":"https:\/\/rackbeat.com\/sv\/wp-json\/wp\/v2\/pages\/13403\/revisions\/14751"}],"wp:attachment":[{"href":"https:\/\/rackbeat.com\/sv\/wp-json\/wp\/v2\/media?parent=13403"}],"curies":[{"name":"wp","href":"https:\/\/api.w.org\/{rel}","templated":true}]}}