{"id":1247,"date":"2022-02-08T13:18:21","date_gmt":"2022-02-08T13:18:21","guid":{"rendered":"https:\/\/rackbeat.digitalpresent.mk\/accounts-and-bookkepers\/"},"modified":"2023-08-02T13:42:42","modified_gmt":"2023-08-02T12:42:42","slug":"redovisningsbyraer-och-revisorer","status":"publish","type":"page","link":"https:\/\/rackbeat.com\/sv\/redovisningsbyraer-och-revisorer\/","title":{"rendered":"Redovisningsbyr\u00e5er och revisorer"},"content":{"rendered":"","protected":false},"excerpt":{"rendered":"","protected":false},"author":1,"featured_media":0,"parent":0,"menu_order":0,"comment_status":"closed","ping_status":"closed","template":"page-templates\/accounts-and-bookepers.php","meta":{"content-type":"","inline_featured_image":false,"footnotes":""},"class_list":["post-1247","page","type-page","status-publish","hentry"],"yoast_head":"<!-- This site is optimized with the Yoast SEO Premium plugin v20.0 (Yoast SEO v25.9) - https:\/\/yoast.com\/wordpress\/plugins\/seo\/ -->\n<title>WMS f\u00f6r redovisningsbyr\u00e5er och revisorer | Rackbeat<\/title>\n<meta name=\"description\" content=\"Rackbeat erbjuder revisorer och deras kunder en kostnadseffektiv WMS-l\u00f6sning, som st\u00e4rker b\u00e5de revisorer och deras kunder.\" \/>\n<meta name=\"robots\" content=\"index, follow, max-snippet:-1, max-image-preview:large, max-video-preview:-1\" \/>\n<link rel=\"canonical\" href=\"https:\/\/rackbeat.com\/sv\/redovisningsbyraer-och-revisorer\/\" \/>\n<meta property=\"og:locale\" content=\"sv_SE\" \/>\n<meta property=\"og:type\" content=\"article\" \/>\n<meta property=\"og:title\" content=\"Redovisningsbyr\u00e5er och revisorer\" \/>\n<meta property=\"og:description\" content=\"Rackbeat erbjuder revisorer och deras kunder en kostnadseffektiv WMS-l\u00f6sning, som st\u00e4rker b\u00e5de revisorer och deras kunder.\" \/>\n<meta property=\"og:url\" content=\"https:\/\/rackbeat.com\/sv\/redovisningsbyraer-och-revisorer\/\" \/>\n<meta property=\"og:site_name\" content=\"Rackbeat\" \/>\n<meta property=\"article:modified_time\" content=\"2023-08-02T12:42:42+00:00\" \/>\n<meta name=\"twitter:card\" content=\"summary_large_image\" \/>\n<script type=\"application\/ld+json\" class=\"yoast-schema-graph\">{\"@context\":\"https:\/\/schema.org\",\"@graph\":[{\"@type\":\"WebPage\",\"@id\":\"https:\/\/rackbeat.com\/sv\/redovisningsbyraer-och-revisorer\/\",\"url\":\"https:\/\/rackbeat.com\/sv\/redovisningsbyraer-och-revisorer\/\",\"name\":\"WMS f\u00f6r redovisningsbyr\u00e5er och revisorer | Rackbeat\",\"isPartOf\":{\"@id\":\"https:\/\/rackbeat.com\/sv\/#website\"},\"datePublished\":\"2022-02-08T13:18:21+00:00\",\"dateModified\":\"2023-08-02T12:42:42+00:00\",\"description\":\"Rackbeat erbjuder revisorer och deras kunder en kostnadseffektiv WMS-l\u00f6sning, som st\u00e4rker b\u00e5de revisorer och deras kunder.\",\"breadcrumb\":{\"@id\":\"https:\/\/rackbeat.com\/sv\/redovisningsbyraer-och-revisorer\/#breadcrumb\"},\"inLanguage\":\"sv-SE\",\"potentialAction\":[{\"@type\":\"ReadAction\",\"target\":[\"https:\/\/rackbeat.com\/sv\/redovisningsbyraer-och-revisorer\/\"]}]},{\"@type\":\"BreadcrumbList\",\"@id\":\"https:\/\/rackbeat.com\/sv\/redovisningsbyraer-och-revisorer\/#breadcrumb\",\"itemListElement\":[{\"@type\":\"ListItem\",\"position\":1,\"name\":\"Framsida\",\"item\":\"https:\/\/rackbeat.com\/sv\/\"},{\"@type\":\"ListItem\",\"position\":2,\"name\":\"Redovisningsbyr\u00e5er och revisorer\"}]},{\"@type\":\"WebSite\",\"@id\":\"https:\/\/rackbeat.com\/sv\/#website\",\"url\":\"https:\/\/rackbeat.com\/sv\/\",\"name\":\"Rackbeat\",\"description\":\"Effektiv lagerstyring\",\"publisher\":{\"@id\":\"https:\/\/rackbeat.com\/sv\/#organization\"},\"potentialAction\":[{\"@type\":\"SearchAction\",\"target\":{\"@type\":\"EntryPoint\",\"urlTemplate\":\"https:\/\/rackbeat.com\/sv\/?s={search_term_string}\"},\"query-input\":{\"@type\":\"PropertyValueSpecification\",\"valueRequired\":true,\"valueName\":\"search_term_string\"}}],\"inLanguage\":\"sv-SE\"},{\"@type\":\"Organization\",\"@id\":\"https:\/\/rackbeat.com\/sv\/#organization\",\"name\":\"Rackbeat\",\"url\":\"https:\/\/rackbeat.com\/sv\/\",\"logo\":{\"@type\":\"ImageObject\",\"inLanguage\":\"sv-SE\",\"@id\":\"https:\/\/rackbeat.com\/sv\/#\/schema\/logo\/image\/\",\"url\":\"\",\"contentUrl\":\"\",\"caption\":\"Rackbeat\"},\"image\":{\"@id\":\"https:\/\/rackbeat.com\/sv\/#\/schema\/logo\/image\/\"}}]}<\/script>\n<!-- \/ Yoast SEO Premium plugin. -->","yoast_head_json":{"title":"WMS f\u00f6r redovisningsbyr\u00e5er och revisorer | Rackbeat","description":"Rackbeat erbjuder revisorer och deras kunder en kostnadseffektiv WMS-l\u00f6sning, som st\u00e4rker b\u00e5de revisorer och deras kunder.","robots":{"index":"index","follow":"follow","max-snippet":"max-snippet:-1","max-image-preview":"max-image-preview:large","max-video-preview":"max-video-preview:-1"},"canonical":"https:\/\/rackbeat.com\/sv\/redovisningsbyraer-och-revisorer\/","og_locale":"sv_SE","og_type":"article","og_title":"Redovisningsbyr\u00e5er och revisorer","og_description":"Rackbeat erbjuder revisorer och deras kunder en kostnadseffektiv WMS-l\u00f6sning, som st\u00e4rker b\u00e5de revisorer och deras kunder.","og_url":"https:\/\/rackbeat.com\/sv\/redovisningsbyraer-och-revisorer\/","og_site_name":"Rackbeat","article_modified_time":"2023-08-02T12:42:42+00:00","twitter_card":"summary_large_image","schema":{"@context":"https:\/\/schema.org","@graph":[{"@type":"WebPage","@id":"https:\/\/rackbeat.com\/sv\/redovisningsbyraer-och-revisorer\/","url":"https:\/\/rackbeat.com\/sv\/redovisningsbyraer-och-revisorer\/","name":"WMS f\u00f6r redovisningsbyr\u00e5er och revisorer | Rackbeat","isPartOf":{"@id":"https:\/\/rackbeat.com\/sv\/#website"},"datePublished":"2022-02-08T13:18:21+00:00","dateModified":"2023-08-02T12:42:42+00:00","description":"Rackbeat erbjuder revisorer och deras kunder en kostnadseffektiv WMS-l\u00f6sning, som st\u00e4rker b\u00e5de revisorer och deras kunder.","breadcrumb":{"@id":"https:\/\/rackbeat.com\/sv\/redovisningsbyraer-och-revisorer\/#breadcrumb"},"inLanguage":"sv-SE","potentialAction":[{"@type":"ReadAction","target":["https:\/\/rackbeat.com\/sv\/redovisningsbyraer-och-revisorer\/"]}]},{"@type":"BreadcrumbList","@id":"https:\/\/rackbeat.com\/sv\/redovisningsbyraer-och-revisorer\/#breadcrumb","itemListElement":[{"@type":"ListItem","position":1,"name":"Framsida","item":"https:\/\/rackbeat.com\/sv\/"},{"@type":"ListItem","position":2,"name":"Redovisningsbyr\u00e5er och revisorer"}]},{"@type":"WebSite","@id":"https:\/\/rackbeat.com\/sv\/#website","url":"https:\/\/rackbeat.com\/sv\/","name":"Rackbeat","description":"Effektiv lagerstyring","publisher":{"@id":"https:\/\/rackbeat.com\/sv\/#organization"},"potentialAction":[{"@type":"SearchAction","target":{"@type":"EntryPoint","urlTemplate":"https:\/\/rackbeat.com\/sv\/?s={search_term_string}"},"query-input":{"@type":"PropertyValueSpecification","valueRequired":true,"valueName":"search_term_string"}}],"inLanguage":"sv-SE"},{"@type":"Organization","@id":"https:\/\/rackbeat.com\/sv\/#organization","name":"Rackbeat","url":"https:\/\/rackbeat.com\/sv\/","logo":{"@type":"ImageObject","inLanguage":"sv-SE","@id":"https:\/\/rackbeat.com\/sv\/#\/schema\/logo\/image\/","url":"","contentUrl":"","caption":"Rackbeat"},"image":{"@id":"https:\/\/rackbeat.com\/sv\/#\/schema\/logo\/image\/"}}]}},"ACF":{"hero_title":"Lagerhantering f\u00f6r revisorer och partners","hero_image":false,"hero_sub_title":"","hero_additional_paragraph":"<p><b>Enklare samarbete, \u00f6ka kundn\u00f6jdheten<\/b><\/p>\n<p>Vi levererar ett molnbaserat, produktcentrerat WMS, framtaget f\u00f6r att st\u00f6dja, optimera och hantera hela lagerfl\u00f6det.<\/p>\n<p>Att digitalisera ditt lager m\u00f6jligg\u00f6r omedelbar kontroll av leverant\u00f6rer, produktion, lager och kunder.<\/p>\n\n\t\t<!--HubSpot Call-to-Action Code -->\n\t\t<span class=\"hs-cta-wrapper\" id=\"hs-cta-wrapper-48487f39-8f37-4b58-be4f-8c88a803ba65\">\n\t\t<span class=\"hs-cta-node hs-cta-48487f39-8f37-4b58-be4f-8c88a803ba65\" id=\"48487f39-8f37-4b58-be4f-8c88a803ba65\">\n\t\t<!--[if lte IE 8]>\n\t\t<div id=\"hs-cta-ie-element\"><\/div>\n\t\t<![endif]-->\n\t\t<a href=\"https:\/\/cta-redirect.hubspot.com\/cta\/redirect\/20251362\/48487f39-8f37-4b58-be4f-8c88a803ba65\" >\n\t\t<img class=\"hs-cta-img\" id=\"hs-cta-img-48487f39-8f37-4b58-be4f-8c88a803ba65\" style=\"border-width:0px;\" src=\"https:\/\/no-cache.hubspot.com\/cta\/default\/20251362\/48487f39-8f37-4b58-be4f-8c88a803ba65.png\"  alt=\"New call-to-action\"\/>\n\t\t<\/a>\n\t\t<\/span>\n\t\t<script charset=\"utf-8\" src=\"\/\/js.hubspot.com\/cta\/current.js\"><\/script>\n\t\t<script>\n\t\thbspt.cta.load(20251362, '48487f39-8f37-4b58-be4f-8c88a803ba65', {});\n\t\t<\/script>\n\t\t<\/span>\n\t\t<!-- end HubSpot Call-to-Action Code -->\n\t\t\n","hero_button_text":"","hero_button_url":"","intro_title":"Effektivisera dina arbetsfl\u00f6den","intro_content":"<p>Rackbeat erbjuder revisorer och deras kunder en kostnadseffektiv WMS-l\u00f6sning, som st\u00e4rker b\u00e5de revisorer och deras kunder. Vi g\u00f6r det enkelt att identifiera, ber\u00e4kna och kommunicera finansiell information \u00f6ver plattformar. <\/p>\n","listing_section_title":"Rackbeat hj\u00e4lper till exempel revisorer, bokf\u00f6rare och deras kunder med:","listing_section_list":[{"list_item":"Korrekt lagerbokf\u00f6ring \u2013 f\u00f6r hela lagercykeln"},{"list_item":"Optimera ink\u00f6p och minimera kapitalbindning"},{"list_item":"Till\u00e5ter b\u00e4ttre datadrivet beslutsfattande "},{"list_item":"Optimera kontroll, planering och beslutsfattande"},{"list_item":"Extrahera viktig information och data direkt"},{"list_item":"Eliminera resurs dr\u00e4nerande manuellt arbete"},{"list_item":"End-to-end Supply Chain synlighet i realtid"}],"integration_secton_image":false,"integration_secton_title":"Integrationer","integration_secton_content":"<p>Vi erbjuder s\u00f6ml\u00f6sa och <a href=\"https:\/\/rackbeat.com\/sv\/integrationer\/\">kodfria integrationer<\/a> till de mest anv\u00e4nda applikationerna och systemen.<\/p>\n<p>Vi vet att det \u00e4r besv\u00e4rligt att arbeta i flera system. D\u00e4rf\u00f6r har Rackbeat ett \u00f6ppet API, vilket underl\u00e4ttar str\u00f6mlinjeformad kommunikation \u00f6ver applikationer och datautbyte.<\/p>\n<p>Rackbeats \u00f6ppna API l\u00e5ter dig ocks\u00e5 anpassa systemets funktionalitet och ansluta det till alla dina befintliga applikationer.<\/p>\n<p>&nbsp;<\/p>\n\n\t\t<!--HubSpot Call-to-Action Code -->\n\t\t<span class=\"hs-cta-wrapper\" id=\"hs-cta-wrapper-48487f39-8f37-4b58-be4f-8c88a803ba65\">\n\t\t<span class=\"hs-cta-node hs-cta-48487f39-8f37-4b58-be4f-8c88a803ba65\" id=\"48487f39-8f37-4b58-be4f-8c88a803ba65\">\n\t\t<!--[if lte IE 8]>\n\t\t<div id=\"hs-cta-ie-element\"><\/div>\n\t\t<![endif]-->\n\t\t<a href=\"https:\/\/cta-redirect.hubspot.com\/cta\/redirect\/20251362\/48487f39-8f37-4b58-be4f-8c88a803ba65\" >\n\t\t<img class=\"hs-cta-img\" id=\"hs-cta-img-48487f39-8f37-4b58-be4f-8c88a803ba65\" style=\"border-width:0px;\" src=\"https:\/\/no-cache.hubspot.com\/cta\/default\/20251362\/48487f39-8f37-4b58-be4f-8c88a803ba65.png\"  alt=\"New call-to-action\"\/>\n\t\t<\/a>\n\t\t<\/span>\n\t\t<script charset=\"utf-8\" src=\"\/\/js.hubspot.com\/cta\/current.js\"><\/script>\n\t\t<script>\n\t\thbspt.cta.load(20251362, '48487f39-8f37-4b58-be4f-8c88a803ba65', {});\n\t\t<\/script>\n\t\t<\/span>\n\t\t<!-- end HubSpot Call-to-Action Code -->\n\t\t\n","integration_secton_btn_txt":"","integration_secton_btn_url":"","slides":[{"ID":1277,"post_author":"1","post_date":"2022-02-03 13:42:37","post_date_gmt":"2022-02-03 13:42:37","post_content":"","post_title":"Webshipper","post_excerpt":"","post_status":"publish","comment_status":"closed","ping_status":"closed","post_password":"","post_name":"webshipper","to_ping":"","pinged":"","post_modified":"2023-08-23 11:12:01","post_modified_gmt":"2023-08-23 10:12:01","post_content_filtered":"","post_parent":0,"guid":"https:\/\/rackbeat.digitalpresent.mk\/projects\/webshipper\/","menu_order":158,"post_type":"projects","post_mime_type":"","comment_count":"0","filter":"raw"},{"ID":1295,"post_author":"1","post_date":"2022-02-03 13:45:42","post_date_gmt":"2022-02-03 13:45:42","post_content":"","post_title":"WooCommerce","post_excerpt":"","post_status":"publish","comment_status":"closed","ping_status":"closed","post_password":"","post_name":"woocommerce","to_ping":"","pinged":"","post_modified":"2025-01-17 14:32:24","post_modified_gmt":"2025-01-17 12:32:24","post_content_filtered":"","post_parent":0,"guid":"https:\/\/rackbeat.digitalpresent.mk\/projects\/woocommerce\/","menu_order":145,"post_type":"projects","post_mime_type":"","comment_count":"0","filter":"raw"},{"ID":1317,"post_author":"1","post_date":"2022-02-03 13:47:02","post_date_gmt":"2022-02-03 13:47:02","post_content":"","post_title":"Visma eEkonomi","post_excerpt":"","post_status":"draft","comment_status":"closed","ping_status":"closed","post_password":"","post_name":"eekonomi","to_ping":"","pinged":"","post_modified":"2024-10-28 15:21:47","post_modified_gmt":"2024-10-28 13:21:47","post_content_filtered":"","post_parent":0,"guid":"https:\/\/rackbeat.digitalpresent.mk\/projects\/e-conomic\/","menu_order":86,"post_type":"projects","post_mime_type":"","comment_count":"0","filter":"raw"},{"ID":1327,"post_author":"1","post_date":"2022-02-03 13:47:31","post_date_gmt":"2022-02-03 13:47:31","post_content":"","post_title":"24SevenOffice","post_excerpt":"","post_status":"draft","comment_status":"closed","ping_status":"closed","post_password":"","post_name":"24sevenoffice","to_ping":"","pinged":"","post_modified":"2024-12-10 15:40:05","post_modified_gmt":"2024-12-10 13:40:05","post_content_filtered":"","post_parent":0,"guid":"https:\/\/rackbeat.digitalpresent.mk\/projects\/24sevenoffice\/","menu_order":231,"post_type":"projects","post_mime_type":"","comment_count":"0","filter":"raw"},{"ID":1333,"post_author":"1","post_date":"2022-02-03 13:47:46","post_date_gmt":"2022-02-03 13:47:46","post_content":"","post_title":"Shopify","post_excerpt":"","post_status":"publish","comment_status":"closed","ping_status":"closed","post_password":"","post_name":"shopify","to_ping":"","pinged":"","post_modified":"2025-01-17 14:27:23","post_modified_gmt":"2025-01-17 12:27:23","post_content_filtered":"","post_parent":0,"guid":"https:\/\/rackbeat.digitalpresent.mk\/projects\/shopify\/","menu_order":136,"post_type":"projects","post_mime_type":"","comment_count":"0","filter":"raw"}],"slider_section_title":"Du kan l\u00e4sa mer om v\u00e5ra nuvarande appar och integrationer nedan:","custom_head_script":""},"_links":{"self":[{"href":"https:\/\/rackbeat.com\/sv\/wp-json\/wp\/v2\/pages\/1247","targetHints":{"allow":["GET"]}}],"collection":[{"href":"https:\/\/rackbeat.com\/sv\/wp-json\/wp\/v2\/pages"}],"about":[{"href":"https:\/\/rackbeat.com\/sv\/wp-json\/wp\/v2\/types\/page"}],"author":[{"embeddable":true,"href":"https:\/\/rackbeat.com\/sv\/wp-json\/wp\/v2\/users\/1"}],"replies":[{"embeddable":true,"href":"https:\/\/rackbeat.com\/sv\/wp-json\/wp\/v2\/comments?post=1247"}],"version-history":[{"count":8,"href":"https:\/\/rackbeat.com\/sv\/wp-json\/wp\/v2\/pages\/1247\/revisions"}],"predecessor-version":[{"id":15251,"href":"https:\/\/rackbeat.com\/sv\/wp-json\/wp\/v2\/pages\/1247\/revisions\/15251"}],"wp:attachment":[{"href":"https:\/\/rackbeat.com\/sv\/wp-json\/wp\/v2\/media?parent=1247"}],"curies":[{"name":"wp","href":"https:\/\/api.w.org\/{rel}","templated":true}]}}