{"id":1238,"date":"2022-02-04T09:40:18","date_gmt":"2022-02-04T09:40:18","guid":{"rendered":"https:\/\/rackbeat.digitalpresent.mk\/contact\/"},"modified":"2026-02-06T14:46:37","modified_gmt":"2026-02-06T12:46:37","slug":"kontakta-oss","status":"publish","type":"page","link":"https:\/\/rackbeat.com\/sv\/kontakta-oss\/","title":{"rendered":"Kontakta oss"},"content":{"rendered":"<p>Vi ser framemot att h\u00f6ra av dig och svarar g\u00e4rna p\u00e5 alla fr\u00e5gor.\u00a0Se n\u00e4r det \u00e4r som mest belastning f\u00f6r Rackbeat supporten:<\/p>\n<p><img loading=\"lazy\" decoding=\"async\" class=\"alignright size-full wp-image-15506\" src=\"https:\/\/rackbeat.com\/wp-content\/uploads\/2023\/08\/Support-Tid-Kontaktside.png\" alt=\"\" width=\"4267\" height=\"2330\" srcset=\"https:\/\/rackbeat.com\/wp-content\/uploads\/2023\/08\/Support-Tid-Kontaktside.png 4267w, https:\/\/rackbeat.com\/wp-content\/uploads\/2023\/08\/Support-Tid-Kontaktside-300x164.png 300w, https:\/\/rackbeat.com\/wp-content\/uploads\/2023\/08\/Support-Tid-Kontaktside-1024x559.png 1024w, https:\/\/rackbeat.com\/wp-content\/uploads\/2023\/08\/Support-Tid-Kontaktside-768x419.png 768w, https:\/\/rackbeat.com\/wp-content\/uploads\/2023\/08\/Support-Tid-Kontaktside-1536x839.png 1536w, https:\/\/rackbeat.com\/wp-content\/uploads\/2023\/08\/Support-Tid-Kontaktside-2048x1118.png 2048w\" sizes=\"auto, (max-width: 4267px) 100vw, 4267px\" \/><\/p>\n","protected":false},"excerpt":{"rendered":"<p>Vi ser framemot att h\u00f6ra av dig och svarar g\u00e4rna p\u00e5 alla fr\u00e5gor.\u00a0Se n\u00e4r det \u00e4r som mest belastning f\u00f6r Rackbeat supporten:<\/p>\n","protected":false},"author":1,"featured_media":0,"parent":0,"menu_order":0,"comment_status":"closed","ping_status":"closed","template":"page-templates\/contact-page.php","meta":{"content-type":"","inline_featured_image":false,"footnotes":""},"class_list":["post-1238","page","type-page","status-publish","hentry"],"yoast_head":"<!-- This site is optimized with the Yoast SEO Premium plugin v20.0 (Yoast SEO v25.9) - https:\/\/yoast.com\/wordpress\/plugins\/seo\/ -->\n<title>Kontakta Rackbeat | Kundservice &amp; konsultation | Enkel lagerhantering<\/title>\n<meta name=\"description\" content=\"Vi ser framemot att h\u00f6ra av dig och svarar g\u00e4rna p\u00e5 alla fr\u00e5gor. Vi finns tillg\u00e4ngliga p\u00e5 telefon kl. 9.00\u201315.00 p\u00e5 vardagar.\" \/>\n<meta name=\"robots\" content=\"index, follow, max-snippet:-1, max-image-preview:large, max-video-preview:-1\" \/>\n<link rel=\"canonical\" href=\"https:\/\/rackbeat.com\/sv\/kontakta-oss\/\" \/>\n<meta property=\"og:locale\" content=\"sv_SE\" \/>\n<meta property=\"og:type\" content=\"article\" \/>\n<meta property=\"og:title\" content=\"Kontakta oss\" \/>\n<meta property=\"og:description\" content=\"Vi ser framemot att h\u00f6ra av dig och svarar g\u00e4rna p\u00e5 alla fr\u00e5gor. Vi finns tillg\u00e4ngliga p\u00e5 telefon kl. 9.00\u201315.00 p\u00e5 vardagar.\" \/>\n<meta property=\"og:url\" content=\"https:\/\/rackbeat.com\/sv\/kontakta-oss\/\" \/>\n<meta property=\"og:site_name\" content=\"Rackbeat\" \/>\n<meta property=\"article:modified_time\" content=\"2026-02-06T12:46:37+00:00\" \/>\n<meta property=\"og:image\" content=\"https:\/\/rackbeat.com\/wp-content\/uploads\/2023\/08\/Support-Tid-Kontaktside.png\" \/>\n\t<meta property=\"og:image:width\" content=\"4267\" \/>\n\t<meta property=\"og:image:height\" content=\"2330\" \/>\n\t<meta property=\"og:image:type\" content=\"image\/png\" \/>\n<meta name=\"twitter:card\" content=\"summary_large_image\" \/>\n<meta name=\"twitter:label1\" content=\"Ber\u00e4knad l\u00e4stid\" \/>\n\t<meta name=\"twitter:data1\" content=\"1 minut\" \/>\n<script type=\"application\/ld+json\" class=\"yoast-schema-graph\">{\"@context\":\"https:\/\/schema.org\",\"@graph\":[{\"@type\":\"WebPage\",\"@id\":\"https:\/\/rackbeat.com\/sv\/kontakta-oss\/\",\"url\":\"https:\/\/rackbeat.com\/sv\/kontakta-oss\/\",\"name\":\"Kontakta Rackbeat | Kundservice & konsultation | Enkel lagerhantering\",\"isPartOf\":{\"@id\":\"https:\/\/rackbeat.com\/sv\/#website\"},\"primaryImageOfPage\":{\"@id\":\"https:\/\/rackbeat.com\/sv\/kontakta-oss\/#primaryimage\"},\"image\":{\"@id\":\"https:\/\/rackbeat.com\/sv\/kontakta-oss\/#primaryimage\"},\"thumbnailUrl\":\"https:\/\/rackbeat.com\/wp-content\/uploads\/2023\/08\/Support-Tid-Kontaktside.png\",\"datePublished\":\"2022-02-04T09:40:18+00:00\",\"dateModified\":\"2026-02-06T12:46:37+00:00\",\"description\":\"Vi ser framemot att h\u00f6ra av dig och svarar g\u00e4rna p\u00e5 alla fr\u00e5gor. Vi finns tillg\u00e4ngliga p\u00e5 telefon kl. 9.00\u201315.00 p\u00e5 vardagar.\",\"breadcrumb\":{\"@id\":\"https:\/\/rackbeat.com\/sv\/kontakta-oss\/#breadcrumb\"},\"inLanguage\":\"sv-SE\",\"potentialAction\":[{\"@type\":\"ReadAction\",\"target\":[\"https:\/\/rackbeat.com\/sv\/kontakta-oss\/\"]}]},{\"@type\":\"ImageObject\",\"inLanguage\":\"sv-SE\",\"@id\":\"https:\/\/rackbeat.com\/sv\/kontakta-oss\/#primaryimage\",\"url\":\"https:\/\/rackbeat.com\/wp-content\/uploads\/2023\/08\/Support-Tid-Kontaktside.png\",\"contentUrl\":\"https:\/\/rackbeat.com\/wp-content\/uploads\/2023\/08\/Support-Tid-Kontaktside.png\"},{\"@type\":\"BreadcrumbList\",\"@id\":\"https:\/\/rackbeat.com\/sv\/kontakta-oss\/#breadcrumb\",\"itemListElement\":[{\"@type\":\"ListItem\",\"position\":1,\"name\":\"Framsida\",\"item\":\"https:\/\/rackbeat.com\/sv\/\"},{\"@type\":\"ListItem\",\"position\":2,\"name\":\"Kontakta oss\"}]},{\"@type\":\"WebSite\",\"@id\":\"https:\/\/rackbeat.com\/sv\/#website\",\"url\":\"https:\/\/rackbeat.com\/sv\/\",\"name\":\"Rackbeat\",\"description\":\"Effektiv lagerstyring\",\"publisher\":{\"@id\":\"https:\/\/rackbeat.com\/sv\/#organization\"},\"potentialAction\":[{\"@type\":\"SearchAction\",\"target\":{\"@type\":\"EntryPoint\",\"urlTemplate\":\"https:\/\/rackbeat.com\/sv\/?s={search_term_string}\"},\"query-input\":{\"@type\":\"PropertyValueSpecification\",\"valueRequired\":true,\"valueName\":\"search_term_string\"}}],\"inLanguage\":\"sv-SE\"},{\"@type\":\"Organization\",\"@id\":\"https:\/\/rackbeat.com\/sv\/#organization\",\"name\":\"Rackbeat\",\"url\":\"https:\/\/rackbeat.com\/sv\/\",\"logo\":{\"@type\":\"ImageObject\",\"inLanguage\":\"sv-SE\",\"@id\":\"https:\/\/rackbeat.com\/sv\/#\/schema\/logo\/image\/\",\"url\":\"\",\"contentUrl\":\"\",\"caption\":\"Rackbeat\"},\"image\":{\"@id\":\"https:\/\/rackbeat.com\/sv\/#\/schema\/logo\/image\/\"}}]}<\/script>\n<!-- \/ Yoast SEO Premium plugin. -->","yoast_head_json":{"title":"Kontakta Rackbeat | Kundservice & konsultation | Enkel lagerhantering","description":"Vi ser framemot att h\u00f6ra av dig och svarar g\u00e4rna p\u00e5 alla fr\u00e5gor. Vi finns tillg\u00e4ngliga p\u00e5 telefon kl. 9.00\u201315.00 p\u00e5 vardagar.","robots":{"index":"index","follow":"follow","max-snippet":"max-snippet:-1","max-image-preview":"max-image-preview:large","max-video-preview":"max-video-preview:-1"},"canonical":"https:\/\/rackbeat.com\/sv\/kontakta-oss\/","og_locale":"sv_SE","og_type":"article","og_title":"Kontakta oss","og_description":"Vi ser framemot att h\u00f6ra av dig och svarar g\u00e4rna p\u00e5 alla fr\u00e5gor. Vi finns tillg\u00e4ngliga p\u00e5 telefon kl. 9.00\u201315.00 p\u00e5 vardagar.","og_url":"https:\/\/rackbeat.com\/sv\/kontakta-oss\/","og_site_name":"Rackbeat","article_modified_time":"2026-02-06T12:46:37+00:00","og_image":[{"width":4267,"height":2330,"url":"https:\/\/rackbeat.com\/wp-content\/uploads\/2023\/08\/Support-Tid-Kontaktside.png","type":"image\/png"}],"twitter_card":"summary_large_image","twitter_misc":{"Ber\u00e4knad l\u00e4stid":"1 minut"},"schema":{"@context":"https:\/\/schema.org","@graph":[{"@type":"WebPage","@id":"https:\/\/rackbeat.com\/sv\/kontakta-oss\/","url":"https:\/\/rackbeat.com\/sv\/kontakta-oss\/","name":"Kontakta Rackbeat | Kundservice & konsultation | Enkel lagerhantering","isPartOf":{"@id":"https:\/\/rackbeat.com\/sv\/#website"},"primaryImageOfPage":{"@id":"https:\/\/rackbeat.com\/sv\/kontakta-oss\/#primaryimage"},"image":{"@id":"https:\/\/rackbeat.com\/sv\/kontakta-oss\/#primaryimage"},"thumbnailUrl":"https:\/\/rackbeat.com\/wp-content\/uploads\/2023\/08\/Support-Tid-Kontaktside.png","datePublished":"2022-02-04T09:40:18+00:00","dateModified":"2026-02-06T12:46:37+00:00","description":"Vi ser framemot att h\u00f6ra av dig och svarar g\u00e4rna p\u00e5 alla fr\u00e5gor. Vi finns tillg\u00e4ngliga p\u00e5 telefon kl. 9.00\u201315.00 p\u00e5 vardagar.","breadcrumb":{"@id":"https:\/\/rackbeat.com\/sv\/kontakta-oss\/#breadcrumb"},"inLanguage":"sv-SE","potentialAction":[{"@type":"ReadAction","target":["https:\/\/rackbeat.com\/sv\/kontakta-oss\/"]}]},{"@type":"ImageObject","inLanguage":"sv-SE","@id":"https:\/\/rackbeat.com\/sv\/kontakta-oss\/#primaryimage","url":"https:\/\/rackbeat.com\/wp-content\/uploads\/2023\/08\/Support-Tid-Kontaktside.png","contentUrl":"https:\/\/rackbeat.com\/wp-content\/uploads\/2023\/08\/Support-Tid-Kontaktside.png"},{"@type":"BreadcrumbList","@id":"https:\/\/rackbeat.com\/sv\/kontakta-oss\/#breadcrumb","itemListElement":[{"@type":"ListItem","position":1,"name":"Framsida","item":"https:\/\/rackbeat.com\/sv\/"},{"@type":"ListItem","position":2,"name":"Kontakta oss"}]},{"@type":"WebSite","@id":"https:\/\/rackbeat.com\/sv\/#website","url":"https:\/\/rackbeat.com\/sv\/","name":"Rackbeat","description":"Effektiv lagerstyring","publisher":{"@id":"https:\/\/rackbeat.com\/sv\/#organization"},"potentialAction":[{"@type":"SearchAction","target":{"@type":"EntryPoint","urlTemplate":"https:\/\/rackbeat.com\/sv\/?s={search_term_string}"},"query-input":{"@type":"PropertyValueSpecification","valueRequired":true,"valueName":"search_term_string"}}],"inLanguage":"sv-SE"},{"@type":"Organization","@id":"https:\/\/rackbeat.com\/sv\/#organization","name":"Rackbeat","url":"https:\/\/rackbeat.com\/sv\/","logo":{"@type":"ImageObject","inLanguage":"sv-SE","@id":"https:\/\/rackbeat.com\/sv\/#\/schema\/logo\/image\/","url":"","contentUrl":"","caption":"Rackbeat"},"image":{"@id":"https:\/\/rackbeat.com\/sv\/#\/schema\/logo\/image\/"}}]}},"ACF":{"phone_number":"+45 78 72 75 00","email":"support@rackbeat.com","address":"c\/o Visma Lindhagen AB Lindhagensgatan 94, 112 18 Stockholm","working_days":"M\u00e5ndag - Fredag","working_hours":"Telefon: M\u00e5ndag \u2013 fredag 09:00-15:00. Chat: M\u00e5ndag-torsdag fr\u00e5n kl. 09:00-16:00 och fredag 09:00-15:30","contact_form_shortcode":"[hubspot type=form portal=20251362 id=1d0a14ad-168f-4a70-9c1e-99ecc8cd08f7]","map_iframe":"<iframe src=\"https:\/\/www.google.com\/maps\/embed?pb=!1m18!1m12!1m3!1d2034.9108163417252!2d18.013054476996473!3d59.33444277461676!2m3!1f0!2f0!3f0!3m2!1i1024!2i768!4f13.1!3m3!1m2!1s0x465f762b54ee1fe1%3A0x78f62b0e3ddf1b83!2sVisma%20Software%20AB!5e0!3m2!1sen!2smk!4v1687944491688!5m2!1sen!2smk\" width=\"1600\" height=\"450\" frameborder=\"0\" style=\"border:0;\" allowfullscreen=\"\"aria-hidden=\"false\" tabindex=\"0\"><\/iframe>","text_space":"","custom_head_script":""},"_links":{"self":[{"href":"https:\/\/rackbeat.com\/sv\/wp-json\/wp\/v2\/pages\/1238","targetHints":{"allow":["GET"]}}],"collection":[{"href":"https:\/\/rackbeat.com\/sv\/wp-json\/wp\/v2\/pages"}],"about":[{"href":"https:\/\/rackbeat.com\/sv\/wp-json\/wp\/v2\/types\/page"}],"author":[{"embeddable":true,"href":"https:\/\/rackbeat.com\/sv\/wp-json\/wp\/v2\/users\/1"}],"replies":[{"embeddable":true,"href":"https:\/\/rackbeat.com\/sv\/wp-json\/wp\/v2\/comments?post=1238"}],"version-history":[{"count":14,"href":"https:\/\/rackbeat.com\/sv\/wp-json\/wp\/v2\/pages\/1238\/revisions"}],"predecessor-version":[{"id":36819,"href":"https:\/\/rackbeat.com\/sv\/wp-json\/wp\/v2\/pages\/1238\/revisions\/36819"}],"wp:attachment":[{"href":"https:\/\/rackbeat.com\/sv\/wp-json\/wp\/v2\/media?parent=1238"}],"curies":[{"name":"wp","href":"https:\/\/api.w.org\/{rel}","templated":true}]}}