{"id":1174,"date":"2022-02-07T12:45:19","date_gmt":"2022-02-07T12:45:19","guid":{"rendered":"https:\/\/rackbeat.digitalpresent.mk\/webinars\/"},"modified":"2023-04-19T14:44:40","modified_gmt":"2023-04-19T13:44:40","slug":"webbinarier","status":"publish","type":"page","link":"https:\/\/rackbeat.com\/sv\/webbinarier\/","title":{"rendered":"Webbinarier"},"content":{"rendered":"","protected":false},"excerpt":{"rendered":"","protected":false},"author":1,"featured_media":0,"parent":0,"menu_order":0,"comment_status":"closed","ping_status":"closed","template":"page-templates\/webinars.php","meta":{"content-type":"","inline_featured_image":false,"footnotes":""},"class_list":["post-1174","page","type-page","status-publish","hentry"],"yoast_head":"<!-- This site is optimized with the Yoast SEO Premium plugin v20.0 (Yoast SEO v25.9) - https:\/\/yoast.com\/wordpress\/plugins\/seo\/ -->\n<title>Gratis webbinarium | Komplett lager- och ekonomil\u00f6sning | Rackbeat<\/title>\n<meta name=\"description\" content=\"Gratis webbinarium online: Hantera din leveranskedja och g\u00f6r din arbetsdag enklare. Vi guidar dig kring IT-setup f\u00f6r just ditt f\u00f6retag\" \/>\n<meta name=\"robots\" content=\"index, follow, max-snippet:-1, max-image-preview:large, max-video-preview:-1\" \/>\n<link rel=\"canonical\" href=\"https:\/\/rackbeat.com\/sv\/webbinarier\/\" \/>\n<meta property=\"og:locale\" content=\"sv_SE\" \/>\n<meta property=\"og:type\" content=\"article\" \/>\n<meta property=\"og:title\" content=\"Webbinarier\" \/>\n<meta property=\"og:description\" content=\"Gratis webbinarium online: Hantera din leveranskedja och g\u00f6r din arbetsdag enklare. Vi guidar dig kring IT-setup f\u00f6r just ditt f\u00f6retag\" \/>\n<meta property=\"og:url\" content=\"https:\/\/rackbeat.com\/sv\/webbinarier\/\" \/>\n<meta property=\"og:site_name\" content=\"Rackbeat\" \/>\n<meta property=\"article:modified_time\" content=\"2023-04-19T13:44:40+00:00\" \/>\n<meta name=\"twitter:card\" content=\"summary_large_image\" \/>\n<script type=\"application\/ld+json\" class=\"yoast-schema-graph\">{\"@context\":\"https:\/\/schema.org\",\"@graph\":[{\"@type\":\"WebPage\",\"@id\":\"https:\/\/rackbeat.com\/sv\/webbinarier\/\",\"url\":\"https:\/\/rackbeat.com\/sv\/webbinarier\/\",\"name\":\"Gratis webbinarium | Komplett lager- och ekonomil\u00f6sning | Rackbeat\",\"isPartOf\":{\"@id\":\"https:\/\/rackbeat.com\/sv\/#website\"},\"datePublished\":\"2022-02-07T12:45:19+00:00\",\"dateModified\":\"2023-04-19T13:44:40+00:00\",\"description\":\"Gratis webbinarium online: Hantera din leveranskedja och g\u00f6r din arbetsdag enklare. Vi guidar dig kring IT-setup f\u00f6r just ditt f\u00f6retag\",\"breadcrumb\":{\"@id\":\"https:\/\/rackbeat.com\/sv\/webbinarier\/#breadcrumb\"},\"inLanguage\":\"sv-SE\",\"potentialAction\":[{\"@type\":\"ReadAction\",\"target\":[\"https:\/\/rackbeat.com\/sv\/webbinarier\/\"]}]},{\"@type\":\"BreadcrumbList\",\"@id\":\"https:\/\/rackbeat.com\/sv\/webbinarier\/#breadcrumb\",\"itemListElement\":[{\"@type\":\"ListItem\",\"position\":1,\"name\":\"Framsida\",\"item\":\"https:\/\/rackbeat.com\/sv\/\"},{\"@type\":\"ListItem\",\"position\":2,\"name\":\"Webbinarier\"}]},{\"@type\":\"WebSite\",\"@id\":\"https:\/\/rackbeat.com\/sv\/#website\",\"url\":\"https:\/\/rackbeat.com\/sv\/\",\"name\":\"Rackbeat\",\"description\":\"Effektiv lagerstyring\",\"publisher\":{\"@id\":\"https:\/\/rackbeat.com\/sv\/#organization\"},\"potentialAction\":[{\"@type\":\"SearchAction\",\"target\":{\"@type\":\"EntryPoint\",\"urlTemplate\":\"https:\/\/rackbeat.com\/sv\/?s={search_term_string}\"},\"query-input\":{\"@type\":\"PropertyValueSpecification\",\"valueRequired\":true,\"valueName\":\"search_term_string\"}}],\"inLanguage\":\"sv-SE\"},{\"@type\":\"Organization\",\"@id\":\"https:\/\/rackbeat.com\/sv\/#organization\",\"name\":\"Rackbeat\",\"url\":\"https:\/\/rackbeat.com\/sv\/\",\"logo\":{\"@type\":\"ImageObject\",\"inLanguage\":\"sv-SE\",\"@id\":\"https:\/\/rackbeat.com\/sv\/#\/schema\/logo\/image\/\",\"url\":\"\",\"contentUrl\":\"\",\"caption\":\"Rackbeat\"},\"image\":{\"@id\":\"https:\/\/rackbeat.com\/sv\/#\/schema\/logo\/image\/\"}}]}<\/script>\n<!-- \/ Yoast SEO Premium plugin. -->","yoast_head_json":{"title":"Gratis webbinarium | Komplett lager- och ekonomil\u00f6sning | Rackbeat","description":"Gratis webbinarium online: Hantera din leveranskedja och g\u00f6r din arbetsdag enklare. Vi guidar dig kring IT-setup f\u00f6r just ditt f\u00f6retag","robots":{"index":"index","follow":"follow","max-snippet":"max-snippet:-1","max-image-preview":"max-image-preview:large","max-video-preview":"max-video-preview:-1"},"canonical":"https:\/\/rackbeat.com\/sv\/webbinarier\/","og_locale":"sv_SE","og_type":"article","og_title":"Webbinarier","og_description":"Gratis webbinarium online: Hantera din leveranskedja och g\u00f6r din arbetsdag enklare. Vi guidar dig kring IT-setup f\u00f6r just ditt f\u00f6retag","og_url":"https:\/\/rackbeat.com\/sv\/webbinarier\/","og_site_name":"Rackbeat","article_modified_time":"2023-04-19T13:44:40+00:00","twitter_card":"summary_large_image","schema":{"@context":"https:\/\/schema.org","@graph":[{"@type":"WebPage","@id":"https:\/\/rackbeat.com\/sv\/webbinarier\/","url":"https:\/\/rackbeat.com\/sv\/webbinarier\/","name":"Gratis webbinarium | Komplett lager- och ekonomil\u00f6sning | Rackbeat","isPartOf":{"@id":"https:\/\/rackbeat.com\/sv\/#website"},"datePublished":"2022-02-07T12:45:19+00:00","dateModified":"2023-04-19T13:44:40+00:00","description":"Gratis webbinarium online: Hantera din leveranskedja och g\u00f6r din arbetsdag enklare. Vi guidar dig kring IT-setup f\u00f6r just ditt f\u00f6retag","breadcrumb":{"@id":"https:\/\/rackbeat.com\/sv\/webbinarier\/#breadcrumb"},"inLanguage":"sv-SE","potentialAction":[{"@type":"ReadAction","target":["https:\/\/rackbeat.com\/sv\/webbinarier\/"]}]},{"@type":"BreadcrumbList","@id":"https:\/\/rackbeat.com\/sv\/webbinarier\/#breadcrumb","itemListElement":[{"@type":"ListItem","position":1,"name":"Framsida","item":"https:\/\/rackbeat.com\/sv\/"},{"@type":"ListItem","position":2,"name":"Webbinarier"}]},{"@type":"WebSite","@id":"https:\/\/rackbeat.com\/sv\/#website","url":"https:\/\/rackbeat.com\/sv\/","name":"Rackbeat","description":"Effektiv lagerstyring","publisher":{"@id":"https:\/\/rackbeat.com\/sv\/#organization"},"potentialAction":[{"@type":"SearchAction","target":{"@type":"EntryPoint","urlTemplate":"https:\/\/rackbeat.com\/sv\/?s={search_term_string}"},"query-input":{"@type":"PropertyValueSpecification","valueRequired":true,"valueName":"search_term_string"}}],"inLanguage":"sv-SE"},{"@type":"Organization","@id":"https:\/\/rackbeat.com\/sv\/#organization","name":"Rackbeat","url":"https:\/\/rackbeat.com\/sv\/","logo":{"@type":"ImageObject","inLanguage":"sv-SE","@id":"https:\/\/rackbeat.com\/sv\/#\/schema\/logo\/image\/","url":"","contentUrl":"","caption":"Rackbeat"},"image":{"@id":"https:\/\/rackbeat.com\/sv\/#\/schema\/logo\/image\/"}}]}},"ACF":{"hero_title":"Gratis webbinarier","hero_image":false,"hero_sub_title":"","hero_additional_paragraph":"<p>Effektivisera ditt f\u00f6retag med ett Warehouse Management System.<\/p>\n<p>&nbsp;<\/p>\n","hero_button_text":"","hero_button_url":"","content_title":"","list":false,"form_shortcode":"","custom_head_script":""},"_links":{"self":[{"href":"https:\/\/rackbeat.com\/sv\/wp-json\/wp\/v2\/pages\/1174","targetHints":{"allow":["GET"]}}],"collection":[{"href":"https:\/\/rackbeat.com\/sv\/wp-json\/wp\/v2\/pages"}],"about":[{"href":"https:\/\/rackbeat.com\/sv\/wp-json\/wp\/v2\/types\/page"}],"author":[{"embeddable":true,"href":"https:\/\/rackbeat.com\/sv\/wp-json\/wp\/v2\/users\/1"}],"replies":[{"embeddable":true,"href":"https:\/\/rackbeat.com\/sv\/wp-json\/wp\/v2\/comments?post=1174"}],"version-history":[{"count":9,"href":"https:\/\/rackbeat.com\/sv\/wp-json\/wp\/v2\/pages\/1174\/revisions"}],"predecessor-version":[{"id":13272,"href":"https:\/\/rackbeat.com\/sv\/wp-json\/wp\/v2\/pages\/1174\/revisions\/13272"}],"wp:attachment":[{"href":"https:\/\/rackbeat.com\/sv\/wp-json\/wp\/v2\/media?parent=1174"}],"curies":[{"name":"wp","href":"https:\/\/api.w.org\/{rel}","templated":true}]}}