{"id":1161,"date":"2022-02-07T11:11:27","date_gmt":"2022-02-07T11:11:27","guid":{"rendered":"https:\/\/rackbeat.digitalpresent.mk\/why-rackbeat\/"},"modified":"2024-02-22T10:06:01","modified_gmt":"2024-02-22T09:06:01","slug":"varfor-rackbeat","status":"publish","type":"page","link":"https:\/\/rackbeat.com\/sv\/varfor-rackbeat\/","title":{"rendered":"Varf\u00f6r Rackbeat"},"content":{"rendered":"","protected":false},"excerpt":{"rendered":"","protected":false},"author":1,"featured_media":0,"parent":0,"menu_order":0,"comment_status":"closed","ping_status":"closed","template":"page-templates\/why-page.php","meta":{"content-type":"","inline_featured_image":false,"footnotes":""},"class_list":["post-1161","page","type-page","status-publish","hentry"],"yoast_head":"<!-- This site is optimized with the Yoast SEO Premium plugin v20.0 (Yoast SEO v25.9) - https:\/\/yoast.com\/wordpress\/plugins\/seo\/ -->\n<title>Varf\u00f6r v\u00e4lja Rackbeat som din WMS-leverant\u00f6r | Rackbeat<\/title>\n<meta name=\"description\" content=\"Med v\u00e5rt WMS har du alltid de senaste uppdateringarna och funktionerna, utan att beh\u00f6va uppdatera en app manuellt eller betala f\u00f6r ny funktionalitet.\" \/>\n<meta name=\"robots\" content=\"index, follow, max-snippet:-1, max-image-preview:large, max-video-preview:-1\" \/>\n<link rel=\"canonical\" href=\"https:\/\/rackbeat.com\/sv\/varfor-rackbeat\/\" \/>\n<meta property=\"og:locale\" content=\"sv_SE\" \/>\n<meta property=\"og:type\" content=\"article\" \/>\n<meta property=\"og:title\" content=\"Varf\u00f6r Rackbeat\" \/>\n<meta property=\"og:description\" content=\"Med v\u00e5rt WMS har du alltid de senaste uppdateringarna och funktionerna, utan att beh\u00f6va uppdatera en app manuellt eller betala f\u00f6r ny funktionalitet.\" \/>\n<meta property=\"og:url\" content=\"https:\/\/rackbeat.com\/sv\/varfor-rackbeat\/\" \/>\n<meta property=\"og:site_name\" content=\"Rackbeat\" \/>\n<meta property=\"article:modified_time\" content=\"2024-02-22T09:06:01+00:00\" \/>\n<meta name=\"twitter:card\" content=\"summary_large_image\" \/>\n<script type=\"application\/ld+json\" class=\"yoast-schema-graph\">{\"@context\":\"https:\/\/schema.org\",\"@graph\":[{\"@type\":\"WebPage\",\"@id\":\"https:\/\/rackbeat.com\/sv\/varfor-rackbeat\/\",\"url\":\"https:\/\/rackbeat.com\/sv\/varfor-rackbeat\/\",\"name\":\"Varf\u00f6r v\u00e4lja Rackbeat som din WMS-leverant\u00f6r | Rackbeat\",\"isPartOf\":{\"@id\":\"https:\/\/rackbeat.com\/sv\/#website\"},\"datePublished\":\"2022-02-07T11:11:27+00:00\",\"dateModified\":\"2024-02-22T09:06:01+00:00\",\"description\":\"Med v\u00e5rt WMS har du alltid de senaste uppdateringarna och funktionerna, utan att beh\u00f6va uppdatera en app manuellt eller betala f\u00f6r ny funktionalitet.\",\"breadcrumb\":{\"@id\":\"https:\/\/rackbeat.com\/sv\/varfor-rackbeat\/#breadcrumb\"},\"inLanguage\":\"sv-SE\",\"potentialAction\":[{\"@type\":\"ReadAction\",\"target\":[\"https:\/\/rackbeat.com\/sv\/varfor-rackbeat\/\"]}]},{\"@type\":\"BreadcrumbList\",\"@id\":\"https:\/\/rackbeat.com\/sv\/varfor-rackbeat\/#breadcrumb\",\"itemListElement\":[{\"@type\":\"ListItem\",\"position\":1,\"name\":\"Framsida\",\"item\":\"https:\/\/rackbeat.com\/sv\/\"},{\"@type\":\"ListItem\",\"position\":2,\"name\":\"Varf\u00f6r Rackbeat\"}]},{\"@type\":\"WebSite\",\"@id\":\"https:\/\/rackbeat.com\/sv\/#website\",\"url\":\"https:\/\/rackbeat.com\/sv\/\",\"name\":\"Rackbeat\",\"description\":\"Effektiv lagerstyring\",\"publisher\":{\"@id\":\"https:\/\/rackbeat.com\/sv\/#organization\"},\"potentialAction\":[{\"@type\":\"SearchAction\",\"target\":{\"@type\":\"EntryPoint\",\"urlTemplate\":\"https:\/\/rackbeat.com\/sv\/?s={search_term_string}\"},\"query-input\":{\"@type\":\"PropertyValueSpecification\",\"valueRequired\":true,\"valueName\":\"search_term_string\"}}],\"inLanguage\":\"sv-SE\"},{\"@type\":\"Organization\",\"@id\":\"https:\/\/rackbeat.com\/sv\/#organization\",\"name\":\"Rackbeat\",\"url\":\"https:\/\/rackbeat.com\/sv\/\",\"logo\":{\"@type\":\"ImageObject\",\"inLanguage\":\"sv-SE\",\"@id\":\"https:\/\/rackbeat.com\/sv\/#\/schema\/logo\/image\/\",\"url\":\"\",\"contentUrl\":\"\",\"caption\":\"Rackbeat\"},\"image\":{\"@id\":\"https:\/\/rackbeat.com\/sv\/#\/schema\/logo\/image\/\"}}]}<\/script>\n<!-- \/ Yoast SEO Premium plugin. -->","yoast_head_json":{"title":"Varf\u00f6r v\u00e4lja Rackbeat som din WMS-leverant\u00f6r | Rackbeat","description":"Med v\u00e5rt WMS har du alltid de senaste uppdateringarna och funktionerna, utan att beh\u00f6va uppdatera en app manuellt eller betala f\u00f6r ny funktionalitet.","robots":{"index":"index","follow":"follow","max-snippet":"max-snippet:-1","max-image-preview":"max-image-preview:large","max-video-preview":"max-video-preview:-1"},"canonical":"https:\/\/rackbeat.com\/sv\/varfor-rackbeat\/","og_locale":"sv_SE","og_type":"article","og_title":"Varf\u00f6r Rackbeat","og_description":"Med v\u00e5rt WMS har du alltid de senaste uppdateringarna och funktionerna, utan att beh\u00f6va uppdatera en app manuellt eller betala f\u00f6r ny funktionalitet.","og_url":"https:\/\/rackbeat.com\/sv\/varfor-rackbeat\/","og_site_name":"Rackbeat","article_modified_time":"2024-02-22T09:06:01+00:00","twitter_card":"summary_large_image","schema":{"@context":"https:\/\/schema.org","@graph":[{"@type":"WebPage","@id":"https:\/\/rackbeat.com\/sv\/varfor-rackbeat\/","url":"https:\/\/rackbeat.com\/sv\/varfor-rackbeat\/","name":"Varf\u00f6r v\u00e4lja Rackbeat som din WMS-leverant\u00f6r | Rackbeat","isPartOf":{"@id":"https:\/\/rackbeat.com\/sv\/#website"},"datePublished":"2022-02-07T11:11:27+00:00","dateModified":"2024-02-22T09:06:01+00:00","description":"Med v\u00e5rt WMS har du alltid de senaste uppdateringarna och funktionerna, utan att beh\u00f6va uppdatera en app manuellt eller betala f\u00f6r ny funktionalitet.","breadcrumb":{"@id":"https:\/\/rackbeat.com\/sv\/varfor-rackbeat\/#breadcrumb"},"inLanguage":"sv-SE","potentialAction":[{"@type":"ReadAction","target":["https:\/\/rackbeat.com\/sv\/varfor-rackbeat\/"]}]},{"@type":"BreadcrumbList","@id":"https:\/\/rackbeat.com\/sv\/varfor-rackbeat\/#breadcrumb","itemListElement":[{"@type":"ListItem","position":1,"name":"Framsida","item":"https:\/\/rackbeat.com\/sv\/"},{"@type":"ListItem","position":2,"name":"Varf\u00f6r Rackbeat"}]},{"@type":"WebSite","@id":"https:\/\/rackbeat.com\/sv\/#website","url":"https:\/\/rackbeat.com\/sv\/","name":"Rackbeat","description":"Effektiv lagerstyring","publisher":{"@id":"https:\/\/rackbeat.com\/sv\/#organization"},"potentialAction":[{"@type":"SearchAction","target":{"@type":"EntryPoint","urlTemplate":"https:\/\/rackbeat.com\/sv\/?s={search_term_string}"},"query-input":{"@type":"PropertyValueSpecification","valueRequired":true,"valueName":"search_term_string"}}],"inLanguage":"sv-SE"},{"@type":"Organization","@id":"https:\/\/rackbeat.com\/sv\/#organization","name":"Rackbeat","url":"https:\/\/rackbeat.com\/sv\/","logo":{"@type":"ImageObject","inLanguage":"sv-SE","@id":"https:\/\/rackbeat.com\/sv\/#\/schema\/logo\/image\/","url":"","contentUrl":"","caption":"Rackbeat"},"image":{"@id":"https:\/\/rackbeat.com\/sv\/#\/schema\/logo\/image\/"}}]}},"ACF":{"hero_title":"Varf\u00f6r Rackbeat?","hero_image":false,"hero_sub_title":"","hero_additional_paragraph":"<p>Rackbeat \u00e4r en molnbaserad mjukvarul\u00f6sning, vilket inneb\u00e4r att du kan komma \u00e5t ditt lager fr\u00e5n var som helst, 24\/7. Det \u00e4r ett anv\u00e4ndarv\u00e4nligt Warehouse Management System (WMS) som anv\u00e4nder de senaste teknikerna f\u00f6r att automatisera resurskr\u00e4vande uppgifter och g\u00f6r lagerhanteringen snabbare, enklare och mer intelligent.<\/p>\n<p>Med v\u00e5rt WMS har du alltid de senaste uppdateringarna och funktionerna, utan att beh\u00f6va uppdatera en app manuellt eller betala f\u00f6r ny funktionalitet. P\u00e5 s\u00e5 s\u00e4tt kommer du alltid att ha full kontroll i realtid \u00f6ver ditt lager, och du har tillg\u00e5ng till en rad funktioner som vanligtvis bara finns i stora och dyra mjukvarul\u00f6sningar.<\/p>\n\n\t\t<!--HubSpot Call-to-Action Code -->\n\t\t<span class=\"hs-cta-wrapper\" id=\"hs-cta-wrapper-0c345cc0-0a02-4bc8-8019-eeec025f4acc\">\n\t\t<span class=\"hs-cta-node hs-cta-0c345cc0-0a02-4bc8-8019-eeec025f4acc\" id=\"0c345cc0-0a02-4bc8-8019-eeec025f4acc\">\n\t\t<!--[if lte IE 8]>\n\t\t<div id=\"hs-cta-ie-element\"><\/div>\n\t\t<![endif]-->\n\t\t<a href=\"https:\/\/cta-redirect.hubspot.com\/cta\/redirect\/20251362\/0c345cc0-0a02-4bc8-8019-eeec025f4acc\" >\n\t\t<img class=\"hs-cta-img\" id=\"hs-cta-img-0c345cc0-0a02-4bc8-8019-eeec025f4acc\" style=\"border-width:0px;\" src=\"https:\/\/no-cache.hubspot.com\/cta\/default\/20251362\/0c345cc0-0a02-4bc8-8019-eeec025f4acc.png\"  alt=\"New call-to-action\"\/>\n\t\t<\/a>\n\t\t<\/span>\n\t\t<script charset=\"utf-8\" src=\"\/\/js.hubspot.com\/cta\/current.js\"><\/script>\n\t\t<script>\n\t\thbspt.cta.load(20251362, '0c345cc0-0a02-4bc8-8019-eeec025f4acc', {});\n\t\t<\/script>\n\t\t<\/span>\n\t\t<!-- end HubSpot Call-to-Action Code -->\n\t\t\n","hero_button_text":"","hero_button_url":"","image_content":false,"content_title":"Vi hj\u00e4lper lagerdrivna f\u00f6retag att frig\u00f6ra kapital som historiskt sett har bundits i lager","content_next_to_image":"<p><span style=\"font-weight: 400;\">V\u00e5r erfarenhet \u00e4r att sm\u00e5 till medelstora f\u00f6retag kan optimera hela sin leveranskedja genom att anv\u00e4nda Rackbeat. Med funktionalitet som automatiska \u00e5terk\u00f6ps rekommendationer och orderhantering kommer du alltid att ligga steget f\u00f6re. Rackbeat \u00e4r snabbt och enkelt att installera, enkelt att anv\u00e4nda, och j\u00e4mnar ut spelplanen, s\u00e5 att du \u00e4r konkurrenskraftig med \u00e4ven de st\u00f6rsta konkurrenternas avancerade WMS.<\/span><\/p>\n<p><strong>Prova Rackbeat gratis utan bindningstid<br \/>\n<\/strong><span style=\"font-weight: 400;\">Det kan vara skr\u00e4mmande att \u00e4ndra WMS fr\u00e5n n\u00e5got du \u00e4r bekant med till ett helt nytt system. I sj\u00e4lva verket, enligt nya studier, tar det i genomsnitt 15 veckor att ens fatta beslutet att \u00e4ndra WMS. Det \u00e4r d\u00e4rf\u00f6r vi erbjuder en gratis provperiod p\u00e5 Rackbeat, s\u00e5 att du kan testa vattnet innan du best\u00e4mmer dig f\u00f6r hela dyket. Vi tror s\u00e5 mycket p\u00e5 v\u00e5r produkt att vi inte ber dig att binda dig till n\u00e5got innan l\u00f6sningen har \u00f6vertygat dig.<\/span><\/p>\n<p><strong>Grundlig onboarding och gratis support<\/strong><br \/>\nVi erbjuder alla v\u00e5ra kunder tillg\u00e5ng till en grundlig <a href=\"\/sv\/onboarding\/\">onboardingprocess<\/a>, d\u00e4r Rackbeat installeras efter just ditt f\u00f6retags behov. Samtidigt f\u00e5r alla anv\u00e4ndare av systemet en noggrann utbildning i hur det ska anv\u00e4ndas. Dessutom erbjuder vi kostnadsfri support i v\u00e4rldsklass s\u00e5 l\u00e4nge du \u00e4r kund hos oss.<\/p>\n","bottom_content":"<p><span style=\"font-weight: 400;\">Vi vet att det finns en m\u00e4ngd krav p\u00e5 ett WMS utifr\u00e5n behov, \u00f6nskem\u00e5l, bransch och en rad andra faktorer. Det \u00e4r d\u00e4rf\u00f6r Rackbeat g\u00f6r det enkelt att skr\u00e4ddarsy l\u00f6sningen efter ditt f\u00f6retags specifika behov, s\u00e5 att det inte blir n\u00f6dv\u00e4ndigt att byta till ett nytt WMS n\u00e4r f\u00f6retagens behov f\u00f6r\u00e4ndras. Vi har byggt v\u00e5r plattform med flexibilitet i \u00e5tanke, s\u00e5 att du till exempel inte betalar f\u00f6r batchkontroll, om du inte aktivt har valt att g\u00f6ra det. Det s\u00e4kerst\u00e4ller att priset h\u00e5lls l\u00e5gt, utan att det p\u00e5verkar funktionaliteten.<\/span><\/p>\n<p><span style=\"font-weight: 400;\">Dessutom g\u00f6r vi det till en po\u00e4ng att skilja p\u00e5 olika medarbetare. En lagerarbetare har vanligtvis inte samma funktionalitets behov som en lagerchef, s\u00e5 f\u00f6r oss \u00e4r det vettigt att arbetaren inte har samma pris.<\/span><\/p>\n<p><span style=\"font-weight: 400;\">Rackbeat \u00e4r byggt med ett API-first-tillv\u00e4gag\u00e5ngss\u00e4tt, vilket g\u00f6r det enkelt och l\u00e4tt att integrera med din befintliga IT-infrastruktur, inklusive de mest <\/span><a href=\"https:\/\/rackbeat.com\/sv\/integrationer\/\"><span style=\"font-weight: 400;\">popul\u00e4ra redovisnings-, POS-, frakt- och e-handelsplattformarna<\/span><span style=\"font-weight: 400;\">,<\/span><\/a><span style=\"font-weight: 400;\"> s\u00e5 att ditt f\u00f6retags data alltid synkroniseras i realtid mellan plattformar och du g\u00f6r mindre misstag.<\/span><\/p>\n<p><span style=\"font-weight: 400;\">Om du vill l\u00e4sa om varf\u00f6r och hur andra f\u00f6retag anv\u00e4nder Rackbeat, ta en titt p\u00e5 n\u00e5gra av v\u00e5ra kundrekommendationer <\/span><a href=\"https:\/\/rackbeat.com\/sv\/kundstories\/\">h\u00e4r<\/a>.<\/p>\n<p>&nbsp;<\/p>\n<p><strong>Vem \u00e4r Rackbeat?<\/strong><\/p>\n<p>Om du vill f\u00f6rdjupa dig lite mer i Rackbeats DNA, tillkomst och anst\u00e4llda, har vi skapat en sida d\u00e4r du kan l\u00e4sa mer om vem vi egentligen \u00e4r.<\/p>\n<p><!--HubSpot Call-to-Action Code --><span id=\"hs-cta-wrapper-03438d33-261a-4a98-8f1f-bb5810e224b3\" class=\"hs-cta-wrapper\"><span id=\"hs-cta-03438d33-261a-4a98-8f1f-bb5810e224b3\" class=\"hs-cta-node hs-cta-03438d33-261a-4a98-8f1f-bb5810e224b3\"><!-- [if lte IE 8]>\n\n\n<div id=\"hs-cta-ie-element\"><\/div>\n\n\n<![endif]--><a href=\"https:\/\/cta-redirect.hubspot.com\/cta\/redirect\/20251362\/03438d33-261a-4a98-8f1f-bb5810e224b3\"><img decoding=\"async\" id=\"hs-cta-img-03438d33-261a-4a98-8f1f-bb5810e224b3\" class=\"hs-cta-img\" style=\"border-width: 0px;\" src=\"https:\/\/no-cache.hubspot.com\/cta\/default\/20251362\/03438d33-261a-4a98-8f1f-bb5810e224b3.png\" alt=\"L\u00e4s mer om oss\" \/><\/a><\/span><script charset=\"utf-8\" src=\"https:\/\/js.hscta.net\/cta\/current.js\"><\/script><script type=\"text\/javascript\"> hbspt.cta.load(20251362, '03438d33-261a-4a98-8f1f-bb5810e224b3', {\"useNewLoader\":\"true\",\"region\":\"na1\"}); <\/script><\/span><!-- end HubSpot Call-to-Action Code --><\/p>\n","custom_head_script":""},"_links":{"self":[{"href":"https:\/\/rackbeat.com\/sv\/wp-json\/wp\/v2\/pages\/1161","targetHints":{"allow":["GET"]}}],"collection":[{"href":"https:\/\/rackbeat.com\/sv\/wp-json\/wp\/v2\/pages"}],"about":[{"href":"https:\/\/rackbeat.com\/sv\/wp-json\/wp\/v2\/types\/page"}],"author":[{"embeddable":true,"href":"https:\/\/rackbeat.com\/sv\/wp-json\/wp\/v2\/users\/1"}],"replies":[{"embeddable":true,"href":"https:\/\/rackbeat.com\/sv\/wp-json\/wp\/v2\/comments?post=1161"}],"version-history":[{"count":11,"href":"https:\/\/rackbeat.com\/sv\/wp-json\/wp\/v2\/pages\/1161\/revisions"}],"predecessor-version":[{"id":21384,"href":"https:\/\/rackbeat.com\/sv\/wp-json\/wp\/v2\/pages\/1161\/revisions\/21384"}],"wp:attachment":[{"href":"https:\/\/rackbeat.com\/sv\/wp-json\/wp\/v2\/media?parent=1161"}],"curies":[{"name":"wp","href":"https:\/\/api.w.org\/{rel}","templated":true}]}}