{"id":10177,"date":"2022-11-28T15:46:00","date_gmt":"2022-11-28T14:46:00","guid":{"rendered":"https:\/\/rackbeat.com\/?page_id=10177"},"modified":"2022-11-30T13:09:52","modified_gmt":"2022-11-30T12:09:52","slug":"visma-eekonomi-och-rackbeat","status":"publish","type":"page","link":"https:\/\/rackbeat.com\/sv\/visma-eekonomi-och-rackbeat\/","title":{"rendered":"eEkonomi kampagne"},"content":{"rendered":"","protected":false},"excerpt":{"rendered":"","protected":false},"author":2,"featured_media":0,"parent":0,"menu_order":0,"comment_status":"closed","ping_status":"closed","template":"page-templates\/ecommerce.php","meta":{"content-type":"","inline_featured_image":false,"footnotes":""},"class_list":["post-10177","page","type-page","status-publish","hentry"],"yoast_head":"<!-- This site is optimized with the Yoast SEO Premium plugin v20.0 (Yoast SEO v25.9) - https:\/\/yoast.com\/wordpress\/plugins\/seo\/ -->\n<title>Visma eEkonomi och Rackbeat | Gratis fram till slutet av Mars 2023<\/title>\n<meta name=\"description\" content=\"Om du registrerar dig f\u00f6re slutet av 2022 f\u00e5r du full tillg\u00e5ng till Rackbeat helt gratis fram till den 31:a Mars 2023. Detta ger dig gott om tid att f\u00e5 systemet helt under huden och att b\u00e5de f\u00f6rst\u00e5 och testa Rackbeat i samarbete med Visma eEkonomi.\" \/>\n<meta name=\"robots\" content=\"index, follow, max-snippet:-1, max-image-preview:large, max-video-preview:-1\" \/>\n<link rel=\"canonical\" href=\"https:\/\/rackbeat.com\/sv\/visma-eekonomi-och-rackbeat\/\" \/>\n<meta property=\"og:locale\" content=\"sv_SE\" \/>\n<meta property=\"og:type\" content=\"article\" \/>\n<meta property=\"og:title\" content=\"eEkonomi kampagne\" \/>\n<meta property=\"og:description\" content=\"Om du registrerar dig f\u00f6re slutet av 2022 f\u00e5r du full tillg\u00e5ng till Rackbeat helt gratis fram till den 31:a Mars 2023. Detta ger dig gott om tid att f\u00e5 systemet helt under huden och att b\u00e5de f\u00f6rst\u00e5 och testa Rackbeat i samarbete med Visma eEkonomi.\" \/>\n<meta property=\"og:url\" content=\"https:\/\/rackbeat.com\/sv\/visma-eekonomi-och-rackbeat\/\" \/>\n<meta property=\"og:site_name\" content=\"Rackbeat\" \/>\n<meta property=\"article:modified_time\" content=\"2022-11-30T12:09:52+00:00\" \/>\n<meta name=\"twitter:card\" content=\"summary_large_image\" \/>\n<script type=\"application\/ld+json\" class=\"yoast-schema-graph\">{\"@context\":\"https:\/\/schema.org\",\"@graph\":[{\"@type\":\"WebPage\",\"@id\":\"https:\/\/rackbeat.com\/sv\/visma-eekonomi-och-rackbeat\/\",\"url\":\"https:\/\/rackbeat.com\/sv\/visma-eekonomi-och-rackbeat\/\",\"name\":\"Visma eEkonomi och Rackbeat | Gratis fram till slutet av Mars 2023\",\"isPartOf\":{\"@id\":\"https:\/\/rackbeat.com\/sv\/#website\"},\"datePublished\":\"2022-11-28T14:46:00+00:00\",\"dateModified\":\"2022-11-30T12:09:52+00:00\",\"description\":\"Om du registrerar dig f\u00f6re slutet av 2022 f\u00e5r du full tillg\u00e5ng till Rackbeat helt gratis fram till den 31:a Mars 2023. Detta ger dig gott om tid att f\u00e5 systemet helt under huden och att b\u00e5de f\u00f6rst\u00e5 och testa Rackbeat i samarbete med Visma eEkonomi.\",\"breadcrumb\":{\"@id\":\"https:\/\/rackbeat.com\/sv\/visma-eekonomi-och-rackbeat\/#breadcrumb\"},\"inLanguage\":\"sv-SE\",\"potentialAction\":[{\"@type\":\"ReadAction\",\"target\":[\"https:\/\/rackbeat.com\/sv\/visma-eekonomi-och-rackbeat\/\"]}]},{\"@type\":\"BreadcrumbList\",\"@id\":\"https:\/\/rackbeat.com\/sv\/visma-eekonomi-och-rackbeat\/#breadcrumb\",\"itemListElement\":[{\"@type\":\"ListItem\",\"position\":1,\"name\":\"Framsida\",\"item\":\"https:\/\/rackbeat.com\/sv\/\"},{\"@type\":\"ListItem\",\"position\":2,\"name\":\"eEkonomi kampagne\"}]},{\"@type\":\"WebSite\",\"@id\":\"https:\/\/rackbeat.com\/sv\/#website\",\"url\":\"https:\/\/rackbeat.com\/sv\/\",\"name\":\"Rackbeat\",\"description\":\"Effektiv lagerstyring\",\"publisher\":{\"@id\":\"https:\/\/rackbeat.com\/sv\/#organization\"},\"potentialAction\":[{\"@type\":\"SearchAction\",\"target\":{\"@type\":\"EntryPoint\",\"urlTemplate\":\"https:\/\/rackbeat.com\/sv\/?s={search_term_string}\"},\"query-input\":{\"@type\":\"PropertyValueSpecification\",\"valueRequired\":true,\"valueName\":\"search_term_string\"}}],\"inLanguage\":\"sv-SE\"},{\"@type\":\"Organization\",\"@id\":\"https:\/\/rackbeat.com\/sv\/#organization\",\"name\":\"Rackbeat\",\"url\":\"https:\/\/rackbeat.com\/sv\/\",\"logo\":{\"@type\":\"ImageObject\",\"inLanguage\":\"sv-SE\",\"@id\":\"https:\/\/rackbeat.com\/sv\/#\/schema\/logo\/image\/\",\"url\":\"\",\"contentUrl\":\"\",\"caption\":\"Rackbeat\"},\"image\":{\"@id\":\"https:\/\/rackbeat.com\/sv\/#\/schema\/logo\/image\/\"}}]}<\/script>\n<!-- \/ Yoast SEO Premium plugin. -->","yoast_head_json":{"title":"Visma eEkonomi och Rackbeat | Gratis fram till slutet av Mars 2023","description":"Om du registrerar dig f\u00f6re slutet av 2022 f\u00e5r du full tillg\u00e5ng till Rackbeat helt gratis fram till den 31:a Mars 2023. Detta ger dig gott om tid att f\u00e5 systemet helt under huden och att b\u00e5de f\u00f6rst\u00e5 och testa Rackbeat i samarbete med Visma eEkonomi.","robots":{"index":"index","follow":"follow","max-snippet":"max-snippet:-1","max-image-preview":"max-image-preview:large","max-video-preview":"max-video-preview:-1"},"canonical":"https:\/\/rackbeat.com\/sv\/visma-eekonomi-och-rackbeat\/","og_locale":"sv_SE","og_type":"article","og_title":"eEkonomi kampagne","og_description":"Om du registrerar dig f\u00f6re slutet av 2022 f\u00e5r du full tillg\u00e5ng till Rackbeat helt gratis fram till den 31:a Mars 2023. Detta ger dig gott om tid att f\u00e5 systemet helt under huden och att b\u00e5de f\u00f6rst\u00e5 och testa Rackbeat i samarbete med Visma eEkonomi.","og_url":"https:\/\/rackbeat.com\/sv\/visma-eekonomi-och-rackbeat\/","og_site_name":"Rackbeat","article_modified_time":"2022-11-30T12:09:52+00:00","twitter_card":"summary_large_image","schema":{"@context":"https:\/\/schema.org","@graph":[{"@type":"WebPage","@id":"https:\/\/rackbeat.com\/sv\/visma-eekonomi-och-rackbeat\/","url":"https:\/\/rackbeat.com\/sv\/visma-eekonomi-och-rackbeat\/","name":"Visma eEkonomi och Rackbeat | Gratis fram till slutet av Mars 2023","isPartOf":{"@id":"https:\/\/rackbeat.com\/sv\/#website"},"datePublished":"2022-11-28T14:46:00+00:00","dateModified":"2022-11-30T12:09:52+00:00","description":"Om du registrerar dig f\u00f6re slutet av 2022 f\u00e5r du full tillg\u00e5ng till Rackbeat helt gratis fram till den 31:a Mars 2023. Detta ger dig gott om tid att f\u00e5 systemet helt under huden och att b\u00e5de f\u00f6rst\u00e5 och testa Rackbeat i samarbete med Visma eEkonomi.","breadcrumb":{"@id":"https:\/\/rackbeat.com\/sv\/visma-eekonomi-och-rackbeat\/#breadcrumb"},"inLanguage":"sv-SE","potentialAction":[{"@type":"ReadAction","target":["https:\/\/rackbeat.com\/sv\/visma-eekonomi-och-rackbeat\/"]}]},{"@type":"BreadcrumbList","@id":"https:\/\/rackbeat.com\/sv\/visma-eekonomi-och-rackbeat\/#breadcrumb","itemListElement":[{"@type":"ListItem","position":1,"name":"Framsida","item":"https:\/\/rackbeat.com\/sv\/"},{"@type":"ListItem","position":2,"name":"eEkonomi kampagne"}]},{"@type":"WebSite","@id":"https:\/\/rackbeat.com\/sv\/#website","url":"https:\/\/rackbeat.com\/sv\/","name":"Rackbeat","description":"Effektiv lagerstyring","publisher":{"@id":"https:\/\/rackbeat.com\/sv\/#organization"},"potentialAction":[{"@type":"SearchAction","target":{"@type":"EntryPoint","urlTemplate":"https:\/\/rackbeat.com\/sv\/?s={search_term_string}"},"query-input":{"@type":"PropertyValueSpecification","valueRequired":true,"valueName":"search_term_string"}}],"inLanguage":"sv-SE"},{"@type":"Organization","@id":"https:\/\/rackbeat.com\/sv\/#organization","name":"Rackbeat","url":"https:\/\/rackbeat.com\/sv\/","logo":{"@type":"ImageObject","inLanguage":"sv-SE","@id":"https:\/\/rackbeat.com\/sv\/#\/schema\/logo\/image\/","url":"","contentUrl":"","caption":"Rackbeat"},"image":{"@id":"https:\/\/rackbeat.com\/sv\/#\/schema\/logo\/image\/"}}]}},"ACF":{"custom_head_script":"","hero_title":"F\u00e5 full tillg\u00e5ng till Rackbeat helt gratis fram till den 31:a mars 2023!","hero_image":false,"hero_sub_title":"","hero_additional_paragraph":"<p>Det kan vara sv\u00e5rt att ta beslutet att b\u00f6rja anv\u00e4nda ett nytt system och sedan v\u00e4nja sig vid de nya arbetsprocesserna. F\u00f6rdelarna \u00e4r dock p\u00e5tagliga f\u00f6r hela din verksamhet. D\u00e4rf\u00f6r vill vi hj\u00e4lpa dig att komma ig\u00e5ng ordentligt med optimerad lagerhantering.<\/p>\n<p><strong>Om du registrerar dig f\u00f6re slutet av 2022 f\u00e5r du full tillg\u00e5ng till Rackbeat helt gratis fram till den 31:a mars 2023<\/strong>. Detta ger dig gott om tid att f\u00f6rst\u00e5 och testa Rackbeat tillsammans med Visma eEkonomi<\/p>\n\n\t\t<!--HubSpot Call-to-Action Code -->\n\t\t<span class=\"hs-cta-wrapper\" id=\"hs-cta-wrapper-e52341ca-ae03-4160-9baa-9d3dbfa82719\">\n\t\t<span class=\"hs-cta-node hs-cta-e52341ca-ae03-4160-9baa-9d3dbfa82719\" id=\"e52341ca-ae03-4160-9baa-9d3dbfa82719\">\n\t\t<!--[if lte IE 8]>\n\t\t<div id=\"hs-cta-ie-element\"><\/div>\n\t\t<![endif]-->\n\t\t<a href=\"https:\/\/cta-redirect.hubspot.com\/cta\/redirect\/20251362\/e52341ca-ae03-4160-9baa-9d3dbfa82719\" >\n\t\t<img class=\"hs-cta-img\" id=\"hs-cta-img-e52341ca-ae03-4160-9baa-9d3dbfa82719\" style=\"border-width:0px;\" src=\"https:\/\/no-cache.hubspot.com\/cta\/default\/20251362\/e52341ca-ae03-4160-9baa-9d3dbfa82719.png\"  alt=\"New call-to-action\"\/>\n\t\t<\/a>\n\t\t<\/span>\n\t\t<script charset=\"utf-8\" src=\"\/\/js.hubspot.com\/cta\/current.js\"><\/script>\n\t\t<script>\n\t\thbspt.cta.load(20251362, 'e52341ca-ae03-4160-9baa-9d3dbfa82719', {});\n\t\t<\/script>\n\t\t<\/span>\n\t\t<!-- end HubSpot Call-to-Action Code -->\n\t\t\n","hero_button_text":"","hero_button_url":"","show_slider":false,"intro_title":"<b>Anm\u00e4l dig till v\u00e5rt kostnadsfria webbinarium d\u00e4r vi dyker rakt in i hur Rackbeat och Visma eEkonomi kompletterar varandra:<\/b>","intro_content":"<ul>\n<li>Hur du arbetar i Rackbeat &#8211; med fokus p\u00e5 digitalisering och automatisering<\/li>\n<li>Vilka f\u00f6rdelar du f\u00e5r n\u00e4r du anv\u00e4nder Rackbeat i din lagerhantering<\/li>\n<li>Hur du kan digitalisera och effektivisera din verksamhet<\/li>\n<li>Varf\u00f6r Rackbeat och Visma eEkonomi \u00e4r ett bra val<\/li>\n<li>Hur de tv\u00e5 systemen interagerar med varandra och vilken data som delas mellan dem<\/li>\n<li>Hur du enkelt kan anpassa de tv\u00e5 systemen &#8211; s\u00e5 att de st\u00f6der ditt f\u00f6retags arbetsfl\u00f6den<\/li>\n<\/ul>\n<p><a href=\"https:\/\/my.demio.com\/ref\/WbLO8Jxn4ayb8ipS\">Anm\u00e4l dig till webbinariet h\u00e4r.<\/a><\/p>\n<p>&nbsp;<\/p>\n<h2>D\u00e4rf\u00f6r borde du uppgradera ditt Visma eEkonomi med Rackbeat<\/h2>\n<p>N\u00e4r du anv\u00e4nder ett lagerhanteringssystem som \u00e4r integrerat med ditt bokf\u00f6ringsprogram kommer trycket fr\u00e5n dina axlar att l\u00e4tta genom att ta bort den administrativa b\u00f6rdan som utmanar dina \u00f6versikts- och ber\u00e4kningskunskaper.<\/p>\n<p>Ditt lagerhanteringssystem bokf\u00f6r automatiskt alla dina f\u00f6rs\u00e4ljningsordrar s\u00e5 att det inte blir n\u00e5gra misstag i excel-arket p\u00e5 grund av f\u00f6rbisedda poster eller stavfel. Detta inneb\u00e4r att du alltid kommer att ha ett ekonomiskt aktiev\u00e4rde som \u00e4r korrekt samt en stressfri revisor.<\/p>\n<p>Dessutom ger lagerhanteringssystemet dig tillg\u00e5ng till en konkret och l\u00e4ttf\u00f6rst\u00e5elig int\u00e4kts- och f\u00f6rs\u00e4ljningsstatistik s\u00e5 att du kan l\u00e4gga alla dina resurser d\u00e4r det ger dig mest v\u00e4rde. Samtidigt f\u00e5r du en tydlig \u00f6verblick \u00f6ver ditt lager, med vilket du slipper ha varor liggande som annars ger dig en on\u00f6digt h\u00f6g kapitalbindning. S\u00e5ledes kan lagerhanteringssystemet f\u00f6renkla din bokf\u00f6ring och ge dig extra pengar.<\/p>\n<p>&nbsp;<\/p>\n\n\t\t<!--HubSpot Call-to-Action Code -->\n\t\t<span class=\"hs-cta-wrapper\" id=\"hs-cta-wrapper-98b88565-755b-4633-a0d0-a436944b2337\">\n\t\t<span class=\"hs-cta-node hs-cta-98b88565-755b-4633-a0d0-a436944b2337\" id=\"98b88565-755b-4633-a0d0-a436944b2337\">\n\t\t<!--[if lte IE 8]>\n\t\t<div id=\"hs-cta-ie-element\"><\/div>\n\t\t<![endif]-->\n\t\t<a href=\"https:\/\/cta-redirect.hubspot.com\/cta\/redirect\/20251362\/98b88565-755b-4633-a0d0-a436944b2337\" >\n\t\t<img class=\"hs-cta-img\" id=\"hs-cta-img-98b88565-755b-4633-a0d0-a436944b2337\" style=\"border-width:0px;\" src=\"https:\/\/no-cache.hubspot.com\/cta\/default\/20251362\/98b88565-755b-4633-a0d0-a436944b2337.png\"  alt=\"New call-to-action\"\/>\n\t\t<\/a>\n\t\t<\/span>\n\t\t<script charset=\"utf-8\" src=\"\/\/js.hubspot.com\/cta\/current.js\"><\/script>\n\t\t<script>\n\t\thbspt.cta.load(20251362, '98b88565-755b-4633-a0d0-a436944b2337', {});\n\t\t<\/script>\n\t\t<\/span>\n\t\t<!-- end HubSpot Call-to-Action Code -->\n\t\t\n","short_description_heading":"","short_description_content":"","image_boxes":false,"content_boxes_subtitle":"","content_boxes_title":"","content_boxes_content":"","content_boxes_image":false,"second_content_boxes_subtitle":"","second_content_boxes_title":"","second_content_boxes_content":"","second_content_boxes_image":false,"outro_title":"","outro_content":"","testimonials":[{"ID":10213,"post_author":"2","post_date":"2022-11-28 14:57:36","post_date_gmt":"2022-11-28 13:57:36","post_content":"","post_title":"Miniservietten - Jonas L\u00f8vh\u00f8j","post_excerpt":"","post_status":"publish","comment_status":"closed","ping_status":"closed","post_password":"","post_name":"miniservietten-jonas-loevhoej","to_ping":"","pinged":"","post_modified":"2022-11-28 15:11:48","post_modified_gmt":"2022-11-28 14:11:48","post_content_filtered":"","post_parent":0,"guid":"https:\/\/rackbeat.com\/testemonials\/miniservietten-jonas-loevhoej\/","menu_order":0,"post_type":"testemonials","post_mime_type":"","comment_count":"0","filter":"raw"},{"ID":10242,"post_author":"2","post_date":"2022-11-28 15:23:27","post_date_gmt":"2022-11-28 14:23:27","post_content":"","post_title":"Dahl Limited ApS - Christian Dahl","post_excerpt":"","post_status":"publish","comment_status":"closed","ping_status":"closed","post_password":"","post_name":"dahl-limited-aps-christian-dahl","to_ping":"","pinged":"","post_modified":"2022-11-28 15:34:36","post_modified_gmt":"2022-11-28 14:34:36","post_content_filtered":"","post_parent":0,"guid":"https:\/\/rackbeat.com\/testemonials\/dahl-limited-aps-christian-dahl\/","menu_order":0,"post_type":"testemonials","post_mime_type":"","comment_count":"0","filter":"raw"},{"ID":1271,"post_author":"2","post_date":"2022-02-14 14:28:08","post_date_gmt":"2022-02-14 14:28:08","post_content":"<i><span style=\"font-weight: 400;\">Having this much order in our warehouse has proved to be a real eye-opener!<\/span><\/i>\r\n\r\n<i><span style=\"font-weight: 400;\">Rackbeat has really streamlined our workflows, in addition to removing redundant manual processes. I am very satisfied with the way we have integrated Rackbeat. It is as easy as can be.\u201d<\/span><\/i>","post_title":"A-hjort \u2013 Mikkel Vestergaard","post_excerpt":"","post_status":"publish","comment_status":"closed","ping_status":"closed","post_password":"","post_name":"a-hjort","to_ping":"","pinged":"","post_modified":"2022-06-20 09:04:20","post_modified_gmt":"2022-06-20 09:04:20","post_content_filtered":"","post_parent":0,"guid":"https:\/\/rackbeat.digitalpresent.mk\/testemonials\/sam-smith-7\/","menu_order":0,"post_type":"testemonials","post_mime_type":"","comment_count":"0","filter":"raw"},{"ID":10234,"post_author":"2","post_date":"2022-11-28 15:15:30","post_date_gmt":"2022-11-28 14:15:30","post_content":"","post_title":"Melia Food Trade - Jorge Melia","post_excerpt":"","post_status":"publish","comment_status":"closed","ping_status":"closed","post_password":"","post_name":"melia-food-trade-jorge-melia","to_ping":"","pinged":"","post_modified":"2022-11-28 15:19:27","post_modified_gmt":"2022-11-28 14:19:27","post_content_filtered":"","post_parent":0,"guid":"https:\/\/rackbeat.com\/testemonials\/melia-food-trade-jorge-melia\/","menu_order":0,"post_type":"testemonials","post_mime_type":"","comment_count":"0","filter":"raw"},{"ID":1274,"post_author":"2","post_date":"2022-02-14 14:28:08","post_date_gmt":"2022-02-14 14:28:08","post_content":"Rackbeat is attractive due to the functionality of the software, e.g. managing multiple product numbers, barcodes, and product lots. Due to the strength of the Rackbeat software, I am recommending Rackbeat","post_title":"Scanliving - Thomas Bargum","post_excerpt":"","post_status":"publish","comment_status":"closed","ping_status":"closed","post_password":"","post_name":"sam-smith-8","to_ping":"","pinged":"","post_modified":"2022-06-20 09:04:31","post_modified_gmt":"2022-06-20 09:04:31","post_content_filtered":"","post_parent":0,"guid":"https:\/\/rackbeat.digitalpresent.mk\/testemonials\/sam-smith-8\/","menu_order":0,"post_type":"testemonials","post_mime_type":"","comment_count":"0","filter":"raw"},{"ID":1268,"post_author":"2","post_date":"2022-02-14 14:28:08","post_date_gmt":"2022-02-14 14:28:08","post_content":"Rackbeat is attractive due to the functionality of the software, e.g. managing multiple product numbers, barcodes, and product lots. Due to the strength of the Rackbeat software, I am recommending Rackbeat","post_title":"Vantevo \u2013 Steiner Mc Shane","post_excerpt":"","post_status":"publish","comment_status":"closed","ping_status":"closed","post_password":"","post_name":"vantevo","to_ping":"","pinged":"","post_modified":"2022-06-20 09:04:09","post_modified_gmt":"2022-06-20 09:04:09","post_content_filtered":"","post_parent":0,"guid":"https:\/\/rackbeat.digitalpresent.mk\/testemonials\/sam-smith-6\/","menu_order":0,"post_type":"testemonials","post_mime_type":"","comment_count":"0","filter":"raw"}]},"_links":{"self":[{"href":"https:\/\/rackbeat.com\/sv\/wp-json\/wp\/v2\/pages\/10177","targetHints":{"allow":["GET"]}}],"collection":[{"href":"https:\/\/rackbeat.com\/sv\/wp-json\/wp\/v2\/pages"}],"about":[{"href":"https:\/\/rackbeat.com\/sv\/wp-json\/wp\/v2\/types\/page"}],"author":[{"embeddable":true,"href":"https:\/\/rackbeat.com\/sv\/wp-json\/wp\/v2\/users\/2"}],"replies":[{"embeddable":true,"href":"https:\/\/rackbeat.com\/sv\/wp-json\/wp\/v2\/comments?post=10177"}],"version-history":[{"count":16,"href":"https:\/\/rackbeat.com\/sv\/wp-json\/wp\/v2\/pages\/10177\/revisions"}],"predecessor-version":[{"id":10297,"href":"https:\/\/rackbeat.com\/sv\/wp-json\/wp\/v2\/pages\/10177\/revisions\/10297"}],"wp:attachment":[{"href":"https:\/\/rackbeat.com\/sv\/wp-json\/wp\/v2\/media?parent=10177"}],"curies":[{"name":"wp","href":"https:\/\/api.w.org\/{rel}","templated":true}]}}