{"id":9676,"date":"2022-11-25T10:46:18","date_gmt":"2022-11-25T09:46:18","guid":{"rendered":"https:\/\/rackbeat.com\/?page_id=9676"},"modified":"2025-06-03T09:25:43","modified_gmt":"2025-06-03T07:25:43","slug":"bli-sertifisert-rackbeat-partner","status":"publish","type":"page","link":"https:\/\/rackbeat.com\/no\/bli-sertifisert-rackbeat-partner\/","title":{"rendered":"Bli sertifisert Rackbeat-partner"},"content":{"rendered":"<p>&nbsp;<\/p>\n<p>Ved \u00e5 gjennomf\u00f8re Rackbeats nettbaserte sertifisering blir du en offisiell partner. Dette gir deg mulighet til \u00e5 gi kvalifiserte r\u00e5d til eiere og lagerf\u00f8rende virksomheter om hvordan de kan digitalisere sine n\u00e5v\u00e6rende prosesser.<br \/>\nI tillegg til \u00e5 styrke din r\u00e5dgivningskompetanse, f\u00e5r du f\u00f8lgende fordeler:<\/p>\n<ul>\n<li><em>En \u00f8kt synlighet.<\/em> Du blir oppf\u00f8rt i v\u00e5r liste over sertifiserte partnere og kan dermed n\u00e5 ut til flere potensielle kunder.<\/li>\n<li><em>En st\u00f8rre tiltrekningskraft.<\/em> N\u00e5r du kan dokumentere at du har \u00f8kt kompetansen din og sitter p\u00e5 flere verkt\u00f8y for \u00e5 veilede kundene dine, vil b\u00e5de nye og eksisterende kunder legge merke til deg.<\/li>\n<li><em>En mulighet for \u00e5 utvide forretningsmodellen din<\/em>. Som sertifisert partner kan du tilby implementering og onboarding av Rackbeats lagerstyringssystem som en del av din tjenesteportef\u00f8lje.<\/li>\n<\/ul>\n<p>Du har f\u00f8lgende to muligheter i forbindelse med din Rackbeat-sertifisering. Valget ditt avhenger av ditt \u00f8nskede form\u00e5l med sertifiseringen, og hvor dypt du vil dykke ned i systemet:<\/p>\n<p>&nbsp;<\/p>\n<h2>Hva er form\u00e5let med sertifiseringen din?<\/h2>\n<p>&nbsp;<\/p>\n<p><b>1. \u00d8kt kjennskap til systemet<br \/>\n<\/b><\/p>\n<ul>\n<li style=\"list-style-type: none;\">\n<ul>\n<li style=\"font-weight: 400;\" aria-level=\"2\">For deg som \u00f8nsker en informativ sertifisering, hvor du f\u00e5r \u00f8kt kjennskap til Rackbeat.<\/li>\n<li style=\"font-weight: 400;\" aria-level=\"2\">Ideell for deg som \u00f8nsker en fleksibel l\u00e6ringsopplevelse, som gir deg bedre mulighet til \u00e5 veilede dine lagerf\u00f8rende kunder.<\/li>\n<\/ul>\n<\/li>\n<\/ul>\n<p>&nbsp;<\/p>\n<p><strong>2. F\u00e5 kompetanse til \u00e5 hjelpe kunder i gang med Rackbeat<br \/>\n<\/strong><\/p>\n<ul>\n<li style=\"font-weight: 400;\" aria-level=\"2\">For deg som \u00f8nsker en mer utdannende tiln\u00e6rming, slik at du kan trene kunder i systemet og hjelpe dem godt i gang.<\/li>\n<li style=\"font-weight: 400;\" aria-level=\"2\">Perfekt for deg som \u00f8nsker dypere innsikt og praktisk erfaring med Rackbeat.<\/li>\n<li style=\"font-weight: 400;\" aria-level=\"1\"><span style=\"font-weight: 400;\">Her vil du ha mulighet til \u00e5 motta enten nettbasert undervisning eller fysisk oppl\u00e6ring med en Rackbeat-ekspert.<\/span><\/li>\n<\/ul>\n<h2>Slik blir du en sertifisert Rackbeat-partner<\/h2>\n<p>&nbsp;<\/p>\n<p>Prosessen er ukomplisert. Du fyller f\u00f8rst ut kontaktformularet, som vi gjennomg\u00e5r f\u00f8r vi godkjenner deg.<\/p>\n<p>Deretter vil du motta en link til undervisningmaterialet som best\u00e5r av videoer av i alt 5 timers varighet. Videoene er on-demand.<\/p>\n<p>For en suksessfull gjennomf\u00f8ring av sertifiseringen skal du l\u00f8se 3 oppgaver med 10-15 sp\u00f8rsm\u00e5l i hver oppgave.<\/p>\n<p>Du trenger ikke \u00e5 se undervisningsmaterialet eller l\u00f8se oppgavene med en gang, da du f\u00e5r 7 dager til \u00e5 gjennomf\u00f8re sertifiseringen.<\/p>\n","protected":false},"excerpt":{"rendered":"<p>&nbsp; Ved \u00e5 gjennomf\u00f8re Rackbeats nettbaserte sertifisering blir du en offisiell partner. Dette gir deg mulighet til \u00e5 gi kvalifiserte r\u00e5d til eiere og lagerf\u00f8rende virksomheter om hvordan de kan digitalisere sine n\u00e5v\u00e6rende prosesser. I tillegg til \u00e5 styrke din r\u00e5dgivningskompetanse, f\u00e5r du f\u00f8lgende fordeler: En \u00f8kt synlighet. Du blir oppf\u00f8rt i v\u00e5r liste over [&hellip;]<\/p>\n","protected":false},"author":2,"featured_media":0,"parent":0,"menu_order":0,"comment_status":"closed","ping_status":"closed","template":"page-templates\/partnership-contact.php","meta":{"content-type":"","inline_featured_image":false,"footnotes":""},"class_list":["post-9676","page","type-page","status-publish","hentry"],"yoast_head":"<!-- This site is optimized with the Yoast SEO Premium plugin v20.0 (Yoast SEO v25.9) - https:\/\/yoast.com\/wordpress\/plugins\/seo\/ -->\n<title>Bli sertifisert Rackbeat-partner | Rackbeat<\/title>\n<meta name=\"description\" content=\"Du blir en offisiell partner av Rackbeat. Det betyr at du kan r\u00e5dgi eierne av virksomheten og lagerf\u00f8rende virksomheter om digitaliseringen av deres eksisterende setup.\" \/>\n<meta name=\"robots\" content=\"index, follow, max-snippet:-1, max-image-preview:large, max-video-preview:-1\" \/>\n<link rel=\"canonical\" href=\"https:\/\/rackbeat.com\/no\/bli-sertifisert-rackbeat-partner\/\" \/>\n<meta property=\"og:locale\" content=\"en_US\" \/>\n<meta property=\"og:type\" content=\"article\" \/>\n<meta property=\"og:title\" content=\"Bli sertifisert Rackbeat-partner\" \/>\n<meta property=\"og:description\" content=\"Du blir en offisiell partner av Rackbeat. Det betyr at du kan r\u00e5dgi eierne av virksomheten og lagerf\u00f8rende virksomheter om digitaliseringen av deres eksisterende setup.\" \/>\n<meta property=\"og:url\" content=\"https:\/\/rackbeat.com\/no\/bli-sertifisert-rackbeat-partner\/\" \/>\n<meta property=\"og:site_name\" content=\"Rackbeat\" \/>\n<meta property=\"article:modified_time\" content=\"2025-06-03T07:25:43+00:00\" \/>\n<meta name=\"twitter:card\" content=\"summary_large_image\" \/>\n<meta name=\"twitter:label1\" content=\"Est. reading time\" \/>\n\t<meta name=\"twitter:data1\" content=\"2 minutes\" \/>\n<script type=\"application\/ld+json\" class=\"yoast-schema-graph\">{\"@context\":\"https:\/\/schema.org\",\"@graph\":[{\"@type\":\"WebPage\",\"@id\":\"https:\/\/rackbeat.com\/no\/bli-sertifisert-rackbeat-partner\/\",\"url\":\"https:\/\/rackbeat.com\/no\/bli-sertifisert-rackbeat-partner\/\",\"name\":\"Bli sertifisert Rackbeat-partner | Rackbeat\",\"isPartOf\":{\"@id\":\"https:\/\/rackbeat.com\/no\/#website\"},\"datePublished\":\"2022-11-25T09:46:18+00:00\",\"dateModified\":\"2025-06-03T07:25:43+00:00\",\"description\":\"Du blir en offisiell partner av Rackbeat. Det betyr at du kan r\u00e5dgi eierne av virksomheten og lagerf\u00f8rende virksomheter om digitaliseringen av deres eksisterende setup.\",\"breadcrumb\":{\"@id\":\"https:\/\/rackbeat.com\/no\/bli-sertifisert-rackbeat-partner\/#breadcrumb\"},\"inLanguage\":\"no\",\"potentialAction\":[{\"@type\":\"ReadAction\",\"target\":[\"https:\/\/rackbeat.com\/no\/bli-sertifisert-rackbeat-partner\/\"]}]},{\"@type\":\"BreadcrumbList\",\"@id\":\"https:\/\/rackbeat.com\/no\/bli-sertifisert-rackbeat-partner\/#breadcrumb\",\"itemListElement\":[{\"@type\":\"ListItem\",\"position\":1,\"name\":\"Forside\",\"item\":\"https:\/\/rackbeat.com\/no\/\"},{\"@type\":\"ListItem\",\"position\":2,\"name\":\"Bli sertifisert Rackbeat-partner\"}]},{\"@type\":\"WebSite\",\"@id\":\"https:\/\/rackbeat.com\/no\/#website\",\"url\":\"https:\/\/rackbeat.com\/no\/\",\"name\":\"Rackbeat\",\"description\":\"Effektiv lagerstyring\",\"publisher\":{\"@id\":\"https:\/\/rackbeat.com\/no\/#organization\"},\"potentialAction\":[{\"@type\":\"SearchAction\",\"target\":{\"@type\":\"EntryPoint\",\"urlTemplate\":\"https:\/\/rackbeat.com\/no\/?s={search_term_string}\"},\"query-input\":{\"@type\":\"PropertyValueSpecification\",\"valueRequired\":true,\"valueName\":\"search_term_string\"}}],\"inLanguage\":\"no\"},{\"@type\":\"Organization\",\"@id\":\"https:\/\/rackbeat.com\/no\/#organization\",\"name\":\"Rackbeat\",\"url\":\"https:\/\/rackbeat.com\/no\/\",\"logo\":{\"@type\":\"ImageObject\",\"inLanguage\":\"no\",\"@id\":\"https:\/\/rackbeat.com\/no\/#\/schema\/logo\/image\/\",\"url\":\"\",\"contentUrl\":\"\",\"caption\":\"Rackbeat\"},\"image\":{\"@id\":\"https:\/\/rackbeat.com\/no\/#\/schema\/logo\/image\/\"}}]}<\/script>\n<!-- \/ Yoast SEO Premium plugin. -->","yoast_head_json":{"title":"Bli sertifisert Rackbeat-partner | Rackbeat","description":"Du blir en offisiell partner av Rackbeat. Det betyr at du kan r\u00e5dgi eierne av virksomheten og lagerf\u00f8rende virksomheter om digitaliseringen av deres eksisterende setup.","robots":{"index":"index","follow":"follow","max-snippet":"max-snippet:-1","max-image-preview":"max-image-preview:large","max-video-preview":"max-video-preview:-1"},"canonical":"https:\/\/rackbeat.com\/no\/bli-sertifisert-rackbeat-partner\/","og_locale":"en_US","og_type":"article","og_title":"Bli sertifisert Rackbeat-partner","og_description":"Du blir en offisiell partner av Rackbeat. Det betyr at du kan r\u00e5dgi eierne av virksomheten og lagerf\u00f8rende virksomheter om digitaliseringen av deres eksisterende setup.","og_url":"https:\/\/rackbeat.com\/no\/bli-sertifisert-rackbeat-partner\/","og_site_name":"Rackbeat","article_modified_time":"2025-06-03T07:25:43+00:00","twitter_card":"summary_large_image","twitter_misc":{"Est. reading time":"2 minutes"},"schema":{"@context":"https:\/\/schema.org","@graph":[{"@type":"WebPage","@id":"https:\/\/rackbeat.com\/no\/bli-sertifisert-rackbeat-partner\/","url":"https:\/\/rackbeat.com\/no\/bli-sertifisert-rackbeat-partner\/","name":"Bli sertifisert Rackbeat-partner | Rackbeat","isPartOf":{"@id":"https:\/\/rackbeat.com\/no\/#website"},"datePublished":"2022-11-25T09:46:18+00:00","dateModified":"2025-06-03T07:25:43+00:00","description":"Du blir en offisiell partner av Rackbeat. Det betyr at du kan r\u00e5dgi eierne av virksomheten og lagerf\u00f8rende virksomheter om digitaliseringen av deres eksisterende setup.","breadcrumb":{"@id":"https:\/\/rackbeat.com\/no\/bli-sertifisert-rackbeat-partner\/#breadcrumb"},"inLanguage":"no","potentialAction":[{"@type":"ReadAction","target":["https:\/\/rackbeat.com\/no\/bli-sertifisert-rackbeat-partner\/"]}]},{"@type":"BreadcrumbList","@id":"https:\/\/rackbeat.com\/no\/bli-sertifisert-rackbeat-partner\/#breadcrumb","itemListElement":[{"@type":"ListItem","position":1,"name":"Forside","item":"https:\/\/rackbeat.com\/no\/"},{"@type":"ListItem","position":2,"name":"Bli sertifisert Rackbeat-partner"}]},{"@type":"WebSite","@id":"https:\/\/rackbeat.com\/no\/#website","url":"https:\/\/rackbeat.com\/no\/","name":"Rackbeat","description":"Effektiv lagerstyring","publisher":{"@id":"https:\/\/rackbeat.com\/no\/#organization"},"potentialAction":[{"@type":"SearchAction","target":{"@type":"EntryPoint","urlTemplate":"https:\/\/rackbeat.com\/no\/?s={search_term_string}"},"query-input":{"@type":"PropertyValueSpecification","valueRequired":true,"valueName":"search_term_string"}}],"inLanguage":"no"},{"@type":"Organization","@id":"https:\/\/rackbeat.com\/no\/#organization","name":"Rackbeat","url":"https:\/\/rackbeat.com\/no\/","logo":{"@type":"ImageObject","inLanguage":"no","@id":"https:\/\/rackbeat.com\/no\/#\/schema\/logo\/image\/","url":"","contentUrl":"","caption":"Rackbeat"},"image":{"@id":"https:\/\/rackbeat.com\/no\/#\/schema\/logo\/image\/"}}]}},"ACF":{"video_embed":"","phone_number":"+47 21 60 78 09 ","email":"partner@rackbeat.com","address":"Karenslyst all\u00e9 56, 0277 Oslo","working_days":"","working_hours":"09:00-15:00","contact_form_shortcode":"[hubspot type=\"form\" portal=\"20251362\" id=\"fc422ac5-636c-40b3-b6ff-0c6b8d71328a\"]","slider_title":"N\u00e5v\u00e6rende partnere","image_boxes_slider":[{"image":"https:\/\/rackbeat.com\/wp-content\/uploads\/2022\/03\/Tripletex-logo-transparent-1.png","link":"https:\/\/www.tripletex.no\/"},{"image":"https:\/\/rackbeat.com\/wp-content\/uploads\/2022\/08\/PO_horisontal_pos_R.png","link":"https:\/\/www.poweroffice.no\/"},{"image":"https:\/\/rackbeat.com\/wp-content\/uploads\/2022\/02\/Ordrestyring1-e1648555497290.png","link":"https:\/\/ordrestyring.dk\/"},{"image":"https:\/\/rackbeat.com\/wp-content\/uploads\/2022\/04\/pwc.png","link":"https:\/\/www.pwc.dk\/"},{"image":"https:\/\/rackbeat.com\/wp-content\/uploads\/2022\/12\/Addvant_logo-01.png","link":"https:\/\/addvant.no\/"},{"image":"https:\/\/rackbeat.com\/wp-content\/uploads\/2022\/04\/ekontoret.png","link":"https:\/\/www.ekontoret.dk\/"},{"image":"https:\/\/rackbeat.com\/wp-content\/uploads\/2022\/04\/Logo-CMYK-1.png","link":"https:\/\/cereda.dk\/"},{"image":"https:\/\/rackbeat.com\/wp-content\/uploads\/2022\/04\/Foreningen-danske-revisorer-logo.png","link":"https:\/\/fdr.dk\/"},{"image":"https:\/\/rackbeat.com\/wp-content\/uploads\/2022\/02\/Shopbox-logo1-e1648555715565.png","link":"https:\/\/shopbox.com\/"},{"image":"https:\/\/rackbeat.com\/wp-content\/uploads\/2022\/02\/Servicepos-logo1-e1648555388610.png","link":"https:\/\/servicepos.com\/"},{"image":"https:\/\/rackbeat.com\/wp-content\/uploads\/2022\/02\/billy_logo_black.png","link":"https:\/\/www.billy.dk\/"},{"image":"https:\/\/rackbeat.com\/wp-content\/uploads\/2022\/04\/digitalist_logo3.png","link":"https:\/\/digitalist.dk\/"}],"image_content":false,"custom_head_script":"","contact_form_title":"","contact_image":false},"_links":{"self":[{"href":"https:\/\/rackbeat.com\/no\/wp-json\/wp\/v2\/pages\/9676","targetHints":{"allow":["GET"]}}],"collection":[{"href":"https:\/\/rackbeat.com\/no\/wp-json\/wp\/v2\/pages"}],"about":[{"href":"https:\/\/rackbeat.com\/no\/wp-json\/wp\/v2\/types\/page"}],"author":[{"embeddable":true,"href":"https:\/\/rackbeat.com\/no\/wp-json\/wp\/v2\/users\/2"}],"replies":[{"embeddable":true,"href":"https:\/\/rackbeat.com\/no\/wp-json\/wp\/v2\/comments?post=9676"}],"version-history":[{"count":15,"href":"https:\/\/rackbeat.com\/no\/wp-json\/wp\/v2\/pages\/9676\/revisions"}],"predecessor-version":[{"id":32016,"href":"https:\/\/rackbeat.com\/no\/wp-json\/wp\/v2\/pages\/9676\/revisions\/32016"}],"wp:attachment":[{"href":"https:\/\/rackbeat.com\/no\/wp-json\/wp\/v2\/media?parent=9676"}],"curies":[{"name":"wp","href":"https:\/\/api.w.org\/{rel}","templated":true}]}}