{"id":8633,"date":"2022-11-30T14:01:58","date_gmt":"2022-11-30T13:01:58","guid":{"rendered":"https:\/\/rackbeat.com\/?page_id=8633"},"modified":"2022-11-30T14:01:58","modified_gmt":"2022-11-30T13:01:58","slug":"gratis-guide-til-ditt-valg-av-lagerstyringssystem","status":"publish","type":"page","link":"https:\/\/rackbeat.com\/no\/gratis-guide-til-ditt-valg-av-lagerstyringssystem\/","title":{"rendered":"Gratis guide til ditt valg av lagerstyringssystem"},"content":{"rendered":"<p>Hvis du vil ha fullt overblikk over lageret ditt, sikre forsyningskjeden din og kontrollere ordreflyten din, er det viktig \u00e5 velge den riktige l\u00f8sningen for din lagerstyring.<\/p>\n<p>Men f\u00f8r du begynner \u00e5 ringe rundt for \u00e5 finne et lagerstyringssystem, er det en god id\u00e9 \u00e5 f\u00e5 styr p\u00e5 de konkrete behovene dine.<\/p>\n<p>Derfor vil du i denne guiden bli tatt gjennom de vurderingene du burde gj\u00f8re slik at du kan velge det optimale lagerstyringssystemet for deg.<\/p>\n<p>&nbsp;<\/p>\n<h6><strong>Finn l\u00f8sningen til <em>dine<\/em> behov<\/strong><\/h6>\n<p>&nbsp;<\/p>\n<p><span style=\"font-weight: 400;\">N\u00e5r du har lest denne guiden vil du blant annet kunne svare p\u00e5 f\u00f8lgende sp\u00f8rsm\u00e5l:<\/span><\/p>\n<ul>\n<li>Hva er de viktigste kravene du SKAL stille i forhold til produkth\u00e5ndtering i nettopp din bransje og for dine kundetyper?<\/li>\n<li>Hvordan passer et lagerstyringssystem inn i ditt n\u00e5v\u00e6rende setup?<\/li>\n<li>Hvordan fremtidssikres ditt valg, slik at du f\u00e5r et digitalt setup som kan im\u00f8tekomme dine ambisjoner?<\/li>\n<\/ul>\n<p>&nbsp;<\/p>\n","protected":false},"excerpt":{"rendered":"<p>Hvis du vil ha fullt overblikk over lageret ditt, sikre forsyningskjeden din og kontrollere ordreflyten din, er det viktig \u00e5 velge den riktige l\u00f8sningen for din lagerstyring. Men f\u00f8r du begynner \u00e5 ringe rundt for \u00e5 finne et lagerstyringssystem, er det en god id\u00e9 \u00e5 f\u00e5 styr p\u00e5 de konkrete behovene dine. Derfor vil du [&hellip;]<\/p>\n","protected":false},"author":2,"featured_media":0,"parent":0,"menu_order":0,"comment_status":"closed","ping_status":"closed","template":"page-templates\/contact-page-new.php","meta":{"content-type":"","inline_featured_image":false,"footnotes":""},"class_list":["post-8633","page","type-page","status-publish","hentry"],"yoast_head":"<!-- This site is optimized with the Yoast SEO Premium plugin v20.0 (Yoast SEO v25.9) - https:\/\/yoast.com\/wordpress\/plugins\/seo\/ -->\n<title>Gratis guide til ditt valg av lagerstyringssystem | Rackbeat<\/title>\n<meta name=\"description\" content=\"Hvis forretningen din skal kunne konkurrere med de andre tilbyderne p\u00e5 markedet og im\u00f8tekomme kundenes ettersp\u00f8rsel, er det viktig \u00e5 velge den riktige l\u00f8sningen til lagerstyring.\" \/>\n<meta name=\"robots\" content=\"index, follow, max-snippet:-1, max-image-preview:large, max-video-preview:-1\" \/>\n<link rel=\"canonical\" href=\"https:\/\/rackbeat.com\/no\/gratis-guide-til-ditt-valg-av-lagerstyringssystem\/\" \/>\n<meta property=\"og:locale\" content=\"en_US\" \/>\n<meta property=\"og:type\" content=\"article\" \/>\n<meta property=\"og:title\" content=\"Gratis guide til ditt valg av lagerstyringssystem\" \/>\n<meta property=\"og:description\" content=\"Hvis forretningen din skal kunne konkurrere med de andre tilbyderne p\u00e5 markedet og im\u00f8tekomme kundenes ettersp\u00f8rsel, er det viktig \u00e5 velge den riktige l\u00f8sningen til lagerstyring.\" \/>\n<meta property=\"og:url\" content=\"https:\/\/rackbeat.com\/no\/gratis-guide-til-ditt-valg-av-lagerstyringssystem\/\" \/>\n<meta property=\"og:site_name\" content=\"Rackbeat\" \/>\n<meta name=\"twitter:card\" content=\"summary_large_image\" \/>\n<meta name=\"twitter:label1\" content=\"Est. reading time\" \/>\n\t<meta name=\"twitter:data1\" content=\"1 minute\" \/>\n<script type=\"application\/ld+json\" class=\"yoast-schema-graph\">{\"@context\":\"https:\/\/schema.org\",\"@graph\":[{\"@type\":\"WebPage\",\"@id\":\"https:\/\/rackbeat.com\/no\/gratis-guide-til-ditt-valg-av-lagerstyringssystem\/\",\"url\":\"https:\/\/rackbeat.com\/no\/gratis-guide-til-ditt-valg-av-lagerstyringssystem\/\",\"name\":\"Gratis guide til ditt valg av lagerstyringssystem | Rackbeat\",\"isPartOf\":{\"@id\":\"https:\/\/rackbeat.com\/no\/#website\"},\"datePublished\":\"2022-11-30T13:01:58+00:00\",\"description\":\"Hvis forretningen din skal kunne konkurrere med de andre tilbyderne p\u00e5 markedet og im\u00f8tekomme kundenes ettersp\u00f8rsel, er det viktig \u00e5 velge den riktige l\u00f8sningen til lagerstyring.\",\"breadcrumb\":{\"@id\":\"https:\/\/rackbeat.com\/no\/gratis-guide-til-ditt-valg-av-lagerstyringssystem\/#breadcrumb\"},\"inLanguage\":\"no\",\"potentialAction\":[{\"@type\":\"ReadAction\",\"target\":[\"https:\/\/rackbeat.com\/no\/gratis-guide-til-ditt-valg-av-lagerstyringssystem\/\"]}]},{\"@type\":\"BreadcrumbList\",\"@id\":\"https:\/\/rackbeat.com\/no\/gratis-guide-til-ditt-valg-av-lagerstyringssystem\/#breadcrumb\",\"itemListElement\":[{\"@type\":\"ListItem\",\"position\":1,\"name\":\"Forside\",\"item\":\"https:\/\/rackbeat.com\/no\/\"},{\"@type\":\"ListItem\",\"position\":2,\"name\":\"Gratis guide til ditt valg av lagerstyringssystem\"}]},{\"@type\":\"WebSite\",\"@id\":\"https:\/\/rackbeat.com\/no\/#website\",\"url\":\"https:\/\/rackbeat.com\/no\/\",\"name\":\"Rackbeat\",\"description\":\"Effektiv lagerstyring\",\"publisher\":{\"@id\":\"https:\/\/rackbeat.com\/no\/#organization\"},\"potentialAction\":[{\"@type\":\"SearchAction\",\"target\":{\"@type\":\"EntryPoint\",\"urlTemplate\":\"https:\/\/rackbeat.com\/no\/?s={search_term_string}\"},\"query-input\":{\"@type\":\"PropertyValueSpecification\",\"valueRequired\":true,\"valueName\":\"search_term_string\"}}],\"inLanguage\":\"no\"},{\"@type\":\"Organization\",\"@id\":\"https:\/\/rackbeat.com\/no\/#organization\",\"name\":\"Rackbeat\",\"url\":\"https:\/\/rackbeat.com\/no\/\",\"logo\":{\"@type\":\"ImageObject\",\"inLanguage\":\"no\",\"@id\":\"https:\/\/rackbeat.com\/no\/#\/schema\/logo\/image\/\",\"url\":\"\",\"contentUrl\":\"\",\"caption\":\"Rackbeat\"},\"image\":{\"@id\":\"https:\/\/rackbeat.com\/no\/#\/schema\/logo\/image\/\"}}]}<\/script>\n<!-- \/ Yoast SEO Premium plugin. -->","yoast_head_json":{"title":"Gratis guide til ditt valg av lagerstyringssystem | Rackbeat","description":"Hvis forretningen din skal kunne konkurrere med de andre tilbyderne p\u00e5 markedet og im\u00f8tekomme kundenes ettersp\u00f8rsel, er det viktig \u00e5 velge den riktige l\u00f8sningen til lagerstyring.","robots":{"index":"index","follow":"follow","max-snippet":"max-snippet:-1","max-image-preview":"max-image-preview:large","max-video-preview":"max-video-preview:-1"},"canonical":"https:\/\/rackbeat.com\/no\/gratis-guide-til-ditt-valg-av-lagerstyringssystem\/","og_locale":"en_US","og_type":"article","og_title":"Gratis guide til ditt valg av lagerstyringssystem","og_description":"Hvis forretningen din skal kunne konkurrere med de andre tilbyderne p\u00e5 markedet og im\u00f8tekomme kundenes ettersp\u00f8rsel, er det viktig \u00e5 velge den riktige l\u00f8sningen til lagerstyring.","og_url":"https:\/\/rackbeat.com\/no\/gratis-guide-til-ditt-valg-av-lagerstyringssystem\/","og_site_name":"Rackbeat","twitter_card":"summary_large_image","twitter_misc":{"Est. reading time":"1 minute"},"schema":{"@context":"https:\/\/schema.org","@graph":[{"@type":"WebPage","@id":"https:\/\/rackbeat.com\/no\/gratis-guide-til-ditt-valg-av-lagerstyringssystem\/","url":"https:\/\/rackbeat.com\/no\/gratis-guide-til-ditt-valg-av-lagerstyringssystem\/","name":"Gratis guide til ditt valg av lagerstyringssystem | Rackbeat","isPartOf":{"@id":"https:\/\/rackbeat.com\/no\/#website"},"datePublished":"2022-11-30T13:01:58+00:00","description":"Hvis forretningen din skal kunne konkurrere med de andre tilbyderne p\u00e5 markedet og im\u00f8tekomme kundenes ettersp\u00f8rsel, er det viktig \u00e5 velge den riktige l\u00f8sningen til lagerstyring.","breadcrumb":{"@id":"https:\/\/rackbeat.com\/no\/gratis-guide-til-ditt-valg-av-lagerstyringssystem\/#breadcrumb"},"inLanguage":"no","potentialAction":[{"@type":"ReadAction","target":["https:\/\/rackbeat.com\/no\/gratis-guide-til-ditt-valg-av-lagerstyringssystem\/"]}]},{"@type":"BreadcrumbList","@id":"https:\/\/rackbeat.com\/no\/gratis-guide-til-ditt-valg-av-lagerstyringssystem\/#breadcrumb","itemListElement":[{"@type":"ListItem","position":1,"name":"Forside","item":"https:\/\/rackbeat.com\/no\/"},{"@type":"ListItem","position":2,"name":"Gratis guide til ditt valg av lagerstyringssystem"}]},{"@type":"WebSite","@id":"https:\/\/rackbeat.com\/no\/#website","url":"https:\/\/rackbeat.com\/no\/","name":"Rackbeat","description":"Effektiv lagerstyring","publisher":{"@id":"https:\/\/rackbeat.com\/no\/#organization"},"potentialAction":[{"@type":"SearchAction","target":{"@type":"EntryPoint","urlTemplate":"https:\/\/rackbeat.com\/no\/?s={search_term_string}"},"query-input":{"@type":"PropertyValueSpecification","valueRequired":true,"valueName":"search_term_string"}}],"inLanguage":"no"},{"@type":"Organization","@id":"https:\/\/rackbeat.com\/no\/#organization","name":"Rackbeat","url":"https:\/\/rackbeat.com\/no\/","logo":{"@type":"ImageObject","inLanguage":"no","@id":"https:\/\/rackbeat.com\/no\/#\/schema\/logo\/image\/","url":"","contentUrl":"","caption":"Rackbeat"},"image":{"@id":"https:\/\/rackbeat.com\/no\/#\/schema\/logo\/image\/"}}]}},"ACF":{"custom_head_script":"","image":false,"contact_form_shortcode":"[hubspot type=\"form\" portal=\"20251362\" id=\"a828fdab-4975-464c-8786-384c0fa9bada\"]","video":"<iframe title=\"Velg det riktige lagerstyringssystemet\" width=\"520\" height=\"390\" src=\"https:\/\/www.youtube.com\/embed\/L_LQfHw8DvM?feature=oembed\" frameborder=\"0\" allow=\"accelerometer; autoplay; clipboard-write; encrypted-media; gyroscope; picture-in-picture; web-share\" referrerpolicy=\"strict-origin-when-cross-origin\" allowfullscreen><\/iframe>"},"_links":{"self":[{"href":"https:\/\/rackbeat.com\/no\/wp-json\/wp\/v2\/pages\/8633","targetHints":{"allow":["GET"]}}],"collection":[{"href":"https:\/\/rackbeat.com\/no\/wp-json\/wp\/v2\/pages"}],"about":[{"href":"https:\/\/rackbeat.com\/no\/wp-json\/wp\/v2\/types\/page"}],"author":[{"embeddable":true,"href":"https:\/\/rackbeat.com\/no\/wp-json\/wp\/v2\/users\/2"}],"replies":[{"embeddable":true,"href":"https:\/\/rackbeat.com\/no\/wp-json\/wp\/v2\/comments?post=8633"}],"version-history":[{"count":6,"href":"https:\/\/rackbeat.com\/no\/wp-json\/wp\/v2\/pages\/8633\/revisions"}],"predecessor-version":[{"id":9107,"href":"https:\/\/rackbeat.com\/no\/wp-json\/wp\/v2\/pages\/8633\/revisions\/9107"}],"wp:attachment":[{"href":"https:\/\/rackbeat.com\/no\/wp-json\/wp\/v2\/media?parent=8633"}],"curies":[{"name":"wp","href":"https:\/\/api.w.org\/{rel}","templated":true}]}}