{"id":7405,"date":"2022-06-30T09:32:00","date_gmt":"2022-06-30T09:32:00","guid":{"rendered":"https:\/\/rackbeat.com\/?page_id=7405"},"modified":"2023-10-25T07:22:34","modified_gmt":"2023-10-25T06:22:34","slug":"serienummerkontroll","status":"publish","type":"page","link":"https:\/\/rackbeat.com\/no\/serienummerkontroll\/","title":{"rendered":"Serienummerkontroll"},"content":{"rendered":"","protected":false},"excerpt":{"rendered":"","protected":false},"author":2,"featured_media":0,"parent":0,"menu_order":0,"comment_status":"closed","ping_status":"closed","template":"page-templates\/prices-subscription.php","meta":{"content-type":"","inline_featured_image":false,"footnotes":""},"class_list":["post-7405","page","type-page","status-publish","hentry"],"yoast_head":"<!-- This site is optimized with the Yoast SEO Premium plugin v20.0 (Yoast SEO v25.9) - https:\/\/yoast.com\/wordpress\/plugins\/seo\/ -->\n<title>Serienummerkontroll | Oppn\u00e5 bedre sporing | Rackbeat<\/title>\n<meta name=\"description\" content=\"Gj\u00f8r arbeidet med \u00e5 h\u00e5ndtere varer mye enklere med v\u00e5r modul for serienummerkontroll. Unik sporing gir deg full oversikt.\" \/>\n<meta name=\"robots\" content=\"index, follow, max-snippet:-1, max-image-preview:large, max-video-preview:-1\" \/>\n<link rel=\"canonical\" href=\"https:\/\/rackbeat.com\/no\/serienummerkontroll\/\" \/>\n<meta property=\"og:locale\" content=\"en_US\" \/>\n<meta property=\"og:type\" content=\"article\" \/>\n<meta property=\"og:title\" content=\"Serienummerkontroll\" \/>\n<meta property=\"og:description\" content=\"Gj\u00f8r arbeidet med \u00e5 h\u00e5ndtere varer mye enklere med v\u00e5r modul for serienummerkontroll. Unik sporing gir deg full oversikt.\" \/>\n<meta property=\"og:url\" content=\"https:\/\/rackbeat.com\/no\/serienummerkontroll\/\" \/>\n<meta property=\"og:site_name\" content=\"Rackbeat\" \/>\n<meta property=\"article:modified_time\" content=\"2023-10-25T06:22:34+00:00\" \/>\n<meta name=\"twitter:card\" content=\"summary_large_image\" \/>\n<script type=\"application\/ld+json\" class=\"yoast-schema-graph\">{\"@context\":\"https:\/\/schema.org\",\"@graph\":[{\"@type\":\"WebPage\",\"@id\":\"https:\/\/rackbeat.com\/no\/serienummerkontroll\/\",\"url\":\"https:\/\/rackbeat.com\/no\/serienummerkontroll\/\",\"name\":\"Serienummerkontroll | Oppn\u00e5 bedre sporing | Rackbeat\",\"isPartOf\":{\"@id\":\"https:\/\/rackbeat.com\/no\/#website\"},\"datePublished\":\"2022-06-30T09:32:00+00:00\",\"dateModified\":\"2023-10-25T06:22:34+00:00\",\"description\":\"Gj\u00f8r arbeidet med \u00e5 h\u00e5ndtere varer mye enklere med v\u00e5r modul for serienummerkontroll. Unik sporing gir deg full oversikt.\",\"breadcrumb\":{\"@id\":\"https:\/\/rackbeat.com\/no\/serienummerkontroll\/#breadcrumb\"},\"inLanguage\":\"no\",\"potentialAction\":[{\"@type\":\"ReadAction\",\"target\":[\"https:\/\/rackbeat.com\/no\/serienummerkontroll\/\"]}]},{\"@type\":\"BreadcrumbList\",\"@id\":\"https:\/\/rackbeat.com\/no\/serienummerkontroll\/#breadcrumb\",\"itemListElement\":[{\"@type\":\"ListItem\",\"position\":1,\"name\":\"Forside\",\"item\":\"https:\/\/rackbeat.com\/no\/\"},{\"@type\":\"ListItem\",\"position\":2,\"name\":\"Serienummerkontroll\"}]},{\"@type\":\"WebSite\",\"@id\":\"https:\/\/rackbeat.com\/no\/#website\",\"url\":\"https:\/\/rackbeat.com\/no\/\",\"name\":\"Rackbeat\",\"description\":\"Effektiv lagerstyring\",\"publisher\":{\"@id\":\"https:\/\/rackbeat.com\/no\/#organization\"},\"potentialAction\":[{\"@type\":\"SearchAction\",\"target\":{\"@type\":\"EntryPoint\",\"urlTemplate\":\"https:\/\/rackbeat.com\/no\/?s={search_term_string}\"},\"query-input\":{\"@type\":\"PropertyValueSpecification\",\"valueRequired\":true,\"valueName\":\"search_term_string\"}}],\"inLanguage\":\"no\"},{\"@type\":\"Organization\",\"@id\":\"https:\/\/rackbeat.com\/no\/#organization\",\"name\":\"Rackbeat\",\"url\":\"https:\/\/rackbeat.com\/no\/\",\"logo\":{\"@type\":\"ImageObject\",\"inLanguage\":\"no\",\"@id\":\"https:\/\/rackbeat.com\/no\/#\/schema\/logo\/image\/\",\"url\":\"\",\"contentUrl\":\"\",\"caption\":\"Rackbeat\"},\"image\":{\"@id\":\"https:\/\/rackbeat.com\/no\/#\/schema\/logo\/image\/\"}}]}<\/script>\n<!-- \/ Yoast SEO Premium plugin. -->","yoast_head_json":{"title":"Serienummerkontroll | Oppn\u00e5 bedre sporing | Rackbeat","description":"Gj\u00f8r arbeidet med \u00e5 h\u00e5ndtere varer mye enklere med v\u00e5r modul for serienummerkontroll. Unik sporing gir deg full oversikt.","robots":{"index":"index","follow":"follow","max-snippet":"max-snippet:-1","max-image-preview":"max-image-preview:large","max-video-preview":"max-video-preview:-1"},"canonical":"https:\/\/rackbeat.com\/no\/serienummerkontroll\/","og_locale":"en_US","og_type":"article","og_title":"Serienummerkontroll","og_description":"Gj\u00f8r arbeidet med \u00e5 h\u00e5ndtere varer mye enklere med v\u00e5r modul for serienummerkontroll. Unik sporing gir deg full oversikt.","og_url":"https:\/\/rackbeat.com\/no\/serienummerkontroll\/","og_site_name":"Rackbeat","article_modified_time":"2023-10-25T06:22:34+00:00","twitter_card":"summary_large_image","schema":{"@context":"https:\/\/schema.org","@graph":[{"@type":"WebPage","@id":"https:\/\/rackbeat.com\/no\/serienummerkontroll\/","url":"https:\/\/rackbeat.com\/no\/serienummerkontroll\/","name":"Serienummerkontroll | Oppn\u00e5 bedre sporing | Rackbeat","isPartOf":{"@id":"https:\/\/rackbeat.com\/no\/#website"},"datePublished":"2022-06-30T09:32:00+00:00","dateModified":"2023-10-25T06:22:34+00:00","description":"Gj\u00f8r arbeidet med \u00e5 h\u00e5ndtere varer mye enklere med v\u00e5r modul for serienummerkontroll. Unik sporing gir deg full oversikt.","breadcrumb":{"@id":"https:\/\/rackbeat.com\/no\/serienummerkontroll\/#breadcrumb"},"inLanguage":"no","potentialAction":[{"@type":"ReadAction","target":["https:\/\/rackbeat.com\/no\/serienummerkontroll\/"]}]},{"@type":"BreadcrumbList","@id":"https:\/\/rackbeat.com\/no\/serienummerkontroll\/#breadcrumb","itemListElement":[{"@type":"ListItem","position":1,"name":"Forside","item":"https:\/\/rackbeat.com\/no\/"},{"@type":"ListItem","position":2,"name":"Serienummerkontroll"}]},{"@type":"WebSite","@id":"https:\/\/rackbeat.com\/no\/#website","url":"https:\/\/rackbeat.com\/no\/","name":"Rackbeat","description":"Effektiv lagerstyring","publisher":{"@id":"https:\/\/rackbeat.com\/no\/#organization"},"potentialAction":[{"@type":"SearchAction","target":{"@type":"EntryPoint","urlTemplate":"https:\/\/rackbeat.com\/no\/?s={search_term_string}"},"query-input":{"@type":"PropertyValueSpecification","valueRequired":true,"valueName":"search_term_string"}}],"inLanguage":"no"},{"@type":"Organization","@id":"https:\/\/rackbeat.com\/no\/#organization","name":"Rackbeat","url":"https:\/\/rackbeat.com\/no\/","logo":{"@type":"ImageObject","inLanguage":"no","@id":"https:\/\/rackbeat.com\/no\/#\/schema\/logo\/image\/","url":"","contentUrl":"","caption":"Rackbeat"},"image":{"@id":"https:\/\/rackbeat.com\/no\/#\/schema\/logo\/image\/"}}]}},"ACF":{"hero_title":"F\u00e5 tilgang til serienummerkontroll","hero_content_title":"Trenger du \u00e5 kunne spore produktene dine n\u00f8yaktig?","hero_content_para":"<p>Ta lagerstyringen din til neste niv\u00e5 og gj\u00f8r arbeidet med \u00e5 h\u00e5ndtere varer mye enklere med v\u00e5r serienummer h\u00e5ndterings modul.<\/p>\n<p>P\u00e5 denne siden kan du lese mer om fordelene med serienummerkontroll og hvordan den kan optimalisere lagerstyringen din.<\/p>\n<p>Du kan kj\u00f8pe serienummerkontroll for premium-abonnementet ditt n\u00e5r som helst<\/p>\n<p>Les mer om hvordan du kommer i gang med serienummerkontroll <a href=\"https:\/\/helpdesk.rackbeat.com\/da\/knowledge\/tillaegsmodulet-serienummerstyring\">her<\/a>.<\/p>\n<p>&nbsp;<\/p>\n<h4><strong>Slik pr\u00f8ver du tilleggsmodulen<\/strong><\/h4>\n<p>&nbsp;<\/p>\n<p>N\u00e5r du klikker p\u00e5 &#8220;Pr\u00f8v systemet&#8221;, m\u00e5 du f\u00f8rst opprette en p\u00e5loggingskonto, hvorp\u00e5 du vil motta et avtalenummer. Dette gir deg tilgang til hele systemet &#8211; og ikke til den spesifikke tilleggsmodulen f\u00f8rst.<\/p>\n<p>For \u00e5 f\u00e5 tilgang til tilleggsmodulen, m\u00e5 du holde musen over brukernavnet ditt \u00f8verst til h\u00f8yre og g\u00e5 til &#8220;Brukerinnstillinger.&#8221; Trykk deretter p\u00e5 &#8220;Tilleggsmoduler&#8221; p\u00e5 venstre side. Her inne har du muligheten til \u00e5 installere tilleggsmodulen.<\/p>\n<p><strong>MERK<\/strong>: Hvis du allerede har en aktiv Rackbeat-bruker og \u00f8nsker \u00e5 pr\u00f8ve tilleggsmodulen, m\u00e5 du opprette en ny gratis bruker. Hvis du f\u00f8lger instruksjonene ovenfor med din eksisterende konto, blir du registrert som aktiv betalende bruker.<\/p>\n<p>Hvis du er usikker p\u00e5 hvordan du installerer tilleggsmodulen eller tilpasser den til arbeidsflytene dine, kan du alltid kontakte en av v\u00e5re lagereksperter, som vil veilede deg gjennom Rackbeat.<\/p>\n<p><!--HubSpot Call-to-Action Code --><span id=\"hs-cta-wrapper-e0fb1eff-1607-4ea2-ade9-7e6c6b6e19ff\" class=\"hs-cta-wrapper\"><span id=\"hs-cta-e0fb1eff-1607-4ea2-ade9-7e6c6b6e19ff\" class=\"hs-cta-node hs-cta-e0fb1eff-1607-4ea2-ade9-7e6c6b6e19ff\"><!-- [if lte IE 8]>\n\n\n<div id=\"hs-cta-ie-element\"><\/div>\n\n\n<![endif]--><a href=\"https:\/\/cta-redirect.hubspot.com\/cta\/redirect\/20251362\/e0fb1eff-1607-4ea2-ade9-7e6c6b6e19ff\"><img decoding=\"async\" id=\"hs-cta-img-e0fb1eff-1607-4ea2-ade9-7e6c6b6e19ff\" class=\"hs-cta-img\" style=\"border-width: 0px;\" src=\"https:\/\/no-cache.hubspot.com\/cta\/default\/20251362\/e0fb1eff-1607-4ea2-ade9-7e6c6b6e19ff.png\" alt=\"Bestill en demo\" \/><\/a><\/span><script charset=\"utf-8\" src=\"https:\/\/js.hscta.net\/cta\/current.js\"><\/script><script type=\"text\/javascript\"> hbspt.cta.load(20251362, 'e0fb1eff-1607-4ea2-ade9-7e6c6b6e19ff', {\"useNewLoader\":\"true\",\"region\":\"na1\"}); <\/script><\/span><!-- end HubSpot Call-to-Action Code --><\/p>\n","hero_content_quote":"","hero_packages":[{"title":"Serienummerkontroll","price":"299 NOK","description":"Per m\u00e5ned. Per Bruker. ","ribbon":"","ribbon_bg_color":"#3498db","ribbon_font_color":"#FFFFFF","features":"<p>Sporing av hvert enkelt produkt<\/p>\n<p>Sporbarhet av innkj\u00f8p\/salg<\/p>\n<p>Kontroller hvilke unike varer<br \/>\nkunden har kj\u00f8pt<\/p>\n<p>Fullt overblikk over dine garantier<\/p>\n","feature_repeater":[{"text":"Sporing av hvert enkelt produkt","tooltip_text":""},{"text":"Sporbarhet av innkj\u00f8p\/salg","tooltip_text":""},{"text":"Kontroller hvilke unike varer kunden har kj\u00f8pt","tooltip_text":""},{"text":"Fullt overblikk over dine garantier","tooltip_text":""}],"button_label":"Pr\u00f8v systemet","button_link":"https:\/\/app.rackbeat.com\/register?locale=no","button_color":"blue"}],"extra_content_title_subscription":"","additional_content_editor_subscription":"<p><b>Sporing av hvert enkelt produkt<\/b><\/p>\n<p>P\u00e5 denne m\u00e5ten vil du alltid ha fullt overblikk over, hvor hvert produkt befinner seg. Du kan se hvilke serienummer du har p\u00e5 lager og hvilke serienummer som er solgt p\u00e5 hvilken fakturaer.<\/p>\n<p><b>Sporing av innkj\u00f8p\/salg<\/b><\/p>\n<p>Du kan se hvilke serienummer som er solgt p\u00e5 hvilke fakturaer, men du har ogs\u00e5 mulighet til \u00e5 registrere hvilken leverand\u00f8rfaktura et serienummer er kj\u00f8pt inn p\u00e5. Du vil oppn\u00e5 total sporing i salg og kj\u00f8psprosessen.<\/p>\n<p><b>Kontroller hvilke unike produkter kunden har kj\u00f8pt<\/b><\/p>\n<p>Ved bruk av serienummerh\u00e5ndtering er det ikke lenger tvil om hvilket unikt produkt en kunde har kj\u00f8pt. Dette gir en n\u00f8yaktig sporing av det spesifikke produktet og gj\u00f8r det mye enklere \u00e5 holde styr p\u00e5 kundens gjeldende garantier.<\/p>\n<p><b>Fullt overblikk over dine garantier<\/b><\/p>\n<p>N\u00e5r en vare selges, registreres serienummeret p\u00e5 fakturaen enten manuelt eller ved skanning. Det betyr at du enkelt vil kunne hente frem en faktura med et spesifikt serienummer. Du er n\u00e5 i kontroll over dine garantiforpliktelser.<\/p>\n","custom_head_script":""},"_links":{"self":[{"href":"https:\/\/rackbeat.com\/no\/wp-json\/wp\/v2\/pages\/7405","targetHints":{"allow":["GET"]}}],"collection":[{"href":"https:\/\/rackbeat.com\/no\/wp-json\/wp\/v2\/pages"}],"about":[{"href":"https:\/\/rackbeat.com\/no\/wp-json\/wp\/v2\/types\/page"}],"author":[{"embeddable":true,"href":"https:\/\/rackbeat.com\/no\/wp-json\/wp\/v2\/users\/2"}],"replies":[{"embeddable":true,"href":"https:\/\/rackbeat.com\/no\/wp-json\/wp\/v2\/comments?post=7405"}],"version-history":[{"count":15,"href":"https:\/\/rackbeat.com\/no\/wp-json\/wp\/v2\/pages\/7405\/revisions"}],"predecessor-version":[{"id":17017,"href":"https:\/\/rackbeat.com\/no\/wp-json\/wp\/v2\/pages\/7405\/revisions\/17017"}],"wp:attachment":[{"href":"https:\/\/rackbeat.com\/no\/wp-json\/wp\/v2\/media?parent=7405"}],"curies":[{"name":"wp","href":"https:\/\/api.w.org\/{rel}","templated":true}]}}