{"id":7396,"date":"2022-06-30T09:23:40","date_gmt":"2022-06-30T09:23:40","guid":{"rendered":"https:\/\/rackbeat.com\/?page_id=7396"},"modified":"2024-08-15T11:03:42","modified_gmt":"2024-08-15T09:03:42","slug":"batchkontroll","status":"publish","type":"page","link":"https:\/\/rackbeat.com\/no\/batchkontroll\/","title":{"rendered":"Batchkontroll"},"content":{"rendered":"","protected":false},"excerpt":{"rendered":"","protected":false},"author":2,"featured_media":0,"parent":0,"menu_order":0,"comment_status":"closed","ping_status":"closed","template":"page-templates\/prices-subscription.php","meta":{"content-type":"","inline_featured_image":false,"footnotes":""},"class_list":["post-7396","page","type-page","status-publish","hentry"],"yoast_head":"<!-- This site is optimized with the Yoast SEO Premium plugin v20.0 (Yoast SEO v25.9) - https:\/\/yoast.com\/wordpress\/plugins\/seo\/ -->\n<title>Batchkontroll | Batchsporing og utl\u00f8psdato |Rackbeat<\/title>\n<meta name=\"description\" content=\"Batchkontroll lar deg kontrollere holdbarheten til varer, hvilke partier p\u00e5 lageret ditt som skal selges f\u00f8rst og n\u00e5r de utl\u00f8per.\" \/>\n<meta name=\"robots\" content=\"index, follow, max-snippet:-1, max-image-preview:large, max-video-preview:-1\" \/>\n<link rel=\"canonical\" href=\"https:\/\/rackbeat.com\/no\/batchkontroll\/\" \/>\n<meta property=\"og:locale\" content=\"en_US\" \/>\n<meta property=\"og:type\" content=\"article\" \/>\n<meta property=\"og:title\" content=\"Batchkontroll\" \/>\n<meta property=\"og:description\" content=\"Batchkontroll lar deg kontrollere holdbarheten til varer, hvilke partier p\u00e5 lageret ditt som skal selges f\u00f8rst og n\u00e5r de utl\u00f8per.\" \/>\n<meta property=\"og:url\" content=\"https:\/\/rackbeat.com\/no\/batchkontroll\/\" \/>\n<meta property=\"og:site_name\" content=\"Rackbeat\" \/>\n<meta property=\"article:modified_time\" content=\"2024-08-15T09:03:42+00:00\" \/>\n<meta name=\"twitter:card\" content=\"summary_large_image\" \/>\n<script type=\"application\/ld+json\" class=\"yoast-schema-graph\">{\"@context\":\"https:\/\/schema.org\",\"@graph\":[{\"@type\":\"WebPage\",\"@id\":\"https:\/\/rackbeat.com\/no\/batchkontroll\/\",\"url\":\"https:\/\/rackbeat.com\/no\/batchkontroll\/\",\"name\":\"Batchkontroll | Batchsporing og utl\u00f8psdato |Rackbeat\",\"isPartOf\":{\"@id\":\"https:\/\/rackbeat.com\/no\/#website\"},\"datePublished\":\"2022-06-30T09:23:40+00:00\",\"dateModified\":\"2024-08-15T09:03:42+00:00\",\"description\":\"Batchkontroll lar deg kontrollere holdbarheten til varer, hvilke partier p\u00e5 lageret ditt som skal selges f\u00f8rst og n\u00e5r de utl\u00f8per.\",\"breadcrumb\":{\"@id\":\"https:\/\/rackbeat.com\/no\/batchkontroll\/#breadcrumb\"},\"inLanguage\":\"no\",\"potentialAction\":[{\"@type\":\"ReadAction\",\"target\":[\"https:\/\/rackbeat.com\/no\/batchkontroll\/\"]}]},{\"@type\":\"BreadcrumbList\",\"@id\":\"https:\/\/rackbeat.com\/no\/batchkontroll\/#breadcrumb\",\"itemListElement\":[{\"@type\":\"ListItem\",\"position\":1,\"name\":\"Forside\",\"item\":\"https:\/\/rackbeat.com\/no\/\"},{\"@type\":\"ListItem\",\"position\":2,\"name\":\"Batchkontroll\"}]},{\"@type\":\"WebSite\",\"@id\":\"https:\/\/rackbeat.com\/no\/#website\",\"url\":\"https:\/\/rackbeat.com\/no\/\",\"name\":\"Rackbeat\",\"description\":\"Effektiv lagerstyring\",\"publisher\":{\"@id\":\"https:\/\/rackbeat.com\/no\/#organization\"},\"potentialAction\":[{\"@type\":\"SearchAction\",\"target\":{\"@type\":\"EntryPoint\",\"urlTemplate\":\"https:\/\/rackbeat.com\/no\/?s={search_term_string}\"},\"query-input\":{\"@type\":\"PropertyValueSpecification\",\"valueRequired\":true,\"valueName\":\"search_term_string\"}}],\"inLanguage\":\"no\"},{\"@type\":\"Organization\",\"@id\":\"https:\/\/rackbeat.com\/no\/#organization\",\"name\":\"Rackbeat\",\"url\":\"https:\/\/rackbeat.com\/no\/\",\"logo\":{\"@type\":\"ImageObject\",\"inLanguage\":\"no\",\"@id\":\"https:\/\/rackbeat.com\/no\/#\/schema\/logo\/image\/\",\"url\":\"\",\"contentUrl\":\"\",\"caption\":\"Rackbeat\"},\"image\":{\"@id\":\"https:\/\/rackbeat.com\/no\/#\/schema\/logo\/image\/\"}}]}<\/script>\n<!-- \/ Yoast SEO Premium plugin. -->","yoast_head_json":{"title":"Batchkontroll | Batchsporing og utl\u00f8psdato |Rackbeat","description":"Batchkontroll lar deg kontrollere holdbarheten til varer, hvilke partier p\u00e5 lageret ditt som skal selges f\u00f8rst og n\u00e5r de utl\u00f8per.","robots":{"index":"index","follow":"follow","max-snippet":"max-snippet:-1","max-image-preview":"max-image-preview:large","max-video-preview":"max-video-preview:-1"},"canonical":"https:\/\/rackbeat.com\/no\/batchkontroll\/","og_locale":"en_US","og_type":"article","og_title":"Batchkontroll","og_description":"Batchkontroll lar deg kontrollere holdbarheten til varer, hvilke partier p\u00e5 lageret ditt som skal selges f\u00f8rst og n\u00e5r de utl\u00f8per.","og_url":"https:\/\/rackbeat.com\/no\/batchkontroll\/","og_site_name":"Rackbeat","article_modified_time":"2024-08-15T09:03:42+00:00","twitter_card":"summary_large_image","schema":{"@context":"https:\/\/schema.org","@graph":[{"@type":"WebPage","@id":"https:\/\/rackbeat.com\/no\/batchkontroll\/","url":"https:\/\/rackbeat.com\/no\/batchkontroll\/","name":"Batchkontroll | Batchsporing og utl\u00f8psdato |Rackbeat","isPartOf":{"@id":"https:\/\/rackbeat.com\/no\/#website"},"datePublished":"2022-06-30T09:23:40+00:00","dateModified":"2024-08-15T09:03:42+00:00","description":"Batchkontroll lar deg kontrollere holdbarheten til varer, hvilke partier p\u00e5 lageret ditt som skal selges f\u00f8rst og n\u00e5r de utl\u00f8per.","breadcrumb":{"@id":"https:\/\/rackbeat.com\/no\/batchkontroll\/#breadcrumb"},"inLanguage":"no","potentialAction":[{"@type":"ReadAction","target":["https:\/\/rackbeat.com\/no\/batchkontroll\/"]}]},{"@type":"BreadcrumbList","@id":"https:\/\/rackbeat.com\/no\/batchkontroll\/#breadcrumb","itemListElement":[{"@type":"ListItem","position":1,"name":"Forside","item":"https:\/\/rackbeat.com\/no\/"},{"@type":"ListItem","position":2,"name":"Batchkontroll"}]},{"@type":"WebSite","@id":"https:\/\/rackbeat.com\/no\/#website","url":"https:\/\/rackbeat.com\/no\/","name":"Rackbeat","description":"Effektiv lagerstyring","publisher":{"@id":"https:\/\/rackbeat.com\/no\/#organization"},"potentialAction":[{"@type":"SearchAction","target":{"@type":"EntryPoint","urlTemplate":"https:\/\/rackbeat.com\/no\/?s={search_term_string}"},"query-input":{"@type":"PropertyValueSpecification","valueRequired":true,"valueName":"search_term_string"}}],"inLanguage":"no"},{"@type":"Organization","@id":"https:\/\/rackbeat.com\/no\/#organization","name":"Rackbeat","url":"https:\/\/rackbeat.com\/no\/","logo":{"@type":"ImageObject","inLanguage":"no","@id":"https:\/\/rackbeat.com\/no\/#\/schema\/logo\/image\/","url":"","contentUrl":"","caption":"Rackbeat"},"image":{"@id":"https:\/\/rackbeat.com\/no\/#\/schema\/logo\/image\/"}}]}},"ACF":{"hero_title":"F\u00e5 tilgang til batchkontroll","hero_content_title":"Sporing p\u00e5 tvers av kj\u00f8p, salg og beholdningen din","hero_content_para":"<p>Oppn\u00e5 total sporing p\u00e5 tvers av kj\u00f8p, salg og varelageret dit. Batchstyring er et veldig effektivt verkt\u00f8y, enten du kj\u00f8per varer hjem med et batchnummer, eller om du videreselger varer fra denne batchen. Dette gjelder ogs\u00e5 de batchene som du selv produserer.<\/p>\n<p>Du kan kj\u00f8pe batchkontroll for abonnementet ditt n\u00e5r som helst<\/p>\n<p>Les mer om hvordan du kommer i gang med batchkontroll <a href=\"https:\/\/helpdesk.rackbeat.com\/da\/knowledge\/tillaegsmodulet-batchstyring\">her<\/a>.<\/p>\n<p>&nbsp;<\/p>\n<h4><strong>Slik pr\u00f8ver du tilleggsmodulen<\/strong><\/h4>\n<p>&nbsp;<\/p>\n<p>N\u00e5r du klikker p\u00e5 &#8220;Pr\u00f8v systemet&#8221;, m\u00e5 du f\u00f8rst opprette en p\u00e5loggingskonto, hvorp\u00e5 du vil motta et avtalenummer. Dette gir deg tilgang til hele systemet &#8211; og ikke til den spesifikke tilleggsmodulen f\u00f8rst.<\/p>\n<p>For \u00e5 f\u00e5 tilgang til tilleggsmodulen, m\u00e5 du holde musen over brukernavnet ditt \u00f8verst til h\u00f8yre og g\u00e5 til &#8220;Brukerinnstillinger.&#8221; Trykk deretter p\u00e5 &#8220;Tilleggsmoduler&#8221; p\u00e5 venstre side. Her inne har du muligheten til \u00e5 installere tilleggsmodulen.<\/p>\n<p><strong>MERK<\/strong>: Hvis du allerede har en aktiv Rackbeat-bruker og \u00f8nsker \u00e5 pr\u00f8ve tilleggsmodulen, m\u00e5 du opprette en ny gratis bruker. Hvis du f\u00f8lger instruksjonene ovenfor med din eksisterende konto, blir du registrert som aktiv betalende bruker.<\/p>\n<p>Hvis du er usikker p\u00e5 hvordan du installerer tilleggsmodulen eller tilpasser den til arbeidsflytene dine, kan du alltid kontakte en av v\u00e5re lagereksperter, som vil veilede deg gjennom Rackbeat.<\/p>\n<p><!--HubSpot Call-to-Action Code --><span id=\"hs-cta-wrapper-e0fb1eff-1607-4ea2-ade9-7e6c6b6e19ff\" class=\"hs-cta-wrapper\"><span id=\"hs-cta-e0fb1eff-1607-4ea2-ade9-7e6c6b6e19ff\" class=\"hs-cta-node hs-cta-e0fb1eff-1607-4ea2-ade9-7e6c6b6e19ff\"><!-- [if lte IE 8]>\n\n\n<div id=\"hs-cta-ie-element\"><\/div>\n\n\n<![endif]--><a href=\"https:\/\/cta-redirect.hubspot.com\/cta\/redirect\/20251362\/e0fb1eff-1607-4ea2-ade9-7e6c6b6e19ff\"><img decoding=\"async\" id=\"hs-cta-img-e0fb1eff-1607-4ea2-ade9-7e6c6b6e19ff\" class=\"hs-cta-img\" style=\"border-width: 0px;\" src=\"https:\/\/no-cache.hubspot.com\/cta\/default\/20251362\/e0fb1eff-1607-4ea2-ade9-7e6c6b6e19ff.png\" alt=\"Bestill en demo\" \/><\/a><\/span><script charset=\"utf-8\" src=\"https:\/\/js.hscta.net\/cta\/current.js\"><\/script><script type=\"text\/javascript\"> hbspt.cta.load(20251362, 'e0fb1eff-1607-4ea2-ade9-7e6c6b6e19ff', {\"useNewLoader\":\"true\",\"region\":\"na1\"}); <\/script><\/span><!-- end HubSpot Call-to-Action Code --><\/p>\n","hero_content_quote":"","hero_packages":[{"title":"Batchkontroll","price":"599 NOK","description":"Per m\u00e5ned. Per Bruker.","ribbon":"","ribbon_bg_color":"#3498db","ribbon_font_color":"#FFFFFF","features":"<p>Styring av Batch p\u00e5 varenummer<\/p>\n<p>Styring av Batch p\u00e5 produksjoner<\/p>\n<p>Sporing av Batch fra innkj\u00f8p<\/p>\n<p>Sporing av Batch til kunder<\/p>\n<p>Arbeid med utl\u00f8psdato<\/p>\n","feature_repeater":[{"text":"Styring av Batch p\u00e5 varenummer","tooltip_text":""},{"text":"Styring av Batch p\u00e5 produksjoner","tooltip_text":""},{"text":"Sporing av Batch fra innkj\u00f8p","tooltip_text":""},{"text":"Sporing av Batch til kunder","tooltip_text":""},{"text":"Arbeid med utl\u00f8psdato","tooltip_text":""}],"button_label":"Pr\u00f8v systemet","button_link":"https:\/\/app.rackbeat.com\/register?locale=no","button_color":"blue"}],"extra_content_title_subscription":"","additional_content_editor_subscription":"<p><strong>Du oppn\u00e5r total sporbarhet<\/strong><\/p>\n<p>Som gj\u00f8r det enkelt hvis du f.eks. m\u00e5 trekke et parti varer hjem. Basert p\u00e5 batch historikken kan du enkelt og raskt finne ut hvilke batcher som inneholder den spesifikke komponenten eller ingrediensen du \u00f8nsker kalt tilbake og hvilke kunder som har mottatt varer fra de ber\u00f8rte batchene. Du kan enkelt spore opp leverand\u00f8ren, om du opplever problemer med varer mottatt fra leverand\u00f8ren.<\/p>\n<p>Unng\u00e5 \u00e5 bruke un\u00f8dig tid p\u00e5 \u00e5 spore varer eller hele partier, Rackbeat gj\u00f8r dette for deg og lar deg handle raskere, og mere effektivt.<\/p>\n<p>Denne modulen er spesielt ideel innen matindustrien, medisinbransjen og andre varer med begrenset holdbarhet.<\/p>\n","custom_head_script":""},"_links":{"self":[{"href":"https:\/\/rackbeat.com\/no\/wp-json\/wp\/v2\/pages\/7396","targetHints":{"allow":["GET"]}}],"collection":[{"href":"https:\/\/rackbeat.com\/no\/wp-json\/wp\/v2\/pages"}],"about":[{"href":"https:\/\/rackbeat.com\/no\/wp-json\/wp\/v2\/types\/page"}],"author":[{"embeddable":true,"href":"https:\/\/rackbeat.com\/no\/wp-json\/wp\/v2\/users\/2"}],"replies":[{"embeddable":true,"href":"https:\/\/rackbeat.com\/no\/wp-json\/wp\/v2\/comments?post=7396"}],"version-history":[{"count":11,"href":"https:\/\/rackbeat.com\/no\/wp-json\/wp\/v2\/pages\/7396\/revisions"}],"predecessor-version":[{"id":25078,"href":"https:\/\/rackbeat.com\/no\/wp-json\/wp\/v2\/pages\/7396\/revisions\/25078"}],"wp:attachment":[{"href":"https:\/\/rackbeat.com\/no\/wp-json\/wp\/v2\/media?parent=7396"}],"curies":[{"name":"wp","href":"https:\/\/api.w.org\/{rel}","templated":true}]}}