{"id":7387,"date":"2022-06-30T09:21:19","date_gmt":"2022-06-30T09:21:19","guid":{"rendered":"https:\/\/rackbeat.com\/?page_id=7387"},"modified":"2025-11-04T14:33:03","modified_gmt":"2025-11-04T12:33:03","slug":"b2b-modul","status":"publish","type":"page","link":"https:\/\/rackbeat.com\/no\/b2b-modul\/","title":{"rendered":"B2B-modul"},"content":{"rendered":"","protected":false},"excerpt":{"rendered":"","protected":false},"author":2,"featured_media":0,"parent":0,"menu_order":0,"comment_status":"closed","ping_status":"closed","template":"page-templates\/prices-subscription.php","meta":{"content-type":"","inline_featured_image":false,"footnotes":""},"class_list":["post-7387","page","type-page","status-publish","hentry"],"yoast_head":"<!-- This site is optimized with the Yoast SEO Premium plugin v20.0 (Yoast SEO v25.9) - https:\/\/yoast.com\/wordpress\/plugins\/seo\/ -->\n<title>B2B-modul | nettbutikken for dine B2B-kunder | Rackbeat<\/title>\n<meta name=\"description\" content=\"I B2B tilleggsmodulen f\u00e5r du tilgang til en rekke funksjoner, som reduserer kostnader, skaper mersalg \u00e5 bedre service.\u00a0\" \/>\n<meta name=\"robots\" content=\"index, follow, max-snippet:-1, max-image-preview:large, max-video-preview:-1\" \/>\n<link rel=\"canonical\" href=\"https:\/\/rackbeat.com\/no\/b2b-modul\/\" \/>\n<meta property=\"og:locale\" content=\"en_US\" \/>\n<meta property=\"og:type\" content=\"article\" \/>\n<meta property=\"og:title\" content=\"B2B-modul\" \/>\n<meta property=\"og:description\" content=\"I B2B tilleggsmodulen f\u00e5r du tilgang til en rekke funksjoner, som reduserer kostnader, skaper mersalg \u00e5 bedre service.\u00a0\" \/>\n<meta property=\"og:url\" content=\"https:\/\/rackbeat.com\/no\/b2b-modul\/\" \/>\n<meta property=\"og:site_name\" content=\"Rackbeat\" \/>\n<meta property=\"article:modified_time\" content=\"2025-11-04T12:33:03+00:00\" \/>\n<meta name=\"twitter:card\" content=\"summary_large_image\" \/>\n<script type=\"application\/ld+json\" class=\"yoast-schema-graph\">{\"@context\":\"https:\/\/schema.org\",\"@graph\":[{\"@type\":\"WebPage\",\"@id\":\"https:\/\/rackbeat.com\/no\/b2b-modul\/\",\"url\":\"https:\/\/rackbeat.com\/no\/b2b-modul\/\",\"name\":\"B2B-modul | nettbutikken for dine B2B-kunder | Rackbeat\",\"isPartOf\":{\"@id\":\"https:\/\/rackbeat.com\/no\/#website\"},\"datePublished\":\"2022-06-30T09:21:19+00:00\",\"dateModified\":\"2025-11-04T12:33:03+00:00\",\"description\":\"I B2B tilleggsmodulen f\u00e5r du tilgang til en rekke funksjoner, som reduserer kostnader, skaper mersalg \u00e5 bedre service.\u00a0\",\"breadcrumb\":{\"@id\":\"https:\/\/rackbeat.com\/no\/b2b-modul\/#breadcrumb\"},\"inLanguage\":\"no\",\"potentialAction\":[{\"@type\":\"ReadAction\",\"target\":[\"https:\/\/rackbeat.com\/no\/b2b-modul\/\"]}]},{\"@type\":\"BreadcrumbList\",\"@id\":\"https:\/\/rackbeat.com\/no\/b2b-modul\/#breadcrumb\",\"itemListElement\":[{\"@type\":\"ListItem\",\"position\":1,\"name\":\"Forside\",\"item\":\"https:\/\/rackbeat.com\/no\/\"},{\"@type\":\"ListItem\",\"position\":2,\"name\":\"B2B-modul\"}]},{\"@type\":\"WebSite\",\"@id\":\"https:\/\/rackbeat.com\/no\/#website\",\"url\":\"https:\/\/rackbeat.com\/no\/\",\"name\":\"Rackbeat\",\"description\":\"Effektiv lagerstyring\",\"publisher\":{\"@id\":\"https:\/\/rackbeat.com\/no\/#organization\"},\"potentialAction\":[{\"@type\":\"SearchAction\",\"target\":{\"@type\":\"EntryPoint\",\"urlTemplate\":\"https:\/\/rackbeat.com\/no\/?s={search_term_string}\"},\"query-input\":{\"@type\":\"PropertyValueSpecification\",\"valueRequired\":true,\"valueName\":\"search_term_string\"}}],\"inLanguage\":\"no\"},{\"@type\":\"Organization\",\"@id\":\"https:\/\/rackbeat.com\/no\/#organization\",\"name\":\"Rackbeat\",\"url\":\"https:\/\/rackbeat.com\/no\/\",\"logo\":{\"@type\":\"ImageObject\",\"inLanguage\":\"no\",\"@id\":\"https:\/\/rackbeat.com\/no\/#\/schema\/logo\/image\/\",\"url\":\"\",\"contentUrl\":\"\",\"caption\":\"Rackbeat\"},\"image\":{\"@id\":\"https:\/\/rackbeat.com\/no\/#\/schema\/logo\/image\/\"}}]}<\/script>\n<!-- \/ Yoast SEO Premium plugin. -->","yoast_head_json":{"title":"B2B-modul | nettbutikken for dine B2B-kunder | Rackbeat","description":"I B2B tilleggsmodulen f\u00e5r du tilgang til en rekke funksjoner, som reduserer kostnader, skaper mersalg \u00e5 bedre service.\u00a0","robots":{"index":"index","follow":"follow","max-snippet":"max-snippet:-1","max-image-preview":"max-image-preview:large","max-video-preview":"max-video-preview:-1"},"canonical":"https:\/\/rackbeat.com\/no\/b2b-modul\/","og_locale":"en_US","og_type":"article","og_title":"B2B-modul","og_description":"I B2B tilleggsmodulen f\u00e5r du tilgang til en rekke funksjoner, som reduserer kostnader, skaper mersalg \u00e5 bedre service.\u00a0","og_url":"https:\/\/rackbeat.com\/no\/b2b-modul\/","og_site_name":"Rackbeat","article_modified_time":"2025-11-04T12:33:03+00:00","twitter_card":"summary_large_image","schema":{"@context":"https:\/\/schema.org","@graph":[{"@type":"WebPage","@id":"https:\/\/rackbeat.com\/no\/b2b-modul\/","url":"https:\/\/rackbeat.com\/no\/b2b-modul\/","name":"B2B-modul | nettbutikken for dine B2B-kunder | Rackbeat","isPartOf":{"@id":"https:\/\/rackbeat.com\/no\/#website"},"datePublished":"2022-06-30T09:21:19+00:00","dateModified":"2025-11-04T12:33:03+00:00","description":"I B2B tilleggsmodulen f\u00e5r du tilgang til en rekke funksjoner, som reduserer kostnader, skaper mersalg \u00e5 bedre service.\u00a0","breadcrumb":{"@id":"https:\/\/rackbeat.com\/no\/b2b-modul\/#breadcrumb"},"inLanguage":"no","potentialAction":[{"@type":"ReadAction","target":["https:\/\/rackbeat.com\/no\/b2b-modul\/"]}]},{"@type":"BreadcrumbList","@id":"https:\/\/rackbeat.com\/no\/b2b-modul\/#breadcrumb","itemListElement":[{"@type":"ListItem","position":1,"name":"Forside","item":"https:\/\/rackbeat.com\/no\/"},{"@type":"ListItem","position":2,"name":"B2B-modul"}]},{"@type":"WebSite","@id":"https:\/\/rackbeat.com\/no\/#website","url":"https:\/\/rackbeat.com\/no\/","name":"Rackbeat","description":"Effektiv lagerstyring","publisher":{"@id":"https:\/\/rackbeat.com\/no\/#organization"},"potentialAction":[{"@type":"SearchAction","target":{"@type":"EntryPoint","urlTemplate":"https:\/\/rackbeat.com\/no\/?s={search_term_string}"},"query-input":{"@type":"PropertyValueSpecification","valueRequired":true,"valueName":"search_term_string"}}],"inLanguage":"no"},{"@type":"Organization","@id":"https:\/\/rackbeat.com\/no\/#organization","name":"Rackbeat","url":"https:\/\/rackbeat.com\/no\/","logo":{"@type":"ImageObject","inLanguage":"no","@id":"https:\/\/rackbeat.com\/no\/#\/schema\/logo\/image\/","url":"","contentUrl":"","caption":"Rackbeat"},"image":{"@id":"https:\/\/rackbeat.com\/no\/#\/schema\/logo\/image\/"}}]}},"ACF":{"hero_title":"F\u00e5 tilgang til v\u00e5r B2B-modul","hero_content_title":"Gi kundene dine muligheten til \u00e5 handle hos deg like enkelt som i en nettbutikk","hero_content_para":"<p>Vi har utviklet et tilleggsmodul for deg som selger\u00a0<a href=\"https:\/\/rackbeat.com\/no\/engroshandel\/\">B2B<\/a>\u00a0og vil ha enn\u00e5 mere ut av din lagerstyring.<\/p>\n<p>I tilleggsmodulen f\u00e5r du tilgang til en rekke funksjoner, som reduserer kostnader, skaper mersalg \u00e5 bedre service.<\/p>\n<p>Du kan kj\u00f8pe B2B-modulen n\u00e5r som helst, uansett om du har et basis- eller premiumabonnement<\/p>\n<p>Les mer om hvordan du kommer i gang med B2B-modulen <a href=\"https:\/\/helpdesk.rackbeat.com\/da\/knowledge\/b2b-tillaegsmodul\">her<\/a>.<\/p>\n<p>&nbsp;<\/p>\n<h4><strong>Slik pr\u00f8ver du tilleggsmodulen\u00a0<\/strong><\/h4>\n<p>&nbsp;<\/p>\n<p>N\u00e5r du klikker p\u00e5 &#8220;Pr\u00f8v systemet&#8221;, m\u00e5 du f\u00f8rst opprette en p\u00e5loggingskonto, hvorp\u00e5 du vil motta et avtalenummer. Dette gir deg tilgang til hele systemet &#8211; og ikke til den spesifikke tilleggsmodulen f\u00f8rst.<\/p>\n<p>For \u00e5 f\u00e5 tilgang til tilleggsmodulen, m\u00e5 du holde musen over brukernavnet ditt \u00f8verst til h\u00f8yre og g\u00e5 til &#8220;Brukerinnstillinger.&#8221; Trykk deretter p\u00e5 &#8220;Tilleggsmoduler&#8221; p\u00e5 venstre side. Her inne har du muligheten til \u00e5 installere tilleggsmodulen.<\/p>\n<p><strong>MERK<\/strong>: Hvis du allerede har en aktiv Rackbeat-bruker og \u00f8nsker \u00e5 pr\u00f8ve tilleggsmodulen, m\u00e5 du opprette en ny gratis bruker. Hvis du f\u00f8lger instruksjonene ovenfor med din eksisterende konto, blir du registrert som aktiv betalende bruker.<\/p>\n<p>Hvis du er usikker p\u00e5 hvordan du installerer tilleggsmodulen eller tilpasser den til arbeidsflytene dine, kan du alltid kontakte en av v\u00e5re lagereksperter, som vil veilede deg gjennom Rackbeat.<\/p>\n<p><!--HubSpot Call-to-Action Code --><span id=\"hs-cta-wrapper-e0fb1eff-1607-4ea2-ade9-7e6c6b6e19ff\" class=\"hs-cta-wrapper\"><span id=\"hs-cta-e0fb1eff-1607-4ea2-ade9-7e6c6b6e19ff\" class=\"hs-cta-node hs-cta-e0fb1eff-1607-4ea2-ade9-7e6c6b6e19ff\"><!-- [if lte IE 8]>\n\n\n<div id=\"hs-cta-ie-element\"><\/div>\n\n\n<![endif]--><a href=\"https:\/\/cta-redirect.hubspot.com\/cta\/redirect\/20251362\/e0fb1eff-1607-4ea2-ade9-7e6c6b6e19ff\"><img decoding=\"async\" id=\"hs-cta-img-e0fb1eff-1607-4ea2-ade9-7e6c6b6e19ff\" class=\"hs-cta-img\" style=\"border-width: 0px;\" src=\"https:\/\/no-cache.hubspot.com\/cta\/default\/20251362\/e0fb1eff-1607-4ea2-ade9-7e6c6b6e19ff.png\" alt=\"Bestill en demo\" \/><\/a><\/span><script charset=\"utf-8\" src=\"https:\/\/js.hscta.net\/cta\/current.js\"><\/script><script type=\"text\/javascript\"> hbspt.cta.load(20251362, 'e0fb1eff-1607-4ea2-ade9-7e6c6b6e19ff', {\"useNewLoader\":\"true\",\"region\":\"na1\"}); <\/script><\/span><!-- end HubSpot Call-to-Action Code --><\/p>\n","hero_content_quote":"","hero_packages":[{"title":"B2B-modul","price":"","description":"","ribbon":"","ribbon_bg_color":"#3498db","ribbon_font_color":"#FFFFFF","features":"<p>Mulighet for kommunikasjon direkte p\u00e5 ordren<\/p>\n<p>Beskjeder direkte til ansvarlig selger<\/p>\n<p>Kunden kan se ditt lager<\/p>\n<p>ENKEL ordrebehandling<\/p>\n","feature_repeater":[{"text":"Mulighet for kommunikasjon direkte p\u00e5 ordren","tooltip_text":""},{"text":"Beskjeder direkte til ansvarlig selger","tooltip_text":""},{"text":"Kunden kan se ditt lager","tooltip_text":""},{"text":"ENKEL ordrebehandling","tooltip_text":""}],"button_label":"Pr\u00f8v systemet","button_link":"https:\/\/app.rackbeat.com\/register?locale=no","button_color":"blue"}],"extra_content_title_subscription":"","additional_content_editor_subscription":"<p><b>Mulighet for kommunikasjon direkte p\u00e5 ordren<\/b><\/p>\n<p>Da kommunikasjonen skjer direkte p\u00e5 ordren unng\u00e5r bedriften \u00e5 m\u00e5tte kommunisere p\u00e5 tvers av en rekke ulike plattformer, bedriften unng\u00e5r misforst\u00e5elser eller tvil om hvilken ordre det er snakk om. Alle involverte parter vil kunne f\u00f8lge med p\u00e5 n\u00f8yaktig hva som gjelder for den konkrete ordren.<\/p>\n<p><b>Meldinger direkte til ansvarlig selger<\/b><\/p>\n<p>Dette betyr at ansvarlig selger har mulighet til \u00e5 handle raskt p\u00e5 konkrete tillegg eller endringer.<\/p>\n<p><b>Kunden har mulighet for \u00e5 se din lagerbeholdning\u00a0<\/b><\/p>\n<p>Ved \u00e5 ha lageret 100% tilgjengelig for kunden. Dette medf\u00f8rer at kunden selv kan bestille varen \u2013 kunden har et fullt overblikk over sitt lager. da slipper dere un\u00f8dvendig dialog, om hva som er tilgjengelig p\u00e5 lager. Det vil v\u00e6re lett for kunden \u00e5 vurdere om varen kommer frem til \u00f8nsket leveringstid, og beslutningen om \u00e5 legge inn en bestilling blir dermed lettere.<\/p>\n<p><b>Enkel ordrebehandling<\/b><\/p>\n","custom_head_script":""},"_links":{"self":[{"href":"https:\/\/rackbeat.com\/no\/wp-json\/wp\/v2\/pages\/7387","targetHints":{"allow":["GET"]}}],"collection":[{"href":"https:\/\/rackbeat.com\/no\/wp-json\/wp\/v2\/pages"}],"about":[{"href":"https:\/\/rackbeat.com\/no\/wp-json\/wp\/v2\/types\/page"}],"author":[{"embeddable":true,"href":"https:\/\/rackbeat.com\/no\/wp-json\/wp\/v2\/users\/2"}],"replies":[{"embeddable":true,"href":"https:\/\/rackbeat.com\/no\/wp-json\/wp\/v2\/comments?post=7387"}],"version-history":[{"count":13,"href":"https:\/\/rackbeat.com\/no\/wp-json\/wp\/v2\/pages\/7387\/revisions"}],"predecessor-version":[{"id":35032,"href":"https:\/\/rackbeat.com\/no\/wp-json\/wp\/v2\/pages\/7387\/revisions\/35032"}],"wp:attachment":[{"href":"https:\/\/rackbeat.com\/no\/wp-json\/wp\/v2\/media?parent=7387"}],"curies":[{"name":"wp","href":"https:\/\/api.w.org\/{rel}","templated":true}]}}