{"id":7301,"date":"2022-06-23T11:00:12","date_gmt":"2022-06-23T11:00:12","guid":{"rendered":"https:\/\/rackbeat.com\/?page_id=7301"},"modified":"2024-11-08T13:55:25","modified_gmt":"2024-11-08T11:55:25","slug":"lagerstyring-for-tripletex","status":"publish","type":"page","link":"https:\/\/rackbeat.com\/no\/lagerstyring-for-tripletex\/","title":{"rendered":"Lagerstyring for Tripletex"},"content":{"rendered":"","protected":false},"excerpt":{"rendered":"","protected":false},"author":2,"featured_media":0,"parent":0,"menu_order":0,"comment_status":"closed","ping_status":"closed","template":"page-templates\/why-page.php","meta":{"content-type":"","inline_featured_image":false,"footnotes":""},"class_list":["post-7301","page","type-page","status-publish","hentry"],"yoast_head":"<!-- This site is optimized with the Yoast SEO Premium plugin v20.0 (Yoast SEO v25.9) - https:\/\/yoast.com\/wordpress\/plugins\/seo\/ -->\n<title>Lagerstyring for Tripletex | Rackbeat<\/title>\n<meta name=\"description\" content=\"Lager- og \u00f8konomistyring henger sterkt sammen, og med denne integrasjonen sikrer du optimal drift av virksomheten ved \u00e5 samkj\u00f8re dem.\" \/>\n<meta name=\"robots\" content=\"index, follow, max-snippet:-1, max-image-preview:large, max-video-preview:-1\" \/>\n<link rel=\"canonical\" href=\"https:\/\/rackbeat.com\/no\/lagerstyring-for-tripletex\/\" \/>\n<meta property=\"og:locale\" content=\"en_US\" \/>\n<meta property=\"og:type\" content=\"article\" \/>\n<meta property=\"og:title\" content=\"Lagerstyring for Tripletex\" \/>\n<meta property=\"og:description\" content=\"Lager- og \u00f8konomistyring henger sterkt sammen, og med denne integrasjonen sikrer du optimal drift av virksomheten ved \u00e5 samkj\u00f8re dem.\" \/>\n<meta property=\"og:url\" content=\"https:\/\/rackbeat.com\/no\/lagerstyring-for-tripletex\/\" \/>\n<meta property=\"og:site_name\" content=\"Rackbeat\" \/>\n<meta property=\"article:modified_time\" content=\"2024-11-08T11:55:25+00:00\" \/>\n<meta name=\"twitter:card\" content=\"summary_large_image\" \/>\n<script type=\"application\/ld+json\" class=\"yoast-schema-graph\">{\"@context\":\"https:\/\/schema.org\",\"@graph\":[{\"@type\":\"WebPage\",\"@id\":\"https:\/\/rackbeat.com\/no\/lagerstyring-for-tripletex\/\",\"url\":\"https:\/\/rackbeat.com\/no\/lagerstyring-for-tripletex\/\",\"name\":\"Lagerstyring for Tripletex | Rackbeat\",\"isPartOf\":{\"@id\":\"https:\/\/rackbeat.com\/no\/#website\"},\"datePublished\":\"2022-06-23T11:00:12+00:00\",\"dateModified\":\"2024-11-08T11:55:25+00:00\",\"description\":\"Lager- og \u00f8konomistyring henger sterkt sammen, og med denne integrasjonen sikrer du optimal drift av virksomheten ved \u00e5 samkj\u00f8re dem.\",\"breadcrumb\":{\"@id\":\"https:\/\/rackbeat.com\/no\/lagerstyring-for-tripletex\/#breadcrumb\"},\"inLanguage\":\"no\",\"potentialAction\":[{\"@type\":\"ReadAction\",\"target\":[\"https:\/\/rackbeat.com\/no\/lagerstyring-for-tripletex\/\"]}]},{\"@type\":\"BreadcrumbList\",\"@id\":\"https:\/\/rackbeat.com\/no\/lagerstyring-for-tripletex\/#breadcrumb\",\"itemListElement\":[{\"@type\":\"ListItem\",\"position\":1,\"name\":\"Forside\",\"item\":\"https:\/\/rackbeat.com\/no\/\"},{\"@type\":\"ListItem\",\"position\":2,\"name\":\"Lagerstyring for Tripletex\"}]},{\"@type\":\"WebSite\",\"@id\":\"https:\/\/rackbeat.com\/no\/#website\",\"url\":\"https:\/\/rackbeat.com\/no\/\",\"name\":\"Rackbeat\",\"description\":\"Effektiv lagerstyring\",\"publisher\":{\"@id\":\"https:\/\/rackbeat.com\/no\/#organization\"},\"potentialAction\":[{\"@type\":\"SearchAction\",\"target\":{\"@type\":\"EntryPoint\",\"urlTemplate\":\"https:\/\/rackbeat.com\/no\/?s={search_term_string}\"},\"query-input\":{\"@type\":\"PropertyValueSpecification\",\"valueRequired\":true,\"valueName\":\"search_term_string\"}}],\"inLanguage\":\"no\"},{\"@type\":\"Organization\",\"@id\":\"https:\/\/rackbeat.com\/no\/#organization\",\"name\":\"Rackbeat\",\"url\":\"https:\/\/rackbeat.com\/no\/\",\"logo\":{\"@type\":\"ImageObject\",\"inLanguage\":\"no\",\"@id\":\"https:\/\/rackbeat.com\/no\/#\/schema\/logo\/image\/\",\"url\":\"\",\"contentUrl\":\"\",\"caption\":\"Rackbeat\"},\"image\":{\"@id\":\"https:\/\/rackbeat.com\/no\/#\/schema\/logo\/image\/\"}}]}<\/script>\n<!-- \/ Yoast SEO Premium plugin. -->","yoast_head_json":{"title":"Lagerstyring for Tripletex | Rackbeat","description":"Lager- og \u00f8konomistyring henger sterkt sammen, og med denne integrasjonen sikrer du optimal drift av virksomheten ved \u00e5 samkj\u00f8re dem.","robots":{"index":"index","follow":"follow","max-snippet":"max-snippet:-1","max-image-preview":"max-image-preview:large","max-video-preview":"max-video-preview:-1"},"canonical":"https:\/\/rackbeat.com\/no\/lagerstyring-for-tripletex\/","og_locale":"en_US","og_type":"article","og_title":"Lagerstyring for Tripletex","og_description":"Lager- og \u00f8konomistyring henger sterkt sammen, og med denne integrasjonen sikrer du optimal drift av virksomheten ved \u00e5 samkj\u00f8re dem.","og_url":"https:\/\/rackbeat.com\/no\/lagerstyring-for-tripletex\/","og_site_name":"Rackbeat","article_modified_time":"2024-11-08T11:55:25+00:00","twitter_card":"summary_large_image","schema":{"@context":"https:\/\/schema.org","@graph":[{"@type":"WebPage","@id":"https:\/\/rackbeat.com\/no\/lagerstyring-for-tripletex\/","url":"https:\/\/rackbeat.com\/no\/lagerstyring-for-tripletex\/","name":"Lagerstyring for Tripletex | Rackbeat","isPartOf":{"@id":"https:\/\/rackbeat.com\/no\/#website"},"datePublished":"2022-06-23T11:00:12+00:00","dateModified":"2024-11-08T11:55:25+00:00","description":"Lager- og \u00f8konomistyring henger sterkt sammen, og med denne integrasjonen sikrer du optimal drift av virksomheten ved \u00e5 samkj\u00f8re dem.","breadcrumb":{"@id":"https:\/\/rackbeat.com\/no\/lagerstyring-for-tripletex\/#breadcrumb"},"inLanguage":"no","potentialAction":[{"@type":"ReadAction","target":["https:\/\/rackbeat.com\/no\/lagerstyring-for-tripletex\/"]}]},{"@type":"BreadcrumbList","@id":"https:\/\/rackbeat.com\/no\/lagerstyring-for-tripletex\/#breadcrumb","itemListElement":[{"@type":"ListItem","position":1,"name":"Forside","item":"https:\/\/rackbeat.com\/no\/"},{"@type":"ListItem","position":2,"name":"Lagerstyring for Tripletex"}]},{"@type":"WebSite","@id":"https:\/\/rackbeat.com\/no\/#website","url":"https:\/\/rackbeat.com\/no\/","name":"Rackbeat","description":"Effektiv lagerstyring","publisher":{"@id":"https:\/\/rackbeat.com\/no\/#organization"},"potentialAction":[{"@type":"SearchAction","target":{"@type":"EntryPoint","urlTemplate":"https:\/\/rackbeat.com\/no\/?s={search_term_string}"},"query-input":{"@type":"PropertyValueSpecification","valueRequired":true,"valueName":"search_term_string"}}],"inLanguage":"no"},{"@type":"Organization","@id":"https:\/\/rackbeat.com\/no\/#organization","name":"Rackbeat","url":"https:\/\/rackbeat.com\/no\/","logo":{"@type":"ImageObject","inLanguage":"no","@id":"https:\/\/rackbeat.com\/no\/#\/schema\/logo\/image\/","url":"","contentUrl":"","caption":"Rackbeat"},"image":{"@id":"https:\/\/rackbeat.com\/no\/#\/schema\/logo\/image\/"}}]}},"ACF":{"image_content":"https:\/\/rackbeat.com\/wp-content\/uploads\/2022\/06\/Lager-digital.png","content_title":"Applikasjonen er utviklet med tanke p\u00e5 brukervennlighet, noe som gj\u00f8r Tripletex og Rackbeat til en perfekt match. ","content_next_to_image":"<p>V\u00e5r erfaring er at sm\u00e5- og mellomstore bedrifter kan optimalisere hele forsyningskjeden ved \u00e5 bruke Rackbeat. Med funksjonalitet som strukturvarer, rabattgrupper, innkj\u00f8psmodul, minimum lagerbeholdning og godt overblikk over lageret ( inn og uttg\u00e5ende ), <span style=\"font-weight: 400;\">vil du alltid <\/span>komme i forkj\u00f8pet.<\/p>\n<p><b>Sett opp ditt eget \u00f8kosystem<br \/>\n<\/b><span style=\"font-weight: 400;\">Rackbeats \u00e5pne API gj\u00f8r at du kan sette opp et \u00f8kosystem som er skreddersydd til bedriftens behov. I tillegg til Tripletex kan applikasjonen enkelt integreres med nettbutikk, POS og fraktsystemer n\u00e5r behovet oppst\u00e5r.<\/span><\/p>\n<p><strong>Pris-differensierende kundegrupper<\/strong><br \/>\nDel inn kundene dine i ulike priskategorier og gi differensierte priser og kvantumsrabatter. Du kan alltid f\u00f8lge kundenes priser, og med v\u00e5r B2B tilleggsmodul kan kundene f\u00e5 sin egen brukerinnlogging slik at de selv kan sjekke priser, varelager og ordrestatus.<\/p>\n<p><strong>Skreddersydd rapportering<\/strong><br \/>\nOpprett selv de rapportene du \u00f8nsker \u00e5 motta om lagerstatus. F\u00e5 oversikt over hvilke varer som selger best og n\u00e5r det er p\u00e5 tide \u00e5 supplere s\u00e5 du ikke g\u00e5r tom for varene som gir best fortjeneste.<\/p>\n","bottom_content":"<p><b>Hva er Rackbeat?<\/b><\/p>\n<p>Rackbeat er en skybasert programvarel\u00f8sning, som betyr at du har tilgang til lageret ditt fra hvor som helst, 24\/7. Det er et brukervennlig Warehouse Management System (WMS) som bruker de nyeste teknologiene for \u00e5 automatisere ressurskrevende oppgaver og gj\u00f8r lagerstyringen raskere, enklere og smartere. Rackbeats intuitive brukergrensesnitt og fleksible funksjonalitet gj\u00f8r det enkelt \u00e5 sette opp automatiserte prosesser og tilpasse applikasjonen til din bedrifts unike behov for lagerstyring. Det bidrar b\u00e5de til \u00e5 effektivisere lagerstyringen i virksomheten, samtidig som det minimerer risikoen for datatap og manuelle feil.<\/p>\n<p><span style=\"font-weight: 400;\">Med Rackbeat kan du blant annet:<\/span><\/p>\n<ul>\n<li><span style=\"font-weight: 400;\">administrere lageret ditt p\u00e5 nett fra alle enhetene dine<\/span><\/li>\n<li>spore varene dine fra kj\u00f8p til salg, p\u00e5 tvers av forsyningskjeden<\/li>\n<li>telle lagerbeholdningen din etter varenummer og\/eller strekkode<\/li>\n<li>administrere bevegelser mellom lagre p\u00e5 forskjellige lokasjoner<\/li>\n<li>registrere fraktbrev og h\u00e5ndtere forsendelser av varer<\/li>\n<li>administrere ulike produktvarianter (som farge eller st\u00f8rrelse)<\/li>\n<\/ul>\n<p><strong><br \/>\nHold kontakten med lageret i sanntid<\/strong><br \/>\nMed Rackbeats skybasert lagersystem, har du alltid ditt lager ved h\u00e5nden: Ditt lager er tilgejngelig fra alle enheter i sanntid. Du har alltid tilgang til den nyeste versjonen, uten \u00e5 m\u00e5tte opdatere eller downloade software. <span style=\"font-weight: 400;\">N\u00e5r du velger en integrert l\u00f8sning med Tripletex og Rackbeat, blir bevegelser p\u00e5 lageret ditt automatisk registrert i Tripletex i sanntid. Du f\u00e5r en samlet oversikt over virksomheten din, og sparer b\u00e5de tid og penger.<\/span><\/p>\n<p><b>Du betaler bare for funksjonene du trenger<br \/>\n<\/b><span style=\"font-weight: 400;\">Det er ingen grunn til \u00e5 betale for funksjonalitet, du ikke trenger for \u00e5 drive din bedrift. Tilleggsmodulene v\u00e5re kan tilf\u00f8yes til ditt abonnement, n\u00e5r du f\u00e5r bruk for dem. Dette inneb\u00e6rer \u00e5 spore unike produkter, tilby dine engroskunder deres egen innlogging, kommunisere direkte i en ordre, print labels, arbeide med utl\u00f8psdatoer og mye mer.<\/span><\/p>\n<p>&nbsp;<\/p>\n\n\t\t<!--HubSpot Call-to-Action Code -->\n\t\t<span class=\"hs-cta-wrapper\" id=\"hs-cta-wrapper-96d7deb0-37aa-42ae-aa75-bcd8bbc8b46e\">\n\t\t<span class=\"hs-cta-node hs-cta-96d7deb0-37aa-42ae-aa75-bcd8bbc8b46e\" id=\"96d7deb0-37aa-42ae-aa75-bcd8bbc8b46e\">\n\t\t<!--[if lte IE 8]>\n\t\t<div id=\"hs-cta-ie-element\"><\/div>\n\t\t<![endif]-->\n\t\t<a href=\"https:\/\/cta-redirect.hubspot.com\/cta\/redirect\/20251362\/96d7deb0-37aa-42ae-aa75-bcd8bbc8b46e\" >\n\t\t<img class=\"hs-cta-img\" id=\"hs-cta-img-96d7deb0-37aa-42ae-aa75-bcd8bbc8b46e\" style=\"border-width:0px;\" src=\"https:\/\/no-cache.hubspot.com\/cta\/default\/20251362\/96d7deb0-37aa-42ae-aa75-bcd8bbc8b46e.png\"  alt=\"New call-to-action\"\/>\n\t\t<\/a>\n\t\t<\/span>\n\t\t<script charset=\"utf-8\" src=\"\/\/js.hubspot.com\/cta\/current.js\"><\/script>\n\t\t<script>\n\t\thbspt.cta.load(20251362, '96d7deb0-37aa-42ae-aa75-bcd8bbc8b46e', {});\n\t\t<\/script>\n\t\t<\/span>\n\t\t<!-- end HubSpot Call-to-Action Code -->\n\t\t\n","hero_title":"Lagerstyring for Tripletex","hero_image":"https:\/\/rackbeat.com\/wp-content\/uploads\/2022\/06\/TripletexGraphic-Text.png","hero_sub_title":"","hero_additional_paragraph":"<p><span style=\"font-weight: 400;\">Lager- og \u00f8konomistyring henger sterkt sammen, og med denne integrasjonen sikrer du optimal drift av virksomheten ved \u00e5 samkj\u00f8re dem. Hold styr p\u00e5 fakturaer, ordrer, stykklister og lagerverdi med Rackbeat. N\u00e5r du integrerer med Tripletex slipper du mye administrativt arbeid, skrivefeil og tapte data.<\/span><\/p>\n<p><span style=\"font-weight: 400;\">Rackbeat er et lagerstyringssystem som er utviklet for sm\u00e5 og mellomstore bedrifter med fokus p\u00e5 \u00e5 gj\u00f8re lagerstyring digitalt og enkelt. Rackbeat WMS er utviklet for \u00e5 kunne brukes i alle typer bedrifter \u2013 uavhengig av kompetanseniv\u00e5.<\/span><\/p>\n\n\t\t<!--HubSpot Call-to-Action Code -->\n\t\t<span class=\"hs-cta-wrapper\" id=\"hs-cta-wrapper-de82bd86-8858-4613-ab01-c58c6d554569\">\n\t\t<span class=\"hs-cta-node hs-cta-de82bd86-8858-4613-ab01-c58c6d554569\" id=\"de82bd86-8858-4613-ab01-c58c6d554569\">\n\t\t<!--[if lte IE 8]>\n\t\t<div id=\"hs-cta-ie-element\"><\/div>\n\t\t<![endif]-->\n\t\t<a href=\"https:\/\/cta-redirect.hubspot.com\/cta\/redirect\/20251362\/de82bd86-8858-4613-ab01-c58c6d554569\" >\n\t\t<img class=\"hs-cta-img\" id=\"hs-cta-img-de82bd86-8858-4613-ab01-c58c6d554569\" style=\"border-width:0px;\" src=\"https:\/\/no-cache.hubspot.com\/cta\/default\/20251362\/de82bd86-8858-4613-ab01-c58c6d554569.png\"  alt=\"New call-to-action\"\/>\n\t\t<\/a>\n\t\t<\/span>\n\t\t<script charset=\"utf-8\" src=\"\/\/js.hubspot.com\/cta\/current.js\"><\/script>\n\t\t<script>\n\t\thbspt.cta.load(20251362, 'de82bd86-8858-4613-ab01-c58c6d554569', {});\n\t\t<\/script>\n\t\t<\/span>\n\t\t<!-- end HubSpot Call-to-Action Code -->\n\t\t\n","hero_button_text":"","hero_button_url":"","custom_head_script":""},"_links":{"self":[{"href":"https:\/\/rackbeat.com\/no\/wp-json\/wp\/v2\/pages\/7301","targetHints":{"allow":["GET"]}}],"collection":[{"href":"https:\/\/rackbeat.com\/no\/wp-json\/wp\/v2\/pages"}],"about":[{"href":"https:\/\/rackbeat.com\/no\/wp-json\/wp\/v2\/types\/page"}],"author":[{"embeddable":true,"href":"https:\/\/rackbeat.com\/no\/wp-json\/wp\/v2\/users\/2"}],"replies":[{"embeddable":true,"href":"https:\/\/rackbeat.com\/no\/wp-json\/wp\/v2\/comments?post=7301"}],"version-history":[{"count":13,"href":"https:\/\/rackbeat.com\/no\/wp-json\/wp\/v2\/pages\/7301\/revisions"}],"predecessor-version":[{"id":7494,"href":"https:\/\/rackbeat.com\/no\/wp-json\/wp\/v2\/pages\/7301\/revisions\/7494"}],"wp:attachment":[{"href":"https:\/\/rackbeat.com\/no\/wp-json\/wp\/v2\/media?parent=7301"}],"curies":[{"name":"wp","href":"https:\/\/api.w.org\/{rel}","templated":true}]}}