{"id":34814,"date":"2025-10-30T10:00:50","date_gmt":"2025-10-30T08:00:50","guid":{"rendered":"https:\/\/rackbeat.com\/?page_id=34814"},"modified":"2025-10-30T10:00:50","modified_gmt":"2025-10-30T08:00:50","slug":"handskanner","status":"publish","type":"page","link":"https:\/\/rackbeat.com\/no\/handskanner\/","title":{"rendered":"H\u00e5ndskanner"},"content":{"rendered":"","protected":false},"excerpt":{"rendered":"","protected":false},"author":2,"featured_media":0,"parent":0,"menu_order":0,"comment_status":"closed","ping_status":"closed","template":"page-templates\/dynamic-template.php","meta":{"content-type":"","inline_featured_image":false,"footnotes":""},"class_list":["post-34814","page","type-page","status-publish","hentry"],"yoast_head":"<!-- This site is optimized with the Yoast SEO Premium plugin v20.0 (Yoast SEO v25.9) - https:\/\/yoast.com\/wordpress\/plugins\/seo\/ -->\n<title>H\u00e5ndskanner | Rackbeat<\/title>\n<meta name=\"description\" content=\"F\u00e5 et lager som jobber for deg.Rackbeat-h\u00e5ndskanneren kobler sammen kontor og lager i sanntid og gj\u00f8r plukk, pakking og telling raskere.\" \/>\n<meta name=\"robots\" content=\"index, follow, max-snippet:-1, max-image-preview:large, max-video-preview:-1\" \/>\n<link rel=\"canonical\" href=\"https:\/\/rackbeat.com\/no\/handskanner\/\" \/>\n<meta property=\"og:locale\" content=\"en_US\" \/>\n<meta property=\"og:type\" content=\"article\" \/>\n<meta property=\"og:title\" content=\"H\u00e5ndskanner\" \/>\n<meta property=\"og:description\" content=\"F\u00e5 et lager som jobber for deg.Rackbeat-h\u00e5ndskanneren kobler sammen kontor og lager i sanntid og gj\u00f8r plukk, pakking og telling raskere.\" \/>\n<meta property=\"og:url\" content=\"https:\/\/rackbeat.com\/no\/handskanner\/\" \/>\n<meta property=\"og:site_name\" content=\"Rackbeat\" \/>\n<meta name=\"twitter:card\" content=\"summary_large_image\" \/>\n<script type=\"application\/ld+json\" class=\"yoast-schema-graph\">{\"@context\":\"https:\/\/schema.org\",\"@graph\":[{\"@type\":\"WebPage\",\"@id\":\"https:\/\/rackbeat.com\/no\/handskanner\/\",\"url\":\"https:\/\/rackbeat.com\/no\/handskanner\/\",\"name\":\"H\u00e5ndskanner | Rackbeat\",\"isPartOf\":{\"@id\":\"https:\/\/rackbeat.com\/no\/#website\"},\"datePublished\":\"2025-10-30T08:00:50+00:00\",\"description\":\"F\u00e5 et lager som jobber for deg.Rackbeat-h\u00e5ndskanneren kobler sammen kontor og lager i sanntid og gj\u00f8r plukk, pakking og telling raskere.\",\"breadcrumb\":{\"@id\":\"https:\/\/rackbeat.com\/no\/handskanner\/#breadcrumb\"},\"inLanguage\":\"no\",\"potentialAction\":[{\"@type\":\"ReadAction\",\"target\":[\"https:\/\/rackbeat.com\/no\/handskanner\/\"]}]},{\"@type\":\"BreadcrumbList\",\"@id\":\"https:\/\/rackbeat.com\/no\/handskanner\/#breadcrumb\",\"itemListElement\":[{\"@type\":\"ListItem\",\"position\":1,\"name\":\"Forside\",\"item\":\"https:\/\/rackbeat.com\/no\/\"},{\"@type\":\"ListItem\",\"position\":2,\"name\":\"H\u00e5ndskanner\"}]},{\"@type\":\"WebSite\",\"@id\":\"https:\/\/rackbeat.com\/no\/#website\",\"url\":\"https:\/\/rackbeat.com\/no\/\",\"name\":\"Rackbeat\",\"description\":\"Effektiv lagerstyring\",\"publisher\":{\"@id\":\"https:\/\/rackbeat.com\/no\/#organization\"},\"potentialAction\":[{\"@type\":\"SearchAction\",\"target\":{\"@type\":\"EntryPoint\",\"urlTemplate\":\"https:\/\/rackbeat.com\/no\/?s={search_term_string}\"},\"query-input\":{\"@type\":\"PropertyValueSpecification\",\"valueRequired\":true,\"valueName\":\"search_term_string\"}}],\"inLanguage\":\"no\"},{\"@type\":\"Organization\",\"@id\":\"https:\/\/rackbeat.com\/no\/#organization\",\"name\":\"Rackbeat\",\"url\":\"https:\/\/rackbeat.com\/no\/\",\"logo\":{\"@type\":\"ImageObject\",\"inLanguage\":\"no\",\"@id\":\"https:\/\/rackbeat.com\/no\/#\/schema\/logo\/image\/\",\"url\":\"\",\"contentUrl\":\"\",\"caption\":\"Rackbeat\"},\"image\":{\"@id\":\"https:\/\/rackbeat.com\/no\/#\/schema\/logo\/image\/\"}}]}<\/script>\n<!-- \/ Yoast SEO Premium plugin. -->","yoast_head_json":{"title":"H\u00e5ndskanner | Rackbeat","description":"F\u00e5 et lager som jobber for deg.Rackbeat-h\u00e5ndskanneren kobler sammen kontor og lager i sanntid og gj\u00f8r plukk, pakking og telling raskere.","robots":{"index":"index","follow":"follow","max-snippet":"max-snippet:-1","max-image-preview":"max-image-preview:large","max-video-preview":"max-video-preview:-1"},"canonical":"https:\/\/rackbeat.com\/no\/handskanner\/","og_locale":"en_US","og_type":"article","og_title":"H\u00e5ndskanner","og_description":"F\u00e5 et lager som jobber for deg.Rackbeat-h\u00e5ndskanneren kobler sammen kontor og lager i sanntid og gj\u00f8r plukk, pakking og telling raskere.","og_url":"https:\/\/rackbeat.com\/no\/handskanner\/","og_site_name":"Rackbeat","twitter_card":"summary_large_image","schema":{"@context":"https:\/\/schema.org","@graph":[{"@type":"WebPage","@id":"https:\/\/rackbeat.com\/no\/handskanner\/","url":"https:\/\/rackbeat.com\/no\/handskanner\/","name":"H\u00e5ndskanner | Rackbeat","isPartOf":{"@id":"https:\/\/rackbeat.com\/no\/#website"},"datePublished":"2025-10-30T08:00:50+00:00","description":"F\u00e5 et lager som jobber for deg.Rackbeat-h\u00e5ndskanneren kobler sammen kontor og lager i sanntid og gj\u00f8r plukk, pakking og telling raskere.","breadcrumb":{"@id":"https:\/\/rackbeat.com\/no\/handskanner\/#breadcrumb"},"inLanguage":"no","potentialAction":[{"@type":"ReadAction","target":["https:\/\/rackbeat.com\/no\/handskanner\/"]}]},{"@type":"BreadcrumbList","@id":"https:\/\/rackbeat.com\/no\/handskanner\/#breadcrumb","itemListElement":[{"@type":"ListItem","position":1,"name":"Forside","item":"https:\/\/rackbeat.com\/no\/"},{"@type":"ListItem","position":2,"name":"H\u00e5ndskanner"}]},{"@type":"WebSite","@id":"https:\/\/rackbeat.com\/no\/#website","url":"https:\/\/rackbeat.com\/no\/","name":"Rackbeat","description":"Effektiv lagerstyring","publisher":{"@id":"https:\/\/rackbeat.com\/no\/#organization"},"potentialAction":[{"@type":"SearchAction","target":{"@type":"EntryPoint","urlTemplate":"https:\/\/rackbeat.com\/no\/?s={search_term_string}"},"query-input":{"@type":"PropertyValueSpecification","valueRequired":true,"valueName":"search_term_string"}}],"inLanguage":"no"},{"@type":"Organization","@id":"https:\/\/rackbeat.com\/no\/#organization","name":"Rackbeat","url":"https:\/\/rackbeat.com\/no\/","logo":{"@type":"ImageObject","inLanguage":"no","@id":"https:\/\/rackbeat.com\/no\/#\/schema\/logo\/image\/","url":"","contentUrl":"","caption":"Rackbeat"},"image":{"@id":"https:\/\/rackbeat.com\/no\/#\/schema\/logo\/image\/"}}]}},"ACF":{"custom_content_script":"","custom_head_script":"","dynamic_sections":[{"acf_fc_layout":"text_image_section","image":false,"image_video":"<p><iframe loading=\"lazy\" title=\"From Office to Warehouse: Launching Rackbeat\u2019s Warehouse Scanner!\" width=\"640\" height=\"360\" src=\"https:\/\/www.youtube.com\/embed\/fG75cqvU-3s?feature=oembed\" frameborder=\"0\" allow=\"accelerometer; autoplay; clipboard-write; encrypted-media; gyroscope; picture-in-picture; web-share\" referrerpolicy=\"strict-origin-when-cross-origin\" allowfullscreen><\/iframe><\/p>\n","title_type":"h1","section_title":"Rackbeat H\u00e5ndskanner - Forbindelsen mellom kontor og lager","section_content":"<p>Rackbeat-h\u00e5ndskanneren kobler sammen kontoret og lageret i sanntid og s\u00f8rger for at alle registreringer oppdateres umiddelbart i ditt lagersystem. Den er ideell for bedrifter med flere ansatte, h\u00f8y ordrevolum, stort produktsortiment eller kompleks lagerdrift.<\/p>\n<p>&nbsp;<\/p>\n<ul class=\"list-container checkmark-list list-container list-container-book-demo\">\n<li class=\"list-item\">Skann med RFID- og strekkodeteknologi<\/li>\n<li class=\"list-item\">Robust design for krevende lagerforhold<\/li>\n<li class=\"list-item\">Effektiv plukking, presis telling og rask opprettelse av kreditnotaer<\/li>\n<\/ul>\n<p>&nbsp;<\/p>\n<p>Klikk p\u00e5 \u201cBli ringt opp\u201d for en kort prat med en produktspecialist og finn ut om skanneren passer for din virksomhet.<\/p>\n<p>&nbsp;<\/p>\n","button_text":"Bli ringt opp","button_url":"https:\/\/share.hsforms.com\/16sm7Seq7QwClkMg5i4B8ZAc221u"},{"acf_fc_layout":"short_description","align_introduction_text":"center","section_background_color":"","short_description_heading":"Alt du trenger - rett ved h\u00e5nden","short_description_content":"","image_boxes":[{"image":"https:\/\/rackbeat.com\/wp-content\/uploads\/2025\/10\/PlukkPakk_No.png","title":"<p style=\"text-align: center;\">F\u00f8lg plukkrutene dine, skann varene og send salgsordrene i ett flyt.<\/p>\n"},{"image":"https:\/\/rackbeat.com\/wp-content\/uploads\/2025\/10\/Varemottak_No.png","title":"<p style=\"text-align: center;\">Registrer innkommende varer p\u00e5 f\u00e5 sekunder.<\/p>\n"},{"image":"https:\/\/rackbeat.com\/wp-content\/uploads\/2025\/10\/Lageropptelling_No.png","title":"<p style=\"text-align: center;\">Gj\u00f8r status raskere, oftere og mer presist \u2013 og utf\u00f8r lagerflyttinger umiddelbart.<\/p>\n"},{"image":"https:\/\/rackbeat.com\/wp-content\/uploads\/2025\/10\/BatchSerienummer_No.png","title":"<p style=\"text-align: center;\" data-start=\"797\" data-end=\"1075\">Skann, spor og finn varer fra spesifikke batcher og serier p\u00e5 et \u00f8yeblikk.<\/p>\n"}]},{"acf_fc_layout":"text_image_section","image":false,"image_video":"<p><img loading=\"lazy\" decoding=\"async\" class=\"size-large wp-image-34761 alignleft\" src=\"https:\/\/rackbeat.com\/wp-content\/uploads\/2025\/10\/ScannerPage-3-1024x840.png\" alt=\"\" width=\"640\" height=\"525\" srcset=\"https:\/\/rackbeat.com\/wp-content\/uploads\/2025\/10\/ScannerPage-3-1024x840.png 1024w, https:\/\/rackbeat.com\/wp-content\/uploads\/2025\/10\/ScannerPage-3-300x246.png 300w, https:\/\/rackbeat.com\/wp-content\/uploads\/2025\/10\/ScannerPage-3-768x630.png 768w, https:\/\/rackbeat.com\/wp-content\/uploads\/2025\/10\/ScannerPage-3.png 1500w\" sizes=\"auto, (max-width: 640px) 100vw, 640px\" \/><\/p>\n","title_type":"h1","section_title":"H\u00e5ndskanneren er for deg som vil ha et smartere lager","section_content":"<p>Vi har utviklet h\u00e5ndskanneren for deg som har et lager med h\u00f8yt tempo &#8211; der presisjon, effektivitet og samarbeid er avgj\u00f8rende.<\/p>\n<p>&nbsp;<\/p>\n<p>Den er spesielt verdifull hvis du:<\/p>\n<p>&nbsp;<\/p>\n<ul class=\"list-container checkmark-list list-container list-container-book-demo\">\n<li class=\"list-item\">Har flere medarbeidere som skal samarbeide p\u00e5 tvers av avdelinger om vare- eller ordrebevegelser<\/li>\n<li class=\"list-item\">Har kompleks lagerdrift, f.eks. med behov for plukkruter eller batch-\/serienummerstyring<\/li>\n<li class=\"list-item\">H\u00e5ndterer et stort volum av varer eller ordre<\/li>\n<\/ul>\n<p>&nbsp;<\/p>\n","button_text":"","button_url":""},{"acf_fc_layout":"image_text_section","section_title":"F\u00e5 h\u00e5ndskanneren i din Rackbeat-pakke","section_content":"<p>Rackbeat-h\u00e5ndskanneren er fullt integrert i systemet, slik at du kan koble lagergulvet direkte til kontoret \u2013 helt uten vanskelige tredjepartsl\u00f8sninger.<\/p>\n<p>N\u00e5 er skanneren en fast del av v\u00e5re prispakker, slik at du alltid kan velge l\u00f8sningen som passer ditt behov. Du kan enten kj\u00f8pe skanneren som tillegg hvis du velger Premium, eller f\u00e5 den inkludert i <strong>Premium+<\/strong>, slik at lagerarbeidet blir raskere, enklere og mer presist.<\/p>\n","image":"https:\/\/rackbeat.com\/wp-content\/uploads\/2025\/10\/ScannerPage-1.png","button_text":"Utforsk v\u00e5re prispakker","button_url":"https:\/\/rackbeat.com\/no\/abonnementer-og-priser\/"},{"acf_fc_layout":"accordion_section","image":false,"title_type":"h1","section_title":"","section_content":"","button_text":"","button_url":"","accordion_color":"#e5d2b1","text_color":"#14143f","accordion_repeater":[{"question":"Lagersystem med skanner","singledouble_block":true,"answer":"<p>Bruken av skannere i et lagersystem kan markant forbedre effektiviteten og presisjonen i lagerstyringen.<br \/>\nFor \u00e5 sikre at lagerdata oppdateres korrekt og i sanntid, er det viktig at skanneren enten har integrasjon til et lagerstyringssystem \u2013 eller at systemet er installert direkte p\u00e5 skanneren.<\/p>\n<p>&nbsp;<\/p>\n<p>Det f\u00e5r du med Rackbeat!<\/p>\n<p>&nbsp;<\/p>\n<p>Dette gj\u00f8r at vareinnkj\u00f8p, plukk og andre lageraktiviteter oppdateres og synkroniseres umiddelbart i systemet ditt.<br \/>\nEn skanner uten systemtilkobling kan f\u00f8re til manuelle prosesser med risiko for feil, mens en integrert l\u00f8sning sikrer problemfri og rask oppdatering av lagerbeholdningen.<\/p>\n<p>&nbsp;<\/p>\n","right_answer":""},{"question":"Hvorfor investere i en h\u00e5ndskanner?","singledouble_block":true,"answer":"<p>\u00c5 investere i maskinvare til lagerstyring kan virke som en stor utgift ved f\u00f8rste \u00f8yekast, men fordelene er mange og merkbare:<\/p>\n<p>&nbsp;<\/p>\n<p><strong>1. \u00d8kt effektivitet<\/strong>: Automatiserte l\u00f8sninger som RFID og skannere reduserer tiden det tar \u00e5 utf\u00f8re manuelle oppgaver, og frigj\u00f8r ressurser til andre viktige omr\u00e5der.<\/p>\n<p>&nbsp;<\/p>\n<p><strong>2. Presisjon og n\u00f8yaktighet<\/strong>: Reduser risikoen for feil med presise skanninger og sanntidsdata som sikrer korrekt lagerbeholdning og ordrebehandling.<\/p>\n<p>&nbsp;<\/p>\n<p><strong>3. Skalerbarhet<\/strong>: N\u00e5r virksomheten vokser, kan riktig maskinvare enkelt tilpasses og utvides for \u00e5 m\u00f8te \u00f8kte behov uten \u00e5 g\u00e5 p\u00e5 bekostning av effektiviteten.<\/p>\n<p>&nbsp;<\/p>\n<p>&nbsp;<\/p>\n","right_answer":""},{"question":"N\u00e5r gir det mening \u00e5 implementere en h\u00e5ndskanner?","singledouble_block":true,"answer":"<p>Selv om v\u00e5r mobilapp gir stor fleksibilitet og enkel tilgang, finnes det situasjoner der en spesialisert h\u00e5ndskanner er den mest optimale l\u00f8sningen for deg:<\/p>\n<p>&nbsp;<\/p>\n<p><strong>H\u00f8yt volum:<\/strong> Hvis virksomheten h\u00e5ndterer mange ordre daglig, kan skanneren h\u00e5ndtere arbeidsmengden mer effektivt enn en mobilapp.<\/p>\n<p>&nbsp;<\/p>\n<p><strong>Kompleks lagerstyring:<\/strong> Har du avanserte krav til sporing og administrasjon av batch- eller serienumre? Da gir h\u00e5ndskanneren den n\u00f8dvendige funksjonaliteten.<\/p>\n<p>&nbsp;<\/p>\n<p><strong>Krevende milj\u00f8er:<\/strong> I lagre med begrenset internettilgang eller behov for langdistanse-skanning er skanneren en mer p\u00e5litelig l\u00f8sning.<\/p>\n<p>&nbsp;<\/p>\n<p>&nbsp;<\/p>\n","right_answer":""}]},{"acf_fc_layout":"short_description","align_introduction_text":"left","section_background_color":"","short_description_heading":"Klar til \u00e5 optimalisere lagerarbeidet ditt?","short_description_content":"<p>La oss vise deg hvordan Rackbeat-h\u00e5ndskanneren kan gj\u00f8re en forskjell i din hverdag. Bestill en uforpliktende presentasjon &#8211; s\u00e5 g\u00e5r vi gjennom dine behov og viser hvordan skanneren kan spare tid, redusere feil og gi deg full oversikt direkte i Rackbeat.<\/p>\n<p>&nbsp;<\/p>\n<p>&nbsp;<\/p>\n<p><!--HubSpot Call-to-Action Code --><span id=\"hs-cta-wrapper-c20401db-a564-4fb6-8cbc-4ea3b440688f\" class=\"hs-cta-wrapper\"><span id=\"hs-cta-c20401db-a564-4fb6-8cbc-4ea3b440688f\" class=\"hs-cta-node hs-cta-c20401db-a564-4fb6-8cbc-4ea3b440688f\"><!-- [if lte IE 8]>\n\n\n<div id=\"hs-cta-ie-element\"><\/div>\n\n\n<![endif]--><a href=\"https:\/\/cta-redirect.hubspot.com\/cta\/redirect\/20251362\/c20401db-a564-4fb6-8cbc-4ea3b440688f\"><img decoding=\"async\" id=\"hs-cta-img-c20401db-a564-4fb6-8cbc-4ea3b440688f\" class=\"hs-cta-img\" style=\"border-width: 0px;\" src=\"https:\/\/no-cache.hubspot.com\/cta\/default\/20251362\/c20401db-a564-4fb6-8cbc-4ea3b440688f.png\" alt=\"Book et online m\u00f8te\" \/><\/a><\/span><script charset=\"utf-8\" src=\"https:\/\/js.hscta.net\/cta\/current.js\"><\/script><script type=\"text\/javascript\"> hbspt.cta.load(20251362, 'c20401db-a564-4fb6-8cbc-4ea3b440688f', {\"useNewLoader\":\"true\",\"region\":\"na1\"}); <\/script><\/span><!-- end HubSpot Call-to-Action Code --><\/p>\n","image_boxes":false}]},"_links":{"self":[{"href":"https:\/\/rackbeat.com\/no\/wp-json\/wp\/v2\/pages\/34814","targetHints":{"allow":["GET"]}}],"collection":[{"href":"https:\/\/rackbeat.com\/no\/wp-json\/wp\/v2\/pages"}],"about":[{"href":"https:\/\/rackbeat.com\/no\/wp-json\/wp\/v2\/types\/page"}],"author":[{"embeddable":true,"href":"https:\/\/rackbeat.com\/no\/wp-json\/wp\/v2\/users\/2"}],"replies":[{"embeddable":true,"href":"https:\/\/rackbeat.com\/no\/wp-json\/wp\/v2\/comments?post=34814"}],"version-history":[{"count":11,"href":"https:\/\/rackbeat.com\/no\/wp-json\/wp\/v2\/pages\/34814\/revisions"}],"predecessor-version":[{"id":34957,"href":"https:\/\/rackbeat.com\/no\/wp-json\/wp\/v2\/pages\/34814\/revisions\/34957"}],"wp:attachment":[{"href":"https:\/\/rackbeat.com\/no\/wp-json\/wp\/v2\/media?parent=34814"}],"curies":[{"name":"wp","href":"https:\/\/api.w.org\/{rel}","templated":true}]}}