{"id":32994,"date":"2025-08-20T14:28:42","date_gmt":"2025-08-20T12:28:42","guid":{"rendered":"https:\/\/rackbeat.com\/?page_id=32994"},"modified":"2025-10-03T14:17:53","modified_gmt":"2025-10-03T12:17:53","slug":"integrasjoner","status":"publish","type":"page","link":"https:\/\/rackbeat.com\/no\/integrasjoner\/","title":{"rendered":"Integrasjoner"},"content":{"rendered":"","protected":false},"excerpt":{"rendered":"","protected":false},"author":2,"featured_media":0,"parent":0,"menu_order":0,"comment_status":"closed","ping_status":"closed","template":"page-templates\/dynamic-template.php","meta":{"content-type":"","inline_featured_image":false,"footnotes":""},"class_list":["post-32994","page","type-page","status-publish","hentry"],"yoast_head":"<!-- This site is optimized with the Yoast SEO Premium plugin v20.0 (Yoast SEO v25.9) - https:\/\/yoast.com\/wordpress\/plugins\/seo\/ -->\n<title>Integrasjoner | Rackbeat<\/title>\n<meta name=\"description\" content=\"Skreddersy lagerstyringsprogramvaren til dine behov med Rackbeat. Skybasert lagerstyring som kobler til apper og integrasjoner du allerede bruker.\" \/>\n<meta name=\"robots\" content=\"index, follow, max-snippet:-1, max-image-preview:large, max-video-preview:-1\" \/>\n<link rel=\"canonical\" href=\"https:\/\/rackbeat.com\/no\/integrasjoner\/\" \/>\n<meta property=\"og:locale\" content=\"en_US\" \/>\n<meta property=\"og:type\" content=\"article\" \/>\n<meta property=\"og:title\" content=\"Integrasjoner\" \/>\n<meta property=\"og:description\" content=\"Skreddersy lagerstyringsprogramvaren til dine behov med Rackbeat. Skybasert lagerstyring som kobler til apper og integrasjoner du allerede bruker.\" \/>\n<meta property=\"og:url\" content=\"https:\/\/rackbeat.com\/no\/integrasjoner\/\" \/>\n<meta property=\"og:site_name\" content=\"Rackbeat\" \/>\n<meta property=\"article:modified_time\" content=\"2025-10-03T12:17:53+00:00\" \/>\n<meta name=\"twitter:card\" content=\"summary_large_image\" \/>\n<script type=\"application\/ld+json\" class=\"yoast-schema-graph\">{\"@context\":\"https:\/\/schema.org\",\"@graph\":[{\"@type\":\"WebPage\",\"@id\":\"https:\/\/rackbeat.com\/no\/integrasjoner\/\",\"url\":\"https:\/\/rackbeat.com\/no\/integrasjoner\/\",\"name\":\"Integrasjoner | Rackbeat\",\"isPartOf\":{\"@id\":\"https:\/\/rackbeat.com\/no\/#website\"},\"datePublished\":\"2025-08-20T12:28:42+00:00\",\"dateModified\":\"2025-10-03T12:17:53+00:00\",\"description\":\"Skreddersy lagerstyringsprogramvaren til dine behov med Rackbeat. Skybasert lagerstyring som kobler til apper og integrasjoner du allerede bruker.\",\"breadcrumb\":{\"@id\":\"https:\/\/rackbeat.com\/no\/integrasjoner\/#breadcrumb\"},\"inLanguage\":\"no\",\"potentialAction\":[{\"@type\":\"ReadAction\",\"target\":[\"https:\/\/rackbeat.com\/no\/integrasjoner\/\"]}]},{\"@type\":\"BreadcrumbList\",\"@id\":\"https:\/\/rackbeat.com\/no\/integrasjoner\/#breadcrumb\",\"itemListElement\":[{\"@type\":\"ListItem\",\"position\":1,\"name\":\"Forside\",\"item\":\"https:\/\/rackbeat.com\/no\/\"},{\"@type\":\"ListItem\",\"position\":2,\"name\":\"Integrasjoner\"}]},{\"@type\":\"WebSite\",\"@id\":\"https:\/\/rackbeat.com\/no\/#website\",\"url\":\"https:\/\/rackbeat.com\/no\/\",\"name\":\"Rackbeat\",\"description\":\"Effektiv lagerstyring\",\"publisher\":{\"@id\":\"https:\/\/rackbeat.com\/no\/#organization\"},\"potentialAction\":[{\"@type\":\"SearchAction\",\"target\":{\"@type\":\"EntryPoint\",\"urlTemplate\":\"https:\/\/rackbeat.com\/no\/?s={search_term_string}\"},\"query-input\":{\"@type\":\"PropertyValueSpecification\",\"valueRequired\":true,\"valueName\":\"search_term_string\"}}],\"inLanguage\":\"no\"},{\"@type\":\"Organization\",\"@id\":\"https:\/\/rackbeat.com\/no\/#organization\",\"name\":\"Rackbeat\",\"url\":\"https:\/\/rackbeat.com\/no\/\",\"logo\":{\"@type\":\"ImageObject\",\"inLanguage\":\"no\",\"@id\":\"https:\/\/rackbeat.com\/no\/#\/schema\/logo\/image\/\",\"url\":\"\",\"contentUrl\":\"\",\"caption\":\"Rackbeat\"},\"image\":{\"@id\":\"https:\/\/rackbeat.com\/no\/#\/schema\/logo\/image\/\"}}]}<\/script>\n<!-- \/ Yoast SEO Premium plugin. -->","yoast_head_json":{"title":"Integrasjoner | Rackbeat","description":"Skreddersy lagerstyringsprogramvaren til dine behov med Rackbeat. Skybasert lagerstyring som kobler til apper og integrasjoner du allerede bruker.","robots":{"index":"index","follow":"follow","max-snippet":"max-snippet:-1","max-image-preview":"max-image-preview:large","max-video-preview":"max-video-preview:-1"},"canonical":"https:\/\/rackbeat.com\/no\/integrasjoner\/","og_locale":"en_US","og_type":"article","og_title":"Integrasjoner","og_description":"Skreddersy lagerstyringsprogramvaren til dine behov med Rackbeat. Skybasert lagerstyring som kobler til apper og integrasjoner du allerede bruker.","og_url":"https:\/\/rackbeat.com\/no\/integrasjoner\/","og_site_name":"Rackbeat","article_modified_time":"2025-10-03T12:17:53+00:00","twitter_card":"summary_large_image","schema":{"@context":"https:\/\/schema.org","@graph":[{"@type":"WebPage","@id":"https:\/\/rackbeat.com\/no\/integrasjoner\/","url":"https:\/\/rackbeat.com\/no\/integrasjoner\/","name":"Integrasjoner | Rackbeat","isPartOf":{"@id":"https:\/\/rackbeat.com\/no\/#website"},"datePublished":"2025-08-20T12:28:42+00:00","dateModified":"2025-10-03T12:17:53+00:00","description":"Skreddersy lagerstyringsprogramvaren til dine behov med Rackbeat. Skybasert lagerstyring som kobler til apper og integrasjoner du allerede bruker.","breadcrumb":{"@id":"https:\/\/rackbeat.com\/no\/integrasjoner\/#breadcrumb"},"inLanguage":"no","potentialAction":[{"@type":"ReadAction","target":["https:\/\/rackbeat.com\/no\/integrasjoner\/"]}]},{"@type":"BreadcrumbList","@id":"https:\/\/rackbeat.com\/no\/integrasjoner\/#breadcrumb","itemListElement":[{"@type":"ListItem","position":1,"name":"Forside","item":"https:\/\/rackbeat.com\/no\/"},{"@type":"ListItem","position":2,"name":"Integrasjoner"}]},{"@type":"WebSite","@id":"https:\/\/rackbeat.com\/no\/#website","url":"https:\/\/rackbeat.com\/no\/","name":"Rackbeat","description":"Effektiv lagerstyring","publisher":{"@id":"https:\/\/rackbeat.com\/no\/#organization"},"potentialAction":[{"@type":"SearchAction","target":{"@type":"EntryPoint","urlTemplate":"https:\/\/rackbeat.com\/no\/?s={search_term_string}"},"query-input":{"@type":"PropertyValueSpecification","valueRequired":true,"valueName":"search_term_string"}}],"inLanguage":"no"},{"@type":"Organization","@id":"https:\/\/rackbeat.com\/no\/#organization","name":"Rackbeat","url":"https:\/\/rackbeat.com\/no\/","logo":{"@type":"ImageObject","inLanguage":"no","@id":"https:\/\/rackbeat.com\/no\/#\/schema\/logo\/image\/","url":"","contentUrl":"","caption":"Rackbeat"},"image":{"@id":"https:\/\/rackbeat.com\/no\/#\/schema\/logo\/image\/"}}]}},"ACF":{"dynamic_sections":[{"acf_fc_layout":"text_image_section","image":"https:\/\/rackbeat.com\/wp-content\/uploads\/2024\/02\/Integrationer-Hero-Norsk.png","image_video":"","title_type":"h1","section_title":"Et lagerstyringssystem som kan kobles til ditt oppsett","section_content":"<p data-start=\"45\" data-end=\"416\">Rackbeats lagerstyringssystem gir deg en skalerbar og fleksibel plattform som kan skreddersys etter akkurat dine behov. Du kan nemlig koble dine eksisterende systemer, for eksempel regnskapsprogrammet eller nettbutikken, sammen med v\u00e5rt lagersystem, slik at arbeidsflyten din forbedres i stedet for \u00e5 bli endret.<\/p>\n","button_text":"","button_url":""},{"acf_fc_layout":"new_integrations","title":"F\u00e5 oversikten over alle integrasjoner nedenfor","description":"<p>Integrasjonspartnere med et<strong> $-tegn<\/strong> i hj\u00f8rnet angir at integrasjonen leveres av en tredjepart. N\u00e5r en tredjepart st\u00e5r for integrasjonen, kan det v\u00e6re en tilleggskostnad knyttet til dette, som fastsettes av leverand\u00f8ren.Selv om oppsett og integrasjon h\u00e5ndteres av en tredjepart, er vi med hele veien for \u00e5 sikre at du f\u00e5r den st\u00f8tten du trenger.<\/p>\n<p>&nbsp;<\/p>\n<p data-start=\"200\" data-end=\"300\">Kontakt oss<strong><span style=\"color: #609ed3;\"> <a style=\"color: #609ed3;\" href=\"https:\/\/rackbeat.com\/no\/kontakt\/\">her <\/a><\/span><\/strong>hvis du ikke finner en integrasjon som passer dine behov, s\u00e5 finner vi en l\u00f8sning.<\/p>\n","easy_setup_title":"Integrasjon av Rackbeat","background_color":"#F3F4F5","not_found_title":"Vi fant ingen resultater!","not_found_description":"<p>Hvis du ikke finner ditt n\u00e5v\u00e6rende system p\u00e5 integrasjonslisten v\u00e5r, oppfordrer vi deg til \u00e5 kontakte oss p\u00e5 e-postadressen v\u00e5r <a href=\"mailto:partner@rackbeat.com\">her<\/a>, slik at vi kan snakke om dine behov og finne den rette l\u00f8sningen sammen. Siden Rackbeat er laget med et <a href=\"https:\/\/rackbeat.com\/glossaries\/aabent-api\/\">\u00e5pent API<\/a>, kan en integrasjon bygges for de aller fleste systemer.<\/p>\n","not_found_image":"https:\/\/rackbeat.com\/wp-content\/uploads\/2024\/09\/Robotta-Lagerstyring.svg"},{"acf_fc_layout":"image_text_section","section_title":"Fant du ikke systemet ditt p\u00e5 listen?","section_content":"<p data-start=\"47\" data-end=\"249\"><span style=\"font-weight: 400;\">Hvis du ikke finner ditt n\u00e5v\u00e6rende system p\u00e5 v\u00e5r integrasjonsliste, oppfordrer vi deg til \u00e5 kontakte oss p\u00e5 e-post <a href=\"mailto:partner@rackbeat.com\"><span style=\"color: #609ed3;\">her<\/span><\/a>, slik at vi kan snakke om dine behov og sammen finne den rette l\u00f8sningen. <\/span><\/p>\n<p data-start=\"47\" data-end=\"249\"><span style=\"font-weight: 400;\">Ettersom Rackbeat er laget med et <span style=\"color: #609ed3;\"><a style=\"color: #609ed3;\" href=\"https:\/\/rackbeat.com\/no\/glossaries\/aapent-api\/\">\u00e5pent API<\/a>,<\/span> er det mulig \u00e5 bygge en integrasjon til de aller fleste systemer. Skulle det vise seg at det ikke er mulig med din spesifikke programvare, kan vi ogs\u00e5 hjelpe deg med \u00e5 finne et passende alternativ.<\/span><\/p>\n<p data-start=\"47\" data-end=\"249\">Vil du utvikle egne integrasjoner eller tilpasse dem? Bes\u00f8k v\u00e5r utviklerportal hos Rackbeat <a class=\"decorated-link\" href=\"https:\/\/developer.rackbeat.com\/\" target=\"_new\" rel=\"noopener\" data-start=\"341\" data-end=\"379\">her<\/a>.<\/p>\n","image":"https:\/\/rackbeat.com\/wp-content\/uploads\/2025\/10\/API-Integrationer.png","button_text":"","button_url":""},{"acf_fc_layout":"text_image_section","image":"https:\/\/rackbeat.com\/wp-content\/uploads\/2025\/07\/fb-black-shield-01-scaled.jpg","image_video":"","title_type":"h1","section_title":"\u00d8nsker du en samlet l\u00f8sning?","section_content":"<p>For mange som driver nettbutikk, kan det v\u00e6re b\u00e5de tidkrevende og krevende \u00e5 holde oversikt over varelager, ordre og regnskap \u2013 og i verste fall f\u00f8rer det til feil som koster b\u00e5de tid og penger.<\/p>\n<p>&nbsp;<\/p>\n<p>Derfor er s\u00f8ml\u00f8se integrasjoner mellom nettbutikken og ERP-systemer som Tripletex og Rackbeat ikke bare en teknisk oppgradering \u2013 det er et strategisk valg for vekst, l\u00f8nnsomhet og bedre kontroll.<\/p>\n<p>&nbsp;<\/p>\n<p>Sammen med Kr\u00e9atif f\u00e5r du en helhetlig integrasjonsl\u00f8sning som kobler nettbutikken din direkte med lagerstyringen i Rackbeat og<\/p>\n<p>&nbsp;<\/p>\n","button_text":"Les mer","button_url":"https:\/\/www.kreatif.no\/integrasjoner\/rackbeat"},{"acf_fc_layout":"accordion_section","image":false,"title_type":"h1","section_title":"Ofte stilte sp\u00f8rsm\u00e5l","section_content":"<p>Nedenfor finner du svar p\u00e5 de mest vanlige sp\u00f8rsm\u00e5lene om hvordan Rackbeat spiller sammen med andre systemer, og hvordan du kommer i gang med integrasjonene.<\/p>\n","button_text":"","button_url":"","accordion_color":"#edd5c3","text_color":"#14143f","accordion_repeater":[{"question":"Hva betyr det at Rackbeat har integrasjoner?","singledouble_block":false,"answer":"<p data-start=\"244\" data-end=\"486\">Det betyr at Rackbeat kan kobles til andre systemer, slik at dataene dine automatisk synkroniseres mellom dem \u2013 for eksempel regnskapsprogrammet ditt, nettbutikken eller fraktl\u00f8sningen din.<\/p>\n<p data-start=\"488\" data-end=\"835\">\n","right_answer":""},{"question":"Hvordan setter jeg opp en integrasjon?","singledouble_block":false,"answer":"<p data-start=\"488\" data-end=\"835\">Mange integrasjoner kan settes opp med f\u00e5 klikk direkte i Rackbeat. Vi anbefaler likevel at du tar kontakt med v\u00e5r support n\u00e5r du skal sette opp en integrasjon \u2013 da sikrer vi at all data synkroniseres korrekt. Hvis du vil pr\u00f8ve selv, har vi ogs\u00e5 hjelpeartikler for oppsett av enkle integrasjoner her.<\/p>\n<p data-start=\"837\" data-end=\"1121\">\n","right_answer":""},{"question":"Hva om jeg trenger et system som ikke st\u00e5r p\u00e5 listen over integrasjonspartnere?","singledouble_block":false,"answer":"<p data-start=\"837\" data-end=\"1121\">Har du et system vi ikke allerede har en integrasjon til? Rackbeat har et \u00e5pent API, slik at du (eller utvikleren din) kan bygge en skreddersydd integrasjon. Kontakt oss her, s\u00e5 kan vi ta en prat.<\/p>\n","right_answer":""},{"question":"Kan dere hjelpe meg med \u00e5 velge riktig integrasjon?","singledouble_block":false,"answer":"<p data-start=\"1123\" data-end=\"1316\">Ja! Hvis du er usikker p\u00e5 hvilke integrasjoner som passer til virksomheten din, kan du booke en prat med oss \u2013 vi hjelper deg gjerne.<\/p>\n","right_answer":""},{"question":"Hva koster det \u00e5 integrere systemene mine med Rackbeat?","singledouble_block":false,"answer":"<p data-start=\"1318\" data-end=\"1584\">V\u00e5rt Basis-abonnement gir tilgang til \u00e9n gratis integrasjon, mens v\u00e5rt Premium-abonnement inkluderer et ubegrenset antall integrasjoner levert av Rackbeat. Du kan lese mer om v\u00e5re abonnementspakker her.<\/p>\n<p data-start=\"1586\" data-end=\"1783\">Hvis integrasjonen leveres av en tredjepart (merket med et $-tegn), kan det v\u00e6re en ekstra kostnad som fastsettes av leverand\u00f8ren. Vi anbefaler \u00e5 kontakte leverand\u00f8ren direkte for pris og vilk\u00e5r.<\/p>\n","right_answer":""}]},{"acf_fc_layout":"short_description","align_introduction_text":"left","section_background_color":"#f3f4f5","short_description_heading":"Hjelp oss med \u00e5 informere kundene v\u00e5re om integrasjonen","short_description_content":"<p>Har du allerede utviklet en integrasjon for Rackbeat og \u00f8nsker \u00e5 bli vist her p\u00e5 integrasjonssiden? Vennligst fyll ut skjemaet v\u00e5rt med informasjon om din bedrift og integrasjonen. P\u00e5 denne m\u00e5ten kan kommende kunder lese om alle fordelene ved v\u00e5rt samarbeid.<\/p>\n<p>&nbsp;<\/p>\n<p><!--HubSpot Call-to-Action Code --><span id=\"hs-cta-wrapper-24de6275-db94-4352-af2d-e8455bb30744\" class=\"hs-cta-wrapper\"><span id=\"hs-cta-24de6275-db94-4352-af2d-e8455bb30744\" class=\"hs-cta-node hs-cta-24de6275-db94-4352-af2d-e8455bb30744\"><!-- [if lte IE 8]>\n\n\n<div id=\"hs-cta-ie-element\"><\/div>\n\n\n<![endif]--><a href=\"https:\/\/cta-redirect.hubspot.com\/cta\/redirect\/20251362\/24de6275-db94-4352-af2d-e8455bb30744\" target=\"_blank\" rel=\"noopener\"><img decoding=\"async\" id=\"hs-cta-img-24de6275-db94-4352-af2d-e8455bb30744\" class=\"hs-cta-img\" style=\"border-width: 0px;\" src=\"https:\/\/no-cache.hubspot.com\/cta\/default\/20251362\/24de6275-db94-4352-af2d-e8455bb30744.png\" alt=\"Fyll ut skjemaet\" \/><\/a><\/span><script charset=\"utf-8\" src=\"https:\/\/js.hscta.net\/cta\/current.js\"><\/script><script type=\"text\/javascript\"> hbspt.cta.load(20251362, '24de6275-db94-4352-af2d-e8455bb30744', {\"useNewLoader\":\"true\",\"region\":\"na1\"}); <\/script><\/span><!-- end HubSpot Call-to-Action Code --><\/p>\n","image_boxes":false}],"custom_head_script":""},"_links":{"self":[{"href":"https:\/\/rackbeat.com\/no\/wp-json\/wp\/v2\/pages\/32994","targetHints":{"allow":["GET"]}}],"collection":[{"href":"https:\/\/rackbeat.com\/no\/wp-json\/wp\/v2\/pages"}],"about":[{"href":"https:\/\/rackbeat.com\/no\/wp-json\/wp\/v2\/types\/page"}],"author":[{"embeddable":true,"href":"https:\/\/rackbeat.com\/no\/wp-json\/wp\/v2\/users\/2"}],"replies":[{"embeddable":true,"href":"https:\/\/rackbeat.com\/no\/wp-json\/wp\/v2\/comments?post=32994"}],"version-history":[{"count":31,"href":"https:\/\/rackbeat.com\/no\/wp-json\/wp\/v2\/pages\/32994\/revisions"}],"predecessor-version":[{"id":34284,"href":"https:\/\/rackbeat.com\/no\/wp-json\/wp\/v2\/pages\/32994\/revisions\/34284"}],"wp:attachment":[{"href":"https:\/\/rackbeat.com\/no\/wp-json\/wp\/v2\/media?parent=32994"}],"curies":[{"name":"wp","href":"https:\/\/api.w.org\/{rel}","templated":true}]}}