{"id":29635,"date":"2025-09-08T15:43:43","date_gmt":"2025-09-08T13:43:43","guid":{"rendered":"https:\/\/rackbeat.com\/?page_id=29635"},"modified":"2025-09-08T15:43:43","modified_gmt":"2025-09-08T13:43:43","slug":"samlet-losning-av-kreatif","status":"publish","type":"page","link":"https:\/\/rackbeat.com\/no\/samlet-losning-av-kreatif\/","title":{"rendered":"Samlet l\u00f8sning av Kr\u00e9atif"},"content":{"rendered":"","protected":false},"excerpt":{"rendered":"","protected":false},"author":2,"featured_media":0,"parent":0,"menu_order":0,"comment_status":"closed","ping_status":"closed","template":"page-templates\/dynamic-template.php","meta":{"content-type":"","inline_featured_image":false,"footnotes":""},"class_list":["post-29635","page","type-page","status-publish","hentry"],"yoast_head":"<!-- This site is optimized with the Yoast SEO Premium plugin v20.0 (Yoast SEO v25.9) - https:\/\/yoast.com\/wordpress\/plugins\/seo\/ -->\n<title>Samlet l\u00f8sning av Kr\u00e9atif | Rackbeat<\/title>\n<meta name=\"robots\" content=\"index, follow, max-snippet:-1, max-image-preview:large, max-video-preview:-1\" \/>\n<link rel=\"canonical\" href=\"https:\/\/rackbeat.com\/no\/samlet-losning-av-kreatif\/\" \/>\n<meta property=\"og:locale\" content=\"en_US\" \/>\n<meta property=\"og:type\" content=\"article\" \/>\n<meta property=\"og:title\" content=\"Samlet l\u00f8sning av Kr\u00e9atif\" \/>\n<meta property=\"og:url\" content=\"https:\/\/rackbeat.com\/no\/samlet-losning-av-kreatif\/\" \/>\n<meta property=\"og:site_name\" content=\"Rackbeat\" \/>\n<meta name=\"twitter:card\" content=\"summary_large_image\" \/>\n<script type=\"application\/ld+json\" class=\"yoast-schema-graph\">{\"@context\":\"https:\/\/schema.org\",\"@graph\":[{\"@type\":\"WebPage\",\"@id\":\"https:\/\/rackbeat.com\/no\/samlet-losning-av-kreatif\/\",\"url\":\"https:\/\/rackbeat.com\/no\/samlet-losning-av-kreatif\/\",\"name\":\"Samlet l\u00f8sning av Kr\u00e9atif | Rackbeat\",\"isPartOf\":{\"@id\":\"https:\/\/rackbeat.com\/no\/#website\"},\"datePublished\":\"2025-09-08T13:43:43+00:00\",\"breadcrumb\":{\"@id\":\"https:\/\/rackbeat.com\/no\/samlet-losning-av-kreatif\/#breadcrumb\"},\"inLanguage\":\"no\",\"potentialAction\":[{\"@type\":\"ReadAction\",\"target\":[\"https:\/\/rackbeat.com\/no\/samlet-losning-av-kreatif\/\"]}]},{\"@type\":\"BreadcrumbList\",\"@id\":\"https:\/\/rackbeat.com\/no\/samlet-losning-av-kreatif\/#breadcrumb\",\"itemListElement\":[{\"@type\":\"ListItem\",\"position\":1,\"name\":\"Forside\",\"item\":\"https:\/\/rackbeat.com\/no\/\"},{\"@type\":\"ListItem\",\"position\":2,\"name\":\"Samlet l\u00f8sning av Kr\u00e9atif\"}]},{\"@type\":\"WebSite\",\"@id\":\"https:\/\/rackbeat.com\/no\/#website\",\"url\":\"https:\/\/rackbeat.com\/no\/\",\"name\":\"Rackbeat\",\"description\":\"Effektiv lagerstyring\",\"publisher\":{\"@id\":\"https:\/\/rackbeat.com\/no\/#organization\"},\"potentialAction\":[{\"@type\":\"SearchAction\",\"target\":{\"@type\":\"EntryPoint\",\"urlTemplate\":\"https:\/\/rackbeat.com\/no\/?s={search_term_string}\"},\"query-input\":{\"@type\":\"PropertyValueSpecification\",\"valueRequired\":true,\"valueName\":\"search_term_string\"}}],\"inLanguage\":\"no\"},{\"@type\":\"Organization\",\"@id\":\"https:\/\/rackbeat.com\/no\/#organization\",\"name\":\"Rackbeat\",\"url\":\"https:\/\/rackbeat.com\/no\/\",\"logo\":{\"@type\":\"ImageObject\",\"inLanguage\":\"no\",\"@id\":\"https:\/\/rackbeat.com\/no\/#\/schema\/logo\/image\/\",\"url\":\"\",\"contentUrl\":\"\",\"caption\":\"Rackbeat\"},\"image\":{\"@id\":\"https:\/\/rackbeat.com\/no\/#\/schema\/logo\/image\/\"}}]}<\/script>\n<!-- \/ Yoast SEO Premium plugin. -->","yoast_head_json":{"title":"Samlet l\u00f8sning av Kr\u00e9atif | Rackbeat","robots":{"index":"index","follow":"follow","max-snippet":"max-snippet:-1","max-image-preview":"max-image-preview:large","max-video-preview":"max-video-preview:-1"},"canonical":"https:\/\/rackbeat.com\/no\/samlet-losning-av-kreatif\/","og_locale":"en_US","og_type":"article","og_title":"Samlet l\u00f8sning av Kr\u00e9atif","og_url":"https:\/\/rackbeat.com\/no\/samlet-losning-av-kreatif\/","og_site_name":"Rackbeat","twitter_card":"summary_large_image","schema":{"@context":"https:\/\/schema.org","@graph":[{"@type":"WebPage","@id":"https:\/\/rackbeat.com\/no\/samlet-losning-av-kreatif\/","url":"https:\/\/rackbeat.com\/no\/samlet-losning-av-kreatif\/","name":"Samlet l\u00f8sning av Kr\u00e9atif | Rackbeat","isPartOf":{"@id":"https:\/\/rackbeat.com\/no\/#website"},"datePublished":"2025-09-08T13:43:43+00:00","breadcrumb":{"@id":"https:\/\/rackbeat.com\/no\/samlet-losning-av-kreatif\/#breadcrumb"},"inLanguage":"no","potentialAction":[{"@type":"ReadAction","target":["https:\/\/rackbeat.com\/no\/samlet-losning-av-kreatif\/"]}]},{"@type":"BreadcrumbList","@id":"https:\/\/rackbeat.com\/no\/samlet-losning-av-kreatif\/#breadcrumb","itemListElement":[{"@type":"ListItem","position":1,"name":"Forside","item":"https:\/\/rackbeat.com\/no\/"},{"@type":"ListItem","position":2,"name":"Samlet l\u00f8sning av Kr\u00e9atif"}]},{"@type":"WebSite","@id":"https:\/\/rackbeat.com\/no\/#website","url":"https:\/\/rackbeat.com\/no\/","name":"Rackbeat","description":"Effektiv lagerstyring","publisher":{"@id":"https:\/\/rackbeat.com\/no\/#organization"},"potentialAction":[{"@type":"SearchAction","target":{"@type":"EntryPoint","urlTemplate":"https:\/\/rackbeat.com\/no\/?s={search_term_string}"},"query-input":{"@type":"PropertyValueSpecification","valueRequired":true,"valueName":"search_term_string"}}],"inLanguage":"no"},{"@type":"Organization","@id":"https:\/\/rackbeat.com\/no\/#organization","name":"Rackbeat","url":"https:\/\/rackbeat.com\/no\/","logo":{"@type":"ImageObject","inLanguage":"no","@id":"https:\/\/rackbeat.com\/no\/#\/schema\/logo\/image\/","url":"","contentUrl":"","caption":"Rackbeat"},"image":{"@id":"https:\/\/rackbeat.com\/no\/#\/schema\/logo\/image\/"}}]}},"ACF":{"custom_content_script":"","custom_head_script":"","dynamic_sections":[{"acf_fc_layout":"text_image_section","image":"https:\/\/rackbeat.com\/wp-content\/uploads\/2025\/03\/KREATIF.png","image_video":"","title_type":"h1","section_title":"Samle dine systemer med Kr\u00e9atifs integrasjoner","section_content":"<p>Kr\u00e9atif leverer kraftfulle toveis integrasjoner spesialdesignet for \u00e5 optimalisere og automatisere driftsprosessen din med Rackbeat.<\/p>\n<p>&nbsp;<\/p>\n<p>Integrasjoner kobler e-commerce plattformer, CRM-systemer, fraktl\u00f8sninger og POS-systemer, noe som sikrer en s\u00f8ml\u00f8s dataflyt mellom systemene dine.<\/p>\n<p>Dette lar deg fokusere p\u00e5 det som virkelig betyr noe: \u00e5 lykkes med virksomheten din.<\/p>\n<p>&nbsp;<\/p>\n","button_text":"Kontakt Kreatif","button_url":"https:\/\/kreatif-intern.squarespace.com\/kontakt"},{"acf_fc_layout":"integrations","title":""},{"acf_fc_layout":"image_textboxes_section","align_introduction_text":"center","section_title":"Hvorfor velge Kr\u00e9atif som din e-commerce-partner?","section_description":"<p data-start=\"130\" data-end=\"304\">Kr\u00e9atif kombinerer et fleksibelt CMS med s\u00f8ml\u00f8se integrasjoner mot ERP og lager, slik at du f\u00e5r full kontroll, automatisering og en l\u00f8sning som vokser med virksomheten din:<\/p>\n","textboxes":[{"title":"Hvem er Kr\u00e9atif?","content":"<p>Kr\u00e9atif er ledende e-commerce- og integrasjonspartner basert i Moss. Deres tverrfaglige team utvikler netthandelsl\u00f8sninger for hele Norden, rustet for bedrifter i alle st\u00f8rrelser, uansett bransje og marked.<\/p>\n<p>&nbsp;<\/p>\n<p>Kr\u00e9atif arbeider med headless l\u00f8sninger i sitt eget CMS, Frigg, noe som skaper en unik fordel n\u00e5r det kommer til tilpasning og utvikling.<\/p>\n<p>&nbsp;<\/p>\n<p>Med Frigg f\u00e5r du en helautomatisert l\u00f8sning mot logistikk som gir full oversikt over alle prosesser, forbedret kontroll og reduserer arbeidstiden. Frigg er fleksibel og kan enkelt utvides med flere integrasjoner etter hvert som virksomheten vokser.<\/p>\n","image":"https:\/\/rackbeat.com\/wp-content\/uploads\/2025\/03\/KreatifLogo.png"},{"title":"Hvorfor er det nyttig med en pakkel\u00f8sning?","content":"<p>Kr\u00e9atif\u2019s pakkel\u00f8sning gir bedrifter en kraftig fordel ved \u00e5 integrere e-handel s\u00f8ml\u00f8st med eksisterende ERP-systemer og lageret i Rackbeat. Dette gir effektiv automatisering av prosesser som lagerstyring, transport og \u00f8konomi.<\/p>\n<p>&nbsp;<\/p>\n<p>L\u00f8sningen inkluderer det fleksible CMS-et, Frigg, som kan tilpasses spesifikke bedriftsbehov, og dermed sikrer rask implementering og forbedret kundeopplevelse, samtidig som det gir kostnadsbesparelser og lar bedrifter fokusere p\u00e5 vekst.<\/p>\n","image":"https:\/\/rackbeat.com\/wp-content\/uploads\/2024\/03\/Features-Hero.svg"},{"title":"Har du sp\u00f8rsm\u00e5l eller vurderer du en skreddersydd l\u00f8sning for din bedrift?","content":"<p>Kontakt Kr\u00e9atif, s\u00e5 vil de bist\u00e5 deg med alt relatert til onboarding og integrasjoner, og sikre en smidig overgang.<\/p>\n<p>&nbsp;<\/p>\n<p><!--HubSpot Call-to-Action Code --><span id=\"hs-cta-wrapper-1dcd1bac-d8d5-4999-9f8a-e79c8081003a\" class=\"hs-cta-wrapper\"><span id=\"hs-cta-1dcd1bac-d8d5-4999-9f8a-e79c8081003a\" class=\"hs-cta-node hs-cta-1dcd1bac-d8d5-4999-9f8a-e79c8081003a\"><!-- [if lte IE 8]>\n\n\n<div id=\"hs-cta-ie-element\"><\/div>\n\n\n<![endif]--><a href=\"https:\/\/cta-redirect.hubspot.com\/cta\/redirect\/20251362\/1dcd1bac-d8d5-4999-9f8a-e79c8081003a\"><img decoding=\"async\" id=\"hs-cta-img-1dcd1bac-d8d5-4999-9f8a-e79c8081003a\" class=\"hs-cta-img\" style=\"border-width: 0px;\" src=\"https:\/\/no-cache.hubspot.com\/cta\/default\/20251362\/1dcd1bac-d8d5-4999-9f8a-e79c8081003a.png\" alt=\"Kontakt Kr\u00e9atif\" \/><\/a><\/span><script charset=\"utf-8\" src=\"https:\/\/js.hscta.net\/cta\/current.js\"><\/script><script type=\"text\/javascript\"> hbspt.cta.load(20251362, '1dcd1bac-d8d5-4999-9f8a-e79c8081003a', {\"useNewLoader\":\"true\",\"region\":\"na1\"}); <\/script><\/span><!-- end HubSpot Call-to-Action Code --><\/p>\n","image":"https:\/\/rackbeat.com\/wp-content\/uploads\/2024\/01\/Tilbud.svg"}]}]},"_links":{"self":[{"href":"https:\/\/rackbeat.com\/no\/wp-json\/wp\/v2\/pages\/29635","targetHints":{"allow":["GET"]}}],"collection":[{"href":"https:\/\/rackbeat.com\/no\/wp-json\/wp\/v2\/pages"}],"about":[{"href":"https:\/\/rackbeat.com\/no\/wp-json\/wp\/v2\/types\/page"}],"author":[{"embeddable":true,"href":"https:\/\/rackbeat.com\/no\/wp-json\/wp\/v2\/users\/2"}],"replies":[{"embeddable":true,"href":"https:\/\/rackbeat.com\/no\/wp-json\/wp\/v2\/comments?post=29635"}],"version-history":[{"count":103,"href":"https:\/\/rackbeat.com\/no\/wp-json\/wp\/v2\/pages\/29635\/revisions"}],"predecessor-version":[{"id":33816,"href":"https:\/\/rackbeat.com\/no\/wp-json\/wp\/v2\/pages\/29635\/revisions\/33816"}],"wp:attachment":[{"href":"https:\/\/rackbeat.com\/no\/wp-json\/wp\/v2\/media?parent=29635"}],"curies":[{"name":"wp","href":"https:\/\/api.w.org\/{rel}","templated":true}]}}