{"id":27807,"date":"2024-12-04T15:32:53","date_gmt":"2024-12-04T13:32:53","guid":{"rendered":"https:\/\/rackbeat.com\/?page_id=27807"},"modified":"2025-01-24T16:37:41","modified_gmt":"2025-01-24T14:37:41","slug":"haandverkere","status":"publish","type":"page","link":"https:\/\/rackbeat.com\/no\/haandverkere\/","title":{"rendered":"H\u00e5ndverkere"},"content":{"rendered":"","protected":false},"excerpt":{"rendered":"","protected":false},"author":2,"featured_media":0,"parent":0,"menu_order":0,"comment_status":"closed","ping_status":"closed","template":"page-templates\/dynamic-template.php","meta":{"content-type":"","inline_featured_image":false,"footnotes":""},"class_list":["post-27807","page","type-page","status-publish","hentry"],"yoast_head":"<!-- This site is optimized with the Yoast SEO Premium plugin v20.0 (Yoast SEO v25.9) - https:\/\/yoast.com\/wordpress\/plugins\/seo\/ -->\n<title>H\u00e5ndverkere | Rackbeat<\/title>\n<meta name=\"description\" content=\"Optimaliser h\u00e5ndverksvirksomheten din ved \u00e5 integrere Rackbeats lagersystem med Ordrestyring. F\u00e5 kontroll p\u00e5 materialene dine, reduser svinn, og se n\u00f8yaktig hvor varene dine befinner seg \u2013 fra hovedlageret til hver enkelt bil. Integrasjonen med Ordrestyring sikrer s\u00f8ml\u00f8s h\u00e5ndtering av innkj\u00f8p og fakturering, mens Rackbeat tar seg av lagerstyringen.\" \/>\n<meta name=\"robots\" content=\"index, follow, max-snippet:-1, max-image-preview:large, max-video-preview:-1\" \/>\n<link rel=\"canonical\" href=\"https:\/\/rackbeat.com\/no\/haandverkere\/\" \/>\n<meta property=\"og:locale\" content=\"en_US\" \/>\n<meta property=\"og:type\" content=\"article\" \/>\n<meta property=\"og:title\" content=\"H\u00e5ndverkere\" \/>\n<meta property=\"og:description\" content=\"Optimaliser h\u00e5ndverksvirksomheten din ved \u00e5 integrere Rackbeats lagersystem med Ordrestyring. F\u00e5 kontroll p\u00e5 materialene dine, reduser svinn, og se n\u00f8yaktig hvor varene dine befinner seg \u2013 fra hovedlageret til hver enkelt bil. Integrasjonen med Ordrestyring sikrer s\u00f8ml\u00f8s h\u00e5ndtering av innkj\u00f8p og fakturering, mens Rackbeat tar seg av lagerstyringen.\" \/>\n<meta property=\"og:url\" content=\"https:\/\/rackbeat.com\/no\/haandverkere\/\" \/>\n<meta property=\"og:site_name\" content=\"Rackbeat\" \/>\n<meta property=\"article:modified_time\" content=\"2025-01-24T14:37:41+00:00\" \/>\n<meta name=\"twitter:card\" content=\"summary_large_image\" \/>\n<script type=\"application\/ld+json\" class=\"yoast-schema-graph\">{\"@context\":\"https:\/\/schema.org\",\"@graph\":[{\"@type\":\"WebPage\",\"@id\":\"https:\/\/rackbeat.com\/no\/haandverkere\/\",\"url\":\"https:\/\/rackbeat.com\/no\/haandverkere\/\",\"name\":\"H\u00e5ndverkere | Rackbeat\",\"isPartOf\":{\"@id\":\"https:\/\/rackbeat.com\/no\/#website\"},\"datePublished\":\"2024-12-04T13:32:53+00:00\",\"dateModified\":\"2025-01-24T14:37:41+00:00\",\"description\":\"Optimaliser h\u00e5ndverksvirksomheten din ved \u00e5 integrere Rackbeats lagersystem med Ordrestyring. F\u00e5 kontroll p\u00e5 materialene dine, reduser svinn, og se n\u00f8yaktig hvor varene dine befinner seg \u2013 fra hovedlageret til hver enkelt bil. Integrasjonen med Ordrestyring sikrer s\u00f8ml\u00f8s h\u00e5ndtering av innkj\u00f8p og fakturering, mens Rackbeat tar seg av lagerstyringen.\",\"breadcrumb\":{\"@id\":\"https:\/\/rackbeat.com\/no\/haandverkere\/#breadcrumb\"},\"inLanguage\":\"no\",\"potentialAction\":[{\"@type\":\"ReadAction\",\"target\":[\"https:\/\/rackbeat.com\/no\/haandverkere\/\"]}]},{\"@type\":\"BreadcrumbList\",\"@id\":\"https:\/\/rackbeat.com\/no\/haandverkere\/#breadcrumb\",\"itemListElement\":[{\"@type\":\"ListItem\",\"position\":1,\"name\":\"Forside\",\"item\":\"https:\/\/rackbeat.com\/no\/\"},{\"@type\":\"ListItem\",\"position\":2,\"name\":\"H\u00e5ndverkere\"}]},{\"@type\":\"WebSite\",\"@id\":\"https:\/\/rackbeat.com\/no\/#website\",\"url\":\"https:\/\/rackbeat.com\/no\/\",\"name\":\"Rackbeat\",\"description\":\"Effektiv lagerstyring\",\"publisher\":{\"@id\":\"https:\/\/rackbeat.com\/no\/#organization\"},\"potentialAction\":[{\"@type\":\"SearchAction\",\"target\":{\"@type\":\"EntryPoint\",\"urlTemplate\":\"https:\/\/rackbeat.com\/no\/?s={search_term_string}\"},\"query-input\":{\"@type\":\"PropertyValueSpecification\",\"valueRequired\":true,\"valueName\":\"search_term_string\"}}],\"inLanguage\":\"no\"},{\"@type\":\"Organization\",\"@id\":\"https:\/\/rackbeat.com\/no\/#organization\",\"name\":\"Rackbeat\",\"url\":\"https:\/\/rackbeat.com\/no\/\",\"logo\":{\"@type\":\"ImageObject\",\"inLanguage\":\"no\",\"@id\":\"https:\/\/rackbeat.com\/no\/#\/schema\/logo\/image\/\",\"url\":\"\",\"contentUrl\":\"\",\"caption\":\"Rackbeat\"},\"image\":{\"@id\":\"https:\/\/rackbeat.com\/no\/#\/schema\/logo\/image\/\"}}]}<\/script>\n<!-- \/ Yoast SEO Premium plugin. -->","yoast_head_json":{"title":"H\u00e5ndverkere | Rackbeat","description":"Optimaliser h\u00e5ndverksvirksomheten din ved \u00e5 integrere Rackbeats lagersystem med Ordrestyring. F\u00e5 kontroll p\u00e5 materialene dine, reduser svinn, og se n\u00f8yaktig hvor varene dine befinner seg \u2013 fra hovedlageret til hver enkelt bil. Integrasjonen med Ordrestyring sikrer s\u00f8ml\u00f8s h\u00e5ndtering av innkj\u00f8p og fakturering, mens Rackbeat tar seg av lagerstyringen.","robots":{"index":"index","follow":"follow","max-snippet":"max-snippet:-1","max-image-preview":"max-image-preview:large","max-video-preview":"max-video-preview:-1"},"canonical":"https:\/\/rackbeat.com\/no\/haandverkere\/","og_locale":"en_US","og_type":"article","og_title":"H\u00e5ndverkere","og_description":"Optimaliser h\u00e5ndverksvirksomheten din ved \u00e5 integrere Rackbeats lagersystem med Ordrestyring. F\u00e5 kontroll p\u00e5 materialene dine, reduser svinn, og se n\u00f8yaktig hvor varene dine befinner seg \u2013 fra hovedlageret til hver enkelt bil. Integrasjonen med Ordrestyring sikrer s\u00f8ml\u00f8s h\u00e5ndtering av innkj\u00f8p og fakturering, mens Rackbeat tar seg av lagerstyringen.","og_url":"https:\/\/rackbeat.com\/no\/haandverkere\/","og_site_name":"Rackbeat","article_modified_time":"2025-01-24T14:37:41+00:00","twitter_card":"summary_large_image","schema":{"@context":"https:\/\/schema.org","@graph":[{"@type":"WebPage","@id":"https:\/\/rackbeat.com\/no\/haandverkere\/","url":"https:\/\/rackbeat.com\/no\/haandverkere\/","name":"H\u00e5ndverkere | Rackbeat","isPartOf":{"@id":"https:\/\/rackbeat.com\/no\/#website"},"datePublished":"2024-12-04T13:32:53+00:00","dateModified":"2025-01-24T14:37:41+00:00","description":"Optimaliser h\u00e5ndverksvirksomheten din ved \u00e5 integrere Rackbeats lagersystem med Ordrestyring. F\u00e5 kontroll p\u00e5 materialene dine, reduser svinn, og se n\u00f8yaktig hvor varene dine befinner seg \u2013 fra hovedlageret til hver enkelt bil. Integrasjonen med Ordrestyring sikrer s\u00f8ml\u00f8s h\u00e5ndtering av innkj\u00f8p og fakturering, mens Rackbeat tar seg av lagerstyringen.","breadcrumb":{"@id":"https:\/\/rackbeat.com\/no\/haandverkere\/#breadcrumb"},"inLanguage":"no","potentialAction":[{"@type":"ReadAction","target":["https:\/\/rackbeat.com\/no\/haandverkere\/"]}]},{"@type":"BreadcrumbList","@id":"https:\/\/rackbeat.com\/no\/haandverkere\/#breadcrumb","itemListElement":[{"@type":"ListItem","position":1,"name":"Forside","item":"https:\/\/rackbeat.com\/no\/"},{"@type":"ListItem","position":2,"name":"H\u00e5ndverkere"}]},{"@type":"WebSite","@id":"https:\/\/rackbeat.com\/no\/#website","url":"https:\/\/rackbeat.com\/no\/","name":"Rackbeat","description":"Effektiv lagerstyring","publisher":{"@id":"https:\/\/rackbeat.com\/no\/#organization"},"potentialAction":[{"@type":"SearchAction","target":{"@type":"EntryPoint","urlTemplate":"https:\/\/rackbeat.com\/no\/?s={search_term_string}"},"query-input":{"@type":"PropertyValueSpecification","valueRequired":true,"valueName":"search_term_string"}}],"inLanguage":"no"},{"@type":"Organization","@id":"https:\/\/rackbeat.com\/no\/#organization","name":"Rackbeat","url":"https:\/\/rackbeat.com\/no\/","logo":{"@type":"ImageObject","inLanguage":"no","@id":"https:\/\/rackbeat.com\/no\/#\/schema\/logo\/image\/","url":"","contentUrl":"","caption":"Rackbeat"},"image":{"@id":"https:\/\/rackbeat.com\/no\/#\/schema\/logo\/image\/"}}]}},"ACF":{"custom_content_script":"","custom_head_script":"","dynamic_sections":[{"acf_fc_layout":"text_image_section","image":"https:\/\/rackbeat.com\/wp-content\/uploads\/2024\/12\/Ha\u030andvaerker-RB.jpg","image_video":"","title_type":"h1","section_title":"Lagerstyring for h\u00e5ndverkere","section_content":"<p><span style=\"font-weight: 400;\">Savner du et verkt\u00f8y som bygger bro mellom materialene dine, lageret og arbeidsoppgavene ute i feltet? Rackbeat er et brukervennlig lagerstyringssystem som integreres s\u00f8ml\u00f8st med Ordrestyring for \u00e5 gi deg full oversikt over varelageret ditt \u2013 helt ned til hver enkelt bil. Dette betyr at du alltid kan holde styr p\u00e5 svinn, materialforbruk og vareflyt, mens Ordrestyring forblir din prim\u00e6re plattform for prosjektstyring.<\/span><\/p>\n<p>&nbsp;<\/p>\n<p><span style=\"font-weight: 400;\">Med Rackbeat integrert til Ordrestyring vet du alltid hva du har p\u00e5 lager, og hvor det befinner seg. Det blir enkelt \u00e5 finne en vare og sjekke b\u00e5de plassering og tilgjengelighet, slik at du unng\u00e5r un\u00f8dvendige turer for \u00e5 handle inn<\/span><\/p>\n<p>&nbsp;<\/p>\n<p><!--HubSpot Call-to-Action Code --><span id=\"hs-cta-wrapper-f7cedfd4-732b-4692-952f-b4c60912deb1\" class=\"hs-cta-wrapper\"><span id=\"hs-cta-f7cedfd4-732b-4692-952f-b4c60912deb1\" class=\"hs-cta-node hs-cta-f7cedfd4-732b-4692-952f-b4c60912deb1\"><!-- [if lte IE 8]>\n\n\n<div id=\"hs-cta-ie-element\"><\/div>\n\n\n<![endif]--><a href=\"https:\/\/cta-redirect.hubspot.com\/cta\/redirect\/20251362\/f7cedfd4-732b-4692-952f-b4c60912deb1\"><img decoding=\"async\" id=\"hs-cta-img-f7cedfd4-732b-4692-952f-b4c60912deb1\" class=\"hs-cta-img\" style=\"border-width: 0px;\" src=\"https:\/\/no-cache.hubspot.com\/cta\/default\/20251362\/f7cedfd4-732b-4692-952f-b4c60912deb1.png\" alt=\"PR\u00d8V GRATIS\" \/><\/a><\/span><script charset=\"utf-8\" src=\"https:\/\/js.hscta.net\/cta\/current.js\"><\/script><script type=\"text\/javascript\"> hbspt.cta.load(20251362, 'f7cedfd4-732b-4692-952f-b4c60912deb1', {\"useNewLoader\":\"true\",\"region\":\"na1\"}); <\/script><\/span><!-- end HubSpot Call-to-Action Code --><\/p>\n","button_text":"","button_url":""},{"acf_fc_layout":"image_textboxes_section","align_introduction_text":false,"section_title":"Effektiv lagerstyring: H\u00e5ndverkerens supplement til prosjektstyringen","section_description":"<p><span style=\"font-weight: 400;\">Effektiv lagerstyring er viktig for alle i h\u00e5ndverkerbransjen som \u00f8nsker \u00e5 levere den beste servicen, holde flyt i arbeidsoppgavene og f\u00e5 bedre innsikt i virksomheten sin. Veien dit handler om god kontroll over varelageret ditt. Rackbeat fokuserer p\u00e5 varene dine og gir deg verkt\u00f8y som hjelper deg med:<\/span><\/p>\n","textboxes":[{"title":"Kontroll p\u00e5 lagerverdiene dine","content":"<p><span style=\"font-weight: 400;\">N\u00e5r innkj\u00f8p og materialforbruk registreres i Ordrestyring, oppdateres lagerbeholdningen automatisk i Rackbeat. I Rackbeat kan du opprette lagerlokasjoner helt ned til hver enkelt arbeidsbil, slik at du enkelt kan sjekke lagerverdiene for hver lokasjon og hente ut rapporter. Dette sikrer at du alltid vet hvor mye kapital som er bundet opp i hver bil.<\/span><\/p>\n","image":"https:\/\/rackbeat.com\/wp-content\/uploads\/2024\/12\/Ordrestyring-RB-Grafik-1.png"},{"title":"F\u00e5 oversikt over svinn","content":"<p><span style=\"font-weight: 400;\">Svinn er vanskelig \u00e5 unng\u00e5 n\u00e5r man jobber p\u00e5 byggeplasser eller transporterer materialer inn og ut hos kunder. Med Rackbeat kan du derimot holde oversikt over hvor mye svinn som har oppst\u00e5tt og hvor det kommer fra. Du kan registrere alt tapt materiale gjennom lagerjusteringer i systemet, slik at du har full kontroll over \u00e5rsakene til \u00f8kt materialforbruk i forbindelse med arbeidsoppgaver.<\/span><\/p>\n","image":"https:\/\/rackbeat.com\/wp-content\/uploads\/2023\/12\/Produktion-1-All-e1738068210992.png"},{"title":"Full oversikt over materialer i bilene","content":"<p><span style=\"font-weight: 400;\">Rackbeats lokasjonsstyring lar deg opprette s\u00e5 mange lagerlokasjoner som du trenger. Du kan ha materialer liggende b\u00e5de p\u00e5 et hovedlager eller i en underlokasjon, som for eksempel en bil som er p\u00e5 vei til en kunde. Dette gir deg en komplett oversikt over hvor mange varer som er igjen p\u00e5 de ulike lokasjonene, slik at du rekker \u00e5 bestille nye varer eller flytte varer fra hovedlageret til bilen i tide.<\/span><\/p>\n","image":"https:\/\/rackbeat.com\/wp-content\/uploads\/2024\/12\/Ha\u030anvaerkerBil.svg"},{"title":"Enkel vareflytting","content":"<p><a href=\"https:\/\/rackbeat.com\/no\/mobilbruker\/\"><span style=\"font-weight: 400;\">Rackbeats mobilapp<\/span><\/a><span style=\"font-weight: 400;\"> gj\u00f8r det enkelt for mont\u00f8rer \u00e5 h\u00e5ndtere lagerbevegelser direkte fra felten. Flytt varer fra hovedlageret til en bil eller mellom biler med noen f\u00e5 klikk \u2013 raskt, brukervennlig og alltid oppdatert i sanntid. Dette sparer tid og sikrer at du alltid har riktig materiale tilgjengelig, uansett hvor arbeidet f\u00f8rer deg.<\/span><\/p>\n","image":"https:\/\/rackbeat.com\/wp-content\/uploads\/2024\/11\/Mobil-Grafik-Web-NyNorsk-2.png"}]},{"acf_fc_layout":"short_description","align_introduction_text":false,"section_background_color":"","short_description_heading":"","short_description_content":"","image_boxes":false},{"acf_fc_layout":"image_text_section","section_title":"Ordrestyring og Rackbeat \u2013 Den komplette pakken for h\u00e5ndverkere","section_content":"<p><span style=\"font-weight: 400;\">Optimaliser h\u00e5ndverksvirksomheten din med den perfekte kombinasjonen av lageroversikt og prosjektstyring. Ved \u00e5 kombinere Ordrestyring med Rackbeat f\u00e5r du en komplett l\u00f8sning som dekker de viktigste aspektene ved virksomheten din. Rackbeat s\u00f8rger for at du alltid har kontroll p\u00e5 lagerverdier og lokasjoner, mens Ordrestyring h\u00e5ndterer innkj\u00f8p, kundesaker og fakturering.<\/span><\/p>\n<p><span style=\"font-weight: 400;\">Dette betyr at du kan fokusere p\u00e5 arbeidsoppgavene dine uten \u00e5 bekymre deg for lageret, materialene eller prosjektstyringen. Med Rackbeat og Ordrestyring f\u00e5r du alt du trenger for \u00e5 levere effektivt og profesjonelt h\u00e5ndverk til kundene dine.<\/span><\/p>\n","image":"https:\/\/rackbeat.com\/wp-content\/uploads\/2024\/12\/Lars-Ha\u030andvaerk-1.jpg","button_text":"Les mer om integrasjonen","button_url":"https:\/\/rackbeat.com\/no\/integrasjoner\/ordrestyring\/"},{"acf_fc_layout":"short_description","align_introduction_text":false,"section_background_color":"#dbdbdd","short_description_heading":"Hvordan kan Rackbeat optimalisere h\u00e5ndverksvirksomheten din?","short_description_content":"<p>&nbsp;<\/p>\n<p><span style=\"font-weight: 400;\">Ingen h\u00e5ndverkere er like \u2013 og heller ikke m\u00e5ten de organiserer arbeidsflytene sine p\u00e5. Kanskje du jobber med mange eller f\u00e5 lagerlokasjoner, har materialene dine spredt i biler og p\u00e5 byggeplasser, eller bruker spesifikke systemer for \u00e5 h\u00e5ndtere innkj\u00f8p og fakturaer.<\/span><\/p>\n<p>&nbsp;<\/p>\n<p><span style=\"font-weight: 400;\">Vi vil gjerne h\u00f8re om dine spesifikke behov og forklare hvordan v\u00e5r lagerl\u00f8sning kan hjelpe deg. La oss ta en uforpliktende samtale om ditt n\u00e5v\u00e6rende oppsett og dine utfordringer, s\u00e5 kan vi sammen finne ut hvordan Rackbeat kan gj\u00f8re hverdagen din enklere.<\/span><\/p>\n<p>&nbsp;<\/p>\n<p><!--HubSpot Call-to-Action Code --><span id=\"hs-cta-wrapper-3bc5b674-9bcc-4eea-983d-e2eb993b0e2e\" class=\"hs-cta-wrapper\"><span id=\"hs-cta-3bc5b674-9bcc-4eea-983d-e2eb993b0e2e\" class=\"hs-cta-node hs-cta-3bc5b674-9bcc-4eea-983d-e2eb993b0e2e\"><!-- [if lte IE 8]>\n\n\n<div id=\"hs-cta-ie-element\"><\/div>\n\n\n<![endif]--><a href=\"https:\/\/cta-redirect.hubspot.com\/cta\/redirect\/20251362\/3bc5b674-9bcc-4eea-983d-e2eb993b0e2e\" target=\"_blank\" rel=\"noopener\"><img decoding=\"async\" id=\"hs-cta-img-3bc5b674-9bcc-4eea-983d-e2eb993b0e2e\" class=\"hs-cta-img\" style=\"border-width: 0px;\" src=\"https:\/\/no-cache.hubspot.com\/cta\/default\/20251362\/3bc5b674-9bcc-4eea-983d-e2eb993b0e2e.png\" alt=\"Bli ringt opp\" \/><\/a><\/span><script charset=\"utf-8\" src=\"https:\/\/js.hscta.net\/cta\/current.js\"><\/script><script type=\"text\/javascript\"> hbspt.cta.load(20251362, '3bc5b674-9bcc-4eea-983d-e2eb993b0e2e', {\"useNewLoader\":\"true\",\"region\":\"na1\"}); <\/script><\/span><!-- end HubSpot Call-to-Action Code --><\/p>\n","image_boxes":false},{"acf_fc_layout":"integrations","title":""}]},"_links":{"self":[{"href":"https:\/\/rackbeat.com\/no\/wp-json\/wp\/v2\/pages\/27807","targetHints":{"allow":["GET"]}}],"collection":[{"href":"https:\/\/rackbeat.com\/no\/wp-json\/wp\/v2\/pages"}],"about":[{"href":"https:\/\/rackbeat.com\/no\/wp-json\/wp\/v2\/types\/page"}],"author":[{"embeddable":true,"href":"https:\/\/rackbeat.com\/no\/wp-json\/wp\/v2\/users\/2"}],"replies":[{"embeddable":true,"href":"https:\/\/rackbeat.com\/no\/wp-json\/wp\/v2\/comments?post=27807"}],"version-history":[{"count":18,"href":"https:\/\/rackbeat.com\/no\/wp-json\/wp\/v2\/pages\/27807\/revisions"}],"predecessor-version":[{"id":29007,"href":"https:\/\/rackbeat.com\/no\/wp-json\/wp\/v2\/pages\/27807\/revisions\/29007"}],"wp:attachment":[{"href":"https:\/\/rackbeat.com\/no\/wp-json\/wp\/v2\/media?parent=27807"}],"curies":[{"name":"wp","href":"https:\/\/api.w.org\/{rel}","templated":true}]}}