{"id":24813,"date":"2024-08-07T13:15:26","date_gmt":"2024-08-07T11:15:26","guid":{"rendered":"https:\/\/rackbeat.com\/?page_id=24813"},"modified":"2024-10-04T09:17:52","modified_gmt":"2024-10-04T07:17:52","slug":"detalj","status":"publish","type":"page","link":"https:\/\/rackbeat.com\/no\/detalj\/","title":{"rendered":"Detalj"},"content":{"rendered":"","protected":false},"excerpt":{"rendered":"","protected":false},"author":2,"featured_media":0,"parent":0,"menu_order":0,"comment_status":"closed","ping_status":"closed","template":"page-templates\/dynamic-template.php","meta":{"content-type":"","inline_featured_image":false,"footnotes":""},"class_list":["post-24813","page","type-page","status-publish","hentry"],"yoast_head":"<!-- This site is optimized with the Yoast SEO Premium plugin v20.0 (Yoast SEO v25.9) - https:\/\/yoast.com\/wordpress\/plugins\/seo\/ -->\n<title>Detalj | Rackbeat<\/title>\n<meta name=\"description\" content=\"Effektiviser din detaljhandel med Rackbeats lagerstyringsl\u00f8sning. Automatiser prosesser, f\u00e5 sanntidsoppdateringer og integrer dine systemer for optimal lagerstyring. Pr\u00f8v gratis i 14 dager.\" \/>\n<meta name=\"robots\" content=\"index, follow, max-snippet:-1, max-image-preview:large, max-video-preview:-1\" \/>\n<link rel=\"canonical\" href=\"https:\/\/rackbeat.com\/no\/detalj\/\" \/>\n<meta property=\"og:locale\" content=\"en_US\" \/>\n<meta property=\"og:type\" content=\"article\" \/>\n<meta property=\"og:title\" content=\"Detalj\" \/>\n<meta property=\"og:description\" content=\"Effektiviser din detaljhandel med Rackbeats lagerstyringsl\u00f8sning. Automatiser prosesser, f\u00e5 sanntidsoppdateringer og integrer dine systemer for optimal lagerstyring. Pr\u00f8v gratis i 14 dager.\" \/>\n<meta property=\"og:url\" content=\"https:\/\/rackbeat.com\/no\/detalj\/\" \/>\n<meta property=\"og:site_name\" content=\"Rackbeat\" \/>\n<meta property=\"article:modified_time\" content=\"2024-10-04T07:17:52+00:00\" \/>\n<meta name=\"twitter:card\" content=\"summary_large_image\" \/>\n<script type=\"application\/ld+json\" class=\"yoast-schema-graph\">{\"@context\":\"https:\/\/schema.org\",\"@graph\":[{\"@type\":\"WebPage\",\"@id\":\"https:\/\/rackbeat.com\/no\/detalj\/\",\"url\":\"https:\/\/rackbeat.com\/no\/detalj\/\",\"name\":\"Detalj | Rackbeat\",\"isPartOf\":{\"@id\":\"https:\/\/rackbeat.com\/no\/#website\"},\"datePublished\":\"2024-08-07T11:15:26+00:00\",\"dateModified\":\"2024-10-04T07:17:52+00:00\",\"description\":\"Effektiviser din detaljhandel med Rackbeats lagerstyringsl\u00f8sning. Automatiser prosesser, f\u00e5 sanntidsoppdateringer og integrer dine systemer for optimal lagerstyring. Pr\u00f8v gratis i 14 dager.\",\"breadcrumb\":{\"@id\":\"https:\/\/rackbeat.com\/no\/detalj\/#breadcrumb\"},\"inLanguage\":\"no\",\"potentialAction\":[{\"@type\":\"ReadAction\",\"target\":[\"https:\/\/rackbeat.com\/no\/detalj\/\"]}]},{\"@type\":\"BreadcrumbList\",\"@id\":\"https:\/\/rackbeat.com\/no\/detalj\/#breadcrumb\",\"itemListElement\":[{\"@type\":\"ListItem\",\"position\":1,\"name\":\"Forside\",\"item\":\"https:\/\/rackbeat.com\/no\/\"},{\"@type\":\"ListItem\",\"position\":2,\"name\":\"Detalj\"}]},{\"@type\":\"WebSite\",\"@id\":\"https:\/\/rackbeat.com\/no\/#website\",\"url\":\"https:\/\/rackbeat.com\/no\/\",\"name\":\"Rackbeat\",\"description\":\"Effektiv lagerstyring\",\"publisher\":{\"@id\":\"https:\/\/rackbeat.com\/no\/#organization\"},\"potentialAction\":[{\"@type\":\"SearchAction\",\"target\":{\"@type\":\"EntryPoint\",\"urlTemplate\":\"https:\/\/rackbeat.com\/no\/?s={search_term_string}\"},\"query-input\":{\"@type\":\"PropertyValueSpecification\",\"valueRequired\":true,\"valueName\":\"search_term_string\"}}],\"inLanguage\":\"no\"},{\"@type\":\"Organization\",\"@id\":\"https:\/\/rackbeat.com\/no\/#organization\",\"name\":\"Rackbeat\",\"url\":\"https:\/\/rackbeat.com\/no\/\",\"logo\":{\"@type\":\"ImageObject\",\"inLanguage\":\"no\",\"@id\":\"https:\/\/rackbeat.com\/no\/#\/schema\/logo\/image\/\",\"url\":\"\",\"contentUrl\":\"\",\"caption\":\"Rackbeat\"},\"image\":{\"@id\":\"https:\/\/rackbeat.com\/no\/#\/schema\/logo\/image\/\"}}]}<\/script>\n<!-- \/ Yoast SEO Premium plugin. -->","yoast_head_json":{"title":"Detalj | Rackbeat","description":"Effektiviser din detaljhandel med Rackbeats lagerstyringsl\u00f8sning. Automatiser prosesser, f\u00e5 sanntidsoppdateringer og integrer dine systemer for optimal lagerstyring. Pr\u00f8v gratis i 14 dager.","robots":{"index":"index","follow":"follow","max-snippet":"max-snippet:-1","max-image-preview":"max-image-preview:large","max-video-preview":"max-video-preview:-1"},"canonical":"https:\/\/rackbeat.com\/no\/detalj\/","og_locale":"en_US","og_type":"article","og_title":"Detalj","og_description":"Effektiviser din detaljhandel med Rackbeats lagerstyringsl\u00f8sning. Automatiser prosesser, f\u00e5 sanntidsoppdateringer og integrer dine systemer for optimal lagerstyring. Pr\u00f8v gratis i 14 dager.","og_url":"https:\/\/rackbeat.com\/no\/detalj\/","og_site_name":"Rackbeat","article_modified_time":"2024-10-04T07:17:52+00:00","twitter_card":"summary_large_image","schema":{"@context":"https:\/\/schema.org","@graph":[{"@type":"WebPage","@id":"https:\/\/rackbeat.com\/no\/detalj\/","url":"https:\/\/rackbeat.com\/no\/detalj\/","name":"Detalj | Rackbeat","isPartOf":{"@id":"https:\/\/rackbeat.com\/no\/#website"},"datePublished":"2024-08-07T11:15:26+00:00","dateModified":"2024-10-04T07:17:52+00:00","description":"Effektiviser din detaljhandel med Rackbeats lagerstyringsl\u00f8sning. Automatiser prosesser, f\u00e5 sanntidsoppdateringer og integrer dine systemer for optimal lagerstyring. Pr\u00f8v gratis i 14 dager.","breadcrumb":{"@id":"https:\/\/rackbeat.com\/no\/detalj\/#breadcrumb"},"inLanguage":"no","potentialAction":[{"@type":"ReadAction","target":["https:\/\/rackbeat.com\/no\/detalj\/"]}]},{"@type":"BreadcrumbList","@id":"https:\/\/rackbeat.com\/no\/detalj\/#breadcrumb","itemListElement":[{"@type":"ListItem","position":1,"name":"Forside","item":"https:\/\/rackbeat.com\/no\/"},{"@type":"ListItem","position":2,"name":"Detalj"}]},{"@type":"WebSite","@id":"https:\/\/rackbeat.com\/no\/#website","url":"https:\/\/rackbeat.com\/no\/","name":"Rackbeat","description":"Effektiv lagerstyring","publisher":{"@id":"https:\/\/rackbeat.com\/no\/#organization"},"potentialAction":[{"@type":"SearchAction","target":{"@type":"EntryPoint","urlTemplate":"https:\/\/rackbeat.com\/no\/?s={search_term_string}"},"query-input":{"@type":"PropertyValueSpecification","valueRequired":true,"valueName":"search_term_string"}}],"inLanguage":"no"},{"@type":"Organization","@id":"https:\/\/rackbeat.com\/no\/#organization","name":"Rackbeat","url":"https:\/\/rackbeat.com\/no\/","logo":{"@type":"ImageObject","inLanguage":"no","@id":"https:\/\/rackbeat.com\/no\/#\/schema\/logo\/image\/","url":"","contentUrl":"","caption":"Rackbeat"},"image":{"@id":"https:\/\/rackbeat.com\/no\/#\/schema\/logo\/image\/"}}]}},"ACF":{"custom_content_script":"","custom_head_script":"","dynamic_sections":[{"acf_fc_layout":"text_image_section","image":"https:\/\/rackbeat.com\/wp-content\/uploads\/2024\/08\/AlmDetail-Hero-NORSK.png","image_video":"","title_type":"h1","section_title":"Effektiv lagerstyring for detaljhandel","section_content":"<p><span style=\"font-weight: 400;\">Rackbeat tilbyr en skreddersydd lagerstyringsl\u00f8sning som gj\u00f8r det enkelt for din detaljhandel \u00e5 automatisere prosesser, optimalisere lagerstyringen og f\u00e5 en klar oversikt over innkj\u00f8p og salg.\u00a0<\/span><span style=\"font-weight: 400;\">Enten du kun driver en fysisk butikk med POS eller ogs\u00e5 har en nettbutikk, hjelper Rackbeat detaljhandelsbransjen med \u00e5 effektivisere dine arbeidsprosesser og spare verdifull tid.\u00a0<\/span><\/p>\n<p>&nbsp;<\/p>\n<p><span style=\"font-weight: 400;\">Du kan dra nytte av v\u00e5rt lagersystem gratis i 14 dager for \u00e5 f\u00e5 en f\u00f8lelse av hvordan arbeidsflytene dine vil bli forbedret med dedikert lagerstyring.<\/span><\/p>\n<p>&nbsp;<\/p>\n<p><!--HubSpot Call-to-Action Code --><span id=\"hs-cta-wrapper-f7cedfd4-732b-4692-952f-b4c60912deb1\" class=\"hs-cta-wrapper\"><span id=\"hs-cta-f7cedfd4-732b-4692-952f-b4c60912deb1\" class=\"hs-cta-node hs-cta-f7cedfd4-732b-4692-952f-b4c60912deb1\"><!-- [if lte IE 8]>\n\n\n<div id=\"hs-cta-ie-element\"><\/div>\n\n\n<![endif]--><a href=\"https:\/\/cta-redirect.hubspot.com\/cta\/redirect\/20251362\/f7cedfd4-732b-4692-952f-b4c60912deb1\"><img decoding=\"async\" id=\"hs-cta-img-f7cedfd4-732b-4692-952f-b4c60912deb1\" class=\"hs-cta-img\" style=\"border-width: 0px;\" src=\"https:\/\/no-cache.hubspot.com\/cta\/default\/20251362\/f7cedfd4-732b-4692-952f-b4c60912deb1.png\" alt=\"PR\u00d8V GRATIS\" \/><\/a><\/span><script charset=\"utf-8\" src=\"https:\/\/js.hscta.net\/cta\/current.js\"><\/script><script type=\"text\/javascript\"> hbspt.cta.load(20251362, 'f7cedfd4-732b-4692-952f-b4c60912deb1', {\"useNewLoader\":\"true\",\"region\":\"na1\"}); <\/script><\/span><!-- end HubSpot Call-to-Action Code --><\/p>\n","button_text":"","button_url":""},{"acf_fc_layout":"image_textboxes_section","align_introduction_text":false,"section_title":"Optimaliser din detaljhandel med Rackbeat","section_description":"<p><span style=\"font-weight: 400;\">Rackbeat er designet for \u00e5 l\u00f8fte din detaljhandelsvirksomhet. V\u00e5r plattform eliminerer mye av det manuelle arbeidet forbundet med din lagerstyring, styrker din lager\u00f8konomi og gir deg en omfattende oversikt over ditt salg. Konkret betyr dette at vi:<\/span><\/p>\n","textboxes":[{"title":"Automatiserer din lagerstyring ","content":"<p><span style=\"font-weight: 400;\">Hver gang du registrerer et innkj\u00f8p, salg eller gj\u00f8r en lagerjustering, vil vareantallet ditt automatisk bli oppdatert i produktoversikten din. Dette gir deg full innsikt i lagerbeholdningen, slik at du unng\u00e5r \u00e5 selge varer du ikke har p\u00e5 lager eller ikke kan skaffe i tide. I tillegg vil lagerv\u00e6rdien din ogs\u00e5 bli oppdatert automatisk, noe som gj\u00f8r at du alltid kan f\u00f8lge med p\u00e5 at du ikke binder opp for mye penger i varelageret ditt.<\/span><\/p>\n","image":"https:\/\/rackbeat.com\/wp-content\/uploads\/2023\/11\/Genbestillingspa\u030amindelser-1.svg"},{"title":"Sikrer at du kan fortsette \u00e5 tjene penger p\u00e5 varene dine ","content":"<div class=\"flex flex-grow flex-col max-w-full\">\n<div class=\"min-h-[20px] text-message flex w-full flex-col items-end gap-2 whitespace-pre-wrap break-words [.text-message+&amp;]:mt-5 overflow-x-auto\" dir=\"auto\" data-message-author-role=\"assistant\" data-message-id=\"4e479a84-6ef5-42b6-b58d-ab5fc0800592\">\n<div class=\"flex w-full flex-col gap-1 empty:hidden first:pt-[3px]\">\n<div class=\"markdown prose w-full break-words dark:prose-invert light\">\n<p>Du kan kj\u00f8pe og legge nye varer til lager samt holde oversikt over utviklingen i kostprisene direkte fra Rackbeat. Det vil alts\u00e5 si: hvis kostprisen, eller innkj\u00f8psprisen, for et gitt produkt stiger, har du mulighet til \u00e5 reagere p\u00e5 dette og justere din salgspris. P\u00e5 den m\u00e5ten kan du fortsatt tjene penger p\u00e5 produktene dine n\u00e5r leverand\u00f8rene dine skrur opp prisene litt.<\/p>\n<\/div>\n<\/div>\n<\/div>\n<\/div>\n","image":"https:\/\/rackbeat.com\/wp-content\/uploads\/2024\/01\/UnitConverter-1.svg"},{"title":"Samler dine salgskanaler ","content":"<p><span style=\"font-weight: 400;\">Med Rackbeat blir alle salgsordrene dine samlet i en integrert ordreoversikt, noe som gir deg en klar oversikt over alle salgsaktivitetene dine. Enten ordren kommer fra en nettbutikk, et POS-system eller er manuelt opprettet, sikrer Rackbeats <\/span><a href=\"https:\/\/rackbeat.com\/no\/ordrestyring\/\"><span style=\"font-weight: 400;\"><span style=\"text-decoration: underline;\"><span style=\"color: #609ed3; text-decoration: underline;\">ordreh\u00e5ndtering<\/span> <\/span><\/span><\/a><span style=\"font-weight: 400;\">sanntidsoppdatering av dine ordredata. Dette eliminerer forvirring og sikrer at kundene mottar ordrene sine i tide.<\/span><\/p>\n","image":"https:\/\/rackbeat.com\/wp-content\/uploads\/2024\/03\/Ordrestyring-Hero-3.png"},{"title":"Gir deg oversikt over dine lagringssteder ","content":"<p><span style=\"font-weight: 400;\">Med Rackbeat kan du opprette og administrere et ubegrenset antall lagringssteder og underlokasjoner som hyller, reoler og rader. Du kan ogs\u00e5 opprette transportlokasjoner for \u00e5 holde styr p\u00e5 midlertidige plasseringer under ordrebehandlingen. Dette gj\u00f8r det mulig \u00e5 f\u00f8lge p\u00e5g\u00e5ende ordre og registrere vareflyttinger mellom interne lagringssteder. I tillegg kan du kj\u00f8pe inn til den spesifikke lokasjonen, slik at du kan plukke og pakke dine ordre fra den enkelte lokasjonen. Og du kan trekke detaljerte rapporter for hver lokasjon, noe som sikrer deg full oversikt over dine lagerbeholdninger og -bevegelser.<\/span><\/p>\n","image":"https:\/\/rackbeat.com\/wp-content\/uploads\/2024\/07\/Detail-Lokationer-1.svg"}]},{"acf_fc_layout":"image_text_section","section_title":"Ekstra funksjoner som gj\u00f8r en forskjell for din detaljhandel","section_content":"<p><span style=\"font-weight: 400;\">I tillegg til de grunnleggende lagerstyringsfunksjonene tilbyr Rackbeat en rekke ekstra funksjoner som kan gj\u00f8re en stor forskjell for din detaljhandel. Serienummerstyring gj\u00f8r det mulig \u00e5 holde styr p\u00e5 garantiansvar samt spore varer som er utstyrt med elektroniske komponenter. Batchstyring sikrer bedre kontroll over varepartier og produkters levetid ved hjelp av sporingsmuligheter med batchnumre &#8211; noe som er spesielt relevant hvis du selger varer med utl\u00f8psdatoer.<\/span><\/p>\n<p><span style=\"font-weight: 400;\">Videre kan du optimalisere lagerarbeidet ditt med v\u00e5r brukervennlige mobilapp, som gir deg mulighet til \u00e5 plukke, pakke og registrere varer direkte fra smarttelefonen din, tilgjengelig for b\u00e5de Android og iOS. For en full oversikt over alle funksjonene, bes\u00f8k v\u00e5r funksjonsside og se hvordan Rackbeat kan forbedre din lagerstyring.<\/span><\/p>\n<p><!--HubSpot Call-to-Action Code --><span id=\"hs-cta-wrapper-3091cd84-42b7-42af-9bfc-7290450eec03\" class=\"hs-cta-wrapper\"><span id=\"hs-cta-3091cd84-42b7-42af-9bfc-7290450eec03\" class=\"hs-cta-node hs-cta-3091cd84-42b7-42af-9bfc-7290450eec03\"><!-- [if lte IE 8]>\n\n\n<div id=\"hs-cta-ie-element\"><\/div>\n\n\n<![endif]--><a href=\"https:\/\/cta-redirect.hubspot.com\/cta\/redirect\/20251362\/3091cd84-42b7-42af-9bfc-7290450eec03\"><img decoding=\"async\" id=\"hs-cta-img-3091cd84-42b7-42af-9bfc-7290450eec03\" class=\"hs-cta-img\" style=\"border-width: 0px;\" src=\"https:\/\/no-cache.hubspot.com\/cta\/default\/20251362\/3091cd84-42b7-42af-9bfc-7290450eec03.png\" alt=\"Se v\u00e5re funksjoner\" \/><\/a><\/span><script charset=\"utf-8\" src=\"https:\/\/js.hscta.net\/cta\/current.js\"><\/script><script type=\"text\/javascript\"> hbspt.cta.load(20251362, '3091cd84-42b7-42af-9bfc-7290450eec03', {\"useNewLoader\":\"true\",\"region\":\"na1\"}); <\/script><\/span><!-- end HubSpot Call-to-Action Code --><\/p>\n","image":"https:\/\/rackbeat.com\/wp-content\/uploads\/2024\/02\/Lagerstyringsside-e1710510594114.jpg","button_text":"","button_url":""},{"acf_fc_layout":"short_description","align_introduction_text":false,"section_background_color":"","short_description_heading":"F\u00e5 en gratis presentasjon skreddersydd for din detaljhandel","short_description_content":"<p>&nbsp;<\/p>\n<p><span style=\"font-weight: 400;\">Er du nysgjerrig p\u00e5 hvordan Rackbeat kan optimalisere din detaljhandel? V\u00e5re spesialister st\u00e5r klare til \u00e5 vise deg hvordan v\u00e5rt system kan skreddersys til nettopp dine forretningsbehov.\u00a0<\/span><\/p>\n<p>&nbsp;<\/p>\n<p><span style=\"font-weight: 400;\">Vi tilbyr en gratis presentasjon der vi g\u00e5r gjennom de mange mulighetene og fordelene Rackbeat bringer til din detaljhandel.\u00a0<\/span><\/p>\n<p>&nbsp;<\/p>\n<p><span style=\"font-weight: 400;\">Enten det handler om lagerstyring, ordreh\u00e5ndtering eller integrasjon med dine eksisterende systemer, s\u00e5 har vi l\u00f8sningen. Bestill en gratis presentasjon med en av v\u00e5re spesialister og opplev hvordan Rackbeat kan forenkle og forbedre arbeidsflytene dine.<\/span><\/p>\n<p>&nbsp;<\/p>\n<p><!--HubSpot Call-to-Action Code --><span id=\"hs-cta-wrapper-e0fb1eff-1607-4ea2-ade9-7e6c6b6e19ff\" class=\"hs-cta-wrapper\"><span id=\"hs-cta-e0fb1eff-1607-4ea2-ade9-7e6c6b6e19ff\" class=\"hs-cta-node hs-cta-e0fb1eff-1607-4ea2-ade9-7e6c6b6e19ff\"><!-- [if lte IE 8]>\n\n\n<div id=\"hs-cta-ie-element\"><\/div>\n\n\n<![endif]--><a href=\"https:\/\/cta-redirect.hubspot.com\/cta\/redirect\/20251362\/e0fb1eff-1607-4ea2-ade9-7e6c6b6e19ff\"><img decoding=\"async\" id=\"hs-cta-img-e0fb1eff-1607-4ea2-ade9-7e6c6b6e19ff\" class=\"hs-cta-img\" style=\"border-width: 0px;\" src=\"https:\/\/no-cache.hubspot.com\/cta\/default\/20251362\/e0fb1eff-1607-4ea2-ade9-7e6c6b6e19ff.png\" alt=\"Bestill en demo\" \/><\/a><\/span><script charset=\"utf-8\" src=\"https:\/\/js.hscta.net\/cta\/current.js\"><\/script><script type=\"text\/javascript\"> hbspt.cta.load(20251362, 'e0fb1eff-1607-4ea2-ade9-7e6c6b6e19ff', {\"useNewLoader\":\"true\",\"region\":\"na1\"}); <\/script><\/span><!-- end HubSpot Call-to-Action Code --><\/p>\n","image_boxes":false},{"acf_fc_layout":"integrations","title":""}]},"_links":{"self":[{"href":"https:\/\/rackbeat.com\/no\/wp-json\/wp\/v2\/pages\/24813","targetHints":{"allow":["GET"]}}],"collection":[{"href":"https:\/\/rackbeat.com\/no\/wp-json\/wp\/v2\/pages"}],"about":[{"href":"https:\/\/rackbeat.com\/no\/wp-json\/wp\/v2\/types\/page"}],"author":[{"embeddable":true,"href":"https:\/\/rackbeat.com\/no\/wp-json\/wp\/v2\/users\/2"}],"replies":[{"embeddable":true,"href":"https:\/\/rackbeat.com\/no\/wp-json\/wp\/v2\/comments?post=24813"}],"version-history":[{"count":10,"href":"https:\/\/rackbeat.com\/no\/wp-json\/wp\/v2\/pages\/24813\/revisions"}],"predecessor-version":[{"id":26152,"href":"https:\/\/rackbeat.com\/no\/wp-json\/wp\/v2\/pages\/24813\/revisions\/26152"}],"wp:attachment":[{"href":"https:\/\/rackbeat.com\/no\/wp-json\/wp\/v2\/media?parent=24813"}],"curies":[{"name":"wp","href":"https:\/\/api.w.org\/{rel}","templated":true}]}}