{"id":22443,"date":"2024-03-27T08:33:59","date_gmt":"2024-03-27T07:33:59","guid":{"rendered":"https:\/\/rackbeat.com\/?page_id=22443"},"modified":"2025-01-24T14:24:12","modified_gmt":"2025-01-24T12:24:12","slug":"produksjonsstyring","status":"publish","type":"page","link":"https:\/\/rackbeat.com\/no\/produksjonsstyring\/","title":{"rendered":"Produksjonsstyring"},"content":{"rendered":"","protected":false},"excerpt":{"rendered":"","protected":false},"author":2,"featured_media":0,"parent":0,"menu_order":0,"comment_status":"closed","ping_status":"closed","template":"page-templates\/dynamic-template.php","meta":{"content-type":"","inline_featured_image":false,"footnotes":""},"class_list":["post-22443","page","type-page","status-publish","hentry"],"yoast_head":"<!-- This site is optimized with the Yoast SEO Premium plugin v20.0 (Yoast SEO v25.9) - https:\/\/yoast.com\/wordpress\/plugins\/seo\/ -->\n<title>Produksjonsstyring for lagerdrevne bedrifter | Rackbeat<\/title>\n<meta name=\"description\" content=\"F\u00e5 full oversikt over din produksjon med Rackbeats lagerstyringssystem. Du samler innkj\u00f8p, r\u00e5materialer, produksjonsinformasjon og salg.\" \/>\n<meta name=\"robots\" content=\"index, follow, max-snippet:-1, max-image-preview:large, max-video-preview:-1\" \/>\n<link rel=\"canonical\" href=\"https:\/\/rackbeat.com\/no\/produksjonsstyring\/\" \/>\n<meta property=\"og:locale\" content=\"en_US\" \/>\n<meta property=\"og:type\" content=\"article\" \/>\n<meta property=\"og:title\" content=\"Produksjonsstyring\" \/>\n<meta property=\"og:description\" content=\"F\u00e5 full oversikt over din produksjon med Rackbeats lagerstyringssystem. Du samler innkj\u00f8p, r\u00e5materialer, produksjonsinformasjon og salg.\" \/>\n<meta property=\"og:url\" content=\"https:\/\/rackbeat.com\/no\/produksjonsstyring\/\" \/>\n<meta property=\"og:site_name\" content=\"Rackbeat\" \/>\n<meta property=\"article:modified_time\" content=\"2025-01-24T12:24:12+00:00\" \/>\n<meta name=\"twitter:card\" content=\"summary_large_image\" \/>\n<script type=\"application\/ld+json\" class=\"yoast-schema-graph\">{\"@context\":\"https:\/\/schema.org\",\"@graph\":[{\"@type\":\"WebPage\",\"@id\":\"https:\/\/rackbeat.com\/no\/produksjonsstyring\/\",\"url\":\"https:\/\/rackbeat.com\/no\/produksjonsstyring\/\",\"name\":\"Produksjonsstyring for lagerdrevne bedrifter | Rackbeat\",\"isPartOf\":{\"@id\":\"https:\/\/rackbeat.com\/no\/#website\"},\"datePublished\":\"2024-03-27T07:33:59+00:00\",\"dateModified\":\"2025-01-24T12:24:12+00:00\",\"description\":\"F\u00e5 full oversikt over din produksjon med Rackbeats lagerstyringssystem. Du samler innkj\u00f8p, r\u00e5materialer, produksjonsinformasjon og salg.\",\"breadcrumb\":{\"@id\":\"https:\/\/rackbeat.com\/no\/produksjonsstyring\/#breadcrumb\"},\"inLanguage\":\"no\",\"potentialAction\":[{\"@type\":\"ReadAction\",\"target\":[\"https:\/\/rackbeat.com\/no\/produksjonsstyring\/\"]}]},{\"@type\":\"BreadcrumbList\",\"@id\":\"https:\/\/rackbeat.com\/no\/produksjonsstyring\/#breadcrumb\",\"itemListElement\":[{\"@type\":\"ListItem\",\"position\":1,\"name\":\"Forside\",\"item\":\"https:\/\/rackbeat.com\/no\/\"},{\"@type\":\"ListItem\",\"position\":2,\"name\":\"Produksjonsstyring\"}]},{\"@type\":\"WebSite\",\"@id\":\"https:\/\/rackbeat.com\/no\/#website\",\"url\":\"https:\/\/rackbeat.com\/no\/\",\"name\":\"Rackbeat\",\"description\":\"Effektiv lagerstyring\",\"publisher\":{\"@id\":\"https:\/\/rackbeat.com\/no\/#organization\"},\"potentialAction\":[{\"@type\":\"SearchAction\",\"target\":{\"@type\":\"EntryPoint\",\"urlTemplate\":\"https:\/\/rackbeat.com\/no\/?s={search_term_string}\"},\"query-input\":{\"@type\":\"PropertyValueSpecification\",\"valueRequired\":true,\"valueName\":\"search_term_string\"}}],\"inLanguage\":\"no\"},{\"@type\":\"Organization\",\"@id\":\"https:\/\/rackbeat.com\/no\/#organization\",\"name\":\"Rackbeat\",\"url\":\"https:\/\/rackbeat.com\/no\/\",\"logo\":{\"@type\":\"ImageObject\",\"inLanguage\":\"no\",\"@id\":\"https:\/\/rackbeat.com\/no\/#\/schema\/logo\/image\/\",\"url\":\"\",\"contentUrl\":\"\",\"caption\":\"Rackbeat\"},\"image\":{\"@id\":\"https:\/\/rackbeat.com\/no\/#\/schema\/logo\/image\/\"}}]}<\/script>\n<!-- \/ Yoast SEO Premium plugin. -->","yoast_head_json":{"title":"Produksjonsstyring for lagerdrevne bedrifter | Rackbeat","description":"F\u00e5 full oversikt over din produksjon med Rackbeats lagerstyringssystem. Du samler innkj\u00f8p, r\u00e5materialer, produksjonsinformasjon og salg.","robots":{"index":"index","follow":"follow","max-snippet":"max-snippet:-1","max-image-preview":"max-image-preview:large","max-video-preview":"max-video-preview:-1"},"canonical":"https:\/\/rackbeat.com\/no\/produksjonsstyring\/","og_locale":"en_US","og_type":"article","og_title":"Produksjonsstyring","og_description":"F\u00e5 full oversikt over din produksjon med Rackbeats lagerstyringssystem. Du samler innkj\u00f8p, r\u00e5materialer, produksjonsinformasjon og salg.","og_url":"https:\/\/rackbeat.com\/no\/produksjonsstyring\/","og_site_name":"Rackbeat","article_modified_time":"2025-01-24T12:24:12+00:00","twitter_card":"summary_large_image","schema":{"@context":"https:\/\/schema.org","@graph":[{"@type":"WebPage","@id":"https:\/\/rackbeat.com\/no\/produksjonsstyring\/","url":"https:\/\/rackbeat.com\/no\/produksjonsstyring\/","name":"Produksjonsstyring for lagerdrevne bedrifter | Rackbeat","isPartOf":{"@id":"https:\/\/rackbeat.com\/no\/#website"},"datePublished":"2024-03-27T07:33:59+00:00","dateModified":"2025-01-24T12:24:12+00:00","description":"F\u00e5 full oversikt over din produksjon med Rackbeats lagerstyringssystem. Du samler innkj\u00f8p, r\u00e5materialer, produksjonsinformasjon og salg.","breadcrumb":{"@id":"https:\/\/rackbeat.com\/no\/produksjonsstyring\/#breadcrumb"},"inLanguage":"no","potentialAction":[{"@type":"ReadAction","target":["https:\/\/rackbeat.com\/no\/produksjonsstyring\/"]}]},{"@type":"BreadcrumbList","@id":"https:\/\/rackbeat.com\/no\/produksjonsstyring\/#breadcrumb","itemListElement":[{"@type":"ListItem","position":1,"name":"Forside","item":"https:\/\/rackbeat.com\/no\/"},{"@type":"ListItem","position":2,"name":"Produksjonsstyring"}]},{"@type":"WebSite","@id":"https:\/\/rackbeat.com\/no\/#website","url":"https:\/\/rackbeat.com\/no\/","name":"Rackbeat","description":"Effektiv lagerstyring","publisher":{"@id":"https:\/\/rackbeat.com\/no\/#organization"},"potentialAction":[{"@type":"SearchAction","target":{"@type":"EntryPoint","urlTemplate":"https:\/\/rackbeat.com\/no\/?s={search_term_string}"},"query-input":{"@type":"PropertyValueSpecification","valueRequired":true,"valueName":"search_term_string"}}],"inLanguage":"no"},{"@type":"Organization","@id":"https:\/\/rackbeat.com\/no\/#organization","name":"Rackbeat","url":"https:\/\/rackbeat.com\/no\/","logo":{"@type":"ImageObject","inLanguage":"no","@id":"https:\/\/rackbeat.com\/no\/#\/schema\/logo\/image\/","url":"","contentUrl":"","caption":"Rackbeat"},"image":{"@id":"https:\/\/rackbeat.com\/no\/#\/schema\/logo\/image\/"}}]}},"ACF":{"custom_content_script":"","custom_head_script":"","dynamic_sections":[{"acf_fc_layout":"text_image_section","image":"https:\/\/rackbeat.com\/wp-content\/uploads\/2024\/03\/Produktionsstyring-Hero.svg","image_video":"","title_type":"h1","section_title":"Digital produksjonsstyring for lagerdrevne bedrifter ","section_content":"<p><span style=\"font-weight: 400;\">Hvis bedriften din produserer ferdigvarer, er det viktig \u00e5 holde tungen rett i munnen og ha full kontroll fra det \u00f8yeblikket r\u00e5materialene bestilles, til salgsordren sendes av g\u00e5rde. Produksjonsprosessen kan nemlig m\u00f8te flere utfordringer underveis. Uten en solid str\u00f8mlinjeformet prosess som integrerer innkj\u00f8p, varelager, h\u00e5ndtering av r\u00e5materialer og gjennomf\u00f8ringen av produksjonsordrene, kan dere oppleve produksjonsstans og forsinkelser i leveransene. Derfor er effektiv produksjonsstyring helt avgj\u00f8rende for virksomheten din.<\/span><\/p>\n<p>&nbsp;<\/p>\n<p><span style=\"font-weight: 400;\">Rackbeats digitale lagersystem gir deg en omfattende produksjonsstyring som integrerer alle aspekter av produksjonsprosessen din. V\u00e5r l\u00f8sning inkluderer muligheten til \u00e5 generere strukturvarer, tilgang til oversikt over produksjonsordrene dine, mottak av direkte oppdateringer om r\u00e5varebeholdningen og mye mer. Du kan pr\u00f8ve v\u00e5r produksjonsstyring helt gratis i 14 dager uten forpliktelser.<\/span><\/p>\n<p>&nbsp;<\/p>\n<p><!--HubSpot Call-to-Action Code --><span id=\"hs-cta-wrapper-c20401db-a564-4fb6-8cbc-4ea3b440688f\" class=\"hs-cta-wrapper\"><span id=\"hs-cta-c20401db-a564-4fb6-8cbc-4ea3b440688f\" class=\"hs-cta-node hs-cta-c20401db-a564-4fb6-8cbc-4ea3b440688f\"><!-- [if lte IE 8]>\n\n\n<div id=\"hs-cta-ie-element\"><\/div>\n\n\n<![endif]--><a href=\"https:\/\/cta-redirect.hubspot.com\/cta\/redirect\/20251362\/c20401db-a564-4fb6-8cbc-4ea3b440688f\"><img decoding=\"async\" id=\"hs-cta-img-c20401db-a564-4fb6-8cbc-4ea3b440688f\" class=\"hs-cta-img\" style=\"border-width: 0px;\" src=\"https:\/\/no-cache.hubspot.com\/cta\/default\/20251362\/c20401db-a564-4fb6-8cbc-4ea3b440688f.png\" alt=\"Bestill en gratis presentasjon\" \/><\/a><\/span><script charset=\"utf-8\" src=\"https:\/\/js.hscta.net\/cta\/current.js\"><\/script><script type=\"text\/javascript\"> hbspt.cta.load(20251362, 'c20401db-a564-4fb6-8cbc-4ea3b440688f', {\"useNewLoader\":\"true\",\"region\":\"na1\"}); <\/script><\/span><!-- end HubSpot Call-to-Action Code --><\/p>\n","button_text":"","button_url":""},{"acf_fc_layout":"image_textboxes_section","align_introduction_text":false,"section_title":"Rackbeats lagerstyringssystem gir deg n\u00f8kkelfunksjonene for effektiv produksjonsstyring","section_description":"<p><span style=\"font-weight: 400;\">Med Rackbeats produksjonsstyring kan du holde tempoet og kontrollen gjennom hele produksjonsprosessen. Vi mener at effektiv produksjonsstyring b\u00f8r omfatte flere faser, inkludert planlegging, produksjon, ordreh\u00e5ndtering og r\u00e5varebehandling. I alle disse fasene tilbyr v\u00e5rt lagersystem <span style=\"color: #609ed3;\"><a style=\"color: #609ed3;\" href=\"https:\/\/rackbeat.com\/no\/funksjoner\/\">skreddersydde funksjoner<\/a><\/span>, slik at du kan <span style=\"color: #609ed3;\"><a style=\"color: #609ed3;\" href=\"https:\/\/rackbeat.com\/no\/hva-kan-rackbeat-gjoere-for-produksjonen-min\/\">unng\u00e5 produksjonsstans<\/a><\/span> og misforn\u00f8yde kunder. Her er en oversikt:<\/span><\/p>\n","textboxes":[{"title":"I planleggingsfasen","content":"<p><span style=\"font-weight: 400;\">Rackbeat hjelper deg med \u00e5 sikre at du alltid har tilstrekkelige r\u00e5materialer klare for produksjon av ferdigvarer. Ditt <span style=\"color: #609ed3;\"><a style=\"color: #609ed3;\" href=\"https:\/\/rackbeat.com\/no\/product_features\/oppdateringer-i-sanntid-paa-lagerbeholdning\/\">lagerbeholdningsniv\u00e5 oppdateres automatisk<\/a><\/span> hver gang et salg registreres. Samtidig kan du angi en minimumslagerbeholdning for r\u00e5materialene dine, slik at <span style=\"color: #609ed3;\"><a style=\"color: #609ed3;\" href=\"https:\/\/rackbeat.com\/no\/product_features\/paaminnelser-om-nybestilling\/\">systemet varsler deg n\u00e5r det er p\u00e5 tide \u00e5 bestille mer<\/a><\/span>. Du kan ogs\u00e5 plassere bestillinger <span style=\"color: #609ed3;\"><a style=\"color: #609ed3;\" href=\"https:\/\/rackbeat.com\/no\/product_features\/bestill-varer-med-innkjoepsstyring\/\">direkte hos leverand\u00f8ren<\/a><\/span> din via Rackbeats innkj\u00f8psfunksjon.<\/span><\/p>\n","image":"https:\/\/rackbeat.com\/wp-content\/uploads\/2023\/12\/Engros-2-Engelsk.png"},{"title":"Under produksjonen","content":"<p><span style=\"font-weight: 400;\"><span style=\"color: #609ed3;\"><a style=\"color: #609ed3;\" href=\"https:\/\/rackbeat.com\/no\/product_features\/strukturvarer\/\">Strukturvarer <\/a><\/span>gir deg muligheten til \u00e5 ha oppskriften p\u00e5 ferdigvarene dine rett i h\u00e5nden, og dermed en st\u00f8rre str\u00f8mlinjeforming under produksjonen. En strukturvare inneholder en oversikt over alle delkomponentene du trenger, deres lagerbeholdningsstatus, totale og individuelle kostnader, enhetens vekt, st\u00f8rrelse og plassering. Dette sikrer at alle relevante medarbeidere har tilgang til n\u00f8dvendig informasjon for \u00e5 utf\u00f8re produksjonsfasen effektivt.<\/span><\/p>\n","image":"https:\/\/rackbeat.com\/wp-content\/uploads\/2023\/12\/Engros-4.svg"},{"title":"Under produksjonen - fortsettelse","content":"<p><span style=\"font-weight: 400;\">N\u00e5r du opplever at delkomponenter blir \u00f8delagt eller at r\u00e5materialenes utl\u00f8psdato n\u00e6rmer seg, er det viktig \u00e5 oppdatere informasjonen raskt for \u00e5 sikre n\u00f8yaktighet i lagerbeholdningen og regnskapet. Her kan Rackbeat effektivisere registreringen av slikt tap, spesielt n\u00e5r det gjelder enkeltelementsvinn. Enkeltelementsvinn refererer til utilsiktet forbruk av materialer best\u00e5ende av hele enheter eller antall, for eksempel et hjul eller et sykkelstyre. Hvis du h\u00e5ndterer mer komplekse tap, for eksempel m\u00e5lt i liter, centimeter, gram osv., kan det v\u00e6re lurt \u00e5 bruke en formel i et regneark for \u00e5 beregne tapet.<\/span><\/p>\n","image":"https:\/\/rackbeat.com\/wp-content\/uploads\/2024\/03\/KaldTilbage-Mockup-NO.png"},{"title":"N\u00e5r ordrene skal behandles","content":"<p><span style=\"font-weight: 400;\">S\u00e5 snart en bestilling fra en kunde registreres manuelt eller automatisk, er det tid for \u00e5 starte behandlingen av produksjonsordren. Her gir Rackbeat deg <span style=\"color: #609ed3;\"><a style=\"color: #609ed3;\" href=\"https:\/\/rackbeat.com\/no\/product_features\/full-produksjonsoversikt\/\">full oversikt over alle p\u00e5g\u00e5ende og avsluttede produksjonsordrer<\/a><\/span> &#8211; med ordrenumre, stykklister, kunder, medarbeideren som st\u00e5r for produksjonen, samt status p\u00e5 produksjonen. Du vil ogs\u00e5 kunne foreta et innkj\u00f8p fra din produksjonsoversikt, hvis det mangler r\u00e5materialer, og du kan <span style=\"color: #609ed3;\"><a style=\"color: #609ed3;\" href=\"https:\/\/rackbeat.com\/no\/product_features\/opprett-send-og-overvaak-salgsordrer\/\">plukke, pakke, fakturere og sende ordren<\/a><\/span> med noen f\u00e5 klikk.<\/span><\/p>\n","image":"https:\/\/rackbeat.com\/wp-content\/uploads\/2023\/12\/Webshop-Norsk-3.png"},{"title":"Hvis en ordre m\u00e5 tilbakekalles","content":"<p><span style=\"font-weight: 400;\">Du kan oppleve at det oppdages feil p\u00e5 r\u00e5materialene &#8211; etter at en kunde har mottatt en ferdigvare fra din bedrift. Her m\u00e5 du raskt kunne spore hvor de enkelte r\u00e5materialene fra feilaktige varepartier befinner seg. Her gir Rackbeats <span style=\"color: #609ed3;\"><a style=\"color: #609ed3;\" href=\"https:\/\/rackbeat.com\/no\/product_features\/batchkontroll\/\">batch<\/a><\/span>&#8211; eller <span style=\"color: #609ed3;\"><a style=\"color: #609ed3;\" href=\"https:\/\/rackbeat.com\/no\/product_features\/serienummerstyring\/\">serienummerstyring<\/a><\/span> deg muligheten til \u00e5 spore r\u00e5materialene dine. Du finner dette i &#8220;rapporteringsfanen&#8221; under henholdsvis Batchkontroll og Serienumre. <\/span><\/p>\n<p><span style=\"font-weight: 400;\">Du kan enkelt se n\u00e5r en batch er mottatt, hvor mange produksjoner r\u00e5materialene fra batchen har v\u00e6rt en del av, og hvem som har mottatt varer fra den samme batchen<\/span>.<\/p>\n<p><span style=\"font-weight: 400;\">Dermed dekker Rackbeats produksjonsstyring deg hele veien fra planleggingen av produksjonen til en eventuell tilbakekalling av dine produksjonsordrer.<\/span><\/p>\n","image":"https:\/\/rackbeat.com\/wp-content\/uploads\/2024\/03\/Batchstyring-Grafik-e1730297488145.png"}]},{"acf_fc_layout":"short_description","align_introduction_text":false,"section_background_color":"","short_description_heading":"Derfor b\u00f8r du bruke et lagersystem for din produksjonsplanlegging","short_description_content":"<p>&nbsp;<\/p>\n<p>Hvis du velger \u00e5 samle hele produksjonsflyten din i et lagerstyringssystem i stedet for regneark, optimaliserer du gjennoml\u00f8pstiden i produksjonen din. Dette betyr at du kan raskt identifisere avvik og forsinkelser i produksjonen, slik at du unng\u00e5r at mindre feil blir sv\u00e6rt kostbare.<\/p>\n<p>&nbsp;<\/p>\n<p>N\u00e5r du alltid har en oppdatert oversikt over produksjonene dine, vil du heller aldri produsere mer enn det som er n\u00f8dvendig. Samtidig vil du bli varslet hver gang du trenger \u00e5 produsere nye ferdigvarer. Og hvis det legges inn en ordre som inkluderer en vare som ikke er p\u00e5 lager for \u00f8yeblikket, gir Rackbeat deg beskjed om at et innkj\u00f8p er n\u00f8dvendig for \u00e5 im\u00f8tekomme ordren.<strong> Det er mange fordeler ved \u00e5 velge et lagersystem i stedet for et regneark til produksjonen din, for eksempel:<\/strong><\/p>\n","image_boxes":[{"image":"https:\/\/rackbeat.com\/wp-content\/uploads\/2024\/02\/NumbersGraphics-1-New.svg","title":"<p>Reduserte arbeidstimer brukt p\u00e5 \u00e5 vedlikeholde regnearket, ettersom et lagersystem automatisk registrerer varebevegelsene dine<\/p>\n"},{"image":"https:\/\/rackbeat.com\/wp-content\/uploads\/2024\/02\/NumbersGraphics-2-new.svg","title":"<p>Str\u00f8mlinjeforming av produksjonen, fordi relevante medarbeidere kan f\u00e5 en helhetlig oversikt over produksjonen og ikke m\u00e5 slite med regnearkformler<\/p>\n"},{"image":"https:\/\/rackbeat.com\/wp-content\/uploads\/2024\/02\/NumbersGraphics-3-new.svg","title":"<p>Hjelp til \u00e5 f\u00e5 mest ut av produksjonskapasiteten, da du kan generere historiske rapporter om salg, produksjonsordrer og innkj\u00f8p<\/p>\n"},{"image":"https:\/\/rackbeat.com\/wp-content\/uploads\/2024\/02\/NumbersGraphics-4-new.svg","title":"<p>Mulighet for \u00e5 integrere produksjonen med frakt, regnskapssystemet, nettbutikken osv., slik at du ikke trenger \u00e5 gj\u00f8re dobbelt eller tredobbelt arbeid for \u00e5 oppdatere alle systemene dine<\/p>\n"}]},{"acf_fc_layout":"text_image_section","image":false,"image_video":"","title_type":"h1","section_title":"La oss ta en prat om din produksjonsbedrift ","section_content":"<p><span style=\"font-weight: 400;\">Hvis du vil h\u00f8re mer om hvordan Rackbeats produksjonsstyring kan hjelpe akkurat din bedrift, oppfordrer vi deg til \u00e5 booke en presentasjon av lagersystemet med en av v\u00e5re produktspesialister. Alle arbeidsprosesser er unike, og vi vil gjerne forklare og vise deg hvor vi kan hjelpe deg med \u00e5 styrke produksjonen din.<\/span><\/p>\n<p>&nbsp;<\/p>\n<p><!--HubSpot Call-to-Action Code --><span id=\"hs-cta-wrapper-e0fb1eff-1607-4ea2-ade9-7e6c6b6e19ff\" class=\"hs-cta-wrapper\"><span id=\"hs-cta-e0fb1eff-1607-4ea2-ade9-7e6c6b6e19ff\" class=\"hs-cta-node hs-cta-e0fb1eff-1607-4ea2-ade9-7e6c6b6e19ff\"><!-- [if lte IE 8]>\n\n\n<div id=\"hs-cta-ie-element\"><\/div>\n\n\n<![endif]--><a href=\"https:\/\/cta-redirect.hubspot.com\/cta\/redirect\/20251362\/e0fb1eff-1607-4ea2-ade9-7e6c6b6e19ff\"><img decoding=\"async\" id=\"hs-cta-img-e0fb1eff-1607-4ea2-ade9-7e6c6b6e19ff\" class=\"hs-cta-img\" style=\"border-width: 0px;\" src=\"https:\/\/no-cache.hubspot.com\/cta\/default\/20251362\/e0fb1eff-1607-4ea2-ade9-7e6c6b6e19ff.png\" alt=\"Bestill en demo\" \/><\/a><\/span><script charset=\"utf-8\" src=\"https:\/\/js.hscta.net\/cta\/current.js\"><\/script><script type=\"text\/javascript\"> hbspt.cta.load(20251362, 'e0fb1eff-1607-4ea2-ade9-7e6c6b6e19ff', {\"useNewLoader\":\"true\",\"region\":\"na1\"}); <\/script><\/span><!-- end HubSpot Call-to-Action Code --><\/p>\n","button_text":"","button_url":""},{"acf_fc_layout":"integrations","title":""}]},"_links":{"self":[{"href":"https:\/\/rackbeat.com\/no\/wp-json\/wp\/v2\/pages\/22443","targetHints":{"allow":["GET"]}}],"collection":[{"href":"https:\/\/rackbeat.com\/no\/wp-json\/wp\/v2\/pages"}],"about":[{"href":"https:\/\/rackbeat.com\/no\/wp-json\/wp\/v2\/types\/page"}],"author":[{"embeddable":true,"href":"https:\/\/rackbeat.com\/no\/wp-json\/wp\/v2\/users\/2"}],"replies":[{"embeddable":true,"href":"https:\/\/rackbeat.com\/no\/wp-json\/wp\/v2\/comments?post=22443"}],"version-history":[{"count":12,"href":"https:\/\/rackbeat.com\/no\/wp-json\/wp\/v2\/pages\/22443\/revisions"}],"predecessor-version":[{"id":28919,"href":"https:\/\/rackbeat.com\/no\/wp-json\/wp\/v2\/pages\/22443\/revisions\/28919"}],"wp:attachment":[{"href":"https:\/\/rackbeat.com\/no\/wp-json\/wp\/v2\/media?parent=22443"}],"curies":[{"name":"wp","href":"https:\/\/api.w.org\/{rel}","templated":true}]}}