{"id":22435,"date":"2024-03-21T12:34:38","date_gmt":"2024-03-21T11:34:38","guid":{"rendered":"https:\/\/rackbeat.com\/?page_id=22435"},"modified":"2025-01-24T10:43:13","modified_gmt":"2025-01-24T08:43:13","slug":"innkjoepsstyring","status":"publish","type":"page","link":"https:\/\/rackbeat.com\/no\/innkjoepsstyring\/","title":{"rendered":"Innkj\u00f8psstyring"},"content":{"rendered":"","protected":false},"excerpt":{"rendered":"","protected":false},"author":2,"featured_media":0,"parent":0,"menu_order":0,"comment_status":"closed","ping_status":"closed","template":"page-templates\/dynamic-template.php","meta":{"content-type":"","inline_featured_image":false,"footnotes":""},"class_list":["post-22435","page","type-page","status-publish","hentry"],"yoast_head":"<!-- This site is optimized with the Yoast SEO Premium plugin v20.0 (Yoast SEO v25.9) - https:\/\/yoast.com\/wordpress\/plugins\/seo\/ -->\n<title>Brukervennlig innkj\u00f8psstyring for lagerdrevne bedrifter | Rackbeat<\/title>\n<meta name=\"description\" content=\"Rackbeats innkj\u00f8psstyring gir deg muligheten til umiddelbart \u00e5 bestille varer, f\u00e5 oversikt over leverand\u00f8rene og gjenbestillingsanbefalinger. Pr\u00f8v Rackbeat gratis i 14 dager.\" \/>\n<meta name=\"robots\" content=\"index, follow, max-snippet:-1, max-image-preview:large, max-video-preview:-1\" \/>\n<link rel=\"canonical\" href=\"https:\/\/rackbeat.com\/no\/innkjoepsstyring\/\" \/>\n<meta property=\"og:locale\" content=\"en_US\" \/>\n<meta property=\"og:type\" content=\"article\" \/>\n<meta property=\"og:title\" content=\"Innkj\u00f8psstyring\" \/>\n<meta property=\"og:description\" content=\"Rackbeats innkj\u00f8psstyring gir deg muligheten til umiddelbart \u00e5 bestille varer, f\u00e5 oversikt over leverand\u00f8rene og gjenbestillingsanbefalinger. Pr\u00f8v Rackbeat gratis i 14 dager.\" \/>\n<meta property=\"og:url\" content=\"https:\/\/rackbeat.com\/no\/innkjoepsstyring\/\" \/>\n<meta property=\"og:site_name\" content=\"Rackbeat\" \/>\n<meta property=\"article:modified_time\" content=\"2025-01-24T08:43:13+00:00\" \/>\n<meta name=\"twitter:card\" content=\"summary_large_image\" \/>\n<script type=\"application\/ld+json\" class=\"yoast-schema-graph\">{\"@context\":\"https:\/\/schema.org\",\"@graph\":[{\"@type\":\"WebPage\",\"@id\":\"https:\/\/rackbeat.com\/no\/innkjoepsstyring\/\",\"url\":\"https:\/\/rackbeat.com\/no\/innkjoepsstyring\/\",\"name\":\"Brukervennlig innkj\u00f8psstyring for lagerdrevne bedrifter | Rackbeat\",\"isPartOf\":{\"@id\":\"https:\/\/rackbeat.com\/no\/#website\"},\"datePublished\":\"2024-03-21T11:34:38+00:00\",\"dateModified\":\"2025-01-24T08:43:13+00:00\",\"description\":\"Rackbeats innkj\u00f8psstyring gir deg muligheten til umiddelbart \u00e5 bestille varer, f\u00e5 oversikt over leverand\u00f8rene og gjenbestillingsanbefalinger. Pr\u00f8v Rackbeat gratis i 14 dager.\",\"breadcrumb\":{\"@id\":\"https:\/\/rackbeat.com\/no\/innkjoepsstyring\/#breadcrumb\"},\"inLanguage\":\"no\",\"potentialAction\":[{\"@type\":\"ReadAction\",\"target\":[\"https:\/\/rackbeat.com\/no\/innkjoepsstyring\/\"]}]},{\"@type\":\"BreadcrumbList\",\"@id\":\"https:\/\/rackbeat.com\/no\/innkjoepsstyring\/#breadcrumb\",\"itemListElement\":[{\"@type\":\"ListItem\",\"position\":1,\"name\":\"Forside\",\"item\":\"https:\/\/rackbeat.com\/no\/\"},{\"@type\":\"ListItem\",\"position\":2,\"name\":\"Innkj\u00f8psstyring\"}]},{\"@type\":\"WebSite\",\"@id\":\"https:\/\/rackbeat.com\/no\/#website\",\"url\":\"https:\/\/rackbeat.com\/no\/\",\"name\":\"Rackbeat\",\"description\":\"Effektiv lagerstyring\",\"publisher\":{\"@id\":\"https:\/\/rackbeat.com\/no\/#organization\"},\"potentialAction\":[{\"@type\":\"SearchAction\",\"target\":{\"@type\":\"EntryPoint\",\"urlTemplate\":\"https:\/\/rackbeat.com\/no\/?s={search_term_string}\"},\"query-input\":{\"@type\":\"PropertyValueSpecification\",\"valueRequired\":true,\"valueName\":\"search_term_string\"}}],\"inLanguage\":\"no\"},{\"@type\":\"Organization\",\"@id\":\"https:\/\/rackbeat.com\/no\/#organization\",\"name\":\"Rackbeat\",\"url\":\"https:\/\/rackbeat.com\/no\/\",\"logo\":{\"@type\":\"ImageObject\",\"inLanguage\":\"no\",\"@id\":\"https:\/\/rackbeat.com\/no\/#\/schema\/logo\/image\/\",\"url\":\"\",\"contentUrl\":\"\",\"caption\":\"Rackbeat\"},\"image\":{\"@id\":\"https:\/\/rackbeat.com\/no\/#\/schema\/logo\/image\/\"}}]}<\/script>\n<!-- \/ Yoast SEO Premium plugin. -->","yoast_head_json":{"title":"Brukervennlig innkj\u00f8psstyring for lagerdrevne bedrifter | Rackbeat","description":"Rackbeats innkj\u00f8psstyring gir deg muligheten til umiddelbart \u00e5 bestille varer, f\u00e5 oversikt over leverand\u00f8rene og gjenbestillingsanbefalinger. Pr\u00f8v Rackbeat gratis i 14 dager.","robots":{"index":"index","follow":"follow","max-snippet":"max-snippet:-1","max-image-preview":"max-image-preview:large","max-video-preview":"max-video-preview:-1"},"canonical":"https:\/\/rackbeat.com\/no\/innkjoepsstyring\/","og_locale":"en_US","og_type":"article","og_title":"Innkj\u00f8psstyring","og_description":"Rackbeats innkj\u00f8psstyring gir deg muligheten til umiddelbart \u00e5 bestille varer, f\u00e5 oversikt over leverand\u00f8rene og gjenbestillingsanbefalinger. Pr\u00f8v Rackbeat gratis i 14 dager.","og_url":"https:\/\/rackbeat.com\/no\/innkjoepsstyring\/","og_site_name":"Rackbeat","article_modified_time":"2025-01-24T08:43:13+00:00","twitter_card":"summary_large_image","schema":{"@context":"https:\/\/schema.org","@graph":[{"@type":"WebPage","@id":"https:\/\/rackbeat.com\/no\/innkjoepsstyring\/","url":"https:\/\/rackbeat.com\/no\/innkjoepsstyring\/","name":"Brukervennlig innkj\u00f8psstyring for lagerdrevne bedrifter | Rackbeat","isPartOf":{"@id":"https:\/\/rackbeat.com\/no\/#website"},"datePublished":"2024-03-21T11:34:38+00:00","dateModified":"2025-01-24T08:43:13+00:00","description":"Rackbeats innkj\u00f8psstyring gir deg muligheten til umiddelbart \u00e5 bestille varer, f\u00e5 oversikt over leverand\u00f8rene og gjenbestillingsanbefalinger. Pr\u00f8v Rackbeat gratis i 14 dager.","breadcrumb":{"@id":"https:\/\/rackbeat.com\/no\/innkjoepsstyring\/#breadcrumb"},"inLanguage":"no","potentialAction":[{"@type":"ReadAction","target":["https:\/\/rackbeat.com\/no\/innkjoepsstyring\/"]}]},{"@type":"BreadcrumbList","@id":"https:\/\/rackbeat.com\/no\/innkjoepsstyring\/#breadcrumb","itemListElement":[{"@type":"ListItem","position":1,"name":"Forside","item":"https:\/\/rackbeat.com\/no\/"},{"@type":"ListItem","position":2,"name":"Innkj\u00f8psstyring"}]},{"@type":"WebSite","@id":"https:\/\/rackbeat.com\/no\/#website","url":"https:\/\/rackbeat.com\/no\/","name":"Rackbeat","description":"Effektiv lagerstyring","publisher":{"@id":"https:\/\/rackbeat.com\/no\/#organization"},"potentialAction":[{"@type":"SearchAction","target":{"@type":"EntryPoint","urlTemplate":"https:\/\/rackbeat.com\/no\/?s={search_term_string}"},"query-input":{"@type":"PropertyValueSpecification","valueRequired":true,"valueName":"search_term_string"}}],"inLanguage":"no"},{"@type":"Organization","@id":"https:\/\/rackbeat.com\/no\/#organization","name":"Rackbeat","url":"https:\/\/rackbeat.com\/no\/","logo":{"@type":"ImageObject","inLanguage":"no","@id":"https:\/\/rackbeat.com\/no\/#\/schema\/logo\/image\/","url":"","contentUrl":"","caption":"Rackbeat"},"image":{"@id":"https:\/\/rackbeat.com\/no\/#\/schema\/logo\/image\/"}}]}},"ACF":{"custom_content_script":"","custom_head_script":"","dynamic_sections":[{"acf_fc_layout":"text_image_section","image":"https:\/\/rackbeat.com\/wp-content\/uploads\/2024\/03\/Indkoebsstyring-Hero.svg","image_video":"","title_type":"h1","section_title":"Rackbeats innkj\u00f8psstyring for lagerdrevne bedrifter","section_content":"<p><span style=\"font-weight: 400;\">En str\u00f8mlinjeformet innkj\u00f8psstyring er avgj\u00f8rende for lagerdrevne bedrifter som \u00f8nsker \u00e5 optimalisere virksomheten. Ved \u00e5 ha effektiv innkj\u00f8psstyring sammen med en lageroversikt, kan du spare mye tid, penger og ressurser. Med Rackbeats digitale innkj\u00f8psstyring f\u00e5r du alltid oppdatert status p\u00e5 varelager, slik at n\u00e5r du gj\u00f8r innkj\u00f8p vil du verken bestille for lite eller for mye.<\/span><\/p>\n<p>&nbsp;<\/p>\n<p><span style=\"font-weight: 400;\">Samtidig gir Rackbeats innkj\u00f8psstyring deg enorm fleksibilitet. Du kan nemlig b\u00e5de bestille varer direkte fra leverand\u00f8rene dine eller bare registrere innkj\u00f8pene dine i systemet. Rackbeat st\u00f8tter dermed en str\u00f8mlinjeformet forsyningskjede og sikrer at bedriftens salgsordrer kj\u00f8rer uforstyrret, ettersom du aldri vil mangle n\u00f8dvendige varer.<\/span><\/p>\n<p>&nbsp;<\/p>\n<p><!--HubSpot Call-to-Action Code --><span id=\"hs-cta-wrapper-c20401db-a564-4fb6-8cbc-4ea3b440688f\" class=\"hs-cta-wrapper\"><span id=\"hs-cta-c20401db-a564-4fb6-8cbc-4ea3b440688f\" class=\"hs-cta-node hs-cta-c20401db-a564-4fb6-8cbc-4ea3b440688f\"><!-- [if lte IE 8]>\n\n\n<div id=\"hs-cta-ie-element\"><\/div>\n\n\n<![endif]--><a href=\"https:\/\/cta-redirect.hubspot.com\/cta\/redirect\/20251362\/c20401db-a564-4fb6-8cbc-4ea3b440688f\"><img decoding=\"async\" id=\"hs-cta-img-c20401db-a564-4fb6-8cbc-4ea3b440688f\" class=\"hs-cta-img\" style=\"border-width: 0px;\" src=\"https:\/\/no-cache.hubspot.com\/cta\/default\/20251362\/c20401db-a564-4fb6-8cbc-4ea3b440688f.png\" alt=\"Bestill en gratis presentasjon\" \/><\/a><\/span><script charset=\"utf-8\" src=\"https:\/\/js.hscta.net\/cta\/current.js\"><\/script><script type=\"text\/javascript\"> hbspt.cta.load(20251362, 'c20401db-a564-4fb6-8cbc-4ea3b440688f', {\"useNewLoader\":\"true\",\"region\":\"na1\"}); <\/script><\/span><!-- end HubSpot Call-to-Action Code --><\/p>\n","button_text":"","button_url":""},{"acf_fc_layout":"image_textboxes_section","align_introduction_text":false,"section_title":"Rackbeats innkj\u00f8psstyring leverer varene ","section_description":"<p><span style=\"font-weight: 400;\">Rackbeats digitale lagerstyringssystem gir deg den mest effektive innkj\u00f8psstyringen p\u00e5 markedet. Du f\u00e5r et system som automatiserer innkj\u00f8p, holder kontakten med leverand\u00f8rene og gir deg oversikt over innkj\u00f8psordrene, slik at du er klar for salg. Med Rackbeats innkj\u00f8psstyring f\u00e5r du:<\/span><\/p>\n","textboxes":[{"title":"Fleksibel varebestilling og mulighet for \u00e5 registrere varemottak","content":"<p><span style=\"font-weight: 400;\">Du kan enkelt og raskt foreta innkj\u00f8pene dine i Rackbeats innkj\u00f8psfane. Her bestiller du enten direkte fra din leverand\u00f8r eller oppretter dine allerede gjennomf\u00f8rte innkj\u00f8psordrer, s\u00e5 varelageret kan bli oppdatert. Faktisk kan du bestille varer fra flere steder i systemet: bl.a. produktsiden og gjenbestillingsoversikten, slik at du ikke m\u00e5 avbryte arbeidet. Det er ogs\u00e5 her du kan registrere varemottak n\u00e5r en bestilling har ankommet.<\/span><\/p>\n","image":"https:\/\/rackbeat.com\/wp-content\/uploads\/2024\/03\/Indkoebsstyring-menupunkter-No.png"},{"title":"Full oversikt over alle innkj\u00f8psordrer","content":"<p><span style=\"font-weight: 400;\">Under innkj\u00f8psfanen finner du et friskt og finpusset dashboard hvor all din viktigste innkj\u00f8psinformasjon vil fremg\u00e5 under &#8220;Bestilling.&#8221; Her finner du svar p\u00e5 mange sp\u00f8rsm\u00e5l i forbindelse med dine innkj\u00f8psordrer, som: Er innkj\u00f8pet fakturert? Har du mottatt og bokf\u00f8rt dem? Hva er kostnadene? Hvilken valuta er det handlet i? Har varene blitt kvalitetssikret ved mottakelsen? Du kan selv bestemme hvilken informasjon du vil ha synlig, siden alle v\u00e5re <span style=\"color: #609ed4;\"><a style=\"color: #609ed4;\" href=\"https:\/\/rackbeat.com\/no\/product_features\/tilpassede-oversikter\/\">oversikter er brukertilpasset<\/a><\/span>.<\/span><\/p>\n","image":"https:\/\/rackbeat.com\/wp-content\/uploads\/2024\/02\/IndkoebsstyringBestillinger-NO.png"},{"title":"Leverand\u00f8rstyring","content":"<p><span style=\"font-weight: 400;\">N\u00e5r du har opprettet ulike leverand\u00f8rgrupper, for eksempel for norske og utenlandske leverand\u00f8rer med ulike valutaer, kan du legge til leverand\u00f8rene dine og f\u00e5 en ryddig og oversiktlig visning. Her har du samlet den viktigste leverand\u00f8rinformasjonen &#8211; inkl. deres organisasjonsnummer, e-poster, telefon, land osv. P\u00e5 hver enkelt leverand\u00f8rs side finner du deres varekatalog, adresser og eventuelle tilknyttede notater m.m.<\/span><\/p>\n","image":"https:\/\/rackbeat.com\/wp-content\/uploads\/2024\/03\/Leverandoerer-Grafik2-NO-1.png"},{"title":"Gjenbestillingsp\u00e5minnelser","content":"<p><span style=\"font-weight: 400;\">N\u00e5r du registrerer et produkt i Rackbeat har du muligheten til \u00e5 angi et minimumslager for det aktuelle produktet. <\/span>I det \u00f8yeblikket produktet n\u00e5r minimumsniv\u00e5et for p\u00e5fylling, vil systemet sende deg en p\u00e5minnelse om \u00e5 legge inn en bestilling. Du f\u00e5r <span style=\"color: #609ed3;\"><a style=\"color: #609ed3;\" href=\"https:\/\/rackbeat.com\/no\/product_features\/paaminnelser-om-nybestilling\/\">gjenbestillingsp\u00e5minnelser<\/a><\/span> p\u00e5 forsiden din i Rackbeat &#8211; men du kan ogs\u00e5 gjenbestille varer fra\u00a0 gjenbestillingsrapporter.<\/p>\n","image":"https:\/\/rackbeat.com\/wp-content\/uploads\/2024\/02\/Genbestillingspa\u030amindelser-NO.png"}]},{"acf_fc_layout":"cta_section","cta_image":"https:\/\/rackbeat.com\/wp-content\/uploads\/2024\/03\/Indkoebsstyring-FinalSection-Grafik-No.png","cta_content":"<h2><span style=\"color: #14143f;\"><b>Hvilke andre funksjoner kan Rackbeat tilby deg?<\/b><\/span><\/h2>\n<p><span style=\"font-weight: 400; color: #14143f;\">Utover innkj\u00f8psstyringen har Rackbeats lagerstyringssystem en hel masse andre funksjoner som kan optimalisere din lagerdrift og effektivisere din virksomhet. Du f\u00e5r selvsagt kjernefunksjonene innenfor lagerstyring som: <span style=\"text-decoration: underline;\"><span style=\"color: #ffffff;\"><a style=\"color: #ffffff; text-decoration: underline;\" href=\"https:\/\/rackbeat.com\/no\/product_features\/oppdateringer-i-sanntid-paa-lagerbeholdning\/\">sanntidsoppdateringer p\u00e5 varelageret<\/a><\/span><\/span>, muligheten til \u00e5 <span style=\"text-decoration: underline;\"><span style=\"color: #ffffff;\"><a style=\"color: #ffffff; text-decoration: underline;\" href=\"https:\/\/rackbeat.com\/no\/product_features\/opprett-lagerlokasjoner-premium\/\">opprette lagerlokasjoner<\/a><\/span><\/span>, registrering av varemottak, varetelling og mye mer.<\/span><\/p>\n<p><span style=\"font-weight: 400; color: #14143f;\">Men samtidig f\u00e5r du ogs\u00e5 en masse andre funksjoner som kan hjelpe din lagerdrevne bedrift. Mangler lagerarbeideren et effektivt verkt\u00f8y p\u00e5 gulvet? Pr\u00f8v v\u00e5r <span style=\"text-decoration: underline;\"><span style=\"color: #ffffff;\"><a style=\"color: #ffffff; text-decoration: underline;\" href=\"https:\/\/rackbeat.com\/no\/mobilbruker\/\">mobilapp<\/a><\/span><\/span>. Kunne ordreh\u00e5ndteringen trenge en skikkelig\u00a0 energiboost? Ta en titt p\u00e5 v\u00e5rt <span style=\"text-decoration: underline;\"><span style=\"color: #ffffff;\"><a style=\"color: #ffffff; text-decoration: underline;\" href=\"https:\/\/rackbeat.com\/no\/product_features\/opprett-send-og-overvaak-salgsordrer\/\">salgsordreflyt<\/a><\/span><\/span>. Eller savner du noen funksjoner for produksjonen? Da b\u00f8r du sjekke ut v\u00e5re <span style=\"text-decoration: underline;\"><span style=\"color: #ffffff;\"><a style=\"color: #ffffff; text-decoration: underline;\" href=\"https:\/\/rackbeat.com\/no\/product_features\/strukturvarer\/\">strukturvarer<\/a><\/span><\/span> og <span style=\"text-decoration: underline;\"><span style=\"color: #ffffff;\"><a style=\"color: #ffffff; text-decoration: underline;\" href=\"https:\/\/rackbeat.com\/no\/product_features\/full-produksjonsoversikt\/\">produksjonsoversikt<\/a><\/span><\/span>. Du kan ogs\u00e5 f\u00e5 hele oversikten over Rackbeats funksjoner.<\/span><\/p>\n","cta_button_text":"Se Rackbeats funksjoner","cta_button_link":"https:\/\/rackbeat.com\/no\/funksjoner\/","background_color":"#8ba2b6","text_color":"#FFF"},{"acf_fc_layout":"short_description","align_introduction_text":false,"section_background_color":"","short_description_heading":"Pr\u00f8v Rackbeats innkj\u00f8psstyring helt gratis","short_description_content":"<p><span style=\"font-weight: 400;\">Du kan pr\u00f8vekj\u00f8re Rackbeats innkj\u00f8psstyring og alle de andre funksjonene i 14 dager &#8211; helt gratis. N\u00e5r du registrerer deg, anbefaler vi at du huker av for &#8220;Opprett med demodata.&#8221; Slik trenger du ikke \u00e5 bruke tid p\u00e5 \u00e5 opprette egne produkter, leverand\u00f8rer, salgsordrer osv., men kan fokusere p\u00e5 \u00e5 utforske systemets muligheter.<\/span><\/p>\n<p>&nbsp;<\/p>\n<p><!--HubSpot Call-to-Action Code --><span id=\"hs-cta-wrapper-f7cedfd4-732b-4692-952f-b4c60912deb1\" class=\"hs-cta-wrapper\"><span id=\"hs-cta-f7cedfd4-732b-4692-952f-b4c60912deb1\" class=\"hs-cta-node hs-cta-f7cedfd4-732b-4692-952f-b4c60912deb1\"><!-- [if lte IE 8]>\n\n\n<div id=\"hs-cta-ie-element\"><\/div>\n\n\n<![endif]--><a href=\"https:\/\/cta-redirect.hubspot.com\/cta\/redirect\/20251362\/f7cedfd4-732b-4692-952f-b4c60912deb1\"><img decoding=\"async\" id=\"hs-cta-img-f7cedfd4-732b-4692-952f-b4c60912deb1\" class=\"hs-cta-img\" style=\"border-width: 0px;\" src=\"https:\/\/no-cache.hubspot.com\/cta\/default\/20251362\/f7cedfd4-732b-4692-952f-b4c60912deb1.png\" alt=\"PR\u00d8V GRATIS\" \/><\/a><\/span><script charset=\"utf-8\" src=\"https:\/\/js.hscta.net\/cta\/current.js\"><\/script><script type=\"text\/javascript\"> hbspt.cta.load(20251362, 'f7cedfd4-732b-4692-952f-b4c60912deb1', {\"useNewLoader\":\"true\",\"region\":\"na1\"}); <\/script><\/span><!-- end HubSpot Call-to-Action Code --><\/p>\n","image_boxes":false}]},"_links":{"self":[{"href":"https:\/\/rackbeat.com\/no\/wp-json\/wp\/v2\/pages\/22435","targetHints":{"allow":["GET"]}}],"collection":[{"href":"https:\/\/rackbeat.com\/no\/wp-json\/wp\/v2\/pages"}],"about":[{"href":"https:\/\/rackbeat.com\/no\/wp-json\/wp\/v2\/types\/page"}],"author":[{"embeddable":true,"href":"https:\/\/rackbeat.com\/no\/wp-json\/wp\/v2\/users\/2"}],"replies":[{"embeddable":true,"href":"https:\/\/rackbeat.com\/no\/wp-json\/wp\/v2\/comments?post=22435"}],"version-history":[{"count":13,"href":"https:\/\/rackbeat.com\/no\/wp-json\/wp\/v2\/pages\/22435\/revisions"}],"predecessor-version":[{"id":28849,"href":"https:\/\/rackbeat.com\/no\/wp-json\/wp\/v2\/pages\/22435\/revisions\/28849"}],"wp:attachment":[{"href":"https:\/\/rackbeat.com\/no\/wp-json\/wp\/v2\/media?parent=22435"}],"curies":[{"name":"wp","href":"https:\/\/api.w.org\/{rel}","templated":true}]}}