{"id":21876,"date":"2024-03-14T11:28:37","date_gmt":"2024-03-14T10:28:37","guid":{"rendered":"https:\/\/rackbeat.com\/?page_id=21876"},"modified":"2025-01-24T13:25:06","modified_gmt":"2025-01-24T11:25:06","slug":"ordrestyring","status":"publish","type":"page","link":"https:\/\/rackbeat.com\/no\/ordrestyring\/","title":{"rendered":"Ordrestyring"},"content":{"rendered":"","protected":false},"excerpt":{"rendered":"","protected":false},"author":2,"featured_media":0,"parent":0,"menu_order":0,"comment_status":"closed","ping_status":"closed","template":"page-templates\/dynamic-template.php","meta":{"content-type":"","inline_featured_image":false,"footnotes":""},"class_list":["post-21876","page","type-page","status-publish","hentry"],"yoast_head":"<!-- This site is optimized with the Yoast SEO Premium plugin v20.0 (Yoast SEO v25.9) - https:\/\/yoast.com\/wordpress\/plugins\/seo\/ -->\n<title>Effektiv ordrestyring for lagerdrevne bedrifter | Rackbeat<\/title>\n<meta name=\"description\" content=\"Rackbeats lagersystem gir deg ordrestyring, slik at du har full kontroll p\u00e5 salgsordren fra du bestiller varen, til den sendes til kunden. Pr\u00f8v gratis i 14 dager.\" \/>\n<meta name=\"robots\" content=\"index, follow, max-snippet:-1, max-image-preview:large, max-video-preview:-1\" \/>\n<link rel=\"canonical\" href=\"https:\/\/rackbeat.com\/no\/ordrestyring\/\" \/>\n<meta property=\"og:locale\" content=\"en_US\" \/>\n<meta property=\"og:type\" content=\"article\" \/>\n<meta property=\"og:title\" content=\"Ordrestyring\" \/>\n<meta property=\"og:description\" content=\"Rackbeats lagersystem gir deg ordrestyring, slik at du har full kontroll p\u00e5 salgsordren fra du bestiller varen, til den sendes til kunden. Pr\u00f8v gratis i 14 dager.\" \/>\n<meta property=\"og:url\" content=\"https:\/\/rackbeat.com\/no\/ordrestyring\/\" \/>\n<meta property=\"og:site_name\" content=\"Rackbeat\" \/>\n<meta property=\"article:modified_time\" content=\"2025-01-24T11:25:06+00:00\" \/>\n<meta name=\"twitter:card\" content=\"summary_large_image\" \/>\n<script type=\"application\/ld+json\" class=\"yoast-schema-graph\">{\"@context\":\"https:\/\/schema.org\",\"@graph\":[{\"@type\":\"WebPage\",\"@id\":\"https:\/\/rackbeat.com\/no\/ordrestyring\/\",\"url\":\"https:\/\/rackbeat.com\/no\/ordrestyring\/\",\"name\":\"Effektiv ordrestyring for lagerdrevne bedrifter | Rackbeat\",\"isPartOf\":{\"@id\":\"https:\/\/rackbeat.com\/no\/#website\"},\"datePublished\":\"2024-03-14T10:28:37+00:00\",\"dateModified\":\"2025-01-24T11:25:06+00:00\",\"description\":\"Rackbeats lagersystem gir deg ordrestyring, slik at du har full kontroll p\u00e5 salgsordren fra du bestiller varen, til den sendes til kunden. Pr\u00f8v gratis i 14 dager.\",\"breadcrumb\":{\"@id\":\"https:\/\/rackbeat.com\/no\/ordrestyring\/#breadcrumb\"},\"inLanguage\":\"no\",\"potentialAction\":[{\"@type\":\"ReadAction\",\"target\":[\"https:\/\/rackbeat.com\/no\/ordrestyring\/\"]}]},{\"@type\":\"BreadcrumbList\",\"@id\":\"https:\/\/rackbeat.com\/no\/ordrestyring\/#breadcrumb\",\"itemListElement\":[{\"@type\":\"ListItem\",\"position\":1,\"name\":\"Forside\",\"item\":\"https:\/\/rackbeat.com\/no\/\"},{\"@type\":\"ListItem\",\"position\":2,\"name\":\"Ordrestyring\"}]},{\"@type\":\"WebSite\",\"@id\":\"https:\/\/rackbeat.com\/no\/#website\",\"url\":\"https:\/\/rackbeat.com\/no\/\",\"name\":\"Rackbeat\",\"description\":\"Effektiv lagerstyring\",\"publisher\":{\"@id\":\"https:\/\/rackbeat.com\/no\/#organization\"},\"potentialAction\":[{\"@type\":\"SearchAction\",\"target\":{\"@type\":\"EntryPoint\",\"urlTemplate\":\"https:\/\/rackbeat.com\/no\/?s={search_term_string}\"},\"query-input\":{\"@type\":\"PropertyValueSpecification\",\"valueRequired\":true,\"valueName\":\"search_term_string\"}}],\"inLanguage\":\"no\"},{\"@type\":\"Organization\",\"@id\":\"https:\/\/rackbeat.com\/no\/#organization\",\"name\":\"Rackbeat\",\"url\":\"https:\/\/rackbeat.com\/no\/\",\"logo\":{\"@type\":\"ImageObject\",\"inLanguage\":\"no\",\"@id\":\"https:\/\/rackbeat.com\/no\/#\/schema\/logo\/image\/\",\"url\":\"\",\"contentUrl\":\"\",\"caption\":\"Rackbeat\"},\"image\":{\"@id\":\"https:\/\/rackbeat.com\/no\/#\/schema\/logo\/image\/\"}}]}<\/script>\n<!-- \/ Yoast SEO Premium plugin. -->","yoast_head_json":{"title":"Effektiv ordrestyring for lagerdrevne bedrifter | Rackbeat","description":"Rackbeats lagersystem gir deg ordrestyring, slik at du har full kontroll p\u00e5 salgsordren fra du bestiller varen, til den sendes til kunden. Pr\u00f8v gratis i 14 dager.","robots":{"index":"index","follow":"follow","max-snippet":"max-snippet:-1","max-image-preview":"max-image-preview:large","max-video-preview":"max-video-preview:-1"},"canonical":"https:\/\/rackbeat.com\/no\/ordrestyring\/","og_locale":"en_US","og_type":"article","og_title":"Ordrestyring","og_description":"Rackbeats lagersystem gir deg ordrestyring, slik at du har full kontroll p\u00e5 salgsordren fra du bestiller varen, til den sendes til kunden. Pr\u00f8v gratis i 14 dager.","og_url":"https:\/\/rackbeat.com\/no\/ordrestyring\/","og_site_name":"Rackbeat","article_modified_time":"2025-01-24T11:25:06+00:00","twitter_card":"summary_large_image","schema":{"@context":"https:\/\/schema.org","@graph":[{"@type":"WebPage","@id":"https:\/\/rackbeat.com\/no\/ordrestyring\/","url":"https:\/\/rackbeat.com\/no\/ordrestyring\/","name":"Effektiv ordrestyring for lagerdrevne bedrifter | Rackbeat","isPartOf":{"@id":"https:\/\/rackbeat.com\/no\/#website"},"datePublished":"2024-03-14T10:28:37+00:00","dateModified":"2025-01-24T11:25:06+00:00","description":"Rackbeats lagersystem gir deg ordrestyring, slik at du har full kontroll p\u00e5 salgsordren fra du bestiller varen, til den sendes til kunden. Pr\u00f8v gratis i 14 dager.","breadcrumb":{"@id":"https:\/\/rackbeat.com\/no\/ordrestyring\/#breadcrumb"},"inLanguage":"no","potentialAction":[{"@type":"ReadAction","target":["https:\/\/rackbeat.com\/no\/ordrestyring\/"]}]},{"@type":"BreadcrumbList","@id":"https:\/\/rackbeat.com\/no\/ordrestyring\/#breadcrumb","itemListElement":[{"@type":"ListItem","position":1,"name":"Forside","item":"https:\/\/rackbeat.com\/no\/"},{"@type":"ListItem","position":2,"name":"Ordrestyring"}]},{"@type":"WebSite","@id":"https:\/\/rackbeat.com\/no\/#website","url":"https:\/\/rackbeat.com\/no\/","name":"Rackbeat","description":"Effektiv lagerstyring","publisher":{"@id":"https:\/\/rackbeat.com\/no\/#organization"},"potentialAction":[{"@type":"SearchAction","target":{"@type":"EntryPoint","urlTemplate":"https:\/\/rackbeat.com\/no\/?s={search_term_string}"},"query-input":{"@type":"PropertyValueSpecification","valueRequired":true,"valueName":"search_term_string"}}],"inLanguage":"no"},{"@type":"Organization","@id":"https:\/\/rackbeat.com\/no\/#organization","name":"Rackbeat","url":"https:\/\/rackbeat.com\/no\/","logo":{"@type":"ImageObject","inLanguage":"no","@id":"https:\/\/rackbeat.com\/no\/#\/schema\/logo\/image\/","url":"","contentUrl":"","caption":"Rackbeat"},"image":{"@id":"https:\/\/rackbeat.com\/no\/#\/schema\/logo\/image\/"}}]}},"ACF":{"custom_content_script":"","custom_head_script":"","dynamic_sections":[{"acf_fc_layout":"text_image_section","image":"https:\/\/rackbeat.com\/wp-content\/uploads\/2024\/03\/Ordrestyring-Hero-NO.png","image_video":"","title_type":"h1","section_title":"Rackbeats ordrestyring for bedrifter som \u00f8nsker \u00e5 effektivisere ordreh\u00e5ndteringen","section_content":"<p><span style=\"font-weight: 400;\">Uansett om du selger direkte til sluttbrukere via nettbutikk eller POS, driver en grossistvirksomhet som selger B2B, eller produserer egne produkter, er salgsordrene kjernen i virksomheten din. Derfor trenger du en effektiv og oversiktlig ordrestyring. Hvis du mister kontrollen over ordreflyten din &#8211; som innkj\u00f8p, salg og forsendelser &#8211; kan det g\u00e5 utover b\u00e5de kundetilfredshet, lagerbeholdning og \u00f8konomi. Det unng\u00e5r du med Rackbeats skybaserte ordrestyring.<\/span><\/p>\n<p>&nbsp;<\/p>\n<p><span style=\"font-weight: 400;\">Kom i gang i dag ved \u00e5 booke en demo, slik at du kan f\u00e5 svar p\u00e5 alle sp\u00f8rsm\u00e5lene dine og se en presentasjon av hvordan Rackbeat fungerer i praksis. Du kan ogs\u00e5 opprette en gratis bruker, slik at du kan teste systemet selv.<\/span><\/p>\n<p>&nbsp;<\/p>\n<p><!--HubSpot Call-to-Action Code --><span id=\"hs-cta-wrapper-c20401db-a564-4fb6-8cbc-4ea3b440688f\" class=\"hs-cta-wrapper\"><span id=\"hs-cta-c20401db-a564-4fb6-8cbc-4ea3b440688f\" class=\"hs-cta-node hs-cta-c20401db-a564-4fb6-8cbc-4ea3b440688f\"><!-- [if lte IE 8]>\n\n\n<div id=\"hs-cta-ie-element\"><\/div>\n\n\n<![endif]--><a href=\"https:\/\/cta-redirect.hubspot.com\/cta\/redirect\/20251362\/c20401db-a564-4fb6-8cbc-4ea3b440688f\"><img decoding=\"async\" id=\"hs-cta-img-c20401db-a564-4fb6-8cbc-4ea3b440688f\" class=\"hs-cta-img\" style=\"border-width: 0px;\" src=\"https:\/\/no-cache.hubspot.com\/cta\/default\/20251362\/c20401db-a564-4fb6-8cbc-4ea3b440688f.png\" alt=\"Bestill en gratis presentasjon\" \/><\/a><\/span><script charset=\"utf-8\" src=\"https:\/\/js.hscta.net\/cta\/current.js\"><\/script><script type=\"text\/javascript\"> hbspt.cta.load(20251362, 'c20401db-a564-4fb6-8cbc-4ea3b440688f', {\"useNewLoader\":\"true\",\"region\":\"na1\"}); <\/script><\/span><!-- end HubSpot Call-to-Action Code --><\/p>\n","button_text":"","button_url":""},{"acf_fc_layout":"list","title":"Ordrestyring: Optimalisering av innkj\u00f8p og salg","description":"<p><span style=\"font-weight: 400;\">Enten om ordrene str\u00f8mmer inn gjennom nettbutikken eller du registrerer dem selv, er ordrestyring en sentral prosess i virksomheten din. Ordrestyring refererer til den samlede prosedyren som involverer mottakelse av leverand\u00f8rordrer og behandling av salgsordrer til kunder.<\/span><\/p>\n<p>&nbsp;<\/p>\n<p><span style=\"font-weight: 400;\">Mer spesifikt inkluderer ordrestyring flere viktige trinn, som ordremottak, lagerkontroll, plukking og pakking, forsendelse og levering, samt etterf\u00f8lgende fakturering og betalingsh\u00e5ndtering. Ved \u00e5 optimalisere ordrestyringsprosessen kan bedrifter redusere feil og forsinkelser, samt \u00f8ke den totale operasjonelle effektiviteten.<\/span><\/p>\n<p>&nbsp;<\/p>\n<p><span style=\"font-weight: 400;\">S\u00e5 n\u00e5r du implementerer effektiv ordrestyring, oppn\u00e5r du:<\/span><\/p>\n","list_repeater":false,"form_or_image":true,"form_shortcode":"","html_code":"","image":false},{"acf_fc_layout":"short_description","align_introduction_text":false,"section_background_color":"","short_description_heading":"","short_description_content":"","image_boxes":[{"image":"https:\/\/rackbeat.com\/wp-content\/uploads\/2023\/12\/NumbersGraphics-RB-1.svg","title":"<p>En tettere tilknytning til leverand\u00f8rene<\/p>\n"},{"image":"https:\/\/rackbeat.com\/wp-content\/uploads\/2023\/12\/NumbersGraphics-RB-2.svg","title":"<p>Nye varer kj\u00f8pt inn til rett tid<\/p>\n"},{"image":"https:\/\/rackbeat.com\/wp-content\/uploads\/2023\/12\/NumbersGraphics-RB-3.svg","title":"<p>Strukturert ordrebehandling<\/p>\n"},{"image":"https:\/\/rackbeat.com\/wp-content\/uploads\/2023\/12\/NumbersGraphics-RB-4.svg","title":"<p>God kundekommunikasjon<\/p>\n"}]},{"acf_fc_layout":"image_textboxes_section","align_introduction_text":false,"section_title":"Digital og brukervennlig ordrestyring for lagerdrevne bedrifter ","section_description":"<p><span style=\"font-weight: 400;\">Rackbeats skybaserte lagerstyringssystem s\u00f8rger for at du kan f\u00f8lge salgsordrene dine hele veien fra bestilling av varer til de blir plukket, pakket og sendt til kunden. Dette gj\u00f8r vi prim\u00e6rt ved \u00e5 gi deg en samlet oversikt over salgsordrene og funksjoner som effektiviserer salget ditt. Mer konkret f\u00e5r du:<\/span><\/p>\n","textboxes":[{"title":"Kontroll p\u00e5 innkj\u00f8pene dine og valget mellom flere leverand\u00f8rer ","content":"<p>Ingen salg uten varer. Rackbeats innkj\u00f8psstyring med tilh\u00f8rende p\u00e5minnelser om gjenbestilling s\u00f8rger for at du kan bestille varer hjem i god tid, i de riktige mengdene. Du f\u00e5r ogs\u00e5 en oversikt over leverand\u00f8rene og leverand\u00f8rfakturaene dine, slik at du har alt klart n\u00e5r du skal opprette en salgsordre.<\/p>\n","image":"https:\/\/rackbeat.com\/wp-content\/uploads\/2024\/03\/Leverandoerer-Grafik2-NO-1.png"},{"title":"En komplett oversikt over salgsordrer ","content":"<p>Du f\u00e5r full kontroll p\u00e5 ordrestyringen med Rackbeat sin brukervennlige salgsordreoversikt. En oversikt som du selv kan tilpasse etter dine egne arbeidsprosesser. Her kan du blant annet se status p\u00e5 ordrene, faktureringen, leveringen, samt hvilke kunder som har bestilt. Du kan velge \u00e5 opprette salgsordre manuelt, men du kan ogs\u00e5 koble nettbutikken din til Rackbeat. Med nettbutikk vil kundenes bestillinger automatisk registreres samtidig som varene trekkes fra lagerbeholdningen.<\/p>\n","image":"https:\/\/rackbeat.com\/wp-content\/uploads\/2024\/03\/OrdrerManuelt-Grafik3-NO.png"},{"title":"Plukk, pakk og send salgsordre","content":"<p>S\u00e5 snart du har sikret at varene er p\u00e5 lager, kan du starte behandlingen av din salgsordre. Du begynner dermed med \u00e5 opprette en forsendelse p\u00e5 salgsordren, f\u00f8r plukkarbeidet kan starte. Her kan du s\u00e5 laste ned en plukkliste som gir oversikt over antall og plasseringen av varene. N\u00e5r varene er funnet frem og pakket, klikker du &#8220;plukk&#8221; for de enkelte varelinjene. Til slutt har du muligheten for b\u00e5de \u00e5 sende en fysisk, printet f\u00f8lgeseddel og en digital versjon til kundens e-post.<\/p>\n","image":"https:\/\/rackbeat.com\/wp-content\/uploads\/2024\/01\/PlukPak.svg"},{"title":"Muligheten for \u00e5 konvertere aksepterte tilbud til ordre ","content":"<p>Vi hjelper deg ogs\u00e5 med \u00e5 dytte litt p\u00e5 mersalget ditt. Du kan nemlig sende tilbud ut til dine kunder i Rackbeat, noe som kan v\u00e6re en god id\u00e9 hvis du har kunder som allerede kj\u00f8per store partier hos deg. Deretter vil du kunne se n\u00e5r tilbudene mottas av kundene. Hvis tilbudet aksepteres, blir det automatisk opprettet en ordre eller en faktura &#8211; avhengig av hvordan du foretrekker \u00e5 jobbe.<\/p>\n","image":"https:\/\/rackbeat.com\/wp-content\/uploads\/2024\/03\/Ordrestyring-Tilbud-Grafik4-NO.png"}]},{"acf_fc_layout":"cta_section","cta_image":"https:\/\/rackbeat.com\/wp-content\/uploads\/2024\/03\/Ordrestyring-Finalsection-grafik-3.svg","cta_content":"<h2><span style=\"color: #14143f;\">Trenger du enda mer ordrestyring? Koble lagersystemet ditt til et fraktsystem via Rackbeats integrasjoner <\/span><\/h2>\n<p><span style=\"font-weight: 400; color: #14143f;\">Vi kan faktisk hjelpe deg med \u00e5 f\u00f8lge ordrene enda lenger enn til lageradressen din. Rackbeat kan snakke sammen med mange fraktsystemer, inkludert Shipmondo og Webshipper, da systemet v\u00e5rt har et \u00e5pent API som betyr at det kan integreres med de fleste systemer.<\/span><\/p>\n<p><span style=\"font-weight: 400; color: #14143f;\">Dermed kan du skrive ut fraktetiketter, bestille frakt og motta sporingsinformasjon, slik at du er med p\u00e5 hele reisen fra innkj\u00f8p av varene, til salgsordrene blir levert p\u00e5 d\u00f8ren hos kunden.<\/span><\/p>\n","cta_button_text":"Les mer om v\u00e5re integrasjoner","cta_button_link":"https:\/\/rackbeat.com\/no\/integrasjoner\/","background_color":"#dbdbbe","text_color":"#FFF"},{"acf_fc_layout":"short_description","align_introduction_text":false,"section_background_color":"","short_description_heading":"Pr\u00f8v Rackbeats ordrestyring helt gratis ","short_description_content":"<p><span style=\"font-weight: 400;\">Du kan pr\u00f8ve Rackbeat i 14 dager helt gratis og uten forpliktelser. Vi anbefaler at du krysser av for \u201cOpprett med demodata\u201d n\u00e5r du oppretter brukeren din. P\u00e5 den m\u00e5ten trenger du ikke \u00e5 bruke tid p\u00e5 \u00e5 lage dine egne produkter, leverand\u00f8rer, salgsordre, fakturaer osv., men kan bare l\u00e6re systemet bedre \u00e5 kjenne.<\/span><\/p>\n<p>&nbsp;<\/p>\n<p><!--HubSpot Call-to-Action Code --><span id=\"hs-cta-wrapper-f7cedfd4-732b-4692-952f-b4c60912deb1\" class=\"hs-cta-wrapper\"><span id=\"hs-cta-f7cedfd4-732b-4692-952f-b4c60912deb1\" class=\"hs-cta-node hs-cta-f7cedfd4-732b-4692-952f-b4c60912deb1\"><!-- [if lte IE 8]>\n\n\n<div id=\"hs-cta-ie-element\"><\/div>\n\n\n<![endif]--><a href=\"https:\/\/cta-redirect.hubspot.com\/cta\/redirect\/20251362\/f7cedfd4-732b-4692-952f-b4c60912deb1\"><img decoding=\"async\" id=\"hs-cta-img-f7cedfd4-732b-4692-952f-b4c60912deb1\" class=\"hs-cta-img\" style=\"border-width: 0px;\" src=\"https:\/\/no-cache.hubspot.com\/cta\/default\/20251362\/f7cedfd4-732b-4692-952f-b4c60912deb1.png\" alt=\"PR\u00d8V GRATIS\" \/><\/a><\/span><script charset=\"utf-8\" src=\"https:\/\/js.hscta.net\/cta\/current.js\"><\/script><script type=\"text\/javascript\"> hbspt.cta.load(20251362, 'f7cedfd4-732b-4692-952f-b4c60912deb1', {\"useNewLoader\":\"true\",\"region\":\"na1\"}); <\/script><\/span><!-- end HubSpot Call-to-Action Code --><\/p>\n","image_boxes":false}]},"_links":{"self":[{"href":"https:\/\/rackbeat.com\/no\/wp-json\/wp\/v2\/pages\/21876","targetHints":{"allow":["GET"]}}],"collection":[{"href":"https:\/\/rackbeat.com\/no\/wp-json\/wp\/v2\/pages"}],"about":[{"href":"https:\/\/rackbeat.com\/no\/wp-json\/wp\/v2\/types\/page"}],"author":[{"embeddable":true,"href":"https:\/\/rackbeat.com\/no\/wp-json\/wp\/v2\/users\/2"}],"replies":[{"embeddable":true,"href":"https:\/\/rackbeat.com\/no\/wp-json\/wp\/v2\/comments?post=21876"}],"version-history":[{"count":16,"href":"https:\/\/rackbeat.com\/no\/wp-json\/wp\/v2\/pages\/21876\/revisions"}],"predecessor-version":[{"id":28910,"href":"https:\/\/rackbeat.com\/no\/wp-json\/wp\/v2\/pages\/21876\/revisions\/28910"}],"wp:attachment":[{"href":"https:\/\/rackbeat.com\/no\/wp-json\/wp\/v2\/media?parent=21876"}],"curies":[{"name":"wp","href":"https:\/\/api.w.org\/{rel}","templated":true}]}}