{"id":21660,"date":"2024-03-07T11:48:51","date_gmt":"2024-03-07T10:48:51","guid":{"rendered":"https:\/\/rackbeat.com\/glossaries\/"},"modified":"2024-04-24T14:52:31","modified_gmt":"2024-04-24T13:52:31","slug":"ordbok","status":"publish","type":"page","link":"https:\/\/rackbeat.com\/no\/ordbok\/","title":{"rendered":"Ordbok"},"content":{"rendered":"","protected":false},"excerpt":{"rendered":"","protected":false},"author":1,"featured_media":0,"parent":0,"menu_order":0,"comment_status":"closed","ping_status":"closed","template":"page-templates\/glossaries.php","meta":{"content-type":"","inline_featured_image":false,"footnotes":""},"class_list":["post-21660","page","type-page","status-publish","hentry"],"yoast_head":"<!-- This site is optimized with the Yoast SEO Premium plugin v20.0 (Yoast SEO v25.9) - https:\/\/yoast.com\/wordpress\/plugins\/seo\/ -->\n<title>Rackbeats ordbok | Rackbeat<\/title>\n<meta name=\"description\" content=\"Rackbeats omfattende ordbok: Din beste ressurs for \u00e5 forst\u00e5 begreper relatert til lagerstyring. F\u00e5 tydelige definisjoner og innsikt i alt som er relatert til lager.\" \/>\n<meta name=\"robots\" content=\"index, follow, max-snippet:-1, max-image-preview:large, max-video-preview:-1\" \/>\n<link rel=\"canonical\" href=\"https:\/\/rackbeat.com\/no\/ordbok\/\" \/>\n<meta property=\"og:locale\" content=\"en_US\" \/>\n<meta property=\"og:type\" content=\"article\" \/>\n<meta property=\"og:title\" content=\"Ordbok\" \/>\n<meta property=\"og:description\" content=\"Rackbeats omfattende ordbok: Din beste ressurs for \u00e5 forst\u00e5 begreper relatert til lagerstyring. F\u00e5 tydelige definisjoner og innsikt i alt som er relatert til lager.\" \/>\n<meta property=\"og:url\" content=\"https:\/\/rackbeat.com\/no\/ordbok\/\" \/>\n<meta property=\"og:site_name\" content=\"Rackbeat\" \/>\n<meta property=\"article:modified_time\" content=\"2024-04-24T13:52:31+00:00\" \/>\n<meta name=\"twitter:card\" content=\"summary_large_image\" \/>\n<script type=\"application\/ld+json\" class=\"yoast-schema-graph\">{\"@context\":\"https:\/\/schema.org\",\"@graph\":[{\"@type\":\"WebPage\",\"@id\":\"https:\/\/rackbeat.com\/no\/ordbok\/\",\"url\":\"https:\/\/rackbeat.com\/no\/ordbok\/\",\"name\":\"Rackbeats ordbok | Rackbeat\",\"isPartOf\":{\"@id\":\"https:\/\/rackbeat.com\/no\/#website\"},\"datePublished\":\"2024-03-07T10:48:51+00:00\",\"dateModified\":\"2024-04-24T13:52:31+00:00\",\"description\":\"Rackbeats omfattende ordbok: Din beste ressurs for \u00e5 forst\u00e5 begreper relatert til lagerstyring. F\u00e5 tydelige definisjoner og innsikt i alt som er relatert til lager.\",\"breadcrumb\":{\"@id\":\"https:\/\/rackbeat.com\/no\/ordbok\/#breadcrumb\"},\"inLanguage\":\"no\",\"potentialAction\":[{\"@type\":\"ReadAction\",\"target\":[\"https:\/\/rackbeat.com\/no\/ordbok\/\"]}]},{\"@type\":\"BreadcrumbList\",\"@id\":\"https:\/\/rackbeat.com\/no\/ordbok\/#breadcrumb\",\"itemListElement\":[{\"@type\":\"ListItem\",\"position\":1,\"name\":\"Forside\",\"item\":\"https:\/\/rackbeat.com\/no\/\"},{\"@type\":\"ListItem\",\"position\":2,\"name\":\"Ordbok\"}]},{\"@type\":\"WebSite\",\"@id\":\"https:\/\/rackbeat.com\/no\/#website\",\"url\":\"https:\/\/rackbeat.com\/no\/\",\"name\":\"Rackbeat\",\"description\":\"Effektiv lagerstyring\",\"publisher\":{\"@id\":\"https:\/\/rackbeat.com\/no\/#organization\"},\"potentialAction\":[{\"@type\":\"SearchAction\",\"target\":{\"@type\":\"EntryPoint\",\"urlTemplate\":\"https:\/\/rackbeat.com\/no\/?s={search_term_string}\"},\"query-input\":{\"@type\":\"PropertyValueSpecification\",\"valueRequired\":true,\"valueName\":\"search_term_string\"}}],\"inLanguage\":\"no\"},{\"@type\":\"Organization\",\"@id\":\"https:\/\/rackbeat.com\/no\/#organization\",\"name\":\"Rackbeat\",\"url\":\"https:\/\/rackbeat.com\/no\/\",\"logo\":{\"@type\":\"ImageObject\",\"inLanguage\":\"no\",\"@id\":\"https:\/\/rackbeat.com\/no\/#\/schema\/logo\/image\/\",\"url\":\"\",\"contentUrl\":\"\",\"caption\":\"Rackbeat\"},\"image\":{\"@id\":\"https:\/\/rackbeat.com\/no\/#\/schema\/logo\/image\/\"}}]}<\/script>\n<!-- \/ Yoast SEO Premium plugin. -->","yoast_head_json":{"title":"Rackbeats ordbok | Rackbeat","description":"Rackbeats omfattende ordbok: Din beste ressurs for \u00e5 forst\u00e5 begreper relatert til lagerstyring. F\u00e5 tydelige definisjoner og innsikt i alt som er relatert til lager.","robots":{"index":"index","follow":"follow","max-snippet":"max-snippet:-1","max-image-preview":"max-image-preview:large","max-video-preview":"max-video-preview:-1"},"canonical":"https:\/\/rackbeat.com\/no\/ordbok\/","og_locale":"en_US","og_type":"article","og_title":"Ordbok","og_description":"Rackbeats omfattende ordbok: Din beste ressurs for \u00e5 forst\u00e5 begreper relatert til lagerstyring. F\u00e5 tydelige definisjoner og innsikt i alt som er relatert til lager.","og_url":"https:\/\/rackbeat.com\/no\/ordbok\/","og_site_name":"Rackbeat","article_modified_time":"2024-04-24T13:52:31+00:00","twitter_card":"summary_large_image","schema":{"@context":"https:\/\/schema.org","@graph":[{"@type":"WebPage","@id":"https:\/\/rackbeat.com\/no\/ordbok\/","url":"https:\/\/rackbeat.com\/no\/ordbok\/","name":"Rackbeats ordbok | Rackbeat","isPartOf":{"@id":"https:\/\/rackbeat.com\/no\/#website"},"datePublished":"2024-03-07T10:48:51+00:00","dateModified":"2024-04-24T13:52:31+00:00","description":"Rackbeats omfattende ordbok: Din beste ressurs for \u00e5 forst\u00e5 begreper relatert til lagerstyring. F\u00e5 tydelige definisjoner og innsikt i alt som er relatert til lager.","breadcrumb":{"@id":"https:\/\/rackbeat.com\/no\/ordbok\/#breadcrumb"},"inLanguage":"no","potentialAction":[{"@type":"ReadAction","target":["https:\/\/rackbeat.com\/no\/ordbok\/"]}]},{"@type":"BreadcrumbList","@id":"https:\/\/rackbeat.com\/no\/ordbok\/#breadcrumb","itemListElement":[{"@type":"ListItem","position":1,"name":"Forside","item":"https:\/\/rackbeat.com\/no\/"},{"@type":"ListItem","position":2,"name":"Ordbok"}]},{"@type":"WebSite","@id":"https:\/\/rackbeat.com\/no\/#website","url":"https:\/\/rackbeat.com\/no\/","name":"Rackbeat","description":"Effektiv lagerstyring","publisher":{"@id":"https:\/\/rackbeat.com\/no\/#organization"},"potentialAction":[{"@type":"SearchAction","target":{"@type":"EntryPoint","urlTemplate":"https:\/\/rackbeat.com\/no\/?s={search_term_string}"},"query-input":{"@type":"PropertyValueSpecification","valueRequired":true,"valueName":"search_term_string"}}],"inLanguage":"no"},{"@type":"Organization","@id":"https:\/\/rackbeat.com\/no\/#organization","name":"Rackbeat","url":"https:\/\/rackbeat.com\/no\/","logo":{"@type":"ImageObject","inLanguage":"no","@id":"https:\/\/rackbeat.com\/no\/#\/schema\/logo\/image\/","url":"","contentUrl":"","caption":"Rackbeat"},"image":{"@id":"https:\/\/rackbeat.com\/no\/#\/schema\/logo\/image\/"}}]}},"ACF":{"custom_content_script":"","title":"Rackbeats lagerstyringsordbok","description":"Det kan v\u00e6re vanskelig \u00e5 navigere seg gjennom alle begrepene innen lagerstyring, ordreh\u00e5ndtering og vareuttrykk. Derfor har vi laget en ordbok som gir deg en dypere forst\u00e5else av hva alt betyr.","custom_head_script":""},"_links":{"self":[{"href":"https:\/\/rackbeat.com\/no\/wp-json\/wp\/v2\/pages\/21660","targetHints":{"allow":["GET"]}}],"collection":[{"href":"https:\/\/rackbeat.com\/no\/wp-json\/wp\/v2\/pages"}],"about":[{"href":"https:\/\/rackbeat.com\/no\/wp-json\/wp\/v2\/types\/page"}],"author":[{"embeddable":true,"href":"https:\/\/rackbeat.com\/no\/wp-json\/wp\/v2\/users\/1"}],"replies":[{"embeddable":true,"href":"https:\/\/rackbeat.com\/no\/wp-json\/wp\/v2\/comments?post=21660"}],"version-history":[{"count":6,"href":"https:\/\/rackbeat.com\/no\/wp-json\/wp\/v2\/pages\/21660\/revisions"}],"predecessor-version":[{"id":23341,"href":"https:\/\/rackbeat.com\/no\/wp-json\/wp\/v2\/pages\/21660\/revisions\/23341"}],"wp:attachment":[{"href":"https:\/\/rackbeat.com\/no\/wp-json\/wp\/v2\/media?parent=21660"}],"curies":[{"name":"wp","href":"https:\/\/api.w.org\/{rel}","templated":true}]}}