{"id":19583,"date":"2023-12-07T10:49:31","date_gmt":"2023-12-07T09:49:31","guid":{"rendered":"https:\/\/rackbeat.com\/?page_id=19583"},"modified":"2025-01-24T16:20:00","modified_gmt":"2025-01-24T14:20:00","slug":"engroshandel","status":"publish","type":"page","link":"https:\/\/rackbeat.com\/no\/engroshandel\/","title":{"rendered":"Engroshandel"},"content":{"rendered":"","protected":false},"excerpt":{"rendered":"","protected":false},"author":2,"featured_media":0,"parent":0,"menu_order":0,"comment_status":"closed","ping_status":"closed","template":"page-templates\/dynamic-template.php","meta":{"content-type":"","inline_featured_image":false,"footnotes":""},"class_list":["post-19583","page","type-page","status-publish","hentry"],"yoast_head":"<!-- This site is optimized with the Yoast SEO Premium plugin v20.0 (Yoast SEO v25.9) - https:\/\/yoast.com\/wordpress\/plugins\/seo\/ -->\n<title>Lagerstyring for grossistbedrifter | Fra kundebestilling til fakturering<\/title>\n<meta name=\"description\" content=\"Identifiserer dine beste og d\u00e5rligste solgte produkter med en oversikt over hele forsyningen, fra innkj\u00f8p og salg til levering til kunden din.\" \/>\n<meta name=\"robots\" content=\"index, follow, max-snippet:-1, max-image-preview:large, max-video-preview:-1\" \/>\n<link rel=\"canonical\" href=\"https:\/\/rackbeat.com\/no\/engroshandel\/\" \/>\n<meta property=\"og:locale\" content=\"en_US\" \/>\n<meta property=\"og:type\" content=\"article\" \/>\n<meta property=\"og:title\" content=\"Engroshandel\" \/>\n<meta property=\"og:description\" content=\"Identifiserer dine beste og d\u00e5rligste solgte produkter med en oversikt over hele forsyningen, fra innkj\u00f8p og salg til levering til kunden din.\" \/>\n<meta property=\"og:url\" content=\"https:\/\/rackbeat.com\/no\/engroshandel\/\" \/>\n<meta property=\"og:site_name\" content=\"Rackbeat\" \/>\n<meta property=\"article:modified_time\" content=\"2025-01-24T14:20:00+00:00\" \/>\n<meta name=\"twitter:card\" content=\"summary_large_image\" \/>\n<script type=\"application\/ld+json\" class=\"yoast-schema-graph\">{\"@context\":\"https:\/\/schema.org\",\"@graph\":[{\"@type\":\"WebPage\",\"@id\":\"https:\/\/rackbeat.com\/no\/engroshandel\/\",\"url\":\"https:\/\/rackbeat.com\/no\/engroshandel\/\",\"name\":\"Lagerstyring for grossistbedrifter | Fra kundebestilling til fakturering\",\"isPartOf\":{\"@id\":\"https:\/\/rackbeat.com\/no\/#website\"},\"datePublished\":\"2023-12-07T09:49:31+00:00\",\"dateModified\":\"2025-01-24T14:20:00+00:00\",\"description\":\"Identifiserer dine beste og d\u00e5rligste solgte produkter med en oversikt over hele forsyningen, fra innkj\u00f8p og salg til levering til kunden din.\",\"breadcrumb\":{\"@id\":\"https:\/\/rackbeat.com\/no\/engroshandel\/#breadcrumb\"},\"inLanguage\":\"no\",\"potentialAction\":[{\"@type\":\"ReadAction\",\"target\":[\"https:\/\/rackbeat.com\/no\/engroshandel\/\"]}]},{\"@type\":\"BreadcrumbList\",\"@id\":\"https:\/\/rackbeat.com\/no\/engroshandel\/#breadcrumb\",\"itemListElement\":[{\"@type\":\"ListItem\",\"position\":1,\"name\":\"Forside\",\"item\":\"https:\/\/rackbeat.com\/no\/\"},{\"@type\":\"ListItem\",\"position\":2,\"name\":\"Engroshandel\"}]},{\"@type\":\"WebSite\",\"@id\":\"https:\/\/rackbeat.com\/no\/#website\",\"url\":\"https:\/\/rackbeat.com\/no\/\",\"name\":\"Rackbeat\",\"description\":\"Effektiv lagerstyring\",\"publisher\":{\"@id\":\"https:\/\/rackbeat.com\/no\/#organization\"},\"potentialAction\":[{\"@type\":\"SearchAction\",\"target\":{\"@type\":\"EntryPoint\",\"urlTemplate\":\"https:\/\/rackbeat.com\/no\/?s={search_term_string}\"},\"query-input\":{\"@type\":\"PropertyValueSpecification\",\"valueRequired\":true,\"valueName\":\"search_term_string\"}}],\"inLanguage\":\"no\"},{\"@type\":\"Organization\",\"@id\":\"https:\/\/rackbeat.com\/no\/#organization\",\"name\":\"Rackbeat\",\"url\":\"https:\/\/rackbeat.com\/no\/\",\"logo\":{\"@type\":\"ImageObject\",\"inLanguage\":\"no\",\"@id\":\"https:\/\/rackbeat.com\/no\/#\/schema\/logo\/image\/\",\"url\":\"\",\"contentUrl\":\"\",\"caption\":\"Rackbeat\"},\"image\":{\"@id\":\"https:\/\/rackbeat.com\/no\/#\/schema\/logo\/image\/\"}}]}<\/script>\n<!-- \/ Yoast SEO Premium plugin. -->","yoast_head_json":{"title":"Lagerstyring for grossistbedrifter | Fra kundebestilling til fakturering","description":"Identifiserer dine beste og d\u00e5rligste solgte produkter med en oversikt over hele forsyningen, fra innkj\u00f8p og salg til levering til kunden din.","robots":{"index":"index","follow":"follow","max-snippet":"max-snippet:-1","max-image-preview":"max-image-preview:large","max-video-preview":"max-video-preview:-1"},"canonical":"https:\/\/rackbeat.com\/no\/engroshandel\/","og_locale":"en_US","og_type":"article","og_title":"Engroshandel","og_description":"Identifiserer dine beste og d\u00e5rligste solgte produkter med en oversikt over hele forsyningen, fra innkj\u00f8p og salg til levering til kunden din.","og_url":"https:\/\/rackbeat.com\/no\/engroshandel\/","og_site_name":"Rackbeat","article_modified_time":"2025-01-24T14:20:00+00:00","twitter_card":"summary_large_image","schema":{"@context":"https:\/\/schema.org","@graph":[{"@type":"WebPage","@id":"https:\/\/rackbeat.com\/no\/engroshandel\/","url":"https:\/\/rackbeat.com\/no\/engroshandel\/","name":"Lagerstyring for grossistbedrifter | Fra kundebestilling til fakturering","isPartOf":{"@id":"https:\/\/rackbeat.com\/no\/#website"},"datePublished":"2023-12-07T09:49:31+00:00","dateModified":"2025-01-24T14:20:00+00:00","description":"Identifiserer dine beste og d\u00e5rligste solgte produkter med en oversikt over hele forsyningen, fra innkj\u00f8p og salg til levering til kunden din.","breadcrumb":{"@id":"https:\/\/rackbeat.com\/no\/engroshandel\/#breadcrumb"},"inLanguage":"no","potentialAction":[{"@type":"ReadAction","target":["https:\/\/rackbeat.com\/no\/engroshandel\/"]}]},{"@type":"BreadcrumbList","@id":"https:\/\/rackbeat.com\/no\/engroshandel\/#breadcrumb","itemListElement":[{"@type":"ListItem","position":1,"name":"Forside","item":"https:\/\/rackbeat.com\/no\/"},{"@type":"ListItem","position":2,"name":"Engroshandel"}]},{"@type":"WebSite","@id":"https:\/\/rackbeat.com\/no\/#website","url":"https:\/\/rackbeat.com\/no\/","name":"Rackbeat","description":"Effektiv lagerstyring","publisher":{"@id":"https:\/\/rackbeat.com\/no\/#organization"},"potentialAction":[{"@type":"SearchAction","target":{"@type":"EntryPoint","urlTemplate":"https:\/\/rackbeat.com\/no\/?s={search_term_string}"},"query-input":{"@type":"PropertyValueSpecification","valueRequired":true,"valueName":"search_term_string"}}],"inLanguage":"no"},{"@type":"Organization","@id":"https:\/\/rackbeat.com\/no\/#organization","name":"Rackbeat","url":"https:\/\/rackbeat.com\/no\/","logo":{"@type":"ImageObject","inLanguage":"no","@id":"https:\/\/rackbeat.com\/no\/#\/schema\/logo\/image\/","url":"","contentUrl":"","caption":"Rackbeat"},"image":{"@id":"https:\/\/rackbeat.com\/no\/#\/schema\/logo\/image\/"}}]}},"ACF":{"custom_content_script":"","custom_head_script":"","dynamic_sections":[{"acf_fc_layout":"text_image_section","image":"https:\/\/rackbeat.com\/wp-content\/uploads\/2023\/11\/Engros-4-3.png","image_video":"","title_type":"h1","section_title":"Lagerstyring for grossistbedrifter","section_content":"<p>F\u00e5 en detaljert oversikt over din lagerbeholdning i sanntid og f\u00f8lg varebevegelsene dine fra det \u00f8yeblikket du foretar et kj\u00f8p og registrerer mottak av varer, til du oppretter en salgsordre som leveres til kunden.<\/p>\n<p>&nbsp;<\/p>\n<p>Med Rackbeats lagerstyring for engrosvirksomheter f\u00e5r du alt du trenger samlet p\u00e5 en brukervennlig plattform: plukk, pakk, fakturer og send i \u00e9n s\u00f8ml\u00f8s arbeidsflyt. Systemet gir deg anbefalinger for nye bestillinger, integrerer lageret ditt med regnskap, frakt og nettbutikk, og lar deg generere salgsrapporter \u2013 alt for \u00e5 effektivisere driften din.<\/p>\n<p>&nbsp;<\/p>\n<p><!--HubSpot Call-to-Action Code --><span id=\"hs-cta-wrapper-f7cedfd4-732b-4692-952f-b4c60912deb1\" class=\"hs-cta-wrapper\"><span id=\"hs-cta-f7cedfd4-732b-4692-952f-b4c60912deb1\" class=\"hs-cta-node hs-cta-f7cedfd4-732b-4692-952f-b4c60912deb1\"><!-- [if lte IE 8]>\n\n\n<div id=\"hs-cta-ie-element\"><\/div>\n\n\n<![endif]--><a href=\"https:\/\/cta-redirect.hubspot.com\/cta\/redirect\/20251362\/f7cedfd4-732b-4692-952f-b4c60912deb1\"><img decoding=\"async\" id=\"hs-cta-img-f7cedfd4-732b-4692-952f-b4c60912deb1\" class=\"hs-cta-img\" style=\"border-width: 0px;\" src=\"https:\/\/no-cache.hubspot.com\/cta\/default\/20251362\/f7cedfd4-732b-4692-952f-b4c60912deb1.png\" alt=\"PR\u00d8V GRATIS\" \/><\/a><\/span><script charset=\"utf-8\" src=\"https:\/\/js.hscta.net\/cta\/current.js\"><\/script><script type=\"text\/javascript\"> hbspt.cta.load(20251362, 'f7cedfd4-732b-4692-952f-b4c60912deb1', {\"useNewLoader\":\"true\",\"region\":\"na1\"}); <\/script><\/span><!-- end HubSpot Call-to-Action Code --><\/p>\n","button_text":"","button_url":""},{"acf_fc_layout":"image_textboxes_section","align_introduction_text":false,"section_title":"Samle innkj\u00f8p, lagerbeholdning og salgsordrer i ett lagersystem","section_description":"<p>Hvis du s\u00f8ker mer kontroll, organisering og samling i virksomheten din, gir Rackbeats lagerstyringsprogram deg akkurat det du trenger. V\u00e5rt system automatiserer mange prosesser knyttet til lagerdriften din, effektiviserer ordreh\u00e5ndteringen og gir deg oversikt over varebevegelsene dine. Konkret f\u00e5r du blant annet:<\/p>\n","textboxes":[{"title":"Direkte oppdateringer p\u00e5 varelageret i sanntid","content":"<p>S\u00e5 snart et kj\u00f8p eller salg registreres, vil lagerbeholdningen din automatisk oppdateres. I produktoversikten kan du deretter se hvor mange varer som er p\u00e5 lager, inng\u00e5r i en p\u00e5g\u00e5ende ordre, er tilgjengelige og er bestilt. Hvis en vare g\u00e5r tapt, forsvinner eller utl\u00f8per, kan du ogs\u00e5 foreta en regulering med det samme for \u00e5 sikre at lagerbeholdningen stemmer.<\/p>\n","image":"https:\/\/rackbeat.com\/wp-content\/uploads\/2023\/12\/Engros-2-Norsk.png"},{"title":"Innkj\u00f8psh\u00e5ndtering med leverand\u00f8roversikt","content":"<p>Du kan gj\u00f8re alle innkj\u00f8pene dine og registrere mottak av varer i Rackbeat med v\u00e5r innkj\u00f8psh\u00e5ndtering. Dette betyr ogs\u00e5 at du vil f\u00e5 en full oversikt over leverand\u00f8rene dine, deres organisasjonsnummer, valuta, momsone osv. Herfra kan du ogs\u00e5 kommunisere med leverand\u00f8ren din og legge inn en bestilling med det samme.<\/p>\n","image":"https:\/\/rackbeat.com\/wp-content\/uploads\/2023\/12\/Engros-3-Norsk-Blue.png"},{"title":"360 graders oversikt over salgsordrene dine","content":"<p>Du f\u00e5r muligheten til \u00e5 styre salgsordrene dine hele veien fra leverand\u00f8ren til kunden. N\u00e5r du har bestilt varer, kan du umiddelbart sende et tilbud til kunden din eller opprette en salgsordre. P\u00e5 samme tid kan du begynne \u00e5 plukke, pakke og sende en faktura. Og du kan alltid f\u00f8lge statusen til alle ordrene i ordreoversikten.<\/p>\n","image":"https:\/\/rackbeat.com\/wp-content\/uploads\/2023\/12\/Engros-4.svg"},{"title":"Mulighet for mobil lagerstyring","content":"<p>Hvis du eller dine ansatte \u00f8nsker \u00e5 optimalisere lagerdriften og ordrebehandlingen ytterligere, vil v\u00e5r mobilapp sette ekstra fart i prosessen. Med den kan du nemlig registrere mottak av varer, plukke, pakke og sende ordrer, gj\u00f8re varetellinger, regulere antall varer osv. direkte fra gulvet. Les mer om appen v\u00e5r <a href=\"https:\/\/rackbeat.com\/no\/mobilbruker\/\">her<\/a>.<\/p>\n","image":"https:\/\/rackbeat.com\/wp-content\/uploads\/2023\/11\/Frontpage-Mobil-2.png"},{"title":"Plassering av ordre direkte i systemet med B2b-modul","content":"<p>Med v\u00e5rt <a href=\"https:\/\/rackbeat.com\/no\/b2b-modul\/\">B2B-modul<\/a> kan du opprette brukerkontoer til alle (eller bare noen f\u00e5) av kundene dine. P\u00e5 denne m\u00e5ten kan de f\u00e5 tilgang til portalen din og se hvor mye de kan kj\u00f8pe, prisene deres, og kommunisere direkte med salgsrepresentanten knyttet til bestillingen.<\/p>\n","image":"https:\/\/rackbeat.com\/wp-content\/uploads\/2023\/12\/Engros-5-All.png"}]},{"acf_fc_layout":"short_description","align_introduction_text":false,"section_background_color":"","short_description_heading":"Hvordan styrker Rackbeat akkurat din virksomheten?","short_description_content":"<p>&nbsp;<\/p>\n<p>Ingen virksomheter er like. Enten du jobber med flere lagringssteder, har et spesifikt frakt- eller regnskapssystem som m\u00e5 samkj\u00f8res med lageret, eller jonglerer med ulike valutaer, vil vi tilpasse Rackbeat til arbeidsflytene dine for \u00e5 optimalisere virksomheten din i stedet for \u00e5 endre den. Se selv hvordan systemet v\u00e5rt passer inn i din daglige drift med en gratis presentasjon.<\/p>\n<p>&nbsp;<\/p>\n<p><!--HubSpot Call-to-Action Code --><span id=\"hs-cta-wrapper-e0fb1eff-1607-4ea2-ade9-7e6c6b6e19ff\" class=\"hs-cta-wrapper\"><span id=\"hs-cta-e0fb1eff-1607-4ea2-ade9-7e6c6b6e19ff\" class=\"hs-cta-node hs-cta-e0fb1eff-1607-4ea2-ade9-7e6c6b6e19ff\"><!-- [if lte IE 8]>\n\n\n<div id=\"hs-cta-ie-element\"><\/div>\n\n\n<![endif]--><a href=\"https:\/\/cta-redirect.hubspot.com\/cta\/redirect\/20251362\/e0fb1eff-1607-4ea2-ade9-7e6c6b6e19ff\"><img decoding=\"async\" id=\"hs-cta-img-e0fb1eff-1607-4ea2-ade9-7e6c6b6e19ff\" class=\"hs-cta-img\" style=\"border-width: 0px;\" src=\"https:\/\/no-cache.hubspot.com\/cta\/default\/20251362\/e0fb1eff-1607-4ea2-ade9-7e6c6b6e19ff.png\" alt=\"Bestill en demo\" \/><\/a><\/span><script charset=\"utf-8\" src=\"https:\/\/js.hscta.net\/cta\/current.js\"><\/script><script type=\"text\/javascript\"> hbspt.cta.load(20251362, 'e0fb1eff-1607-4ea2-ade9-7e6c6b6e19ff', {\"useNewLoader\":\"true\",\"region\":\"na1\"}); <\/script><\/span><!-- end HubSpot Call-to-Action Code --><\/p>\n","image_boxes":false},{"acf_fc_layout":"text_image_section","image":"https:\/\/rackbeat.com\/wp-content\/uploads\/2023\/01\/BananaCase-01.png","image_video":"","title_type":"h1","section_title":"Reduser arbeidet og \u00f8k hastigheten p\u00e5 ordrebehandlingen som Banana CPH","section_content":"<p>&#8220;Den n\u00f8kkelfunksjonen vi trenger er egentlig ordreh\u00e5ndtering. Rackbeat gir rett og slett en mye bedre oversikt enn det vi har opplevd tidligere med andre. Det kreves veldig f\u00e5 trinn for \u00e5 fullf\u00f8re en slik ordresyklus. Det er mye mindre arbeid med \u00e5 h\u00e5ndtere ordre med Rackbeat enn det var tidligere.&#8221; <strong>&#8211; Thomas Barton, COO hos Banana CPH.<\/strong><\/p>\n<p>&nbsp;<\/p>\n","button_text":"Les hele historien","button_url":"https:\/\/rackbeat.com\/no\/case-stories\/banana-cph\/"},{"acf_fc_layout":"integrations","title":""}]},"_links":{"self":[{"href":"https:\/\/rackbeat.com\/no\/wp-json\/wp\/v2\/pages\/19583","targetHints":{"allow":["GET"]}}],"collection":[{"href":"https:\/\/rackbeat.com\/no\/wp-json\/wp\/v2\/pages"}],"about":[{"href":"https:\/\/rackbeat.com\/no\/wp-json\/wp\/v2\/types\/page"}],"author":[{"embeddable":true,"href":"https:\/\/rackbeat.com\/no\/wp-json\/wp\/v2\/users\/2"}],"replies":[{"embeddable":true,"href":"https:\/\/rackbeat.com\/no\/wp-json\/wp\/v2\/comments?post=19583"}],"version-history":[{"count":10,"href":"https:\/\/rackbeat.com\/no\/wp-json\/wp\/v2\/pages\/19583\/revisions"}],"predecessor-version":[{"id":29004,"href":"https:\/\/rackbeat.com\/no\/wp-json\/wp\/v2\/pages\/19583\/revisions\/29004"}],"wp:attachment":[{"href":"https:\/\/rackbeat.com\/no\/wp-json\/wp\/v2\/media?parent=19583"}],"curies":[{"name":"wp","href":"https:\/\/api.w.org\/{rel}","templated":true}]}}