{"id":19182,"date":"2023-12-05T12:55:27","date_gmt":"2023-12-05T11:55:27","guid":{"rendered":"https:\/\/rackbeat.com\/?page_id=19182"},"modified":"2025-01-28T14:45:03","modified_gmt":"2025-01-28T12:45:03","slug":"produksjon","status":"publish","type":"page","link":"https:\/\/rackbeat.com\/no\/produksjon\/","title":{"rendered":"Produksjon"},"content":{"rendered":"","protected":false},"excerpt":{"rendered":"","protected":false},"author":2,"featured_media":0,"parent":0,"menu_order":0,"comment_status":"closed","ping_status":"closed","template":"page-templates\/dynamic-template.php","meta":{"content-type":"","inline_featured_image":false,"footnotes":""},"class_list":["post-19182","page","type-page","status-publish","hentry"],"yoast_head":"<!-- This site is optimized with the Yoast SEO Premium plugin v20.0 (Yoast SEO v25.9) - https:\/\/yoast.com\/wordpress\/plugins\/seo\/ -->\n<title>Skap effektiv flyt for produksjonen din med lagerstyring | Rackbeat<\/title>\n<meta name=\"description\" content=\"F\u00e5 oversikt over virksomhetens produksjon med Rackbeats programvare for produksjonsstyring. Les mer om produksjonsplanlegging og -styring her.\" \/>\n<meta name=\"robots\" content=\"index, follow, max-snippet:-1, max-image-preview:large, max-video-preview:-1\" \/>\n<link rel=\"canonical\" href=\"https:\/\/rackbeat.com\/no\/produksjon\/\" \/>\n<meta property=\"og:locale\" content=\"en_US\" \/>\n<meta property=\"og:type\" content=\"article\" \/>\n<meta property=\"og:title\" content=\"Produksjon\" \/>\n<meta property=\"og:description\" content=\"F\u00e5 oversikt over virksomhetens produksjon med Rackbeats programvare for produksjonsstyring. Les mer om produksjonsplanlegging og -styring her.\" \/>\n<meta property=\"og:url\" content=\"https:\/\/rackbeat.com\/no\/produksjon\/\" \/>\n<meta property=\"og:site_name\" content=\"Rackbeat\" \/>\n<meta property=\"article:modified_time\" content=\"2025-01-28T12:45:03+00:00\" \/>\n<meta name=\"twitter:card\" content=\"summary_large_image\" \/>\n<script type=\"application\/ld+json\" class=\"yoast-schema-graph\">{\"@context\":\"https:\/\/schema.org\",\"@graph\":[{\"@type\":\"WebPage\",\"@id\":\"https:\/\/rackbeat.com\/no\/produksjon\/\",\"url\":\"https:\/\/rackbeat.com\/no\/produksjon\/\",\"name\":\"Skap effektiv flyt for produksjonen din med lagerstyring | Rackbeat\",\"isPartOf\":{\"@id\":\"https:\/\/rackbeat.com\/no\/#website\"},\"datePublished\":\"2023-12-05T11:55:27+00:00\",\"dateModified\":\"2025-01-28T12:45:03+00:00\",\"description\":\"F\u00e5 oversikt over virksomhetens produksjon med Rackbeats programvare for produksjonsstyring. Les mer om produksjonsplanlegging og -styring her.\",\"breadcrumb\":{\"@id\":\"https:\/\/rackbeat.com\/no\/produksjon\/#breadcrumb\"},\"inLanguage\":\"no\",\"potentialAction\":[{\"@type\":\"ReadAction\",\"target\":[\"https:\/\/rackbeat.com\/no\/produksjon\/\"]}]},{\"@type\":\"BreadcrumbList\",\"@id\":\"https:\/\/rackbeat.com\/no\/produksjon\/#breadcrumb\",\"itemListElement\":[{\"@type\":\"ListItem\",\"position\":1,\"name\":\"Forside\",\"item\":\"https:\/\/rackbeat.com\/no\/\"},{\"@type\":\"ListItem\",\"position\":2,\"name\":\"Produksjon\"}]},{\"@type\":\"WebSite\",\"@id\":\"https:\/\/rackbeat.com\/no\/#website\",\"url\":\"https:\/\/rackbeat.com\/no\/\",\"name\":\"Rackbeat\",\"description\":\"Effektiv lagerstyring\",\"publisher\":{\"@id\":\"https:\/\/rackbeat.com\/no\/#organization\"},\"potentialAction\":[{\"@type\":\"SearchAction\",\"target\":{\"@type\":\"EntryPoint\",\"urlTemplate\":\"https:\/\/rackbeat.com\/no\/?s={search_term_string}\"},\"query-input\":{\"@type\":\"PropertyValueSpecification\",\"valueRequired\":true,\"valueName\":\"search_term_string\"}}],\"inLanguage\":\"no\"},{\"@type\":\"Organization\",\"@id\":\"https:\/\/rackbeat.com\/no\/#organization\",\"name\":\"Rackbeat\",\"url\":\"https:\/\/rackbeat.com\/no\/\",\"logo\":{\"@type\":\"ImageObject\",\"inLanguage\":\"no\",\"@id\":\"https:\/\/rackbeat.com\/no\/#\/schema\/logo\/image\/\",\"url\":\"\",\"contentUrl\":\"\",\"caption\":\"Rackbeat\"},\"image\":{\"@id\":\"https:\/\/rackbeat.com\/no\/#\/schema\/logo\/image\/\"}}]}<\/script>\n<!-- \/ Yoast SEO Premium plugin. -->","yoast_head_json":{"title":"Skap effektiv flyt for produksjonen din med lagerstyring | Rackbeat","description":"F\u00e5 oversikt over virksomhetens produksjon med Rackbeats programvare for produksjonsstyring. Les mer om produksjonsplanlegging og -styring her.","robots":{"index":"index","follow":"follow","max-snippet":"max-snippet:-1","max-image-preview":"max-image-preview:large","max-video-preview":"max-video-preview:-1"},"canonical":"https:\/\/rackbeat.com\/no\/produksjon\/","og_locale":"en_US","og_type":"article","og_title":"Produksjon","og_description":"F\u00e5 oversikt over virksomhetens produksjon med Rackbeats programvare for produksjonsstyring. Les mer om produksjonsplanlegging og -styring her.","og_url":"https:\/\/rackbeat.com\/no\/produksjon\/","og_site_name":"Rackbeat","article_modified_time":"2025-01-28T12:45:03+00:00","twitter_card":"summary_large_image","schema":{"@context":"https:\/\/schema.org","@graph":[{"@type":"WebPage","@id":"https:\/\/rackbeat.com\/no\/produksjon\/","url":"https:\/\/rackbeat.com\/no\/produksjon\/","name":"Skap effektiv flyt for produksjonen din med lagerstyring | Rackbeat","isPartOf":{"@id":"https:\/\/rackbeat.com\/no\/#website"},"datePublished":"2023-12-05T11:55:27+00:00","dateModified":"2025-01-28T12:45:03+00:00","description":"F\u00e5 oversikt over virksomhetens produksjon med Rackbeats programvare for produksjonsstyring. Les mer om produksjonsplanlegging og -styring her.","breadcrumb":{"@id":"https:\/\/rackbeat.com\/no\/produksjon\/#breadcrumb"},"inLanguage":"no","potentialAction":[{"@type":"ReadAction","target":["https:\/\/rackbeat.com\/no\/produksjon\/"]}]},{"@type":"BreadcrumbList","@id":"https:\/\/rackbeat.com\/no\/produksjon\/#breadcrumb","itemListElement":[{"@type":"ListItem","position":1,"name":"Forside","item":"https:\/\/rackbeat.com\/no\/"},{"@type":"ListItem","position":2,"name":"Produksjon"}]},{"@type":"WebSite","@id":"https:\/\/rackbeat.com\/no\/#website","url":"https:\/\/rackbeat.com\/no\/","name":"Rackbeat","description":"Effektiv lagerstyring","publisher":{"@id":"https:\/\/rackbeat.com\/no\/#organization"},"potentialAction":[{"@type":"SearchAction","target":{"@type":"EntryPoint","urlTemplate":"https:\/\/rackbeat.com\/no\/?s={search_term_string}"},"query-input":{"@type":"PropertyValueSpecification","valueRequired":true,"valueName":"search_term_string"}}],"inLanguage":"no"},{"@type":"Organization","@id":"https:\/\/rackbeat.com\/no\/#organization","name":"Rackbeat","url":"https:\/\/rackbeat.com\/no\/","logo":{"@type":"ImageObject","inLanguage":"no","@id":"https:\/\/rackbeat.com\/no\/#\/schema\/logo\/image\/","url":"","contentUrl":"","caption":"Rackbeat"},"image":{"@id":"https:\/\/rackbeat.com\/no\/#\/schema\/logo\/image\/"}}]}},"ACF":{"custom_content_script":"","custom_head_script":"","dynamic_sections":[{"acf_fc_layout":"text_image_section","image":"https:\/\/rackbeat.com\/wp-content\/uploads\/2023\/11\/Engros-1-1.png","image_video":"","title_type":"h1","section_title":"Lagerstyring for produksjon","section_content":"<p>Har du digitale ambisjoner for bedriften din, men mangler bedre samspill mellom lager og produksjon? Rackbeats lagerstyringsprogram hjelper deg med \u00e5 effektivisere ressursbruken \u2013 inkludert ansatte, tid og materialer \u2013 for \u00e5 sikre en optimal produksjonsflyt.<\/p>\n<p>&nbsp;<\/p>\n<p>Du f\u00e5r et solid grep om alle aktivitetene som p\u00e5virker produksjonen av det ferdige produktet. Dette inkluderer bestillingen, mottakelsen, monteringen og sendingen av produktene dine. Rackbeat trer inn for \u00e5 str\u00f8mlinjeforme produksjonsprosessen og s\u00f8rge for at produksjonen din er s\u00f8ml\u00f8st koordinert med salg og lagerdrift.<\/p>\n<p>&nbsp;<\/p>\n<p><!--HubSpot Call-to-Action Code --><span id=\"hs-cta-wrapper-f7cedfd4-732b-4692-952f-b4c60912deb1\" class=\"hs-cta-wrapper\"><span id=\"hs-cta-f7cedfd4-732b-4692-952f-b4c60912deb1\" class=\"hs-cta-node hs-cta-f7cedfd4-732b-4692-952f-b4c60912deb1\"><!-- [if lte IE 8]>\n\n\n<div id=\"hs-cta-ie-element\"><\/div>\n\n\n<![endif]--><a href=\"https:\/\/cta-redirect.hubspot.com\/cta\/redirect\/20251362\/f7cedfd4-732b-4692-952f-b4c60912deb1\"><img decoding=\"async\" id=\"hs-cta-img-f7cedfd4-732b-4692-952f-b4c60912deb1\" class=\"hs-cta-img\" style=\"border-width: 0px;\" src=\"https:\/\/no-cache.hubspot.com\/cta\/default\/20251362\/f7cedfd4-732b-4692-952f-b4c60912deb1.png\" alt=\"PR\u00d8V GRATIS\" \/><\/a><\/span><script charset=\"utf-8\" src=\"https:\/\/js.hscta.net\/cta\/current.js\"><\/script><script type=\"text\/javascript\"> hbspt.cta.load(20251362, 'f7cedfd4-732b-4692-952f-b4c60912deb1', {\"useNewLoader\":\"true\",\"region\":\"na1\"}); <\/script><\/span><!-- end HubSpot Call-to-Action Code --><\/p>\n","button_text":"","button_url":""},{"acf_fc_layout":"image_textboxes_section","align_introduction_text":false,"section_title":"Gi produksjonen din et l\u00f8ft med Rackbeats lagersystem","section_description":"<p>Det er mange sm\u00e5 prosesser som m\u00e5 spille sammen for at kunden din skal kunne motta bestillingen sin i tide, og for at hjulene i produksjonen skal g\u00e5 rundt. Noen av disse prosessene handler om \u00e5 ha kontroll p\u00e5 vareflyten din, slik at det er nok varer til \u00e5 starte en ny produksjon. Andre avhenger av \u00e5 ha en detaljert oversikt over produksjonsordrene dine og materialene som inng\u00e5r. Rackbeat samler prosessene dine slik at du f\u00e5r:<\/p>\n","textboxes":[{"title":"Oppdateringer p\u00e5 lagerbeholdningen i sanntid","content":"<p>For \u00e5 unng\u00e5 produksjonsstopp er det viktig \u00e5 alltid ha full oversikt over lagerbeholdningen, slik at du kan sikre at du har nok varer til \u00e5 starte produksjonen. Rackbeat oppdaterer lagerbeholdningen din hver gang du registrerer en varemottakelse eller gj\u00f8r et salg &#8211; og du kan til og med motta p\u00e5minnelser om \u00e5 bestille p\u00e5 nytt n\u00e5r minimumsgrensen for en spesifikk vare er n\u00e5dd.<\/p>\n","image":"https:\/\/rackbeat.com\/wp-content\/uploads\/2023\/12\/Produktion-2-Norsk.png"},{"title":"Total oversikt over produksjonsprosessen","content":"<p>Du kan alltid f\u00e5 tilgang til b\u00e5de fullf\u00f8rte og p\u00e5g\u00e5ende produksjonsordrer &#8211; uansett om du er p\u00e5 lageret, p\u00e5 farten, eller sitter p\u00e5 kontoret. Inne i produksjonsoversikten kan du f\u00e5 kontroll p\u00e5 ordrenumrene, produktene, kundene, medarbeideren som er ansvarlig for produksjonen, produksjonsstatusen og forventet leveringsdato. Og hvis det mangler noen produkter til en spesifikk ordre, kan du gj\u00f8re en innkj\u00f8psordre med det samme.<\/p>\n","image":"https:\/\/rackbeat.com\/wp-content\/uploads\/2023\/12\/Produktion-3-Norsk.png"},{"title":"Strukturvarer","content":"<p>De fleste produksjoner av ferdigvarer best\u00e5r av en samling delkomponenter &#8211; og de kan du holde oversikt over i Rackbeat, da du har muligheten til \u00e5 opprette strukturvarer. Hvis du for eksempel skal montere en sykkel, kan du opprette en strukturvare med alle produktene som inng\u00e5r i produksjonen: styret, hjulene, kjedet, pedalene osv. Samtidig kan du se hvor mange som er p\u00e5 lager og i ordre, samt salgsprisen, kostprisen, osv.<\/p>\n","image":"https:\/\/rackbeat.com\/wp-content\/uploads\/2023\/12\/Produktion-4-Norsk.png"}]},{"acf_fc_layout":"short_description","align_introduction_text":false,"section_background_color":"","short_description_heading":"Derfor b\u00f8r du bruke et lagersystem for din produksjonsplanlegging","short_description_content":"<p>&nbsp;<\/p>\n<p>Hvis du velger \u00e5 samle hele produksjonsflyten din i et lagerstyringssystem i stedet for regneark, optimaliserer du gjennoml\u00f8pstiden i produksjonen din. Dette betyr at du raskt kan identifisere avvik og forsinkelser i produksjonen, slik at du unng\u00e5r at mindre feil blir sv\u00e6rt kostbare.<\/p>\n<p>&nbsp;<\/p>\n<p>N\u00e5r du alltid har en oppdatert oversikt over produksjonene dine, vil du heller aldri produsere mer enn det som er n\u00f8dvendig. Samtidig vil du bli varslet hver gang du trenger \u00e5 produsere nye ferdigvarer. Og hvis det legges inn en ordre som inkluderer en vare som ikke er p\u00e5 lager for \u00f8yeblikket, gir Rackbeat deg beskjed om at et innkj\u00f8p er n\u00f8dvendig for \u00e5 im\u00f8tekomme ordren. <strong>Det er derfor mange fordeler ved \u00e5 velge et lagersystem i stedet for et regneark for produksjonen din, som for eksempel:<\/strong><\/p>\n","image_boxes":[{"image":"https:\/\/rackbeat.com\/wp-content\/uploads\/2023\/12\/NumbersGraphics-RB-1.svg","title":"<p>Besparelser p\u00e5 arbeidstimer som brukes p\u00e5 \u00e5 vedlikeholde regnearket, siden et lagersystem automatiserer registreringen av dine varebevegelser<\/p>\n"},{"image":"https:\/\/rackbeat.com\/wp-content\/uploads\/2023\/12\/NumbersGraphics-RB-2.svg","title":"<p>Str\u00f8mlinjeforming av produksjonen, fordi relevante medarbeidere kan f\u00e5 en helhetlig oversikt over produksjonen og ikke m\u00e5 slite med regnearkformler<\/p>\n"},{"image":"https:\/\/rackbeat.com\/wp-content\/uploads\/2023\/12\/NumbersGraphics-RB-3.svg","title":"<p>Hjelp til \u00e5 f\u00e5 mest ut av produksjonskapasiteten, da du kan generere historiske rapporter om salg, produksjonsordrer og innkj\u00f8p<\/p>\n"},{"image":"https:\/\/rackbeat.com\/wp-content\/uploads\/2023\/12\/NumbersGraphics-RB-4.svg","title":"<p>Mulighet for \u00e5 integrere produksjonen med frakt, regnskapssystemer, nettbutikk og mer, slik at du slipper dobbeltarbeid og un\u00f8dvendig oppdatering av flere systemer<\/p>\n"}]},{"acf_fc_layout":"text_image_section","image":false,"image_video":"","title_type":"h1","section_title":"Mangler du oversikt over produksjonen din? Det gj\u00f8r ikke Lars lenger","section_content":"<p>&#8220;Vi selger ingenting som ikke er opprettet i Rackbeat. Overhodet ikke. For da kan du alltid g\u00e5 tilbake og se hva kunden fikk for et halvt \u00e5r siden. Hva betalte han for det, hva var m\u00e5lene?<\/p>\n<p>&nbsp;<\/p>\n<p>Inne i Rackbeat lager jeg noe som kalles en produksjonsordre. Og den beskriver n\u00f8yaktig hva jeg har solgt og leveringsdatoene for ordrene. Alle fakturaer lages i Rackbeat, og alle ferdigvarelager h\u00e5ndteres ogs\u00e5 i Rackbeat.&#8221; <strong>&#8211; Lars Ingemann fra HC Betonelementer.<\/strong><\/p>\n<p>&nbsp;<\/p>\n","button_text":"Les hele historien","button_url":"https:\/\/rackbeat.com\/no\/case-stories\/hc-betonelementer\/"},{"acf_fc_layout":"cta_section","cta_image":"https:\/\/rackbeat.com\/wp-content\/uploads\/2023\/12\/Produktion-Finalsection-2.svg","cta_content":"<h2><span style=\"color: #14143f;\">Hvordan kan Rackbeat l\u00f8fte akkurat din produksjon?<\/span><\/h2>\n<p><span style=\"color: #14143f;\">Ingen bedrifter er like. For noen er det essensielt \u00e5 kunne spore de individuelle varene som inng\u00e5r i produksjonen &#8211; for eksempel partier eller serienumre. Andre er helt n\u00f8dt til \u00e5 bruke strukturvarer eller varesamlinger for \u00e5 optimalisere produksjonen.<\/span><\/p>\n<p><span style=\"color: #14143f;\">Derfor anbefaler vi at du tar en uformell samtale med en av v\u00e5re produktspesialister, slik at vi kan skreddersy produksjonsstyringen etter dine behov. Etterp\u00e5 vil du f\u00e5 en online-presentasjon av Rackbeat basert p\u00e5 deres korte samtale.<\/span><\/p>\n","cta_button_text":"Bestill en gratis demo","cta_button_link":"https:\/\/rackbeat.com\/no\/bestill-en-demo\/","background_color":"#dbdbdd","text_color":"#FFF"},{"acf_fc_layout":"integrations","title":""}]},"_links":{"self":[{"href":"https:\/\/rackbeat.com\/no\/wp-json\/wp\/v2\/pages\/19182","targetHints":{"allow":["GET"]}}],"collection":[{"href":"https:\/\/rackbeat.com\/no\/wp-json\/wp\/v2\/pages"}],"about":[{"href":"https:\/\/rackbeat.com\/no\/wp-json\/wp\/v2\/types\/page"}],"author":[{"embeddable":true,"href":"https:\/\/rackbeat.com\/no\/wp-json\/wp\/v2\/users\/2"}],"replies":[{"embeddable":true,"href":"https:\/\/rackbeat.com\/no\/wp-json\/wp\/v2\/comments?post=19182"}],"version-history":[{"count":17,"href":"https:\/\/rackbeat.com\/no\/wp-json\/wp\/v2\/pages\/19182\/revisions"}],"predecessor-version":[{"id":29093,"href":"https:\/\/rackbeat.com\/no\/wp-json\/wp\/v2\/pages\/19182\/revisions\/29093"}],"wp:attachment":[{"href":"https:\/\/rackbeat.com\/no\/wp-json\/wp\/v2\/media?parent=19182"}],"curies":[{"name":"wp","href":"https:\/\/api.w.org\/{rel}","templated":true}]}}