{"id":18970,"date":"2023-12-04T11:07:30","date_gmt":"2023-12-04T10:07:30","guid":{"rendered":"https:\/\/rackbeat.com\/?page_id=18970"},"modified":"2025-04-28T09:40:23","modified_gmt":"2025-04-28T07:40:23","slug":"nettbutikk","status":"publish","type":"page","link":"https:\/\/rackbeat.com\/no\/nettbutikk\/","title":{"rendered":"Nettbutikk"},"content":{"rendered":"","protected":false},"excerpt":{"rendered":"","protected":false},"author":2,"featured_media":0,"parent":0,"menu_order":0,"comment_status":"closed","ping_status":"closed","template":"page-templates\/dynamic-template.php","meta":{"content-type":"","inline_featured_image":false,"footnotes":""},"class_list":["post-18970","page","type-page","status-publish","hentry"],"yoast_head":"<!-- This site is optimized with the Yoast SEO Premium plugin v20.0 (Yoast SEO v25.9) - https:\/\/yoast.com\/wordpress\/plugins\/seo\/ -->\n<title>Enkel og effektiv lagerstyring for nettbutikk | Rackbeat<\/title>\n<meta name=\"description\" content=\"F\u00e5 full oversikt over nettbutikkens varelager og lager med Rackbeat. Skreddersy lagerstyringen din med integrasjoner til WooCommerce og mange andre e-handelsplattformer.\" \/>\n<meta name=\"robots\" content=\"index, follow, max-snippet:-1, max-image-preview:large, max-video-preview:-1\" \/>\n<link rel=\"canonical\" href=\"https:\/\/rackbeat.com\/no\/nettbutikk\/\" \/>\n<meta property=\"og:locale\" content=\"en_US\" \/>\n<meta property=\"og:type\" content=\"article\" \/>\n<meta property=\"og:title\" content=\"Nettbutikk\" \/>\n<meta property=\"og:description\" content=\"F\u00e5 full oversikt over nettbutikkens varelager og lager med Rackbeat. Skreddersy lagerstyringen din med integrasjoner til WooCommerce og mange andre e-handelsplattformer.\" \/>\n<meta property=\"og:url\" content=\"https:\/\/rackbeat.com\/no\/nettbutikk\/\" \/>\n<meta property=\"og:site_name\" content=\"Rackbeat\" \/>\n<meta property=\"article:modified_time\" content=\"2025-04-28T07:40:23+00:00\" \/>\n<meta name=\"twitter:card\" content=\"summary_large_image\" \/>\n<script type=\"application\/ld+json\" class=\"yoast-schema-graph\">{\"@context\":\"https:\/\/schema.org\",\"@graph\":[{\"@type\":\"WebPage\",\"@id\":\"https:\/\/rackbeat.com\/no\/nettbutikk\/\",\"url\":\"https:\/\/rackbeat.com\/no\/nettbutikk\/\",\"name\":\"Enkel og effektiv lagerstyring for nettbutikk | Rackbeat\",\"isPartOf\":{\"@id\":\"https:\/\/rackbeat.com\/no\/#website\"},\"datePublished\":\"2023-12-04T10:07:30+00:00\",\"dateModified\":\"2025-04-28T07:40:23+00:00\",\"description\":\"F\u00e5 full oversikt over nettbutikkens varelager og lager med Rackbeat. Skreddersy lagerstyringen din med integrasjoner til WooCommerce og mange andre e-handelsplattformer.\",\"breadcrumb\":{\"@id\":\"https:\/\/rackbeat.com\/no\/nettbutikk\/#breadcrumb\"},\"inLanguage\":\"no\",\"potentialAction\":[{\"@type\":\"ReadAction\",\"target\":[\"https:\/\/rackbeat.com\/no\/nettbutikk\/\"]}]},{\"@type\":\"BreadcrumbList\",\"@id\":\"https:\/\/rackbeat.com\/no\/nettbutikk\/#breadcrumb\",\"itemListElement\":[{\"@type\":\"ListItem\",\"position\":1,\"name\":\"Forside\",\"item\":\"https:\/\/rackbeat.com\/no\/\"},{\"@type\":\"ListItem\",\"position\":2,\"name\":\"Nettbutikk\"}]},{\"@type\":\"WebSite\",\"@id\":\"https:\/\/rackbeat.com\/no\/#website\",\"url\":\"https:\/\/rackbeat.com\/no\/\",\"name\":\"Rackbeat\",\"description\":\"Effektiv lagerstyring\",\"publisher\":{\"@id\":\"https:\/\/rackbeat.com\/no\/#organization\"},\"potentialAction\":[{\"@type\":\"SearchAction\",\"target\":{\"@type\":\"EntryPoint\",\"urlTemplate\":\"https:\/\/rackbeat.com\/no\/?s={search_term_string}\"},\"query-input\":{\"@type\":\"PropertyValueSpecification\",\"valueRequired\":true,\"valueName\":\"search_term_string\"}}],\"inLanguage\":\"no\"},{\"@type\":\"Organization\",\"@id\":\"https:\/\/rackbeat.com\/no\/#organization\",\"name\":\"Rackbeat\",\"url\":\"https:\/\/rackbeat.com\/no\/\",\"logo\":{\"@type\":\"ImageObject\",\"inLanguage\":\"no\",\"@id\":\"https:\/\/rackbeat.com\/no\/#\/schema\/logo\/image\/\",\"url\":\"\",\"contentUrl\":\"\",\"caption\":\"Rackbeat\"},\"image\":{\"@id\":\"https:\/\/rackbeat.com\/no\/#\/schema\/logo\/image\/\"}}]}<\/script>\n<!-- \/ Yoast SEO Premium plugin. -->","yoast_head_json":{"title":"Enkel og effektiv lagerstyring for nettbutikk | Rackbeat","description":"F\u00e5 full oversikt over nettbutikkens varelager og lager med Rackbeat. Skreddersy lagerstyringen din med integrasjoner til WooCommerce og mange andre e-handelsplattformer.","robots":{"index":"index","follow":"follow","max-snippet":"max-snippet:-1","max-image-preview":"max-image-preview:large","max-video-preview":"max-video-preview:-1"},"canonical":"https:\/\/rackbeat.com\/no\/nettbutikk\/","og_locale":"en_US","og_type":"article","og_title":"Nettbutikk","og_description":"F\u00e5 full oversikt over nettbutikkens varelager og lager med Rackbeat. Skreddersy lagerstyringen din med integrasjoner til WooCommerce og mange andre e-handelsplattformer.","og_url":"https:\/\/rackbeat.com\/no\/nettbutikk\/","og_site_name":"Rackbeat","article_modified_time":"2025-04-28T07:40:23+00:00","twitter_card":"summary_large_image","schema":{"@context":"https:\/\/schema.org","@graph":[{"@type":"WebPage","@id":"https:\/\/rackbeat.com\/no\/nettbutikk\/","url":"https:\/\/rackbeat.com\/no\/nettbutikk\/","name":"Enkel og effektiv lagerstyring for nettbutikk | Rackbeat","isPartOf":{"@id":"https:\/\/rackbeat.com\/no\/#website"},"datePublished":"2023-12-04T10:07:30+00:00","dateModified":"2025-04-28T07:40:23+00:00","description":"F\u00e5 full oversikt over nettbutikkens varelager og lager med Rackbeat. Skreddersy lagerstyringen din med integrasjoner til WooCommerce og mange andre e-handelsplattformer.","breadcrumb":{"@id":"https:\/\/rackbeat.com\/no\/nettbutikk\/#breadcrumb"},"inLanguage":"no","potentialAction":[{"@type":"ReadAction","target":["https:\/\/rackbeat.com\/no\/nettbutikk\/"]}]},{"@type":"BreadcrumbList","@id":"https:\/\/rackbeat.com\/no\/nettbutikk\/#breadcrumb","itemListElement":[{"@type":"ListItem","position":1,"name":"Forside","item":"https:\/\/rackbeat.com\/no\/"},{"@type":"ListItem","position":2,"name":"Nettbutikk"}]},{"@type":"WebSite","@id":"https:\/\/rackbeat.com\/no\/#website","url":"https:\/\/rackbeat.com\/no\/","name":"Rackbeat","description":"Effektiv lagerstyring","publisher":{"@id":"https:\/\/rackbeat.com\/no\/#organization"},"potentialAction":[{"@type":"SearchAction","target":{"@type":"EntryPoint","urlTemplate":"https:\/\/rackbeat.com\/no\/?s={search_term_string}"},"query-input":{"@type":"PropertyValueSpecification","valueRequired":true,"valueName":"search_term_string"}}],"inLanguage":"no"},{"@type":"Organization","@id":"https:\/\/rackbeat.com\/no\/#organization","name":"Rackbeat","url":"https:\/\/rackbeat.com\/no\/","logo":{"@type":"ImageObject","inLanguage":"no","@id":"https:\/\/rackbeat.com\/no\/#\/schema\/logo\/image\/","url":"","contentUrl":"","caption":"Rackbeat"},"image":{"@id":"https:\/\/rackbeat.com\/no\/#\/schema\/logo\/image\/"}}]}},"ACF":{"custom_content_script":"","custom_head_script":"","dynamic_sections":[{"acf_fc_layout":"text_image_section","image":"https:\/\/rackbeat.com\/wp-content\/uploads\/2025\/04\/DigitaltLager.jpeg","image_video":"","title_type":"h1","section_title":"Opplev fordelene med effektiv lagerstyring for din nettbutikk","section_content":"<p>Rackbeats skybaserte lagerstyringssystem gir nettbutikken din en plattform som s\u00f8rger for at varene alltid er klare for dine kunder p\u00e5 nett. Du f\u00e5r tilgang til lagerdata i sanntid og en direkte kobling mellom lageret og nettbutikken, slik at du alltid kan v\u00e6re i forkant med varebestillinger og f\u00f8lge statusen p\u00e5 salgsordrene dine.<\/p>\n<p>&nbsp;<\/p>\n<p><strong>Du kan pr\u00f8ve Rackbeat gratis i 14 dager uten forpliktelser<\/strong> og se hvordan systemet v\u00e5rt kan optimalisere lagerdriften og salget for bedriften din.<\/p>\n<p>&nbsp;<\/p>\n<p><!--HubSpot Call-to-Action Code --><span id=\"hs-cta-wrapper-f7cedfd4-732b-4692-952f-b4c60912deb1\" class=\"hs-cta-wrapper\"><span id=\"hs-cta-f7cedfd4-732b-4692-952f-b4c60912deb1\" class=\"hs-cta-node hs-cta-f7cedfd4-732b-4692-952f-b4c60912deb1\"><!-- [if lte IE 8]>\n\n\n<div id=\"hs-cta-ie-element\"><\/div>\n\n\n<![endif]--><a href=\"https:\/\/cta-redirect.hubspot.com\/cta\/redirect\/20251362\/f7cedfd4-732b-4692-952f-b4c60912deb1\"><img decoding=\"async\" id=\"hs-cta-img-f7cedfd4-732b-4692-952f-b4c60912deb1\" class=\"hs-cta-img\" style=\"border-width: 0px;\" src=\"https:\/\/no-cache.hubspot.com\/cta\/default\/20251362\/f7cedfd4-732b-4692-952f-b4c60912deb1.png\" alt=\"PR\u00d8V GRATIS\" \/><\/a><\/span><script charset=\"utf-8\" src=\"https:\/\/js.hscta.net\/cta\/current.js\"><\/script><script type=\"text\/javascript\"> hbspt.cta.load(20251362, 'f7cedfd4-732b-4692-952f-b4c60912deb1', {\"useNewLoader\":\"true\",\"region\":\"na1\"}); <\/script><\/span><!-- end HubSpot Call-to-Action Code --><\/p>\n","button_text":"","button_url":""},{"acf_fc_layout":"image_textboxes_section","align_introduction_text":"center","section_title":"Koble lageret og nettbutikken til Rackbeat","section_description":"<p>N\u00e5r du driver en nettbutikk, er det avgj\u00f8rende at varene som er oppf\u00f8rt som tilgjengelige p\u00e5 nettet, ogs\u00e5 gjenspeiler den faktiske beholdningen. Samtidig er det viktig \u00e5 ha en omfattende oversikt over alle salgsordre som behandles p\u00e5 lageret. Dette sikrer at du alltid har muligheten til \u00e5 bestille nye varer og dermed im\u00f8tekomme ettersp\u00f8rselen. Med Rackbeat f\u00e5r du tilgang til f\u00f8lgende funksjoner som gj\u00f8r dette mulig:<\/p>\n","textboxes":[{"title":"Sanntidssynkronisering av lagerbeholdningen din","content":"<p>Vi synkroniserer nettbutikken og lageret ditt, slik at du alltid har oversikt over statusen til dine varegrupper, salgs- og kostpriser, produkter som inng\u00e5r i p\u00e5g\u00e5ende ordre, etterbestilte varer, osv. Men viktigst av alt: Din nettbutikk vil kunne oppdateres i sanntid med antallet varer som faktisk er tilgjengelige for nye salgsordre (det vil si minus produktene som inng\u00e5r i p\u00e5g\u00e5ende ordre).<\/p>\n","image":"https:\/\/rackbeat.com\/wp-content\/uploads\/2023\/12\/Webshop-Norsk-2.png"},{"title":"Sentralt punkt for dine salgsordrer","content":"<p>N\u00e5r en kunde legger inn en bestilling i nettbutikken, overf\u00f8res den automatisk til Rackbeat. Her har du en oversikt over alle tidligere og p\u00e5g\u00e5ende salgsordrer, inkludert ordrenumre, kundeinformasjon, status for bokf\u00f8ring, levering, leveringsdato og bel\u00f8p.<span style=\"text-decoration: underline;\"><span style=\"color: #609ed3; text-decoration: underline;\"> <a style=\"color: #609ed3; text-decoration: underline;\" href=\"https:\/\/rackbeat.com\/no\/integrasjoner\/\">Her<\/a> <\/span><\/span>kan du se hvilke nettbutikker Rackbeat kan integreres med.<\/p>\n","image":"https:\/\/rackbeat.com\/wp-content\/uploads\/2023\/12\/Webshop-Norsk-3.png"},{"title":"Mulighet for \u00e5 fullf\u00f8re hele ordrebehandlingen","content":"<p>Du kan fortsatt behandle salgsordrene dine direkte fra nettbutikken, dersom det er det du foretrekker. Med Rackbeats ordreoversikt kan du enkelt holde oversikt over ordrehistorikken, s\u00f8ke etter spesifikke ordrenumre eller filtrere etter en bestemt kunde. Alternativt kan du h\u00e5ndtere hele prosessen \u2013 fra plukking og pakking til fakturering \u2013 direkte i Rackbeat, som gir deg en komplett l\u00f8sning for ordreh\u00e5ndtering.<\/p>\n","image":false},{"title":"Problemfritt samarbeid med markedets ledende nettbutikk-leverand\u00f8rer","content":"<p>Rackbeat samarbeider s\u00f8ml\u00f8st med de mest brukte nettbutikk-leverand\u00f8rene, slik at lagerstyringen din alltid er oppdatert og synkronisert i sanntid. N\u00e5r en kunde legger inn en bestilling, overf\u00f8res dataen automatisk til Rackbeat, hvor du kan h\u00e5ndtere plukking, pakking og fakturering \u2013 helt uten manuelle prosesser.<\/p>\n<p>&nbsp;<\/p>\n<div class=\"flex max-w-full flex-col flex-grow\">\n<div class=\"min-h-8 text-message flex w-full flex-col items-end gap-2 whitespace-normal break-words text-start [.text-message+&amp;]:mt-5\" dir=\"auto\" data-message-author-role=\"assistant\" data-message-id=\"e72751bd-752c-4083-bf57-5811bbcbca4a\" data-message-model-slug=\"gpt-4o\">\n<div class=\"flex w-full flex-col gap-1 empty:hidden first:pt-[3px]\">\n<div class=\"markdown prose w-full break-words dark:prose-invert light\">\n<p><strong>Se alle v\u00e5re nettbutikk-integrasjoner<\/strong> <span style=\"color: #609ed3;\"><a style=\"color: #609ed3;\" href=\"https:\/\/rackbeat.com\/no\/integrasjoner\/\">her<\/a><\/span>.<\/p>\n<\/div>\n<\/div>\n<\/div>\n<\/div>\n","image":"https:\/\/rackbeat.com\/wp-content\/uploads\/2024\/02\/Grafik-5-blog-webshop.png"}]},{"acf_fc_layout":"image_text_section","section_title":"Ha kontroll p\u00e5 lageret ditt gjennom hele salgs- og innkj\u00f8psflyten","section_content":"<p>N\u00e5 kan du si farvel til magef\u00f8lelsene, gjettingen og regnearkene.<\/p>\n<p>For med Rackbeat kan du basere innkj\u00f8psstrategien din p\u00e5 tilpassede salgsrapporter og din n\u00e5v\u00e6rende lagerbeholdning, slik at du f\u00e5r et optimalt beslutningsgrunnlag som kan forbedre virksomheten din.<\/p>\n<p>F\u00e5 sanntidsoppdateringer om varebevegelser, anbefalinger om nybestilling n\u00e5r beholdningen er lav, og rapporter over historikken for innkj\u00f8p og salg.<\/p>\n<p>P\u00e5 denne m\u00e5ten gj\u00f8r vi virksomheten din mer datadrevet og tilpasningsdyktig, da du ikke lenger er avhengig av manuell lagerstyring eller antakelser om hvordan salg, lagerbeholdning og innkj\u00f8p har sett ut.<\/p>\n","image":"https:\/\/rackbeat.com\/wp-content\/uploads\/2023\/12\/Webshop-Norsk-5.png","button_text":"Pr\u00f8v lagerstyring til din nettbutikk helt gratis","button_url":"https:\/\/app.rackbeat.com\/freetrial?locale=no&hsCtaTracking=236979a2-bf68-425c-834b-873184f9f73c%7C55ff8244-45d1-46b4-906e-1b1e8253d3a2"},{"acf_fc_layout":"text_image_section","image":false,"image_video":"","title_type":"h1","section_title":"Gj\u00f8r Rackbeat til din mellommann, akkurat som DelsouX","section_content":"<p>&#8220;Det flotte med Rackbeat er: vi har en nettbutikk, vi har lageret v\u00e5rt, og vi har et regnskapssystem. Rackbeat sitter midt i mellom og er en god megler. Det gj\u00f8r jobben v\u00e5r veldig intuitiv og enkel fordi det kommuniserer med de andre programmene, og eliminerer behovet for manuelle transaksjoner. Og det sparer oss mye tid.&#8221;-<strong> Qais, DelsouX.<\/strong><\/p>\n<p>&nbsp;<\/p>\n<p>&nbsp;<\/p>\n","button_text":"Les hele historien","button_url":"https:\/\/rackbeat.com\/no\/case-stories\/delsoux\/"},{"acf_fc_layout":"cta_section","cta_image":"https:\/\/rackbeat.com\/wp-content\/uploads\/2023\/12\/Webshop-All-6.svg","cta_content":"<h2><span style=\"color: #14143f;\">Med Rackbeat f\u00e5r du skreddersydd lagerstyring for bedriftens spesifikke behov<\/span><\/h2>\n<p><span style=\"color: #14143f;\">Vi tilbyr en rekke funksjoner som kan tilpasses ulike arbeidsflyter, og Rackbeat kan kobles til de mest brukte systemene innen \u00f8konomi, POS, frakt og drift av nettbutikker.<\/span><\/p>\n<p><span style=\"color: #14143f;\">Vil du se hvor mye enklere arbeidsflytene dine blir n\u00e5r Rackbeat integreres med oppsettet ditt? F\u00e5 en gratis presentasjon av Rackbeat fra en av v\u00e5re produktekspert &#8211; selvf\u00f8lgelig med bedriften din i sentrum.<\/span><\/p>\n<p>&nbsp;<\/p>\n","cta_button_text":"Bestill en gratis demo","cta_button_link":"https:\/\/rackbeat.com\/no\/bestill-en-demo\/","background_color":"#dbdbdd","text_color":"#FFF"},{"acf_fc_layout":"integrations","title":""}]},"_links":{"self":[{"href":"https:\/\/rackbeat.com\/no\/wp-json\/wp\/v2\/pages\/18970","targetHints":{"allow":["GET"]}}],"collection":[{"href":"https:\/\/rackbeat.com\/no\/wp-json\/wp\/v2\/pages"}],"about":[{"href":"https:\/\/rackbeat.com\/no\/wp-json\/wp\/v2\/types\/page"}],"author":[{"embeddable":true,"href":"https:\/\/rackbeat.com\/no\/wp-json\/wp\/v2\/users\/2"}],"replies":[{"embeddable":true,"href":"https:\/\/rackbeat.com\/no\/wp-json\/wp\/v2\/comments?post=18970"}],"version-history":[{"count":19,"href":"https:\/\/rackbeat.com\/no\/wp-json\/wp\/v2\/pages\/18970\/revisions"}],"predecessor-version":[{"id":30756,"href":"https:\/\/rackbeat.com\/no\/wp-json\/wp\/v2\/pages\/18970\/revisions\/30756"}],"wp:attachment":[{"href":"https:\/\/rackbeat.com\/no\/wp-json\/wp\/v2\/media?parent=18970"}],"curies":[{"name":"wp","href":"https:\/\/api.w.org\/{rel}","templated":true}]}}