{"id":1799,"date":"2022-03-21T12:16:47","date_gmt":"2022-03-21T12:16:47","guid":{"rendered":"https:\/\/rackbeat.digitalpresent.mk\/partnership-contact\/"},"modified":"2024-12-12T11:20:59","modified_gmt":"2024-12-12T09:20:59","slug":"partnerskap","status":"publish","type":"page","link":"https:\/\/rackbeat.com\/no\/partnerskap\/","title":{"rendered":"Bli Rackbeat-partner og gi kundene dine en fremtidssikker og fleksibel lagerl\u00f8sning"},"content":{"rendered":"<p>Er du digital konsulent, revisor eller bokholder er dette en unik mulighet til \u00e5 \u00f8ke kompetansene dine innen lager og logistikk. Dette slik at du kan tilf\u00f8ye enda mer verdi for dine kunder. Ved \u00e5 bli Rackbeat-partner surfer du p\u00e5 den digitale b\u00f8lge, du blir eksperten som SMB&#8217;er leter etter i dag.<\/p>\n<p>Med Rackbeats datastyrte og skybaserte lagerl\u00f8sning f\u00e5r kundene dine:<\/p>\n<ul>\n<li><em>En effektiv og fremtidssikker lager og logistikk styring<\/em>, da alle de viktigste n\u00f8kkeltall og prognoser oppdateres i realtid og lagres i den digitale skyen.<\/li>\n<li><em>En fleksibel lagerl\u00f8sning<\/em>. Med v\u00e5re abonnementer og tilleggsmoduler kan vi skreddersy systemet til deres egne arbeidsganger. Kundene dine har alltid muligheten til \u00e5 kj\u00f8pe flere moduler, i takt med at bedriften vokser.Rackbeat kan dessuten integreres med det meste av styringssoftware, slik som webshop, POS eller \u00f8konomisystem, dette siden det er et \u00e5pent API.<\/li>\n<li><em>Et komplett overblikk over innkj\u00f8p, salg og lagerbeholdning blir tilgjengelig rett i h\u00e5nden<\/em>. P\u00e5 denne m\u00e5te kan kundene dine hele tiden tilpasse ettersp\u00f8rselen, samt unng\u00e5 h\u00f8ye lagerbindinger og dermed \u00f8ke egen vekst.<\/li>\n<\/ul>\n<p>&nbsp;<\/p>\n<h2>Ta Rackbeats sertifisering, og bli lager-ekspert p\u00e5 en uke<\/h2>\n<p>&nbsp;<\/p>\n<p>Hvis du vil dykke dypere ned i partnerskapet med Rackbeat, kan du med fordel ta v\u00e5r Rackbeat-sertifisering. Sertifiseringen gjennomf\u00f8res p\u00e5 en uke og n\u00e5r det er ferdiggjort kan du kalle deg selv for Rackbeat-ekspert.<\/p>\n<p>Du vil uansett alltid ha tilgang til katalogen v\u00e5r som er full av nyttig informasjon om lagerstyringssystemmet v\u00e5rt. Det vil si at selvom du gjennomf\u00f8rer sertifisering vil du aldri st\u00e5 alene med sp\u00f8rsm\u00e5l, du alltid kan benytte deg av v\u00e5r kunnskap.<\/p>\n<p>F\u00f8ler du etter sertifiseringen at du er fullstendig fagkyndig i Rackbeat, kan du ogs\u00e5 velge \u00e5 st\u00e5 for onboardingen av dine egne kunder, slik at de kan begynne \u00e5 bruke Rackbeat med en gang.<\/p>\n<p>&nbsp;<\/p>\n\n\t\t<!--HubSpot Call-to-Action Code -->\n\t\t<span class=\"hs-cta-wrapper\" id=\"hs-cta-wrapper-3b431b6e-f536-4693-9151-2de1ccda3bf2\">\n\t\t<span class=\"hs-cta-node hs-cta-3b431b6e-f536-4693-9151-2de1ccda3bf2\" id=\"3b431b6e-f536-4693-9151-2de1ccda3bf2\">\n\t\t<!--[if lte IE 8]>\n\t\t<div id=\"hs-cta-ie-element\"><\/div>\n\t\t<![endif]-->\n\t\t<a href=\"https:\/\/cta-redirect.hubspot.com\/cta\/redirect\/20251362\/3b431b6e-f536-4693-9151-2de1ccda3bf2\" >\n\t\t<img decoding=\"async\" class=\"hs-cta-img\" id=\"hs-cta-img-3b431b6e-f536-4693-9151-2de1ccda3bf2\" style=\"border-width:0px;\" src=\"https:\/\/no-cache.hubspot.com\/cta\/default\/20251362\/3b431b6e-f536-4693-9151-2de1ccda3bf2.png\"  alt=\"New call-to-action\"\/>\n\t\t<\/a>\n\t\t<\/span>\n\t\t<script charset=\"utf-8\" src=\"\/\/js.hubspot.com\/cta\/current.js\"><\/script>\n\t\t<script>\n\t\thbspt.cta.load(20251362, '3b431b6e-f536-4693-9151-2de1ccda3bf2', {});\n\t\t<\/script>\n\t\t<\/span>\n\t\t<!-- end HubSpot Call-to-Action Code -->\n\t\t\n","protected":false},"excerpt":{"rendered":"<p>Er du digital konsulent, revisor eller bokholder er dette en unik mulighet til \u00e5 \u00f8ke kompetansene dine innen lager og logistikk. Dette slik at du kan tilf\u00f8ye enda mer verdi for dine kunder. Ved \u00e5 bli Rackbeat-partner surfer du p\u00e5 den digitale b\u00f8lge, du blir eksperten som SMB&#8217;er leter etter i dag. Med Rackbeats datastyrte [&hellip;]<\/p>\n","protected":false},"author":1,"featured_media":0,"parent":0,"menu_order":0,"comment_status":"closed","ping_status":"closed","template":"page-templates\/partnership-contact.php","meta":{"content-type":"","inline_featured_image":false,"footnotes":""},"class_list":["post-1799","page","type-page","status-publish","hentry"],"yoast_head":"<!-- This site is optimized with the Yoast SEO Premium plugin v20.0 (Yoast SEO v25.9) - https:\/\/yoast.com\/wordpress\/plugins\/seo\/ -->\n<title>Interessert i et Bli Rackbeat-partner og gi kundene dine en fremtidssikker og fleksibel lagerl\u00f8sning? | Rackbeat<\/title>\n<meta name=\"description\" content=\"Vi gj\u00f8r det enkelt \u00e5 identifisere, beregne og kommunisere n\u00f8dvendig informasjon p\u00e5 tvers av plattformer. Oppretthold og styrk kunderelasjoner med Rackbeat.\" \/>\n<meta name=\"robots\" content=\"index, follow, max-snippet:-1, max-image-preview:large, max-video-preview:-1\" \/>\n<link rel=\"canonical\" href=\"https:\/\/rackbeat.com\/no\/partnerskap\/\" \/>\n<meta property=\"og:locale\" content=\"en_US\" \/>\n<meta property=\"og:type\" content=\"article\" \/>\n<meta property=\"og:title\" content=\"Bli Rackbeat-partner og gi kundene dine en fremtidssikker og fleksibel lagerl\u00f8sning\" \/>\n<meta property=\"og:description\" content=\"Vi gj\u00f8r det enkelt \u00e5 identifisere, beregne og kommunisere n\u00f8dvendig informasjon p\u00e5 tvers av plattformer. Oppretthold og styrk kunderelasjoner med Rackbeat.\" \/>\n<meta property=\"og:url\" content=\"https:\/\/rackbeat.com\/no\/partnerskap\/\" \/>\n<meta property=\"og:site_name\" content=\"Rackbeat\" \/>\n<meta property=\"article:modified_time\" content=\"2024-12-12T09:20:59+00:00\" \/>\n<meta name=\"twitter:card\" content=\"summary_large_image\" \/>\n<meta name=\"twitter:label1\" content=\"Est. reading time\" \/>\n\t<meta name=\"twitter:data1\" content=\"2 minutes\" \/>\n<script type=\"application\/ld+json\" class=\"yoast-schema-graph\">{\"@context\":\"https:\/\/schema.org\",\"@graph\":[{\"@type\":\"WebPage\",\"@id\":\"https:\/\/rackbeat.com\/no\/partnerskap\/\",\"url\":\"https:\/\/rackbeat.com\/no\/partnerskap\/\",\"name\":\"Interessert i et Bli Rackbeat-partner og gi kundene dine en fremtidssikker og fleksibel lagerl\u00f8sning? | Rackbeat\",\"isPartOf\":{\"@id\":\"https:\/\/rackbeat.com\/no\/#website\"},\"datePublished\":\"2022-03-21T12:16:47+00:00\",\"dateModified\":\"2024-12-12T09:20:59+00:00\",\"description\":\"Vi gj\u00f8r det enkelt \u00e5 identifisere, beregne og kommunisere n\u00f8dvendig informasjon p\u00e5 tvers av plattformer. Oppretthold og styrk kunderelasjoner med Rackbeat.\",\"breadcrumb\":{\"@id\":\"https:\/\/rackbeat.com\/no\/partnerskap\/#breadcrumb\"},\"inLanguage\":\"no\",\"potentialAction\":[{\"@type\":\"ReadAction\",\"target\":[\"https:\/\/rackbeat.com\/no\/partnerskap\/\"]}]},{\"@type\":\"BreadcrumbList\",\"@id\":\"https:\/\/rackbeat.com\/no\/partnerskap\/#breadcrumb\",\"itemListElement\":[{\"@type\":\"ListItem\",\"position\":1,\"name\":\"Forside\",\"item\":\"https:\/\/rackbeat.com\/no\/\"},{\"@type\":\"ListItem\",\"position\":2,\"name\":\"Bli Rackbeat-partner og gi kundene dine en fremtidssikker og fleksibel lagerl\u00f8sning\"}]},{\"@type\":\"WebSite\",\"@id\":\"https:\/\/rackbeat.com\/no\/#website\",\"url\":\"https:\/\/rackbeat.com\/no\/\",\"name\":\"Rackbeat\",\"description\":\"Effektiv lagerstyring\",\"publisher\":{\"@id\":\"https:\/\/rackbeat.com\/no\/#organization\"},\"potentialAction\":[{\"@type\":\"SearchAction\",\"target\":{\"@type\":\"EntryPoint\",\"urlTemplate\":\"https:\/\/rackbeat.com\/no\/?s={search_term_string}\"},\"query-input\":{\"@type\":\"PropertyValueSpecification\",\"valueRequired\":true,\"valueName\":\"search_term_string\"}}],\"inLanguage\":\"no\"},{\"@type\":\"Organization\",\"@id\":\"https:\/\/rackbeat.com\/no\/#organization\",\"name\":\"Rackbeat\",\"url\":\"https:\/\/rackbeat.com\/no\/\",\"logo\":{\"@type\":\"ImageObject\",\"inLanguage\":\"no\",\"@id\":\"https:\/\/rackbeat.com\/no\/#\/schema\/logo\/image\/\",\"url\":\"\",\"contentUrl\":\"\",\"caption\":\"Rackbeat\"},\"image\":{\"@id\":\"https:\/\/rackbeat.com\/no\/#\/schema\/logo\/image\/\"}}]}<\/script>\n<!-- \/ Yoast SEO Premium plugin. -->","yoast_head_json":{"title":"Interessert i et Bli Rackbeat-partner og gi kundene dine en fremtidssikker og fleksibel lagerl\u00f8sning? | Rackbeat","description":"Vi gj\u00f8r det enkelt \u00e5 identifisere, beregne og kommunisere n\u00f8dvendig informasjon p\u00e5 tvers av plattformer. Oppretthold og styrk kunderelasjoner med Rackbeat.","robots":{"index":"index","follow":"follow","max-snippet":"max-snippet:-1","max-image-preview":"max-image-preview:large","max-video-preview":"max-video-preview:-1"},"canonical":"https:\/\/rackbeat.com\/no\/partnerskap\/","og_locale":"en_US","og_type":"article","og_title":"Bli Rackbeat-partner og gi kundene dine en fremtidssikker og fleksibel lagerl\u00f8sning","og_description":"Vi gj\u00f8r det enkelt \u00e5 identifisere, beregne og kommunisere n\u00f8dvendig informasjon p\u00e5 tvers av plattformer. Oppretthold og styrk kunderelasjoner med Rackbeat.","og_url":"https:\/\/rackbeat.com\/no\/partnerskap\/","og_site_name":"Rackbeat","article_modified_time":"2024-12-12T09:20:59+00:00","twitter_card":"summary_large_image","twitter_misc":{"Est. reading time":"2 minutes"},"schema":{"@context":"https:\/\/schema.org","@graph":[{"@type":"WebPage","@id":"https:\/\/rackbeat.com\/no\/partnerskap\/","url":"https:\/\/rackbeat.com\/no\/partnerskap\/","name":"Interessert i et Bli Rackbeat-partner og gi kundene dine en fremtidssikker og fleksibel lagerl\u00f8sning? | Rackbeat","isPartOf":{"@id":"https:\/\/rackbeat.com\/no\/#website"},"datePublished":"2022-03-21T12:16:47+00:00","dateModified":"2024-12-12T09:20:59+00:00","description":"Vi gj\u00f8r det enkelt \u00e5 identifisere, beregne og kommunisere n\u00f8dvendig informasjon p\u00e5 tvers av plattformer. Oppretthold og styrk kunderelasjoner med Rackbeat.","breadcrumb":{"@id":"https:\/\/rackbeat.com\/no\/partnerskap\/#breadcrumb"},"inLanguage":"no","potentialAction":[{"@type":"ReadAction","target":["https:\/\/rackbeat.com\/no\/partnerskap\/"]}]},{"@type":"BreadcrumbList","@id":"https:\/\/rackbeat.com\/no\/partnerskap\/#breadcrumb","itemListElement":[{"@type":"ListItem","position":1,"name":"Forside","item":"https:\/\/rackbeat.com\/no\/"},{"@type":"ListItem","position":2,"name":"Bli Rackbeat-partner og gi kundene dine en fremtidssikker og fleksibel lagerl\u00f8sning"}]},{"@type":"WebSite","@id":"https:\/\/rackbeat.com\/no\/#website","url":"https:\/\/rackbeat.com\/no\/","name":"Rackbeat","description":"Effektiv lagerstyring","publisher":{"@id":"https:\/\/rackbeat.com\/no\/#organization"},"potentialAction":[{"@type":"SearchAction","target":{"@type":"EntryPoint","urlTemplate":"https:\/\/rackbeat.com\/no\/?s={search_term_string}"},"query-input":{"@type":"PropertyValueSpecification","valueRequired":true,"valueName":"search_term_string"}}],"inLanguage":"no"},{"@type":"Organization","@id":"https:\/\/rackbeat.com\/no\/#organization","name":"Rackbeat","url":"https:\/\/rackbeat.com\/no\/","logo":{"@type":"ImageObject","inLanguage":"no","@id":"https:\/\/rackbeat.com\/no\/#\/schema\/logo\/image\/","url":"","contentUrl":"","caption":"Rackbeat"},"image":{"@id":"https:\/\/rackbeat.com\/no\/#\/schema\/logo\/image\/"}}]}},"ACF":{"video_embed":"","phone_number":"+47 21 60 78 09 ","email":"partner@rackbeat.com","address":"Karenslyst all\u00e9 56, 0277 Oslo","working_days":"","working_hours":"09:00-15:00","contact_form_shortcode":"[hubspot type=\"form\" portal=\"20251362\" id=\"84d02335-91ca-4a7d-b857-64353537c7c7\"]","slider_title":"N\u00e5v\u00e6rende partnere","image_boxes_slider":[{"image":"https:\/\/rackbeat.com\/wp-content\/uploads\/2022\/08\/PO_horisontal_pos_R.png","link":"https:\/\/www.poweroffice.no\/"},{"image":"https:\/\/rackbeat.com\/wp-content\/uploads\/2022\/03\/Tripletex-logo-transparent-1.png","link":"https:\/\/www.tripletex.no\/"},{"image":"https:\/\/rackbeat.com\/wp-content\/uploads\/2022\/12\/Addvant_logo-01.png","link":"https:\/\/addvant.no\/"},{"image":"https:\/\/rackbeat.com\/wp-content\/uploads\/2022\/04\/pwc.png","link":"https:\/\/www.pwc.dk\/"},{"image":"https:\/\/rackbeat.com\/wp-content\/uploads\/2022\/02\/e-conomic_primary_logo_pos_rgb.png","link":"https:\/\/www.e-conomic.dk\/"},{"image":"https:\/\/rackbeat.com\/wp-content\/uploads\/2022\/04\/ekontoret.png","link":"https:\/\/www.ekontoret.dk\/"},{"image":"https:\/\/rackbeat.com\/wp-content\/uploads\/2022\/04\/Logo-CMYK-1.png","link":"https:\/\/cereda.dk\/"},{"image":"https:\/\/rackbeat.com\/wp-content\/uploads\/2022\/04\/Foreningen-danske-revisorer-logo.png","link":"https:\/\/fdr.dk\/"},{"image":"https:\/\/rackbeat.com\/wp-content\/uploads\/2022\/02\/Shopbox-logo1-e1648555715565.png","link":"https:\/\/shopbox.com\/"},{"image":"https:\/\/rackbeat.com\/wp-content\/uploads\/2022\/02\/CUSTOMER1ST_LOGO_RGB_BLAA.png","link":"https:\/\/c1st.com\/"},{"image":"https:\/\/rackbeat.com\/wp-content\/uploads\/2022\/02\/dinero-logo.png","link":"https:\/\/dinero.dk\/"},{"image":"https:\/\/rackbeat.com\/wp-content\/uploads\/2022\/04\/digitalist_logo3.png","link":"https:\/\/digitalist.dk\/"},{"image":"https:\/\/rackbeat.com\/wp-content\/uploads\/2022\/02\/Ordrestyring_logo_black_large-1.png","link":"https:\/\/ordrestyring.no\/"}],"image_content":false,"custom_head_script":"","contact_form_title":"Du kan kontakte oss p\u00e5 dette skjemaet","contact_image":false},"_links":{"self":[{"href":"https:\/\/rackbeat.com\/no\/wp-json\/wp\/v2\/pages\/1799","targetHints":{"allow":["GET"]}}],"collection":[{"href":"https:\/\/rackbeat.com\/no\/wp-json\/wp\/v2\/pages"}],"about":[{"href":"https:\/\/rackbeat.com\/no\/wp-json\/wp\/v2\/types\/page"}],"author":[{"embeddable":true,"href":"https:\/\/rackbeat.com\/no\/wp-json\/wp\/v2\/users\/1"}],"replies":[{"embeddable":true,"href":"https:\/\/rackbeat.com\/no\/wp-json\/wp\/v2\/comments?post=1799"}],"version-history":[{"count":31,"href":"https:\/\/rackbeat.com\/no\/wp-json\/wp\/v2\/pages\/1799\/revisions"}],"predecessor-version":[{"id":10285,"href":"https:\/\/rackbeat.com\/no\/wp-json\/wp\/v2\/pages\/1799\/revisions\/10285"}],"wp:attachment":[{"href":"https:\/\/rackbeat.com\/no\/wp-json\/wp\/v2\/media?parent=1799"}],"curies":[{"name":"wp","href":"https:\/\/api.w.org\/{rel}","templated":true}]}}