{"id":17460,"date":"2023-10-26T15:51:22","date_gmt":"2023-10-26T14:51:22","guid":{"rendered":"https:\/\/rackbeat.com\/?page_id=17460"},"modified":"2026-04-07T12:49:28","modified_gmt":"2026-04-07T10:49:28","slug":"homepage","status":"publish","type":"page","link":"https:\/\/rackbeat.com\/no\/","title":{"rendered":"Homepage"},"content":{"rendered":"","protected":false},"excerpt":{"rendered":"","protected":false},"author":2,"featured_media":0,"parent":0,"menu_order":0,"comment_status":"closed","ping_status":"closed","template":"page-templates\/dynamic-template.php","meta":{"content-type":"","inline_featured_image":false,"footnotes":""},"class_list":["post-17460","page","type-page","status-publish","hentry"],"yoast_head":"<!-- This site is optimized with the Yoast SEO Premium plugin v20.0 (Yoast SEO v25.9) - https:\/\/yoast.com\/wordpress\/plugins\/seo\/ -->\n<title>Lagerstyringssystem for din bedrift | Rackbeat<\/title>\n<meta name=\"description\" content=\"Skap en oversikt over lageret ditt med Rackbeats skybaserte lagerstyringssystem. Vi tilbyr brukervennlig og effektiv IMS og WMS lagerstyring for din bedrift.\" \/>\n<meta name=\"robots\" content=\"index, follow, max-snippet:-1, max-image-preview:large, max-video-preview:-1\" \/>\n<link rel=\"canonical\" href=\"https:\/\/rackbeat.com\/no\/\" \/>\n<meta property=\"og:locale\" content=\"en_US\" \/>\n<meta property=\"og:type\" content=\"article\" \/>\n<meta property=\"og:title\" content=\"Homepage\" \/>\n<meta property=\"og:description\" content=\"Skap en oversikt over lageret ditt med Rackbeats skybaserte lagerstyringssystem. Vi tilbyr brukervennlig og effektiv IMS og WMS lagerstyring for din bedrift.\" \/>\n<meta property=\"og:url\" content=\"https:\/\/rackbeat.com\/no\/\" \/>\n<meta property=\"og:site_name\" content=\"Rackbeat\" \/>\n<meta property=\"article:modified_time\" content=\"2026-04-07T10:49:28+00:00\" \/>\n<meta name=\"twitter:card\" content=\"summary_large_image\" \/>\n<script type=\"application\/ld+json\" class=\"yoast-schema-graph\">{\"@context\":\"https:\/\/schema.org\",\"@graph\":[{\"@type\":\"WebPage\",\"@id\":\"https:\/\/rackbeat.com\/no\/\",\"url\":\"https:\/\/rackbeat.com\/no\/\",\"name\":\"Lagerstyringssystem for din bedrift | Rackbeat\",\"isPartOf\":{\"@id\":\"https:\/\/rackbeat.com\/no\/#website\"},\"datePublished\":\"2023-10-26T14:51:22+00:00\",\"dateModified\":\"2026-04-07T10:49:28+00:00\",\"description\":\"Skap en oversikt over lageret ditt med Rackbeats skybaserte lagerstyringssystem. Vi tilbyr brukervennlig og effektiv IMS og WMS lagerstyring for din bedrift.\",\"breadcrumb\":{\"@id\":\"https:\/\/rackbeat.com\/no\/#breadcrumb\"},\"inLanguage\":\"no\",\"potentialAction\":[{\"@type\":\"ReadAction\",\"target\":[\"https:\/\/rackbeat.com\/no\/\"]}]},{\"@type\":\"BreadcrumbList\",\"@id\":\"https:\/\/rackbeat.com\/no\/#breadcrumb\",\"itemListElement\":[{\"@type\":\"ListItem\",\"position\":1,\"name\":\"Forside\",\"item\":\"https:\/\/rackbeat.com\/no\/\"},{\"@type\":\"ListItem\",\"position\":2,\"name\":\"Homepage\"}]},{\"@type\":\"WebSite\",\"@id\":\"https:\/\/rackbeat.com\/no\/#website\",\"url\":\"https:\/\/rackbeat.com\/no\/\",\"name\":\"Rackbeat\",\"description\":\"Effektiv lagerstyring\",\"publisher\":{\"@id\":\"https:\/\/rackbeat.com\/no\/#organization\"},\"potentialAction\":[{\"@type\":\"SearchAction\",\"target\":{\"@type\":\"EntryPoint\",\"urlTemplate\":\"https:\/\/rackbeat.com\/no\/?s={search_term_string}\"},\"query-input\":{\"@type\":\"PropertyValueSpecification\",\"valueRequired\":true,\"valueName\":\"search_term_string\"}}],\"inLanguage\":\"no\"},{\"@type\":\"Organization\",\"@id\":\"https:\/\/rackbeat.com\/no\/#organization\",\"name\":\"Rackbeat\",\"url\":\"https:\/\/rackbeat.com\/no\/\",\"logo\":{\"@type\":\"ImageObject\",\"inLanguage\":\"no\",\"@id\":\"https:\/\/rackbeat.com\/no\/#\/schema\/logo\/image\/\",\"url\":\"\",\"contentUrl\":\"\",\"caption\":\"Rackbeat\"},\"image\":{\"@id\":\"https:\/\/rackbeat.com\/no\/#\/schema\/logo\/image\/\"}}]}<\/script>\n<!-- \/ Yoast SEO Premium plugin. -->","yoast_head_json":{"title":"Lagerstyringssystem for din bedrift | Rackbeat","description":"Skap en oversikt over lageret ditt med Rackbeats skybaserte lagerstyringssystem. Vi tilbyr brukervennlig og effektiv IMS og WMS lagerstyring for din bedrift.","robots":{"index":"index","follow":"follow","max-snippet":"max-snippet:-1","max-image-preview":"max-image-preview:large","max-video-preview":"max-video-preview:-1"},"canonical":"https:\/\/rackbeat.com\/no\/","og_locale":"en_US","og_type":"article","og_title":"Homepage","og_description":"Skap en oversikt over lageret ditt med Rackbeats skybaserte lagerstyringssystem. Vi tilbyr brukervennlig og effektiv IMS og WMS lagerstyring for din bedrift.","og_url":"https:\/\/rackbeat.com\/no\/","og_site_name":"Rackbeat","article_modified_time":"2026-04-07T10:49:28+00:00","twitter_card":"summary_large_image","schema":{"@context":"https:\/\/schema.org","@graph":[{"@type":"WebPage","@id":"https:\/\/rackbeat.com\/no\/","url":"https:\/\/rackbeat.com\/no\/","name":"Lagerstyringssystem for din bedrift | Rackbeat","isPartOf":{"@id":"https:\/\/rackbeat.com\/no\/#website"},"datePublished":"2023-10-26T14:51:22+00:00","dateModified":"2026-04-07T10:49:28+00:00","description":"Skap en oversikt over lageret ditt med Rackbeats skybaserte lagerstyringssystem. Vi tilbyr brukervennlig og effektiv IMS og WMS lagerstyring for din bedrift.","breadcrumb":{"@id":"https:\/\/rackbeat.com\/no\/#breadcrumb"},"inLanguage":"no","potentialAction":[{"@type":"ReadAction","target":["https:\/\/rackbeat.com\/no\/"]}]},{"@type":"BreadcrumbList","@id":"https:\/\/rackbeat.com\/no\/#breadcrumb","itemListElement":[{"@type":"ListItem","position":1,"name":"Forside","item":"https:\/\/rackbeat.com\/no\/"},{"@type":"ListItem","position":2,"name":"Homepage"}]},{"@type":"WebSite","@id":"https:\/\/rackbeat.com\/no\/#website","url":"https:\/\/rackbeat.com\/no\/","name":"Rackbeat","description":"Effektiv lagerstyring","publisher":{"@id":"https:\/\/rackbeat.com\/no\/#organization"},"potentialAction":[{"@type":"SearchAction","target":{"@type":"EntryPoint","urlTemplate":"https:\/\/rackbeat.com\/no\/?s={search_term_string}"},"query-input":{"@type":"PropertyValueSpecification","valueRequired":true,"valueName":"search_term_string"}}],"inLanguage":"no"},{"@type":"Organization","@id":"https:\/\/rackbeat.com\/no\/#organization","name":"Rackbeat","url":"https:\/\/rackbeat.com\/no\/","logo":{"@type":"ImageObject","inLanguage":"no","@id":"https:\/\/rackbeat.com\/no\/#\/schema\/logo\/image\/","url":"","contentUrl":"","caption":"Rackbeat"},"image":{"@id":"https:\/\/rackbeat.com\/no\/#\/schema\/logo\/image\/"}}]}},"ACF":{"custom_content_script":"","custom_head_script":"","dynamic_sections":[{"acf_fc_layout":"text_image_section","image":"https:\/\/rackbeat.com\/wp-content\/uploads\/2025\/06\/NewHeroWeb-NOK.png","image_video":"","title_type":"h1","section_title":"Nordens raskest voksende lagersystem","section_content":"<ul class=\"list-container checkmark-list list-container list-container-book-demo\">\n<li>Automatiser lager, innkj\u00f8p og ordre i ett system<\/li>\n<li>Full oversikt med lagerstatus i sanntid<\/li>\n<li class=\"list-item\">Reduser feil, spar tid og f\u00e5 en bedre bunnlinje<\/li>\n<li class=\"list-item\">Vi hjelper deg raskt i gang fra Excel eller andre systemer<\/li>\n<\/ul>\n<p>&nbsp;<\/p>\n<p>Brukt av 2.500+ sm\u00e5 og mellomstore bedrifter:<\/p>\n<p>&nbsp;<\/p>\n\n\t\t<!--HubSpot Call-to-Action Code -->\n\t\t<span class=\"hs-cta-wrapper\" id=\"hs-cta-wrapper-f7cedfd4-732b-4692-952f-b4c60912deb1\">\n\t\t<span class=\"hs-cta-node hs-cta-f7cedfd4-732b-4692-952f-b4c60912deb1\" id=\"f7cedfd4-732b-4692-952f-b4c60912deb1\">\n\t\t<!--[if lte IE 8]>\n\t\t<div id=\"hs-cta-ie-element\"><\/div>\n\t\t<![endif]-->\n\t\t<a href=\"https:\/\/cta-redirect.hubspot.com\/cta\/redirect\/20251362\/f7cedfd4-732b-4692-952f-b4c60912deb1\" >\n\t\t<img class=\"hs-cta-img\" id=\"hs-cta-img-f7cedfd4-732b-4692-952f-b4c60912deb1\" style=\"border-width:0px;\" src=\"https:\/\/no-cache.hubspot.com\/cta\/default\/20251362\/f7cedfd4-732b-4692-952f-b4c60912deb1.png\"  alt=\"New call-to-action\"\/>\n\t\t<\/a>\n\t\t<\/span>\n\t\t<script charset=\"utf-8\" src=\"\/\/js.hubspot.com\/cta\/current.js\"><\/script>\n\t\t<script>\n\t\thbspt.cta.load(20251362, 'f7cedfd4-732b-4692-952f-b4c60912deb1', {});\n\t\t<\/script>\n\t\t<\/span>\n\t\t<!-- end HubSpot Call-to-Action Code -->\n\t\t\n","button_text":"","button_url":""},{"acf_fc_layout":"numbers","section_background":"#14143f","title":"Effektiv lagerstyring i tall","description":"","numbers_repeater":[{"number":"+ 2500","small_title":"Bedrifter "},{"number":"13.327.795","small_title":"Bokf\u00f8rte salgsordrer"},{"number":"+ 80","small_title":"Integrasjoner"},{"number":"10.743.958","small_title":"Produkter og strukturvarer"}]},{"acf_fc_layout":"contact_form","title":"Utforsk Rackbeats lagerstyringssystem","sub_title":"","additional_paragraph":"<p>Opplev hvor enkel og oversiktlig lagerstyringen din kan v\u00e6re med Rackbeats produktdemo. Klikk deg gjennom de fire arbeidsfanene, slik at du kan f\u00e5 en god f\u00f8lelse av hvordan systemet ser ut, fungerer og optimaliserer bedriften din.<\/p>\n<p>Du vil f\u00e5 en rask introduksjon til Rackbeats vareh\u00e5ndtering, innkj\u00f8p, ordrestyring og rapporter.<\/p>\n<article class=\"text-token-text-primary w-full\" dir=\"auto\" data-testid=\"conversation-turn-62\" data-scroll-anchor=\"true\">\n<div class=\"text-base my-auto mx-auto py-5 [--thread-content-margin:--spacing(4)] @[37rem]:[--thread-content-margin:--spacing(6)] @[72rem]:[--thread-content-margin:--spacing(16)] px-(--thread-content-margin)\">\n<div class=\"[--thread-content-max-width:32rem] @[34rem]:[--thread-content-max-width:40rem] @[64rem]:[--thread-content-max-width:48rem] mx-auto flex max-w-(--thread-content-max-width) flex-1 text-base gap-4 md:gap-5 lg:gap-6 group\/turn-messages focus-visible:outline-hidden\" tabindex=\"-1\">\n<div class=\"group\/conversation-turn relative flex w-full min-w-0 flex-col agent-turn\">\n<div class=\"relative flex-col gap-1 md:gap-3\">\n<div class=\"flex max-w-full flex-col grow\">\n<div class=\"min-h-8 text-message relative flex w-full flex-col items-end gap-2 text-start break-words whitespace-normal [.text-message+&amp;]:mt-5\" dir=\"auto\" data-message-author-role=\"assistant\" data-message-id=\"fe8e71b3-09fe-43cf-ad31-5334230ca9d2\" data-message-model-slug=\"gpt-4o\">\n<div class=\"flex w-full flex-col gap-1 empty:hidden first:pt-[3px]\">\n<div class=\"markdown prose dark:prose-invert w-full break-words dark\">\n<p data-start=\"54\" data-end=\"128\" data-is-last-node=\"\" data-is-only-node=\"\"><strong data-start=\"54\" data-end=\"128\" data-is-last-node=\"\">Klikk \u00f8verst til h\u00f8yre for \u00e5 \u00e5pne produktgjennomgangen i full visning.<\/strong><\/p>\n<\/div>\n<\/div>\n<\/div>\n<\/div>\n<div class=\"mt-3 w-full empty:hidden\">\n<div class=\"text-center\"><\/div>\n<\/div>\n<\/div>\n<div class=\"absolute\">\n<div class=\"flex items-center justify-center\"><\/div>\n<\/div>\n<\/div>\n<\/div>\n<\/div>\n<\/article>\n<div class=\"pointer-events-none h-px w-px\" aria-hidden=\"true\" data-edge=\"true\"><\/div>\n","button_text":"","button_url":"","form_shortcode":"","html_code":"<div>\r\n\r\n<script async src=\"https:\/\/js.storylane.io\/js\/v2\/storylane.js\"><\/script>\r\n<div class=\"sl-embed\" style=\"position: relative; padding-bottom: calc(48.06% + 25px); width: 100%; height: 0; transform: scale(1);\"><iframe class=\"sl-demo\" style=\"position: absolute; top: 0; left: 0; width: 100%!important; height: 100%!important; border: 1px solid rgba(63,95,172,0.35); box-shadow: 0px 0px 18px rgba(26, 19, 72, 0.15); border-radius: 10px; box-sizing: border-box;\" src=\"https:\/\/app.storylane.io\/demo\/ei2234iczjr9?embed=inline\" name=\"sl-embed\" allowfullscreen=\"allowfullscreen\"><\/iframe><\/div>\r\n<\/div>"},{"acf_fc_layout":"image_text_section","section_title":"Rackbeat + Tripletex: Effektiv drift fra A til \u00c5","section_content":"<p class=\"\" data-start=\"228\" data-end=\"553\">Med Rackbeat + Tripletex f\u00e5r du full kontroll p\u00e5 b\u00e5de lager og regnskap. Integrasjonen gir deg sanntidsoppdateringer, automatiserte prosesser og bedre oversikt \u2013 slik at du kan bruke mindre tid p\u00e5 manuelle oppgaver og mer tid p\u00e5 \u00e5 drive virksomheten.<\/p>\n","image":"https:\/\/rackbeat.com\/wp-content\/uploads\/2022\/03\/Lea.jpg","button_text":"F\u00e5 full kontroll i dag","button_url":"https:\/\/www.tripletex.no\/om-systemet\/lager-og-logistikk\/"},{"acf_fc_layout":"image_textboxes_section","align_introduction_text":"center","section_title":"Alt du trenger for ditt lagerstyringssystem","section_description":"<p>Med v\u00e5rt skybaserte lagerstyringssystem har vi samlet alt p\u00e5 ett sted. Hos Rackbeat f\u00e5r du alle de essensielle funksjonene som trengs for \u00e5 effektivisere lagerdriften din. Du kan enkelt bygge videre p\u00e5 grunnsystemet med nye tillegg, integrere andre systemer med lageret ditt og styrke kompetansen din underveis.<\/p>\n","textboxes":[{"title":"Oppdag et hav av kjernefunksjoner for lagerstyring og ordreh\u00e5ndtering","content":"<p>Med Rackbeat f\u00e5r du sanntidsoppdateringer om innkj\u00f8p, lagerbeholdning og salgsordrer \u2013 alt samlet i intuitive og oversiktlige visninger. Du kan enkelt opprette komponentlister, organisere lageret, registrere vareleveringer, h\u00e5ndtere fakturering og mye mer. <span style=\"color: #609ed3;\"><a style=\"color: #609ed3;\" href=\"https:\/\/rackbeat.com\/no\/funksjoner\/\">Se Rackbeats funksjoner<\/a><\/span>.<\/p>\n","image":"https:\/\/rackbeat.com\/wp-content\/uploads\/2025\/05\/Frontpage-Kjernefunksjoner-Norsk-1.png"},{"title":"Koble sammen verkt\u00f8yene du trenger","content":"<p>Spar tid og unng\u00e5 un\u00f8dvendig administrasjon ved \u00e5 integrere alle systemene dine med Rackbeat. Med \u00e5pent API kan data flyte automatisk mellom lager, regnskap, nettbutikk, frakt og mer.<\/p>\n","image":"https:\/\/rackbeat.com\/wp-content\/uploads\/2023\/12\/Frontpage-5-Norsk-1.png"},{"title":"Kom godt i gang","content":"<p>V\u00e5rt dedikerte onboardingteam hjelper deg trygt og effektivt i gang med systemet \u2013 steg for steg. Vi s\u00f8rger for at du f\u00e5r en s\u00f8ml\u00f8s start, tilpasset dine behov og rutiner.<\/p>\n<p>&nbsp;<\/p>\n<p>\ud83e\udded N\u00e5r du er i gang, st\u00e5r v\u00e5r kunnskapsrike <strong><span style=\"color: #609ed3;\"><a style=\"color: #609ed3;\" href=\"https:\/\/rackbeat.com\/no\/kontakt\/\">supportavdeling<\/a> <\/span><\/strong>klar til \u00e5 hjelpe deg, dersom du st\u00f8ter p\u00e5 sp\u00f8rsm\u00e5l eller utfordringer.<\/p>\n","image":"https:\/\/rackbeat.com\/wp-content\/uploads\/2025\/05\/Support_May25_25-scaled.jpg"},{"title":"Hold deg oppdatert","content":"<p>F\u00e5 tips, produktnyheter og smarte funksjoner rett i innboksen. Med v\u00e5rt nyhetsbrev holder du deg alltid oppdatert p\u00e5 hva som skjer i Rackbeat \u2013 og hvordan du f\u00e5r mest mulig ut av systemet.<\/p>\n<p>&nbsp;<\/p>\n<p>\ud83d\udcec Meld deg p\u00e5 <span style=\"color: #609ed3;\"><a style=\"color: #609ed3;\" href=\"https:\/\/rackbeat.com\/no\/nyhetsbrev\/\"><strong>nyhetsbrevet<\/strong><\/a><\/span> \u2013 og bli en del av Rackbeat-fellesskapet!<\/p>\n","image":"https:\/\/rackbeat.com\/wp-content\/uploads\/2025\/10\/Nyhedsbrev-Grafik.png"}]},{"acf_fc_layout":"pricing_packages","title":"Velg din pakke \u2013 fra Basis til Premium +","description":"Enten du er i gang med \u00e5 f\u00e5 kontroll p\u00e5 de grunnleggende prosessene, eller har behov for mer avanserte funksjoner, har vi en l\u00f8sning for deg. Velg mellom Basis, Premium eller Premium Plus \u2013 og f\u00e5 lagerstyringen som matcher dine behov.","column_number":"3","pricing_packages":[{"headline_background_color":"#c7d1e0","headline_font_color":"#14143f","title":"Basis","price":"599 NOK","description":"per m\u00e5ned \/ 1 bruker inkludert","ribbon":"","ribbon_font_color":"#FFFFFF","ribbon_background_color":"#4C9ED2","subtitle":"399 NOK \/ per ekstra bruker \/ per m\u00e5ned","subtitle_bold":"","features":[{"text":"Full lageroversikt i varefanen","text_link":"","tooltip_text":""},{"text":"Ordrestyring","text_link":"","tooltip_text":"Du kan ha det som kalles webshop-ordrestyring, der du har nettbutikken din integrert med lageret ditt. N\u00e5r det legges inn en kundeordre i nettbutikken din, blir ordreoversikten i Rackbeat automatisk oppdatert. Men du kan ogs\u00e5 ha en B2B-ordrestyring. Her m\u00e5 du selv opprette ordrene under salgsfanen i Rackbeat."},{"text":"Innkj\u00f8psstyring","text_link":"","tooltip_text":"Med innkj\u00f8psstyringen har du mulighet til \u00e5 bestille varer og registrere varemottak, slik at lagerbeholdningen og regnskapet ditt kan bli oppdatert."},{"text":"Rabattstyring","text_link":"","tooltip_text":"Opprett mengder, grupper og prosentsatser.\r\n"},{"text":"Rapportering","text_link":"","tooltip_text":"Tellinger samt statistikk for bestilling, salg og innkj\u00f8p osv.\r\n"},{"text":"1 integrasjon","text_link":"","tooltip_text":""},{"text":"Lagerprinsipp: Gjennomsnittlig kostpris","text_link":"","tooltip_text":""}],"text_field":"","button_label":"Kom i gang","button_link":"https:\/\/app.rackbeat.com\/register?locale=no&_gl=1*2qpvp3*_gcl_au*MjAxODE1MDEzNy4xNzUzODU4MjIwLjk0NTAyOTEwNC4xNzU5MzE1MjUwLjE3NTkzMTUyNTI.","button_color":"#14143f"},{"headline_background_color":"#74a7d3","headline_font_color":"#14143f","title":"Premium","price":"1299 NOK","description":"per m\u00e5ned \/ 1 bruker inkludert","ribbon":"","ribbon_font_color":"#FFFFFF","ribbon_background_color":"#4C9ED2","subtitle":"+899 NOK \/ per ekstra bruker \/ per m\u00e5ned","subtitle_bold":"Alt fra Basis, pluss:","features":[{"text":"Mobilapp","text_link":"","tooltip_text":"Med Rackbeats mobilapp kan du plukke, pakke, motta og regulere varer direkte fra smarttelefonen din. Det betyr at du kan h\u00e5ndtere lagerarbeidet raskt og effektivt \u2013 uansett hvor du befinner deg p\u00e5 lageret."},{"text":"Strukturvarer","text_link":"","tooltip_text":"Sv\u00e6rt viktig funksjon, dersom du har en produksjonsbedrift. Strukturvarer kan du nemlig sette sammen ferdigvareproduktene dine basert p\u00e5 delkomponentene. Noen kaller ogs\u00e5 en strukturvarer for en varesamling."},{"text":"Produksjonsoversikt","text_link":"","tooltip_text":""},{"text":"Brukerdefinerte felt ","text_link":"","tooltip_text":"De brukerdefinerte feltene gir deg mulighet til \u00e5 legge til ekstra informasjon p\u00e5 dine PDF-er, kunder, leverand\u00f8rer samt p\u00e5 produkt-, ordre- og bestillingsoversikter. For \u00e5 legge til egne felter g\u00e5r du til Bedriftsinnstillinger > Generelt > Felter."},{"text":"Flere integrasjoner","text_link":"","tooltip_text":"Du f\u00e5r mulighet til \u00e5 sette opp et ubegrenset antall Rackbeat-integrasjoner. Dersom det er en tredjepart som eier integrasjonen, vil det imidlertid v\u00e6re en ekstra kostnad. Se v\u00e5re integrasjoner her: https:\/\/rackbeat.com\/no\/integrasjoner\/"},{"text":"Lagerprinsipp: FIFO","text_link":"","tooltip_text":""}],"text_field":"","button_label":"Kom i gang","button_link":"https:\/\/app.rackbeat.com\/register?locale=no&_gl=1*hufhx8*_gcl_au*MjAxODE1MDEzNy4xNzUzODU4MjIwLjk0NTAyOTEwNC4xNzU5MzE1MjUwLjE3NTkzMTUyNTI.","button_color":"#14143f"},{"headline_background_color":"#e5d2b1","headline_font_color":"#14143f","title":"Premium +","price":"2499 NOK","description":"per m\u00e5ned \/ 2 bruker inkludert","ribbon":"","ribbon_font_color":"#FFFFFF","ribbon_background_color":"#4C9ED2","subtitle":"+899 NOK \/ per ekstra bruker \/ per m\u00e5ned","subtitle_bold":"Alt fra Premium, pluss:","features":[{"text":"Skanner (Krever en bruker)","text_link":"","tooltip_text":"Rackbeat-h\u00e5ndskanneren gj\u00f8r det mulig for deg \u00e5 plukke, telle, flytte og registrere varer direkte p\u00e5 lageret. Den st\u00f8tter b\u00e5de strekkoder og QR-koder, slik at system og lager alltid er i perfekt synk. For \u00e5 bruke skanneren m\u00e5 du ha en bruker som er spesifikt opprettet for skanneren i Rackbeat."},{"text":"Batchkontroll","text_link":"","tooltip_text":"Med batchkontroll kan du enkelt styre holdbarhet, spore varer p\u00e5 tvers av innkj\u00f8p, produksjon og salg \u2013 og alltid vite hvilke partier som skal selges f\u00f8rst. Det gir deg oversikt, trygghet og en effektiv drift."},{"text":"Serienummerkontroll","text_link":"","tooltip_text":"Unik sporing av hvert produkt. Med serienummerkontroll kan du f\u00f8lge hvert enkelt produkt fra innkj\u00f8p til salg, sikre full sporbarhet og holde oversikt over garantier. Det gir deg presist overblikk og trygghet gjennom hele produktets livssyklus."},{"text":"B2B shop","text_link":"","tooltip_text":"Gj\u00f8r B2B-handel like enkelt som netthandel. Med B2B-modulen kan kundene dine selv se lagerbeholdning, legge inn ordre og kommunisere direkte p\u00e5 ordren."}],"text_field":"","button_label":"Kom i gang","button_link":"https:\/\/app.rackbeat.com\/register?locale=no&_gl=1*hufhx8*_gcl_au*MjAxODE1MDEzNy4xNzUzODU4MjIwLjk0NTAyOTEwNC4xNzU5MzE1MjUwLjE3NTkzMTUyNTI.","button_color":"#14143f"}]},{"acf_fc_layout":"cta_section","cta_image":"https:\/\/rackbeat.com\/wp-content\/uploads\/2025\/05\/BookMoede-Nygrafik-Norsk.png","cta_content":"<h2><span style=\"color: #14143f;\">Vil du vite om Rackbeat passer for din bedrift?<\/span><\/h2>\n<p><span style=\"color: #14143f;\">Book et onlinem\u00f8te med en av v\u00e5re r\u00e5dgivere og f\u00e5 personlig veiledning tilpasset dine behov. Vi viser deg hvordan Rackbeat fungerer i praksis, og hvordan systemet kan effektivisere lagerstyringen og arbeidsflyten i din bedrift. Du f\u00e5r ogs\u00e5 mulighet til \u00e5 stille sp\u00f8rsm\u00e5l underveis.<\/span><\/p>\n","cta_button_text":"Book et m\u00f8te","cta_button_link":"https:\/\/rackbeat.com\/no\/book-et-moete\/","background_color":"#c7d1e0","text_color":"#FFF"},{"acf_fc_layout":"casestories_blog_posts_section","section_title":"Slik har andre virksomheter dratt nytte av Rackbeat","casestories":[{"ID":31498,"post_author":"2","post_date":"2025-05-20 13:55:25","post_date_gmt":"2025-05-20 11:55:25","post_content":"","post_title":"Wee Marine AS","post_excerpt":"Alexandra og teamet hennes har brukt Rackbeat i over ett \u00e5r og merker stor forskjell i hverdagen. Der de tidligere m\u00e5tte innom lageret for \u00e5 sjekke beholdningen, har de n\u00e5 full oversikt digitalt.","post_status":"publish","comment_status":"closed","ping_status":"closed","post_password":"","post_name":"wee-marine-as","to_ping":"","pinged":"","post_modified":"2026-01-27 15:27:03","post_modified_gmt":"2026-01-27 13:27:03","post_content_filtered":"","post_parent":0,"guid":"https:\/\/rackbeat.com\/?post_type=case-stories&#038;p=31498","menu_order":0,"post_type":"case-stories","post_mime_type":"","comment_count":"0","filter":"raw"},{"ID":31373,"post_author":"2","post_date":"2025-05-20 13:11:01","post_date_gmt":"2025-05-20 11:11:01","post_content":"","post_title":"Payback Lubricants","post_excerpt":"P\u00e5 jakt etter bedre oversikt og mer effektive prosesser fant Payback l\u00f8sningen i Rackbeat. N\u00e5 har de automatisert store deler av arbeidet og f\u00e5tt mer tid til det som faktisk skaper verdi.","post_status":"publish","comment_status":"closed","ping_status":"closed","post_password":"","post_name":"effektiv-logistikk-med-rackbeat-poweroffice-og-woocommerce","to_ping":"","pinged":"","post_modified":"2026-01-27 15:32:42","post_modified_gmt":"2026-01-27 13:32:42","post_content_filtered":"","post_parent":0,"guid":"https:\/\/rackbeat.com\/?post_type=case-stories&#038;p=31373","menu_order":0,"post_type":"case-stories","post_mime_type":"","comment_count":"0","filter":"raw"},{"ID":31549,"post_author":"2","post_date":"2025-05-20 14:26:17","post_date_gmt":"2025-05-20 12:26:17","post_content":"","post_title":"Gunnar Hagen AS","post_excerpt":"Gunnar Hagen AS har g\u00e5tt fra Mamut til Rackbeat og Tripletex, og opplever n\u00e5 et enklere samarbeid med regnskapsf\u00f8reren samt en fullstendig digitalisert regnskapsprosess.","post_status":"publish","comment_status":"closed","ping_status":"closed","post_password":"","post_name":"gunnar-hagen-as","to_ping":"","pinged":"","post_modified":"2025-06-02 09:58:40","post_modified_gmt":"2025-06-02 07:58:40","post_content_filtered":"","post_parent":0,"guid":"https:\/\/rackbeat.com\/?post_type=case-stories&#038;p=31549","menu_order":0,"post_type":"case-stories","post_mime_type":"","comment_count":"0","filter":"raw"}]}],"hero_title":"","hero_image":false,"hero_sub_title":"","hero_button_url":"","short_description_heading":"","short_description_content":"","image_boxes":false,"product_intro_title":"","product_intro_content":"","product_intro_button_url":"","product_intro_image":false,"product_description_title":"","product_description_sub_title":"","product_timeline":false,"cta_image":false,"cta_content":"","cta_button_text":"","cta_button_link":"","testemonials_section_title":"","ending_title":"","ending_content":"","ending_btn_link":"","ending_image":false,"testimonials":"","case_story_title":""},"_links":{"self":[{"href":"https:\/\/rackbeat.com\/no\/wp-json\/wp\/v2\/pages\/17460","targetHints":{"allow":["GET"]}}],"collection":[{"href":"https:\/\/rackbeat.com\/no\/wp-json\/wp\/v2\/pages"}],"about":[{"href":"https:\/\/rackbeat.com\/no\/wp-json\/wp\/v2\/types\/page"}],"author":[{"embeddable":true,"href":"https:\/\/rackbeat.com\/no\/wp-json\/wp\/v2\/users\/2"}],"replies":[{"embeddable":true,"href":"https:\/\/rackbeat.com\/no\/wp-json\/wp\/v2\/comments?post=17460"}],"version-history":[{"count":170,"href":"https:\/\/rackbeat.com\/no\/wp-json\/wp\/v2\/pages\/17460\/revisions"}],"predecessor-version":[{"id":37684,"href":"https:\/\/rackbeat.com\/no\/wp-json\/wp\/v2\/pages\/17460\/revisions\/37684"}],"wp:attachment":[{"href":"https:\/\/rackbeat.com\/no\/wp-json\/wp\/v2\/media?parent=17460"}],"curies":[{"name":"wp","href":"https:\/\/api.w.org\/{rel}","templated":true}]}}