{"id":13854,"date":"2023-06-01T14:28:40","date_gmt":"2023-06-01T13:28:40","guid":{"rendered":"https:\/\/rackbeat.com\/changelog\/"},"modified":"2024-05-01T14:27:54","modified_gmt":"2024-05-01T13:27:54","slug":"systemoppdateringer","status":"publish","type":"page","link":"https:\/\/rackbeat.com\/no\/systemoppdateringer\/","title":{"rendered":"Systemoppdateringer"},"content":{"rendered":"","protected":false},"excerpt":{"rendered":"","protected":false},"author":1,"featured_media":0,"parent":0,"menu_order":0,"comment_status":"closed","ping_status":"closed","template":"page-templates\/changelog.php","meta":{"content-type":"","inline_featured_image":false,"footnotes":""},"class_list":["post-13854","page","type-page","status-publish","hentry"],"yoast_head":"<!-- This site is optimized with the Yoast SEO Premium plugin v20.0 (Yoast SEO v25.9) - https:\/\/yoast.com\/wordpress\/plugins\/seo\/ -->\n<title>Systemoppdateringer | Rackbeat<\/title>\n<meta name=\"description\" content=\"Finn de nyeste oppdateringene og funksjonene i lagerstyringssystemet Rackbeat p\u00e5 denne siden. Siden vil bli oppdatert m\u00e5nedlig.\" \/>\n<meta name=\"robots\" content=\"index, follow, max-snippet:-1, max-image-preview:large, max-video-preview:-1\" \/>\n<link rel=\"canonical\" href=\"https:\/\/rackbeat.com\/no\/systemoppdateringer\/\" \/>\n<meta property=\"og:locale\" content=\"en_US\" \/>\n<meta property=\"og:type\" content=\"article\" \/>\n<meta property=\"og:title\" content=\"Systemoppdateringer\" \/>\n<meta property=\"og:description\" content=\"Finn de nyeste oppdateringene og funksjonene i lagerstyringssystemet Rackbeat p\u00e5 denne siden. Siden vil bli oppdatert m\u00e5nedlig.\" \/>\n<meta property=\"og:url\" content=\"https:\/\/rackbeat.com\/no\/systemoppdateringer\/\" \/>\n<meta property=\"og:site_name\" content=\"Rackbeat\" \/>\n<meta property=\"article:modified_time\" content=\"2024-05-01T13:27:54+00:00\" \/>\n<meta name=\"twitter:card\" content=\"summary_large_image\" \/>\n<script type=\"application\/ld+json\" class=\"yoast-schema-graph\">{\"@context\":\"https:\/\/schema.org\",\"@graph\":[{\"@type\":\"WebPage\",\"@id\":\"https:\/\/rackbeat.com\/no\/systemoppdateringer\/\",\"url\":\"https:\/\/rackbeat.com\/no\/systemoppdateringer\/\",\"name\":\"Systemoppdateringer | Rackbeat\",\"isPartOf\":{\"@id\":\"https:\/\/rackbeat.com\/no\/#website\"},\"datePublished\":\"2023-06-01T13:28:40+00:00\",\"dateModified\":\"2024-05-01T13:27:54+00:00\",\"description\":\"Finn de nyeste oppdateringene og funksjonene i lagerstyringssystemet Rackbeat p\u00e5 denne siden. Siden vil bli oppdatert m\u00e5nedlig.\",\"breadcrumb\":{\"@id\":\"https:\/\/rackbeat.com\/no\/systemoppdateringer\/#breadcrumb\"},\"inLanguage\":\"no\",\"potentialAction\":[{\"@type\":\"ReadAction\",\"target\":[\"https:\/\/rackbeat.com\/no\/systemoppdateringer\/\"]}]},{\"@type\":\"BreadcrumbList\",\"@id\":\"https:\/\/rackbeat.com\/no\/systemoppdateringer\/#breadcrumb\",\"itemListElement\":[{\"@type\":\"ListItem\",\"position\":1,\"name\":\"Forside\",\"item\":\"https:\/\/rackbeat.com\/no\/\"},{\"@type\":\"ListItem\",\"position\":2,\"name\":\"Systemoppdateringer\"}]},{\"@type\":\"WebSite\",\"@id\":\"https:\/\/rackbeat.com\/no\/#website\",\"url\":\"https:\/\/rackbeat.com\/no\/\",\"name\":\"Rackbeat\",\"description\":\"Effektiv lagerstyring\",\"publisher\":{\"@id\":\"https:\/\/rackbeat.com\/no\/#organization\"},\"potentialAction\":[{\"@type\":\"SearchAction\",\"target\":{\"@type\":\"EntryPoint\",\"urlTemplate\":\"https:\/\/rackbeat.com\/no\/?s={search_term_string}\"},\"query-input\":{\"@type\":\"PropertyValueSpecification\",\"valueRequired\":true,\"valueName\":\"search_term_string\"}}],\"inLanguage\":\"no\"},{\"@type\":\"Organization\",\"@id\":\"https:\/\/rackbeat.com\/no\/#organization\",\"name\":\"Rackbeat\",\"url\":\"https:\/\/rackbeat.com\/no\/\",\"logo\":{\"@type\":\"ImageObject\",\"inLanguage\":\"no\",\"@id\":\"https:\/\/rackbeat.com\/no\/#\/schema\/logo\/image\/\",\"url\":\"\",\"contentUrl\":\"\",\"caption\":\"Rackbeat\"},\"image\":{\"@id\":\"https:\/\/rackbeat.com\/no\/#\/schema\/logo\/image\/\"}}]}<\/script>\n<!-- \/ Yoast SEO Premium plugin. -->","yoast_head_json":{"title":"Systemoppdateringer | Rackbeat","description":"Finn de nyeste oppdateringene og funksjonene i lagerstyringssystemet Rackbeat p\u00e5 denne siden. Siden vil bli oppdatert m\u00e5nedlig.","robots":{"index":"index","follow":"follow","max-snippet":"max-snippet:-1","max-image-preview":"max-image-preview:large","max-video-preview":"max-video-preview:-1"},"canonical":"https:\/\/rackbeat.com\/no\/systemoppdateringer\/","og_locale":"en_US","og_type":"article","og_title":"Systemoppdateringer","og_description":"Finn de nyeste oppdateringene og funksjonene i lagerstyringssystemet Rackbeat p\u00e5 denne siden. Siden vil bli oppdatert m\u00e5nedlig.","og_url":"https:\/\/rackbeat.com\/no\/systemoppdateringer\/","og_site_name":"Rackbeat","article_modified_time":"2024-05-01T13:27:54+00:00","twitter_card":"summary_large_image","schema":{"@context":"https:\/\/schema.org","@graph":[{"@type":"WebPage","@id":"https:\/\/rackbeat.com\/no\/systemoppdateringer\/","url":"https:\/\/rackbeat.com\/no\/systemoppdateringer\/","name":"Systemoppdateringer | Rackbeat","isPartOf":{"@id":"https:\/\/rackbeat.com\/no\/#website"},"datePublished":"2023-06-01T13:28:40+00:00","dateModified":"2024-05-01T13:27:54+00:00","description":"Finn de nyeste oppdateringene og funksjonene i lagerstyringssystemet Rackbeat p\u00e5 denne siden. Siden vil bli oppdatert m\u00e5nedlig.","breadcrumb":{"@id":"https:\/\/rackbeat.com\/no\/systemoppdateringer\/#breadcrumb"},"inLanguage":"no","potentialAction":[{"@type":"ReadAction","target":["https:\/\/rackbeat.com\/no\/systemoppdateringer\/"]}]},{"@type":"BreadcrumbList","@id":"https:\/\/rackbeat.com\/no\/systemoppdateringer\/#breadcrumb","itemListElement":[{"@type":"ListItem","position":1,"name":"Forside","item":"https:\/\/rackbeat.com\/no\/"},{"@type":"ListItem","position":2,"name":"Systemoppdateringer"}]},{"@type":"WebSite","@id":"https:\/\/rackbeat.com\/no\/#website","url":"https:\/\/rackbeat.com\/no\/","name":"Rackbeat","description":"Effektiv lagerstyring","publisher":{"@id":"https:\/\/rackbeat.com\/no\/#organization"},"potentialAction":[{"@type":"SearchAction","target":{"@type":"EntryPoint","urlTemplate":"https:\/\/rackbeat.com\/no\/?s={search_term_string}"},"query-input":{"@type":"PropertyValueSpecification","valueRequired":true,"valueName":"search_term_string"}}],"inLanguage":"no"},{"@type":"Organization","@id":"https:\/\/rackbeat.com\/no\/#organization","name":"Rackbeat","url":"https:\/\/rackbeat.com\/no\/","logo":{"@type":"ImageObject","inLanguage":"no","@id":"https:\/\/rackbeat.com\/no\/#\/schema\/logo\/image\/","url":"","contentUrl":"","caption":"Rackbeat"},"image":{"@id":"https:\/\/rackbeat.com\/no\/#\/schema\/logo\/image\/"}}]}},"ACF":{"hero_title":"Systemoppdateringer","hero_subheading":"<p>P\u00e5 denne siden kan du f\u00f8lge med l\u00f8pende p\u00e5 de nye oppdateringene og funksjonene som blir tilgjengelige for deg i Rackbeat. Nyhetene publiseres p\u00e5 m\u00e5nedlig basis. Du kan v\u00e6re med p\u00e5 \u00e5 forme utviklingen i Rackbeat ved \u00e5 komme med forslag til systemforbedringer <span style=\"text-decoration: underline;\"><a href=\"https:\/\/rackbeat.frill.co\/b\/j0xoew0q\/feature-ideas?status=status_248jrkwz\">her<\/a><\/span>, der du ogs\u00e5 kan holde \u00f8ye med hva som er godkjent for implementering.<\/p>\n","slides":[{"title":"Ny transaksjonsrapport - hold oversikt over lagerbevegelser og lagerverdi","description":"Under rapporteringsfanen finner du n\u00e5 \u201cTransaksjonsrapport\u201d nede i bunnen. Med denne nye funksjonen kan du masse-filtrere lagerreguleringene og -bevegelsene dine. \r\n\r\n","image":"https:\/\/rackbeat.com\/wp-content\/uploads\/2023\/06\/Transaktion-No.svg"},{"title":"Se om en salgsordre har blitt konvertert til en innkj\u00f8psordre","description":"Du kan n\u00e5 se bestillingsnummeret p\u00e5 innkj\u00f8pene som h\u00f8rer til en bestemt salgsordre inne i ordreoversikten. Hvis en kunde har lagt inn en ordre der du m\u00e5 bestille varer f\u00f8rst, er det en fordel at du kan f\u00e5 tilgang til innkj\u00f8pet direkte fra kundens ordre.\r\n","image":"https:\/\/rackbeat.com\/wp-content\/uploads\/2023\/07\/Salgsordrer-Bestillinger-NO.svg"},{"title":"Legg til tekstlinjer i tilbud, salgsordrer, fakturaer osv.","description":"Du kan legge til tekstlinjer i alle tilbudene dine, salgsordrene, salgsfakturaene, innkj\u00f8psordrene og leverand\u00f8rfakturaene.\r\n","image":"https:\/\/rackbeat.com\/wp-content\/uploads\/2023\/07\/TekstLinjer-NO.svg"},{"title":"Samling av e-postene dine med ny Mail Log","description":"Du har n\u00e5 et samlepunkt for alle e-poster sendt fra Rackbeat. Mail-loggen finner du ved \u00e5 g\u00e5 til Innstillinger -> System -> Mail Log.\r\n","image":"https:\/\/rackbeat.com\/wp-content\/uploads\/2023\/07\/MailLog-SE-1.svg"},{"title":"Legg flere salgsordre p\u00e5 samme faktura","description":"Vi har n\u00e5 gjort det mulig for deg \u00e5 kombinere flere ordre til \u00e9n og samme faktura og kunde. Informasjonen om ordrene og datoene for forsendelsene vil automatisk vises p\u00e5 den nye fakturaen som tekstlinjer.\r\n","image":"https:\/\/rackbeat.com\/wp-content\/uploads\/2023\/08\/FlereOrdrerFaktura-Norsk-1.png"},{"title":"Du kan n\u00e5 fjerne produkter uten bevegelser fra varetellingrapporten din","description":"Hvis du skal lage en tellingrapport, kan det v\u00e6re veldig nyttig \u00e5 ekskludere produkter uten noen transaksjoner over lengre perioder. ","image":"https:\/\/rackbeat.com\/wp-content\/uploads\/2023\/12\/Vareoptaelling-Norsk.png"}],"title_two":"Er du p\u00e5 utkikk etter noe spesielt?","subheading_two":"Kontakt oss i dag, s\u00e5 kan vi ta en snakk om dine behov.\r\n","button_label_two":"Kontakt oss","button_link_two":"https:\/\/rackbeat.com\/no\/kontakt\/","custom_head_script":"","title_one":"Alle oppdateringer:"},"_links":{"self":[{"href":"https:\/\/rackbeat.com\/no\/wp-json\/wp\/v2\/pages\/13854","targetHints":{"allow":["GET"]}}],"collection":[{"href":"https:\/\/rackbeat.com\/no\/wp-json\/wp\/v2\/pages"}],"about":[{"href":"https:\/\/rackbeat.com\/no\/wp-json\/wp\/v2\/types\/page"}],"author":[{"embeddable":true,"href":"https:\/\/rackbeat.com\/no\/wp-json\/wp\/v2\/users\/1"}],"replies":[{"embeddable":true,"href":"https:\/\/rackbeat.com\/no\/wp-json\/wp\/v2\/comments?post=13854"}],"version-history":[{"count":17,"href":"https:\/\/rackbeat.com\/no\/wp-json\/wp\/v2\/pages\/13854\/revisions"}],"predecessor-version":[{"id":23514,"href":"https:\/\/rackbeat.com\/no\/wp-json\/wp\/v2\/pages\/13854\/revisions\/23514"}],"wp:attachment":[{"href":"https:\/\/rackbeat.com\/no\/wp-json\/wp\/v2\/media?parent=13854"}],"curies":[{"name":"wp","href":"https:\/\/api.w.org\/{rel}","templated":true}]}}