{"id":13405,"date":"2023-03-31T14:13:25","date_gmt":"2023-03-31T13:13:25","guid":{"rendered":"https:\/\/rackbeat.com\/om-rackbeat-2\/"},"modified":"2025-06-02T15:44:14","modified_gmt":"2025-06-02T13:44:14","slug":"om-rackbeat","status":"publish","type":"page","link":"https:\/\/rackbeat.com\/no\/om-rackbeat\/","title":{"rendered":"Om Rackbeat"},"content":{"rendered":"","protected":false},"excerpt":{"rendered":"","protected":false},"author":1,"featured_media":0,"parent":0,"menu_order":0,"comment_status":"closed","ping_status":"closed","template":"page-templates\/about-us-new.php","meta":{"content-type":"","inline_featured_image":false,"footnotes":""},"class_list":["post-13405","page","type-page","status-publish","hentry"],"yoast_head":"<!-- This site is optimized with the Yoast SEO Premium plugin v20.0 (Yoast SEO v25.9) - https:\/\/yoast.com\/wordpress\/plugins\/seo\/ -->\n<title>Om Rackbeat | Vi gj\u00f8r lagerstyringen din enklere | Rackbeat<\/title>\n<meta name=\"description\" content=\"Rackbeat leverer en brukervennlig lagerstyringssystem til bedrifter som \u00f8nsker \u00e5 automatisere varebevegelser og lagerdrift.\" \/>\n<meta name=\"robots\" content=\"index, follow, max-snippet:-1, max-image-preview:large, max-video-preview:-1\" \/>\n<link rel=\"canonical\" href=\"https:\/\/rackbeat.com\/no\/om-rackbeat\/\" \/>\n<meta property=\"og:locale\" content=\"en_US\" \/>\n<meta property=\"og:type\" content=\"article\" \/>\n<meta property=\"og:title\" content=\"Om Rackbeat\" \/>\n<meta property=\"og:description\" content=\"Rackbeat leverer en brukervennlig lagerstyringssystem til bedrifter som \u00f8nsker \u00e5 automatisere varebevegelser og lagerdrift.\" \/>\n<meta property=\"og:url\" content=\"https:\/\/rackbeat.com\/no\/om-rackbeat\/\" \/>\n<meta property=\"og:site_name\" content=\"Rackbeat\" \/>\n<meta property=\"article:modified_time\" content=\"2025-06-02T13:44:14+00:00\" \/>\n<meta name=\"twitter:card\" content=\"summary_large_image\" \/>\n<script type=\"application\/ld+json\" class=\"yoast-schema-graph\">{\"@context\":\"https:\/\/schema.org\",\"@graph\":[{\"@type\":\"WebPage\",\"@id\":\"https:\/\/rackbeat.com\/no\/om-rackbeat\/\",\"url\":\"https:\/\/rackbeat.com\/no\/om-rackbeat\/\",\"name\":\"Om Rackbeat | Vi gj\u00f8r lagerstyringen din enklere | Rackbeat\",\"isPartOf\":{\"@id\":\"https:\/\/rackbeat.com\/no\/#website\"},\"datePublished\":\"2023-03-31T13:13:25+00:00\",\"dateModified\":\"2025-06-02T13:44:14+00:00\",\"description\":\"Rackbeat leverer en brukervennlig lagerstyringssystem til bedrifter som \u00f8nsker \u00e5 automatisere varebevegelser og lagerdrift.\",\"breadcrumb\":{\"@id\":\"https:\/\/rackbeat.com\/no\/om-rackbeat\/#breadcrumb\"},\"inLanguage\":\"no\",\"potentialAction\":[{\"@type\":\"ReadAction\",\"target\":[\"https:\/\/rackbeat.com\/no\/om-rackbeat\/\"]}]},{\"@type\":\"BreadcrumbList\",\"@id\":\"https:\/\/rackbeat.com\/no\/om-rackbeat\/#breadcrumb\",\"itemListElement\":[{\"@type\":\"ListItem\",\"position\":1,\"name\":\"Forside\",\"item\":\"https:\/\/rackbeat.com\/no\/\"},{\"@type\":\"ListItem\",\"position\":2,\"name\":\"Om Rackbeat\"}]},{\"@type\":\"WebSite\",\"@id\":\"https:\/\/rackbeat.com\/no\/#website\",\"url\":\"https:\/\/rackbeat.com\/no\/\",\"name\":\"Rackbeat\",\"description\":\"Effektiv lagerstyring\",\"publisher\":{\"@id\":\"https:\/\/rackbeat.com\/no\/#organization\"},\"potentialAction\":[{\"@type\":\"SearchAction\",\"target\":{\"@type\":\"EntryPoint\",\"urlTemplate\":\"https:\/\/rackbeat.com\/no\/?s={search_term_string}\"},\"query-input\":{\"@type\":\"PropertyValueSpecification\",\"valueRequired\":true,\"valueName\":\"search_term_string\"}}],\"inLanguage\":\"no\"},{\"@type\":\"Organization\",\"@id\":\"https:\/\/rackbeat.com\/no\/#organization\",\"name\":\"Rackbeat\",\"url\":\"https:\/\/rackbeat.com\/no\/\",\"logo\":{\"@type\":\"ImageObject\",\"inLanguage\":\"no\",\"@id\":\"https:\/\/rackbeat.com\/no\/#\/schema\/logo\/image\/\",\"url\":\"\",\"contentUrl\":\"\",\"caption\":\"Rackbeat\"},\"image\":{\"@id\":\"https:\/\/rackbeat.com\/no\/#\/schema\/logo\/image\/\"}}]}<\/script>\n<!-- \/ Yoast SEO Premium plugin. -->","yoast_head_json":{"title":"Om Rackbeat | Vi gj\u00f8r lagerstyringen din enklere | Rackbeat","description":"Rackbeat leverer en brukervennlig lagerstyringssystem til bedrifter som \u00f8nsker \u00e5 automatisere varebevegelser og lagerdrift.","robots":{"index":"index","follow":"follow","max-snippet":"max-snippet:-1","max-image-preview":"max-image-preview:large","max-video-preview":"max-video-preview:-1"},"canonical":"https:\/\/rackbeat.com\/no\/om-rackbeat\/","og_locale":"en_US","og_type":"article","og_title":"Om Rackbeat","og_description":"Rackbeat leverer en brukervennlig lagerstyringssystem til bedrifter som \u00f8nsker \u00e5 automatisere varebevegelser og lagerdrift.","og_url":"https:\/\/rackbeat.com\/no\/om-rackbeat\/","og_site_name":"Rackbeat","article_modified_time":"2025-06-02T13:44:14+00:00","twitter_card":"summary_large_image","schema":{"@context":"https:\/\/schema.org","@graph":[{"@type":"WebPage","@id":"https:\/\/rackbeat.com\/no\/om-rackbeat\/","url":"https:\/\/rackbeat.com\/no\/om-rackbeat\/","name":"Om Rackbeat | Vi gj\u00f8r lagerstyringen din enklere | Rackbeat","isPartOf":{"@id":"https:\/\/rackbeat.com\/no\/#website"},"datePublished":"2023-03-31T13:13:25+00:00","dateModified":"2025-06-02T13:44:14+00:00","description":"Rackbeat leverer en brukervennlig lagerstyringssystem til bedrifter som \u00f8nsker \u00e5 automatisere varebevegelser og lagerdrift.","breadcrumb":{"@id":"https:\/\/rackbeat.com\/no\/om-rackbeat\/#breadcrumb"},"inLanguage":"no","potentialAction":[{"@type":"ReadAction","target":["https:\/\/rackbeat.com\/no\/om-rackbeat\/"]}]},{"@type":"BreadcrumbList","@id":"https:\/\/rackbeat.com\/no\/om-rackbeat\/#breadcrumb","itemListElement":[{"@type":"ListItem","position":1,"name":"Forside","item":"https:\/\/rackbeat.com\/no\/"},{"@type":"ListItem","position":2,"name":"Om Rackbeat"}]},{"@type":"WebSite","@id":"https:\/\/rackbeat.com\/no\/#website","url":"https:\/\/rackbeat.com\/no\/","name":"Rackbeat","description":"Effektiv lagerstyring","publisher":{"@id":"https:\/\/rackbeat.com\/no\/#organization"},"potentialAction":[{"@type":"SearchAction","target":{"@type":"EntryPoint","urlTemplate":"https:\/\/rackbeat.com\/no\/?s={search_term_string}"},"query-input":{"@type":"PropertyValueSpecification","valueRequired":true,"valueName":"search_term_string"}}],"inLanguage":"no"},{"@type":"Organization","@id":"https:\/\/rackbeat.com\/no\/#organization","name":"Rackbeat","url":"https:\/\/rackbeat.com\/no\/","logo":{"@type":"ImageObject","inLanguage":"no","@id":"https:\/\/rackbeat.com\/no\/#\/schema\/logo\/image\/","url":"","contentUrl":"","caption":"Rackbeat"},"image":{"@id":"https:\/\/rackbeat.com\/no\/#\/schema\/logo\/image\/"}}]}},"ACF":{"custom_content_script":"","title_one":"V\u00e5r misjon og visjon","description_one":"<p><em>Rackbeats oppdrag er \u00e5 gj\u00f8re styringen av hele forsyningskjeden <strong>enklere<\/strong>, <strong>digital<\/strong> og<strong> demokratisk<\/strong> for sm\u00e5 og mellomstore bedrifter.<\/em><\/p>\n<p>&nbsp;<\/p>\n<p><em>Rackbeats visjon er \u00e5 skape fremtidens forsyningskjedestyring gjennom effektiv teknologi.<\/em><\/p>\n<p>&nbsp;<\/p>\n<p>Rackbeat er et Warehouse Management System (WMS) utviklet for \u00e5 automatisere, forenkle og digitalisere komplekse prosesser i forsyningskjeden. Mange bedrifter sliter med uoversiktlige rutiner og ineffektive arbeidsprosesser som f\u00f8lge av utdatert programvare. Rackbeat l\u00f8ser dette ved \u00e5 tilby en smartere og mer intuitiv l\u00f8sning.<\/p>\n","image_one":"https:\/\/rackbeat.com\/wp-content\/uploads\/2023\/04\/AboutUs-MissionTarget-01.png","timeline_repeater":[{"year":"2017","text":"Rackbeat skapes av de fire grunnleggerne, hvorav tre har bakgrunn i Visma."},{"year":"2018","text":"De fire grunnleggerne etablerte seg i Nyhavn, K\u00f8benhavn.\r\n"},{"year":"2019","text":"De f\u00f8rste kundene begynner \u00e5 bruke Rackbeat.\r\n"},{"year":"2020","text":"Hypervekst p\u00e5 kundebasen, med flere norske og svenske blant dem.\r\n"},{"year":"2021","text":"Veksten fortsetter og Visma kj\u00f8per opp Rackbeat.\r\n"},{"year":"2022","text":"Norske og svenske ansatte kommer med ombord.\r\n"},{"year":"2023","text":"Rackbeat flytter til Carlsberg Byen i K\u00f8benhavn med 2492 kunder og 47 medarbeidere."}],"description_two":"<h2>Historien om Rackbeat<\/h2>\n<p>&#8211; <em>Fra r\u00e5 forretningsid\u00e9 til ferdig utviklet lagerstyringsl\u00f8sning<\/em><\/p>\n<p><strong>H\u00e5ret i suppen<\/strong><\/p>\n<p>Alt startet i 2017 da tre av de fire grunnleggerne av Rackbeat, Morten, Christian, Lasse og Steen, satt og spiste lunsj i Visma-kantinen. Samtalen rundt bordet var som vanlig preget av en frustrasjon over mangelen p\u00e5 et spiselig verkt\u00f8y for \u00e5 administrere lager i mindre bedrifter.<\/p>\n<p>De var enige: det burde finnes et lagerstyringssystem som mindre virksomheter faktisk hadde tid, r\u00e5d og ressurser til \u00e5 bruke, slik at ogs\u00e5 de kunne konkurrere med de store. Heldigvis valgte de \u00e5 gj\u00f8re mer enn \u00e5 klage p\u00e5 kantinematen, de gikk i gang med \u00e5 utvikle l\u00f8sningen selv.<\/p>\n<p><strong>Som sild i t\u00f8nne i Havnegade<\/strong><\/p>\n<p>I 2018 sitter de rundt et bord i en leilighet ved Nyhavn med en lagerstyringsprogramvare p\u00e5 vei. Her finpusser de systemet, og blir snart klare til \u00e5 lansere produktet. Fra 2019, da de f\u00f8rste kundene dukket opp, til 2021, opplevde de en hypervekst i kundebasen.<\/p>\n<p>Det er ogs\u00e5 en del bedriftseiere med udekkede behov for lagerstyring med utenlandsk adresse, spesielt fra Norge og Sverige. I takt med veksten i kundebasen ble det ogs\u00e5 trangere rundt spisebordet i Nyhavn. Stadig flere sluttet seg til teamet, og i 2022 fikk Rackbeat sine f\u00f8rste ansatte fra Norge og Sverige, i tillegg til utviklere med base i Portugal og Makedonia. Det lille oppstartsteamet var blitt et internasjonalt lag, og appetitten p\u00e5 videre vekst bare \u00f8kte.<\/p>\n<p><strong>Visma vil spise med<\/strong><\/p>\n<p>Visma f\u00e5r n\u00e5 lukten av den gode lukten fra bakeriet og kj\u00f8per seg inn i eierkretsen. I slutten av 2021, mens man i \u00f8kende grad opplever hvor perfekt Rackbeat passer inn i Vismas \u00f8vrige produktportef\u00f8lje, tilbyr Visma \u00e5 kj\u00f8pe opp Rackbeat.<\/p>\n<p>Tilbudet ble tatt imot med \u00e5pne armer og champagnekorkene spratt. I januar 2023 byttes Havnegade ut med Vismas adresse p\u00e5 G\u00e6rtorvet i den store Carlsberg-byen i K\u00f8benhavn, hvor Rackbeat n\u00e5 holder til.<\/p>\n<p><strong>Forretningssuksess med smak for mer<\/strong><\/p>\n<p>Historien om de fire gr\u00fcnderne er p\u00e5 mange m\u00e5ter en full sirkel: Fra en id\u00e9 f\u00f8dt i Vismas kantine, til et ferdig utviklet lagerstyringssystem, og tilbake under samme tak, n\u00e5 med over 1100 kunder og 43 ansatte.<\/p>\n<p>Men dette er langt fra slutten. Behovet for smarte lagerstyringsverkt\u00f8y vokser fortsatt, b\u00e5de i Norge og internasjonalt. Og hvem vet? Kanskje kommer neste id\u00e9 rundt et nytt middagsbord.<\/p>\n","description_three":"<p><strong>Rackbeats lagerstyringssystem gir deg oversikt, tid og kontroll<\/strong><\/p>\n<p>&nbsp;<\/p>\n<p>Rackbeat er et skybasert lagerstyringssystem utviklet for sm\u00e5 og mellomstore bedrifter som \u00f8nsker full kontroll over varelageret og alle varebevegelser, samlet i ett brukervennlig system. Du f\u00e5r funksjonalitet som vanligvis er forbeholdt st\u00f8rre og langt dyrere l\u00f8sninger. Det betyr at du kan konkurrere med de st\u00f8rste akt\u00f8rene, uten \u00e5 kompromisse p\u00e5 verkt\u00f8yene.<\/p>\n<p>I tillegg sparer du tid. Rackbeat automatiserer arbeidsflyten din og eliminerer tidkrevende manuelle oppgaver. Lokalisering av varer, varetelling, fakturering og mye mer l\u00f8ses enkelt med noen f\u00e5 klikk.<\/p>\n<p>Rackbeat er ogs\u00e5 bygget p\u00e5 et \u00e5pent API, som gj\u00f8r det enkelt \u00e5 integrere med systemene du allerede bruker, for eksempel Tripletex, PowerOffice og en rekke andre.<\/p>\n<p>Resultatet? S\u00f8ml\u00f8s dataflyt og en hverdag uten systemer som snakker forbi hverandre.<\/p>\n<p>&nbsp;<\/p>\n<p><strong>Slik styrker Rackbeat virksomheten din<\/strong><\/p>\n<p>&nbsp;<\/p>\n<p><span style=\"font-weight: 400;\">Vil du vite mer om hvorfor Rackbeat er det rette systemet for \u00e5 administrere lager og logistikk? Klikk <a href=\"https:\/\/rackbeat.com\/no\/hvorfor-rackbeat\/\">her<\/a>.<\/span><\/p>\n<p><span style=\"font-weight: 400;\">Vil du h\u00f8re hva andre i din bransje sier om fordelene med Rackbeat? Klikk <a href=\"https:\/\/rackbeat.com\/no\/case-stories\/\">her<\/a>.\u00a0<\/span><\/p>\n<p>\u00d8nsker du \u00e5 holde deg oppdatert p\u00e5 nyheter og tips fra Rackbeat? Meld deg p\u00e5 nyhetsbrevet v\u00e5rt<a href=\"https:\/\/rackbeat.com\/no\/nyhetsbrev\/\"> her<\/a>.<\/p>\n<p>&nbsp;<\/p>\n<p>&nbsp;<\/p>\n","title_four":"Rackbeat-teamet","description_four":"<p><span style=\"font-weight: 400;\">Vil du bli bedre kjent med menneskene bak Rackbeat? Eller kanskje du \u00f8nsker bli en del av teamet? <\/span><a href=\"https:\/\/rackbeat.teamtailor.com\/people\"><span style=\"font-weight: 400;\">Klikk her<\/span><\/a><\/p>\n","image_four":"https:\/\/rackbeat.com\/wp-content\/uploads\/2023\/06\/IMG_1464.png","custom_head_script":""},"_links":{"self":[{"href":"https:\/\/rackbeat.com\/no\/wp-json\/wp\/v2\/pages\/13405","targetHints":{"allow":["GET"]}}],"collection":[{"href":"https:\/\/rackbeat.com\/no\/wp-json\/wp\/v2\/pages"}],"about":[{"href":"https:\/\/rackbeat.com\/no\/wp-json\/wp\/v2\/types\/page"}],"author":[{"embeddable":true,"href":"https:\/\/rackbeat.com\/no\/wp-json\/wp\/v2\/users\/1"}],"replies":[{"embeddable":true,"href":"https:\/\/rackbeat.com\/no\/wp-json\/wp\/v2\/comments?post=13405"}],"version-history":[{"count":21,"href":"https:\/\/rackbeat.com\/no\/wp-json\/wp\/v2\/pages\/13405\/revisions"}],"predecessor-version":[{"id":32011,"href":"https:\/\/rackbeat.com\/no\/wp-json\/wp\/v2\/pages\/13405\/revisions\/32011"}],"wp:attachment":[{"href":"https:\/\/rackbeat.com\/no\/wp-json\/wp\/v2\/media?parent=13405"}],"curies":[{"name":"wp","href":"https:\/\/api.w.org\/{rel}","templated":true}]}}