{"id":1246,"date":"2022-02-08T13:18:21","date_gmt":"2022-02-08T13:18:21","guid":{"rendered":"https:\/\/rackbeat.digitalpresent.mk\/accounts-and-bookkepers\/"},"modified":"2023-08-02T13:42:26","modified_gmt":"2023-08-02T12:42:26","slug":"revisorer-og-regnskapsforere","status":"publish","type":"page","link":"https:\/\/rackbeat.com\/no\/revisorer-og-regnskapsforere\/","title":{"rendered":"Revisorer og regnskapsf\u00f8rere"},"content":{"rendered":"","protected":false},"excerpt":{"rendered":"","protected":false},"author":1,"featured_media":0,"parent":0,"menu_order":0,"comment_status":"closed","ping_status":"closed","template":"page-templates\/accounts-and-bookepers.php","meta":{"content-type":"","inline_featured_image":false,"footnotes":""},"class_list":["post-1246","page","type-page","status-publish","hentry"],"yoast_head":"<!-- This site is optimized with the Yoast SEO Premium plugin v20.0 (Yoast SEO v25.9) - https:\/\/yoast.com\/wordpress\/plugins\/seo\/ -->\n<title>Lagerstyring for revisorer og regnskapsf\u00f8rere | Rackbeat<\/title>\n<meta name=\"description\" content=\"Moderne og brukervennlig lagerstyring for regnskapsf\u00f8rere, regnskapsf\u00f8rere og deres kunder. Effektiviser samarbeidet med kvalitative r\u00e5d.\" \/>\n<meta name=\"robots\" content=\"index, follow, max-snippet:-1, max-image-preview:large, max-video-preview:-1\" \/>\n<link rel=\"canonical\" href=\"https:\/\/rackbeat.com\/no\/revisorer-og-regnskapsforere\/\" \/>\n<meta property=\"og:locale\" content=\"en_US\" \/>\n<meta property=\"og:type\" content=\"article\" \/>\n<meta property=\"og:title\" content=\"Revisorer og regnskapsf\u00f8rere\" \/>\n<meta property=\"og:description\" content=\"Moderne og brukervennlig lagerstyring for regnskapsf\u00f8rere, regnskapsf\u00f8rere og deres kunder. Effektiviser samarbeidet med kvalitative r\u00e5d.\" \/>\n<meta property=\"og:url\" content=\"https:\/\/rackbeat.com\/no\/revisorer-og-regnskapsforere\/\" \/>\n<meta property=\"og:site_name\" content=\"Rackbeat\" \/>\n<meta property=\"article:modified_time\" content=\"2023-08-02T12:42:26+00:00\" \/>\n<meta name=\"twitter:card\" content=\"summary_large_image\" \/>\n<script type=\"application\/ld+json\" class=\"yoast-schema-graph\">{\"@context\":\"https:\/\/schema.org\",\"@graph\":[{\"@type\":\"WebPage\",\"@id\":\"https:\/\/rackbeat.com\/no\/revisorer-og-regnskapsforere\/\",\"url\":\"https:\/\/rackbeat.com\/no\/revisorer-og-regnskapsforere\/\",\"name\":\"Lagerstyring for revisorer og regnskapsf\u00f8rere | Rackbeat\",\"isPartOf\":{\"@id\":\"https:\/\/rackbeat.com\/no\/#website\"},\"datePublished\":\"2022-02-08T13:18:21+00:00\",\"dateModified\":\"2023-08-02T12:42:26+00:00\",\"description\":\"Moderne og brukervennlig lagerstyring for regnskapsf\u00f8rere, regnskapsf\u00f8rere og deres kunder. Effektiviser samarbeidet med kvalitative r\u00e5d.\",\"breadcrumb\":{\"@id\":\"https:\/\/rackbeat.com\/no\/revisorer-og-regnskapsforere\/#breadcrumb\"},\"inLanguage\":\"no\",\"potentialAction\":[{\"@type\":\"ReadAction\",\"target\":[\"https:\/\/rackbeat.com\/no\/revisorer-og-regnskapsforere\/\"]}]},{\"@type\":\"BreadcrumbList\",\"@id\":\"https:\/\/rackbeat.com\/no\/revisorer-og-regnskapsforere\/#breadcrumb\",\"itemListElement\":[{\"@type\":\"ListItem\",\"position\":1,\"name\":\"Forside\",\"item\":\"https:\/\/rackbeat.com\/no\/\"},{\"@type\":\"ListItem\",\"position\":2,\"name\":\"Revisorer og regnskapsf\u00f8rere\"}]},{\"@type\":\"WebSite\",\"@id\":\"https:\/\/rackbeat.com\/no\/#website\",\"url\":\"https:\/\/rackbeat.com\/no\/\",\"name\":\"Rackbeat\",\"description\":\"Effektiv lagerstyring\",\"publisher\":{\"@id\":\"https:\/\/rackbeat.com\/no\/#organization\"},\"potentialAction\":[{\"@type\":\"SearchAction\",\"target\":{\"@type\":\"EntryPoint\",\"urlTemplate\":\"https:\/\/rackbeat.com\/no\/?s={search_term_string}\"},\"query-input\":{\"@type\":\"PropertyValueSpecification\",\"valueRequired\":true,\"valueName\":\"search_term_string\"}}],\"inLanguage\":\"no\"},{\"@type\":\"Organization\",\"@id\":\"https:\/\/rackbeat.com\/no\/#organization\",\"name\":\"Rackbeat\",\"url\":\"https:\/\/rackbeat.com\/no\/\",\"logo\":{\"@type\":\"ImageObject\",\"inLanguage\":\"no\",\"@id\":\"https:\/\/rackbeat.com\/no\/#\/schema\/logo\/image\/\",\"url\":\"\",\"contentUrl\":\"\",\"caption\":\"Rackbeat\"},\"image\":{\"@id\":\"https:\/\/rackbeat.com\/no\/#\/schema\/logo\/image\/\"}}]}<\/script>\n<!-- \/ Yoast SEO Premium plugin. -->","yoast_head_json":{"title":"Lagerstyring for revisorer og regnskapsf\u00f8rere | Rackbeat","description":"Moderne og brukervennlig lagerstyring for regnskapsf\u00f8rere, regnskapsf\u00f8rere og deres kunder. Effektiviser samarbeidet med kvalitative r\u00e5d.","robots":{"index":"index","follow":"follow","max-snippet":"max-snippet:-1","max-image-preview":"max-image-preview:large","max-video-preview":"max-video-preview:-1"},"canonical":"https:\/\/rackbeat.com\/no\/revisorer-og-regnskapsforere\/","og_locale":"en_US","og_type":"article","og_title":"Revisorer og regnskapsf\u00f8rere","og_description":"Moderne og brukervennlig lagerstyring for regnskapsf\u00f8rere, regnskapsf\u00f8rere og deres kunder. Effektiviser samarbeidet med kvalitative r\u00e5d.","og_url":"https:\/\/rackbeat.com\/no\/revisorer-og-regnskapsforere\/","og_site_name":"Rackbeat","article_modified_time":"2023-08-02T12:42:26+00:00","twitter_card":"summary_large_image","schema":{"@context":"https:\/\/schema.org","@graph":[{"@type":"WebPage","@id":"https:\/\/rackbeat.com\/no\/revisorer-og-regnskapsforere\/","url":"https:\/\/rackbeat.com\/no\/revisorer-og-regnskapsforere\/","name":"Lagerstyring for revisorer og regnskapsf\u00f8rere | Rackbeat","isPartOf":{"@id":"https:\/\/rackbeat.com\/no\/#website"},"datePublished":"2022-02-08T13:18:21+00:00","dateModified":"2023-08-02T12:42:26+00:00","description":"Moderne og brukervennlig lagerstyring for regnskapsf\u00f8rere, regnskapsf\u00f8rere og deres kunder. Effektiviser samarbeidet med kvalitative r\u00e5d.","breadcrumb":{"@id":"https:\/\/rackbeat.com\/no\/revisorer-og-regnskapsforere\/#breadcrumb"},"inLanguage":"no","potentialAction":[{"@type":"ReadAction","target":["https:\/\/rackbeat.com\/no\/revisorer-og-regnskapsforere\/"]}]},{"@type":"BreadcrumbList","@id":"https:\/\/rackbeat.com\/no\/revisorer-og-regnskapsforere\/#breadcrumb","itemListElement":[{"@type":"ListItem","position":1,"name":"Forside","item":"https:\/\/rackbeat.com\/no\/"},{"@type":"ListItem","position":2,"name":"Revisorer og regnskapsf\u00f8rere"}]},{"@type":"WebSite","@id":"https:\/\/rackbeat.com\/no\/#website","url":"https:\/\/rackbeat.com\/no\/","name":"Rackbeat","description":"Effektiv lagerstyring","publisher":{"@id":"https:\/\/rackbeat.com\/no\/#organization"},"potentialAction":[{"@type":"SearchAction","target":{"@type":"EntryPoint","urlTemplate":"https:\/\/rackbeat.com\/no\/?s={search_term_string}"},"query-input":{"@type":"PropertyValueSpecification","valueRequired":true,"valueName":"search_term_string"}}],"inLanguage":"no"},{"@type":"Organization","@id":"https:\/\/rackbeat.com\/no\/#organization","name":"Rackbeat","url":"https:\/\/rackbeat.com\/no\/","logo":{"@type":"ImageObject","inLanguage":"no","@id":"https:\/\/rackbeat.com\/no\/#\/schema\/logo\/image\/","url":"","contentUrl":"","caption":"Rackbeat"},"image":{"@id":"https:\/\/rackbeat.com\/no\/#\/schema\/logo\/image\/"}}]}},"ACF":{"hero_title":"Lagerstyring for regnskapsf\u00f8rere, revisorer og partnere","hero_image":false,"hero_sub_title":"","hero_additional_paragraph":"<p>Enklere samarbeid, \u00f8ke kundetilfredsheten<\/p>\n<p>Vi tilbyr et skybasert lagerstyringssystem, designet for \u00e5 st\u00f8tte, optimalisere og administrere alt lager. Digitalisering av lageret ditt gir \u00f8yeblikkelig kontroll over leverand\u00f8rer, produksjon, lager og kunder.<\/p>\n\n\t\t<!--HubSpot Call-to-Action Code -->\n\t\t<span class=\"hs-cta-wrapper\" id=\"hs-cta-wrapper-b1a99b0b-de4a-4edc-8463-58031cffeb34\">\n\t\t<span class=\"hs-cta-node hs-cta-b1a99b0b-de4a-4edc-8463-58031cffeb34\" id=\"b1a99b0b-de4a-4edc-8463-58031cffeb34\">\n\t\t<!--[if lte IE 8]>\n\t\t<div id=\"hs-cta-ie-element\"><\/div>\n\t\t<![endif]-->\n\t\t<a href=\"https:\/\/cta-redirect.hubspot.com\/cta\/redirect\/20251362\/b1a99b0b-de4a-4edc-8463-58031cffeb34\" >\n\t\t<img class=\"hs-cta-img\" id=\"hs-cta-img-b1a99b0b-de4a-4edc-8463-58031cffeb34\" style=\"border-width:0px;\" src=\"https:\/\/no-cache.hubspot.com\/cta\/default\/20251362\/b1a99b0b-de4a-4edc-8463-58031cffeb34.png\"  alt=\"New call-to-action\"\/>\n\t\t<\/a>\n\t\t<\/span>\n\t\t<script charset=\"utf-8\" src=\"\/\/js.hubspot.com\/cta\/current.js\"><\/script>\n\t\t<script>\n\t\thbspt.cta.load(20251362, 'b1a99b0b-de4a-4edc-8463-58031cffeb34', {});\n\t\t<\/script>\n\t\t<\/span>\n\t\t<!-- end HubSpot Call-to-Action Code -->\n\t\t\n","hero_button_text":"","hero_button_url":"","intro_title":"Digital lagerstyring","intro_content":"<p>Effektiviser arbeidsrutinene dine med kostnadseffektiv WMS-l\u00f8sning som styrker b\u00e5de regnskapsf\u00f8rere og deres kunder. Vi gj\u00f8r det enkelt \u00e5 identifisere, beregne og kommunisere finansiell informasjon p\u00e5 tvers av plattformer. <\/p>\n","listing_section_title":"For eksempel hjelper Rackbeat regnskapsf\u00f8rere, revisorer og deres kunder med:","listing_section_list":[{"list_item":"Riktig lagerbokf\u00f8ring - for hele varesyklusen"},{"list_item":"Optimalisere innkj\u00f8p og minimere kapitalbinding"},{"list_item":"Tillate bedre datadrevet beslutningstaking "},{"list_item":"Optimalisering av kontroll, planlegging og beslutningstaking"},{"list_item":"Uttrekk kritisk informasjon og data"},{"list_item":"Eliminere ressurstap og manuelt arbeid"},{"list_item":"Total oversikt over hele forsyningskjeden i sanntid"}],"integration_secton_image":false,"integration_secton_title":"Integrasjoner","integration_secton_content":"<p>Vi tilbyr s\u00f8ml\u00f8se og <a href=\"https:\/\/rackbeat.com\/no\/integrasjoner\/\">kodefrie integrasjoner<\/a> til de mest brukte applikasjonene og systemene.<\/p>\n<p>Vi vet at det er vanskelig \u00e5 jobbe i flere systemer. Derfor har Rackbeat en \u00e5pen API, som letter str\u00f8mlinjeformet kommunikasjon over flere applikasjoner og datautveksling.<\/p>\n<p>Rackbeats \u00e5pne API lar deg ogs\u00e5 tilpasse systemets funksjonalitet, og koble den til alle eksisterende applikasjoner.<\/p>\n<p>&nbsp;<\/p>\n\n\t\t<!--HubSpot Call-to-Action Code -->\n\t\t<span class=\"hs-cta-wrapper\" id=\"hs-cta-wrapper-b1a99b0b-de4a-4edc-8463-58031cffeb34\">\n\t\t<span class=\"hs-cta-node hs-cta-b1a99b0b-de4a-4edc-8463-58031cffeb34\" id=\"b1a99b0b-de4a-4edc-8463-58031cffeb34\">\n\t\t<!--[if lte IE 8]>\n\t\t<div id=\"hs-cta-ie-element\"><\/div>\n\t\t<![endif]-->\n\t\t<a href=\"https:\/\/cta-redirect.hubspot.com\/cta\/redirect\/20251362\/b1a99b0b-de4a-4edc-8463-58031cffeb34\" >\n\t\t<img class=\"hs-cta-img\" id=\"hs-cta-img-b1a99b0b-de4a-4edc-8463-58031cffeb34\" style=\"border-width:0px;\" src=\"https:\/\/no-cache.hubspot.com\/cta\/default\/20251362\/b1a99b0b-de4a-4edc-8463-58031cffeb34.png\"  alt=\"New call-to-action\"\/>\n\t\t<\/a>\n\t\t<\/span>\n\t\t<script charset=\"utf-8\" src=\"\/\/js.hubspot.com\/cta\/current.js\"><\/script>\n\t\t<script>\n\t\thbspt.cta.load(20251362, 'b1a99b0b-de4a-4edc-8463-58031cffeb34', {});\n\t\t<\/script>\n\t\t<\/span>\n\t\t<!-- end HubSpot Call-to-Action Code -->\n\t\t\n","integration_secton_btn_txt":"","integration_secton_btn_url":"","slides":[{"ID":1276,"post_author":"1","post_date":"2022-02-03 13:42:37","post_date_gmt":"2022-02-03 13:42:37","post_content":"","post_title":"Webshipper","post_excerpt":"","post_status":"publish","comment_status":"closed","ping_status":"closed","post_password":"","post_name":"webshipper","to_ping":"","pinged":"","post_modified":"2025-08-25 14:46:23","post_modified_gmt":"2025-08-25 12:46:23","post_content_filtered":"","post_parent":0,"guid":"https:\/\/rackbeat.digitalpresent.mk\/projects\/webshipper\/","menu_order":158,"post_type":"projects","post_mime_type":"","comment_count":"0","filter":"raw"},{"ID":1282,"post_author":"1","post_date":"2022-02-03 13:44:30","post_date_gmt":"2022-02-03 13:44:30","post_content":"","post_title":"Customers 1st","post_excerpt":"","post_status":"publish","comment_status":"closed","ping_status":"closed","post_password":"","post_name":"customers1st","to_ping":"","pinged":"","post_modified":"2025-08-18 10:15:06","post_modified_gmt":"2025-08-18 08:15:06","post_content_filtered":"","post_parent":0,"guid":"https:\/\/rackbeat.digitalpresent.mk\/projects\/servicepos\/","menu_order":146,"post_type":"projects","post_mime_type":"","comment_count":"0","filter":"raw"},{"ID":1294,"post_author":"1","post_date":"2022-02-03 13:45:42","post_date_gmt":"2022-02-03 13:45:42","post_content":"","post_title":"WooCommerce","post_excerpt":"","post_status":"publish","comment_status":"closed","ping_status":"closed","post_password":"","post_name":"woocommerce","to_ping":"","pinged":"","post_modified":"2025-08-18 10:11:56","post_modified_gmt":"2025-08-18 08:11:56","post_content_filtered":"","post_parent":0,"guid":"https:\/\/rackbeat.digitalpresent.mk\/projects\/woocommerce\/","menu_order":144,"post_type":"projects","post_mime_type":"","comment_count":"0","filter":"raw"},{"ID":1316,"post_author":"1","post_date":"2022-02-03 13:47:02","post_date_gmt":"2022-02-03 13:47:02","post_content":"","post_title":"eAccounting","post_excerpt":"","post_status":"draft","comment_status":"closed","ping_status":"closed","post_password":"","post_name":"eaccounting","to_ping":"","pinged":"","post_modified":"2024-10-30 16:16:53","post_modified_gmt":"2024-10-30 14:16:53","post_content_filtered":"","post_parent":0,"guid":"https:\/\/rackbeat.digitalpresent.mk\/projects\/e-conomic\/","menu_order":86,"post_type":"projects","post_mime_type":"","comment_count":"0","filter":"raw"},{"ID":1326,"post_author":"1","post_date":"2022-02-03 13:47:31","post_date_gmt":"2022-02-03 13:47:31","post_content":"","post_title":"24SevenOffice","post_excerpt":"","post_status":"draft","comment_status":"closed","ping_status":"closed","post_password":"","post_name":"24sevenoffice","to_ping":"","pinged":"","post_modified":"2024-12-10 15:38:31","post_modified_gmt":"2024-12-10 13:38:31","post_content_filtered":"","post_parent":0,"guid":"https:\/\/rackbeat.digitalpresent.mk\/projects\/24sevenoffice\/","menu_order":230,"post_type":"projects","post_mime_type":"","comment_count":"0","filter":"raw"},{"ID":1329,"post_author":"1","post_date":"2022-02-03 13:47:40","post_date_gmt":"2022-02-03 13:47:40","post_content":"","post_title":"Shoporama","post_excerpt":"","post_status":"publish","comment_status":"closed","ping_status":"closed","post_password":"","post_name":"shoporama","to_ping":"","pinged":"","post_modified":"2025-08-12 12:35:22","post_modified_gmt":"2025-08-12 10:35:22","post_content_filtered":"","post_parent":0,"guid":"https:\/\/rackbeat.digitalpresent.mk\/projects\/shoporama\/","menu_order":226,"post_type":"projects","post_mime_type":"","comment_count":"0","filter":"raw"},{"ID":1332,"post_author":"1","post_date":"2022-02-03 13:47:46","post_date_gmt":"2022-02-03 13:47:46","post_content":"","post_title":"Shopify","post_excerpt":"","post_status":"publish","comment_status":"closed","ping_status":"closed","post_password":"","post_name":"shopify","to_ping":"","pinged":"","post_modified":"2025-08-12 12:27:24","post_modified_gmt":"2025-08-12 10:27:24","post_content_filtered":"","post_parent":0,"guid":"https:\/\/rackbeat.digitalpresent.mk\/projects\/shopify\/","menu_order":135,"post_type":"projects","post_mime_type":"","comment_count":"0","filter":"raw"},{"ID":1335,"post_author":"1","post_date":"2022-02-03 13:48:03","post_date_gmt":"2022-02-03 13:48:03","post_content":"","post_title":"Shipmondo","post_excerpt":"","post_status":"publish","comment_status":"closed","ping_status":"closed","post_password":"","post_name":"shipmondo","to_ping":"","pinged":"","post_modified":"2025-08-25 14:48:15","post_modified_gmt":"2025-08-25 12:48:15","post_content_filtered":"","post_parent":0,"guid":"https:\/\/rackbeat.digitalpresent.mk\/projects\/shipmondo\/","menu_order":168,"post_type":"projects","post_mime_type":"","comment_count":"0","filter":"raw"},{"ID":3838,"post_author":"2","post_date":"2022-03-30 06:35:50","post_date_gmt":"2022-03-30 06:35:50","post_content":"","post_title":"Tripletex","post_excerpt":"","post_status":"publish","comment_status":"closed","ping_status":"closed","post_password":"","post_name":"tripletex","to_ping":"","pinged":"","post_modified":"2025-08-18 10:10:07","post_modified_gmt":"2025-08-18 08:10:07","post_content_filtered":"","post_parent":0,"guid":"https:\/\/rackbeat.digitalpresent.mk\/integrations\/tripletex-2\/","menu_order":121,"post_type":"projects","post_mime_type":"","comment_count":"0","filter":"raw"}],"slider_section_title":"Du kan lese mer om appene og integrasjonene v\u00e5re nedenfor:","custom_head_script":""},"_links":{"self":[{"href":"https:\/\/rackbeat.com\/no\/wp-json\/wp\/v2\/pages\/1246","targetHints":{"allow":["GET"]}}],"collection":[{"href":"https:\/\/rackbeat.com\/no\/wp-json\/wp\/v2\/pages"}],"about":[{"href":"https:\/\/rackbeat.com\/no\/wp-json\/wp\/v2\/types\/page"}],"author":[{"embeddable":true,"href":"https:\/\/rackbeat.com\/no\/wp-json\/wp\/v2\/users\/1"}],"replies":[{"embeddable":true,"href":"https:\/\/rackbeat.com\/no\/wp-json\/wp\/v2\/comments?post=1246"}],"version-history":[{"count":11,"href":"https:\/\/rackbeat.com\/no\/wp-json\/wp\/v2\/pages\/1246\/revisions"}],"predecessor-version":[{"id":15250,"href":"https:\/\/rackbeat.com\/no\/wp-json\/wp\/v2\/pages\/1246\/revisions\/15250"}],"wp:attachment":[{"href":"https:\/\/rackbeat.com\/no\/wp-json\/wp\/v2\/media?parent=1246"}],"curies":[{"name":"wp","href":"https:\/\/api.w.org\/{rel}","templated":true}]}}