{"id":1237,"date":"2022-02-04T09:40:18","date_gmt":"2022-02-04T09:40:18","guid":{"rendered":"https:\/\/rackbeat.digitalpresent.mk\/contact\/"},"modified":"2026-02-13T14:40:47","modified_gmt":"2026-02-13T12:40:47","slug":"kontakt","status":"publish","type":"page","link":"https:\/\/rackbeat.com\/no\/kontakt\/","title":{"rendered":"Kontakt"},"content":{"rendered":"<p><span style=\"font-weight: 400;\">Hvis du har sp\u00f8rsm\u00e5l eller trenger hjelp, ikke n\u00f8l med \u00e5 kontakte oss. <\/span><span style=\"font-weight: 400;\">Du kan alltid n\u00e5 oss p\u00e5 chatten fra 09:00-16:00.<\/span><\/p>\n<p>Se n\u00e5r det er travlest i Rackbeat supporten:<\/p>\n<p><img loading=\"lazy\" decoding=\"async\" class=\"alignright size-full wp-image-15505\" src=\"https:\/\/rackbeat.com\/wp-content\/uploads\/2023\/08\/Support-Tid-Kontaktside.png\" alt=\"\" width=\"4267\" height=\"2330\" srcset=\"https:\/\/rackbeat.com\/wp-content\/uploads\/2023\/08\/Support-Tid-Kontaktside.png 4267w, https:\/\/rackbeat.com\/wp-content\/uploads\/2023\/08\/Support-Tid-Kontaktside-300x164.png 300w, https:\/\/rackbeat.com\/wp-content\/uploads\/2023\/08\/Support-Tid-Kontaktside-1024x559.png 1024w, https:\/\/rackbeat.com\/wp-content\/uploads\/2023\/08\/Support-Tid-Kontaktside-768x419.png 768w, https:\/\/rackbeat.com\/wp-content\/uploads\/2023\/08\/Support-Tid-Kontaktside-1536x839.png 1536w, https:\/\/rackbeat.com\/wp-content\/uploads\/2023\/08\/Support-Tid-Kontaktside-2048x1118.png 2048w\" sizes=\"auto, (max-width: 4267px) 100vw, 4267px\" \/><\/p>\n","protected":false},"excerpt":{"rendered":"<p>Hvis du har sp\u00f8rsm\u00e5l eller trenger hjelp, ikke n\u00f8l med \u00e5 kontakte oss. Du kan alltid n\u00e5 oss p\u00e5 chatten fra 09:00-16:00. Se n\u00e5r det er travlest i Rackbeat supporten:<\/p>\n","protected":false},"author":1,"featured_media":0,"parent":0,"menu_order":0,"comment_status":"closed","ping_status":"closed","template":"page-templates\/contact-page.php","meta":{"content-type":"","inline_featured_image":false,"footnotes":""},"class_list":["post-1237","page","type-page","status-publish","hentry"],"yoast_head":"<!-- This site is optimized with the Yoast SEO Premium plugin v20.0 (Yoast SEO v25.9) - https:\/\/yoast.com\/wordpress\/plugins\/seo\/ -->\n<title>Kontakt | Rackbeat<\/title>\n<meta name=\"description\" content=\"Hvis du har sp\u00f8rsm\u00e5l eller trenger hjelp, ikke n\u00f8l med \u00e5 kontakte oss. Vi st\u00e5r alltid klar for \u00e5 hjelpe deg. Send oss \u200b\u200ben melding eller ring oss.\" \/>\n<meta name=\"robots\" content=\"index, follow, max-snippet:-1, max-image-preview:large, max-video-preview:-1\" \/>\n<link rel=\"canonical\" href=\"https:\/\/rackbeat.com\/no\/kontakt\/\" \/>\n<meta property=\"og:locale\" content=\"en_US\" \/>\n<meta property=\"og:type\" content=\"article\" \/>\n<meta property=\"og:title\" content=\"Kontakt\" \/>\n<meta property=\"og:description\" content=\"Hvis du har sp\u00f8rsm\u00e5l eller trenger hjelp, ikke n\u00f8l med \u00e5 kontakte oss. Vi st\u00e5r alltid klar for \u00e5 hjelpe deg. Send oss \u200b\u200ben melding eller ring oss.\" \/>\n<meta property=\"og:url\" content=\"https:\/\/rackbeat.com\/no\/kontakt\/\" \/>\n<meta property=\"og:site_name\" content=\"Rackbeat\" \/>\n<meta property=\"article:modified_time\" content=\"2026-02-13T12:40:47+00:00\" \/>\n<meta property=\"og:image\" content=\"https:\/\/rackbeat.com\/wp-content\/uploads\/2023\/08\/Support-Tid-Kontaktside.png\" \/>\n\t<meta property=\"og:image:width\" content=\"4267\" \/>\n\t<meta property=\"og:image:height\" content=\"2330\" \/>\n\t<meta property=\"og:image:type\" content=\"image\/png\" \/>\n<meta name=\"twitter:card\" content=\"summary_large_image\" \/>\n<meta name=\"twitter:label1\" content=\"Est. reading time\" \/>\n\t<meta name=\"twitter:data1\" content=\"1 minute\" \/>\n<script type=\"application\/ld+json\" class=\"yoast-schema-graph\">{\"@context\":\"https:\/\/schema.org\",\"@graph\":[{\"@type\":\"WebPage\",\"@id\":\"https:\/\/rackbeat.com\/no\/kontakt\/\",\"url\":\"https:\/\/rackbeat.com\/no\/kontakt\/\",\"name\":\"Kontakt | Rackbeat\",\"isPartOf\":{\"@id\":\"https:\/\/rackbeat.com\/no\/#website\"},\"primaryImageOfPage\":{\"@id\":\"https:\/\/rackbeat.com\/no\/kontakt\/#primaryimage\"},\"image\":{\"@id\":\"https:\/\/rackbeat.com\/no\/kontakt\/#primaryimage\"},\"thumbnailUrl\":\"https:\/\/rackbeat.com\/wp-content\/uploads\/2023\/08\/Support-Tid-Kontaktside.png\",\"datePublished\":\"2022-02-04T09:40:18+00:00\",\"dateModified\":\"2026-02-13T12:40:47+00:00\",\"description\":\"Hvis du har sp\u00f8rsm\u00e5l eller trenger hjelp, ikke n\u00f8l med \u00e5 kontakte oss. Vi st\u00e5r alltid klar for \u00e5 hjelpe deg. Send oss \u200b\u200ben melding eller ring oss.\",\"breadcrumb\":{\"@id\":\"https:\/\/rackbeat.com\/no\/kontakt\/#breadcrumb\"},\"inLanguage\":\"no\",\"potentialAction\":[{\"@type\":\"ReadAction\",\"target\":[\"https:\/\/rackbeat.com\/no\/kontakt\/\"]}]},{\"@type\":\"ImageObject\",\"inLanguage\":\"no\",\"@id\":\"https:\/\/rackbeat.com\/no\/kontakt\/#primaryimage\",\"url\":\"https:\/\/rackbeat.com\/wp-content\/uploads\/2023\/08\/Support-Tid-Kontaktside.png\",\"contentUrl\":\"https:\/\/rackbeat.com\/wp-content\/uploads\/2023\/08\/Support-Tid-Kontaktside.png\"},{\"@type\":\"BreadcrumbList\",\"@id\":\"https:\/\/rackbeat.com\/no\/kontakt\/#breadcrumb\",\"itemListElement\":[{\"@type\":\"ListItem\",\"position\":1,\"name\":\"Forside\",\"item\":\"https:\/\/rackbeat.com\/no\/\"},{\"@type\":\"ListItem\",\"position\":2,\"name\":\"Kontakt\"}]},{\"@type\":\"WebSite\",\"@id\":\"https:\/\/rackbeat.com\/no\/#website\",\"url\":\"https:\/\/rackbeat.com\/no\/\",\"name\":\"Rackbeat\",\"description\":\"Effektiv lagerstyring\",\"publisher\":{\"@id\":\"https:\/\/rackbeat.com\/no\/#organization\"},\"potentialAction\":[{\"@type\":\"SearchAction\",\"target\":{\"@type\":\"EntryPoint\",\"urlTemplate\":\"https:\/\/rackbeat.com\/no\/?s={search_term_string}\"},\"query-input\":{\"@type\":\"PropertyValueSpecification\",\"valueRequired\":true,\"valueName\":\"search_term_string\"}}],\"inLanguage\":\"no\"},{\"@type\":\"Organization\",\"@id\":\"https:\/\/rackbeat.com\/no\/#organization\",\"name\":\"Rackbeat\",\"url\":\"https:\/\/rackbeat.com\/no\/\",\"logo\":{\"@type\":\"ImageObject\",\"inLanguage\":\"no\",\"@id\":\"https:\/\/rackbeat.com\/no\/#\/schema\/logo\/image\/\",\"url\":\"\",\"contentUrl\":\"\",\"caption\":\"Rackbeat\"},\"image\":{\"@id\":\"https:\/\/rackbeat.com\/no\/#\/schema\/logo\/image\/\"}}]}<\/script>\n<!-- \/ Yoast SEO Premium plugin. -->","yoast_head_json":{"title":"Kontakt | Rackbeat","description":"Hvis du har sp\u00f8rsm\u00e5l eller trenger hjelp, ikke n\u00f8l med \u00e5 kontakte oss. Vi st\u00e5r alltid klar for \u00e5 hjelpe deg. Send oss \u200b\u200ben melding eller ring oss.","robots":{"index":"index","follow":"follow","max-snippet":"max-snippet:-1","max-image-preview":"max-image-preview:large","max-video-preview":"max-video-preview:-1"},"canonical":"https:\/\/rackbeat.com\/no\/kontakt\/","og_locale":"en_US","og_type":"article","og_title":"Kontakt","og_description":"Hvis du har sp\u00f8rsm\u00e5l eller trenger hjelp, ikke n\u00f8l med \u00e5 kontakte oss. Vi st\u00e5r alltid klar for \u00e5 hjelpe deg. Send oss \u200b\u200ben melding eller ring oss.","og_url":"https:\/\/rackbeat.com\/no\/kontakt\/","og_site_name":"Rackbeat","article_modified_time":"2026-02-13T12:40:47+00:00","og_image":[{"width":4267,"height":2330,"url":"https:\/\/rackbeat.com\/wp-content\/uploads\/2023\/08\/Support-Tid-Kontaktside.png","type":"image\/png"}],"twitter_card":"summary_large_image","twitter_misc":{"Est. reading time":"1 minute"},"schema":{"@context":"https:\/\/schema.org","@graph":[{"@type":"WebPage","@id":"https:\/\/rackbeat.com\/no\/kontakt\/","url":"https:\/\/rackbeat.com\/no\/kontakt\/","name":"Kontakt | Rackbeat","isPartOf":{"@id":"https:\/\/rackbeat.com\/no\/#website"},"primaryImageOfPage":{"@id":"https:\/\/rackbeat.com\/no\/kontakt\/#primaryimage"},"image":{"@id":"https:\/\/rackbeat.com\/no\/kontakt\/#primaryimage"},"thumbnailUrl":"https:\/\/rackbeat.com\/wp-content\/uploads\/2023\/08\/Support-Tid-Kontaktside.png","datePublished":"2022-02-04T09:40:18+00:00","dateModified":"2026-02-13T12:40:47+00:00","description":"Hvis du har sp\u00f8rsm\u00e5l eller trenger hjelp, ikke n\u00f8l med \u00e5 kontakte oss. Vi st\u00e5r alltid klar for \u00e5 hjelpe deg. Send oss \u200b\u200ben melding eller ring oss.","breadcrumb":{"@id":"https:\/\/rackbeat.com\/no\/kontakt\/#breadcrumb"},"inLanguage":"no","potentialAction":[{"@type":"ReadAction","target":["https:\/\/rackbeat.com\/no\/kontakt\/"]}]},{"@type":"ImageObject","inLanguage":"no","@id":"https:\/\/rackbeat.com\/no\/kontakt\/#primaryimage","url":"https:\/\/rackbeat.com\/wp-content\/uploads\/2023\/08\/Support-Tid-Kontaktside.png","contentUrl":"https:\/\/rackbeat.com\/wp-content\/uploads\/2023\/08\/Support-Tid-Kontaktside.png"},{"@type":"BreadcrumbList","@id":"https:\/\/rackbeat.com\/no\/kontakt\/#breadcrumb","itemListElement":[{"@type":"ListItem","position":1,"name":"Forside","item":"https:\/\/rackbeat.com\/no\/"},{"@type":"ListItem","position":2,"name":"Kontakt"}]},{"@type":"WebSite","@id":"https:\/\/rackbeat.com\/no\/#website","url":"https:\/\/rackbeat.com\/no\/","name":"Rackbeat","description":"Effektiv lagerstyring","publisher":{"@id":"https:\/\/rackbeat.com\/no\/#organization"},"potentialAction":[{"@type":"SearchAction","target":{"@type":"EntryPoint","urlTemplate":"https:\/\/rackbeat.com\/no\/?s={search_term_string}"},"query-input":{"@type":"PropertyValueSpecification","valueRequired":true,"valueName":"search_term_string"}}],"inLanguage":"no"},{"@type":"Organization","@id":"https:\/\/rackbeat.com\/no\/#organization","name":"Rackbeat","url":"https:\/\/rackbeat.com\/no\/","logo":{"@type":"ImageObject","inLanguage":"no","@id":"https:\/\/rackbeat.com\/no\/#\/schema\/logo\/image\/","url":"","contentUrl":"","caption":"Rackbeat"},"image":{"@id":"https:\/\/rackbeat.com\/no\/#\/schema\/logo\/image\/"}}]}},"ACF":{"phone_number":" Salg og support: +47 21 60 78 09","email":"support@rackbeat.com","address":"C\/O Visma Software International Karenslyst all\u00e9 56, 0277 Oslo","working_days":"Mandag - Fredag","working_hours":"Telefon: mandag \u2013 fredag 9:00-15:00. Chat og e-post: mandag-torsdag 09:00-16:00 og fredag 09:00-15:30","contact_form_shortcode":"[hubspot type=form portal=20251362 id=989e19d7-2600-43e5-963c-a16060d59528]","map_iframe":"<iframe src=\"https:\/\/www.google.com\/maps\/embed?pb=!1m18!1m12!1m3!1d1999.6599954008816!2d10.675326077037226!3d59.92118997490636!2m3!1f0!2f0!3f0!3m2!1i1024!2i768!4f13.1!3m3!1m2!1s0x46416d5421b8e787%3A0x672e4f24daa08916!2sVisma%20Draftit%20AS!5e0!3m2!1sen!2smk!4v1687944417127!5m2!1sen!2smk\" width=\"1600\" height=\"450\" frameborder=\"0\" style=\"border:0;\" allowfullscreen=\"\"aria-hidden=\"false\" tabindex=\"0\"><\/iframe>","text_space":"","custom_head_script":""},"_links":{"self":[{"href":"https:\/\/rackbeat.com\/no\/wp-json\/wp\/v2\/pages\/1237","targetHints":{"allow":["GET"]}}],"collection":[{"href":"https:\/\/rackbeat.com\/no\/wp-json\/wp\/v2\/pages"}],"about":[{"href":"https:\/\/rackbeat.com\/no\/wp-json\/wp\/v2\/types\/page"}],"author":[{"embeddable":true,"href":"https:\/\/rackbeat.com\/no\/wp-json\/wp\/v2\/users\/1"}],"replies":[{"embeddable":true,"href":"https:\/\/rackbeat.com\/no\/wp-json\/wp\/v2\/comments?post=1237"}],"version-history":[{"count":19,"href":"https:\/\/rackbeat.com\/no\/wp-json\/wp\/v2\/pages\/1237\/revisions"}],"predecessor-version":[{"id":37047,"href":"https:\/\/rackbeat.com\/no\/wp-json\/wp\/v2\/pages\/1237\/revisions\/37047"}],"wp:attachment":[{"href":"https:\/\/rackbeat.com\/no\/wp-json\/wp\/v2\/media?parent=1237"}],"curies":[{"name":"wp","href":"https:\/\/api.w.org\/{rel}","templated":true}]}}